{"id":10077,"date":"2020-01-14T12:13:20","date_gmt":"2020-01-14T11:13:20","guid":{"rendered":"http:\/\/www.sanremoweekend.it\/?page_id=10077"},"modified":"2023-06-23T09:33:25","modified_gmt":"2023-06-23T07:33:25","slug":"skier-pres-de-san-remo","status":"publish","type":"page","link":"https:\/\/sanremoweekend.it\/fr\/sport-a-san-remo\/skier-pres-de-san-remo\/","title":{"rendered":"Skier pr\u00e8s de San Remo"},"content":{"rendered":"<h2 style=\"text-align: center;\"><span style=\"color: #003366;\"><strong>Faire du ski pr\u00e8s de San Remo<\/strong><\/span><\/h2>\n<p style=\"text-align: center;\">Bienvenue dans le seul endroit au monde o\u00f9 il est possible de prendre le petit-d\u00e9jeuner en regardant la mer de la Riviera et une heure plus tard, vous retrouver \u00e0 skier sur les pentes des incroyables Alpes du Pi\u00e9mont, pour ensuite revenir d\u00eener au bord de la mer.<\/p>\n<p><!--more--><\/p>\n<p style=\"text-align: center;\"><a class=\"maxbutton-3 maxbutton maxbutton-reserver\" target=\"_blank\" rel=\"noopener\" href=\"https:\/\/sanremoweekend.it\/fr\/info\/\"><span class='mb-text'>Reserver<\/span><\/a><\/p>\n<div class=\"responsive-tabs\">\n<h2 class=\"tabtitle\">Presentation<\/h2>\n<div class=\"tabcontent\">\n\n<p><a href=\"https:\/\/sanremoweekend.it\/wp\/wp-content\/uploads\/2019\/05\/boy-1835416_1280.jpg\"><img loading=\"lazy\" decoding=\"async\" class=\"size-gallery-thumbnail wp-image-8603 aligncenter\" src=\"https:\/\/sanremoweekend.it\/wp-content\/uploads\/2019\/05\/boy-1835416_1280-600x400.jpg\" alt=\"skying-nearby-san-remo\" width=\"600\" height=\"400\" srcset=\"https:\/\/sanremoweekend.it\/wp-content\/uploads\/2019\/05\/boy-1835416_1280-600x400.jpg 600w, https:\/\/sanremoweekend.it\/wp-content\/uploads\/2019\/05\/boy-1835416_1280-300x200.jpg 300w, https:\/\/sanremoweekend.it\/wp-content\/uploads\/2019\/05\/boy-1835416_1280-768x512.jpg 768w, https:\/\/sanremoweekend.it\/wp-content\/uploads\/2019\/05\/boy-1835416_1280-1024x682.jpg 1024w, https:\/\/sanremoweekend.it\/wp-content\/uploads\/2019\/05\/boy-1835416_1280-2x1.jpg 2w, https:\/\/sanremoweekend.it\/wp-content\/uploads\/2019\/05\/boy-1835416_1280.jpg 1280w\" sizes=\"(max-width: 600px) 100vw, 600px\" \/><\/a><\/p>\n<p>Nous vous conseillons d&#8217;essayer tous les<strong> sports d&#8217;hiver (dont le ski et le snowboard) \u00e0 Limone<\/strong> qui se trouve \u00e0 seulement 1h30 de San Remo.<\/p>\n<p>Location de mat\u00e9riel disponible sur place.<\/p>\n\n<\/div><h2 class=\"tabtitle\">L'offre inclut<\/h2>\n<div class=\"tabcontent\">\n\n<h3 style=\"text-align: center;\"><strong> OFFRE &#8220;SKIER PRES DE SAN REMO&#8221;<\/strong><\/h3>\n<table class=\"aligncenter\" style=\"border-color: #000000; width: 62.9135%; height: 227px;\" border=\"1\" cellpadding=\"5\">\n<tbody>\n<tr style=\"height: 96px;\">\n<td style=\"text-align: right; width: 12.6949%; height: 96px;\"><\/td>\n<td style=\"text-align: right; width: 6.62773%; height: 96px;\"><span style=\"color: #ff0000;\"><b>Basse saison<\/b><\/span><\/td>\n<td style=\"text-align: right; width: 6.0804%;\"><span style=\"color: #ff0000;\"><strong>Moyenne saison<\/strong><\/span><\/td>\n<td style=\"text-align: right; width: 5.27068%;\"><span style=\"color: #ff0000;\"><strong>Longs Week-ends &amp; Jours f\u00e9ri\u00e9s<\/strong><\/span><\/td>\n<\/tr>\n<tr>\n<td style=\"text-align: right; width: 12.6949%;\"><span style=\"color: #ff0000;\"><strong>Offre Silver<\/strong><\/span><\/td>\n<td style=\"text-align: right; width: 6.62773%;\"><span style=\"color: #ff0000;\"><strong>99,00 \u20ac <\/strong><\/span><\/td>\n<td style=\"text-align: right; width: 6.0804%;\"><span style=\"color: #ff0000;\"><strong>119,00 \u20ac<\/strong><\/span><\/td>\n<td style=\"text-align: right; width: 5.27068%;\"><span style=\"color: #ff0000;\"><strong>159,00 \u20ac <\/strong><\/span><\/td>\n<\/tr>\n<tr style=\"height: 48px;\">\n<td style=\"text-align: right; width: 12.6949%; height: 48px;\"><span style=\"color: #ff0000;\"><strong>Offre Gold<\/strong><\/span><\/td>\n<td style=\"text-align: right; width: 6.62773%; height: 48px;\"><span style=\"color: #ff0000;\"><strong>145,00 \u20ac<\/strong><\/span><\/td>\n<td style=\"text-align: right; width: 6.0804%; height: 48px;\"><span style=\"color: #ff0000;\"><strong>165,00 \u20ac<\/strong><\/span><\/td>\n<td style=\"text-align: right; width: 5.27068%;\"><span style=\"color: #ff0000;\"><strong>205,00 \u20ac <\/strong><\/span><\/td>\n<\/tr>\n<\/tbody>\n<\/table>\n<p>&nbsp;<\/p>\n<p style=\"text-align: center;\">Prix par personne<\/p>\n<p>Le tarif inclut :<\/p>\n<ul>\n<li>2 x nuits<\/li>\n<li>2 x petits-d\u00e9jeuners<\/li>\n<li>1 x diner \u00e0 th\u00e8me \u00e0 l&#8217;h\u00f4tel, vin compris<\/li>\n<li>assistance de notre agence<\/li>\n<li>place de parking priv\u00e9e, selon les disponibilit\u00e9s<\/li>\n<li>navette de l&#8217;h\u00f4tel au centre ville (de 9h \u00e0 18h)<\/li>\n<li><b>La carte Sanremo-On Membership<\/b><span style=\"font-weight: 400;\"> offrant des r\u00e9ductions sp\u00e9ciales dans certains magasins de v\u00eatements et d\u2019accessoires, des restaurants et caf\u00e9s raffin\u00e9s<\/span><\/li>\n<\/ul>\n<p>Le tarif n&#8217;inclut pas :<\/p>\n<ul>\n<li>billets de voyage<\/li>\n<li>taxe de s\u00e9jour payable sur place<\/li>\n<li>extras et pourboires<\/li>\n<li>tout ce qui n&#8217;est pas clairement mentionn\u00e9 dans le paragraphe &#8220;le tarif inclut&#8221;<\/li>\n<\/ul>\n<p>H\u00e9bergement<\/p>\n<ul>\n<li>L&#8217; <strong>offre Silver <\/strong> comprend un h\u00e9bergement dans une <strong>chambre double classic<\/strong> au NYALA Suite Hotel de San Remo<\/li>\n<li>L&#8217; <strong>offre Gold<\/strong> comprend un h\u00e9bergement en <strong>suite junior<\/strong> au NYALA Suite Hotel de San Remo<\/li>\n<\/ul>\n<p>Validit\u00e9 de l&#8217;offre<\/p>\n<ul>\n<li>l\u2019offre est valable toute l\u2019ann\u00e9e, \u00e0 l\u2019exception des p\u00e9riodes de forte affluence, comme au moment des jours f\u00e9ri\u00e9s nationaux et des grands \u00e9v\u00e9nements<\/li>\n<\/ul>\n\n<\/div><h2 class=\"tabtitle\">Reservation Policy<\/h2>\n<div class=\"tabcontent\">\n\n<p lang=\"en-US\"><span style=\"color: #212121;\"><span style=\"font-family: inherit;\"><span style=\"font-size: medium;\"><span style=\"font-family: INHERIT;\"><strong>POLITIQUE DE RESERVATION<\/strong><\/span><\/span><\/span><\/span><\/p>\n<ul>\n<li lang=\"en-US\"><span style=\"color: #212121;\"><span style=\"font-family: inherit;\"><span style=\"font-size: medium;\"><span style=\"font-family: INHERIT;\">La commercialisation des forfaits &#8220;Week-end \u00e0 Sanremo&#8221; est g\u00e9r\u00e9e par l\u2019agence de voyages Nyala Wonder Travel.<\/span><\/span><\/span><\/span><\/li>\n<li lang=\"en-US\"><span style=\"color: #212121;\"><span style=\"font-family: inherit;\"><span style=\"font-size: medium;\"><span style=\"font-family: INHERIT;\">Frais de gestion : 5% sur le montant du forfait confirm\u00e9.<\/span><\/span><\/span><\/span><\/li>\n<li lang=\"en-US\"><span style=\"color: #212121;\"><span style=\"font-family: inherit;\"><span style=\"font-size: medium;\"><span style=\"font-family: INHERIT;\">Paiement : lors de la confirmation de la r\u00e9servation par carte de cr\u00e9dit ou par virement bancaire.<\/span><\/span><\/span><\/span><\/li>\n<li lang=\"en-US\"><span style=\"color: #212121;\"><span style=\"font-family: inherit;\"><span style=\"font-size: medium;\"><span style=\"font-family: INHERIT;\">P\u00e9nalit\u00e9s en cas d\u2019annulation : remboursement int\u00e9gral des annulations effectu\u00e9es 61 jours avant la date d\u2019arriv\u00e9e pr\u00e9vue, p\u00e9nalit\u00e9 de 50% pour les annulations effectu\u00e9es dans les 31 jours avant la date d\u2019arriv\u00e9e pr\u00e9vue, p\u00e9nalit\u00e9 de 100% pour les annulations effectu\u00e9es dans les 30 jours pr\u00e9c\u00e9dant la date d\u2019arriv\u00e9e pr\u00e9vue.<\/span><\/span><\/span><\/span><\/li>\n<li lang=\"en-US\"><span style=\"color: #212121;\"><span style=\"font-family: inherit;\"><span style=\"font-size: medium;\"><span style=\"font-family: INHERIT;\">Frais de modification de r\u00e9servation : pas de frais jusqu\u2019\u00e0 31 jours avant la date d\u2019arriv\u00e9e pr\u00e9vue, 100% pour les modifications effectu\u00e9es dans les 30 jours pr\u00e9c\u00e9dant la date d\u2019arriv\u00e9e pr\u00e9vue.<\/span><\/span><\/span><\/span><\/li>\n<li lang=\"en-US\"><span style=\"color: #212121;\"><span style=\"font-family: inherit;\"><span style=\"font-size: medium;\"><span style=\"font-family: INHERIT;\">Frais de transfert du contrat \u00e0 des tiers (art. 38 Code du Tourisme) : pas de frais jusqu\u2019\u00e0 31 jours avant la date d\u2019arriv\u00e9e pr\u00e9vue, 20% du montant du forfait pour les transferts effectu\u00e9s dans les 30 jours pr\u00e9c\u00e9dant la date d\u2019arriv\u00e9e pr\u00e9vue. <\/span><\/span><\/span><\/span><\/li>\n<li lang=\"en-US\"><span style=\"color: #003000;\">Les frais administratifs<span style=\"font-family: inherit;\"><span style=\"font-size: medium;\"><span style=\"font-family: INHERIT;\"> et les frais de gestion ne sont jamais remboursables en cas de modification ou d\u2019annulation.<\/span><\/span><\/span><\/span><\/li>\n<\/ul>\n<\/div><\/div>\n","protected":false},"excerpt":{"rendered":"<p>R\u00e9servez ici votre offre Skier pr\u00e8s de San Remo qui comprend le s\u00e9jour dans un h\u00f4tel 4 \u00e9toiles avec vue sur la mer M\u00e9diterran\u00e9e. Une formidable aventure hivernale !<\/p>\n","protected":false},"author":3,"featured_media":10023,"parent":4743,"menu_order":0,"comment_status":"open","ping_status":"closed","template":"content-page-template.php","meta":{"_acf_changed":false,"_et_pb_use_builder":"","_et_pb_old_content":"","_et_gb_content_width":"","footnotes":""},"class_list":["post-10077","page","type-page","status-publish","has-post-thumbnail","hentry"],"acf":[],"yoast_head":"<!-- This site is optimized with the Yoast SEO plugin v27.5 - https:\/\/yoast.com\/product\/yoast-seo-wordpress\/ -->\n<title>Skier pr\u00e8s de San Remo | Sanremo Weekend<\/title>\n<meta name=\"description\" content=\"R\u00e9servez ici votre offre Skier pr\u00e8s de San Remo qui comprend le s\u00e9jour dans un h\u00f4tel 4 \u00e9toiles avec vue sur la mer M\u00e9diterran\u00e9e. Une formidable aventure hivernale !\" \/>\n<meta name=\"robots\" content=\"index, follow, max-snippet:-1, max-image-preview:large, max-video-preview:-1\" \/>\n<link rel=\"canonical\" href=\"https:\/\/sanremoweekend.it\/sports-weekend-in-san-remo\/skiing-near-san-remo\/\" \/>\n<meta property=\"og:locale\" content=\"fr_FR\" \/>\n<meta property=\"og:type\" content=\"article\" \/>\n<meta property=\"og:title\" content=\"Skier pr\u00e8s de San Remo | Sanremo Weekend\" \/>\n<meta property=\"og:description\" content=\"R\u00e9servez ici votre offre Skier pr\u00e8s de San Remo qui comprend le s\u00e9jour dans un h\u00f4tel 4 \u00e9toiles avec vue sur la mer M\u00e9diterran\u00e9e. Une formidable aventure hivernale !\" \/>\n<meta property=\"og:url\" content=\"https:\/\/sanremoweekend.it\/sports-weekend-in-san-remo\/skiing-near-san-remo\/\" \/>\n<meta property=\"og:site_name\" content=\"Sanremo Weekend\" \/>\n<meta property=\"article:modified_time\" content=\"2023-06-23T07:33:25+00:00\" \/>\n<meta property=\"og:image\" content=\"https:\/\/sanremoweekend.it\/wp-content\/uploads\/2015\/04\/limonepiemonte.jpg\" \/>\n\t<meta property=\"og:image:width\" content=\"1152\" \/>\n\t<meta property=\"og:image:height\" content=\"768\" \/>\n\t<meta property=\"og:image:type\" content=\"image\/jpeg\" \/>\n<meta name=\"twitter:card\" content=\"summary_large_image\" \/>\n<meta name=\"twitter:label1\" content=\"Dur\u00e9e de lecture estim\u00e9e\" \/>\n\t<meta name=\"twitter:data1\" content=\"3 minutes\" \/>\n<script type=\"application\/ld+json\" class=\"yoast-schema-graph\">{\"@context\":\"https:\\\/\\\/schema.org\",\"@graph\":[{\"@type\":\"WebPage\",\"@id\":\"https:\\\/\\\/sanremoweekend.it\\\/sports-weekend-in-san-remo\\\/skiing-near-san-remo\\\/\",\"url\":\"https:\\\/\\\/sanremoweekend.it\\\/sports-weekend-in-san-remo\\\/skiing-near-san-remo\\\/\",\"name\":\"Skier pr\u00e8s de San Remo | Sanremo Weekend\",\"isPartOf\":{\"@id\":\"https:\\\/\\\/sanremoweekend.it\\\/#website\"},\"primaryImageOfPage\":{\"@id\":\"https:\\\/\\\/sanremoweekend.it\\\/sports-weekend-in-san-remo\\\/skiing-near-san-remo\\\/#primaryimage\"},\"image\":{\"@id\":\"https:\\\/\\\/sanremoweekend.it\\\/sports-weekend-in-san-remo\\\/skiing-near-san-remo\\\/#primaryimage\"},\"thumbnailUrl\":\"https:\\\/\\\/sanremoweekend.it\\\/wp-content\\\/uploads\\\/2015\\\/04\\\/limonepiemonte.jpg\",\"datePublished\":\"2020-01-14T11:13:20+00:00\",\"dateModified\":\"2023-06-23T07:33:25+00:00\",\"description\":\"R\u00e9servez ici votre offre Skier pr\u00e8s de San Remo qui comprend le s\u00e9jour dans un h\u00f4tel 4 \u00e9toiles avec vue sur la mer M\u00e9diterran\u00e9e. Une formidable aventure hivernale !\",\"breadcrumb\":{\"@id\":\"https:\\\/\\\/sanremoweekend.it\\\/sports-weekend-in-san-remo\\\/skiing-near-san-remo\\\/#breadcrumb\"},\"inLanguage\":\"fr-FR\",\"potentialAction\":[{\"@type\":\"ReadAction\",\"target\":[\"https:\\\/\\\/sanremoweekend.it\\\/sports-weekend-in-san-remo\\\/skiing-near-san-remo\\\/\"]}]},{\"@type\":\"ImageObject\",\"inLanguage\":\"fr-FR\",\"@id\":\"https:\\\/\\\/sanremoweekend.it\\\/sports-weekend-in-san-remo\\\/skiing-near-san-remo\\\/#primaryimage\",\"url\":\"https:\\\/\\\/sanremoweekend.it\\\/wp-content\\\/uploads\\\/2015\\\/04\\\/limonepiemonte.jpg\",\"contentUrl\":\"https:\\\/\\\/sanremoweekend.it\\\/wp-content\\\/uploads\\\/2015\\\/04\\\/limonepiemonte.jpg\",\"width\":1152,\"height\":768,\"caption\":\"Skier pr\u00e8s de San Remo\"},{\"@type\":\"BreadcrumbList\",\"@id\":\"https:\\\/\\\/sanremoweekend.it\\\/sports-weekend-in-san-remo\\\/skiing-near-san-remo\\\/#breadcrumb\",\"itemListElement\":[{\"@type\":\"ListItem\",\"position\":1,\"name\":\"Home\",\"item\":\"https:\\\/\\\/sanremoweekend.it\\\/fr\\\/\"},{\"@type\":\"ListItem\",\"position\":2,\"name\":\"Sport \u00e0 San Remo\",\"item\":\"https:\\\/\\\/sanremoweekend.it\\\/sports-weekend-in-san-remo\\\/\"},{\"@type\":\"ListItem\",\"position\":3,\"name\":\"Skier pr\u00e8s de San Remo\"}]},{\"@type\":\"WebSite\",\"@id\":\"https:\\\/\\\/sanremoweekend.it\\\/#website\",\"url\":\"https:\\\/\\\/sanremoweekend.it\\\/\",\"name\":\"Sanremo Weekend\",\"description\":\"Hotel 4 \u00e9toiles \u00e0 San Remo\",\"potentialAction\":[{\"@type\":\"SearchAction\",\"target\":{\"@type\":\"EntryPoint\",\"urlTemplate\":\"https:\\\/\\\/sanremoweekend.it\\\/?s={search_term_string}\"},\"query-input\":{\"@type\":\"PropertyValueSpecification\",\"valueRequired\":true,\"valueName\":\"search_term_string\"}}],\"inLanguage\":\"fr-FR\"}]}<\/script>\n<!-- \/ Yoast SEO plugin. -->","yoast_head_json":{"title":"Skier pr\u00e8s de San Remo | Sanremo Weekend","description":"R\u00e9servez ici votre offre Skier pr\u00e8s de San Remo qui comprend le s\u00e9jour dans un h\u00f4tel 4 \u00e9toiles avec vue sur la mer M\u00e9diterran\u00e9e. Une formidable aventure hivernale !","robots":{"index":"index","follow":"follow","max-snippet":"max-snippet:-1","max-image-preview":"max-image-preview:large","max-video-preview":"max-video-preview:-1"},"canonical":"https:\/\/sanremoweekend.it\/sports-weekend-in-san-remo\/skiing-near-san-remo\/","og_locale":"fr_FR","og_type":"article","og_title":"Skier pr\u00e8s de San Remo | Sanremo Weekend","og_description":"R\u00e9servez ici votre offre Skier pr\u00e8s de San Remo qui comprend le s\u00e9jour dans un h\u00f4tel 4 \u00e9toiles avec vue sur la mer M\u00e9diterran\u00e9e. Une formidable aventure hivernale !","og_url":"https:\/\/sanremoweekend.it\/sports-weekend-in-san-remo\/skiing-near-san-remo\/","og_site_name":"Sanremo Weekend","article_modified_time":"2023-06-23T07:33:25+00:00","og_image":[{"width":1152,"height":768,"url":"https:\/\/sanremoweekend.it\/wp-content\/uploads\/2015\/04\/limonepiemonte.jpg","type":"image\/jpeg"}],"twitter_card":"summary_large_image","twitter_misc":{"Dur\u00e9e de lecture estim\u00e9e":"3 minutes"},"schema":{"@context":"https:\/\/schema.org","@graph":[{"@type":"WebPage","@id":"https:\/\/sanremoweekend.it\/sports-weekend-in-san-remo\/skiing-near-san-remo\/","url":"https:\/\/sanremoweekend.it\/sports-weekend-in-san-remo\/skiing-near-san-remo\/","name":"Skier pr\u00e8s de San Remo | Sanremo Weekend","isPartOf":{"@id":"https:\/\/sanremoweekend.it\/#website"},"primaryImageOfPage":{"@id":"https:\/\/sanremoweekend.it\/sports-weekend-in-san-remo\/skiing-near-san-remo\/#primaryimage"},"image":{"@id":"https:\/\/sanremoweekend.it\/sports-weekend-in-san-remo\/skiing-near-san-remo\/#primaryimage"},"thumbnailUrl":"https:\/\/sanremoweekend.it\/wp-content\/uploads\/2015\/04\/limonepiemonte.jpg","datePublished":"2020-01-14T11:13:20+00:00","dateModified":"2023-06-23T07:33:25+00:00","description":"R\u00e9servez ici votre offre Skier pr\u00e8s de San Remo qui comprend le s\u00e9jour dans un h\u00f4tel 4 \u00e9toiles avec vue sur la mer M\u00e9diterran\u00e9e. Une formidable aventure hivernale !","breadcrumb":{"@id":"https:\/\/sanremoweekend.it\/sports-weekend-in-san-remo\/skiing-near-san-remo\/#breadcrumb"},"inLanguage":"fr-FR","potentialAction":[{"@type":"ReadAction","target":["https:\/\/sanremoweekend.it\/sports-weekend-in-san-remo\/skiing-near-san-remo\/"]}]},{"@type":"ImageObject","inLanguage":"fr-FR","@id":"https:\/\/sanremoweekend.it\/sports-weekend-in-san-remo\/skiing-near-san-remo\/#primaryimage","url":"https:\/\/sanremoweekend.it\/wp-content\/uploads\/2015\/04\/limonepiemonte.jpg","contentUrl":"https:\/\/sanremoweekend.it\/wp-content\/uploads\/2015\/04\/limonepiemonte.jpg","width":1152,"height":768,"caption":"Skier pr\u00e8s de San Remo"},{"@type":"BreadcrumbList","@id":"https:\/\/sanremoweekend.it\/sports-weekend-in-san-remo\/skiing-near-san-remo\/#breadcrumb","itemListElement":[{"@type":"ListItem","position":1,"name":"Home","item":"https:\/\/sanremoweekend.it\/fr\/"},{"@type":"ListItem","position":2,"name":"Sport \u00e0 San Remo","item":"https:\/\/sanremoweekend.it\/sports-weekend-in-san-remo\/"},{"@type":"ListItem","position":3,"name":"Skier pr\u00e8s de San Remo"}]},{"@type":"WebSite","@id":"https:\/\/sanremoweekend.it\/#website","url":"https:\/\/sanremoweekend.it\/","name":"Sanremo Weekend","description":"Hotel 4 \u00e9toiles \u00e0 San Remo","potentialAction":[{"@type":"SearchAction","target":{"@type":"EntryPoint","urlTemplate":"https:\/\/sanremoweekend.it\/?s={search_term_string}"},"query-input":{"@type":"PropertyValueSpecification","valueRequired":true,"valueName":"search_term_string"}}],"inLanguage":"fr-FR"}]}},"_links":{"self":[{"href":"https:\/\/sanremoweekend.it\/fr\/wp-json\/wp\/v2\/pages\/10077","targetHints":{"allow":["GET"]}}],"collection":[{"href":"https:\/\/sanremoweekend.it\/fr\/wp-json\/wp\/v2\/pages"}],"about":[{"href":"https:\/\/sanremoweekend.it\/fr\/wp-json\/wp\/v2\/types\/page"}],"author":[{"embeddable":true,"href":"https:\/\/sanremoweekend.it\/fr\/wp-json\/wp\/v2\/users\/3"}],"replies":[{"embeddable":true,"href":"https:\/\/sanremoweekend.it\/fr\/wp-json\/wp\/v2\/comments?post=10077"}],"version-history":[{"count":0,"href":"https:\/\/sanremoweekend.it\/fr\/wp-json\/wp\/v2\/pages\/10077\/revisions"}],"up":[{"embeddable":true,"href":"https:\/\/sanremoweekend.it\/fr\/wp-json\/wp\/v2\/pages\/4743"}],"wp:featuredmedia":[{"embeddable":true,"href":"https:\/\/sanremoweekend.it\/fr\/wp-json\/wp\/v2\/media\/10023"}],"wp:attachment":[{"href":"https:\/\/sanremoweekend.it\/fr\/wp-json\/wp\/v2\/media?parent=10077"}],"curies":[{"name":"wp","href":"https:\/\/api.w.org\/{rel}","templated":true}]}}