{"id":11092,"date":"2020-02-04T17:06:08","date_gmt":"2020-02-04T16:06:08","guid":{"rendered":"https:\/\/sanremoweekend.it\/?page_id=11092"},"modified":"2026-02-03T16:03:12","modified_gmt":"2026-02-03T15:03:12","slug":"grand-prix-historique","status":"publish","type":"page","link":"https:\/\/sanremoweekend.it\/fr\/grands-evenements\/grand-prix-historique\/","title":{"rendered":"Grand Prix Historique de Monaco"},"content":{"rendered":"<h2 style=\"text-align: center;\">Grand Prix Historique de Monaco<br \/>\n[24-26 Avril 2026]<\/h2>\n<p style=\"text-align: center;\">R\u00e9servez le forfait week-end dans notre h\u00f4tel 4 \u00e9toiles \u00e0 Sanremo pour profiter d&#8217;une vue privil\u00e9gi\u00e9e sur les anciennes voitures de course du <strong>Grand Prix Historique (GP Historique) de Monaco<\/strong> et b\u00e9n\u00e9ficier d&#8217;une s\u00e9rie de services exclusifs.<\/p>\n<p style=\"text-align: center;\"><a class=\"maxbutton-3 maxbutton maxbutton-reserver\" target=\"_blank\" rel=\"noopener\" href=\"https:\/\/sanremoweekend.it\/fr\/info\/\"><span class='mb-text'>Reserver<\/span><\/a><\/p>\n<div class=\"responsive-tabs\">\n<h2 class=\"tabtitle\">Presentation<\/h2>\n<div class=\"tabcontent\">\n\n<p><img loading=\"lazy\" decoding=\"async\" class=\"aligncenter size-full wp-image-10182\" src=\"http:\/\/www.sanremoweekend.it\/wp-content\/uploads\/2020\/02\/pacchetto-gran-premio-storico-2020.jpg\" alt=\"\" width=\"400\" height=\"402\" \/><\/p>\n<p>\u00c0 pr\u00e9sent dans sa 14e \u00e9dition, l&#8217;Automobile Club de Monaco &#8211; ACM &#8211; organise depuis 1997 le <strong>Grand Prix Historique<\/strong>, un \u00e9v\u00e9nement qui enthousiasme le public avec une course qui se d\u00e9roule sur le m\u00eame circuit de Monte-Carlo que le Grand Prix, mais avec de mythiques voitures de course vintage !<\/p>\n<p>En r\u00e9servant le forfait week-end du Grand Prix Historique, vous aurez acc\u00e8s aux <strong>installations exclusives de l&#8217;ACM<\/strong> et b\u00e9n\u00e9ficierez d&#8217;une <strong>vue privil\u00e9gi\u00e9e sur la course<\/strong>, le circuit et les \u00e9crans g\u00e9ants. Ces services sont r\u00e9serv\u00e9s \u00e0 un public s\u00e9lectionn\u00e9 comprenant des sponsors, des fournisseurs, des clubs automobiles, des entreprises et des groupes priv\u00e9s passionn\u00e9s par le circuit et les courses de voitures d&#8217;\u00e9poque.<\/p>\n<p>L&#8217;offre comprend une immersion totale sur deux jours (samedi et dimanche) pour assister \u00e0 l&#8217;\u00e9v\u00e9nement sportif en b\u00e9n\u00e9ficiant de plusieurs <strong>services exclusifs<\/strong>.<\/p>\n<p>Les billets pour le Grand Prix Historique de Monaco sont g\u00e9r\u00e9s par l&#8217;ACM (Automobile Club de Monaco) : notre h\u00f4tel est \u00e0 votre disposition pour r\u00e9server les billets sur demande.<\/p>\n<p>Venez \u00e0 <strong>Sanremo<\/strong> et enrichissez votre s\u00e9jour en toute d\u00e9tente avec une \u00e9tape au Grand Prix Historique de Monaco avec le traitement <strong>Basique ou VIP<\/strong>.<\/p>\n\n<\/div><h2 class=\"tabtitle\">Notre offre comprend<\/h2>\n<div class=\"tabcontent\">\n\n<p style=\"text-align: center;\"><strong>\u00a0GRAND PRIX HISTORIQUE DE MONACO<br \/>\n10-12 mai 2024<br \/>\n<\/strong><\/p>\n<p>&nbsp;<\/p>\n<h3 style=\"text-align: center;\"><strong>OFFRE &#8220;GRAND PRIX HISTORIQUE&#8221;<\/strong><\/h3>\n<table class=\"aligncenter\" style=\"border-color: #000000; width: 62.9135%; height: 227px;\" border=\"1\" cellpadding=\"5\">\n<tbody>\n<tr style=\"height: 96px;\">\n<td style=\"text-align: right; width: 308.453px; height: 96px;\"><\/td>\n<td style=\"text-align: right; width: 155.297px; height: 96px;\"><\/td>\n<td style=\"width: 173.688px; text-align: right;\"><span style=\"color: #ff0000;\"><strong>Offre<br \/>\nGrand Prix<\/strong><\/span><br \/>\n<span style=\"color: #ff0000;\"><strong>Historique<br \/>\nde <\/strong><\/span><span style=\"color: #ff0000;\"><span style=\"caret-color: #ff0000;\"><b>Monaco<\/b><\/span><\/span><\/td>\n<td style=\"text-align: right; width: 121.062px;\"><\/td>\n<\/tr>\n<tr>\n<td style=\"text-align: right; width: 308.453px;\"><span style=\"color: #ff0000;\"><strong>Offre Silver<\/strong> <\/span><\/td>\n<td style=\"text-align: right; width: 155.297px;\"><\/td>\n<td style=\"width: 173.688px; text-align: right;\"><span style=\"color: #ff0000;\"><strong>\u20ac 269,00<\/strong><\/span><\/td>\n<td style=\"text-align: right; width: 121.062px;\"><\/td>\n<\/tr>\n<tr style=\"height: 48px;\">\n<td style=\"text-align: right; width: 308.453px; height: 48px;\"><span style=\"color: #ff0000;\"><strong>Offre Gold<\/strong> <\/span><\/td>\n<td style=\"text-align: right; width: 155.297px; height: 48px;\"><\/td>\n<td style=\"width: 173.688px; height: 48px; text-align: right;\"><span style=\"color: #ff0000;\"><strong>\u20ac 369,00<\/strong><\/span><\/td>\n<td style=\"text-align: right; width: 121.062px;\"><\/td>\n<\/tr>\n<\/tbody>\n<\/table>\n<p>Le tarif comprend:<\/p>\n<ul>\n<li>2 x\u00a0<strong>h\u00e9bergements \u00e0 l\u2019h\u00f4tel<\/strong><\/li>\n<li>2 x\u00a0<strong>petits d\u00e9jeuners sous forme de buffet<\/strong><\/li>\n<li>1 x d\u00eener \u00e0 l\u2019h\u00f4tel, avec un menu de 3 plats<\/li>\n<li>1 place en tribune pour assister \u00e0 l\u2019E-Prix de Monaco<\/li>\n<li>2 x billets aller-retour en train de Sanremo \u00e0 Monaco (selon les horaires)<\/li>\n<li>Assistance de notre agence<\/li>\n<li>Parking priv\u00e9 \u00e0 l\u2019h\u00f4tel, selon disponibilit\u00e9<\/li>\n<li>Service de navette gratuit de l\u2019h\u00f4tel vers le centre-ville (de 9h00 \u00e0 18h00)<\/li>\n<li><strong>Carte membre Sanremo-On<\/strong>\u00a0offrant des r\u00e9ductions exclusives dans des magasins de v\u00eatements et d\u2019accessoires s\u00e9lectionn\u00e9s, ainsi que dans des restaurants et des bars \u00e9l\u00e9gants<\/li>\n<\/ul>\n<p>Le tarif ne comprend pas:<\/p>\n<ul>\n<li>Les billets de voyage<\/li>\n<li>La taxe de s\u00e9jour locale, qui doit \u00eatre pay\u00e9e sur place<\/li>\n<li>Les pourboires et les d\u00e9penses personnelles<\/li>\n<li>Tout ce qui n\u2019est pas indiqu\u00e9 dans \u201cle tarif comprend\u201d<\/li>\n<\/ul>\n<p>H\u00e9bergement<\/p>\n<ul>\n<li>L<strong>\u2018offre Silver<\/strong>\u00a0comprend un h\u00e9bergement dans une\u00a0<strong>chambre double<\/strong>\u00a0classique \u00e0 l\u2019h\u00f4tel NYALA Suite \u00e0 Sanremo<\/li>\n<li>L\u2019<strong>offre Gold<\/strong>\u00a0comprend un h\u00e9bergement dans une\u00a0<strong>suite junior<\/strong>\u00a0\u00e0 l\u2019h\u00f4tel NYALA Suite \u00e0 Sanremo<\/li>\n<\/ul>\n\n<\/div><h2 class=\"tabtitle\">Offre Hospitalit\u00e9 VIP<\/h2>\n<div class=\"tabcontent\">\n\n<h3 style=\"text-align: center;\"><strong>OFFRE VIP &#8220;<\/strong><strong>GRAND PRIX HISTORIQUE<\/strong><strong>&#8220;<\/strong><\/h3>\n<table class=\"aligncenter\" style=\"border-color: #000000; width: 62.9135%; height: 227px;\" border=\"1\" cellpadding=\"5\">\n<tbody>\n<tr style=\"height: 96px;\">\n<td style=\"width: 12.6949%; height: 96px; text-align: right;\"><\/td>\n<td style=\"text-align: right; width: 6.62773%; height: 96px;\"><\/td>\n<td style=\"text-align: right; width: 6.0804%;\"><span style=\"color: #ff0000;\"><strong>Offre<br \/>\nGrand Prix<\/strong><\/span><br \/>\n<span style=\"color: #ff0000;\"><strong>Historique<br \/>\nde <\/strong><\/span><span style=\"color: #ff0000;\"><span style=\"caret-color: #ff0000;\"><b>Monaco<\/b><\/span><\/span><\/td>\n<td style=\"text-align: right; width: 5.27068%;\"><\/td>\n<\/tr>\n<tr>\n<td style=\"text-align: right; width: 12.6949%;\"><span style=\"color: #ff0000;\"><strong>Offre Silver<\/strong> <\/span><\/td>\n<td style=\"text-align: right; width: 6.62773%;\"><\/td>\n<td style=\"text-align: right; width: 6.0804%;\"><span style=\"color: #ff0000;\"><strong>\u00a0sur demande<br \/>\n<\/strong><\/span><\/td>\n<td style=\"text-align: right; width: 5.27068%;\"><\/td>\n<\/tr>\n<tr style=\"height: 48px;\">\n<td style=\"text-align: right; width: 12.6949%; height: 48px;\"><span style=\"color: #ff0000;\"><strong>Offre Gold<\/strong> <\/span><\/td>\n<td style=\"text-align: right; width: 6.62773%; height: 48px;\"><\/td>\n<td style=\"text-align: right; width: 6.0804%; height: 48px;\"><span style=\"color: #ff0000;\"><strong>sur demande<\/strong><\/span><\/td>\n<td style=\"text-align: right; width: 5.27068%;\"><\/td>\n<\/tr>\n<\/tbody>\n<\/table>\n<p>Le tarif VIP comprend (par personne):<\/p>\n<ul>\n<li>2 x\u00a0<strong>nuit\u00e9es<\/strong><\/li>\n<li>2 x\u00a0<strong>petits d\u00e9jeuners sous forme de buffet<\/strong><\/li>\n<li>1 x d\u00eener \u00e0 l\u2019h\u00f4tel, avec un menu de 3 plats<\/li>\n<li>1 place en Terrasse (forfait VIP)<\/li>\n<li>Acc\u00e8s au circuit et au Classic Club ACM, un espace ext\u00e9rieur \u00e9quip\u00e9 d\u2019\u00e9crans<\/li>\n<li>Parking priv\u00e9 \u00e0 5 minutes \u00e0 pied (1 badge pour 4 invit\u00e9s)<\/li>\n<li>Acc\u00e8s privil\u00e9gi\u00e9 aux Paddocks et \u00e0 la Pit Lane selon les horaires de l\u2019ACM<\/li>\n<li>Petit-d\u00e9jeuner<\/li>\n<li>Ap\u00e9ritif avec du champagne \u201cVeuve Clicquot\u201d<\/li>\n<li>D\u00e9jeuner buffet chaud\/froid et rafra\u00eechissements fournis par des traiteurs renomm\u00e9s<\/li>\n<li>Service de bar ouvert<\/li>\n<li>Programme officiel pour chaque invit\u00e9<\/li>\n<li>Assistance de notre agence<\/li>\n<li>Parking priv\u00e9, selon disponibilit\u00e9<\/li>\n<li>Service de navette gratuit de l\u2019h\u00f4tel vers le centre-ville (de 9h00 \u00e0 18h00)<\/li>\n<li><strong>Carte membre Sanremo-On<\/strong>\u00a0offrant des r\u00e9ductions exclusives dans des magasins de v\u00eatements et d\u2019accessoires s\u00e9lectionn\u00e9s, ainsi que dans des restaurants et des bars \u00e9l\u00e9gants<\/li>\n<\/ul>\n<p>Le tarif ne comprend pas:<\/p>\n<ul>\n<li>Les billets de voyage<\/li>\n<li>La taxe de s\u00e9jour locale, qui doit \u00eatre pay\u00e9e sur place<\/li>\n<li>Les pourboires et les d\u00e9penses personnelles<\/li>\n<li>Tout ce qui n\u2019est pas indiqu\u00e9 dans \u201cle tarif comprend\u201d<\/li>\n<\/ul>\n<p>H\u00e9bergement<\/p>\n<ul>\n<li>L\u2019<strong>offre VIP<\/strong>\u00a0comprend un h\u00e9bergement dans une\u00a0<strong>suite<\/strong>\u00a0\u00e0 l\u2019h\u00f4tel NYALA Suite \u00e0 Sanremo.<\/li>\n<\/ul>\n\n<\/div><h2 class=\"tabtitle\">Politique de r\u00e9servation<\/h2>\n<div class=\"tabcontent\">\n\n<p>La commercialisation des forfaits \u201cSanremo Weekend\u201d est g\u00e9r\u00e9e par l\u2019agence de voyages Nyala Wonder Travel.<\/p>\n<ul>\n<li>Frais d\u2019administration et de gestion : 5% du montant du forfait confirm\u00e9<\/li>\n<li>Paiement : Au moment de la confirmation de la r\u00e9servation par carte de cr\u00e9dit ou virement bancaire<\/li>\n<li>Frais d\u2019annulation : Remboursement int\u00e9gral du montant du forfait pour les annulations effectu\u00e9es 61 jours avant la date d\u2019arriv\u00e9e pr\u00e9vue, p\u00e9nalit\u00e9 de 50% pour les annulations effectu\u00e9es dans les 31 jours avant la date d\u2019arriv\u00e9e pr\u00e9vue, p\u00e9nalit\u00e9 de 100% pour les annulations effectu\u00e9es dans les 30 jours pr\u00e9c\u00e9dant la date d\u2019arriv\u00e9e pr\u00e9vue.<\/li>\n<li>Frais de modification de r\u00e9servation : Aucun frais jusqu\u2019\u00e0 31 jours avant la date d\u2019arriv\u00e9e pr\u00e9vue, p\u00e9nalit\u00e9 de 100% pour les modifications effectu\u00e9es dans les 30 jours pr\u00e9c\u00e9dant la date d\u2019arriv\u00e9e pr\u00e9vue.<\/li>\n<li>Frais de transfert du contrat \u00e0 un tiers (article 38 du Code du tourisme) : Aucun frais jusqu\u2019\u00e0 31 jours avant la date d\u2019arriv\u00e9e pr\u00e9vue, 20% du montant du forfait pour les transferts effectu\u00e9s dans les 30 jours pr\u00e9c\u00e9dant la date d\u2019arriv\u00e9e pr\u00e9vue.<\/li>\n<li>Les frais d\u2019administration et de gestion ne sont jamais remboursables en cas de modification ou d\u2019annulation.<\/li>\n<\/ul>\n<\/div><\/div>\n<p>&nbsp;<\/p>\n","protected":false},"excerpt":{"rendered":"<p>R\u00e9servez le forfait week-end dans notre h\u00f4tel 4 \u00e9toiles \u00e0 Sanremo pour profiter d&#8217;une vue privil\u00e9gi\u00e9e sur les anciennes voitures de course du Grand Prix Historique (GP Historique) de Monaco et b\u00e9n\u00e9ficier d&#8217;une s\u00e9rie de services exclusifs.<\/p>\n","protected":false},"author":3,"featured_media":11222,"parent":3305,"menu_order":0,"comment_status":"closed","ping_status":"closed","template":"content-page-template.php","meta":{"_acf_changed":false,"_et_pb_use_builder":"","_et_pb_old_content":"","_et_gb_content_width":"","footnotes":""},"class_list":["post-11092","page","type-page","status-publish","has-post-thumbnail","hentry"],"acf":[],"yoast_head":"<!-- This site is optimized with the Yoast SEO plugin v27.5 - https:\/\/yoast.com\/product\/yoast-seo-wordpress\/ -->\n<title>Grand Prix Historique de Monaco | Sanremo Weekend<\/title>\n<meta name=\"description\" content=\"R\u00e9servez une chambre dans notre h\u00f4tel 4 \u00e9toiles \u00e0 Sanremo, \u00e0 seulement une demi-heure des circuits du Grand Prix de Monaco, pour assister au Grand Prix Historique.\" \/>\n<meta name=\"robots\" content=\"index, follow, max-snippet:-1, max-image-preview:large, max-video-preview:-1\" \/>\n<link rel=\"canonical\" href=\"https:\/\/sanremoweekend.it\/fr\/grands-evenements\/grand-prix-historique\/\" \/>\n<meta property=\"og:locale\" content=\"fr_FR\" \/>\n<meta property=\"og:type\" content=\"article\" \/>\n<meta property=\"og:title\" content=\"Grand Prix Historique de Monaco | Sanremo Weekend\" \/>\n<meta property=\"og:description\" content=\"R\u00e9servez une chambre dans notre h\u00f4tel 4 \u00e9toiles \u00e0 Sanremo, \u00e0 seulement une demi-heure des circuits du Grand Prix de Monaco, pour assister au Grand Prix Historique.\" \/>\n<meta property=\"og:url\" content=\"https:\/\/sanremoweekend.it\/fr\/grands-evenements\/grand-prix-historique\/\" \/>\n<meta property=\"og:site_name\" content=\"Sanremo Weekend\" \/>\n<meta property=\"article:modified_time\" content=\"2026-02-03T15:03:12+00:00\" \/>\n<meta property=\"og:image\" content=\"https:\/\/sanremoweekend.it\/wp-content\/uploads\/2023\/06\/matt-forfar-EBSXztHgjw-unsplash.jpg\" \/>\n\t<meta property=\"og:image:width\" content=\"1920\" \/>\n\t<meta property=\"og:image:height\" content=\"1280\" \/>\n\t<meta property=\"og:image:type\" content=\"image\/jpeg\" \/>\n<meta name=\"twitter:card\" content=\"summary_large_image\" \/>\n<meta name=\"twitter:label1\" content=\"Dur\u00e9e de lecture estim\u00e9e\" \/>\n\t<meta name=\"twitter:data1\" content=\"5 minutes\" \/>\n<script type=\"application\/ld+json\" class=\"yoast-schema-graph\">{\"@context\":\"https:\\\/\\\/schema.org\",\"@graph\":[{\"@type\":\"WebPage\",\"@id\":\"https:\\\/\\\/sanremoweekend.it\\\/fr\\\/grands-evenements\\\/grand-prix-historique\\\/\",\"url\":\"https:\\\/\\\/sanremoweekend.it\\\/fr\\\/grands-evenements\\\/grand-prix-historique\\\/\",\"name\":\"Grand Prix Historique de Monaco | Sanremo Weekend\",\"isPartOf\":{\"@id\":\"https:\\\/\\\/sanremoweekend.it\\\/#website\"},\"primaryImageOfPage\":{\"@id\":\"https:\\\/\\\/sanremoweekend.it\\\/fr\\\/grands-evenements\\\/grand-prix-historique\\\/#primaryimage\"},\"image\":{\"@id\":\"https:\\\/\\\/sanremoweekend.it\\\/fr\\\/grands-evenements\\\/grand-prix-historique\\\/#primaryimage\"},\"thumbnailUrl\":\"https:\\\/\\\/sanremoweekend.it\\\/wp-content\\\/uploads\\\/2023\\\/06\\\/matt-forfar-EBSXztHgjw-unsplash.jpg\",\"datePublished\":\"2020-02-04T16:06:08+00:00\",\"dateModified\":\"2026-02-03T15:03:12+00:00\",\"description\":\"R\u00e9servez une chambre dans notre h\u00f4tel 4 \u00e9toiles \u00e0 Sanremo, \u00e0 seulement une demi-heure des circuits du Grand Prix de Monaco, pour assister au Grand Prix Historique.\",\"breadcrumb\":{\"@id\":\"https:\\\/\\\/sanremoweekend.it\\\/fr\\\/grands-evenements\\\/grand-prix-historique\\\/#breadcrumb\"},\"inLanguage\":\"fr-FR\",\"potentialAction\":[{\"@type\":\"ReadAction\",\"target\":[\"https:\\\/\\\/sanremoweekend.it\\\/fr\\\/grands-evenements\\\/grand-prix-historique\\\/\"]}]},{\"@type\":\"ImageObject\",\"inLanguage\":\"fr-FR\",\"@id\":\"https:\\\/\\\/sanremoweekend.it\\\/fr\\\/grands-evenements\\\/grand-prix-historique\\\/#primaryimage\",\"url\":\"https:\\\/\\\/sanremoweekend.it\\\/wp-content\\\/uploads\\\/2023\\\/06\\\/matt-forfar-EBSXztHgjw-unsplash.jpg\",\"contentUrl\":\"https:\\\/\\\/sanremoweekend.it\\\/wp-content\\\/uploads\\\/2023\\\/06\\\/matt-forfar-EBSXztHgjw-unsplash.jpg\",\"width\":1920,\"height\":1280,\"caption\":\"Circuit Grand Prix Historique de Monaco\"},{\"@type\":\"BreadcrumbList\",\"@id\":\"https:\\\/\\\/sanremoweekend.it\\\/fr\\\/grands-evenements\\\/grand-prix-historique\\\/#breadcrumb\",\"itemListElement\":[{\"@type\":\"ListItem\",\"position\":1,\"name\":\"Home\",\"item\":\"https:\\\/\\\/sanremoweekend.it\\\/fr\\\/\"},{\"@type\":\"ListItem\",\"position\":2,\"name\":\"Les \u00e9v\u00e9nements \u00e0 San Remo\",\"item\":\"https:\\\/\\\/sanremoweekend.it\\\/events-in-san-remo\\\/\"},{\"@type\":\"ListItem\",\"position\":3,\"name\":\"Grand Prix Historique de Monaco\"}]},{\"@type\":\"WebSite\",\"@id\":\"https:\\\/\\\/sanremoweekend.it\\\/#website\",\"url\":\"https:\\\/\\\/sanremoweekend.it\\\/\",\"name\":\"Sanremo Weekend\",\"description\":\"Hotel 4 \u00e9toiles \u00e0 San Remo\",\"potentialAction\":[{\"@type\":\"SearchAction\",\"target\":{\"@type\":\"EntryPoint\",\"urlTemplate\":\"https:\\\/\\\/sanremoweekend.it\\\/?s={search_term_string}\"},\"query-input\":{\"@type\":\"PropertyValueSpecification\",\"valueRequired\":true,\"valueName\":\"search_term_string\"}}],\"inLanguage\":\"fr-FR\"}]}<\/script>\n<!-- \/ Yoast SEO plugin. -->","yoast_head_json":{"title":"Grand Prix Historique de Monaco | Sanremo Weekend","description":"R\u00e9servez une chambre dans notre h\u00f4tel 4 \u00e9toiles \u00e0 Sanremo, \u00e0 seulement une demi-heure des circuits du Grand Prix de Monaco, pour assister au Grand Prix Historique.","robots":{"index":"index","follow":"follow","max-snippet":"max-snippet:-1","max-image-preview":"max-image-preview:large","max-video-preview":"max-video-preview:-1"},"canonical":"https:\/\/sanremoweekend.it\/fr\/grands-evenements\/grand-prix-historique\/","og_locale":"fr_FR","og_type":"article","og_title":"Grand Prix Historique de Monaco | Sanremo Weekend","og_description":"R\u00e9servez une chambre dans notre h\u00f4tel 4 \u00e9toiles \u00e0 Sanremo, \u00e0 seulement une demi-heure des circuits du Grand Prix de Monaco, pour assister au Grand Prix Historique.","og_url":"https:\/\/sanremoweekend.it\/fr\/grands-evenements\/grand-prix-historique\/","og_site_name":"Sanremo Weekend","article_modified_time":"2026-02-03T15:03:12+00:00","og_image":[{"width":1920,"height":1280,"url":"https:\/\/sanremoweekend.it\/wp-content\/uploads\/2023\/06\/matt-forfar-EBSXztHgjw-unsplash.jpg","type":"image\/jpeg"}],"twitter_card":"summary_large_image","twitter_misc":{"Dur\u00e9e de lecture estim\u00e9e":"5 minutes"},"schema":{"@context":"https:\/\/schema.org","@graph":[{"@type":"WebPage","@id":"https:\/\/sanremoweekend.it\/fr\/grands-evenements\/grand-prix-historique\/","url":"https:\/\/sanremoweekend.it\/fr\/grands-evenements\/grand-prix-historique\/","name":"Grand Prix Historique de Monaco | Sanremo Weekend","isPartOf":{"@id":"https:\/\/sanremoweekend.it\/#website"},"primaryImageOfPage":{"@id":"https:\/\/sanremoweekend.it\/fr\/grands-evenements\/grand-prix-historique\/#primaryimage"},"image":{"@id":"https:\/\/sanremoweekend.it\/fr\/grands-evenements\/grand-prix-historique\/#primaryimage"},"thumbnailUrl":"https:\/\/sanremoweekend.it\/wp-content\/uploads\/2023\/06\/matt-forfar-EBSXztHgjw-unsplash.jpg","datePublished":"2020-02-04T16:06:08+00:00","dateModified":"2026-02-03T15:03:12+00:00","description":"R\u00e9servez une chambre dans notre h\u00f4tel 4 \u00e9toiles \u00e0 Sanremo, \u00e0 seulement une demi-heure des circuits du Grand Prix de Monaco, pour assister au Grand Prix Historique.","breadcrumb":{"@id":"https:\/\/sanremoweekend.it\/fr\/grands-evenements\/grand-prix-historique\/#breadcrumb"},"inLanguage":"fr-FR","potentialAction":[{"@type":"ReadAction","target":["https:\/\/sanremoweekend.it\/fr\/grands-evenements\/grand-prix-historique\/"]}]},{"@type":"ImageObject","inLanguage":"fr-FR","@id":"https:\/\/sanremoweekend.it\/fr\/grands-evenements\/grand-prix-historique\/#primaryimage","url":"https:\/\/sanremoweekend.it\/wp-content\/uploads\/2023\/06\/matt-forfar-EBSXztHgjw-unsplash.jpg","contentUrl":"https:\/\/sanremoweekend.it\/wp-content\/uploads\/2023\/06\/matt-forfar-EBSXztHgjw-unsplash.jpg","width":1920,"height":1280,"caption":"Circuit Grand Prix Historique de Monaco"},{"@type":"BreadcrumbList","@id":"https:\/\/sanremoweekend.it\/fr\/grands-evenements\/grand-prix-historique\/#breadcrumb","itemListElement":[{"@type":"ListItem","position":1,"name":"Home","item":"https:\/\/sanremoweekend.it\/fr\/"},{"@type":"ListItem","position":2,"name":"Les \u00e9v\u00e9nements \u00e0 San Remo","item":"https:\/\/sanremoweekend.it\/events-in-san-remo\/"},{"@type":"ListItem","position":3,"name":"Grand Prix Historique de Monaco"}]},{"@type":"WebSite","@id":"https:\/\/sanremoweekend.it\/#website","url":"https:\/\/sanremoweekend.it\/","name":"Sanremo Weekend","description":"Hotel 4 \u00e9toiles \u00e0 San Remo","potentialAction":[{"@type":"SearchAction","target":{"@type":"EntryPoint","urlTemplate":"https:\/\/sanremoweekend.it\/?s={search_term_string}"},"query-input":{"@type":"PropertyValueSpecification","valueRequired":true,"valueName":"search_term_string"}}],"inLanguage":"fr-FR"}]}},"_links":{"self":[{"href":"https:\/\/sanremoweekend.it\/fr\/wp-json\/wp\/v2\/pages\/11092","targetHints":{"allow":["GET"]}}],"collection":[{"href":"https:\/\/sanremoweekend.it\/fr\/wp-json\/wp\/v2\/pages"}],"about":[{"href":"https:\/\/sanremoweekend.it\/fr\/wp-json\/wp\/v2\/types\/page"}],"author":[{"embeddable":true,"href":"https:\/\/sanremoweekend.it\/fr\/wp-json\/wp\/v2\/users\/3"}],"replies":[{"embeddable":true,"href":"https:\/\/sanremoweekend.it\/fr\/wp-json\/wp\/v2\/comments?post=11092"}],"version-history":[{"count":0,"href":"https:\/\/sanremoweekend.it\/fr\/wp-json\/wp\/v2\/pages\/11092\/revisions"}],"up":[{"embeddable":true,"href":"https:\/\/sanremoweekend.it\/fr\/wp-json\/wp\/v2\/pages\/3305"}],"wp:featuredmedia":[{"embeddable":true,"href":"https:\/\/sanremoweekend.it\/fr\/wp-json\/wp\/v2\/media\/11222"}],"wp:attachment":[{"href":"https:\/\/sanremoweekend.it\/fr\/wp-json\/wp\/v2\/media?parent=11092"}],"curies":[{"name":"wp","href":"https:\/\/api.w.org\/{rel}","templated":true}]}}