{"id":1886,"date":"2016-10-02T13:07:33","date_gmt":"2016-10-02T11:07:33","guid":{"rendered":"http:\/\/www.nyalahotel.biz\/fr\/?page_id=1886"},"modified":"2023-06-20T12:33:05","modified_gmt":"2023-06-20T10:33:05","slug":"anniversaire-sanremo","status":"publish","type":"page","link":"https:\/\/sanremoweekend.it\/fr\/vacances-couples\/anniversaire-sanremo\/","title":{"rendered":"Anniversaire \u00e0 San Remo"},"content":{"rendered":"<h2 style=\"text-align: center;\">Anniversaire \u00e0 San Remo<\/h2>\n<p style=\"text-align: center;\">Quoi de plus romantique que de passer un des moments les plus inoubliables de votre vie dans l\u2019atmosph\u00e8re magique de la Riviera,<\/p>\n<p style=\"text-align: center;\">o\u00f9 les Alpes rencontrent la mer m\u00e9diterran\u00e9e ? Venez profiter d\u2019un anniversaire romantique \u00e0 San Remo.<\/p>\n<p style=\"text-align: center;\"><a class=\"maxbutton-3 maxbutton maxbutton-reserver\" target=\"_blank\" rel=\"noopener\" href=\"https:\/\/sanremoweekend.it\/fr\/info\/\"><span class='mb-text'>Reserver<\/span><\/a><\/p>\n<p>&nbsp;<\/p>\n<p style=\"text-align: center;\"><img loading=\"lazy\" decoding=\"async\" class=\"aligncenter wp-image-8825\" src=\"https:\/\/sanremoweekend.it\/wp-content\/uploads\/2019\/05\/coppia-weekend-romantico-anniversario-a-sanremo.jpg\" alt=\"\" width=\"500\" height=\"333\" srcset=\"https:\/\/sanremoweekend.it\/wp-content\/uploads\/2019\/05\/coppia-weekend-romantico-anniversario-a-sanremo.jpg 960w, https:\/\/sanremoweekend.it\/wp-content\/uploads\/2019\/05\/coppia-weekend-romantico-anniversario-a-sanremo-300x200.jpg 300w, https:\/\/sanremoweekend.it\/wp-content\/uploads\/2019\/05\/coppia-weekend-romantico-anniversario-a-sanremo-768x512.jpg 768w, https:\/\/sanremoweekend.it\/wp-content\/uploads\/2019\/05\/coppia-weekend-romantico-anniversario-a-sanremo-600x400.jpg 600w, https:\/\/sanremoweekend.it\/wp-content\/uploads\/2019\/05\/coppia-weekend-romantico-anniversario-a-sanremo-2x1.jpg 2w\" sizes=\"(max-width: 500px) 100vw, 500px\" \/><\/p>\n<p>&nbsp;<\/p>\n<p style=\"text-align: justify;\">Profitez d\u2019une belle et romantique escapade \u00e0 San Remo avec votre partenaire ! C\u00e9l\u00e9brez votre anniversaire \u00e0 San Remo!<\/p>\n<p style=\"text-align: justify;\">San Remo est connu comme la cit\u00e9 des fleurs, une destination romantique avec un environnement id\u00e9al au bord de la m\u00e9diterran\u00e9e pour profiter avec votre conjoint. R\u00e9servez un week-end dans notre h\u00f4tel dans une belle suite avec vue sur la mer, et des services d&#8217;exception qui vous permettront de passer quelques jours magiques.<\/p>\n<p style=\"text-align: justify;\">Les rues de San Remo \u00e9voquent une atmosph\u00e8re magique, quelque chose qui ne peut pas \u00eatre d\u00e9crit, mais que vous remarquer forc\u00e9ment lorsque vous vous promenez dans la ville par la mer.<\/p>\n<p style=\"text-align: justify;\">Faites des excursions dans les villes voisines, une promenade en bateau, une balade \u00e0 v\u00e9lo ou profitez d\u2019un d\u00eener romantique et d\u00e9licieux avec des plats italiens traditionnels. Ce ne sont que quelques-unes des propositions que nous avons pour faire de votre anniversaire \u00e0 San Remo un moment inoubliable.<\/p>\n<div class=\"responsive-tabs\">\n<h2 class=\"tabtitle\">Notre offre comprend<\/h2>\n<div class=\"tabcontent\">\n\n<h3 style=\"text-align: center;\"><strong>\u00a0OFFRE &#8220;ANNIVERSAIRE A SAN REMO&#8221;<br \/>\n<\/strong><\/h3>\n<table class=\"aligncenter\" style=\"border-color: #000000; width: 62.9135%; height: 227px;\" border=\"1\" cellpadding=\"5\">\n<tbody>\n<tr style=\"height: 96px;\">\n<td style=\"text-align: right; width: 12.6949%; height: 96px;\"><\/td>\n<td style=\"text-align: right; width: 6.62773%; height: 96px;\"><span style=\"color: #ff0000;\"><b>Basse saison<\/b><\/span><\/td>\n<td style=\"text-align: right; width: 6.0804%;\"><span style=\"color: #ff0000;\"><strong>Moyenne saison<\/strong><\/span><\/td>\n<td style=\"text-align: right; width: 5.27068%;\"><span style=\"color: #ff0000;\"><strong>Long Week-end &amp; Jours f\u00e9ri\u00e9s<\/strong><\/span><\/td>\n<\/tr>\n<tr style=\"height: 48px;\">\n<td style=\"text-align: right; width: 12.6949%; height: 48px;\"><span style=\"color: #ff0000;\"><strong>Offre Gold<\/strong><\/span><\/td>\n<td style=\"text-align: right; width: 6.62773%; height: 48px;\"><span style=\"color: #ff0000;\"><strong>239.00 \u20ac<\/strong><\/span><\/td>\n<td style=\"text-align: right; width: 6.0804%; height: 48px;\"><span style=\"color: #ff0000;\"><strong>259.00 \u20ac\u00a0<\/strong><\/span><\/td>\n<td style=\"text-align: right; width: 5.27068%;\"><span style=\"color: #ff0000;\"><strong>299.00 \u20ac\u00a0<\/strong><\/span><\/td>\n<\/tr>\n<\/tbody>\n<\/table>\n<p style=\"text-align: center;\">Prix par person<\/p>\n<p>Le tarif inclu :<\/p>\n<ul>\n<li>2 x nuits<\/li>\n<li>2 x petit-d\u00e9jeuners<\/li>\n<li>1 x d\u00eener \u00e0 th\u00e8me \u00e0 l&#8217;h\u00f4tel avec le vin inclu<\/li>\n<li><strong>1 x bouteille de Spumante italien et un bouquet de fleurs de San Remo<\/strong><\/li>\n<li>1 x <strong>visite de cave\u00a0<\/strong><\/li>\n<li>assistance de notre agence<\/li>\n<li>place de parking priv\u00e9e, sous r\u00e9serve de disponibilit\u00e9<\/li>\n<li>navette gratuite de l&#8217;h\u00f4tel au centre ville (de 9h \u00e0 18h)<\/li>\n<li><b>Carte d&#8217;ah\u00e9rent San Remo-On<\/b><span style=\"font-weight: 400;\"> offrant des r\u00e9ductions dans certains magasins de v\u00eatements et d\u2019accessoires, dans des restaurants raffin\u00e9s et des caf\u00e9s<\/span><\/li>\n<\/ul>\n<p>Le tarif n&#8217;inclut pas :<\/p>\n<ul>\n<li>billets de voyage<\/li>\n<li>taxe de s\u00e9jour payable sur place<\/li>\n<li>extras et pourboires<\/li>\n<li>tout ce qui n\u2019est pas clairement indiqu\u00e9 dans la section \u00ab le tarif comprend \u00bb<\/li>\n<\/ul>\n<p>H\u00e9bergement<\/p>\n<ul>\n<li>L&#8217; <strong>offre Gold<\/strong> inclut un h\u00e9bergement dans une <strong>suite junior<\/strong> au NYALA Suite Hotel de San Remo<\/li>\n<\/ul>\n<p>Disponibilit\u00e9 de l&#8217;offre<\/p>\n<ul>\n<li>l\u2019offre est disponible toute l\u2019ann\u00e9e, \u00e0 l\u2019exception des p\u00e9riodes de forte affluence, comme lors des jours f\u00e9ri\u00e9s nationaux et des grands \u00e9v\u00e9nements<\/li>\n<\/ul>\n\n<\/div><h2 class=\"tabtitle\">Politique de reservation<\/h2>\n<div class=\"tabcontent\">\n\n<p lang=\"en-US\"><span style=\"color: #212121;\"><span style=\"font-family: inherit;\"><span style=\"font-size: medium;\"><span style=\"font-family: INHERIT;\"><strong>POLITIQUE DE RESERVATION<\/strong><\/span><\/span><\/span><\/span><\/p>\n<ul>\n<li lang=\"en-US\"><span style=\"color: #212121;\"><span style=\"font-family: inherit;\"><span style=\"font-size: medium;\"><span style=\"font-family: INHERIT;\">La commercialisation des offres &#8220;Week-end \u00e0 San Remo&#8221; est g\u00e9r\u00e9e par l\u2019agence de voyages Nyala Wonder Travel.<\/span><\/span><\/span><\/span><\/li>\n<li lang=\"en-US\"><span style=\"color: #212121;\"><span style=\"font-family: inherit;\"><span style=\"font-size: medium;\"><span style=\"font-family: INHERIT;\">Frais de gestion : 5% sur le montant du forfait confirm\u00e9.<\/span><\/span><\/span><\/span><\/li>\n<li lang=\"en-US\"><span style=\"color: #212121;\"><span style=\"font-family: inherit;\"><span style=\"font-size: medium;\"><span style=\"font-family: INHERIT;\">Paiement : lors de la confirmation de la r\u00e9servation par carte de cr\u00e9dit ou par virement bancaire.<\/span><\/span><\/span><\/span><\/li>\n<li lang=\"en-US\"><span style=\"color: #212121;\"><span style=\"font-family: inherit;\"><span style=\"font-size: medium;\"><span style=\"font-family: INHERIT;\">P\u00e9nalit\u00e9s en cas d\u2019annulation : remboursement int\u00e9gral pour les annulations effectu\u00e9es 61 jours avant la date d\u2019arriv\u00e9e pr\u00e9vue ; p\u00e9nalit\u00e9 de 50% pour les annulations effectu\u00e9es dans les 31 jours avant la date d\u2019arriv\u00e9e pr\u00e9vue ; p\u00e9nalit\u00e9 de 100% pour les annulations effectu\u00e9es dans les 30 jours pr\u00e9c\u00e9dant la date d\u2019arriv\u00e9e pr\u00e9vue.<\/span><\/span><\/span><\/span><\/li>\n<li lang=\"en-US\"><span style=\"color: #212121;\"><span style=\"font-family: inherit;\"><span style=\"font-size: medium;\"><span style=\"font-family: INHERIT;\">Frais en cas de modification de r\u00e9servation : pas de frais jusqu\u2019\u00e0 31 jours avant la date d\u2019arriv\u00e9e pr\u00e9vue, 100% pour les modifications effectu\u00e9es dans les 30 jours pr\u00e9c\u00e9dant la date d\u2019arriv\u00e9e pr\u00e9vue.<\/span><\/span><\/span><\/span><\/li>\n<li lang=\"en-US\"><span style=\"color: #212121;\"><span style=\"font-family: inherit;\"><span style=\"font-size: medium;\"><span style=\"font-family: INHERIT;\">Frais de transfert du contrat \u00e0 des tiers (art. 38 Code du Tourisme) : pas de frais jusqu\u2019\u00e0 31 jours avant la date d\u2019arriv\u00e9e pr\u00e9vue, 20% du montant de l&#8217;offre pour les transferts effectu\u00e9s dans les 30 jours pr\u00e9c\u00e9dant la date d\u2019arriv\u00e9e pr\u00e9vue. <\/span><\/span><\/span><\/span><\/li>\n<li lang=\"en-US\"><span style=\"color: #003000;\">Les frais d&#8217;administration<span style=\"font-family: inherit;\"><span style=\"font-size: medium;\"><span style=\"font-family: INHERIT;\"> et les frais de gestion ne sont jamais remboursables en cas de modification ou d\u2019annulation.<\/span><\/span><\/span><\/span><\/li>\n<\/ul>\n<\/div><\/div>\n","protected":false},"excerpt":{"rendered":"<p>San Remo est connue comme la cit\u00e9 des fleurs, une destination romantique avec un environnement id\u00e9al \u00e0 c\u00f4t\u00e9 de la m\u00e9diterran\u00e9e pour profiter avec votre conjoint. R\u00e9servez un week-end dans notre h\u00f4tel dans une belle suite avec vue sur la mer, et des services d&#8217;exception qui vous permettront de passer quelques jours magiques.<\/p>\n","protected":false},"author":3,"featured_media":8826,"parent":4772,"menu_order":0,"comment_status":"open","ping_status":"closed","template":"content-page-template.php","meta":{"_acf_changed":false,"_et_pb_use_builder":"","_et_pb_old_content":"","_et_gb_content_width":"","footnotes":""},"class_list":["post-1886","page","type-page","status-publish","has-post-thumbnail","hentry"],"acf":[],"yoast_head":"<!-- This site is optimized with the Yoast SEO plugin v27.5 - https:\/\/yoast.com\/product\/yoast-seo-wordpress\/ -->\n<title>Anniversaire \u00e0 San Remo | Sanremo Weekend Special Packs &amp; Offers<\/title>\n<meta name=\"description\" content=\"C\u00e9l\u00e9brer l&#039;anniversaire \u00e0 Sanremo est l&#039;occasion d&#039;une escapade avec votre partenaire ! Profitez de notre offre pour un week-end romantique.\" \/>\n<meta name=\"robots\" content=\"index, follow, max-snippet:-1, max-image-preview:large, max-video-preview:-1\" \/>\n<link rel=\"canonical\" href=\"https:\/\/sanremoweekend.it\/holidays-for-couples-in-sanremo\/anniversary-in-san-remo\/\" \/>\n<meta property=\"og:locale\" content=\"fr_FR\" \/>\n<meta property=\"og:type\" content=\"article\" \/>\n<meta property=\"og:title\" content=\"Anniversaire \u00e0 San Remo | Sanremo Weekend Special Packs &amp; Offers\" \/>\n<meta property=\"og:description\" content=\"C\u00e9l\u00e9brer l&#039;anniversaire \u00e0 Sanremo est l&#039;occasion d&#039;une escapade avec votre partenaire ! Profitez de notre offre pour un week-end romantique.\" \/>\n<meta property=\"og:url\" content=\"https:\/\/sanremoweekend.it\/holidays-for-couples-in-sanremo\/anniversary-in-san-remo\/\" \/>\n<meta property=\"og:site_name\" content=\"Sanremo Weekend\" \/>\n<meta property=\"article:modified_time\" content=\"2023-06-20T10:33:05+00:00\" \/>\n<meta property=\"og:image\" content=\"https:\/\/sanremoweekend.it\/wp-content\/uploads\/2019\/05\/coppia-weekend-romantico-anniversario-a-sanremo.jpg\" \/>\n\t<meta property=\"og:image:width\" content=\"960\" \/>\n\t<meta property=\"og:image:height\" content=\"640\" \/>\n\t<meta property=\"og:image:type\" content=\"image\/jpeg\" \/>\n<meta name=\"twitter:card\" content=\"summary_large_image\" \/>\n<meta name=\"twitter:label1\" content=\"Dur\u00e9e de lecture estim\u00e9e\" \/>\n\t<meta name=\"twitter:data1\" content=\"3 minutes\" \/>\n<script type=\"application\/ld+json\" class=\"yoast-schema-graph\">{\"@context\":\"https:\\\/\\\/schema.org\",\"@graph\":[{\"@type\":\"WebPage\",\"@id\":\"https:\\\/\\\/sanremoweekend.it\\\/holidays-for-couples-in-sanremo\\\/anniversary-in-san-remo\\\/\",\"url\":\"https:\\\/\\\/sanremoweekend.it\\\/holidays-for-couples-in-sanremo\\\/anniversary-in-san-remo\\\/\",\"name\":\"Anniversaire \u00e0 San Remo | Sanremo Weekend Special Packs & Offers\",\"isPartOf\":{\"@id\":\"https:\\\/\\\/sanremoweekend.it\\\/#website\"},\"primaryImageOfPage\":{\"@id\":\"https:\\\/\\\/sanremoweekend.it\\\/holidays-for-couples-in-sanremo\\\/anniversary-in-san-remo\\\/#primaryimage\"},\"image\":{\"@id\":\"https:\\\/\\\/sanremoweekend.it\\\/holidays-for-couples-in-sanremo\\\/anniversary-in-san-remo\\\/#primaryimage\"},\"thumbnailUrl\":\"https:\\\/\\\/sanremoweekend.it\\\/wp-content\\\/uploads\\\/2019\\\/05\\\/coppia-weekend-romantico-anniversario-a-sanremo.jpg\",\"datePublished\":\"2016-10-02T11:07:33+00:00\",\"dateModified\":\"2023-06-20T10:33:05+00:00\",\"description\":\"C\u00e9l\u00e9brer l'anniversaire \u00e0 Sanremo est l'occasion d'une escapade avec votre partenaire ! Profitez de notre offre pour un week-end romantique.\",\"breadcrumb\":{\"@id\":\"https:\\\/\\\/sanremoweekend.it\\\/holidays-for-couples-in-sanremo\\\/anniversary-in-san-remo\\\/#breadcrumb\"},\"inLanguage\":\"fr-FR\",\"potentialAction\":[{\"@type\":\"ReadAction\",\"target\":[\"https:\\\/\\\/sanremoweekend.it\\\/holidays-for-couples-in-sanremo\\\/anniversary-in-san-remo\\\/\"]}]},{\"@type\":\"ImageObject\",\"inLanguage\":\"fr-FR\",\"@id\":\"https:\\\/\\\/sanremoweekend.it\\\/holidays-for-couples-in-sanremo\\\/anniversary-in-san-remo\\\/#primaryimage\",\"url\":\"https:\\\/\\\/sanremoweekend.it\\\/wp-content\\\/uploads\\\/2019\\\/05\\\/coppia-weekend-romantico-anniversario-a-sanremo.jpg\",\"contentUrl\":\"https:\\\/\\\/sanremoweekend.it\\\/wp-content\\\/uploads\\\/2019\\\/05\\\/coppia-weekend-romantico-anniversario-a-sanremo.jpg\",\"width\":960,\"height\":640,\"caption\":\"anniversaire \u00e0 San Remo\"},{\"@type\":\"BreadcrumbList\",\"@id\":\"https:\\\/\\\/sanremoweekend.it\\\/holidays-for-couples-in-sanremo\\\/anniversary-in-san-remo\\\/#breadcrumb\",\"itemListElement\":[{\"@type\":\"ListItem\",\"position\":1,\"name\":\"Home\",\"item\":\"https:\\\/\\\/sanremoweekend.it\\\/fr\\\/\"},{\"@type\":\"ListItem\",\"position\":2,\"name\":\"Vacances en amoureux\",\"item\":\"https:\\\/\\\/sanremoweekend.it\\\/holidays-for-couples-in-sanremo\\\/\"},{\"@type\":\"ListItem\",\"position\":3,\"name\":\"Anniversaire \u00e0 San Remo\"}]},{\"@type\":\"WebSite\",\"@id\":\"https:\\\/\\\/sanremoweekend.it\\\/#website\",\"url\":\"https:\\\/\\\/sanremoweekend.it\\\/\",\"name\":\"Sanremo Weekend\",\"description\":\"Hotel 4 \u00e9toiles \u00e0 San Remo\",\"potentialAction\":[{\"@type\":\"SearchAction\",\"target\":{\"@type\":\"EntryPoint\",\"urlTemplate\":\"https:\\\/\\\/sanremoweekend.it\\\/?s={search_term_string}\"},\"query-input\":{\"@type\":\"PropertyValueSpecification\",\"valueRequired\":true,\"valueName\":\"search_term_string\"}}],\"inLanguage\":\"fr-FR\"}]}<\/script>\n<!-- \/ Yoast SEO plugin. -->","yoast_head_json":{"title":"Anniversaire \u00e0 San Remo | Sanremo Weekend Special Packs & Offers","description":"C\u00e9l\u00e9brer l'anniversaire \u00e0 Sanremo est l'occasion d'une escapade avec votre partenaire ! Profitez de notre offre pour un week-end romantique.","robots":{"index":"index","follow":"follow","max-snippet":"max-snippet:-1","max-image-preview":"max-image-preview:large","max-video-preview":"max-video-preview:-1"},"canonical":"https:\/\/sanremoweekend.it\/holidays-for-couples-in-sanremo\/anniversary-in-san-remo\/","og_locale":"fr_FR","og_type":"article","og_title":"Anniversaire \u00e0 San Remo | Sanremo Weekend Special Packs & Offers","og_description":"C\u00e9l\u00e9brer l'anniversaire \u00e0 Sanremo est l'occasion d'une escapade avec votre partenaire ! Profitez de notre offre pour un week-end romantique.","og_url":"https:\/\/sanremoweekend.it\/holidays-for-couples-in-sanremo\/anniversary-in-san-remo\/","og_site_name":"Sanremo Weekend","article_modified_time":"2023-06-20T10:33:05+00:00","og_image":[{"width":960,"height":640,"url":"https:\/\/sanremoweekend.it\/wp-content\/uploads\/2019\/05\/coppia-weekend-romantico-anniversario-a-sanremo.jpg","type":"image\/jpeg"}],"twitter_card":"summary_large_image","twitter_misc":{"Dur\u00e9e de lecture estim\u00e9e":"3 minutes"},"schema":{"@context":"https:\/\/schema.org","@graph":[{"@type":"WebPage","@id":"https:\/\/sanremoweekend.it\/holidays-for-couples-in-sanremo\/anniversary-in-san-remo\/","url":"https:\/\/sanremoweekend.it\/holidays-for-couples-in-sanremo\/anniversary-in-san-remo\/","name":"Anniversaire \u00e0 San Remo | Sanremo Weekend Special Packs & Offers","isPartOf":{"@id":"https:\/\/sanremoweekend.it\/#website"},"primaryImageOfPage":{"@id":"https:\/\/sanremoweekend.it\/holidays-for-couples-in-sanremo\/anniversary-in-san-remo\/#primaryimage"},"image":{"@id":"https:\/\/sanremoweekend.it\/holidays-for-couples-in-sanremo\/anniversary-in-san-remo\/#primaryimage"},"thumbnailUrl":"https:\/\/sanremoweekend.it\/wp-content\/uploads\/2019\/05\/coppia-weekend-romantico-anniversario-a-sanremo.jpg","datePublished":"2016-10-02T11:07:33+00:00","dateModified":"2023-06-20T10:33:05+00:00","description":"C\u00e9l\u00e9brer l'anniversaire \u00e0 Sanremo est l'occasion d'une escapade avec votre partenaire ! Profitez de notre offre pour un week-end romantique.","breadcrumb":{"@id":"https:\/\/sanremoweekend.it\/holidays-for-couples-in-sanremo\/anniversary-in-san-remo\/#breadcrumb"},"inLanguage":"fr-FR","potentialAction":[{"@type":"ReadAction","target":["https:\/\/sanremoweekend.it\/holidays-for-couples-in-sanremo\/anniversary-in-san-remo\/"]}]},{"@type":"ImageObject","inLanguage":"fr-FR","@id":"https:\/\/sanremoweekend.it\/holidays-for-couples-in-sanremo\/anniversary-in-san-remo\/#primaryimage","url":"https:\/\/sanremoweekend.it\/wp-content\/uploads\/2019\/05\/coppia-weekend-romantico-anniversario-a-sanremo.jpg","contentUrl":"https:\/\/sanremoweekend.it\/wp-content\/uploads\/2019\/05\/coppia-weekend-romantico-anniversario-a-sanremo.jpg","width":960,"height":640,"caption":"anniversaire \u00e0 San Remo"},{"@type":"BreadcrumbList","@id":"https:\/\/sanremoweekend.it\/holidays-for-couples-in-sanremo\/anniversary-in-san-remo\/#breadcrumb","itemListElement":[{"@type":"ListItem","position":1,"name":"Home","item":"https:\/\/sanremoweekend.it\/fr\/"},{"@type":"ListItem","position":2,"name":"Vacances en amoureux","item":"https:\/\/sanremoweekend.it\/holidays-for-couples-in-sanremo\/"},{"@type":"ListItem","position":3,"name":"Anniversaire \u00e0 San Remo"}]},{"@type":"WebSite","@id":"https:\/\/sanremoweekend.it\/#website","url":"https:\/\/sanremoweekend.it\/","name":"Sanremo Weekend","description":"Hotel 4 \u00e9toiles \u00e0 San Remo","potentialAction":[{"@type":"SearchAction","target":{"@type":"EntryPoint","urlTemplate":"https:\/\/sanremoweekend.it\/?s={search_term_string}"},"query-input":{"@type":"PropertyValueSpecification","valueRequired":true,"valueName":"search_term_string"}}],"inLanguage":"fr-FR"}]}},"_links":{"self":[{"href":"https:\/\/sanremoweekend.it\/fr\/wp-json\/wp\/v2\/pages\/1886","targetHints":{"allow":["GET"]}}],"collection":[{"href":"https:\/\/sanremoweekend.it\/fr\/wp-json\/wp\/v2\/pages"}],"about":[{"href":"https:\/\/sanremoweekend.it\/fr\/wp-json\/wp\/v2\/types\/page"}],"author":[{"embeddable":true,"href":"https:\/\/sanremoweekend.it\/fr\/wp-json\/wp\/v2\/users\/3"}],"replies":[{"embeddable":true,"href":"https:\/\/sanremoweekend.it\/fr\/wp-json\/wp\/v2\/comments?post=1886"}],"version-history":[{"count":0,"href":"https:\/\/sanremoweekend.it\/fr\/wp-json\/wp\/v2\/pages\/1886\/revisions"}],"up":[{"embeddable":true,"href":"https:\/\/sanremoweekend.it\/fr\/wp-json\/wp\/v2\/pages\/4772"}],"wp:featuredmedia":[{"embeddable":true,"href":"https:\/\/sanremoweekend.it\/fr\/wp-json\/wp\/v2\/media\/8826"}],"wp:attachment":[{"href":"https:\/\/sanremoweekend.it\/fr\/wp-json\/wp\/v2\/media?parent=1886"}],"curies":[{"name":"wp","href":"https:\/\/api.w.org\/{rel}","templated":true}]}}