{"id":1896,"date":"2016-10-04T21:16:37","date_gmt":"2016-10-04T19:16:37","guid":{"rendered":"http:\/\/www.nyalahotel.biz\/fr\/?page_id=1896"},"modified":"2023-06-27T11:16:59","modified_gmt":"2023-06-27T09:16:59","slug":"nouvel-an-a-sanremo","status":"publish","type":"page","link":"https:\/\/sanremoweekend.it\/fr\/vacances-a-san-remo\/nouvel-an-a-sanremo\/","title":{"rendered":"R\u00e9veillon du jour de l&#8217;an a San Remo"},"content":{"rendered":"<h2 style=\"text-align: center;\">Nouvel An \u00e0 San Remo<\/h2>\n<p style=\"text-align: center;\">R\u00e9servez pour votre H\u00f4tel pour le<strong> r\u00e9veillon du jour de l&#8217;an \u00e0 San Remo,<\/strong> et profitez de nos offres en h\u00f4tel 4 \u00e9toiles<br \/>\nProfitez de la splendeur \u00e9ternelle de la Riviera, pour passer des f\u00eates m\u00e9morables du <strong>Nouvel An \u00e0 San Remo<\/strong>.<\/p>\n<p style=\"text-align: center;\"><a class=\"maxbutton-3 maxbutton maxbutton-reserver\" target=\"_blank\" rel=\"noopener\" href=\"https:\/\/sanremoweekend.it\/fr\/info\/\"><span class='mb-text'>Reserver<\/span><\/a><\/p>\n<p>&nbsp;<\/p>\n<div class=\"responsive-tabs\">\n<h2 class=\"tabtitle\">Pr\u00e9sentation<\/h2>\n<div class=\"tabcontent\">\n\n<h2><strong>R\u00e9servez votre h\u00f4tel pour le r\u00e9veillon du jour de l&#8217;an \u00e0 San Remo<\/strong><\/h2>\n<p style=\"text-align: justify;\">Avec l\u2019arriv\u00e9e du froid, vous ne tarderez pas \u00e0 c\u00e9l\u00e9brer la Saint-Sylvestre \u00e0 San Remo, l\u2019un des \u00e9v\u00e9nements les plus attendus de l\u2019ann\u00e9e. Si vous souhaitez que cette soir\u00e9e sp\u00e9ciale soit diff\u00e9rente, vous \u00eates au bon endroit car nous avons tout con\u00e7u pour en faire un \u00e9v\u00e9nement incroyable. Nous vous avons concoct\u00e9, dans notre restaurant, un menu fantastique avec des plats vari\u00e9s, des boissons et de la musique. R\u00e9servez votre h\u00f4tel pour le nouvel an \u00e0 San Remo et entrez dans la nouvelle ann\u00e9e avec nous.<\/p>\n<p><img loading=\"lazy\" decoding=\"async\" class=\"alignnone size-full wp-image-9992\" src=\"http:\/\/www.sanremoweekend.it\/wp-content\/uploads\/2017\/01\/grandi-eventi-a-sanremo.jpg\" alt=\"\" width=\"1280\" height=\"720\" srcset=\"https:\/\/sanremoweekend.it\/wp-content\/uploads\/2017\/01\/grandi-eventi-a-sanremo.jpg 1280w, https:\/\/sanremoweekend.it\/wp-content\/uploads\/2017\/01\/grandi-eventi-a-sanremo-300x169.jpg 300w, https:\/\/sanremoweekend.it\/wp-content\/uploads\/2017\/01\/grandi-eventi-a-sanremo-768x432.jpg 768w, https:\/\/sanremoweekend.it\/wp-content\/uploads\/2017\/01\/grandi-eventi-a-sanremo-1024x576.jpg 1024w, https:\/\/sanremoweekend.it\/wp-content\/uploads\/2017\/01\/grandi-eventi-a-sanremo-2x1.jpg 2w\" sizes=\"(max-width: 1280px) 100vw, 1280px\" \/><\/p>\n<h3><strong>San Remo est l&#8217;endroit id\u00e9al pour d\u00e9buter la nouvelle ann\u00e9e.<\/strong><\/h3>\n<p style=\"text-align: justify;\">La fin de l\u2019ann\u00e9e est un moment tr\u00e8s sp\u00e9cial \u00e0 San Remo, o\u00f9 vous pourrez assister \u00e0 une belle ambiance de No\u00ebl. La meilleure fa\u00e7on de profiter de ces dates est de souscrire \u00e0 une offre dans notre h\u00f4tel qui propose \u00e0 la fois un d\u00eener de gala puis une soir\u00e9e dansante.<\/p>\n<p style=\"text-align: justify;\">Gr\u00e2ce aux temp\u00e9ratures douces du nouvel an, vous pourrez passer votre journ\u00e9e dans les rues \u00e0 profiter de l\u2019atmosph\u00e8re festive avant de retourner \u00e0 l\u2019h\u00f4tel et de vous pr\u00e9parer pour le d\u00eener.<\/p>\n<p style=\"text-align: justify;\">Comme vous vous en doutez, si vous voulez profiter du spectaculaire d\u00eener du nouvel an que nous avons pr\u00e9par\u00e9, nous vous recommandons de r\u00e9server \u00e0 l\u2019avance car les places sont limit\u00e9es et beaucoup de monde veut vivre une f\u00eate du nouvel an \u00e0 San Remo.<\/p>\n<p>Voici le programme des vacances\u00a0 :<\/p>\n<ul>\n<li>\u00a031 D\u00e9cembre\u00a0 : F\u00eate de la Saint Sylvestre avec orchestre<\/li>\n<li>\u00a01er janvier\u00a0 : D\u00eener du nouvel an<\/li>\n<\/ul>\n\n<\/div><h2 class=\"tabtitle\">Notre offre comprend<\/h2>\n<div class=\"tabcontent\">\n\n<h3 style=\"text-align: center;\"><strong>\u00a0OFFRE &#8220;NOUVEL AN A SAN REMO&#8221;<\/strong><\/h3>\n<table class=\"aligncenter\" style=\"border-color: #000000; width: 62.91349999999999%; height: 227px;\" border=\"1\" cellpadding=\"5\">\n<tbody>\n<tr style=\"height: 96px;\">\n<td style=\"text-align: right; width: 12.6949%; height: 96px;\"><\/td>\n<td style=\"text-align: right; width: 3.035775977011494%; height: 96px;\"><\/td>\n<td style=\"text-align: right; width: 1.4367816091954015%;\"><\/td>\n<td style=\"text-align: right; width: 13.506252413793103%;\"><span style=\"color: #ff0000;\"><strong>OFFRE<br \/>\nNOUVEL AN<\/strong><\/span><\/td>\n<\/tr>\n<tr>\n<td style=\"text-align: right; width: 12.6949%;\"><span style=\"color: #ff0000;\"><strong>Offre Silver<br \/>\nen chambre double classique<\/strong><\/span><\/td>\n<td style=\"text-align: right; width: 3.035775977011494%;\"><\/td>\n<td style=\"text-align: right; width: 1.4367816091954015%;\"><\/td>\n<td style=\"text-align: right; width: 13.506252413793103%;\"><span style=\"color: #ff0000;\"><strong>455.00\u20ac\u00a0<\/strong><\/span><\/td>\n<\/tr>\n<tr style=\"height: 48px;\">\n<td style=\"text-align: right; width: 12.6949%; height: 48px;\"><span style=\"color: #ff0000;\"><strong>Offre Gold<br \/>\nen suite junior<\/strong><\/span><\/td>\n<td style=\"text-align: right; width: 3.035775977011494%; height: 48px;\"><\/td>\n<td style=\"text-align: right; width: 1.4367816091954015%; height: 48px;\"><\/td>\n<td style=\"text-align: right; width: 13.506252413793103%;\"><span style=\"color: #ff0000;\"><strong>549,00\u20ac\u00a0<\/strong><\/span><\/td>\n<\/tr>\n<\/tbody>\n<\/table>\n<p>&nbsp;<\/p>\n<p style=\"text-align: center;\">Prix par personne<\/p>\n<p>Le tarif inclut :<\/p>\n<ul>\n<li><strong>3 x nuits<\/strong><\/li>\n<li><strong>3 x petits-d\u00e9jeuners<\/strong><\/li>\n<li><strong>2 x d\u00eener \u00e0 l&#8217;h\u00f4tel, avec un menu \u00e0 3 plats<\/strong><\/li>\n<li><strong>1 x\u00a0R\u00e9veillon du jour de l&#8217;an avec musique<\/strong><\/li>\n<li>assistance de notre agence<\/li>\n<li>place de parking priv\u00e9e, selon les disponibilit\u00e9s<\/li>\n<li>navette de l&#8217;h\u00f4tel au centre ville (de 9h \u00e0 18h)<\/li>\n<li><b>La carte Sanremo-On Membership<\/b> offrant des r\u00e9ductions sp\u00e9ciales dans certains magasins de v\u00eatements et d\u2019accessoires, des restaurants et caf\u00e9s raffin\u00e9s<\/li>\n<\/ul>\n<p>Le tarif n&#8217;inclut pas :<\/p>\n<ul>\n<li>billets de voyage<\/li>\n<li>taxe de s\u00e9jour payable sur place<\/li>\n<li>extras et pourboires<\/li>\n<li>tout ce qui n&#8217;est pas clairement mentionn\u00e9 dans le paragraphe &#8220;le tarif inclut&#8221;<\/li>\n<\/ul>\n<p>H\u00e9bergement<\/p>\n<ul>\n<li>L&#8217; <strong>offre Silver<\/strong> comprend un h\u00e9bergement dans un chambre <strong>double classique<\/strong> au NYALA Suite Hotel de San Remo<\/li>\n<li>L&#8217; <strong>offre Gold<\/strong> comprend un h\u00e9bergement dans une <strong>suite junio<\/strong><b>r<\/b> au NYALA Suite Hotel de San Remo<\/li>\n<\/ul>\n\n<\/div><h2 class=\"tabtitle\">Politique de r\u00e9servation<\/h2>\n<div class=\"tabcontent\">\n\n<p><strong>POLITIQUE DE RESERVATION<\/strong><\/p>\n<ul>\n<li>La commercialisation des forfaits &#8220;Week-end \u00e0 Sanremo&#8221; est g\u00e9r\u00e9e par l\u2019agence de voyages Nyala Wonder Travel.<\/li>\n<li>Frais de gestion : 5% sur le montant du forfait confirm\u00e9.<\/li>\n<li>Paiement : lors de la confirmation de la r\u00e9servation par carte de cr\u00e9dit ou par virement bancaire.<\/li>\n<li>P\u00e9nalit\u00e9s en cas d\u2019annulation : remboursement int\u00e9gral des annulations effectu\u00e9es 61 jours avant la date d\u2019arriv\u00e9e pr\u00e9vue, p\u00e9nalit\u00e9 de 50% pour les annulations effectu\u00e9es dans les 31 jours avant la date d\u2019arriv\u00e9e pr\u00e9vue, p\u00e9nalit\u00e9 de 100% pour les annulations effectu\u00e9es dans les 30 jours pr\u00e9c\u00e9dant la date d\u2019arriv\u00e9e pr\u00e9vue.<\/li>\n<li>Frais de modification de r\u00e9servation : pas de frais jusqu\u2019\u00e0 31 jours avant la date d\u2019arriv\u00e9e pr\u00e9vue, 100% pour les modifications effectu\u00e9es dans les 30 jours pr\u00e9c\u00e9dant la date d\u2019arriv\u00e9e pr\u00e9vue.<\/li>\n<li>Frais de transfert du contrat \u00e0 des tiers (art. 38 Code du Tourisme) : pas de frais jusqu\u2019\u00e0 31 jours avant la date d\u2019arriv\u00e9e pr\u00e9vue, 20% du montant du forfait pour les transferts effectu\u00e9s dans les 30 jours pr\u00e9c\u00e9dant la date d\u2019arriv\u00e9e pr\u00e9vue.<\/li>\n<li>Les frais de gestion et les frais administratifs ne sont jamais remboursables en cas de modification ou d\u2019annulation.<\/li>\n<\/ul>\n<\/div><\/div>\n","protected":false},"excerpt":{"rendered":"<p>Avec l\u2019arriv\u00e9e du froid, vous ne tarderez pas \u00e0 c\u00e9l\u00e9brer la Saint-Sylvestre \u00e0 San Remo, l\u2019un des \u00e9v\u00e9nements les plus attendus de l\u2019ann\u00e9e. Si vous souhaitez que cette soir\u00e9e sp\u00e9ciale soit diff\u00e9rente, vous \u00eates au bon endroit car nous avons tout con\u00e7u pour en faire un \u00e9v\u00e9nement incroyable.<\/p>\n","protected":false},"author":3,"featured_media":1118,"parent":4841,"menu_order":0,"comment_status":"open","ping_status":"closed","template":"content-page-template.php","meta":{"_acf_changed":false,"_et_pb_use_builder":"","_et_pb_old_content":"","_et_gb_content_width":"","footnotes":""},"class_list":["post-1896","page","type-page","status-publish","has-post-thumbnail","hentry"],"acf":[],"yoast_head":"<!-- This site is optimized with the Yoast SEO plugin v27.5 - https:\/\/yoast.com\/product\/yoast-seo-wordpress\/ -->\n<title>R\u00e9veillon du jour de l&#039;an a San Remo | Sanremo Weekend Special Offers<\/title>\n<meta name=\"description\" content=\"R\u00e9servez votre h\u00f4tel pour la Saint-Sylvestre \u00e0 San Remo. Passez des f\u00eates m\u00e9morables du nouvel an \u00e0 San Remo et profitez de notre h\u00f4tel 4 \u00e9toiles.\" \/>\n<meta name=\"robots\" content=\"index, follow, max-snippet:-1, max-image-preview:large, max-video-preview:-1\" \/>\n<link rel=\"canonical\" href=\"https:\/\/sanremoweekend.it\/holidays-in-san-remo\/new-years-eve-in-san-remo\/\" \/>\n<meta property=\"og:locale\" content=\"fr_FR\" \/>\n<meta property=\"og:type\" content=\"article\" \/>\n<meta property=\"og:title\" content=\"R\u00e9veillon du jour de l&#039;an a San Remo | Sanremo Weekend Special Offers\" \/>\n<meta property=\"og:description\" content=\"R\u00e9servez votre h\u00f4tel pour la Saint-Sylvestre \u00e0 San Remo. Passez des f\u00eates m\u00e9morables du nouvel an \u00e0 San Remo et profitez de notre h\u00f4tel 4 \u00e9toiles.\" \/>\n<meta property=\"og:url\" content=\"https:\/\/sanremoweekend.it\/holidays-in-san-remo\/new-years-eve-in-san-remo\/\" \/>\n<meta property=\"og:site_name\" content=\"Sanremo Weekend\" \/>\n<meta property=\"article:modified_time\" content=\"2023-06-27T09:16:59+00:00\" \/>\n<meta property=\"og:image\" content=\"https:\/\/sanremoweekend.it\/wp-content\/uploads\/2016\/08\/IMG_3622.jpg\" \/>\n\t<meta property=\"og:image:width\" content=\"1620\" \/>\n\t<meta property=\"og:image:height\" content=\"1080\" \/>\n\t<meta property=\"og:image:type\" content=\"image\/jpeg\" \/>\n<meta name=\"twitter:card\" content=\"summary_large_image\" \/>\n<meta name=\"twitter:label1\" content=\"Dur\u00e9e de lecture estim\u00e9e\" \/>\n\t<meta name=\"twitter:data1\" content=\"4 minutes\" \/>\n<script type=\"application\/ld+json\" class=\"yoast-schema-graph\">{\"@context\":\"https:\\\/\\\/schema.org\",\"@graph\":[{\"@type\":\"WebPage\",\"@id\":\"https:\\\/\\\/sanremoweekend.it\\\/holidays-in-san-remo\\\/new-years-eve-in-san-remo\\\/\",\"url\":\"https:\\\/\\\/sanremoweekend.it\\\/holidays-in-san-remo\\\/new-years-eve-in-san-remo\\\/\",\"name\":\"R\u00e9veillon du jour de l'an a San Remo | Sanremo Weekend Special Offers\",\"isPartOf\":{\"@id\":\"https:\\\/\\\/sanremoweekend.it\\\/#website\"},\"primaryImageOfPage\":{\"@id\":\"https:\\\/\\\/sanremoweekend.it\\\/holidays-in-san-remo\\\/new-years-eve-in-san-remo\\\/#primaryimage\"},\"image\":{\"@id\":\"https:\\\/\\\/sanremoweekend.it\\\/holidays-in-san-remo\\\/new-years-eve-in-san-remo\\\/#primaryimage\"},\"thumbnailUrl\":\"https:\\\/\\\/sanremoweekend.it\\\/wp-content\\\/uploads\\\/2016\\\/08\\\/IMG_3622.jpg\",\"datePublished\":\"2016-10-04T19:16:37+00:00\",\"dateModified\":\"2023-06-27T09:16:59+00:00\",\"description\":\"R\u00e9servez votre h\u00f4tel pour la Saint-Sylvestre \u00e0 San Remo. Passez des f\u00eates m\u00e9morables du nouvel an \u00e0 San Remo et profitez de notre h\u00f4tel 4 \u00e9toiles.\",\"breadcrumb\":{\"@id\":\"https:\\\/\\\/sanremoweekend.it\\\/holidays-in-san-remo\\\/new-years-eve-in-san-remo\\\/#breadcrumb\"},\"inLanguage\":\"fr-FR\",\"potentialAction\":[{\"@type\":\"ReadAction\",\"target\":[\"https:\\\/\\\/sanremoweekend.it\\\/holidays-in-san-remo\\\/new-years-eve-in-san-remo\\\/\"]}]},{\"@type\":\"ImageObject\",\"inLanguage\":\"fr-FR\",\"@id\":\"https:\\\/\\\/sanremoweekend.it\\\/holidays-in-san-remo\\\/new-years-eve-in-san-remo\\\/#primaryimage\",\"url\":\"https:\\\/\\\/sanremoweekend.it\\\/wp-content\\\/uploads\\\/2016\\\/08\\\/IMG_3622.jpg\",\"contentUrl\":\"https:\\\/\\\/sanremoweekend.it\\\/wp-content\\\/uploads\\\/2016\\\/08\\\/IMG_3622.jpg\",\"width\":1620,\"height\":1080,\"caption\":\"capodanno a sanremo, silvester in sanremo, \u041d\u043e\u0432\u044b\u0439 \u0433\u043e\u0434 \u0432 \u0421\u0430\u043d-\u0420\u0435\u043c\u043e\"},{\"@type\":\"BreadcrumbList\",\"@id\":\"https:\\\/\\\/sanremoweekend.it\\\/holidays-in-san-remo\\\/new-years-eve-in-san-remo\\\/#breadcrumb\",\"itemListElement\":[{\"@type\":\"ListItem\",\"position\":1,\"name\":\"Home\",\"item\":\"https:\\\/\\\/sanremoweekend.it\\\/fr\\\/\"},{\"@type\":\"ListItem\",\"position\":2,\"name\":\"Vacances \u00e0 San Remo\",\"item\":\"https:\\\/\\\/sanremoweekend.it\\\/fr\\\/vacances-a-san-remo\\\/\"},{\"@type\":\"ListItem\",\"position\":3,\"name\":\"R\u00e9veillon du jour de l&#8217;an a San Remo\"}]},{\"@type\":\"WebSite\",\"@id\":\"https:\\\/\\\/sanremoweekend.it\\\/#website\",\"url\":\"https:\\\/\\\/sanremoweekend.it\\\/\",\"name\":\"Sanremo Weekend\",\"description\":\"Hotel 4 \u00e9toiles \u00e0 San Remo\",\"potentialAction\":[{\"@type\":\"SearchAction\",\"target\":{\"@type\":\"EntryPoint\",\"urlTemplate\":\"https:\\\/\\\/sanremoweekend.it\\\/?s={search_term_string}\"},\"query-input\":{\"@type\":\"PropertyValueSpecification\",\"valueRequired\":true,\"valueName\":\"search_term_string\"}}],\"inLanguage\":\"fr-FR\"}]}<\/script>\n<!-- \/ Yoast SEO plugin. -->","yoast_head_json":{"title":"R\u00e9veillon du jour de l'an a San Remo | Sanremo Weekend Special Offers","description":"R\u00e9servez votre h\u00f4tel pour la Saint-Sylvestre \u00e0 San Remo. Passez des f\u00eates m\u00e9morables du nouvel an \u00e0 San Remo et profitez de notre h\u00f4tel 4 \u00e9toiles.","robots":{"index":"index","follow":"follow","max-snippet":"max-snippet:-1","max-image-preview":"max-image-preview:large","max-video-preview":"max-video-preview:-1"},"canonical":"https:\/\/sanremoweekend.it\/holidays-in-san-remo\/new-years-eve-in-san-remo\/","og_locale":"fr_FR","og_type":"article","og_title":"R\u00e9veillon du jour de l'an a San Remo | Sanremo Weekend Special Offers","og_description":"R\u00e9servez votre h\u00f4tel pour la Saint-Sylvestre \u00e0 San Remo. Passez des f\u00eates m\u00e9morables du nouvel an \u00e0 San Remo et profitez de notre h\u00f4tel 4 \u00e9toiles.","og_url":"https:\/\/sanremoweekend.it\/holidays-in-san-remo\/new-years-eve-in-san-remo\/","og_site_name":"Sanremo Weekend","article_modified_time":"2023-06-27T09:16:59+00:00","og_image":[{"width":1620,"height":1080,"url":"https:\/\/sanremoweekend.it\/wp-content\/uploads\/2016\/08\/IMG_3622.jpg","type":"image\/jpeg"}],"twitter_card":"summary_large_image","twitter_misc":{"Dur\u00e9e de lecture estim\u00e9e":"4 minutes"},"schema":{"@context":"https:\/\/schema.org","@graph":[{"@type":"WebPage","@id":"https:\/\/sanremoweekend.it\/holidays-in-san-remo\/new-years-eve-in-san-remo\/","url":"https:\/\/sanremoweekend.it\/holidays-in-san-remo\/new-years-eve-in-san-remo\/","name":"R\u00e9veillon du jour de l'an a San Remo | Sanremo Weekend Special Offers","isPartOf":{"@id":"https:\/\/sanremoweekend.it\/#website"},"primaryImageOfPage":{"@id":"https:\/\/sanremoweekend.it\/holidays-in-san-remo\/new-years-eve-in-san-remo\/#primaryimage"},"image":{"@id":"https:\/\/sanremoweekend.it\/holidays-in-san-remo\/new-years-eve-in-san-remo\/#primaryimage"},"thumbnailUrl":"https:\/\/sanremoweekend.it\/wp-content\/uploads\/2016\/08\/IMG_3622.jpg","datePublished":"2016-10-04T19:16:37+00:00","dateModified":"2023-06-27T09:16:59+00:00","description":"R\u00e9servez votre h\u00f4tel pour la Saint-Sylvestre \u00e0 San Remo. Passez des f\u00eates m\u00e9morables du nouvel an \u00e0 San Remo et profitez de notre h\u00f4tel 4 \u00e9toiles.","breadcrumb":{"@id":"https:\/\/sanremoweekend.it\/holidays-in-san-remo\/new-years-eve-in-san-remo\/#breadcrumb"},"inLanguage":"fr-FR","potentialAction":[{"@type":"ReadAction","target":["https:\/\/sanremoweekend.it\/holidays-in-san-remo\/new-years-eve-in-san-remo\/"]}]},{"@type":"ImageObject","inLanguage":"fr-FR","@id":"https:\/\/sanremoweekend.it\/holidays-in-san-remo\/new-years-eve-in-san-remo\/#primaryimage","url":"https:\/\/sanremoweekend.it\/wp-content\/uploads\/2016\/08\/IMG_3622.jpg","contentUrl":"https:\/\/sanremoweekend.it\/wp-content\/uploads\/2016\/08\/IMG_3622.jpg","width":1620,"height":1080,"caption":"capodanno a sanremo, silvester in sanremo, \u041d\u043e\u0432\u044b\u0439 \u0433\u043e\u0434 \u0432 \u0421\u0430\u043d-\u0420\u0435\u043c\u043e"},{"@type":"BreadcrumbList","@id":"https:\/\/sanremoweekend.it\/holidays-in-san-remo\/new-years-eve-in-san-remo\/#breadcrumb","itemListElement":[{"@type":"ListItem","position":1,"name":"Home","item":"https:\/\/sanremoweekend.it\/fr\/"},{"@type":"ListItem","position":2,"name":"Vacances \u00e0 San Remo","item":"https:\/\/sanremoweekend.it\/fr\/vacances-a-san-remo\/"},{"@type":"ListItem","position":3,"name":"R\u00e9veillon du jour de l&#8217;an a San Remo"}]},{"@type":"WebSite","@id":"https:\/\/sanremoweekend.it\/#website","url":"https:\/\/sanremoweekend.it\/","name":"Sanremo Weekend","description":"Hotel 4 \u00e9toiles \u00e0 San Remo","potentialAction":[{"@type":"SearchAction","target":{"@type":"EntryPoint","urlTemplate":"https:\/\/sanremoweekend.it\/?s={search_term_string}"},"query-input":{"@type":"PropertyValueSpecification","valueRequired":true,"valueName":"search_term_string"}}],"inLanguage":"fr-FR"}]}},"_links":{"self":[{"href":"https:\/\/sanremoweekend.it\/fr\/wp-json\/wp\/v2\/pages\/1896","targetHints":{"allow":["GET"]}}],"collection":[{"href":"https:\/\/sanremoweekend.it\/fr\/wp-json\/wp\/v2\/pages"}],"about":[{"href":"https:\/\/sanremoweekend.it\/fr\/wp-json\/wp\/v2\/types\/page"}],"author":[{"embeddable":true,"href":"https:\/\/sanremoweekend.it\/fr\/wp-json\/wp\/v2\/users\/3"}],"replies":[{"embeddable":true,"href":"https:\/\/sanremoweekend.it\/fr\/wp-json\/wp\/v2\/comments?post=1896"}],"version-history":[{"count":0,"href":"https:\/\/sanremoweekend.it\/fr\/wp-json\/wp\/v2\/pages\/1896\/revisions"}],"up":[{"embeddable":true,"href":"https:\/\/sanremoweekend.it\/fr\/wp-json\/wp\/v2\/pages\/4841"}],"wp:featuredmedia":[{"embeddable":true,"href":"https:\/\/sanremoweekend.it\/fr\/wp-json\/wp\/v2\/media\/1118"}],"wp:attachment":[{"href":"https:\/\/sanremoweekend.it\/fr\/wp-json\/wp\/v2\/media?parent=1896"}],"curies":[{"name":"wp","href":"https:\/\/api.w.org\/{rel}","templated":true}]}}