{"id":1902,"date":"2016-10-02T13:25:40","date_gmt":"2016-10-02T11:25:40","guid":{"rendered":"http:\/\/www.nyalahotel.biz\/fr\/?page_id=1902"},"modified":"2023-07-12T14:17:21","modified_gmt":"2023-07-12T12:17:21","slug":"carnaval-sur-la-cote-dazur-fevrier","status":"publish","type":"page","link":"https:\/\/sanremoweekend.it\/fr\/grands-evenements\/carnaval-sur-la-cote-dazur-fevrier\/","title":{"rendered":"Carnaval de Nice"},"content":{"rendered":"<h2 style=\"text-align: center;\">Carnaval de Nice<\/h2>\n<p style=\"text-align: center; font-size: 18px;\">R\u00e9servez votre s\u00e9jour dans notre h\u00f4tel 4 \u00e9toiles \u00e0 San Remo pour participer au <strong>Carnaval de Nice<\/strong><\/p>\n<p style=\"text-align: center;\"><a class=\"maxbutton-3 maxbutton maxbutton-reserver\" target=\"_blank\" rel=\"noopener\" href=\"https:\/\/sanremoweekend.it\/fr\/info\/\"><span class='mb-text'>Reserver<\/span><\/a><\/p>\n<div class=\"responsive-tabs\">\n<h2 class=\"tabtitle\">Presentation<\/h2>\n<div class=\"tabcontent\">\n\n\n\t\t<style type=\"text\/css\">\n\t\t\t#gallery-1 {\n\t\t\t\tmargin: auto;\n\t\t\t}\n\t\t\t#gallery-1 .gallery-item {\n\t\t\t\tfloat: left;\n\t\t\t\tmargin-top: 10px;\n\t\t\t\ttext-align: center;\n\t\t\t\twidth: 33%;\n\t\t\t}\n\t\t\t#gallery-1 img {\n\t\t\t\tborder: 2px solid #cfcfcf;\n\t\t\t}\n\t\t\t#gallery-1 .gallery-caption {\n\t\t\t\tmargin-left: 0;\n\t\t\t}\n\t\t\t\/* see gallery_shortcode() in wp-includes\/media.php *\/\n\t\t<\/style>\n\t\t<div id='gallery-1' class='gallery galleryid-1902 gallery-columns-3 gallery-size-thumbnail'><dl class='gallery-item'>\n\t\t\t<dt class='gallery-icon landscape'>\n\t\t\t\t<a title=\"carnevale di nizza nice carnival carnaval de nice pictures (6)\" href='https:\/\/sanremoweekend.it\/wp-content\/uploads\/2020\/01\/carnevale-di-nizza-nice-carnival-carnaval-de-nice-pictures-6.jpg'><img loading=\"lazy\" decoding=\"async\" width=\"150\" height=\"150\" src=\"https:\/\/sanremoweekend.it\/wp-content\/uploads\/2020\/01\/carnevale-di-nizza-nice-carnival-carnaval-de-nice-pictures-6-150x150.jpg\" class=\"attachment-thumbnail size-thumbnail\" alt=\"\" srcset=\"https:\/\/sanremoweekend.it\/wp-content\/uploads\/2020\/01\/carnevale-di-nizza-nice-carnival-carnaval-de-nice-pictures-6-150x150.jpg 150w, https:\/\/sanremoweekend.it\/wp-content\/uploads\/2020\/01\/carnevale-di-nizza-nice-carnival-carnaval-de-nice-pictures-6-300x300.jpg 300w, https:\/\/sanremoweekend.it\/wp-content\/uploads\/2020\/01\/carnevale-di-nizza-nice-carnival-carnaval-de-nice-pictures-6-2x1.jpg 2w\" sizes=\"(max-width: 150px) 100vw, 150px\" \/><\/a>\n\t\t\t<\/dt><\/dl><dl class='gallery-item'>\n\t\t\t<dt class='gallery-icon landscape'>\n\t\t\t\t<a title=\"carnevale di nizza nice carnival carnaval de nice pictures (5)\" href='https:\/\/sanremoweekend.it\/wp-content\/uploads\/2020\/01\/carnevale-di-nizza-nice-carnival-carnaval-de-nice-pictures-5.jpg'><img loading=\"lazy\" decoding=\"async\" width=\"150\" height=\"150\" src=\"https:\/\/sanremoweekend.it\/wp-content\/uploads\/2020\/01\/carnevale-di-nizza-nice-carnival-carnaval-de-nice-pictures-5-150x150.jpg\" class=\"attachment-thumbnail size-thumbnail\" alt=\"\" srcset=\"https:\/\/sanremoweekend.it\/wp-content\/uploads\/2020\/01\/carnevale-di-nizza-nice-carnival-carnaval-de-nice-pictures-5-150x150.jpg 150w, https:\/\/sanremoweekend.it\/wp-content\/uploads\/2020\/01\/carnevale-di-nizza-nice-carnival-carnaval-de-nice-pictures-5-300x300.jpg 300w, https:\/\/sanremoweekend.it\/wp-content\/uploads\/2020\/01\/carnevale-di-nizza-nice-carnival-carnaval-de-nice-pictures-5-2x1.jpg 2w\" sizes=\"(max-width: 150px) 100vw, 150px\" \/><\/a>\n\t\t\t<\/dt><\/dl><dl class='gallery-item'>\n\t\t\t<dt class='gallery-icon landscape'>\n\t\t\t\t<a title=\"carnevale di nizza nice carnival carnaval de nice pictures (4)\" href='https:\/\/sanremoweekend.it\/wp-content\/uploads\/2020\/01\/carnevale-di-nizza-nice-carnival-carnaval-de-nice-pictures-4.jpg'><img loading=\"lazy\" decoding=\"async\" width=\"150\" height=\"150\" src=\"https:\/\/sanremoweekend.it\/wp-content\/uploads\/2020\/01\/carnevale-di-nizza-nice-carnival-carnaval-de-nice-pictures-4-150x150.jpg\" class=\"attachment-thumbnail size-thumbnail\" alt=\"\" srcset=\"https:\/\/sanremoweekend.it\/wp-content\/uploads\/2020\/01\/carnevale-di-nizza-nice-carnival-carnaval-de-nice-pictures-4-150x150.jpg 150w, https:\/\/sanremoweekend.it\/wp-content\/uploads\/2020\/01\/carnevale-di-nizza-nice-carnival-carnaval-de-nice-pictures-4-300x300.jpg 300w, https:\/\/sanremoweekend.it\/wp-content\/uploads\/2020\/01\/carnevale-di-nizza-nice-carnival-carnaval-de-nice-pictures-4-2x1.jpg 2w\" sizes=\"(max-width: 150px) 100vw, 150px\" \/><\/a>\n\t\t\t<\/dt><\/dl><br style=\"clear: both\" \/><dl class='gallery-item'>\n\t\t\t<dt class='gallery-icon landscape'>\n\t\t\t\t<a title=\"carnevale di nizza nice carnival carnaval de nice pictures (3)\" href='https:\/\/sanremoweekend.it\/wp-content\/uploads\/2020\/01\/carnevale-di-nizza-nice-carnival-carnaval-de-nice-pictures-3.jpg'><img loading=\"lazy\" decoding=\"async\" width=\"150\" height=\"150\" src=\"https:\/\/sanremoweekend.it\/wp-content\/uploads\/2020\/01\/carnevale-di-nizza-nice-carnival-carnaval-de-nice-pictures-3-150x150.jpg\" class=\"attachment-thumbnail size-thumbnail\" alt=\"\" srcset=\"https:\/\/sanremoweekend.it\/wp-content\/uploads\/2020\/01\/carnevale-di-nizza-nice-carnival-carnaval-de-nice-pictures-3-150x150.jpg 150w, https:\/\/sanremoweekend.it\/wp-content\/uploads\/2020\/01\/carnevale-di-nizza-nice-carnival-carnaval-de-nice-pictures-3-300x300.jpg 300w, https:\/\/sanremoweekend.it\/wp-content\/uploads\/2020\/01\/carnevale-di-nizza-nice-carnival-carnaval-de-nice-pictures-3-2x1.jpg 2w\" sizes=\"(max-width: 150px) 100vw, 150px\" \/><\/a>\n\t\t\t<\/dt><\/dl><dl class='gallery-item'>\n\t\t\t<dt class='gallery-icon landscape'>\n\t\t\t\t<a title=\"carnevale di nizza nice carnival carnaval de nice pictures (2)\" href='https:\/\/sanremoweekend.it\/wp-content\/uploads\/2020\/01\/carnevale-di-nizza-nice-carnival-carnaval-de-nice-pictures-2.jpg'><img loading=\"lazy\" decoding=\"async\" width=\"150\" height=\"150\" src=\"https:\/\/sanremoweekend.it\/wp-content\/uploads\/2020\/01\/carnevale-di-nizza-nice-carnival-carnaval-de-nice-pictures-2-150x150.jpg\" class=\"attachment-thumbnail size-thumbnail\" alt=\"\" srcset=\"https:\/\/sanremoweekend.it\/wp-content\/uploads\/2020\/01\/carnevale-di-nizza-nice-carnival-carnaval-de-nice-pictures-2-150x150.jpg 150w, https:\/\/sanremoweekend.it\/wp-content\/uploads\/2020\/01\/carnevale-di-nizza-nice-carnival-carnaval-de-nice-pictures-2-300x300.jpg 300w, https:\/\/sanremoweekend.it\/wp-content\/uploads\/2020\/01\/carnevale-di-nizza-nice-carnival-carnaval-de-nice-pictures-2-2x1.jpg 2w\" sizes=\"(max-width: 150px) 100vw, 150px\" \/><\/a>\n\t\t\t<\/dt><\/dl><dl class='gallery-item'>\n\t\t\t<dt class='gallery-icon landscape'>\n\t\t\t\t<a title=\"carnevale di nizza nice carnival carnaval de nice pictures (1)\" href='https:\/\/sanremoweekend.it\/wp-content\/uploads\/2020\/01\/carnevale-di-nizza-nice-carnival-carnaval-de-nice-pictures-1.jpg'><img loading=\"lazy\" decoding=\"async\" width=\"150\" height=\"150\" src=\"https:\/\/sanremoweekend.it\/wp-content\/uploads\/2020\/01\/carnevale-di-nizza-nice-carnival-carnaval-de-nice-pictures-1-150x150.jpg\" class=\"attachment-thumbnail size-thumbnail\" alt=\"\" srcset=\"https:\/\/sanremoweekend.it\/wp-content\/uploads\/2020\/01\/carnevale-di-nizza-nice-carnival-carnaval-de-nice-pictures-1-150x150.jpg 150w, https:\/\/sanremoweekend.it\/wp-content\/uploads\/2020\/01\/carnevale-di-nizza-nice-carnival-carnaval-de-nice-pictures-1-300x300.jpg 300w, https:\/\/sanremoweekend.it\/wp-content\/uploads\/2020\/01\/carnevale-di-nizza-nice-carnival-carnaval-de-nice-pictures-1-2x1.jpg 2w\" sizes=\"(max-width: 150px) 100vw, 150px\" \/><\/a>\n\t\t\t<\/dt><\/dl><br style=\"clear: both\" \/>\n\t\t<\/div>\n\n<p>Photo Credits: CRT C\u00f4te d&#8217;Azur France<\/p>\n<p>&nbsp;<\/p>\n<p align=\"justify\">Le carnaval de Nice est le plus important de France et l&#8217;un des plus c\u00e9l\u00e8bres d&#8217;Europe. Il a lieu chaque ann\u00e9e au mois de f\u00e9vrier et attire pr\u00e8s d\u2019un million de visiteurs de toutes nationalit\u00e9s.<\/p>\n<p align=\"justify\">Chaque jour, pendant la p\u00e9riode du carnaval, il se passe quelque chose. Le jour le plus populaire est la bataille des chars de fleurs, au cours de laquelle environ 20 chars jettent devant la foule plus de 100 000 fleurs fra\u00eechement coup\u00e9es.<\/p>\n<p align=\"justify\">Le Carnaval de Nice est une grande f\u00eate qui fait partie des plus beaux carnavals du monde ! Profitez du carnaval et de l\u2019opportunit\u00e9 de d\u00e9couvrir cette magnifique r\u00e9gion. Restez \u00e0 San Remo, d\u00e9tendez-vous, d\u00e9couvrez la Riviera et choisissez \u00e0 quel moment faire une excursion d&#8217;une journ\u00e9e au carnaval de Nice. Vous allez adorer !<\/p>\n\n<\/div><h2 class=\"tabtitle\">Notre offre comprend<\/h2>\n<div class=\"tabcontent\">\n\n<p style=\"text-align: center; font-size: 18px;\"><strong>Programme du carnaval de Nice<\/strong><\/p>\n<p style=\"text-align: center; font-size: 18px;\">Visitez <a href=\"https:\/\/carnevalenizza.it\/\" target=\"_blank\" rel=\"noopener noreferrer\">ce site internet<\/a> et obtenez plus d&#8217;informations sur le programme, et notamment sur comment r\u00e9server des billets et des formules touristiques.<\/p>\n<p>&nbsp;<\/p>\n<h3 style=\"text-align: center;\"><strong>OFFRE &#8220;CARNAVAL DE NICE A SAN REMO&#8221;<\/strong><\/h3>\n<table class=\"aligncenter\" style=\"border-color: #000000; width: 62.9135%; height: 227px;\" border=\"1\" cellpadding=\"5\">\n<tbody>\n<tr style=\"height: 96px;\">\n<td style=\"text-align: right; width: 12.6949%; height: 96px;\"><\/td>\n<td style=\"text-align: right; width: 6.62773%; height: 96px;\"><span style=\"color: #ff0000;\"><b>Basse saison<\/b><\/span><\/td>\n<td style=\"text-align: right; width: 6.0804%;\"><span style=\"color: #ff0000;\"><strong>Moyenne saison<\/strong><\/span><\/td>\n<td style=\"text-align: right; width: 5.27068%;\"><span style=\"color: #ff0000;\"><strong>Longs Week-ends &amp; Jours f\u00e9ri\u00e9s<\/strong><\/span><\/td>\n<\/tr>\n<tr>\n<td style=\"text-align: right; width: 12.6949%;\"><span style=\"color: #ff0000;\"><strong>Offre Silver<\/strong><\/span><\/td>\n<td style=\"text-align: right; width: 6.62773%;\"><span style=\"color: #ff0000;\"><strong>&#8212;<\/strong><\/span><\/td>\n<td style=\"text-align: right; width: 6.0804%;\"><span style=\"color: #ff0000;\"><strong>&#8212; <\/strong><\/span><\/td>\n<td style=\"text-align: right; width: 5.27068%;\"><span style=\"color: #ff0000;\"><strong>195.00 \u20ac<\/strong><\/span><\/td>\n<\/tr>\n<tr style=\"height: 48px;\">\n<td style=\"text-align: right; width: 12.6949%; height: 48px;\"><span style=\"color: #ff0000;\"><strong>Offre Gold<\/strong><\/span><\/td>\n<td style=\"text-align: right; width: 6.62773%; height: 48px;\"><span style=\"color: #ff0000;\"><strong>&#8212;<\/strong><\/span><\/td>\n<td style=\"text-align: right; width: 6.0804%; height: 48px;\"><span style=\"color: #ff0000;\"><strong>&#8212;<\/strong><\/span><\/td>\n<td style=\"text-align: right; width: 5.27068%;\"><span style=\"color: #ff0000;\"><strong>239.00 \u20ac<\/strong><\/span><\/td>\n<\/tr>\n<\/tbody>\n<\/table>\n<p>&nbsp;<\/p>\n<p style=\"text-align: center;\">Prix par personne<\/p>\n<p>Le tarif comprend :<\/p>\n<ul>\n<li>2 x nuits<\/li>\n<li>2 x petits-d\u00e9jeuners<\/li>\n<li>1 x d\u00eener \u00e0 l&#8217;h\u00f4tel avec un menu \u00e0 3 plats<\/li>\n<li><strong>1 x billet d&#8217;entr\u00e9e pour le carnaval<\/strong><\/li>\n<li>assistance de notre agence<\/li>\n<li>une place de parking priv\u00e9e, sous r\u00e9serve de disponibilit\u00e9<\/li>\n<li>service gratuit de navette entre l&#8217;h\u00f4tel et le centre-ville (de 9h \u00e0 18h)<\/li>\n<li><b>la carte de membre Sanremo-On<\/b> qui offre des r\u00e9ductions dans une s\u00e9lection de boutiques de v\u00eatements et d&#8217;accessoires, ainsi que dans des restaurants et des caf\u00e9s<\/li>\n<\/ul>\n<p>Le tarif ne comprend pas :<\/p>\n<ul>\n<li>Les billets pour le voyage<\/li>\n<li>La taxe de s\u00e9jour \u00e0 r\u00e9gler sur place<\/li>\n<li>Les extras et pourboires<\/li>\n<li>Tout ce qui n&#8217;est pas clairement indiqu\u00e9 dans la section &#8220;Le tarif comprend&#8221;<\/li>\n<\/ul>\n<p>H\u00e9bergement<\/p>\n<ul>\n<li>L&#8217; <strong>offre Silver<\/strong> comprend une <strong>chambre double<\/strong> au NYALA Suite Hotel de San Remo<\/li>\n<li>L&#8217; <strong>offre Gold<\/strong> comprend l&#8217;h\u00e9bergement dans une <strong> suite junio<\/strong><b>r<\/b> au NYALA Suite Hotel de San Remo<\/li>\n<\/ul>\n\n<\/div><h2 class=\"tabtitle\">Politique de reservation<\/h2>\n<div class=\"tabcontent\">\n\n<p lang=\"en-US\"><span style=\"color: #212121;\"><span style=\"font-family: inherit;\"><span style=\"font-size: medium;\"><strong><span style=\"font-family: INHERIT;\">POLITIQUE DE RESERVATION<\/span><\/strong><\/span><\/span><\/span><\/p>\n<ul>\n<li>\n<p lang=\"en-US\"><span style=\"color: #212121;\"><span style=\"font-family: INHERIT;\"><span style=\"font-size: medium;\">La commercialisation de l&#8217;offre &#8220;Sanremo Weekend&#8221; est g\u00e9r\u00e9e par l&#8217;agence de voyage Nyala Wonder Travel.<\/span><\/span><\/span><\/p>\n<\/li>\n<li>\n<p lang=\"en-US\"><span style=\"color: #212121;\"><span style=\"font-family: INHERIT;\"><span style=\"font-size: medium;\">Frais de gestion: 5% du montant de l&#8217;offre confirm\u00e9e.<\/span><\/span><\/span><\/p>\n<\/li>\n<li>\n<p lang=\"en-US\"><span style=\"color: #212121;\"><span style=\"font-family: INHERIT;\"><span style=\"font-size: medium;\">Paiement : lors de la confirmation de la r\u00e9servation par carte de cr\u00e9dit ou virement bancaire.<\/span><\/span><\/span><\/p>\n<\/li>\n<li>\n<p lang=\"en-US\"><span style=\"color: #212121;\"><span style=\"font-family: INHERIT;\"><span style=\"font-size: medium;\">P\u00e9nalit\u00e9s en cas d&#8217;annulation : remboursement complet pour les annulations effectu\u00e9es 61 jours avant la date d&#8217;arriv\u00e9e pr\u00e9vue, p\u00e9nalit\u00e9 de 50% pour les annulations effectu\u00e9es dans les 31 jours pr\u00e9c\u00e9dant la date d&#8217;arriv\u00e9e pr\u00e9vue, p\u00e9nalit\u00e9 de 100% pour les annulations effectu\u00e9es dans les 30 jours pr\u00e9c\u00e9dant la date d&#8217;arriv\u00e9e pr\u00e9vue.<\/span><\/span><\/span><\/p>\n<\/li>\n<li>\n<p lang=\"en-US\"><span style=\"color: #212121;\"><span style=\"font-family: INHERIT;\"><span style=\"font-size: medium;\">Frais de modification de r\u00e9servation : sans frais jusqu&#8217;\u00e0 31 jours avant la date d&#8217;arriv\u00e9e pr\u00e9vue, 100% pour les modifications effectu\u00e9es moins de 30 jours avant la date d&#8217;arriv\u00e9e pr\u00e9vue.<\/span><\/span><\/span><\/p>\n<\/li>\n<li>\n<p lang=\"en-US\"><span style=\"font-family: INHERIT;\"><span style=\"font-size: medium;\"><span style=\"color: #212121;\">Frais de transfert du contrat \u00e0 des tiers (Art. 38 du Code du tourisme) : sans frais jusqu&#8217;\u00e0 31 jours avant la date d&#8217;arriv\u00e9e pr\u00e9vue, 20% du montant du forfait pour les transferts effectu\u00e9s moins de 30 jours avant la date d&#8217;arriv\u00e9e pr\u00e9vue.<\/span> <\/span><\/span><\/p>\n<\/li>\n<li>\n<p lang=\"en-US\"><span style=\"color: #003000;\">Les frais de gestion administratifs<span style=\"font-family: INHERIT;\"><span style=\"font-size: medium;\">ne sont jamais remboursables en cas de modification ou d&#8217;annulation.<\/span><\/span><\/span><\/p>\n<\/li>\n<\/ul>\n<\/div><\/div>\n","protected":false},"excerpt":{"rendered":"<p>Le carnaval de Nice est le plus important de France et l&#8217;un des plus c\u00e9l\u00e8bres d&#8217;Europe. Il a lieu chaque ann\u00e9e au mois de f\u00e9vrier et attire  pr\u00e8s d\u2019un million de visiteurs de toutes nationalit\u00e9s.<\/p>\n","protected":false},"author":3,"featured_media":1084,"parent":3305,"menu_order":0,"comment_status":"open","ping_status":"closed","template":"content-page-template.php","meta":{"_acf_changed":false,"_et_pb_use_builder":"","_et_pb_old_content":"","_et_gb_content_width":"","footnotes":""},"class_list":["post-1902","page","type-page","status-publish","has-post-thumbnail","hentry"],"acf":[],"yoast_head":"<!-- This site is optimized with the Yoast SEO plugin v27.4 - https:\/\/yoast.com\/product\/yoast-seo-wordpress\/ -->\n<title>Carnaval de Nice | Sanremo Weekend<\/title>\n<meta name=\"description\" content=\"R\u00e9servez notre offre sp\u00e9ciale qui comprend l&#039;h\u00f4tel et les billets d&#039;entr\u00e9e pour le Carnaval de Nice. Le carnaval de Nice est le plus important en France.\" \/>\n<meta name=\"robots\" content=\"index, follow, max-snippet:-1, max-image-preview:large, max-video-preview:-1\" \/>\n<link rel=\"canonical\" href=\"https:\/\/sanremoweekend.it\/events-in-san-remo\/nice-carnival\/\" \/>\n<meta property=\"og:locale\" content=\"fr_FR\" \/>\n<meta property=\"og:type\" content=\"article\" \/>\n<meta property=\"og:title\" content=\"Carnaval de Nice | Sanremo Weekend\" \/>\n<meta property=\"og:description\" content=\"R\u00e9servez notre offre sp\u00e9ciale qui comprend l&#039;h\u00f4tel et les billets d&#039;entr\u00e9e pour le Carnaval de Nice. Le carnaval de Nice est le plus important en France.\" \/>\n<meta property=\"og:url\" content=\"https:\/\/sanremoweekend.it\/events-in-san-remo\/nice-carnival\/\" \/>\n<meta property=\"og:site_name\" content=\"Sanremo Weekend\" \/>\n<meta property=\"article:modified_time\" content=\"2023-07-12T12:17:21+00:00\" \/>\n<meta property=\"og:image\" content=\"https:\/\/sanremoweekend.it\/wp-content\/uploads\/2015\/04\/carnevalefrench.jpg\" \/>\n\t<meta property=\"og:image:width\" content=\"1620\" \/>\n\t<meta property=\"og:image:height\" content=\"1080\" \/>\n\t<meta property=\"og:image:type\" content=\"image\/jpeg\" \/>\n<meta name=\"twitter:card\" content=\"summary_large_image\" \/>\n<meta name=\"twitter:label1\" content=\"Dur\u00e9e de lecture estim\u00e9e\" \/>\n\t<meta name=\"twitter:data1\" content=\"3 minutes\" \/>\n<script type=\"application\/ld+json\" class=\"yoast-schema-graph\">{\"@context\":\"https:\\\/\\\/schema.org\",\"@graph\":[{\"@type\":\"WebPage\",\"@id\":\"https:\\\/\\\/sanremoweekend.it\\\/events-in-san-remo\\\/nice-carnival\\\/\",\"url\":\"https:\\\/\\\/sanremoweekend.it\\\/events-in-san-remo\\\/nice-carnival\\\/\",\"name\":\"Carnaval de Nice | Sanremo Weekend\",\"isPartOf\":{\"@id\":\"https:\\\/\\\/sanremoweekend.it\\\/#website\"},\"primaryImageOfPage\":{\"@id\":\"https:\\\/\\\/sanremoweekend.it\\\/events-in-san-remo\\\/nice-carnival\\\/#primaryimage\"},\"image\":{\"@id\":\"https:\\\/\\\/sanremoweekend.it\\\/events-in-san-remo\\\/nice-carnival\\\/#primaryimage\"},\"thumbnailUrl\":\"https:\\\/\\\/sanremoweekend.it\\\/wp-content\\\/uploads\\\/2015\\\/04\\\/carnevalefrench.jpg\",\"datePublished\":\"2016-10-02T11:25:40+00:00\",\"dateModified\":\"2023-07-12T12:17:21+00:00\",\"description\":\"R\u00e9servez notre offre sp\u00e9ciale qui comprend l'h\u00f4tel et les billets d'entr\u00e9e pour le Carnaval de Nice. Le carnaval de Nice est le plus important en France.\",\"breadcrumb\":{\"@id\":\"https:\\\/\\\/sanremoweekend.it\\\/events-in-san-remo\\\/nice-carnival\\\/#breadcrumb\"},\"inLanguage\":\"fr-FR\",\"potentialAction\":[{\"@type\":\"ReadAction\",\"target\":[\"https:\\\/\\\/sanremoweekend.it\\\/events-in-san-remo\\\/nice-carnival\\\/\"]}]},{\"@type\":\"ImageObject\",\"inLanguage\":\"fr-FR\",\"@id\":\"https:\\\/\\\/sanremoweekend.it\\\/events-in-san-remo\\\/nice-carnival\\\/#primaryimage\",\"url\":\"https:\\\/\\\/sanremoweekend.it\\\/wp-content\\\/uploads\\\/2015\\\/04\\\/carnevalefrench.jpg\",\"contentUrl\":\"https:\\\/\\\/sanremoweekend.it\\\/wp-content\\\/uploads\\\/2015\\\/04\\\/carnevalefrench.jpg\",\"width\":1620,\"height\":1080,\"caption\":\"carnival nice, karneval, \u041a\u0430\u0440\u043d\u0430\u0432\u0430\u043b\"},{\"@type\":\"BreadcrumbList\",\"@id\":\"https:\\\/\\\/sanremoweekend.it\\\/events-in-san-remo\\\/nice-carnival\\\/#breadcrumb\",\"itemListElement\":[{\"@type\":\"ListItem\",\"position\":1,\"name\":\"Home\",\"item\":\"https:\\\/\\\/sanremoweekend.it\\\/fr\\\/\"},{\"@type\":\"ListItem\",\"position\":2,\"name\":\"Les \u00e9v\u00e9nements \u00e0 San Remo\",\"item\":\"https:\\\/\\\/sanremoweekend.it\\\/events-in-san-remo\\\/\"},{\"@type\":\"ListItem\",\"position\":3,\"name\":\"Carnaval de Nice\"}]},{\"@type\":\"WebSite\",\"@id\":\"https:\\\/\\\/sanremoweekend.it\\\/#website\",\"url\":\"https:\\\/\\\/sanremoweekend.it\\\/\",\"name\":\"Sanremo Weekend\",\"description\":\"Hotel 4 \u00e9toiles \u00e0 San Remo\",\"potentialAction\":[{\"@type\":\"SearchAction\",\"target\":{\"@type\":\"EntryPoint\",\"urlTemplate\":\"https:\\\/\\\/sanremoweekend.it\\\/?s={search_term_string}\"},\"query-input\":{\"@type\":\"PropertyValueSpecification\",\"valueRequired\":true,\"valueName\":\"search_term_string\"}}],\"inLanguage\":\"fr-FR\"}]}<\/script>\n<!-- \/ Yoast SEO plugin. -->","yoast_head_json":{"title":"Carnaval de Nice | Sanremo Weekend","description":"R\u00e9servez notre offre sp\u00e9ciale qui comprend l'h\u00f4tel et les billets d'entr\u00e9e pour le Carnaval de Nice. Le carnaval de Nice est le plus important en France.","robots":{"index":"index","follow":"follow","max-snippet":"max-snippet:-1","max-image-preview":"max-image-preview:large","max-video-preview":"max-video-preview:-1"},"canonical":"https:\/\/sanremoweekend.it\/events-in-san-remo\/nice-carnival\/","og_locale":"fr_FR","og_type":"article","og_title":"Carnaval de Nice | Sanremo Weekend","og_description":"R\u00e9servez notre offre sp\u00e9ciale qui comprend l'h\u00f4tel et les billets d'entr\u00e9e pour le Carnaval de Nice. Le carnaval de Nice est le plus important en France.","og_url":"https:\/\/sanremoweekend.it\/events-in-san-remo\/nice-carnival\/","og_site_name":"Sanremo Weekend","article_modified_time":"2023-07-12T12:17:21+00:00","og_image":[{"width":1620,"height":1080,"url":"https:\/\/sanremoweekend.it\/wp-content\/uploads\/2015\/04\/carnevalefrench.jpg","type":"image\/jpeg"}],"twitter_card":"summary_large_image","twitter_misc":{"Dur\u00e9e de lecture estim\u00e9e":"3 minutes"},"schema":{"@context":"https:\/\/schema.org","@graph":[{"@type":"WebPage","@id":"https:\/\/sanremoweekend.it\/events-in-san-remo\/nice-carnival\/","url":"https:\/\/sanremoweekend.it\/events-in-san-remo\/nice-carnival\/","name":"Carnaval de Nice | Sanremo Weekend","isPartOf":{"@id":"https:\/\/sanremoweekend.it\/#website"},"primaryImageOfPage":{"@id":"https:\/\/sanremoweekend.it\/events-in-san-remo\/nice-carnival\/#primaryimage"},"image":{"@id":"https:\/\/sanremoweekend.it\/events-in-san-remo\/nice-carnival\/#primaryimage"},"thumbnailUrl":"https:\/\/sanremoweekend.it\/wp-content\/uploads\/2015\/04\/carnevalefrench.jpg","datePublished":"2016-10-02T11:25:40+00:00","dateModified":"2023-07-12T12:17:21+00:00","description":"R\u00e9servez notre offre sp\u00e9ciale qui comprend l'h\u00f4tel et les billets d'entr\u00e9e pour le Carnaval de Nice. Le carnaval de Nice est le plus important en France.","breadcrumb":{"@id":"https:\/\/sanremoweekend.it\/events-in-san-remo\/nice-carnival\/#breadcrumb"},"inLanguage":"fr-FR","potentialAction":[{"@type":"ReadAction","target":["https:\/\/sanremoweekend.it\/events-in-san-remo\/nice-carnival\/"]}]},{"@type":"ImageObject","inLanguage":"fr-FR","@id":"https:\/\/sanremoweekend.it\/events-in-san-remo\/nice-carnival\/#primaryimage","url":"https:\/\/sanremoweekend.it\/wp-content\/uploads\/2015\/04\/carnevalefrench.jpg","contentUrl":"https:\/\/sanremoweekend.it\/wp-content\/uploads\/2015\/04\/carnevalefrench.jpg","width":1620,"height":1080,"caption":"carnival nice, karneval, \u041a\u0430\u0440\u043d\u0430\u0432\u0430\u043b"},{"@type":"BreadcrumbList","@id":"https:\/\/sanremoweekend.it\/events-in-san-remo\/nice-carnival\/#breadcrumb","itemListElement":[{"@type":"ListItem","position":1,"name":"Home","item":"https:\/\/sanremoweekend.it\/fr\/"},{"@type":"ListItem","position":2,"name":"Les \u00e9v\u00e9nements \u00e0 San Remo","item":"https:\/\/sanremoweekend.it\/events-in-san-remo\/"},{"@type":"ListItem","position":3,"name":"Carnaval de Nice"}]},{"@type":"WebSite","@id":"https:\/\/sanremoweekend.it\/#website","url":"https:\/\/sanremoweekend.it\/","name":"Sanremo Weekend","description":"Hotel 4 \u00e9toiles \u00e0 San Remo","potentialAction":[{"@type":"SearchAction","target":{"@type":"EntryPoint","urlTemplate":"https:\/\/sanremoweekend.it\/?s={search_term_string}"},"query-input":{"@type":"PropertyValueSpecification","valueRequired":true,"valueName":"search_term_string"}}],"inLanguage":"fr-FR"}]}},"_links":{"self":[{"href":"https:\/\/sanremoweekend.it\/fr\/wp-json\/wp\/v2\/pages\/1902","targetHints":{"allow":["GET"]}}],"collection":[{"href":"https:\/\/sanremoweekend.it\/fr\/wp-json\/wp\/v2\/pages"}],"about":[{"href":"https:\/\/sanremoweekend.it\/fr\/wp-json\/wp\/v2\/types\/page"}],"author":[{"embeddable":true,"href":"https:\/\/sanremoweekend.it\/fr\/wp-json\/wp\/v2\/users\/3"}],"replies":[{"embeddable":true,"href":"https:\/\/sanremoweekend.it\/fr\/wp-json\/wp\/v2\/comments?post=1902"}],"version-history":[{"count":0,"href":"https:\/\/sanremoweekend.it\/fr\/wp-json\/wp\/v2\/pages\/1902\/revisions"}],"up":[{"embeddable":true,"href":"https:\/\/sanremoweekend.it\/fr\/wp-json\/wp\/v2\/pages\/3305"}],"wp:featuredmedia":[{"embeddable":true,"href":"https:\/\/sanremoweekend.it\/fr\/wp-json\/wp\/v2\/media\/1084"}],"wp:attachment":[{"href":"https:\/\/sanremoweekend.it\/fr\/wp-json\/wp\/v2\/media?parent=1902"}],"curies":[{"name":"wp","href":"https:\/\/api.w.org\/{rel}","templated":true}]}}