{"id":1909,"date":"2016-10-02T13:46:40","date_gmt":"2016-10-02T11:46:40","guid":{"rendered":"http:\/\/www.nyalahotel.biz\/fr\/?page_id=1909"},"modified":"2026-02-03T15:38:39","modified_gmt":"2026-02-03T14:38:39","slug":"corso-fleuri-sanremo-en-fleurs","status":"publish","type":"page","link":"https:\/\/sanremoweekend.it\/fr\/grands-evenements\/corso-fleuri-sanremo-en-fleurs\/","title":{"rendered":"La parade florale du carnaval de San Remo"},"content":{"rendered":"<h2 style=\"text-align: center;\">La parade florale du carnaval de San Remo<\/h2>\n<h2 style=\"text-align: center;\">29 Mars 2026<\/h2>\n<p style=\"text-align: center;\">La parade florale du carnaval de San Remo, la <b>\u201c<em>Corso Fiorito<\/em>\u201d<\/b> avec son traditionnel d\u00e9fil\u00e9 de chars \u00e0 fleurs, est l&#8217;h\u00e9ritier des chariots fleuris de l&#8217;ancien <b>carnaval de San Remo<\/b> d\u00e9di\u00e9 \u00e0 la d\u00e9esse Flora, et qui remonte \u00e0 1904.<\/p>\n<p style=\"text-align: center;\"><a class=\"maxbutton-3 maxbutton maxbutton-reserver\" target=\"_blank\" rel=\"noopener\" href=\"https:\/\/sanremoweekend.it\/fr\/info\/\"><span class='mb-text'>Reserver<\/span><\/a><\/p>\n<div class=\"responsive-tabs\">\n<h2 class=\"tabtitle\">Pr\u00e9sentation<\/h2>\n<div class=\"tabcontent\">\n\n<p><a href=\"https:\/\/sanremoweekend.it\/wp\/wp-content\/uploads\/2015\/04\/carrofiorito.jpg\"><img loading=\"lazy\" decoding=\"async\" class=\"size-gallery-thumbnail wp-image-1073 aligncenter\" src=\"https:\/\/sanremoweekend.it\/wp-content\/uploads\/2015\/04\/carrofiorito-600x400.jpg\" alt=\"Carro fiorito Sanremo, Blumenparade, \u041f\u0430\u0440\u0430\u0434 \u0446\u0432\u0435\u0442\u043e\u0432\" width=\"600\" height=\"400\" srcset=\"https:\/\/sanremoweekend.it\/wp-content\/uploads\/2015\/04\/carrofiorito-600x400.jpg 600w, https:\/\/sanremoweekend.it\/wp-content\/uploads\/2015\/04\/carrofiorito-300x200.jpg 300w, https:\/\/sanremoweekend.it\/wp-content\/uploads\/2015\/04\/carrofiorito-768x512.jpg 768w, https:\/\/sanremoweekend.it\/wp-content\/uploads\/2015\/04\/carrofiorito-1024x683.jpg 1024w, https:\/\/sanremoweekend.it\/wp-content\/uploads\/2015\/04\/carrofiorito-2x1.jpg 2w, https:\/\/sanremoweekend.it\/wp-content\/uploads\/2015\/04\/carrofiorito.jpg 1620w\" sizes=\"(max-width: 600px) 100vw, 600px\" \/><\/a><\/p>\n<p>Chaque ann\u00e9e, des milliers de visiteurs sont captiv\u00e9s par les couleurs des <strong>chars \u00e0 fleurs de San Remo<\/strong>. Nous vous invitons \u00e0 profiter de nos tarifs pr\u00e9f\u00e9rentiels pour participer au d\u00e9fil\u00e9 traditionnel du <strong>carnaval de San Remo <\/strong>hors saison.<\/p>\n<h3><strong>La parade florale du carnaval de San Remo<\/strong><\/h3>\n<p style=\"text-align: justify;\">En mars, San Remo devient une grande f\u00eate. <strong>C&#8217;est l&#8217;heure du carnaval.<\/strong><\/p>\n<p style=\"text-align: justify;\">Vous pouvez sentir l&#8217;atmosph\u00e8re du carnaval dans toute la ville, avec les enfants d\u00e9guis\u00e9s, les d\u00e9corations et les derni\u00e8res retouches apport\u00e9es aux magnifiques chars orn\u00e9s d&#8217;une mosa\u00efque de pr\u00e8s de 50 000 fleurs, dont certaines sont de v\u00e9ritables \u0153uvres d&#8217;art.<\/p>\n<p style=\"text-align: justify;\">Les habitants ne veulent pas manquer les d\u00e9fil\u00e9s et les activit\u00e9s dans la ville, alors tout le monde est dans la rue pour assister \u00e0 l\u2019\u00e9v\u00e9nement. San Remo est connue comme la \u00abcit\u00e9 des fleurs\u00bb et c&#8217;est pourquoi elle est si belle et si attrayante \u00e0 cette \u00e9poque.<\/p>\n<p style=\"text-align: justify;\">Toute la ville est impliqu\u00e9e pour cette journ\u00e9e et plus de 60 000 visiteurs viennent voir le d\u00e9fil\u00e9. La parade florale du carnaval de San Remo saura vous divertir sans aucun doute !<\/p>\n<p style=\"text-align: justify;\">C&#8217;est le moment id\u00e9al pour d\u00e9couvrir San Remo et son carnaval. Les chambres sont r\u00e9serv\u00e9es des mois \u00e0 l&#8217;avance, alors assurez-vous de planifier votre visite suffisamment \u00e0 l&#8217;avance.<\/p>\n<p>&nbsp;<\/p>\n<p>&nbsp;<\/p>\n\n<\/div><h2 class=\"tabtitle\">Notre offre comprend<\/h2>\n<div class=\"tabcontent\">\n\n<h3 style=\"text-align: center;\"><strong>\u00a0<\/strong><\/h3>\n<h3 style=\"text-align: center;\"><strong>OFFRE &#8220;PARADE FLOR<\/strong><strong>ALE DU CARNAVAL DE SAN REMO&#8221;<\/strong><\/h3>\n<table class=\"aligncenter\" style=\"border-color: #000000; width: 62.9135%; height: 227px;\" border=\"1\" cellpadding=\"5\">\n<tbody>\n<tr style=\"height: 96px;\">\n<td style=\"text-align: right; width: 12.6949%; height: 96px;\"><\/td>\n<td style=\"text-align: right; width: 6.62773%; height: 96px;\"><span style=\"color: #ff0000;\"><b>Basse saison<\/b><\/span><\/td>\n<td style=\"text-align: right; width: 6.0804%;\"><span style=\"color: #ff0000;\"><strong>Moyenne saison<\/strong><\/span><\/td>\n<td style=\"text-align: right; width: 5.27068%;\"><span style=\"color: #ff0000;\"><strong>Longs Week-ends &amp; Jours f\u00e9ri\u00e9s<\/strong><\/span><\/td>\n<\/tr>\n<tr>\n<td style=\"text-align: right; width: 12.6949%;\"><span style=\"color: #ff0000;\"><strong>Offre Silver<\/strong><\/span><\/td>\n<td style=\"text-align: right; width: 6.62773%;\"><span style=\"color: #ff0000;\"><strong>&#8212;<\/strong><\/span><\/td>\n<td style=\"text-align: right; width: 6.0804%;\"><span style=\"color: #ff0000;\"><strong>&#8212;<\/strong><\/span><\/td>\n<td style=\"text-align: right; width: 5.27068%;\"><span style=\"color: #ff0000;\"><strong>214.00\u00a0 \u20ac<br \/>\n<\/strong><\/span><\/td>\n<\/tr>\n<tr>\n<td style=\"text-align: right; width: 12.6949%;\"><span style=\"color: #ff0000;\"><strong>Offre Gold<\/strong><\/span><\/td>\n<td style=\"text-align: right; width: 6.62773%;\"><span style=\"color: #ff0000;\"><strong>&#8212;<\/strong><\/span><\/td>\n<td style=\"text-align: right; width: 6.0804%;\"><span style=\"color: #ff0000;\"><strong>&#8212;<\/strong><\/span><\/td>\n<td style=\"text-align: right; width: 5.27068%;\"><span style=\"color: #ff0000;\"><strong>259.00 \u20ac<\/strong><\/span><\/td>\n<\/tr>\n<\/tbody>\n<\/table>\n<p>&nbsp;<\/p>\n<p style=\"text-align: center;\">Prix par personne<\/p>\n<p>Le tarif comprend :<\/p>\n<ul>\n<li>2 x <strong>nuits<\/strong><\/li>\n<li>2 x <strong>buffet petit-d\u00e9jeuner<\/strong><\/li>\n<li>1 x d\u00eener \u00e0 l&#8217;h\u00f4tel, avec un menu \u00e0 3 plats<\/li>\n<li>l&#8217;assistance de notre agence<\/li>\n<li>une place de parking priv\u00e9e, sous r\u00e9serve de disponibilit\u00e9<\/li>\n<li>Service de navette gratuit entre l&#8217;h\u00f4tel et le centre-ville (de 9h00 \u00e0 18h00)<\/li>\n<li><b>Carte membre Sanremo-On<\/b> qui offre des r\u00e9ductions dans une s\u00e9lection de boutiques de v\u00eatements et d\u2019accessoires, ainsi que dans des restaurants et des caf\u00e9s<\/li>\n<\/ul>\n<p>Le tarif comprend :<\/p>\n<ul>\n<li>Billets pour le voyage<\/li>\n<li>Taxe de s\u00e9jour \u00e0 r\u00e9gler sur place<\/li>\n<li>Extras et pourboires<\/li>\n<li>Tout ce qui n&#8217;est pas clairement indiqu\u00e9 dans la section &#8220;le tarif comprend&#8221;<\/li>\n<\/ul>\n<p>H\u00e9bergement<\/p>\n<ul>\n<li>L&#8217; <strong>offre Silver<\/strong> comprend un h\u00e9bergement dans une <strong>chambre double<\/strong> au NYALA Suite Hotel de San Remo<\/li>\n<li>L&#8217; <strong>offre Gold<\/strong> comprend un h\u00e9bergement dans une <strong>suite junio<\/strong><b>r<\/b> au NYALA Suite Hotel de San Remo<\/li>\n<\/ul>\n\n<\/div><h2 class=\"tabtitle\">Politique de r\u00e9servation<\/h2>\n<div class=\"tabcontent\">\n\n<p><strong>POLITIQUE DE RESERVATION<\/strong><\/p>\n<ul>\n<li>La commercialisation de l&#8217;offre &#8220;Sanremo Weekend&#8221; est g\u00e9r\u00e9e par l&#8217;agence de voyage Nyala Wonder Travel.<\/li>\n<li>Frais de gestion: 5% du montant de l&#8217;offre confirm\u00e9e.<\/li>\n<li>Paiement: lors de la confirmation de la r\u00e9servation par carte de cr\u00e9dit ou virement bancaire.<\/li>\n<li>P\u00e9nalit\u00e9s en cas d&#8217;annulation : remboursement complet pour les annulations effectu\u00e9es 61 jours avant la date d&#8217;arriv\u00e9e pr\u00e9vue, p\u00e9nalit\u00e9 de 50% pour les annulations effectu\u00e9es dans les 31 jours pr\u00e9c\u00e9dant la date d&#8217;arriv\u00e9e pr\u00e9vue, p\u00e9nalit\u00e9 de 100% pour les annulations effectu\u00e9es dans les 30 jours pr\u00e9c\u00e9dant la date d&#8217;arriv\u00e9e pr\u00e9vue.<\/li>\n<li>Frais de modification de r\u00e9servation : sans frais jusqu&#8217;\u00e0 31 jours avant la date d&#8217;arriv\u00e9e pr\u00e9vue, 100% pour les modifications effectu\u00e9es moins de 30 jours avant la date d&#8217;arriv\u00e9e pr\u00e9vue.<\/li>\n<li>Frais de transfert du contrat \u00e0 des tiers (Art. 38 du Code du tourisme) : sans frais jusqu&#8217;\u00e0 31 jours avant la date d&#8217;arriv\u00e9e pr\u00e9vue, 20% du montant du forfait pour les transferts effectu\u00e9s moins de 30 jours avant la date d&#8217;arriv\u00e9e pr\u00e9vue.<\/li>\n<li>Les frais de gestion administratifs ne sont jamais remboursables en cas de modification ou d&#8217;annulation.<\/li>\n<\/ul>\n\n<\/div><h2 class=\"tabtitle\">Mobilit\u00e9 r\u00e9duite<\/h2>\n<div class=\"tabcontent\">\n\n<p><strong>Information pour les personnes \u00e0 mobilit\u00e9 r\u00e9duite<\/strong><\/p>\n<ul>\n<li>L&#8217;offre est adapt\u00e9e aux personnes \u00e0 mobilit\u00e9 r\u00e9duite.<\/li>\n<li>Le hall de l&#8217;h\u00f4tel, le restaurant et les chambres sont accessibles aux fauteuils roulants.<\/li>\n<li>Les salles de bain de l&#8217;h\u00f4tel ne sont pas \u00e9quip\u00e9es pour les personnes \u00e0 mobilit\u00e9 r\u00e9duite.<\/li>\n<li>Le lieu de l&#8217;\u00e9v\u00e8nement sera accessible aux personnes \u00e0 mobilit\u00e9 r\u00e9duite et une zone sp\u00e9ciale sera r\u00e9serv\u00e9e.<\/li>\n<\/ul>\n<\/div><\/div>\n<p style=\"text-align: center;\"><strong>Programme de la PARADE FLORALE DU CARNAVAL DE SAN REMO<\/strong><\/p>\n<p style=\"text-align: center;\">Retrouvez toutes informations sur la parade florale, o\u00f9 vous pourrez aussi reserver vos billet pour le Carnevale di Sanremo.<\/p>\n","protected":false},"excerpt":{"rendered":"<p>Chaque ann\u00e9e, des milliers de visiteurs sont captiv\u00e9s par les couleurs des chars de fleurs de San Remo. Nous vous invitons \u00e0 profiter de nos tarifs pr\u00e9f\u00e9rentiels pour participer au d\u00e9fil\u00e9 traditionnel du carnaval de San Remo hors saison.<\/p>\n","protected":false},"author":3,"featured_media":9455,"parent":3305,"menu_order":0,"comment_status":"open","ping_status":"closed","template":"content-page-template.php","meta":{"_acf_changed":false,"_et_pb_use_builder":"","_et_pb_old_content":"","_et_gb_content_width":"","footnotes":""},"class_list":["post-1909","page","type-page","status-publish","has-post-thumbnail","hentry"],"acf":[],"yoast_head":"<!-- This site is optimized with the Yoast SEO plugin v27.5 - https:\/\/yoast.com\/product\/yoast-seo-wordpress\/ -->\n<title>La parade florale du carnaval de San Remo | Sanremo Weekend<\/title>\n<meta name=\"description\" content=\"Parade florale du carnaval de San Remo, la \u00abCorso Fiorito\u00bb de San Remo avec son d\u00e9fil\u00e9 traditionnel de chars \u00e0 fleurs d\u00e9di\u00e9s \u00e0 la d\u00e9esse Flora.\" \/>\n<meta name=\"robots\" content=\"index, follow, max-snippet:-1, max-image-preview:large, max-video-preview:-1\" \/>\n<link rel=\"canonical\" href=\"https:\/\/sanremoweekend.it\/fr\/grands-evenements\/corso-fleuri-sanremo-en-fleurs\/\" \/>\n<meta property=\"og:locale\" content=\"fr_FR\" \/>\n<meta property=\"og:type\" content=\"article\" \/>\n<meta property=\"og:title\" content=\"La parade florale du carnaval de San Remo | Sanremo Weekend\" \/>\n<meta property=\"og:description\" content=\"Parade florale du carnaval de San Remo, la \u00abCorso Fiorito\u00bb de San Remo avec son d\u00e9fil\u00e9 traditionnel de chars \u00e0 fleurs d\u00e9di\u00e9s \u00e0 la d\u00e9esse Flora.\" \/>\n<meta property=\"og:url\" content=\"https:\/\/sanremoweekend.it\/fr\/grands-evenements\/corso-fleuri-sanremo-en-fleurs\/\" \/>\n<meta property=\"og:site_name\" content=\"Sanremo Weekend\" \/>\n<meta property=\"article:modified_time\" content=\"2026-02-03T14:38:39+00:00\" \/>\n<meta property=\"og:image\" content=\"https:\/\/sanremoweekend.it\/wp-content\/uploads\/2015\/04\/carrofiorito.jpg\" \/>\n\t<meta property=\"og:image:width\" content=\"1620\" \/>\n\t<meta property=\"og:image:height\" content=\"1080\" \/>\n\t<meta property=\"og:image:type\" content=\"image\/jpeg\" \/>\n<meta name=\"twitter:card\" content=\"summary_large_image\" \/>\n<meta name=\"twitter:label1\" content=\"Dur\u00e9e de lecture estim\u00e9e\" \/>\n\t<meta name=\"twitter:data1\" content=\"4 minutes\" \/>\n<script type=\"application\/ld+json\" class=\"yoast-schema-graph\">{\"@context\":\"https:\\\/\\\/schema.org\",\"@graph\":[{\"@type\":\"WebPage\",\"@id\":\"https:\\\/\\\/sanremoweekend.it\\\/fr\\\/grands-evenements\\\/corso-fleuri-sanremo-en-fleurs\\\/\",\"url\":\"https:\\\/\\\/sanremoweekend.it\\\/fr\\\/grands-evenements\\\/corso-fleuri-sanremo-en-fleurs\\\/\",\"name\":\"La parade florale du carnaval de San Remo | Sanremo Weekend\",\"isPartOf\":{\"@id\":\"https:\\\/\\\/sanremoweekend.it\\\/#website\"},\"primaryImageOfPage\":{\"@id\":\"https:\\\/\\\/sanremoweekend.it\\\/fr\\\/grands-evenements\\\/corso-fleuri-sanremo-en-fleurs\\\/#primaryimage\"},\"image\":{\"@id\":\"https:\\\/\\\/sanremoweekend.it\\\/fr\\\/grands-evenements\\\/corso-fleuri-sanremo-en-fleurs\\\/#primaryimage\"},\"thumbnailUrl\":\"https:\\\/\\\/sanremoweekend.it\\\/wp-content\\\/uploads\\\/2015\\\/04\\\/carrofiorito.jpg\",\"datePublished\":\"2016-10-02T11:46:40+00:00\",\"dateModified\":\"2026-02-03T14:38:39+00:00\",\"description\":\"Parade florale du carnaval de San Remo, la \u00abCorso Fiorito\u00bb de San Remo avec son d\u00e9fil\u00e9 traditionnel de chars \u00e0 fleurs d\u00e9di\u00e9s \u00e0 la d\u00e9esse Flora.\",\"breadcrumb\":{\"@id\":\"https:\\\/\\\/sanremoweekend.it\\\/fr\\\/grands-evenements\\\/corso-fleuri-sanremo-en-fleurs\\\/#breadcrumb\"},\"inLanguage\":\"fr-FR\",\"potentialAction\":[{\"@type\":\"ReadAction\",\"target\":[\"https:\\\/\\\/sanremoweekend.it\\\/fr\\\/grands-evenements\\\/corso-fleuri-sanremo-en-fleurs\\\/\"]}]},{\"@type\":\"ImageObject\",\"inLanguage\":\"fr-FR\",\"@id\":\"https:\\\/\\\/sanremoweekend.it\\\/fr\\\/grands-evenements\\\/corso-fleuri-sanremo-en-fleurs\\\/#primaryimage\",\"url\":\"https:\\\/\\\/sanremoweekend.it\\\/wp-content\\\/uploads\\\/2015\\\/04\\\/carrofiorito.jpg\",\"contentUrl\":\"https:\\\/\\\/sanremoweekend.it\\\/wp-content\\\/uploads\\\/2015\\\/04\\\/carrofiorito.jpg\",\"width\":1620,\"height\":1080,\"caption\":\"Carro fiorito Sanremo, Blumenparade, \u041f\u0430\u0440\u0430\u0434 \u0446\u0432\u0435\u0442\u043e\u0432\"},{\"@type\":\"BreadcrumbList\",\"@id\":\"https:\\\/\\\/sanremoweekend.it\\\/fr\\\/grands-evenements\\\/corso-fleuri-sanremo-en-fleurs\\\/#breadcrumb\",\"itemListElement\":[{\"@type\":\"ListItem\",\"position\":1,\"name\":\"Home\",\"item\":\"https:\\\/\\\/sanremoweekend.it\\\/fr\\\/\"},{\"@type\":\"ListItem\",\"position\":2,\"name\":\"Les \u00e9v\u00e9nements \u00e0 San Remo\",\"item\":\"https:\\\/\\\/sanremoweekend.it\\\/events-in-san-remo\\\/\"},{\"@type\":\"ListItem\",\"position\":3,\"name\":\"La parade florale du carnaval de San Remo\"}]},{\"@type\":\"WebSite\",\"@id\":\"https:\\\/\\\/sanremoweekend.it\\\/#website\",\"url\":\"https:\\\/\\\/sanremoweekend.it\\\/\",\"name\":\"Sanremo Weekend\",\"description\":\"Hotel 4 \u00e9toiles \u00e0 San Remo\",\"potentialAction\":[{\"@type\":\"SearchAction\",\"target\":{\"@type\":\"EntryPoint\",\"urlTemplate\":\"https:\\\/\\\/sanremoweekend.it\\\/?s={search_term_string}\"},\"query-input\":{\"@type\":\"PropertyValueSpecification\",\"valueRequired\":true,\"valueName\":\"search_term_string\"}}],\"inLanguage\":\"fr-FR\"}]}<\/script>\n<!-- \/ Yoast SEO plugin. -->","yoast_head_json":{"title":"La parade florale du carnaval de San Remo | Sanremo Weekend","description":"Parade florale du carnaval de San Remo, la \u00abCorso Fiorito\u00bb de San Remo avec son d\u00e9fil\u00e9 traditionnel de chars \u00e0 fleurs d\u00e9di\u00e9s \u00e0 la d\u00e9esse Flora.","robots":{"index":"index","follow":"follow","max-snippet":"max-snippet:-1","max-image-preview":"max-image-preview:large","max-video-preview":"max-video-preview:-1"},"canonical":"https:\/\/sanremoweekend.it\/fr\/grands-evenements\/corso-fleuri-sanremo-en-fleurs\/","og_locale":"fr_FR","og_type":"article","og_title":"La parade florale du carnaval de San Remo | Sanremo Weekend","og_description":"Parade florale du carnaval de San Remo, la \u00abCorso Fiorito\u00bb de San Remo avec son d\u00e9fil\u00e9 traditionnel de chars \u00e0 fleurs d\u00e9di\u00e9s \u00e0 la d\u00e9esse Flora.","og_url":"https:\/\/sanremoweekend.it\/fr\/grands-evenements\/corso-fleuri-sanremo-en-fleurs\/","og_site_name":"Sanremo Weekend","article_modified_time":"2026-02-03T14:38:39+00:00","og_image":[{"width":1620,"height":1080,"url":"https:\/\/sanremoweekend.it\/wp-content\/uploads\/2015\/04\/carrofiorito.jpg","type":"image\/jpeg"}],"twitter_card":"summary_large_image","twitter_misc":{"Dur\u00e9e de lecture estim\u00e9e":"4 minutes"},"schema":{"@context":"https:\/\/schema.org","@graph":[{"@type":"WebPage","@id":"https:\/\/sanremoweekend.it\/fr\/grands-evenements\/corso-fleuri-sanremo-en-fleurs\/","url":"https:\/\/sanremoweekend.it\/fr\/grands-evenements\/corso-fleuri-sanremo-en-fleurs\/","name":"La parade florale du carnaval de San Remo | Sanremo Weekend","isPartOf":{"@id":"https:\/\/sanremoweekend.it\/#website"},"primaryImageOfPage":{"@id":"https:\/\/sanremoweekend.it\/fr\/grands-evenements\/corso-fleuri-sanremo-en-fleurs\/#primaryimage"},"image":{"@id":"https:\/\/sanremoweekend.it\/fr\/grands-evenements\/corso-fleuri-sanremo-en-fleurs\/#primaryimage"},"thumbnailUrl":"https:\/\/sanremoweekend.it\/wp-content\/uploads\/2015\/04\/carrofiorito.jpg","datePublished":"2016-10-02T11:46:40+00:00","dateModified":"2026-02-03T14:38:39+00:00","description":"Parade florale du carnaval de San Remo, la \u00abCorso Fiorito\u00bb de San Remo avec son d\u00e9fil\u00e9 traditionnel de chars \u00e0 fleurs d\u00e9di\u00e9s \u00e0 la d\u00e9esse Flora.","breadcrumb":{"@id":"https:\/\/sanremoweekend.it\/fr\/grands-evenements\/corso-fleuri-sanremo-en-fleurs\/#breadcrumb"},"inLanguage":"fr-FR","potentialAction":[{"@type":"ReadAction","target":["https:\/\/sanremoweekend.it\/fr\/grands-evenements\/corso-fleuri-sanremo-en-fleurs\/"]}]},{"@type":"ImageObject","inLanguage":"fr-FR","@id":"https:\/\/sanremoweekend.it\/fr\/grands-evenements\/corso-fleuri-sanremo-en-fleurs\/#primaryimage","url":"https:\/\/sanremoweekend.it\/wp-content\/uploads\/2015\/04\/carrofiorito.jpg","contentUrl":"https:\/\/sanremoweekend.it\/wp-content\/uploads\/2015\/04\/carrofiorito.jpg","width":1620,"height":1080,"caption":"Carro fiorito Sanremo, Blumenparade, \u041f\u0430\u0440\u0430\u0434 \u0446\u0432\u0435\u0442\u043e\u0432"},{"@type":"BreadcrumbList","@id":"https:\/\/sanremoweekend.it\/fr\/grands-evenements\/corso-fleuri-sanremo-en-fleurs\/#breadcrumb","itemListElement":[{"@type":"ListItem","position":1,"name":"Home","item":"https:\/\/sanremoweekend.it\/fr\/"},{"@type":"ListItem","position":2,"name":"Les \u00e9v\u00e9nements \u00e0 San Remo","item":"https:\/\/sanremoweekend.it\/events-in-san-remo\/"},{"@type":"ListItem","position":3,"name":"La parade florale du carnaval de San Remo"}]},{"@type":"WebSite","@id":"https:\/\/sanremoweekend.it\/#website","url":"https:\/\/sanremoweekend.it\/","name":"Sanremo Weekend","description":"Hotel 4 \u00e9toiles \u00e0 San Remo","potentialAction":[{"@type":"SearchAction","target":{"@type":"EntryPoint","urlTemplate":"https:\/\/sanremoweekend.it\/?s={search_term_string}"},"query-input":{"@type":"PropertyValueSpecification","valueRequired":true,"valueName":"search_term_string"}}],"inLanguage":"fr-FR"}]}},"_links":{"self":[{"href":"https:\/\/sanremoweekend.it\/fr\/wp-json\/wp\/v2\/pages\/1909","targetHints":{"allow":["GET"]}}],"collection":[{"href":"https:\/\/sanremoweekend.it\/fr\/wp-json\/wp\/v2\/pages"}],"about":[{"href":"https:\/\/sanremoweekend.it\/fr\/wp-json\/wp\/v2\/types\/page"}],"author":[{"embeddable":true,"href":"https:\/\/sanremoweekend.it\/fr\/wp-json\/wp\/v2\/users\/3"}],"replies":[{"embeddable":true,"href":"https:\/\/sanremoweekend.it\/fr\/wp-json\/wp\/v2\/comments?post=1909"}],"version-history":[{"count":0,"href":"https:\/\/sanremoweekend.it\/fr\/wp-json\/wp\/v2\/pages\/1909\/revisions"}],"up":[{"embeddable":true,"href":"https:\/\/sanremoweekend.it\/fr\/wp-json\/wp\/v2\/pages\/3305"}],"wp:featuredmedia":[{"embeddable":true,"href":"https:\/\/sanremoweekend.it\/fr\/wp-json\/wp\/v2\/media\/9455"}],"wp:attachment":[{"href":"https:\/\/sanremoweekend.it\/fr\/wp-json\/wp\/v2\/media?parent=1909"}],"curies":[{"name":"wp","href":"https:\/\/api.w.org\/{rel}","templated":true}]}}