{"id":1916,"date":"2016-10-02T14:04:40","date_gmt":"2016-10-02T12:04:40","guid":{"rendered":"http:\/\/www.nyalahotel.biz\/fr\/?page_id=1916"},"modified":"2026-02-03T15:48:20","modified_gmt":"2026-02-03T14:48:20","slug":"festival-de-sanremo-fevrier","status":"publish","type":"page","link":"https:\/\/sanremoweekend.it\/fr\/grands-evenements\/festival-de-sanremo-fevrier\/","title":{"rendered":"Festival de musique de San Remo"},"content":{"rendered":"<h2 style=\"text-align: center;\">Festival de musique de San Remo (24-28 F\u00e9vrier 2026)<\/h2>\n<p style=\"text-align: center;\">Profitez des offres sp\u00e9ciales de notre h\u00f4tel 4 \u00e9toiles pendant la semaine du festival de la chanson italienne de San Remo, lorsque la ville devient la <strong>capitale de la musique italienne. R\u00e9servez votre s\u00e9jour \u00e0 l&#8217;h\u00f4tel avec les billets pour vous rendre au festival de musique de San Remo<\/strong><\/p>\n<p style=\"text-align: center;\"><a class=\"maxbutton-3 maxbutton maxbutton-reserver\" target=\"_blank\" rel=\"noopener\" href=\"https:\/\/sanremoweekend.it\/fr\/info\/\"><span class='mb-text'>Reserver<\/span><\/a><\/p>\n<div class=\"responsive-tabs\">\n<h2 class=\"tabtitle\">Pr\u00e9sentation<\/h2>\n<div class=\"tabcontent\">\n\n<p><a href=\"https:\/\/sanremoweekend.it\/wp\/wp-content\/uploads\/2015\/04\/aristonsanremo3.jpg\"><img loading=\"lazy\" decoding=\"async\" class=\"size-gallery-thumbnail wp-image-1087 aligncenter\" src=\"https:\/\/sanremoweekend.it\/wp-content\/uploads\/2015\/04\/aristonsanremo3-600x400.jpg\" alt=\"ariston festival sanremo, \u0424\u0435\u0441\u0442\u0438\u0432\u0430\u043b\u044c \u043f\u0435\u0441\u043d\u0438\" width=\"600\" height=\"400\" srcset=\"https:\/\/sanremoweekend.it\/wp-content\/uploads\/2015\/04\/aristonsanremo3-600x400.jpg 600w, https:\/\/sanremoweekend.it\/wp-content\/uploads\/2015\/04\/aristonsanremo3-300x200.jpg 300w, https:\/\/sanremoweekend.it\/wp-content\/uploads\/2015\/04\/aristonsanremo3-768x512.jpg 768w, https:\/\/sanremoweekend.it\/wp-content\/uploads\/2015\/04\/aristonsanremo3-1024x683.jpg 1024w, https:\/\/sanremoweekend.it\/wp-content\/uploads\/2015\/04\/aristonsanremo3-2x1.jpg 2w, https:\/\/sanremoweekend.it\/wp-content\/uploads\/2015\/04\/aristonsanremo3.jpg 1620w\" sizes=\"(max-width: 600px) 100vw, 600px\" \/><\/a><\/p>\n<p style=\"text-align: justify;\"><strong>Les billets pour le festival de musique de San Remo<\/strong> sont g\u00e9r\u00e9s par la RAI, cha\u00eene de t\u00e9l\u00e9vision italienne : si vous souhaitez en r\u00e9server, sachez que notre h\u00f4tel peut acc\u00e9der \u00e0 la pr\u00e9vente propos\u00e9e par la municipalit\u00e9 de San Remo et qui se termine le 20 d\u00e9cembre.<\/p>\n<p style=\"text-align: justify;\">Nous vous demandons donc de nous contacter suffisamment t\u00f4t pour des raisons de disponibilit\u00e9, de proc\u00e9dure de r\u00e9servation et de co\u00fbt.<\/p>\n<p style=\"text-align: justify;\">Parfois, nos clients habituels annulent des commandes, alors n&#8217;h\u00e9sitez pas \u00e0 nous demander !<\/p>\n\n<\/div><h2 class=\"tabtitle\">Notre offre comprend<\/h2>\n<div class=\"tabcontent\">\n\n<h1><strong>Billets et H\u00f4tel &#8211; Festival de musique de San Remo<\/strong><\/h1>\n<p style=\"text-align: justify;\">La premi\u00e8re \u00e9dition du festival de musique de San Remo a eu lieu en 1951 ; depuis lors, le festival a lanc\u00e9 la carri\u00e8re d\u2019artistes italiens parmi les plus talentueux : Andrea Bocelli, Laura Pausini, Eros Ramazzotti et Gigliola Cinquetti. Il s\u2019agit de l\u2019un des concours de chansons les plus c\u00e9l\u00e8bres au monde et qui pr\u00e9sente des chansons in\u00e9dites et de nouveaux artistes. Chaque \u00e9dition du festival a lieu au th\u00e9\u00e2tre Ariston, en plein centre-ville et non loin de notre h\u00f4tel.<\/p>\n<p style=\"text-align: justify;\"><strong>Il est recommand\u00e9 de r\u00e9server les billets pour le festival suffisamment \u00e0 l\u2019avance.<\/strong><\/p>\n<h3 style=\"text-align: center;\"><strong>FESTIVAL DE SAN REMO : Programme et offres<\/strong><\/h3>\n<p>&nbsp;<\/p>\n<p style=\"text-align: center;\"><strong>LES TARIFS SONT DISPONIBLES SUR DEMANDE<\/strong><\/p>\n<p>Notre offre sp\u00e9ciale inclut<\/p>\n<ul>\n<li>6 nuits d&#8217;h\u00e9bergement dans notre h\u00f4tel 4 \u00e9toiles partenaire<\/li>\n<li><strong>Forfait 5 nuits et billets<\/strong> (en fausse ou en place assise selon les disponibilit\u00e9s)<\/li>\n<li>Lit &amp; Repas :\n<ul>\n<li>Buffet petit-d\u00e9jeuner et d\u00e9jeuner jusqu&#8217;\u00e0 14h<\/li>\n<\/ul>\n<\/li>\n<\/ul>\n<p>Notre offre comprend \u00e9galement :<\/p>\n<ul>\n<li>Navette aller-retour du centre-ville \u00e0 l&#8217;h\u00f4tel de 9h00 \u00e0 21h00 et retour apr\u00e8s chaque spectacle (sur r\u00e9servation pr\u00e9alable)<\/li>\n<li>Parking priv\u00e9 dans les locaux de l&#8217;h\u00f4tel<\/li>\n<\/ul>\n<p>Le tarif ne comprend pas :<\/p>\n<ul>\n<li>Billets pour le voyage<\/li>\n<li>Taxe de s\u00e9jour \u00e0 r\u00e9gler sur place<\/li>\n<li>Extras et pourboires<\/li>\n<li>Tout ce qui n&#8217;est pas clairement indiqu\u00e9 dans la section &#8220;le tarif comprend&#8221;<\/li>\n<\/ul>\n<p>Services optionnels :<\/p>\n<ul>\n<li>Transfert de l&#8217;a\u00e9roport de Nice, G\u00eanes ou Milan et retour<\/li>\n<\/ul>\n\n<\/div><h2 class=\"tabtitle\">Politique de R\u00e9servation<\/h2>\n<div class=\"tabcontent\">\n\n<p><strong>POLITIQUE DE RESERVATION<\/strong><\/p>\n<ul>\n<li>La commercialisation de l&#8217;offre &#8220;Sanremo Weekend&#8221; est g\u00e9r\u00e9e par l&#8217;agence de voyage Nyala Wonder Travel.<\/li>\n<li>Frais de gestion: 5% du montant de l&#8217;offre confirm\u00e9e.<\/li>\n<li>Paiement: lors de la confirmation de la r\u00e9servation par carte de cr\u00e9dit ou virement bancaire.<\/li>\n<li>P\u00e9nalit\u00e9s en cas d&#8217;annulation : remboursement complet pour les annulations effectu\u00e9es 61 jours avant la date d&#8217;arriv\u00e9e pr\u00e9vue, p\u00e9nalit\u00e9 de 50% pour les annulations effectu\u00e9es dans les 31 jours pr\u00e9c\u00e9dant la date d&#8217;arriv\u00e9e pr\u00e9vue, p\u00e9nalit\u00e9 de 100% pour les annulations effectu\u00e9es dans les 30 jours pr\u00e9c\u00e9dant la date d&#8217;arriv\u00e9e pr\u00e9vue.<\/li>\n<li>Frais de modification de r\u00e9servation : sans frais jusqu&#8217;\u00e0 31 jours avant la date d&#8217;arriv\u00e9e pr\u00e9vue, 100% pour les modifications effectu\u00e9es moins de 30 jours avant la date d&#8217;arriv\u00e9e pr\u00e9vue.<\/li>\n<li>Frais de transfert du contrat \u00e0 des tiers (Art. 38 du Code du tourisme) : sans frais jusqu&#8217;\u00e0 31 jours avant la date d&#8217;arriv\u00e9e pr\u00e9vue, 20% du montant du forfait pour les transferts effectu\u00e9s moins de 30 jours avant la date d&#8217;arriv\u00e9e pr\u00e9vue.<\/li>\n<li>Les frais de gestion administratifs ne sont jamais remboursables en cas de modification ou d&#8217;annulation.<\/li>\n<\/ul>\n<p><strong>POLITIQUE DE RESERVATION DES BILLETS<\/strong><\/p>\n<ul>\n<li>Les billets pour le festival de musique de San Remo sont g\u00e9r\u00e9s exclusivement par la RAI, t\u00e9l\u00e9vision nationale italienne.<\/li>\n<li>En r\u00e9servant nos offres, vous pouvez profiter d&#8217;une p\u00e9riode de pr\u00e9vente r\u00e9serv\u00e9e<\/li>\n<li>Les billets doivent \u00eatre li\u00e9s \u00e0 une offre de voyage, car nous ne fournissons pas de service de billetterie ind\u00e9pendant.<\/li>\n<li>La p\u00e9riode de r\u00e9servation id\u00e9ale se termine avant le 15 octobre de chaque ann\u00e9e pour l&#8217;\u00e9dition suivante du festival.<\/li>\n<li>P\u00e9nalit\u00e9s d&#8217;annulation pour la billetterie : une fois confirm\u00e9s par la RAI, les billets ne peuvent en aucun cas \u00eatre rembours\u00e9s, qu&#8217;ils soient utilis\u00e9s ou non.<\/li>\n<li>Frais de transfert du contrat \u00e0 des tiers (Art. 38 du Code du tourisme) : en raison de contr\u00f4les de police obligatoires, les billets doivent \u00eatre \u00e9mis pour un seul client de mani\u00e8re nominative et, une fois d\u00e9livr\u00e9s, les billets ne peuvent \u00eatre transf\u00e9r\u00e9s \u00e0 un tiers.<\/li>\n<\/ul>\n\n<\/div><h2 class=\"tabtitle\">Mobilit\u00e9 r\u00e9duite<\/h2>\n<div class=\"tabcontent\">\n\n<p><strong>Information pour les personnes \u00e0 mobilit\u00e9 r\u00e9duite<\/strong><\/p>\n<ul>\n<li>L&#8217;offre est adapt\u00e9e aux personnes \u00e0 mobilit\u00e9 r\u00e9duite.<\/li>\n<li>Le hall de l&#8217;h\u00f4tel, le restaurant et les chambres sont accessibles aux fauteuils roulants.<\/li>\n<li>Les salles de bain de l&#8217;h\u00f4tel ne sont pas \u00e9quip\u00e9es pour les personnes \u00e0 mobilit\u00e9 r\u00e9duite.<\/li>\n<li>Le lieu de la manifestation sera accessible aux personnes \u00e0 mobilit\u00e9 r\u00e9duite, mais<strong> nous ne pouvons pas garantir l&#8217;emplacement du si\u00e8ge<\/strong>.<\/li>\n<\/ul>\n<\/div><\/div>\n<p style=\"text-align: center; font-size: 16px;\">\n","protected":false},"excerpt":{"rendered":"<p>Profitez des offres sp\u00e9ciales de notre h\u00f4tel 4 \u00e9toiles pendant la semaine du festival de la chanson italienne de San Remo, lorsque la ville devient la capitale de la musique italienne. R\u00e9servez votre s\u00e9jour \u00e0 l&#8217;h\u00f4tel avec les billets pour vous rendre au festival de musique de San Remo<\/p>\n","protected":false},"author":3,"featured_media":1087,"parent":3305,"menu_order":0,"comment_status":"open","ping_status":"closed","template":"content-page-template.php","meta":{"_acf_changed":false,"_et_pb_use_builder":"","_et_pb_old_content":"","_et_gb_content_width":"","footnotes":""},"class_list":["post-1916","page","type-page","status-publish","has-post-thumbnail","hentry"],"acf":[],"yoast_head":"<!-- This site is optimized with the Yoast SEO plugin v27.4 - https:\/\/yoast.com\/product\/yoast-seo-wordpress\/ -->\n<title>Festival de musique de San Remo | Sanremo Weekend - Tickets Festival<\/title>\n<meta name=\"description\" content=\"R\u00e9servez votre s\u00e9jour avec nous \u00e0 l&#039;h\u00f4tel avec les billets pour vous rendre au festival de musique de San Remo. Profitez des offres sp\u00e9ciales.\" \/>\n<meta name=\"robots\" content=\"index, follow, max-snippet:-1, max-image-preview:large, max-video-preview:-1\" \/>\n<link rel=\"canonical\" href=\"https:\/\/sanremoweekend.it\/fr\/grands-evenements\/festival-de-sanremo-fevrier\/\" \/>\n<meta property=\"og:locale\" content=\"fr_FR\" \/>\n<meta property=\"og:type\" content=\"article\" \/>\n<meta property=\"og:title\" content=\"Festival de musique de San Remo | Sanremo Weekend - Tickets Festival\" \/>\n<meta property=\"og:description\" content=\"R\u00e9servez votre s\u00e9jour avec nous \u00e0 l&#039;h\u00f4tel avec les billets pour vous rendre au festival de musique de San Remo. Profitez des offres sp\u00e9ciales.\" \/>\n<meta property=\"og:url\" content=\"https:\/\/sanremoweekend.it\/fr\/grands-evenements\/festival-de-sanremo-fevrier\/\" \/>\n<meta property=\"og:site_name\" content=\"Sanremo Weekend\" \/>\n<meta property=\"article:modified_time\" content=\"2026-02-03T14:48:20+00:00\" \/>\n<meta property=\"og:image\" content=\"https:\/\/sanremoweekend.it\/wp-content\/uploads\/2015\/04\/aristonsanremo3.jpg\" \/>\n\t<meta property=\"og:image:width\" content=\"1620\" \/>\n\t<meta property=\"og:image:height\" content=\"1080\" \/>\n\t<meta property=\"og:image:type\" content=\"image\/jpeg\" \/>\n<meta name=\"twitter:card\" content=\"summary_large_image\" \/>\n<meta name=\"twitter:label1\" content=\"Dur\u00e9e de lecture estim\u00e9e\" \/>\n\t<meta name=\"twitter:data1\" content=\"4 minutes\" \/>\n<script type=\"application\/ld+json\" class=\"yoast-schema-graph\">{\"@context\":\"https:\\\/\\\/schema.org\",\"@graph\":[{\"@type\":\"WebPage\",\"@id\":\"https:\\\/\\\/sanremoweekend.it\\\/fr\\\/grands-evenements\\\/festival-de-sanremo-fevrier\\\/\",\"url\":\"https:\\\/\\\/sanremoweekend.it\\\/fr\\\/grands-evenements\\\/festival-de-sanremo-fevrier\\\/\",\"name\":\"Festival de musique de San Remo | Sanremo Weekend - Tickets Festival\",\"isPartOf\":{\"@id\":\"https:\\\/\\\/sanremoweekend.it\\\/#website\"},\"primaryImageOfPage\":{\"@id\":\"https:\\\/\\\/sanremoweekend.it\\\/fr\\\/grands-evenements\\\/festival-de-sanremo-fevrier\\\/#primaryimage\"},\"image\":{\"@id\":\"https:\\\/\\\/sanremoweekend.it\\\/fr\\\/grands-evenements\\\/festival-de-sanremo-fevrier\\\/#primaryimage\"},\"thumbnailUrl\":\"https:\\\/\\\/sanremoweekend.it\\\/wp-content\\\/uploads\\\/2015\\\/04\\\/aristonsanremo3.jpg\",\"datePublished\":\"2016-10-02T12:04:40+00:00\",\"dateModified\":\"2026-02-03T14:48:20+00:00\",\"description\":\"R\u00e9servez votre s\u00e9jour avec nous \u00e0 l'h\u00f4tel avec les billets pour vous rendre au festival de musique de San Remo. Profitez des offres sp\u00e9ciales.\",\"breadcrumb\":{\"@id\":\"https:\\\/\\\/sanremoweekend.it\\\/fr\\\/grands-evenements\\\/festival-de-sanremo-fevrier\\\/#breadcrumb\"},\"inLanguage\":\"fr-FR\",\"potentialAction\":[{\"@type\":\"ReadAction\",\"target\":[\"https:\\\/\\\/sanremoweekend.it\\\/fr\\\/grands-evenements\\\/festival-de-sanremo-fevrier\\\/\"]}]},{\"@type\":\"ImageObject\",\"inLanguage\":\"fr-FR\",\"@id\":\"https:\\\/\\\/sanremoweekend.it\\\/fr\\\/grands-evenements\\\/festival-de-sanremo-fevrier\\\/#primaryimage\",\"url\":\"https:\\\/\\\/sanremoweekend.it\\\/wp-content\\\/uploads\\\/2015\\\/04\\\/aristonsanremo3.jpg\",\"contentUrl\":\"https:\\\/\\\/sanremoweekend.it\\\/wp-content\\\/uploads\\\/2015\\\/04\\\/aristonsanremo3.jpg\",\"width\":1620,\"height\":1080,\"caption\":\"ariston festival sanremo, \u0424\u0435\u0441\u0442\u0438\u0432\u0430\u043b\u044c \u043f\u0435\u0441\u043d\u0438\"},{\"@type\":\"BreadcrumbList\",\"@id\":\"https:\\\/\\\/sanremoweekend.it\\\/fr\\\/grands-evenements\\\/festival-de-sanremo-fevrier\\\/#breadcrumb\",\"itemListElement\":[{\"@type\":\"ListItem\",\"position\":1,\"name\":\"Home\",\"item\":\"https:\\\/\\\/sanremoweekend.it\\\/fr\\\/\"},{\"@type\":\"ListItem\",\"position\":2,\"name\":\"Les \u00e9v\u00e9nements \u00e0 San Remo\",\"item\":\"https:\\\/\\\/sanremoweekend.it\\\/events-in-san-remo\\\/\"},{\"@type\":\"ListItem\",\"position\":3,\"name\":\"Festival de musique de San Remo\"}]},{\"@type\":\"WebSite\",\"@id\":\"https:\\\/\\\/sanremoweekend.it\\\/#website\",\"url\":\"https:\\\/\\\/sanremoweekend.it\\\/\",\"name\":\"Sanremo Weekend\",\"description\":\"Hotel 4 \u00e9toiles \u00e0 San Remo\",\"potentialAction\":[{\"@type\":\"SearchAction\",\"target\":{\"@type\":\"EntryPoint\",\"urlTemplate\":\"https:\\\/\\\/sanremoweekend.it\\\/?s={search_term_string}\"},\"query-input\":{\"@type\":\"PropertyValueSpecification\",\"valueRequired\":true,\"valueName\":\"search_term_string\"}}],\"inLanguage\":\"fr-FR\"}]}<\/script>\n<!-- \/ Yoast SEO plugin. -->","yoast_head_json":{"title":"Festival de musique de San Remo | Sanremo Weekend - Tickets Festival","description":"R\u00e9servez votre s\u00e9jour avec nous \u00e0 l'h\u00f4tel avec les billets pour vous rendre au festival de musique de San Remo. Profitez des offres sp\u00e9ciales.","robots":{"index":"index","follow":"follow","max-snippet":"max-snippet:-1","max-image-preview":"max-image-preview:large","max-video-preview":"max-video-preview:-1"},"canonical":"https:\/\/sanremoweekend.it\/fr\/grands-evenements\/festival-de-sanremo-fevrier\/","og_locale":"fr_FR","og_type":"article","og_title":"Festival de musique de San Remo | Sanremo Weekend - Tickets Festival","og_description":"R\u00e9servez votre s\u00e9jour avec nous \u00e0 l'h\u00f4tel avec les billets pour vous rendre au festival de musique de San Remo. Profitez des offres sp\u00e9ciales.","og_url":"https:\/\/sanremoweekend.it\/fr\/grands-evenements\/festival-de-sanremo-fevrier\/","og_site_name":"Sanremo Weekend","article_modified_time":"2026-02-03T14:48:20+00:00","og_image":[{"width":1620,"height":1080,"url":"https:\/\/sanremoweekend.it\/wp-content\/uploads\/2015\/04\/aristonsanremo3.jpg","type":"image\/jpeg"}],"twitter_card":"summary_large_image","twitter_misc":{"Dur\u00e9e de lecture estim\u00e9e":"4 minutes"},"schema":{"@context":"https:\/\/schema.org","@graph":[{"@type":"WebPage","@id":"https:\/\/sanremoweekend.it\/fr\/grands-evenements\/festival-de-sanremo-fevrier\/","url":"https:\/\/sanremoweekend.it\/fr\/grands-evenements\/festival-de-sanremo-fevrier\/","name":"Festival de musique de San Remo | Sanremo Weekend - Tickets Festival","isPartOf":{"@id":"https:\/\/sanremoweekend.it\/#website"},"primaryImageOfPage":{"@id":"https:\/\/sanremoweekend.it\/fr\/grands-evenements\/festival-de-sanremo-fevrier\/#primaryimage"},"image":{"@id":"https:\/\/sanremoweekend.it\/fr\/grands-evenements\/festival-de-sanremo-fevrier\/#primaryimage"},"thumbnailUrl":"https:\/\/sanremoweekend.it\/wp-content\/uploads\/2015\/04\/aristonsanremo3.jpg","datePublished":"2016-10-02T12:04:40+00:00","dateModified":"2026-02-03T14:48:20+00:00","description":"R\u00e9servez votre s\u00e9jour avec nous \u00e0 l'h\u00f4tel avec les billets pour vous rendre au festival de musique de San Remo. Profitez des offres sp\u00e9ciales.","breadcrumb":{"@id":"https:\/\/sanremoweekend.it\/fr\/grands-evenements\/festival-de-sanremo-fevrier\/#breadcrumb"},"inLanguage":"fr-FR","potentialAction":[{"@type":"ReadAction","target":["https:\/\/sanremoweekend.it\/fr\/grands-evenements\/festival-de-sanremo-fevrier\/"]}]},{"@type":"ImageObject","inLanguage":"fr-FR","@id":"https:\/\/sanremoweekend.it\/fr\/grands-evenements\/festival-de-sanremo-fevrier\/#primaryimage","url":"https:\/\/sanremoweekend.it\/wp-content\/uploads\/2015\/04\/aristonsanremo3.jpg","contentUrl":"https:\/\/sanremoweekend.it\/wp-content\/uploads\/2015\/04\/aristonsanremo3.jpg","width":1620,"height":1080,"caption":"ariston festival sanremo, \u0424\u0435\u0441\u0442\u0438\u0432\u0430\u043b\u044c \u043f\u0435\u0441\u043d\u0438"},{"@type":"BreadcrumbList","@id":"https:\/\/sanremoweekend.it\/fr\/grands-evenements\/festival-de-sanremo-fevrier\/#breadcrumb","itemListElement":[{"@type":"ListItem","position":1,"name":"Home","item":"https:\/\/sanremoweekend.it\/fr\/"},{"@type":"ListItem","position":2,"name":"Les \u00e9v\u00e9nements \u00e0 San Remo","item":"https:\/\/sanremoweekend.it\/events-in-san-remo\/"},{"@type":"ListItem","position":3,"name":"Festival de musique de San Remo"}]},{"@type":"WebSite","@id":"https:\/\/sanremoweekend.it\/#website","url":"https:\/\/sanremoweekend.it\/","name":"Sanremo Weekend","description":"Hotel 4 \u00e9toiles \u00e0 San Remo","potentialAction":[{"@type":"SearchAction","target":{"@type":"EntryPoint","urlTemplate":"https:\/\/sanremoweekend.it\/?s={search_term_string}"},"query-input":{"@type":"PropertyValueSpecification","valueRequired":true,"valueName":"search_term_string"}}],"inLanguage":"fr-FR"}]}},"_links":{"self":[{"href":"https:\/\/sanremoweekend.it\/fr\/wp-json\/wp\/v2\/pages\/1916","targetHints":{"allow":["GET"]}}],"collection":[{"href":"https:\/\/sanremoweekend.it\/fr\/wp-json\/wp\/v2\/pages"}],"about":[{"href":"https:\/\/sanremoweekend.it\/fr\/wp-json\/wp\/v2\/types\/page"}],"author":[{"embeddable":true,"href":"https:\/\/sanremoweekend.it\/fr\/wp-json\/wp\/v2\/users\/3"}],"replies":[{"embeddable":true,"href":"https:\/\/sanremoweekend.it\/fr\/wp-json\/wp\/v2\/comments?post=1916"}],"version-history":[{"count":0,"href":"https:\/\/sanremoweekend.it\/fr\/wp-json\/wp\/v2\/pages\/1916\/revisions"}],"up":[{"embeddable":true,"href":"https:\/\/sanremoweekend.it\/fr\/wp-json\/wp\/v2\/pages\/3305"}],"wp:featuredmedia":[{"embeddable":true,"href":"https:\/\/sanremoweekend.it\/fr\/wp-json\/wp\/v2\/media\/1087"}],"wp:attachment":[{"href":"https:\/\/sanremoweekend.it\/fr\/wp-json\/wp\/v2\/media?parent=1916"}],"curies":[{"name":"wp","href":"https:\/\/api.w.org\/{rel}","templated":true}]}}