{"id":1959,"date":"2016-10-04T19:34:13","date_gmt":"2016-10-04T17:34:13","guid":{"rendered":"http:\/\/www.nyalahotel.biz\/fr\/?page_id=1959"},"modified":"2023-06-21T10:25:07","modified_gmt":"2023-06-21T08:25:07","slug":"nos-services-pour-les-familles-avec-bebe","status":"publish","type":"page","link":"https:\/\/sanremoweekend.it\/fr\/vacances-pour-familles\/nos-services-pour-les-familles-avec-bebe\/","title":{"rendered":"Vacances avec b\u00e9b\u00e9 \u00e0 San Remo"},"content":{"rendered":"<h2 style=\"text-align: center;\">Vacances avec b\u00e9b\u00e9 \u00e0 San Remo<\/h2>\n<p style=\"font-size: 18px; text-align: center;\">En tant que membre de <strong>Italy Family Hotels<\/strong>, nous avons le plaisir d&#8217;offrir \u00e0 vos enfants et \u00e0 vos b\u00e9b\u00e9s toute une s\u00e9rie de services qui rendront leur s\u00e9jour confortable et agr\u00e9able.<\/p>\n<p style=\"text-align: center;\">Pr\u00e9parez-vous \u00e0 passer d\u2019excellentes vacances \u00e0 l&#8217;occasion de votre voyage avec des b\u00e9b\u00e9s \u00e0 San Remo. Notre h\u00f4tel vous mettra \u00e0 l\u2019aise avec votre nouveau-n\u00e9.<\/p>\n<p style=\"text-align: center;\"><a class=\"maxbutton-3 maxbutton maxbutton-reserver\" target=\"_blank\" rel=\"noopener\" href=\"https:\/\/sanremoweekend.it\/fr\/info\/\"><span class='mb-text'>Reserver<\/span><\/a><\/p>\n<p>&nbsp;<\/p>\n<div class=\"responsive-tabs\">\n<h2 class=\"tabtitle\">Pr\u00e9sentation<\/h2>\n<div class=\"tabcontent\">\n\n<p style=\"text-align: justify;\"><strong><a href=\"https:\/\/sanremoweekend.it\/wp\/wp-content\/uploads\/2019\/05\/mother-84628_1280.jpg\"><img loading=\"lazy\" decoding=\"async\" class=\"size-gallery-thumbnail wp-image-8651 aligncenter\" src=\"https:\/\/sanremoweekend.it\/wp-content\/uploads\/2019\/05\/mother-84628_1280-600x400.jpg\" alt=\"Holidays-with-babies-in-san-remo\" width=\"600\" height=\"400\" srcset=\"https:\/\/sanremoweekend.it\/wp-content\/uploads\/2019\/05\/mother-84628_1280-600x400.jpg 600w, https:\/\/sanremoweekend.it\/wp-content\/uploads\/2019\/05\/mother-84628_1280-300x200.jpg 300w, https:\/\/sanremoweekend.it\/wp-content\/uploads\/2019\/05\/mother-84628_1280-768x512.jpg 768w, https:\/\/sanremoweekend.it\/wp-content\/uploads\/2019\/05\/mother-84628_1280-1024x682.jpg 1024w, https:\/\/sanremoweekend.it\/wp-content\/uploads\/2019\/05\/mother-84628_1280-2x1.jpg 2w, https:\/\/sanremoweekend.it\/wp-content\/uploads\/2019\/05\/mother-84628_1280.jpg 1280w\" sizes=\"(max-width: 600px) 100vw, 600px\" \/><\/a><\/strong><\/p>\n<p style=\"text-align: justify;\"><strong>Voyager avec des b\u00e9b\u00e9s \u00e0 San Remo ne doit pas \u00eatre un obstacle pour profiter des vacances.<\/strong><\/p>\n<p style=\"text-align: justify;\">Planifier un voyage avec des enfants de 0 \u00e0 2 ans n\u00e9cessite toujours une planification de tout ce que vous avez \u00e0 prendre avec vous. Ainsi, nous organisons les choses afin que vous puissiez voyager avec le minimum de mat\u00e9riel. Gr\u00e2ce \u00e0 ce forfait, vous n\u2019aurez pas \u00e0 vous inqui\u00e9ter pour quoi que ce soit car nous vous accueillons dans un h\u00f4tel membre de <strong>Italy Family Hotels<\/strong>. Qu\u2019est-ce que \u00e7a veut dire ? Eh bien, qu&#8217;il s&#8217;agit d&#8217;un h\u00f4tel id\u00e9al pour voyager avec des b\u00e9b\u00e9s et des enfants en bas \u00e2ge, car on y trouve des installations, des services, des repas, des produits et des activit\u00e9s adapt\u00e9s aux b\u00e9b\u00e9s de moins de 2 ans<\/p>\n\n<\/div><h2 class=\"tabtitle\">Notre offre comprend<\/h2>\n<div class=\"tabcontent\">\n\n<h3 style=\"text-align: center;\"><strong>\u00a0&#8220;VACANCES AVEC B\u00c9B\u00c9 A SAN REMO&#8221; PACK<\/strong><\/h3>\n<table class=\"aligncenter\" style=\"border-color: #000000; width: 62.9135%; height: 227px;\" border=\"1\" cellpadding=\"5\">\n<tbody>\n<tr style=\"height: 96px;\">\n<td style=\"text-align: right; width: 12.6949%; height: 96px;\"><\/td>\n<td style=\"text-align: right; width: 6.62773%; height: 96px;\"><span style=\"color: #ff0000;\"><b>Basse saison<\/b><\/span><\/td>\n<td style=\"text-align: right; width: 6.0804%;\"><span style=\"color: #ff0000;\"><strong>Moyenne saison<\/strong><\/span><\/td>\n<td style=\"text-align: right; width: 5.27068%;\"><span style=\"color: #ff0000;\"><strong>Long Week-ends &amp; Jours f\u00e9ri\u00e9s<\/strong><\/span><\/td>\n<\/tr>\n<tr style=\"height: 48px;\">\n<td style=\"text-align: right; width: 12.6949%; height: 48px;\"><span style=\"color: #ff0000;\"><b>Offre Gold<\/b><\/span><\/td>\n<td style=\"text-align: right; width: 6.62773%; height: 48px;\"><span style=\"color: #ff0000;\"><strong>245.00 \u20ac\u00a0<\/strong><\/span><\/td>\n<td style=\"text-align: right; width: 6.0804%; height: 48px;\"><span style=\"color: #ff0000;\"><strong>275.00 \u20ac<\/strong><\/span><\/td>\n<td style=\"text-align: right; width: 5.27068%;\"><span style=\"color: #ff0000;\"><strong>335.00 \u20ac\u00a0<\/strong><\/span><\/td>\n<\/tr>\n<\/tbody>\n<\/table>\n<p style=\"text-align: center;\">Prix par personne<\/p>\n<p>Le tarif inclut :<\/p>\n<ul>\n<li>3 x nuits<\/li>\n<li>3 x petits-d\u00e9jeuners<\/li>\n<li>3 x d\u00eeners \u00e0 l&#8217;h\u00f4tel<\/li>\n<li>assistance de notre agence<\/li>\n<li>place de parking priv\u00e9e, selon les disponibilit\u00e9s<\/li>\n<li>navette de l&#8217;h\u00f4tel au centre ville (de 9h \u00e0 18h)<\/li>\n<li><b>La carte Sanremo-On Membership<\/b> offrant des r\u00e9ductions sp\u00e9ciales dans certains magasins de v\u00eatements et d\u2019accessoires, des restaurants et caf\u00e9s raffin\u00e9s<\/li>\n<\/ul>\n<p>Le tarif n&#8217;inclut pas :<\/p>\n<ul>\n<li>billets de voyage<\/li>\n<li>taxe de s\u00e9jour payable sur place<\/li>\n<li>extras et pourboires<\/li>\n<li>tout ce qui n&#8217;est pas clairement mentionn\u00e9 dans le paragraphe &#8220;le tarif inclut&#8221;<\/li>\n<\/ul>\n<p>H\u00e9bergement<\/p>\n<ul>\n<li>L&#8217; <strong>offre Gold<\/strong> comprend un h\u00e9bergement dans une<strong>suite junior<\/strong><b>e<\/b> au NYALA Suite Hotel de San Remo<\/li>\n<li>Les enfants sont h\u00e9berg\u00e9s et nourris gratuitement jusqu\u2019\u00e0 11 ans.<\/li>\n<\/ul>\n<p>Disponibilit\u00e9 de l&#8217;offre<\/p>\n<ul>\n<li>l\u2019offre est disponible toute l\u2019ann\u00e9e, \u00e0 l\u2019exception des p\u00e9riodes de forte affluence, comme au moment des jours f\u00e9ri\u00e9s nationaux et des grands \u00e9v\u00e9nements<\/li>\n<\/ul>\n<h4 style=\"text-align: center;\">Service de chambre<\/h4>\n<p style=\"text-align: center;\">Pendant votre s\u00e9jour, le Nyala Family Hotel mettra \u00e0 votre disposition tout le confort comme \u00e0 la maison : berceaux, lits parapluies, baignoires pour b\u00e9b\u00e9s, chauffe-biberons.<\/p>\n<h4 style=\"text-align: center;\">Service de restauration<\/h4>\n<p style=\"text-align: center;\">Dans nos restaurants, vous trouverez des chaises hautes confortables, des couverts color\u00e9s, des assiettes et des serviettes. Notre chef r\u00e9alisera des menus sp\u00e9cifiques pour vos enfants, avec des ingr\u00e9dients choisis et des pr\u00e9sentations amusantes. Les horaires de repas sont flexibles pour faciliter l&#8217;organisation pour les enfants et les parents. Vous aurez \u00e9galement acc\u00e8s \u00e0 un coin cuisine \u00e9quip\u00e9e pour la pr\u00e9paration des repas, comme \u00e0 la maison, et disponible pour nos clients 24h\/24 et 7jours\/7.<\/p>\n<h4 style=\"text-align: center;\">Assistance m\u00e9dicale<\/h4>\n<p style=\"text-align: center;\">En cas de besoin, les parents peuvent compter sur notre h\u00f4tel familial pour fournir un service p\u00e9diatrique de confiance.<\/p>\n<h4 style=\"text-align: center;\">Service de blanchisserie<\/h4>\n<p style=\"text-align: center;\">Sur demande, un service de blanchisserie est propos\u00e9 pour les v\u00eatements des enfants.<\/p>\n<h4 style=\"text-align: center;\">Mini Club<\/h4>\n<p style=\"text-align: center;\">Notre personnel multilingue qualifi\u00e9 sera heureux d\u2019accueillir les petits clients dans une s\u00e9rie d&#8217;activit\u00e9s ludiques et participatives. Le mini club est disponible tous les jours de 18h \u00e0 22h, pendant les f\u00eates de No\u00ebl et de P\u00e2ques ainsi que pendant les mois de juillet et ao\u00fbt.<\/p>\n<h4 style=\"text-align: center;\">Babysitter<\/h4>\n<p style=\"text-align: center;\">Sur demande, une personne de confiance prendra le plus grand soin de vos enfants. Elle les fera jouer et \u00e0 s\u2019amuser dans un environnement sain et s\u00e9curitaire pendant que leurs parents profiteront de leurs vacances \u00e0 deux.<\/p>\n<h4 style=\"text-align: center;\">Aire de jeu<\/h4>\n<p style=\"text-align: center;\">Entour\u00e9 par le jardin tropical enchanteur, nous proposons une aire de jeux enti\u00e8rement \u00e9quip\u00e9e avec des jeux pour tous les \u00e2ges pr\u00eats \u00e0 accueillir vos enfants \u00e0 toute heure de la journ\u00e9e. Elle est \u00e9galement \u00e9quip\u00e9 d\u2019un toboggan, de balan\u00e7oires, de cordes et de balancelles \u00e0 ressort.<\/p>\n<h4 style=\"text-align: center;\">Salle de jeu<\/h4>\n<p style=\"text-align: center;\">Une salle de jeu de 15m\u00b2 a \u00e9t\u00e9 am\u00e9nag\u00e9e avec une petite biblioth\u00e8que et des livres de contes et des bandes dessin\u00e9es, une vid\u00e9oth\u00e8que avec des dessins anim\u00e9s pour enfants et de nombreux jouets en bois pour rendre les journ\u00e9es de vos enfants toujours plus riches et surprenantes.<\/p>\n\n<\/div><h2 class=\"tabtitle\">Politique de r\u00e9servation<\/h2>\n<div class=\"tabcontent\">\n\n<p><strong>POLITIQUE DE RESERVATION<\/strong><\/p>\n<ul>\n<li>La commercialisation des forfaits &#8220;Week-end \u00e0 Sanremo&#8221; est g\u00e9r\u00e9e par l\u2019agence de voyages Nyala Wonder Travel.<\/li>\n<li>Frais de gestion : 5% sur le montant du forfait confirm\u00e9.<\/li>\n<li>Paiement : lors de la confirmation de la r\u00e9servation par carte de cr\u00e9dit ou par virement bancaire.<\/li>\n<li>P\u00e9nalit\u00e9s en cas d\u2019annulation : remboursement int\u00e9gral des annulations effectu\u00e9es 61 jours avant la date d\u2019arriv\u00e9e pr\u00e9vue, p\u00e9nalit\u00e9 de 50% pour les annulations effectu\u00e9es dans les 31 jours avant la date d\u2019arriv\u00e9e pr\u00e9vue, p\u00e9nalit\u00e9 de 100% pour les annulations effectu\u00e9es dans les 30 jours pr\u00e9c\u00e9dant la date d\u2019arriv\u00e9e pr\u00e9vue.<\/li>\n<li>Frais de modification de r\u00e9servation : pas de frais jusqu\u2019\u00e0 31 jours avant la date d\u2019arriv\u00e9e pr\u00e9vue, 100% pour les modifications effectu\u00e9es dans les 30 jours pr\u00e9c\u00e9dant la date d\u2019arriv\u00e9e pr\u00e9vue.<\/li>\n<li>Frais de transfert du contrat \u00e0 des tiers (art. 38 Code du Tourisme) : pas de frais jusqu\u2019\u00e0 31 jours avant la date d\u2019arriv\u00e9e pr\u00e9vue, 20% du montant du forfait pour les transferts effectu\u00e9s dans les 30 jours pr\u00e9c\u00e9dant la date d\u2019arriv\u00e9e pr\u00e9vue.<\/li>\n<li>Les frais de gestion et les frais administratifs ne sont jamais remboursables en cas de modification ou d\u2019annulation.<\/li>\n<\/ul>\n<\/div><\/div>\n","protected":false},"excerpt":{"rendered":"<p>Planifier un voyage avec des enfants de 0 \u00e0 2 ans implique toujours la planification de tout ce que vous avez \u00e0 prendre avec vous. Ainsi, nous organisons des choses afin que vous puissiez voyager avec le minimum de mat\u00e9riel. Avec cette offre, vous n\u2019aurez pas \u00e0 vous soucier de quoi que ce soit car nous vous accueillons dans un h\u00f4tel membre de l\u2019Italie Family Hotels.<\/p>\n","protected":false},"author":3,"featured_media":8652,"parent":4775,"menu_order":0,"comment_status":"open","ping_status":"closed","template":"content-page-template.php","meta":{"_acf_changed":false,"_et_pb_use_builder":"","_et_pb_old_content":"","_et_gb_content_width":"","footnotes":""},"class_list":["post-1959","page","type-page","status-publish","has-post-thumbnail","hentry"],"acf":[],"yoast_head":"<!-- This site is optimized with the Yoast SEO plugin v27.5 - https:\/\/yoast.com\/product\/yoast-seo-wordpress\/ -->\n<title>Vacances avec b\u00e9b\u00e9 \u00e0 San Remo | Sanremo Weekend Special Offers<\/title>\n<meta name=\"description\" content=\"R\u00e9servez vos vacances avec b\u00e9b\u00e9 \u00e0 San Remo dans un h\u00f4tel membre des Family Hotels d&#039;Italie. Profitez de notre confortable \u00e9tablissement.\" \/>\n<meta name=\"robots\" content=\"index, follow, max-snippet:-1, max-image-preview:large, max-video-preview:-1\" \/>\n<link rel=\"canonical\" href=\"https:\/\/sanremoweekend.it\/holidays-for-families-in-san-remo\/holidays-with-babies-in-san-remo\/\" \/>\n<meta property=\"og:locale\" content=\"fr_FR\" \/>\n<meta property=\"og:type\" content=\"article\" \/>\n<meta property=\"og:title\" content=\"Vacances avec b\u00e9b\u00e9 \u00e0 San Remo | Sanremo Weekend Special Offers\" \/>\n<meta property=\"og:description\" content=\"R\u00e9servez vos vacances avec b\u00e9b\u00e9 \u00e0 San Remo dans un h\u00f4tel membre des Family Hotels d&#039;Italie. Profitez de notre confortable \u00e9tablissement.\" \/>\n<meta property=\"og:url\" content=\"https:\/\/sanremoweekend.it\/holidays-for-families-in-san-remo\/holidays-with-babies-in-san-remo\/\" \/>\n<meta property=\"og:site_name\" content=\"Sanremo Weekend\" \/>\n<meta property=\"article:modified_time\" content=\"2023-06-21T08:25:07+00:00\" \/>\n<meta property=\"og:image\" content=\"https:\/\/sanremoweekend.it\/wp-content\/uploads\/2019\/05\/mother-84628_1280.jpg\" \/>\n\t<meta property=\"og:image:width\" content=\"1280\" \/>\n\t<meta property=\"og:image:height\" content=\"853\" \/>\n\t<meta property=\"og:image:type\" content=\"image\/jpeg\" \/>\n<meta name=\"twitter:card\" content=\"summary_large_image\" \/>\n<meta name=\"twitter:label1\" content=\"Dur\u00e9e de lecture estim\u00e9e\" \/>\n\t<meta name=\"twitter:data1\" content=\"5 minutes\" \/>\n<script type=\"application\/ld+json\" class=\"yoast-schema-graph\">{\"@context\":\"https:\\\/\\\/schema.org\",\"@graph\":[{\"@type\":\"WebPage\",\"@id\":\"https:\\\/\\\/sanremoweekend.it\\\/holidays-for-families-in-san-remo\\\/holidays-with-babies-in-san-remo\\\/\",\"url\":\"https:\\\/\\\/sanremoweekend.it\\\/holidays-for-families-in-san-remo\\\/holidays-with-babies-in-san-remo\\\/\",\"name\":\"Vacances avec b\u00e9b\u00e9 \u00e0 San Remo | Sanremo Weekend Special Offers\",\"isPartOf\":{\"@id\":\"https:\\\/\\\/sanremoweekend.it\\\/#website\"},\"primaryImageOfPage\":{\"@id\":\"https:\\\/\\\/sanremoweekend.it\\\/holidays-for-families-in-san-remo\\\/holidays-with-babies-in-san-remo\\\/#primaryimage\"},\"image\":{\"@id\":\"https:\\\/\\\/sanremoweekend.it\\\/holidays-for-families-in-san-remo\\\/holidays-with-babies-in-san-remo\\\/#primaryimage\"},\"thumbnailUrl\":\"https:\\\/\\\/sanremoweekend.it\\\/wp-content\\\/uploads\\\/2019\\\/05\\\/mother-84628_1280.jpg\",\"datePublished\":\"2016-10-04T17:34:13+00:00\",\"dateModified\":\"2023-06-21T08:25:07+00:00\",\"description\":\"R\u00e9servez vos vacances avec b\u00e9b\u00e9 \u00e0 San Remo dans un h\u00f4tel membre des Family Hotels d'Italie. Profitez de notre confortable \u00e9tablissement.\",\"breadcrumb\":{\"@id\":\"https:\\\/\\\/sanremoweekend.it\\\/holidays-for-families-in-san-remo\\\/holidays-with-babies-in-san-remo\\\/#breadcrumb\"},\"inLanguage\":\"fr-FR\",\"potentialAction\":[{\"@type\":\"ReadAction\",\"target\":[\"https:\\\/\\\/sanremoweekend.it\\\/holidays-for-families-in-san-remo\\\/holidays-with-babies-in-san-remo\\\/\"]}]},{\"@type\":\"ImageObject\",\"inLanguage\":\"fr-FR\",\"@id\":\"https:\\\/\\\/sanremoweekend.it\\\/holidays-for-families-in-san-remo\\\/holidays-with-babies-in-san-remo\\\/#primaryimage\",\"url\":\"https:\\\/\\\/sanremoweekend.it\\\/wp-content\\\/uploads\\\/2019\\\/05\\\/mother-84628_1280.jpg\",\"contentUrl\":\"https:\\\/\\\/sanremoweekend.it\\\/wp-content\\\/uploads\\\/2019\\\/05\\\/mother-84628_1280.jpg\",\"width\":1280,\"height\":853,\"caption\":\"Holidays-with-babies-in-san-remo\"},{\"@type\":\"BreadcrumbList\",\"@id\":\"https:\\\/\\\/sanremoweekend.it\\\/holidays-for-families-in-san-remo\\\/holidays-with-babies-in-san-remo\\\/#breadcrumb\",\"itemListElement\":[{\"@type\":\"ListItem\",\"position\":1,\"name\":\"Home\",\"item\":\"https:\\\/\\\/sanremoweekend.it\\\/fr\\\/\"},{\"@type\":\"ListItem\",\"position\":2,\"name\":\"Vacances familiales \u00e0 San Remo &#8211; H\u00f4tel familial\",\"item\":\"https:\\\/\\\/sanremoweekend.it\\\/fr\\\/vacances-pour-familles\\\/\"},{\"@type\":\"ListItem\",\"position\":3,\"name\":\"Vacances avec b\u00e9b\u00e9 \u00e0 San Remo\"}]},{\"@type\":\"WebSite\",\"@id\":\"https:\\\/\\\/sanremoweekend.it\\\/#website\",\"url\":\"https:\\\/\\\/sanremoweekend.it\\\/\",\"name\":\"Sanremo Weekend\",\"description\":\"Hotel 4 \u00e9toiles \u00e0 San Remo\",\"potentialAction\":[{\"@type\":\"SearchAction\",\"target\":{\"@type\":\"EntryPoint\",\"urlTemplate\":\"https:\\\/\\\/sanremoweekend.it\\\/?s={search_term_string}\"},\"query-input\":{\"@type\":\"PropertyValueSpecification\",\"valueRequired\":true,\"valueName\":\"search_term_string\"}}],\"inLanguage\":\"fr-FR\"}]}<\/script>\n<!-- \/ Yoast SEO plugin. -->","yoast_head_json":{"title":"Vacances avec b\u00e9b\u00e9 \u00e0 San Remo | Sanremo Weekend Special Offers","description":"R\u00e9servez vos vacances avec b\u00e9b\u00e9 \u00e0 San Remo dans un h\u00f4tel membre des Family Hotels d'Italie. Profitez de notre confortable \u00e9tablissement.","robots":{"index":"index","follow":"follow","max-snippet":"max-snippet:-1","max-image-preview":"max-image-preview:large","max-video-preview":"max-video-preview:-1"},"canonical":"https:\/\/sanremoweekend.it\/holidays-for-families-in-san-remo\/holidays-with-babies-in-san-remo\/","og_locale":"fr_FR","og_type":"article","og_title":"Vacances avec b\u00e9b\u00e9 \u00e0 San Remo | Sanremo Weekend Special Offers","og_description":"R\u00e9servez vos vacances avec b\u00e9b\u00e9 \u00e0 San Remo dans un h\u00f4tel membre des Family Hotels d'Italie. Profitez de notre confortable \u00e9tablissement.","og_url":"https:\/\/sanremoweekend.it\/holidays-for-families-in-san-remo\/holidays-with-babies-in-san-remo\/","og_site_name":"Sanremo Weekend","article_modified_time":"2023-06-21T08:25:07+00:00","og_image":[{"width":1280,"height":853,"url":"https:\/\/sanremoweekend.it\/wp-content\/uploads\/2019\/05\/mother-84628_1280.jpg","type":"image\/jpeg"}],"twitter_card":"summary_large_image","twitter_misc":{"Dur\u00e9e de lecture estim\u00e9e":"5 minutes"},"schema":{"@context":"https:\/\/schema.org","@graph":[{"@type":"WebPage","@id":"https:\/\/sanremoweekend.it\/holidays-for-families-in-san-remo\/holidays-with-babies-in-san-remo\/","url":"https:\/\/sanremoweekend.it\/holidays-for-families-in-san-remo\/holidays-with-babies-in-san-remo\/","name":"Vacances avec b\u00e9b\u00e9 \u00e0 San Remo | Sanremo Weekend Special Offers","isPartOf":{"@id":"https:\/\/sanremoweekend.it\/#website"},"primaryImageOfPage":{"@id":"https:\/\/sanremoweekend.it\/holidays-for-families-in-san-remo\/holidays-with-babies-in-san-remo\/#primaryimage"},"image":{"@id":"https:\/\/sanremoweekend.it\/holidays-for-families-in-san-remo\/holidays-with-babies-in-san-remo\/#primaryimage"},"thumbnailUrl":"https:\/\/sanremoweekend.it\/wp-content\/uploads\/2019\/05\/mother-84628_1280.jpg","datePublished":"2016-10-04T17:34:13+00:00","dateModified":"2023-06-21T08:25:07+00:00","description":"R\u00e9servez vos vacances avec b\u00e9b\u00e9 \u00e0 San Remo dans un h\u00f4tel membre des Family Hotels d'Italie. Profitez de notre confortable \u00e9tablissement.","breadcrumb":{"@id":"https:\/\/sanremoweekend.it\/holidays-for-families-in-san-remo\/holidays-with-babies-in-san-remo\/#breadcrumb"},"inLanguage":"fr-FR","potentialAction":[{"@type":"ReadAction","target":["https:\/\/sanremoweekend.it\/holidays-for-families-in-san-remo\/holidays-with-babies-in-san-remo\/"]}]},{"@type":"ImageObject","inLanguage":"fr-FR","@id":"https:\/\/sanremoweekend.it\/holidays-for-families-in-san-remo\/holidays-with-babies-in-san-remo\/#primaryimage","url":"https:\/\/sanremoweekend.it\/wp-content\/uploads\/2019\/05\/mother-84628_1280.jpg","contentUrl":"https:\/\/sanremoweekend.it\/wp-content\/uploads\/2019\/05\/mother-84628_1280.jpg","width":1280,"height":853,"caption":"Holidays-with-babies-in-san-remo"},{"@type":"BreadcrumbList","@id":"https:\/\/sanremoweekend.it\/holidays-for-families-in-san-remo\/holidays-with-babies-in-san-remo\/#breadcrumb","itemListElement":[{"@type":"ListItem","position":1,"name":"Home","item":"https:\/\/sanremoweekend.it\/fr\/"},{"@type":"ListItem","position":2,"name":"Vacances familiales \u00e0 San Remo &#8211; H\u00f4tel familial","item":"https:\/\/sanremoweekend.it\/fr\/vacances-pour-familles\/"},{"@type":"ListItem","position":3,"name":"Vacances avec b\u00e9b\u00e9 \u00e0 San Remo"}]},{"@type":"WebSite","@id":"https:\/\/sanremoweekend.it\/#website","url":"https:\/\/sanremoweekend.it\/","name":"Sanremo Weekend","description":"Hotel 4 \u00e9toiles \u00e0 San Remo","potentialAction":[{"@type":"SearchAction","target":{"@type":"EntryPoint","urlTemplate":"https:\/\/sanremoweekend.it\/?s={search_term_string}"},"query-input":{"@type":"PropertyValueSpecification","valueRequired":true,"valueName":"search_term_string"}}],"inLanguage":"fr-FR"}]}},"_links":{"self":[{"href":"https:\/\/sanremoweekend.it\/fr\/wp-json\/wp\/v2\/pages\/1959","targetHints":{"allow":["GET"]}}],"collection":[{"href":"https:\/\/sanremoweekend.it\/fr\/wp-json\/wp\/v2\/pages"}],"about":[{"href":"https:\/\/sanremoweekend.it\/fr\/wp-json\/wp\/v2\/types\/page"}],"author":[{"embeddable":true,"href":"https:\/\/sanremoweekend.it\/fr\/wp-json\/wp\/v2\/users\/3"}],"replies":[{"embeddable":true,"href":"https:\/\/sanremoweekend.it\/fr\/wp-json\/wp\/v2\/comments?post=1959"}],"version-history":[{"count":0,"href":"https:\/\/sanremoweekend.it\/fr\/wp-json\/wp\/v2\/pages\/1959\/revisions"}],"up":[{"embeddable":true,"href":"https:\/\/sanremoweekend.it\/fr\/wp-json\/wp\/v2\/pages\/4775"}],"wp:featuredmedia":[{"embeddable":true,"href":"https:\/\/sanremoweekend.it\/fr\/wp-json\/wp\/v2\/media\/8652"}],"wp:attachment":[{"href":"https:\/\/sanremoweekend.it\/fr\/wp-json\/wp\/v2\/media?parent=1959"}],"curies":[{"name":"wp","href":"https:\/\/api.w.org\/{rel}","templated":true}]}}