{"id":2023,"date":"2016-10-04T20:49:05","date_gmt":"2016-10-04T18:49:05","guid":{"rendered":"http:\/\/www.nyalahotel.biz\/fr\/?page_id=2023"},"modified":"2023-07-12T14:27:08","modified_gmt":"2023-07-12T12:27:08","slug":"vtt","status":"publish","type":"page","link":"https:\/\/sanremoweekend.it\/fr\/sport-a-san-remo\/vtt\/","title":{"rendered":"Offre VTT \u00e0 San Remo"},"content":{"rendered":"<h2 style=\"text-align: center;\">Offre VTT \u00e0 San Remo<\/h2>\n<p style=\"text-align: center;\"><strong>LA LIGURIE EN VTT PAR L&#8217;ARRIERE PAYS DE SAN REMO<\/strong><\/p>\n<p style=\"text-align: center;\">Un climat doux toute l\u2019ann\u00e9e, une mer merveilleuse, des fleurs splendides et des palmiers centenaires tout autour de vous : ce sont les raisons qui font de San Remo l\u2019endroit le plus c\u00e9l\u00e8bre au monde. R\u00e9servez ici notre offre VTT \u00e0 San Remo<\/p>\n<p>&nbsp;<\/p>\n<p style=\"text-align: center;\"><a class=\"maxbutton-2 maxbutton maxbutton-book\" target=\"_blank\" rel=\"noopener\" href=\"https:\/\/sanremoweekend.it\/info-2\/\"><span class='mb-text'>Book Now<\/span><\/a><\/p>\n<div class=\"responsive-tabs\">\n<h2 class=\"tabtitle\">Presentation<\/h2>\n<div class=\"tabcontent\">\n\n<p><img loading=\"lazy\" decoding=\"async\" class=\"size-gallery-thumbnail wp-image-1142 aligncenter\" src=\"https:\/\/sanremoweekend.it\/wp-content\/uploads\/2015\/04\/alpimarittime-600x400.jpg\" alt=\"alpi marittime, vtt, mountain bike, mountainbike, \u041c\u0430\u0440\u0448\u0440\u0443\u0442\u044b \u0434\u043b\u044f \u0433\u043e\u0440\u043d\u043e\u0433\u043e \u0432\u0435\u043b\u043e\u0441\u0438\u043f\u0435\u0434\u0430\" width=\"600\" height=\"400\" srcset=\"https:\/\/sanremoweekend.it\/wp-content\/uploads\/2015\/04\/alpimarittime-600x400.jpg 600w, https:\/\/sanremoweekend.it\/wp-content\/uploads\/2015\/04\/alpimarittime-300x200.jpg 300w, https:\/\/sanremoweekend.it\/wp-content\/uploads\/2015\/04\/alpimarittime-768x512.jpg 768w, https:\/\/sanremoweekend.it\/wp-content\/uploads\/2015\/04\/alpimarittime-1024x683.jpg 1024w, https:\/\/sanremoweekend.it\/wp-content\/uploads\/2015\/04\/alpimarittime-2x1.jpg 2w, https:\/\/sanremoweekend.it\/wp-content\/uploads\/2015\/04\/alpimarittime.jpg 1620w\" sizes=\"(max-width: 600px) 100vw, 600px\" \/><\/p>\n<p style=\"text-align: justify;\">Les routes des Alpes maritimes qui entourent San Remo vous permettent de faire du VTT toute l\u2019ann\u00e9e, en profitant du climat doux et des paysages de la Riviera des fleurs.<\/p>\n<p style=\"text-align: justify;\">Le mont Bignone avec ses 1200m d\u2019altitude domine la ville de San Remo, et appartient au parc du m\u00eame nom o\u00f9 les VTT sont les bienvenus. Il existe de nombreux parcours de VTT, mais les amateurs de freeride pourront \u00e9galement trouver des pistes de descente int\u00e9ressantes et amusantes, l\u00e0 o\u00f9 les champions de cette cat\u00e9gorie se rencontrent chaque ann\u00e9e lors de l&#8217;\u00e9v\u00e8nement City of San Remo International Downhill Meeting.<\/p>\n<p style=\"text-align: justify;\">La Riviera des fleurs est g\u00e9n\u00e9ralement consid\u00e9r\u00e9e comme une destination id\u00e9ale pour tous ceux qui sont passionn\u00e9s de VTT car elle offre 2000 km de chemins de VTT balis\u00e9s, pour tous niveaux, et qui conviennent aussi bien aux familles qu&#8217;aux cyclistes aguerris.<\/p>\n<p style=\"text-align: justify;\">Le Nyala Bike Hotel offre tous les services dont vous aurez besoin pour un s\u00e9jour agr\u00e9able et divertissant en VTT.<\/p>\n\n<\/div><h2 class=\"tabtitle\">The offer includes<\/h2>\n<div class=\"tabcontent\">\n\n<h3 style=\"text-align: center;\"><strong>\u00a0OFFRE &#8220;VTT A SAN REMO&#8221;<\/strong><\/h3>\n<table class=\"aligncenter\" style=\"border-color: #000000; width: 62.9135%; height: 227px;\" border=\"1\" cellpadding=\"5\">\n<tbody>\n<tr style=\"height: 96px;\">\n<td style=\"text-align: right; width: 12.6949%; height: 96px;\"><\/td>\n<td style=\"text-align: right; width: 6.62773%; height: 96px;\"><span style=\"color: #ff0000;\"><b>Basse saison<\/b><\/span><\/td>\n<td style=\"text-align: right; width: 6.0804%;\"><span style=\"color: #ff0000;\"><strong>Moyenne saison<\/strong><\/span><\/td>\n<td style=\"text-align: right; width: 5.27068%;\"><span style=\"color: #ff0000;\"><strong>Longs Week-ends &amp; Jours f\u00e9ri\u00e9s<\/strong><\/span><\/td>\n<\/tr>\n<tr style=\"height: 48px;\">\n<td style=\"text-align: right; width: 12.6949%; height: 48px;\"><span style=\"color: #ff0000;\"><strong>Offre Silver<\/strong><\/span><\/td>\n<td style=\"text-align: right; width: 6.62773%; height: 48px;\"><span style=\"color: #ff0000;\"><strong>179.00\u20ac<\/strong><\/span><\/td>\n<td style=\"text-align: right; width: 6.0804%; height: 48px;\"><span style=\"color: #ff0000;\"><strong>199.00\u20ac\u00a0<\/strong><\/span><\/td>\n<td style=\"text-align: right; width: 5.27068%;\"><span style=\"color: #ff0000;\"><strong>239.00\u20ac<\/strong><\/span><\/td>\n<\/tr>\n<tr>\n<td style=\"text-align: right; width: 12.6949%;\"><span style=\"color: #ff0000;\"><strong>Offre Gold<\/strong><\/span><\/td>\n<td style=\"text-align: right; width: 6.62773%;\"><span style=\"color: #ff0000;\"><strong>219.00\u20ac<\/strong><\/span><\/td>\n<td style=\"text-align: right; width: 6.0804%;\"><span style=\"color: #ff0000;\"><strong>239.00\u20ac<\/strong><\/span><\/td>\n<td style=\"text-align: right; width: 5.27068%;\"><span style=\"color: #ff0000;\"><strong>279.00\u20ac<\/strong><\/span><\/td>\n<\/tr>\n<\/tbody>\n<\/table>\n<p>&nbsp;<\/p>\n<p style=\"text-align: center;\">Prix par personne (prix disponible pour les groupes de 4 personnes minimum)<\/p>\n<p>Le tarif comprend :<\/p>\n<ul>\n<li>2 x nuits<\/li>\n<li>2 x petits-d\u00e9jeuners<\/li>\n<li>1 x d\u00eener \u00e0 l&#8217;h\u00f4tel, avec un menu \u00e0 3 plats<\/li>\n<li><strong>1 x guide VTT d&#8217;excursion \u00e0 la journ\u00e9e (disponible pour les groupes de 4 personnes minimum)<\/strong><\/li>\n<li>assistance de notre agence<\/li>\n<li>place de parking priv\u00e9e, selon les disponibilit\u00e9s<\/li>\n<li>navette de l&#8217;h\u00f4tel au centre ville (de 9h \u00e0 18h)<\/li>\n<li><b>La carte Sanremo-On Membership<\/b> offrant des r\u00e9ductions sp\u00e9ciales dans certains magasins de v\u00eatements et d\u2019accessoires, des restaurants et caf\u00e9s raffin\u00e9s<\/li>\n<\/ul>\n<p>Le tarif ne comprend pas :<\/p>\n<ul>\n<li>les v\u00e9los (disponibles sur demande)<\/li>\n<li>billets de voyage<\/li>\n<li>taxe de s\u00e9jour payable sur place<\/li>\n<li>extras et pourboires<\/li>\n<li>tout ce qui n&#8217;est pas clairement mentionn\u00e9 dans le paragraphe &#8220;le tarif inclut&#8221;<\/li>\n<\/ul>\n<p>H\u00e9bergement<\/p>\n<ul>\n<li>L&#8217; <strong>offre Silver<\/strong> comprend un h\u00e9bergement dans un chambre <strong>double classique<\/strong> au NYALA Suite Hotel de San Remo<\/li>\n<li>L&#8217; <strong>offre Gold<\/strong> comprend un h\u00e9bergement dans une <strong>suite junio<\/strong><b>r<\/b> au NYALA Suite Hotel de San Remo<\/li>\n<\/ul>\n<p>Offre disponible<\/p>\n<ul>\n<li>l\u2019offre est disponible toute l\u2019ann\u00e9e, \u00e0 l\u2019exception des p\u00e9riodes de forte affluence, comme au moment des jours f\u00e9ri\u00e9s nationaux et des grands \u00e9v\u00e9nements<\/li>\n<\/ul>\n<h2><span style=\"color: #003366;\"><strong>Services de l&#8217;h\u00f4tel pour les cyclistes<\/strong><\/span><\/h2>\n<p>En tant que membres d\u2019ITALY BIKE HOTELS, nous pouvons offrir les services les plus complets pour ceux qui aiment voyager sur deux roues, que ce soit en v\u00e9lo de route ou en VTT.<\/p>\n<h4 style=\"text-align: justify;\"><span style=\"color: #003366;\"><strong>DEPOT DE VELO<br \/>\n<\/strong><\/span><\/h4>\n<p style=\"text-align: justify;\">Vous pouvez laisser vos v\u00e9los en toute s\u00e9curit\u00e9 dans un endroit ferm\u00e9 \u00e0 cl\u00e9 avec des casiers et des crochets, auxquels seuls les clients de l\u2019h\u00f4tel ont acc\u00e8s. Vous trouverez \u00e9galement un vestiaire avec des bancs et des casiers o\u00f9 vous pourrez vous changer pour votre entra\u00eenement et laisser vos v\u00eatements en toute s\u00e9curit\u00e9. Vous trouverez \u00e9galement tous les outils n\u00e9cessaires \u00e0 l\u2019entretien de votre v\u00e9lo.<\/p>\n<h4 style=\"text-align: justify;\"><span style=\"color: #003366;\"><strong>ATELIER<\/strong><\/span><\/h4>\n<p style=\"text-align: justify;\">Une zone \u00e9quip\u00e9e avec tout ce dont vous pourriez avoir besoin pour r\u00e9parer vos v\u00e9los.<\/p>\n<h4 style=\"text-align: justify;\"><span style=\"color: #003366;\"><strong>GUIDE TOURISTIQUE ET CYCLISTE<\/strong><\/span><\/h4>\n<p style=\"text-align: justify;\">Un guide cycliste expert sera \u00e0 votre disposition pour vous accompagner et vous aider sur les itin\u00e9raires choisis, que ce soit sur les routes ou sur les parcours de VTT. Si vous pr\u00e9f\u00e9rez des excursions individuelles, nos guides se feront un plaisir de vous conseiller sur les itin\u00e9raires les plus adapt\u00e9s \u00e0 vos besoins.<\/p>\n<h4 style=\"text-align: justify;\"><span style=\"color: #003366;\"><strong>INTINERAIRES DE VELO<\/strong><\/span><\/h4>\n<p style=\"text-align: justify;\">L\u2019h\u00f4tel met \u00e0 disposition une s\u00e9rie de cartes et d\u2019itin\u00e9raires locaux avec des descriptions techniques et des textes traduits.<\/p>\n<h4 style=\"text-align: justify;\"><span style=\"color: #003366;\"><strong>SERVICE DE BLANCHISSERIE<\/strong><\/span><\/h4>\n<p style=\"text-align: justify;\">Au retour d\u2019une excursion ou d\u2019une s\u00e9ance d\u2019entra\u00eenement, vous trouverez un service quotidien de blanchisserie, disponible sur demande, pour vos v\u00eatements de sport.<\/p>\n<h4 style=\"text-align: justify;\"><span style=\"color: #003366;\"><strong>REGIMES SPECIAUX<\/strong><\/span><\/h4>\n<p style=\"text-align: justify;\">Des menus hautement \u00e9nerg\u00e9tiques sont disponibles avant ou apr\u00e8s votre entra\u00eenement, et sont sp\u00e9cialement con\u00e7us pour vos besoins sportifs. Ils offrent une alimentation \u00e9quilibr\u00e9e contenant de nombreux produits locaux. Vous trouverez \u00e9galement un service de collation de fruits et de sandwichs pour vous apporter toute l\u2019\u00e9nergie n\u00e9cessaire pour affronter les itin\u00e9raires les plus difficiles.<\/p>\n<p style=\"text-align: justify;\">Tous les menus peuvent \u00eatre personnalis\u00e9s par notre chef pour r\u00e9pondre \u00e0 toute demande particuli\u00e8re de la mani\u00e8re la plus satisfaisante possible.<\/p>\n<h4 style=\"text-align: justify;\"><span style=\"color: #003366;\"><strong>ASSISTANCE D&#8217;UN MEDECIN ET D&#8217;UN KINESITHERAPEUTE<\/strong><\/span><\/h4>\n<p style=\"text-align: justify;\">En cas de petits accidents ou de probl\u00e8mes musculaires qui pourraient vous d\u00e9ranger lors de vos vacances \u00e0 v\u00e9lo, nous avons un m\u00e9decin et un kin\u00e9sith\u00e9rapeute disponibles qui vous remettront sur la bonne voie en un rien de temps.<\/p>\n<h4 style=\"text-align: justify;\"><span style=\"color: #003366;\"><strong>FITNESS ET MASSAGES<\/strong><\/span><\/h4>\n<p style=\"text-align: justify;\">Et apr\u00e8s tant d\u2019efforts&#8230; vous pourrez vous d\u00e9tendre dans un sauna ou sous les mains expertes de nos masseurs de confiance. Vous pourrez \u00e9galement faire de l\u2019exercice au Solaro Sporting Center : \u00e0 seulement 400m de l\u2019h\u00f4tel, ce centre vous propose une salle de sport, un sauna, des courts de tennis et un terrain de football \u00e0 5 places. R\u00e9ductions sp\u00e9ciales pour nos clients.<\/p>\n<h4 style=\"text-align: justify;\"><span style=\"color: #003366;\"><strong>ACCORDS AVEC DES MAGASINS SPECIALISES<\/strong><\/span><\/h4>\n<p style=\"text-align: justify;\">Dans le cas o\u00f9 vous auriez besoin d\u2019une maintenance m\u00e9canique de bonne qualit\u00e9, rendez vous dans nos magasins sp\u00e9cialis\u00e9s qui sont enti\u00e8rement \u00e9quip\u00e9s pour r\u00e9pondre \u00e0 toutes vos demandes.<\/p>\n<p style=\"text-align: justify;\">et&#8230;des offres sp\u00e9ciales pour les amoureux de v\u00e9lo.<\/p>\n\n<\/div><h2 class=\"tabtitle\">Reservation Policy<\/h2>\n<div class=\"tabcontent\">\n\n<p lang=\"en-US\"><span style=\"color: #212121;\"><span style=\"font-family: inherit;\"><span style=\"font-size: medium;\"><span style=\"font-family: INHERIT;\"><strong>POLITIQUE DE RESERVATION<\/strong><\/span><\/span><\/span><\/span><\/p>\n<ul>\n<li lang=\"en-US\"><span style=\"color: #212121;\"><span style=\"font-family: inherit;\"><span style=\"font-size: medium;\"><span style=\"font-family: INHERIT;\">La commercialisation des forfaits &#8220;Week-end \u00e0 Sanremo&#8221; est g\u00e9r\u00e9e par l\u2019agence de voyages Nyala Wonder Travel.<\/span><\/span><\/span><\/span><\/li>\n<li lang=\"en-US\"><span style=\"color: #212121;\"><span style=\"font-family: inherit;\"><span style=\"font-size: medium;\"><span style=\"font-family: INHERIT;\">Frais de gestion : 5% sur le montant du forfait confirm\u00e9.<\/span><\/span><\/span><\/span><\/li>\n<li lang=\"en-US\"><span style=\"color: #212121;\"><span style=\"font-family: inherit;\"><span style=\"font-size: medium;\"><span style=\"font-family: INHERIT;\">Paiement : lors de la confirmation de la r\u00e9servation par carte de cr\u00e9dit ou par virement bancaire.<\/span><\/span><\/span><\/span><\/li>\n<li lang=\"en-US\"><span style=\"color: #212121;\"><span style=\"font-family: inherit;\"><span style=\"font-size: medium;\"><span style=\"font-family: INHERIT;\">P\u00e9nalit\u00e9s en cas d\u2019annulation : remboursement int\u00e9gral des annulations effectu\u00e9es 61 jours avant la date d\u2019arriv\u00e9e pr\u00e9vue, p\u00e9nalit\u00e9 de 50% pour les annulations effectu\u00e9es dans les 31 jours avant la date d\u2019arriv\u00e9e pr\u00e9vue, p\u00e9nalit\u00e9 de 100% pour les annulations effectu\u00e9es dans les 30 jours pr\u00e9c\u00e9dant la date d\u2019arriv\u00e9e pr\u00e9vue.<\/span><\/span><\/span><\/span><\/li>\n<li lang=\"en-US\"><span style=\"color: #212121;\"><span style=\"font-family: inherit;\"><span style=\"font-size: medium;\"><span style=\"font-family: INHERIT;\">Frais de modification de r\u00e9servation : pas de frais jusqu\u2019\u00e0 31 jours avant la date d\u2019arriv\u00e9e pr\u00e9vue, 100% pour les modifications effectu\u00e9es dans les 30 jours pr\u00e9c\u00e9dant la date d\u2019arriv\u00e9e pr\u00e9vue.<\/span><\/span><\/span><\/span><\/li>\n<li lang=\"en-US\"><span style=\"color: #212121;\"><span style=\"font-family: inherit;\"><span style=\"font-size: medium;\"><span style=\"font-family: INHERIT;\">Frais de transfert du contrat \u00e0 des tiers (art. 38 Code du Tourisme) : pas de frais jusqu\u2019\u00e0 31 jours avant la date d\u2019arriv\u00e9e pr\u00e9vue, 20% du montant du forfait pour les transferts effectu\u00e9s dans les 30 jours pr\u00e9c\u00e9dant la date d\u2019arriv\u00e9e pr\u00e9vue. <\/span><\/span><\/span><\/span><\/li>\n<li lang=\"en-US\"><span style=\"color: #003000;\">Les frais de gestion<span style=\"font-family: inherit;\"><span style=\"font-size: medium;\"><span style=\"font-family: INHERIT;\"> et les frais administratifs ne sont jamais remboursables en cas de modification ou d\u2019annulation.<\/span><\/span><\/span><\/span><\/li>\n<\/ul>\n<\/div><\/div>\n","protected":false},"excerpt":{"rendered":"<p>Les routes des Alpes maritimes qui entourent San Remo vous permettent de faire du VTT toute l\u2019ann\u00e9e, en profitant du climat doux et des paysages de la Riviera des fleurs. Le mont Bignone avec ses 1200m d\u2019altitude domine la ville de San Remo, et appartient au parc du m\u00eame nom o\u00f9 les VTT sont les bienvenus.<\/p>\n","protected":false},"author":3,"featured_media":1142,"parent":4743,"menu_order":0,"comment_status":"open","ping_status":"closed","template":"content-page-template.php","meta":{"_acf_changed":false,"_et_pb_use_builder":"","_et_pb_old_content":"","_et_gb_content_width":"","footnotes":""},"class_list":["post-2023","page","type-page","status-publish","has-post-thumbnail","hentry"],"acf":[],"yoast_head":"<!-- This site is optimized with the Yoast SEO plugin v27.4 - https:\/\/yoast.com\/product\/yoast-seo-wordpress\/ -->\n<title>Offre VTT \u00e0 San Remo | Sanremo Weekend<\/title>\n<meta name=\"description\" content=\"R\u00e9servez ici votre offre VTT \u00e0 San Remo. Les itin\u00e9raires des alpes maritimes qui entourent San Remo vous permettent de faire du VTT toute l\u2019ann\u00e9e, en profitant du doux climat\" \/>\n<meta name=\"robots\" content=\"index, follow, max-snippet:-1, max-image-preview:large, max-video-preview:-1\" \/>\n<link rel=\"canonical\" href=\"https:\/\/sanremoweekend.it\/sports-weekend-in-san-remo\/mtb-biking-in-san-remo-pack\/\" \/>\n<meta property=\"og:locale\" content=\"fr_FR\" \/>\n<meta property=\"og:type\" content=\"article\" \/>\n<meta property=\"og:title\" content=\"Offre VTT \u00e0 San Remo | Sanremo Weekend\" \/>\n<meta property=\"og:description\" content=\"R\u00e9servez ici votre offre VTT \u00e0 San Remo. Les itin\u00e9raires des alpes maritimes qui entourent San Remo vous permettent de faire du VTT toute l\u2019ann\u00e9e, en profitant du doux climat\" \/>\n<meta property=\"og:url\" content=\"https:\/\/sanremoweekend.it\/sports-weekend-in-san-remo\/mtb-biking-in-san-remo-pack\/\" \/>\n<meta property=\"og:site_name\" content=\"Sanremo Weekend\" \/>\n<meta property=\"article:modified_time\" content=\"2023-07-12T12:27:08+00:00\" \/>\n<meta property=\"og:image\" content=\"https:\/\/sanremoweekend.it\/wp-content\/uploads\/2015\/04\/alpimarittime.jpg\" \/>\n\t<meta property=\"og:image:width\" content=\"1620\" \/>\n\t<meta property=\"og:image:height\" content=\"1080\" \/>\n\t<meta property=\"og:image:type\" content=\"image\/jpeg\" \/>\n<meta name=\"twitter:card\" content=\"summary_large_image\" \/>\n<meta name=\"twitter:label1\" content=\"Dur\u00e9e de lecture estim\u00e9e\" \/>\n\t<meta name=\"twitter:data1\" content=\"5 minutes\" \/>\n<script type=\"application\/ld+json\" class=\"yoast-schema-graph\">{\"@context\":\"https:\\\/\\\/schema.org\",\"@graph\":[{\"@type\":\"WebPage\",\"@id\":\"https:\\\/\\\/sanremoweekend.it\\\/sports-weekend-in-san-remo\\\/mtb-biking-in-san-remo-pack\\\/\",\"url\":\"https:\\\/\\\/sanremoweekend.it\\\/sports-weekend-in-san-remo\\\/mtb-biking-in-san-remo-pack\\\/\",\"name\":\"Offre VTT \u00e0 San Remo | Sanremo Weekend\",\"isPartOf\":{\"@id\":\"https:\\\/\\\/sanremoweekend.it\\\/#website\"},\"primaryImageOfPage\":{\"@id\":\"https:\\\/\\\/sanremoweekend.it\\\/sports-weekend-in-san-remo\\\/mtb-biking-in-san-remo-pack\\\/#primaryimage\"},\"image\":{\"@id\":\"https:\\\/\\\/sanremoweekend.it\\\/sports-weekend-in-san-remo\\\/mtb-biking-in-san-remo-pack\\\/#primaryimage\"},\"thumbnailUrl\":\"https:\\\/\\\/sanremoweekend.it\\\/wp-content\\\/uploads\\\/2015\\\/04\\\/alpimarittime.jpg\",\"datePublished\":\"2016-10-04T18:49:05+00:00\",\"dateModified\":\"2023-07-12T12:27:08+00:00\",\"description\":\"R\u00e9servez ici votre offre VTT \u00e0 San Remo. Les itin\u00e9raires des alpes maritimes qui entourent San Remo vous permettent de faire du VTT toute l\u2019ann\u00e9e, en profitant du doux climat\",\"breadcrumb\":{\"@id\":\"https:\\\/\\\/sanremoweekend.it\\\/sports-weekend-in-san-remo\\\/mtb-biking-in-san-remo-pack\\\/#breadcrumb\"},\"inLanguage\":\"fr-FR\",\"potentialAction\":[{\"@type\":\"ReadAction\",\"target\":[\"https:\\\/\\\/sanremoweekend.it\\\/sports-weekend-in-san-remo\\\/mtb-biking-in-san-remo-pack\\\/\"]}]},{\"@type\":\"ImageObject\",\"inLanguage\":\"fr-FR\",\"@id\":\"https:\\\/\\\/sanremoweekend.it\\\/sports-weekend-in-san-remo\\\/mtb-biking-in-san-remo-pack\\\/#primaryimage\",\"url\":\"https:\\\/\\\/sanremoweekend.it\\\/wp-content\\\/uploads\\\/2015\\\/04\\\/alpimarittime.jpg\",\"contentUrl\":\"https:\\\/\\\/sanremoweekend.it\\\/wp-content\\\/uploads\\\/2015\\\/04\\\/alpimarittime.jpg\",\"width\":1620,\"height\":1080,\"caption\":\"alpi marittime, vtt, mountain bike, mountainbike, \u041c\u0430\u0440\u0448\u0440\u0443\u0442\u044b \u0434\u043b\u044f \u0433\u043e\u0440\u043d\u043e\u0433\u043e \u0432\u0435\u043b\u043e\u0441\u0438\u043f\u0435\u0434\u0430\"},{\"@type\":\"BreadcrumbList\",\"@id\":\"https:\\\/\\\/sanremoweekend.it\\\/sports-weekend-in-san-remo\\\/mtb-biking-in-san-remo-pack\\\/#breadcrumb\",\"itemListElement\":[{\"@type\":\"ListItem\",\"position\":1,\"name\":\"Home\",\"item\":\"https:\\\/\\\/sanremoweekend.it\\\/fr\\\/\"},{\"@type\":\"ListItem\",\"position\":2,\"name\":\"Sport \u00e0 San Remo\",\"item\":\"https:\\\/\\\/sanremoweekend.it\\\/sports-weekend-in-san-remo\\\/\"},{\"@type\":\"ListItem\",\"position\":3,\"name\":\"Offre VTT \u00e0 San Remo\"}]},{\"@type\":\"WebSite\",\"@id\":\"https:\\\/\\\/sanremoweekend.it\\\/#website\",\"url\":\"https:\\\/\\\/sanremoweekend.it\\\/\",\"name\":\"Sanremo Weekend\",\"description\":\"Hotel 4 \u00e9toiles \u00e0 San Remo\",\"potentialAction\":[{\"@type\":\"SearchAction\",\"target\":{\"@type\":\"EntryPoint\",\"urlTemplate\":\"https:\\\/\\\/sanremoweekend.it\\\/?s={search_term_string}\"},\"query-input\":{\"@type\":\"PropertyValueSpecification\",\"valueRequired\":true,\"valueName\":\"search_term_string\"}}],\"inLanguage\":\"fr-FR\"}]}<\/script>\n<!-- \/ Yoast SEO plugin. -->","yoast_head_json":{"title":"Offre VTT \u00e0 San Remo | Sanremo Weekend","description":"R\u00e9servez ici votre offre VTT \u00e0 San Remo. Les itin\u00e9raires des alpes maritimes qui entourent San Remo vous permettent de faire du VTT toute l\u2019ann\u00e9e, en profitant du doux climat","robots":{"index":"index","follow":"follow","max-snippet":"max-snippet:-1","max-image-preview":"max-image-preview:large","max-video-preview":"max-video-preview:-1"},"canonical":"https:\/\/sanremoweekend.it\/sports-weekend-in-san-remo\/mtb-biking-in-san-remo-pack\/","og_locale":"fr_FR","og_type":"article","og_title":"Offre VTT \u00e0 San Remo | Sanremo Weekend","og_description":"R\u00e9servez ici votre offre VTT \u00e0 San Remo. Les itin\u00e9raires des alpes maritimes qui entourent San Remo vous permettent de faire du VTT toute l\u2019ann\u00e9e, en profitant du doux climat","og_url":"https:\/\/sanremoweekend.it\/sports-weekend-in-san-remo\/mtb-biking-in-san-remo-pack\/","og_site_name":"Sanremo Weekend","article_modified_time":"2023-07-12T12:27:08+00:00","og_image":[{"width":1620,"height":1080,"url":"https:\/\/sanremoweekend.it\/wp-content\/uploads\/2015\/04\/alpimarittime.jpg","type":"image\/jpeg"}],"twitter_card":"summary_large_image","twitter_misc":{"Dur\u00e9e de lecture estim\u00e9e":"5 minutes"},"schema":{"@context":"https:\/\/schema.org","@graph":[{"@type":"WebPage","@id":"https:\/\/sanremoweekend.it\/sports-weekend-in-san-remo\/mtb-biking-in-san-remo-pack\/","url":"https:\/\/sanremoweekend.it\/sports-weekend-in-san-remo\/mtb-biking-in-san-remo-pack\/","name":"Offre VTT \u00e0 San Remo | Sanremo Weekend","isPartOf":{"@id":"https:\/\/sanremoweekend.it\/#website"},"primaryImageOfPage":{"@id":"https:\/\/sanremoweekend.it\/sports-weekend-in-san-remo\/mtb-biking-in-san-remo-pack\/#primaryimage"},"image":{"@id":"https:\/\/sanremoweekend.it\/sports-weekend-in-san-remo\/mtb-biking-in-san-remo-pack\/#primaryimage"},"thumbnailUrl":"https:\/\/sanremoweekend.it\/wp-content\/uploads\/2015\/04\/alpimarittime.jpg","datePublished":"2016-10-04T18:49:05+00:00","dateModified":"2023-07-12T12:27:08+00:00","description":"R\u00e9servez ici votre offre VTT \u00e0 San Remo. Les itin\u00e9raires des alpes maritimes qui entourent San Remo vous permettent de faire du VTT toute l\u2019ann\u00e9e, en profitant du doux climat","breadcrumb":{"@id":"https:\/\/sanremoweekend.it\/sports-weekend-in-san-remo\/mtb-biking-in-san-remo-pack\/#breadcrumb"},"inLanguage":"fr-FR","potentialAction":[{"@type":"ReadAction","target":["https:\/\/sanremoweekend.it\/sports-weekend-in-san-remo\/mtb-biking-in-san-remo-pack\/"]}]},{"@type":"ImageObject","inLanguage":"fr-FR","@id":"https:\/\/sanremoweekend.it\/sports-weekend-in-san-remo\/mtb-biking-in-san-remo-pack\/#primaryimage","url":"https:\/\/sanremoweekend.it\/wp-content\/uploads\/2015\/04\/alpimarittime.jpg","contentUrl":"https:\/\/sanremoweekend.it\/wp-content\/uploads\/2015\/04\/alpimarittime.jpg","width":1620,"height":1080,"caption":"alpi marittime, vtt, mountain bike, mountainbike, \u041c\u0430\u0440\u0448\u0440\u0443\u0442\u044b \u0434\u043b\u044f \u0433\u043e\u0440\u043d\u043e\u0433\u043e \u0432\u0435\u043b\u043e\u0441\u0438\u043f\u0435\u0434\u0430"},{"@type":"BreadcrumbList","@id":"https:\/\/sanremoweekend.it\/sports-weekend-in-san-remo\/mtb-biking-in-san-remo-pack\/#breadcrumb","itemListElement":[{"@type":"ListItem","position":1,"name":"Home","item":"https:\/\/sanremoweekend.it\/fr\/"},{"@type":"ListItem","position":2,"name":"Sport \u00e0 San Remo","item":"https:\/\/sanremoweekend.it\/sports-weekend-in-san-remo\/"},{"@type":"ListItem","position":3,"name":"Offre VTT \u00e0 San Remo"}]},{"@type":"WebSite","@id":"https:\/\/sanremoweekend.it\/#website","url":"https:\/\/sanremoweekend.it\/","name":"Sanremo Weekend","description":"Hotel 4 \u00e9toiles \u00e0 San Remo","potentialAction":[{"@type":"SearchAction","target":{"@type":"EntryPoint","urlTemplate":"https:\/\/sanremoweekend.it\/?s={search_term_string}"},"query-input":{"@type":"PropertyValueSpecification","valueRequired":true,"valueName":"search_term_string"}}],"inLanguage":"fr-FR"}]}},"_links":{"self":[{"href":"https:\/\/sanremoweekend.it\/fr\/wp-json\/wp\/v2\/pages\/2023","targetHints":{"allow":["GET"]}}],"collection":[{"href":"https:\/\/sanremoweekend.it\/fr\/wp-json\/wp\/v2\/pages"}],"about":[{"href":"https:\/\/sanremoweekend.it\/fr\/wp-json\/wp\/v2\/types\/page"}],"author":[{"embeddable":true,"href":"https:\/\/sanremoweekend.it\/fr\/wp-json\/wp\/v2\/users\/3"}],"replies":[{"embeddable":true,"href":"https:\/\/sanremoweekend.it\/fr\/wp-json\/wp\/v2\/comments?post=2023"}],"version-history":[{"count":0,"href":"https:\/\/sanremoweekend.it\/fr\/wp-json\/wp\/v2\/pages\/2023\/revisions"}],"up":[{"embeddable":true,"href":"https:\/\/sanremoweekend.it\/fr\/wp-json\/wp\/v2\/pages\/4743"}],"wp:featuredmedia":[{"embeddable":true,"href":"https:\/\/sanremoweekend.it\/fr\/wp-json\/wp\/v2\/media\/1142"}],"wp:attachment":[{"href":"https:\/\/sanremoweekend.it\/fr\/wp-json\/wp\/v2\/media?parent=2023"}],"curies":[{"name":"wp","href":"https:\/\/api.w.org\/{rel}","templated":true}]}}