{"id":2025,"date":"2016-10-04T20:49:49","date_gmt":"2016-10-04T18:49:49","guid":{"rendered":"http:\/\/www.nyalahotel.biz\/fr\/?page_id=2025"},"modified":"2023-07-12T14:20:35","modified_gmt":"2023-07-12T12:20:35","slug":"itineraires-sur-route","status":"publish","type":"page","link":"https:\/\/sanremoweekend.it\/fr\/sport-a-san-remo\/itineraires-sur-route\/","title":{"rendered":"Cyclisme sur route \u00e0 San Remo"},"content":{"rendered":"<h2 style=\"text-align: center;\">Cyclisme sur route \u00e0 San Remo<\/h2>\n<p style=\"text-align: center;\">San Remo est l\u2019un des lieux mythiques de la grande course cycliste, avec les champions se d\u00e9fiant les uns les autres dans la Grande Classique de Milan \u2013 San Remo. Il n\u2019y a pas de meilleur endroit pour des vacances \u00e0 v\u00e9lo qu\u2019en Ligurie. R\u00e9servez avec nous ce s\u00e9jour de cyclisme sur route \u00e0 San Remo.<\/p>\n<p style=\"text-align: center;\"><a class=\"maxbutton-3 maxbutton maxbutton-reserver\" target=\"_blank\" rel=\"noopener\" href=\"https:\/\/sanremoweekend.it\/fr\/info\/\"><span class='mb-text'>Reserver<\/span><\/a><\/p>\n<div class=\"responsive-tabs\">\n<h2 class=\"tabtitle\">Pr\u00e9sentation<\/h2>\n<div class=\"tabcontent\">\n\n<p><img loading=\"lazy\" decoding=\"async\" class=\"size-gallery-thumbnail wp-image-3661 aligncenter\" src=\"https:\/\/sanremoweekend.it\/wp-content\/uploads\/2015\/04\/biking-600x300-600x300.jpg\" alt=\"\" width=\"600\" height=\"300\" srcset=\"https:\/\/sanremoweekend.it\/wp-content\/uploads\/2015\/04\/biking-600x300.jpg 600w, https:\/\/sanremoweekend.it\/wp-content\/uploads\/2015\/04\/biking-600x300-300x150.jpg 300w, https:\/\/sanremoweekend.it\/wp-content\/uploads\/2015\/04\/biking-600x300-2x1.jpg 2w\" sizes=\"(max-width: 600px) 100vw, 600px\" \/><\/p>\n<p>Si vous \u00eates un fan de v\u00e9lo de route, vous pourrez profiter du climat doux de San Remo pour rouler \u00e0 chaque saison de l\u2019ann\u00e9e le long des routes de la grande classique avec le Poggio et l&#8217;ascension de la Cipressa. Sinon, vous pourrez vous int\u00e9resser aux int\u00e9rieurs de nos villages m\u00e9di\u00e9vaux, en vous testant sur les routes des Alpes maritimes qui ont servi de toile de fond pour l\u2019\u00e9dition 2001 du Giro d\u2019Italie.<\/p>\n<p style=\"text-align: justify;\">Si vous aimez vous lancer des d\u00e9fis sur les routes des grands champions, si vous aimez \u00eatre en contact avec la nature que seul un VTT peut apporter, ou si vous aimez simplement profiter d\u2019une balade pour d\u00e9couvrir de nouveaux territoires, la Riviera est en mesure d\u2019offrir une extraordinaire vari\u00e9t\u00e9 de paysages allant des Alpes \u00e0 la mer.<\/p>\n<p style=\"text-align: justify;\">La Riviera des fleurs, avec sa nouvelle piste cyclable, est \u00e9galement l\u2019endroit id\u00e9al pour les cyclotouristes qui aiment la nature et pr\u00e9f\u00e8re les routes plus faciles le long de la c\u00f4te, sans renoncer \u00e0 une immersion compl\u00e8te dans la nature ainsi que des vacances liguriennes saines.<\/p>\n<p lang=\"en-US\" style=\"text-align: justify;\">Le Nyala Bike Hotel offre tous les services dont vous avez besoin pour des vacances agr\u00e9ables et r\u00e9cr\u00e9atives.<\/p>\n\n<\/div><h2 class=\"tabtitle\">Notre offre comprend<\/h2>\n<div class=\"tabcontent\">\n\n<h3 style=\"text-align: center;\"><strong>\u00a0&#8220;CYCLISME SUR ROUTE A SAN REMO&#8221; OFFRE<\/strong><\/h3>\n<table class=\"aligncenter\" style=\"border-color: #000000; width: 62.9135%; height: 227px;\" border=\"1\" cellpadding=\"5\">\n<tbody>\n<tr style=\"height: 96px;\">\n<td style=\"text-align: right; width: 12.6949%; height: 96px;\"><\/td>\n<td style=\"text-align: right; width: 6.62773%; height: 96px;\"><span style=\"color: #ff0000;\"><b>Basse saison<\/b><\/span><\/td>\n<td style=\"text-align: right; width: 6.0804%;\"><span style=\"color: #ff0000;\"><strong>Moyenne saison<\/strong><\/span><\/td>\n<td style=\"text-align: right; width: 5.27068%;\"><span style=\"color: #ff0000;\"><strong>Longs Week-ends &amp; Jours f\u00e9ri\u00e9s<\/strong><\/span><\/td>\n<\/tr>\n<tr style=\"height: 48px;\">\n<td style=\"text-align: right; width: 12.6949%; height: 48px;\"><span style=\"color: #ff0000;\"><strong>Offre Silver<\/strong><\/span><\/td>\n<td style=\"text-align: right; width: 6.62773%; height: 48px;\"><span style=\"color: #ff0000;\"><strong>174.00\u20ac<\/strong><\/span><\/td>\n<td style=\"text-align: right; width: 6.0804%; height: 48px;\"><span style=\"color: #ff0000;\"><strong>194.00\u20ac\u00a0<\/strong><\/span><\/td>\n<td style=\"text-align: right; width: 5.27068%;\"><span style=\"color: #ff0000;\"><strong>234.00\u20ac\u00a0<\/strong><\/span><\/td>\n<\/tr>\n<tr>\n<td style=\"text-align: right; width: 12.6949%;\"><span style=\"color: #ff0000;\"><strong>Offre Gold<\/strong><\/span><span style=\"color: #ff0000;\"><strong><br \/>\n<\/strong><\/span><\/td>\n<td style=\"text-align: right; width: 6.62773%;\"><span style=\"color: #ff0000;\"><strong>\u00a0229.00\u20ac<\/strong><\/span><\/td>\n<td style=\"text-align: right; width: 6.0804%;\"><span style=\"color: #ff0000;\"><strong>249.00\u20ac<\/strong><\/span><\/td>\n<td style=\"text-align: right; width: 5.27068%;\"><span style=\"color: #ff0000;\"><strong>289.00\u20ac<\/strong><\/span><\/td>\n<\/tr>\n<\/tbody>\n<\/table>\n<p>&nbsp;<\/p>\n<p style=\"text-align: center;\">Prix par personne (prix uniquement disponible pour les groupes de 4 personnes minimum)<\/p>\n<p style=\"text-align: center;\">Le Nyala Suite Hotel est \u00e9galement consid\u00e9r\u00e9 comme un Bike Hotel en raison du fait qu\u2019il offre des services ad hoc <strong>aux cyclistes et cyclotouristes enthousiastes<\/strong>. En outre, la c\u00f4te ligure offre un paysage vari\u00e9 qui est bien adapt\u00e9 \u00e0 ce type de sport.<\/p>\n<p style=\"text-align: center;\">Nous pouvons vous aider \u00e0 choisir les meilleures offres pour votre s\u00e9jour \u00e0 la fois pour le cyclisme et d\u2019autres types d&#8217;\u00e9v\u00e8nements sportifs. Nous vous invitons \u00e9galement \u00e0 profiter de nos <strong>offres vacances <\/strong>personnalis\u00e9es.<\/p>\n<p>Le tarif inclut :<\/p>\n<ul>\n<li>2 x nuits<\/li>\n<li>2 x petits-d\u00e9jeuners<\/li>\n<li>1 x d\u00eeners \u00e0 l&#8217;h\u00f4tel, avec un menu \u00e0 3 plats<\/li>\n<li><strong>1 x randonn\u00e9e guid\u00e9e en v\u00e9lo pour toute la journ\u00e9e (minimum 4 personnes)<\/strong><\/li>\n<li>assistance de notre agence<\/li>\n<li>place de parking priv\u00e9e, selon les disponibilit\u00e9s<\/li>\n<li>navette de l&#8217;h\u00f4tel au centre ville (de 9h \u00e0 18h)<\/li>\n<li><b>la carte Sanremo-On Membership<\/b> offrant des r\u00e9ductions sp\u00e9ciales dans certains magasins de v\u00eatements et d\u2019accessoires, des restaurants et caf\u00e9s raffin\u00e9s<\/li>\n<\/ul>\n<p>Le tarif n&#8217;inclut pas :<\/p>\n<ul>\n<li>billets de voyage<\/li>\n<li>taxe de s\u00e9jour payable sur place<\/li>\n<li>extras et pourboires<\/li>\n<li>tout ce qui n&#8217;est pas clairement mentionn\u00e9 dans le paragraphe &#8220;le tarif inclut&#8221;<\/li>\n<\/ul>\n<p>H\u00e9bergement<\/p>\n<ul>\n<li>L&#8217;<strong>offre Silver<\/strong> comprend un h\u00e9bergement en chambre <strong>double classique<\/strong> au NYALA Suite Hotel de San Remo<\/li>\n<li>L&#8217; <strong>offre Gold<\/strong> comprend un h\u00e9bergement dans une <strong>suite junio<\/strong><b>r<\/b> au NYALA Suite Hotel de San Remo<\/li>\n<\/ul>\n<p>Disponibilit\u00e9 de l&#8217;offre<\/p>\n<ul>\n<li>l\u2019offre est disponible toute l\u2019ann\u00e9e, \u00e0 l\u2019exception des p\u00e9riodes de forte affluence, comme au moment des jours f\u00e9ri\u00e9s nationaux et des grands \u00e9v\u00e9nements<\/li>\n<\/ul>\n<h2><span style=\"color: #003366;\"><strong>Services de l&#8217;h\u00f4tel pour les cyclistes<br \/>\n<\/strong><\/span><\/h2>\n<h4 style=\"text-align: justify;\"><span style=\"color: #003366;\"><strong>DEPOT DE VELO<\/strong><\/span><\/h4>\n<p style=\"text-align: justify;\">Vous pouvez laisser vos v\u00e9los en toute s\u00e9curit\u00e9 dans un casier ferm\u00e9 \u00e9quip\u00e9 de porte-v\u00e9los et de crochets, auxquels seuls les clients de l\u2019h\u00f4tel ont acc\u00e8s. Vous aurez \u00e9galement acc\u00e8s \u00e0 un vestiaire avec des bancs et des casiers o\u00f9 vous pourrez vous changer pour votre entra\u00eenement et laisser vos v\u00eatements en toute s\u00e9curit\u00e9. Vous trouverez \u00e9galement tous les outils n\u00e9cessaires pour l\u2019entretien de votre v\u00e9lo.<\/p>\n<h4 style=\"text-align: justify;\"><span style=\"color: #003366;\"><strong>ATELIER<\/strong><\/span><\/h4>\n<p style=\"text-align: justify;\">Il s\u2019agit d\u2019une zone \u00e9quip\u00e9e avec tout ce dont vous pourriez avoir besoin pour r\u00e9parer vos v\u00e9los.<\/p>\n<h4 style=\"text-align: justify;\"><span style=\"color: #003366;\"><strong>GUIDE TOURISTIQUE POUR CYCLISTE<\/strong><\/span><\/h4>\n<p style=\"text-align: justify;\">Un guide cycliste expert sera \u00e0 votre disposition pour vous accompagner et vous aider sur les itin\u00e9raires choisis, que ce soit sur les routes ou sur les parcours de VTT. Si vous pr\u00e9f\u00e9rez des excursions individuelles, nos guides se feront un plaisir de vous conseiller sur les itin\u00e9raires les plus adapt\u00e9s \u00e0 vos besoins.<\/p>\n<h4 style=\"text-align: justify;\"><span style=\"color: #003366;\"><strong>ITINERAIRES A VELO<\/strong><\/span><\/h4>\n<p style=\"text-align: justify;\">L\u2019h\u00f4tel met \u00e0 disposition toute une s\u00e9rie de cartes et d\u2019itin\u00e9raires locaux avec des descriptions techniques et des textes traduits.<\/p>\n<h4 style=\"text-align: justify;\"><span style=\"color: #003366;\"><strong>SERVICE DE BLANCHISSERIE<\/strong><\/span><\/h4>\n<p style=\"text-align: justify;\">Au retour d\u2019un voyage ou d\u2019une s\u00e9ance d\u2019entra\u00eenement, vous trouverez un service quotidien de blanchisserie, disponible sur demande, pour vos v\u00eatements de sport.<\/p>\n<h4 style=\"text-align: justify;\"><span style=\"color: #003366;\"><strong>REGIMES SPECIAUX<\/strong><\/span><\/h4>\n<p style=\"text-align: justify;\">Des menus pleins d\u2019\u00e9nergie avant ou apr\u00e8s votre entra\u00eenement, sp\u00e9cialement con\u00e7us pour r\u00e9pondre \u00e0 vos besoins sportifs. Ce sont des menus \u00e9quilibr\u00e9s contenant de nombreux produits locaux. Vous trouverez \u00e9galement un service de collation de fruits et de sandwichs pour vous fournir toute l\u2019\u00e9nergie n\u00e9cessaire pour faire face aux courses les plus difficiles.<\/p>\n<p style=\"text-align: justify;\">Tous les menus peuvent \u00eatre personnalis\u00e9s sur consultation avec notre chef afin de r\u00e9pondre \u00e0 toute demande particuli\u00e8re de la mani\u00e8re la plus satisfaisante.<\/p>\n<h4 style=\"text-align: justify;\"><span style=\"color: #003366;\"><strong>ASSISTANCE D&#8217;UN MEDECIN ET D&#8217;UN KINESITHERAPEUTE<\/strong><\/span><\/h4>\n<p style=\"text-align: justify;\">En cas de petits accidents ou de probl\u00e8mes musculaires qui pourraient vous d\u00e9ranger lors de vos vacances \u00e0 v\u00e9lo, nous avons un m\u00e9decin et un kin\u00e9sith\u00e9rapeute disponibles qui vous remettront sur la bonne voie en un rien de temps.<\/p>\n<h4 style=\"text-align: justify;\"><span style=\"color: #003366;\"><strong>FITNESS ET MASSAGES<\/strong><\/span><\/h4>\n<p style=\"text-align: justify;\">Et apr\u00e8s tant d\u2019efforts&#8230; vous pourrez vous d\u00e9tendre dans un sauna ou sous les mains expertes de nos masseurs de confiance. Vous pourrez \u00e9galement faire de l\u2019exercice au Solaro Sporting Center : \u00e0 seulement 400m de l\u2019h\u00f4tel. Cette installation offre une salle de sport, un sauna, des courts de tennis et un terrain de football 5-a-side. R\u00e9ductions sp\u00e9ciales pour nos clients.<\/p>\n<h4 style=\"text-align: justify;\"><span style=\"color: #003366;\"><strong>ACCORDS AVEC LES MAGASINS SPECIALISES<\/strong><\/span><\/h4>\n<p style=\"text-align: justify;\">Si vous avez besoin d\u2019un tr\u00e8s bon entretien m\u00e9canique, rendez vous dans nos magasins hautement sp\u00e9cialis\u00e9s qui sont enti\u00e8rement \u00e9quip\u00e9s pour r\u00e9pondre \u00e0 toutes vos demandes.<\/p>\n<p style=\"text-align: justify;\">et&#8230; des offres sp\u00e9ciales sont accessibles aux amoureux de v\u00e9lo<\/p>\n\n<\/div><h2 class=\"tabtitle\">Politique de r\u00e9servation<\/h2>\n<div class=\"tabcontent\">\n\n<p lang=\"en-US\"><span style=\"color: #212121;\"><span style=\"font-family: inherit;\"><span style=\"font-size: medium;\"><strong><span style=\"font-family: INHERIT;\">POLITIQUE DE RESERVATION<\/span><\/strong><\/span><\/span><\/span><\/p>\n<ul>\n<li>\n<p lang=\"en-US\"><span style=\"color: #212121;\"><span style=\"font-family: INHERIT;\"><span style=\"font-size: medium;\">La commercialisation des forfaits &#8220;Week-end \u00e0 Sanremo&#8221; est g\u00e9r\u00e9e par l\u2019agence de voyages Nyala Wonder Travel.<\/span><\/span><\/span><\/p>\n<\/li>\n<li>\n<p lang=\"en-US\"><span style=\"color: #212121;\"><span style=\"font-family: INHERIT;\"><span style=\"font-size: medium;\">Frais de gestion : 5% sur le montant du forfait confirm\u00e9.<\/span><\/span><\/span><\/p>\n<\/li>\n<li>\n<p lang=\"en-US\"><span style=\"color: #212121;\"><span style=\"font-family: INHERIT;\"><span style=\"font-size: medium;\">Paiement : lors de la confirmation de la r\u00e9servation par carte de cr\u00e9dit ou par virement bancaire.<\/span><\/span><\/span><\/p>\n<\/li>\n<li>\n<p lang=\"en-US\"><span style=\"color: #212121;\"><span style=\"font-family: INHERIT;\"><span style=\"font-size: medium;\">P\u00e9nalit\u00e9s en cas d\u2019annulation : remboursement int\u00e9gral des annulations effectu\u00e9es 61 jours avant la date d\u2019arriv\u00e9e pr\u00e9vue, p\u00e9nalit\u00e9 de 50% pour les annulations effectu\u00e9es dans les 31 jours avant la date d\u2019arriv\u00e9e pr\u00e9vue, p\u00e9nalit\u00e9 de 100% pour les annulations effectu\u00e9es dans les 30 jours pr\u00e9c\u00e9dant la date d\u2019arriv\u00e9e pr\u00e9vue.<\/span><\/span><\/span><\/p>\n<\/li>\n<li>\n<p lang=\"en-US\"><span style=\"color: #212121;\"><span style=\"font-family: INHERIT;\"><span style=\"font-size: medium;\">Frais de modification de r\u00e9servation : pas de frais jusqu\u2019\u00e0 31 jours avant la date d\u2019arriv\u00e9e pr\u00e9vue, 100% pour les modifications effectu\u00e9es dans les 30 jours pr\u00e9c\u00e9dant la date d\u2019arriv\u00e9e pr\u00e9vue.<\/span><\/span><\/span><\/p>\n<\/li>\n<li>\n<p lang=\"en-US\"><span style=\"font-family: INHERIT;\"><span style=\"font-size: medium;\"><span style=\"color: #212121;\">Frais de transfert du contrat \u00e0 des tiers (art. 38 Code du Tourisme) : pas de frais jusqu\u2019\u00e0 31 jours avant la date d\u2019arriv\u00e9e pr\u00e9vue, 20% du montant du forfait pour les transferts effectu\u00e9s dans les 30 jours pr\u00e9c\u00e9dant la date d\u2019arriv\u00e9e pr\u00e9vue.<\/span> <\/span><\/span><\/p>\n<\/li>\n<li>\n<p lang=\"en-US\"><span style=\"color: #003000;\">Les frais de gestion <span style=\"font-family: INHERIT;\"><span style=\"font-size: medium;\">et les frais administratifs ne sont jamais remboursables en cas de modification ou d\u2019annulation.<\/span><\/span><\/span><\/p>\n<\/li>\n<\/ul>\n<\/div><\/div>\n","protected":false},"excerpt":{"rendered":"<p>Si vous aimez vous lancer des d\u00e9fis sur les routes des grands champions ou si vous aimez simplement profiter d\u2019une balade pour d\u00e9couvrir de nouveaux territoires, la Riviera est en mesure d\u2019offrir une extraordinaire vari\u00e9t\u00e9 de paysages allant des Alpes \u00e0 la mer.<\/p>\n","protected":false},"author":3,"featured_media":1143,"parent":4743,"menu_order":0,"comment_status":"open","ping_status":"closed","template":"content-page-template.php","meta":{"_acf_changed":false,"_et_pb_use_builder":"","_et_pb_old_content":"","_et_gb_content_width":"","footnotes":""},"class_list":["post-2025","page","type-page","status-publish","has-post-thumbnail","hentry"],"acf":[],"yoast_head":"<!-- This site is optimized with the Yoast SEO plugin v27.4 - https:\/\/yoast.com\/product\/yoast-seo-wordpress\/ -->\n<title>Cyclisme sur route \u00e0 San Remo | Sanremo Weekend<\/title>\n<meta name=\"description\" content=\"San Remo est l\u2019un des lieux mythiques des grandes courses de v\u00e9lo. R\u00e9servez avec nous ce s\u00e9jour de cyclisme sur route \u00e0 San Remo et profitez de vacances en Ligurie.\" \/>\n<meta name=\"robots\" content=\"index, follow, max-snippet:-1, max-image-preview:large, max-video-preview:-1\" \/>\n<link rel=\"canonical\" href=\"https:\/\/sanremoweekend.it\/sports-weekend-in-san-remo\/road-ciclying-in-san-remo\/\" \/>\n<meta property=\"og:locale\" content=\"fr_FR\" \/>\n<meta property=\"og:type\" content=\"article\" \/>\n<meta property=\"og:title\" content=\"Cyclisme sur route \u00e0 San Remo | Sanremo Weekend\" \/>\n<meta property=\"og:description\" content=\"San Remo est l\u2019un des lieux mythiques des grandes courses de v\u00e9lo. R\u00e9servez avec nous ce s\u00e9jour de cyclisme sur route \u00e0 San Remo et profitez de vacances en Ligurie.\" \/>\n<meta property=\"og:url\" content=\"https:\/\/sanremoweekend.it\/sports-weekend-in-san-remo\/road-ciclying-in-san-remo\/\" \/>\n<meta property=\"og:site_name\" content=\"Sanremo Weekend\" \/>\n<meta property=\"article:modified_time\" content=\"2023-07-12T12:20:35+00:00\" \/>\n<meta property=\"og:image\" content=\"https:\/\/sanremoweekend.it\/wp-content\/uploads\/2015\/04\/streetbike.jpg\" \/>\n\t<meta property=\"og:image:width\" content=\"1149\" \/>\n\t<meta property=\"og:image:height\" content=\"766\" \/>\n\t<meta property=\"og:image:type\" content=\"image\/jpeg\" \/>\n<meta name=\"twitter:card\" content=\"summary_large_image\" \/>\n<meta name=\"twitter:label1\" content=\"Dur\u00e9e de lecture estim\u00e9e\" \/>\n\t<meta name=\"twitter:data1\" content=\"6 minutes\" \/>\n<script type=\"application\/ld+json\" class=\"yoast-schema-graph\">{\"@context\":\"https:\\\/\\\/schema.org\",\"@graph\":[{\"@type\":\"WebPage\",\"@id\":\"https:\\\/\\\/sanremoweekend.it\\\/sports-weekend-in-san-remo\\\/road-ciclying-in-san-remo\\\/\",\"url\":\"https:\\\/\\\/sanremoweekend.it\\\/sports-weekend-in-san-remo\\\/road-ciclying-in-san-remo\\\/\",\"name\":\"Cyclisme sur route \u00e0 San Remo | Sanremo Weekend\",\"isPartOf\":{\"@id\":\"https:\\\/\\\/sanremoweekend.it\\\/#website\"},\"primaryImageOfPage\":{\"@id\":\"https:\\\/\\\/sanremoweekend.it\\\/sports-weekend-in-san-remo\\\/road-ciclying-in-san-remo\\\/#primaryimage\"},\"image\":{\"@id\":\"https:\\\/\\\/sanremoweekend.it\\\/sports-weekend-in-san-remo\\\/road-ciclying-in-san-remo\\\/#primaryimage\"},\"thumbnailUrl\":\"https:\\\/\\\/sanremoweekend.it\\\/wp-content\\\/uploads\\\/2015\\\/04\\\/streetbike.jpg\",\"datePublished\":\"2016-10-04T18:49:49+00:00\",\"dateModified\":\"2023-07-12T12:20:35+00:00\",\"description\":\"San Remo est l\u2019un des lieux mythiques des grandes courses de v\u00e9lo. R\u00e9servez avec nous ce s\u00e9jour de cyclisme sur route \u00e0 San Remo et profitez de vacances en Ligurie.\",\"breadcrumb\":{\"@id\":\"https:\\\/\\\/sanremoweekend.it\\\/sports-weekend-in-san-remo\\\/road-ciclying-in-san-remo\\\/#breadcrumb\"},\"inLanguage\":\"fr-FR\",\"potentialAction\":[{\"@type\":\"ReadAction\",\"target\":[\"https:\\\/\\\/sanremoweekend.it\\\/sports-weekend-in-san-remo\\\/road-ciclying-in-san-remo\\\/\"]}]},{\"@type\":\"ImageObject\",\"inLanguage\":\"fr-FR\",\"@id\":\"https:\\\/\\\/sanremoweekend.it\\\/sports-weekend-in-san-remo\\\/road-ciclying-in-san-remo\\\/#primaryimage\",\"url\":\"https:\\\/\\\/sanremoweekend.it\\\/wp-content\\\/uploads\\\/2015\\\/04\\\/streetbike.jpg\",\"contentUrl\":\"https:\\\/\\\/sanremoweekend.it\\\/wp-content\\\/uploads\\\/2015\\\/04\\\/streetbike.jpg\",\"width\":1149,\"height\":766,\"caption\":\"milano sanremo, fahrradfahren, \u0428\u041e\u0421\u0421\u0415\u0419\u041d\u042b\u0419\"},{\"@type\":\"BreadcrumbList\",\"@id\":\"https:\\\/\\\/sanremoweekend.it\\\/sports-weekend-in-san-remo\\\/road-ciclying-in-san-remo\\\/#breadcrumb\",\"itemListElement\":[{\"@type\":\"ListItem\",\"position\":1,\"name\":\"Home\",\"item\":\"https:\\\/\\\/sanremoweekend.it\\\/fr\\\/\"},{\"@type\":\"ListItem\",\"position\":2,\"name\":\"Sport \u00e0 San Remo\",\"item\":\"https:\\\/\\\/sanremoweekend.it\\\/sports-weekend-in-san-remo\\\/\"},{\"@type\":\"ListItem\",\"position\":3,\"name\":\"Cyclisme sur route \u00e0 San Remo\"}]},{\"@type\":\"WebSite\",\"@id\":\"https:\\\/\\\/sanremoweekend.it\\\/#website\",\"url\":\"https:\\\/\\\/sanremoweekend.it\\\/\",\"name\":\"Sanremo Weekend\",\"description\":\"Hotel 4 \u00e9toiles \u00e0 San Remo\",\"potentialAction\":[{\"@type\":\"SearchAction\",\"target\":{\"@type\":\"EntryPoint\",\"urlTemplate\":\"https:\\\/\\\/sanremoweekend.it\\\/?s={search_term_string}\"},\"query-input\":{\"@type\":\"PropertyValueSpecification\",\"valueRequired\":true,\"valueName\":\"search_term_string\"}}],\"inLanguage\":\"fr-FR\"}]}<\/script>\n<!-- \/ Yoast SEO plugin. -->","yoast_head_json":{"title":"Cyclisme sur route \u00e0 San Remo | Sanremo Weekend","description":"San Remo est l\u2019un des lieux mythiques des grandes courses de v\u00e9lo. R\u00e9servez avec nous ce s\u00e9jour de cyclisme sur route \u00e0 San Remo et profitez de vacances en Ligurie.","robots":{"index":"index","follow":"follow","max-snippet":"max-snippet:-1","max-image-preview":"max-image-preview:large","max-video-preview":"max-video-preview:-1"},"canonical":"https:\/\/sanremoweekend.it\/sports-weekend-in-san-remo\/road-ciclying-in-san-remo\/","og_locale":"fr_FR","og_type":"article","og_title":"Cyclisme sur route \u00e0 San Remo | Sanremo Weekend","og_description":"San Remo est l\u2019un des lieux mythiques des grandes courses de v\u00e9lo. R\u00e9servez avec nous ce s\u00e9jour de cyclisme sur route \u00e0 San Remo et profitez de vacances en Ligurie.","og_url":"https:\/\/sanremoweekend.it\/sports-weekend-in-san-remo\/road-ciclying-in-san-remo\/","og_site_name":"Sanremo Weekend","article_modified_time":"2023-07-12T12:20:35+00:00","og_image":[{"width":1149,"height":766,"url":"https:\/\/sanremoweekend.it\/wp-content\/uploads\/2015\/04\/streetbike.jpg","type":"image\/jpeg"}],"twitter_card":"summary_large_image","twitter_misc":{"Dur\u00e9e de lecture estim\u00e9e":"6 minutes"},"schema":{"@context":"https:\/\/schema.org","@graph":[{"@type":"WebPage","@id":"https:\/\/sanremoweekend.it\/sports-weekend-in-san-remo\/road-ciclying-in-san-remo\/","url":"https:\/\/sanremoweekend.it\/sports-weekend-in-san-remo\/road-ciclying-in-san-remo\/","name":"Cyclisme sur route \u00e0 San Remo | Sanremo Weekend","isPartOf":{"@id":"https:\/\/sanremoweekend.it\/#website"},"primaryImageOfPage":{"@id":"https:\/\/sanremoweekend.it\/sports-weekend-in-san-remo\/road-ciclying-in-san-remo\/#primaryimage"},"image":{"@id":"https:\/\/sanremoweekend.it\/sports-weekend-in-san-remo\/road-ciclying-in-san-remo\/#primaryimage"},"thumbnailUrl":"https:\/\/sanremoweekend.it\/wp-content\/uploads\/2015\/04\/streetbike.jpg","datePublished":"2016-10-04T18:49:49+00:00","dateModified":"2023-07-12T12:20:35+00:00","description":"San Remo est l\u2019un des lieux mythiques des grandes courses de v\u00e9lo. R\u00e9servez avec nous ce s\u00e9jour de cyclisme sur route \u00e0 San Remo et profitez de vacances en Ligurie.","breadcrumb":{"@id":"https:\/\/sanremoweekend.it\/sports-weekend-in-san-remo\/road-ciclying-in-san-remo\/#breadcrumb"},"inLanguage":"fr-FR","potentialAction":[{"@type":"ReadAction","target":["https:\/\/sanremoweekend.it\/sports-weekend-in-san-remo\/road-ciclying-in-san-remo\/"]}]},{"@type":"ImageObject","inLanguage":"fr-FR","@id":"https:\/\/sanremoweekend.it\/sports-weekend-in-san-remo\/road-ciclying-in-san-remo\/#primaryimage","url":"https:\/\/sanremoweekend.it\/wp-content\/uploads\/2015\/04\/streetbike.jpg","contentUrl":"https:\/\/sanremoweekend.it\/wp-content\/uploads\/2015\/04\/streetbike.jpg","width":1149,"height":766,"caption":"milano sanremo, fahrradfahren, \u0428\u041e\u0421\u0421\u0415\u0419\u041d\u042b\u0419"},{"@type":"BreadcrumbList","@id":"https:\/\/sanremoweekend.it\/sports-weekend-in-san-remo\/road-ciclying-in-san-remo\/#breadcrumb","itemListElement":[{"@type":"ListItem","position":1,"name":"Home","item":"https:\/\/sanremoweekend.it\/fr\/"},{"@type":"ListItem","position":2,"name":"Sport \u00e0 San Remo","item":"https:\/\/sanremoweekend.it\/sports-weekend-in-san-remo\/"},{"@type":"ListItem","position":3,"name":"Cyclisme sur route \u00e0 San Remo"}]},{"@type":"WebSite","@id":"https:\/\/sanremoweekend.it\/#website","url":"https:\/\/sanremoweekend.it\/","name":"Sanremo Weekend","description":"Hotel 4 \u00e9toiles \u00e0 San Remo","potentialAction":[{"@type":"SearchAction","target":{"@type":"EntryPoint","urlTemplate":"https:\/\/sanremoweekend.it\/?s={search_term_string}"},"query-input":{"@type":"PropertyValueSpecification","valueRequired":true,"valueName":"search_term_string"}}],"inLanguage":"fr-FR"}]}},"_links":{"self":[{"href":"https:\/\/sanremoweekend.it\/fr\/wp-json\/wp\/v2\/pages\/2025","targetHints":{"allow":["GET"]}}],"collection":[{"href":"https:\/\/sanremoweekend.it\/fr\/wp-json\/wp\/v2\/pages"}],"about":[{"href":"https:\/\/sanremoweekend.it\/fr\/wp-json\/wp\/v2\/types\/page"}],"author":[{"embeddable":true,"href":"https:\/\/sanremoweekend.it\/fr\/wp-json\/wp\/v2\/users\/3"}],"replies":[{"embeddable":true,"href":"https:\/\/sanremoweekend.it\/fr\/wp-json\/wp\/v2\/comments?post=2025"}],"version-history":[{"count":0,"href":"https:\/\/sanremoweekend.it\/fr\/wp-json\/wp\/v2\/pages\/2025\/revisions"}],"up":[{"embeddable":true,"href":"https:\/\/sanremoweekend.it\/fr\/wp-json\/wp\/v2\/pages\/4743"}],"wp:featuredmedia":[{"embeddable":true,"href":"https:\/\/sanremoweekend.it\/fr\/wp-json\/wp\/v2\/media\/1143"}],"wp:attachment":[{"href":"https:\/\/sanremoweekend.it\/fr\/wp-json\/wp\/v2\/media?parent=2025"}],"curies":[{"name":"wp","href":"https:\/\/api.w.org\/{rel}","templated":true}]}}