{"id":2047,"date":"2016-10-04T21:15:09","date_gmt":"2016-10-04T19:15:09","guid":{"rendered":"http:\/\/www.nyalahotel.biz\/fr\/?page_id=2047"},"modified":"2023-06-23T09:07:50","modified_gmt":"2023-06-23T07:07:50","slug":"vacances-parmi-les-fleurs-de-sanremo","status":"publish","type":"page","link":"https:\/\/sanremoweekend.it\/fr\/vacances-couples\/vacances-parmi-les-fleurs-de-sanremo\/","title":{"rendered":"Week-end romantique \u00e0 San Remo"},"content":{"rendered":"<h2 style=\"text-align: center;\">Week-end romantique \u00e0 San Remo<\/h2>\n<p style=\"text-align: center; font-size: 18px;\">Offrez-vous un week-end romantique \u00e0 San Remo. Que ce soit seulement pour une courte pause ou des vacances plus longues,<\/p>\n<p style=\"text-align: center; font-size: 18px;\">votre s\u00e9jour sur la C\u00f4te d\u2019Azur sera toujours un moyen de vous ressourcer.<\/p>\n<p style=\"text-align: center;\"><a class=\"maxbutton-3 maxbutton maxbutton-reserver\" target=\"_blank\" rel=\"noopener\" href=\"https:\/\/sanremoweekend.it\/fr\/info\/\"><span class='mb-text'>Reserver<\/span><\/a><\/p>\n<p>&nbsp;<\/p>\n<div class=\"responsive-tabs\">\n<h2 class=\"tabtitle\">Pr\u00e9sentation<\/h2>\n<div class=\"tabcontent\">\n\n<p><img loading=\"lazy\" decoding=\"async\" class=\"aligncenter wp-image-8831\" src=\"https:\/\/sanremoweekend.it\/wp-content\/uploads\/2019\/05\/coppia-weekend-romantico-festeggiare-anniversario-a-sanremo.jpg\" alt=\"\" width=\"500\" height=\"332\" srcset=\"https:\/\/sanremoweekend.it\/wp-content\/uploads\/2019\/05\/coppia-weekend-romantico-festeggiare-anniversario-a-sanremo.jpg 960w, https:\/\/sanremoweekend.it\/wp-content\/uploads\/2019\/05\/coppia-weekend-romantico-festeggiare-anniversario-a-sanremo-300x199.jpg 300w, https:\/\/sanremoweekend.it\/wp-content\/uploads\/2019\/05\/coppia-weekend-romantico-festeggiare-anniversario-a-sanremo-768x510.jpg 768w, https:\/\/sanremoweekend.it\/wp-content\/uploads\/2019\/05\/coppia-weekend-romantico-festeggiare-anniversario-a-sanremo-600x400.jpg 600w, https:\/\/sanremoweekend.it\/wp-content\/uploads\/2019\/05\/coppia-weekend-romantico-festeggiare-anniversario-a-sanremo-2x1.jpg 2w\" sizes=\"(max-width: 500px) 100vw, 500px\" \/><\/p>\n<p style=\"text-align: justify;\">Profitez d\u2019un week-end romantique \u00e0 San Remo avec une vue spectaculaire sur la mer m\u00e9diterran\u00e9e ; c\u2019est l\u2019un des avantages de s\u00e9journer dans notre h\u00f4tel \u00e0 San Remo pendant vos vacances. San Remo est un endroit qui combine l\u2019air sp\u00e9cial de la mer m\u00e9diterran\u00e9e et les montagnes des Alpes, avec l\u2019\u00e2me et la beaut\u00e9, afin que vous puissiez profiter des escapades les plus romantiques.<\/p>\n<h2><strong>H\u00f4tel pour les couples \u00e0 San Remo<\/strong><\/h2>\n<p style=\"text-align: justify;\">Une lumi\u00e8re sp\u00e9ciale et un air frais envahissent la c\u00f4te ligure gr\u00e2ce \u00e0 la proximit\u00e9 de la mer bleue et des montagnes vertes, o\u00f9 la gastronomie est de surcro\u00eet d\u00e9licieuse. Visitez des villages italiens traditionnels pleins de charme, de beaux ch\u00e2teaux, et marchez \u00e0 travers des sentiers verdoyants et des oliveraies. Il serait difficile de trouver un endroit qui ne vous captive pas. Le plaisir n&#8217;en sera que d\u00e9cupl\u00e9 si vous partagez cette terre mythique et romantique avec votre moiti\u00e9.<\/p>\n<p style=\"text-align: justify;\">En outre, il existe de nombreux endroits \u00e0 San Remo o\u00f9 r\u00e8gne une atmosph\u00e8re romantique qui peut \u00eatre inoubliable lorsqu&#8217;on partage son s\u00e9jour avec quelqu\u2019un de sp\u00e9cial. Dans notre h\u00f4tel, nous ferons de vos vacances un moment d&#8217;exception et vous vous sentirez d\u00e9tendu, et \u00e0 votre aise.<\/p>\n<p style=\"text-align: justify;\">R\u00e9servez des vacances romantiques avec nous.<\/p>\n\n<\/div><h2 class=\"tabtitle\">Notre offre comprend<\/h2>\n<div class=\"tabcontent\">\n\n<h3 style=\"text-align: center;\"><strong>\u00a0OFFRE &#8220;WEEK-END ROMANTIQUE A SAN REMO&#8221;<\/strong><\/h3>\n<table class=\"aligncenter\" style=\"border-color: #000000; width: 62.9135%; height: 227px;\" border=\"1\" cellpadding=\"5\">\n<tbody>\n<tr style=\"height: 96px;\">\n<td style=\"text-align: right; width: 12.6949%; height: 96px;\"><\/td>\n<td style=\"text-align: right; width: 6.62773%; height: 96px;\"><span style=\"color: #ff0000;\"><b>Basse saison<\/b><\/span><\/td>\n<td style=\"text-align: right; width: 6.0804%;\"><span style=\"color: #ff0000;\"><strong>Moyenne saison<\/strong><\/span><\/td>\n<td style=\"text-align: right; width: 5.27068%;\"><span style=\"color: #ff0000;\"><strong>Longs Weekends &amp; Jours f\u00e9ri\u00e9s<\/strong><\/span><\/td>\n<\/tr>\n<tr>\n<td style=\"text-align: right; width: 12.6949%;\"><span style=\"color: #ff0000;\"><strong>Offre Gold<\/strong><\/span><\/td>\n<td style=\"text-align: right; width: 6.62773%;\"><span style=\"color: #ff0000;\"><strong>235.00\u20ac<\/strong><\/span><\/td>\n<td style=\"text-align: right; width: 6.0804%;\"><span style=\"color: #ff0000;\"><strong>255.00\u20ac<\/strong><\/span><\/td>\n<td style=\"text-align: right; width: 5.27068%;\"><span style=\"color: #ff0000;\"><strong>295.00\u20ac<\/strong><\/span><\/td>\n<\/tr>\n<tr style=\"height: 48px;\">\n<td style=\"text-align: right; width: 12.6949%; height: 48px;\"><span style=\"color: #ff0000;\"><strong>Offre Silver<\/strong><\/span><\/td>\n<td style=\"text-align: right; width: 6.62773%; height: 48px;\"><span style=\"color: #ff0000;\"><strong>189.00\u20ac<\/strong><\/span><\/td>\n<td style=\"text-align: right; width: 6.0804%; height: 48px;\"><span style=\"color: #ff0000;\"><strong>209.00\u20ac<\/strong><\/span><\/td>\n<td style=\"text-align: right; width: 5.27068%;\"><span style=\"color: #ff0000;\"><strong>249.00\u20ac<\/strong><\/span><\/td>\n<\/tr>\n<\/tbody>\n<\/table>\n<p>&nbsp;<\/p>\n<p style=\"text-align: center;\">Prix par personne<\/p>\n<p>&nbsp;<\/p>\n<p>Le tarif inclut :<\/p>\n<ul>\n<li>2 x nuits<\/li>\n<li>2 x petits-d\u00e9jeuners<\/li>\n<li>1 x d\u00eener \u00e0 l&#8217;h\u00f4tel, avec un menu \u00e0 3 plats<\/li>\n<li><strong>1 x bouteille de Spumante italien et un bouquet de fleurs de San Remo<\/strong><\/li>\n<li>assistance de notre agence<\/li>\n<li>parking priv\u00e9 selon les disponibilit\u00e9s<\/li>\n<li>service de navette de l&#8217;h\u00f4tel au centre ville (de 9h \u00e0 18h)<\/li>\n<\/ul>\n<p>Le tarif n&#8217;inclut pas :<\/p>\n<ul>\n<li>billets de voyage<\/li>\n<li>taxe de s\u00e9jour, payable sur place<\/li>\n<li>extras et pourboires<\/li>\n<li>tout ce qui n\u2019est pas clairement \u00e9nonc\u00e9 dans la section &#8220;le tarif comprend&#8221;<\/li>\n<\/ul>\n<p>H\u00e9bergement<\/p>\n<ul>\n<li>L&#8217; <strong>Offre Silver<\/strong> comprend un h\u00e9bergement en chambre <strong>double classique<\/strong> au NYALA Suite Hotel de San Remo<\/li>\n<li>L&#8217; <strong>offre Gold<\/strong> comprend un h\u00e9bergement dans une <strong> suite junior <\/strong>au NYALA Suite Hotel de San Remo<\/li>\n<\/ul>\n<p>Disponibilit\u00e9 de l&#8217;offre :<\/p>\n<ul>\n<li>l\u2019offre est disponible toute l\u2019ann\u00e9e, \u00e0 l\u2019exception des p\u00e9riodes de forte affluence, comme lors des jours f\u00e9ri\u00e9s nationaux et les grands \u00e9v\u00e9nements<\/li>\n<\/ul>\n\n<\/div><h2 class=\"tabtitle\">Politique de r\u00e9servation<\/h2>\n<div class=\"tabcontent\">\n\n<p lang=\"en-US\">POLITIQUE DE RESERVATION<\/p>\n<ul>\n<li lang=\"en-US\">La commercialisation des offres &#8220;Week-end \u00e0 San Remo&#8221; est g\u00e9r\u00e9e par l\u2019agence de voyages Nyala Wonder Travel.<\/li>\n<li lang=\"en-US\">Frais de gestion : 5% sur le montant du forfait confirm\u00e9.<\/li>\n<li lang=\"en-US\">Paiement : lors de la confirmation de la r\u00e9servation par carte de cr\u00e9dit ou par virement bancaire.<\/li>\n<li lang=\"en-US\">P\u00e9nalit\u00e9s d\u2019annulation : remboursement int\u00e9gral pour les annulations effectu\u00e9es 61 jours avant la date d\u2019arriv\u00e9e pr\u00e9vue, p\u00e9nalit\u00e9 de 50% pour les annulations effectu\u00e9es dans les 31 jours avant la date d\u2019arriv\u00e9e pr\u00e9vue, p\u00e9nalit\u00e9 de 100% pour les annulations effectu\u00e9es dans les 30 jours pr\u00e9c\u00e9dant la date d\u2019arriv\u00e9e pr\u00e9vue.<\/li>\n<li lang=\"en-US\">Frais de modification de r\u00e9servation : pas de frais jusqu\u2019\u00e0 31 jours avant la date d\u2019arriv\u00e9e pr\u00e9vue, 100% pour les modifications effectu\u00e9es dans les 30 jours pr\u00e9c\u00e9dant la date d\u2019arriv\u00e9e pr\u00e9vue.<\/li>\n<li lang=\"en-US\">Frais de transfert du contrat \u00e0 des tiers (art. 38 Code du Tourisme) : pas de frais jusqu\u2019\u00e0 31 jours avant la date d\u2019arriv\u00e9e pr\u00e9vue, 20% du montant de l&#8217;offre pour les transferts effectu\u00e9s dans les 30 jours pr\u00e9c\u00e9dant la date d\u2019arriv\u00e9e pr\u00e9vue.<\/li>\n<li lang=\"en-US\">Les frais administratifs et de gestion ne sont jamais remboursables en cas de modification ou d\u2019annulation.<\/li>\n<\/ul>\n<\/div><\/div>\n","protected":false},"excerpt":{"rendered":"<p>Profitez d\u2019un week-end romantique \u00e0 San Remo avec une vue spectaculaire sur la mer m\u00e9diterran\u00e9e;; c\u2019est l\u2019un des avantages de s\u00e9journer dans notre h\u00f4tel \u00e0 San Remo pendant vos vacances. San Remo est un endroit qui combine l\u2019air sp\u00e9cial de la mer m\u00e9diterran\u00e9e et les montagnes des Alpes.<\/p>\n","protected":false},"author":3,"featured_media":8832,"parent":4772,"menu_order":0,"comment_status":"open","ping_status":"closed","template":"content-page-template.php","meta":{"_acf_changed":false,"_et_pb_use_builder":"","_et_pb_old_content":"","_et_gb_content_width":"","footnotes":""},"class_list":["post-2047","page","type-page","status-publish","has-post-thumbnail","hentry"],"acf":[],"yoast_head":"<!-- This site is optimized with the Yoast SEO plugin v27.5 - https:\/\/yoast.com\/product\/yoast-seo-wordpress\/ -->\n<title>Week-end romantique \u00e0 San Remo | Forfaits sp\u00e9ciaux &amp; Offres<\/title>\n<meta name=\"description\" content=\"Offrez-vous un week-end romantique \u00e0 San Remo. R\u00e9servez ce week-end sp\u00e9cial et s\u00e9journez dans un h\u00f4tel avec vue spectaculaire sur la mer m\u00e9diterran\u00e9e.\" \/>\n<meta name=\"robots\" content=\"index, follow, max-snippet:-1, max-image-preview:large, max-video-preview:-1\" \/>\n<link rel=\"canonical\" href=\"https:\/\/sanremoweekend.it\/holidays-for-couples-in-sanremo\/romantic-weekend-in-san-remo\/\" \/>\n<meta property=\"og:locale\" content=\"fr_FR\" \/>\n<meta property=\"og:type\" content=\"article\" \/>\n<meta property=\"og:title\" content=\"Week-end romantique \u00e0 San Remo | Forfaits sp\u00e9ciaux &amp; Offres\" \/>\n<meta property=\"og:description\" content=\"Offrez-vous un week-end romantique \u00e0 San Remo. R\u00e9servez ce week-end sp\u00e9cial et s\u00e9journez dans un h\u00f4tel avec vue spectaculaire sur la mer m\u00e9diterran\u00e9e.\" \/>\n<meta property=\"og:url\" content=\"https:\/\/sanremoweekend.it\/holidays-for-couples-in-sanremo\/romantic-weekend-in-san-remo\/\" \/>\n<meta property=\"og:site_name\" content=\"Sanremo Weekend\" \/>\n<meta property=\"article:modified_time\" content=\"2023-06-23T07:07:50+00:00\" \/>\n<meta property=\"og:image\" content=\"https:\/\/sanremoweekend.it\/wp-content\/uploads\/2019\/05\/coppia-weekend-romantico-festeggiare-anniversario-a-sanremo.jpg\" \/>\n\t<meta property=\"og:image:width\" content=\"960\" \/>\n\t<meta property=\"og:image:height\" content=\"637\" \/>\n\t<meta property=\"og:image:type\" content=\"image\/jpeg\" \/>\n<meta name=\"twitter:card\" content=\"summary_large_image\" \/>\n<meta name=\"twitter:label1\" content=\"Dur\u00e9e de lecture estim\u00e9e\" \/>\n\t<meta name=\"twitter:data1\" content=\"3 minutes\" \/>\n<script type=\"application\/ld+json\" class=\"yoast-schema-graph\">{\"@context\":\"https:\\\/\\\/schema.org\",\"@graph\":[{\"@type\":\"WebPage\",\"@id\":\"https:\\\/\\\/sanremoweekend.it\\\/holidays-for-couples-in-sanremo\\\/romantic-weekend-in-san-remo\\\/\",\"url\":\"https:\\\/\\\/sanremoweekend.it\\\/holidays-for-couples-in-sanremo\\\/romantic-weekend-in-san-remo\\\/\",\"name\":\"Week-end romantique \u00e0 San Remo | Forfaits sp\u00e9ciaux & Offres\",\"isPartOf\":{\"@id\":\"https:\\\/\\\/sanremoweekend.it\\\/#website\"},\"primaryImageOfPage\":{\"@id\":\"https:\\\/\\\/sanremoweekend.it\\\/holidays-for-couples-in-sanremo\\\/romantic-weekend-in-san-remo\\\/#primaryimage\"},\"image\":{\"@id\":\"https:\\\/\\\/sanremoweekend.it\\\/holidays-for-couples-in-sanremo\\\/romantic-weekend-in-san-remo\\\/#primaryimage\"},\"thumbnailUrl\":\"https:\\\/\\\/sanremoweekend.it\\\/wp-content\\\/uploads\\\/2019\\\/05\\\/coppia-weekend-romantico-festeggiare-anniversario-a-sanremo.jpg\",\"datePublished\":\"2016-10-04T19:15:09+00:00\",\"dateModified\":\"2023-06-23T07:07:50+00:00\",\"description\":\"Offrez-vous un week-end romantique \u00e0 San Remo. R\u00e9servez ce week-end sp\u00e9cial et s\u00e9journez dans un h\u00f4tel avec vue spectaculaire sur la mer m\u00e9diterran\u00e9e.\",\"breadcrumb\":{\"@id\":\"https:\\\/\\\/sanremoweekend.it\\\/holidays-for-couples-in-sanremo\\\/romantic-weekend-in-san-remo\\\/#breadcrumb\"},\"inLanguage\":\"fr-FR\",\"potentialAction\":[{\"@type\":\"ReadAction\",\"target\":[\"https:\\\/\\\/sanremoweekend.it\\\/holidays-for-couples-in-sanremo\\\/romantic-weekend-in-san-remo\\\/\"]}]},{\"@type\":\"ImageObject\",\"inLanguage\":\"fr-FR\",\"@id\":\"https:\\\/\\\/sanremoweekend.it\\\/holidays-for-couples-in-sanremo\\\/romantic-weekend-in-san-remo\\\/#primaryimage\",\"url\":\"https:\\\/\\\/sanremoweekend.it\\\/wp-content\\\/uploads\\\/2019\\\/05\\\/coppia-weekend-romantico-festeggiare-anniversario-a-sanremo.jpg\",\"contentUrl\":\"https:\\\/\\\/sanremoweekend.it\\\/wp-content\\\/uploads\\\/2019\\\/05\\\/coppia-weekend-romantico-festeggiare-anniversario-a-sanremo.jpg\",\"width\":960,\"height\":637,\"caption\":\"Week-end romatique \u00e0 San Remo\"},{\"@type\":\"BreadcrumbList\",\"@id\":\"https:\\\/\\\/sanremoweekend.it\\\/holidays-for-couples-in-sanremo\\\/romantic-weekend-in-san-remo\\\/#breadcrumb\",\"itemListElement\":[{\"@type\":\"ListItem\",\"position\":1,\"name\":\"Home\",\"item\":\"https:\\\/\\\/sanremoweekend.it\\\/fr\\\/\"},{\"@type\":\"ListItem\",\"position\":2,\"name\":\"Vacances en amoureux\",\"item\":\"https:\\\/\\\/sanremoweekend.it\\\/holidays-for-couples-in-sanremo\\\/\"},{\"@type\":\"ListItem\",\"position\":3,\"name\":\"Week-end romantique \u00e0 San Remo\"}]},{\"@type\":\"WebSite\",\"@id\":\"https:\\\/\\\/sanremoweekend.it\\\/#website\",\"url\":\"https:\\\/\\\/sanremoweekend.it\\\/\",\"name\":\"Sanremo Weekend\",\"description\":\"Hotel 4 \u00e9toiles \u00e0 San Remo\",\"potentialAction\":[{\"@type\":\"SearchAction\",\"target\":{\"@type\":\"EntryPoint\",\"urlTemplate\":\"https:\\\/\\\/sanremoweekend.it\\\/?s={search_term_string}\"},\"query-input\":{\"@type\":\"PropertyValueSpecification\",\"valueRequired\":true,\"valueName\":\"search_term_string\"}}],\"inLanguage\":\"fr-FR\"}]}<\/script>\n<!-- \/ Yoast SEO plugin. -->","yoast_head_json":{"title":"Week-end romantique \u00e0 San Remo | Forfaits sp\u00e9ciaux & Offres","description":"Offrez-vous un week-end romantique \u00e0 San Remo. R\u00e9servez ce week-end sp\u00e9cial et s\u00e9journez dans un h\u00f4tel avec vue spectaculaire sur la mer m\u00e9diterran\u00e9e.","robots":{"index":"index","follow":"follow","max-snippet":"max-snippet:-1","max-image-preview":"max-image-preview:large","max-video-preview":"max-video-preview:-1"},"canonical":"https:\/\/sanremoweekend.it\/holidays-for-couples-in-sanremo\/romantic-weekend-in-san-remo\/","og_locale":"fr_FR","og_type":"article","og_title":"Week-end romantique \u00e0 San Remo | Forfaits sp\u00e9ciaux & Offres","og_description":"Offrez-vous un week-end romantique \u00e0 San Remo. R\u00e9servez ce week-end sp\u00e9cial et s\u00e9journez dans un h\u00f4tel avec vue spectaculaire sur la mer m\u00e9diterran\u00e9e.","og_url":"https:\/\/sanremoweekend.it\/holidays-for-couples-in-sanremo\/romantic-weekend-in-san-remo\/","og_site_name":"Sanremo Weekend","article_modified_time":"2023-06-23T07:07:50+00:00","og_image":[{"width":960,"height":637,"url":"https:\/\/sanremoweekend.it\/wp-content\/uploads\/2019\/05\/coppia-weekend-romantico-festeggiare-anniversario-a-sanremo.jpg","type":"image\/jpeg"}],"twitter_card":"summary_large_image","twitter_misc":{"Dur\u00e9e de lecture estim\u00e9e":"3 minutes"},"schema":{"@context":"https:\/\/schema.org","@graph":[{"@type":"WebPage","@id":"https:\/\/sanremoweekend.it\/holidays-for-couples-in-sanremo\/romantic-weekend-in-san-remo\/","url":"https:\/\/sanremoweekend.it\/holidays-for-couples-in-sanremo\/romantic-weekend-in-san-remo\/","name":"Week-end romantique \u00e0 San Remo | Forfaits sp\u00e9ciaux & Offres","isPartOf":{"@id":"https:\/\/sanremoweekend.it\/#website"},"primaryImageOfPage":{"@id":"https:\/\/sanremoweekend.it\/holidays-for-couples-in-sanremo\/romantic-weekend-in-san-remo\/#primaryimage"},"image":{"@id":"https:\/\/sanremoweekend.it\/holidays-for-couples-in-sanremo\/romantic-weekend-in-san-remo\/#primaryimage"},"thumbnailUrl":"https:\/\/sanremoweekend.it\/wp-content\/uploads\/2019\/05\/coppia-weekend-romantico-festeggiare-anniversario-a-sanremo.jpg","datePublished":"2016-10-04T19:15:09+00:00","dateModified":"2023-06-23T07:07:50+00:00","description":"Offrez-vous un week-end romantique \u00e0 San Remo. R\u00e9servez ce week-end sp\u00e9cial et s\u00e9journez dans un h\u00f4tel avec vue spectaculaire sur la mer m\u00e9diterran\u00e9e.","breadcrumb":{"@id":"https:\/\/sanremoweekend.it\/holidays-for-couples-in-sanremo\/romantic-weekend-in-san-remo\/#breadcrumb"},"inLanguage":"fr-FR","potentialAction":[{"@type":"ReadAction","target":["https:\/\/sanremoweekend.it\/holidays-for-couples-in-sanremo\/romantic-weekend-in-san-remo\/"]}]},{"@type":"ImageObject","inLanguage":"fr-FR","@id":"https:\/\/sanremoweekend.it\/holidays-for-couples-in-sanremo\/romantic-weekend-in-san-remo\/#primaryimage","url":"https:\/\/sanremoweekend.it\/wp-content\/uploads\/2019\/05\/coppia-weekend-romantico-festeggiare-anniversario-a-sanremo.jpg","contentUrl":"https:\/\/sanremoweekend.it\/wp-content\/uploads\/2019\/05\/coppia-weekend-romantico-festeggiare-anniversario-a-sanremo.jpg","width":960,"height":637,"caption":"Week-end romatique \u00e0 San Remo"},{"@type":"BreadcrumbList","@id":"https:\/\/sanremoweekend.it\/holidays-for-couples-in-sanremo\/romantic-weekend-in-san-remo\/#breadcrumb","itemListElement":[{"@type":"ListItem","position":1,"name":"Home","item":"https:\/\/sanremoweekend.it\/fr\/"},{"@type":"ListItem","position":2,"name":"Vacances en amoureux","item":"https:\/\/sanremoweekend.it\/holidays-for-couples-in-sanremo\/"},{"@type":"ListItem","position":3,"name":"Week-end romantique \u00e0 San Remo"}]},{"@type":"WebSite","@id":"https:\/\/sanremoweekend.it\/#website","url":"https:\/\/sanremoweekend.it\/","name":"Sanremo Weekend","description":"Hotel 4 \u00e9toiles \u00e0 San Remo","potentialAction":[{"@type":"SearchAction","target":{"@type":"EntryPoint","urlTemplate":"https:\/\/sanremoweekend.it\/?s={search_term_string}"},"query-input":{"@type":"PropertyValueSpecification","valueRequired":true,"valueName":"search_term_string"}}],"inLanguage":"fr-FR"}]}},"_links":{"self":[{"href":"https:\/\/sanremoweekend.it\/fr\/wp-json\/wp\/v2\/pages\/2047","targetHints":{"allow":["GET"]}}],"collection":[{"href":"https:\/\/sanremoweekend.it\/fr\/wp-json\/wp\/v2\/pages"}],"about":[{"href":"https:\/\/sanremoweekend.it\/fr\/wp-json\/wp\/v2\/types\/page"}],"author":[{"embeddable":true,"href":"https:\/\/sanremoweekend.it\/fr\/wp-json\/wp\/v2\/users\/3"}],"replies":[{"embeddable":true,"href":"https:\/\/sanremoweekend.it\/fr\/wp-json\/wp\/v2\/comments?post=2047"}],"version-history":[{"count":0,"href":"https:\/\/sanremoweekend.it\/fr\/wp-json\/wp\/v2\/pages\/2047\/revisions"}],"up":[{"embeddable":true,"href":"https:\/\/sanremoweekend.it\/fr\/wp-json\/wp\/v2\/pages\/4772"}],"wp:featuredmedia":[{"embeddable":true,"href":"https:\/\/sanremoweekend.it\/fr\/wp-json\/wp\/v2\/media\/8832"}],"wp:attachment":[{"href":"https:\/\/sanremoweekend.it\/fr\/wp-json\/wp\/v2\/media?parent=2047"}],"curies":[{"name":"wp","href":"https:\/\/api.w.org\/{rel}","templated":true}]}}