{"id":2049,"date":"2016-10-04T21:16:01","date_gmt":"2016-10-04T19:16:01","guid":{"rendered":"http:\/\/www.nyalahotel.biz\/fr\/?page_id=2049"},"modified":"2023-06-23T09:40:54","modified_gmt":"2023-06-23T07:40:54","slug":"vacances-dete-de-la-plage-san-remo","status":"publish","type":"page","link":"https:\/\/sanremoweekend.it\/fr\/vacances-pour-familles\/vacances-dete-de-la-plage-san-remo\/","title":{"rendered":"Weekend en famille \u00e0 San Remo"},"content":{"rendered":"<h2 style=\"text-align: center;\">Weekend en famille \u00e0 San Remo<\/h2>\n<p style=\"text-align: center;\">Des journ\u00e9es de repos total au borde de la piscine et des nuits de f\u00eates pour vous vacances \u00e0 la mer en Ligurie<\/p>\n<p style=\"text-align: center;\">Si vous souhaitez passer un \u00e9t\u00e9 palpitant, laissez-vous emporter par la Riviera : en choisissant notre h\u00f4tel, vous pourrez passer des journ\u00e9es reposantes au bord de la piscine tout en vous ressour\u00e7ant avec une boisson fra\u00eeche ou en d\u00e9jeunant au Grill Dalak pendant que vos enfants joueront en toute s\u00e9curit\u00e9 dans le parc de jeux. Vous pourrez \u00e9galement alterner avec des journ\u00e9es de d\u00e9couverte le long de la c\u00f4te ou dans notre charmant arri\u00e8re-pays.<\/p>\n<p style=\"text-align: center;\"><a class=\"maxbutton-3 maxbutton maxbutton-reserver\" target=\"_blank\" rel=\"noopener\" href=\"https:\/\/sanremoweekend.it\/fr\/info\/\"><span class='mb-text'>Reserver<\/span><\/a><\/p>\n<p style=\"text-align: left;\"><div class=\"responsive-tabs\">\n<h2 class=\"tabtitle\">Presentation<\/h2>\n<div class=\"tabcontent\">\n<\/p>\n<p style=\"text-align: justify;\">Notre programme \u00ab\u00a0<strong>Summer Nights<\/strong>\u00a0\u00bb animera votre \u00e9t\u00e9, avec des soir\u00e9es musicales et gastronomiques sur notre terrasse panoramique et dans les restaurants.<\/p>\n<p style=\"text-align: justify;\">Notre service <b>mini-club<\/b> du soir, avec animation pour les plus petits, vous permettra ensuite de d\u00eener avec s\u00e9r\u00e9nit\u00e9, tous les jours en juillet et ao\u00fbt, de 17 \u00e0 21 heures environ.<\/p>\n<p style=\"text-align: justify;\">Les animations que nous proposons seront toujours calmes et ne cr\u00e9eront pas de g\u00eane \u00e0 nos h\u00f4tes.<\/p>\n<p style=\"text-align: left;\">\n<\/div><h2 class=\"tabtitle\">Notre offre comprend<\/h2>\n<div class=\"tabcontent\">\n<\/p>\n<h3 style=\"text-align: center;\"><strong>\u00a0<\/strong><\/h3>\n<h3 style=\"text-align: center;\"><strong> OFFRE &#8220;WEEKEND EN FAMILLE A SAN REMO&#8221;<\/strong><\/h3>\n<p>&nbsp;<\/p>\n<table class=\"aligncenter\" style=\"border-color: #000000; width: 62.9135%; height: 227px;\" border=\"1\" cellpadding=\"5\">\n<tbody>\n<tr style=\"height: 96px;\">\n<td style=\"text-align: right; width: 12.6949%; height: 96px;\"><\/td>\n<td style=\"text-align: right; width: 6.62773%; height: 96px;\"><span style=\"color: #ff0000;\"><b>Basse saison<\/b><\/span><\/td>\n<td style=\"text-align: right; width: 6.0804%;\"><span style=\"color: #ff0000;\"><strong>Moyenne saison<\/strong><\/span><\/td>\n<td style=\"text-align: right; width: 5.27068%;\"><span style=\"color: #ff0000;\"><strong>Longs Week-ends &amp; Jours f\u00e9ri\u00e9s<\/strong><\/span><\/td>\n<\/tr>\n<tr>\n<td style=\"text-align: right; width: 12.6949%;\"><span style=\"color: #ff0000;\"><strong>Offre Silver<\/strong><\/span><\/td>\n<td style=\"text-align: right; width: 6.62773%;\"><span style=\"color: #ff0000;\"><strong>159.00\u20ac <\/strong><\/span><\/td>\n<td style=\"text-align: right; width: 6.0804%;\"><span style=\"color: #ff0000;\"><strong>179.00\u20ac<\/strong><\/span><\/td>\n<td style=\"text-align: right; width: 5.27068%;\"><span style=\"color: #ff0000;\"><strong>219.00\u20ac <\/strong><\/span><\/td>\n<\/tr>\n<\/tbody>\n<\/table>\n<p>Le tarif inclut :<\/p>\n<ul>\n<li>2 x nuits<\/li>\n<li>2 x petits-d\u00e9jeuners<\/li>\n<li>1 x d\u00eeners \u00e0 l&#8217;h\u00f4tel<\/li>\n<li><strong>1 x Whale Watching Exp\u00e9rience observation des baleines<\/strong><\/li>\n<li>assistance de notre agence<\/li>\n<li>place de parking priv\u00e9e, selon les disponibilit\u00e9s<\/li>\n<li>navette de l&#8217;h\u00f4tel au centre ville (de 9h \u00e0 18h)<\/li>\n<li>La carte Sanremo-On Membership offrant des r\u00e9ductions sp\u00e9ciales dans certains magasins de v\u00eatements et d\u2019accessoires, des restaurants et caf\u00e9s raffin\u00e9s<\/li>\n<\/ul>\n<p>Le tarif n&#8217;inclut pas :<\/p>\n<ul>\n<li>billets de voyage<\/li>\n<li>taxe de s\u00e9jour payable sur place<\/li>\n<li>extras et pourboires<\/li>\n<li>tout ce qui n&#8217;est pas clairement mentionn\u00e9 dans le paragraphe &#8220;le tarif inclut&#8221;<\/li>\n<\/ul>\n<p>H\u00e9bergement<\/p>\n<ul>\n<li>L&#8217;offre Silver comprend un h\u00e9bergement dans une chambre double classique au NYALA Suite Hotel de San Remo<\/li>\n<\/ul>\n<p>Validit\u00e9 de l&#8217;offre<\/p>\n<ul>\n<li>L\u2019offre est valable toute l\u2019ann\u00e9e, \u00e0 l\u2019exception des p\u00e9riodes de forte affluence, comme au moment des jours f\u00e9ri\u00e9s nationaux et des grands \u00e9v\u00e9nements<\/li>\n<\/ul>\n<p>&nbsp;<\/p>\n<p>Tarif familial :<\/p>\n<p>\u2022 Un kit b\u00e9b\u00e9 (lit b\u00e9b\u00e9, table \u00e0 langer, baignoire pour b\u00e9b\u00e9, etc.) est disponible gratuitement (sur r\u00e9servation pr\u00e9alable).<br \/>\n\u2022 Le premier enfant de moins de 13 ans dort gratuitement s\u2019il partage la chambre avec ses parents.<br \/>\n\u2022 Jusqu\u2019\u00e0 deux enfants de moins de 18 ans ne paient que 50 % lorsqu\u2019ils partagent la m\u00eame chambre avec leurs parents.<br \/>\n\u2022 air de jeu et salle de jeux disponibles toute la journ\u00e9e.<br \/>\n\u2022 Kitchenette pour pr\u00e9parer les repas disponibles 24 heures sur 24.<br \/>\n\u2022 Mini-club avec assistants de 17 h \u00e0 21 h en juillet et en ao\u00fbt.<\/p>\n\n<\/div><h2 class=\"tabtitle\">CONDITIONS<\/h2>\n<div class=\"tabcontent\">\n\n<p>CONDITIONS DE RESERVATION.<\/p>\n<ul>\n<li>Dur\u00e9e minimale du s\u00e9jour: 3 nuits.<\/li>\n<li>Dur\u00e9e maximale du s\u00e9jour: indiff\u00e9rent.<\/li>\n<li>Cette offre est disponible uniquement pour les r\u00e9servations en ligne et pour un nombre limit\u00e9 de<br \/>\nplace.<\/li>\n<li>Toutes les r\u00e9ductions propos\u00e9es sont calcul\u00e9es automatiquement par notre logiciel de r\u00e9servation.<\/li>\n<li>L&#8217;offre est valable toute l\u2019ann\u00e9e except\u00e9 pendant les p\u00e9riodes de grande affluence.<\/li>\n<li>L&#8217;offre peut subir quelques modifications au cours de l\u2019ann\u00e9e et ce sans pr\u00e9avis.<\/li>\n<li>En cas de r\u00e9clamation, les tarifs propos\u00e9s par notre logiciel de r\u00e9servation feront foi.<\/li>\n<li>Caution: 25% (min. 1 nuit).<\/li>\n<li>Annulation gratuite jusqu\u2019\u00e0 7 jours avant votre arriv\u00e9e.<\/li>\n<li>P\u00e9nalit\u00e9 en cas d\u2019annulation tardive, de non-pr\u00e9sentation ou de d\u00e9part anticip\u00e9: 100%.<\/li>\n<\/ul>\n<\/div><\/div>\n","protected":false},"excerpt":{"rendered":"<p>Si vous souhaitez passer un \u00e9t\u00e9 palpitant, laissez-vous emporter par la Riviera : en choisissant notre h\u00f4tel, vous pourrez passer des journ\u00e9es reposantes au bord de la piscine &#8230;<\/p>\n","protected":false},"author":3,"featured_media":611,"parent":4775,"menu_order":23,"comment_status":"open","ping_status":"closed","template":"content-page-template.php","meta":{"_acf_changed":false,"_et_pb_use_builder":"","_et_pb_old_content":"","_et_gb_content_width":"","footnotes":""},"class_list":["post-2049","page","type-page","status-publish","has-post-thumbnail","hentry"],"acf":[],"yoast_head":"<!-- This site is optimized with the Yoast SEO plugin v27.5 - https:\/\/yoast.com\/product\/yoast-seo-wordpress\/ -->\n<title>Weekend en famille \u00e0 San Remo | Sanremo Weekend<\/title>\n<meta name=\"description\" content=\"Reservez vos Weekend en famille \u00e0 San Remo! Des journ\u00e9es de repos total au borde de la piscine avec la famille. Service pour familles avec beb\u00e9s\" \/>\n<meta name=\"robots\" content=\"index, follow, max-snippet:-1, max-image-preview:large, max-video-preview:-1\" \/>\n<link rel=\"canonical\" href=\"https:\/\/sanremoweekend.it\/holidays-for-families-in-san-remo\/weekend-holidays-for-families-in-san-remo\/\" \/>\n<meta property=\"og:locale\" content=\"fr_FR\" \/>\n<meta property=\"og:type\" content=\"article\" \/>\n<meta property=\"og:title\" content=\"Weekend en famille \u00e0 San Remo | Sanremo Weekend\" \/>\n<meta property=\"og:description\" content=\"Reservez vos Weekend en famille \u00e0 San Remo! Des journ\u00e9es de repos total au borde de la piscine avec la famille. Service pour familles avec beb\u00e9s\" \/>\n<meta property=\"og:url\" content=\"https:\/\/sanremoweekend.it\/holidays-for-families-in-san-remo\/weekend-holidays-for-families-in-san-remo\/\" \/>\n<meta property=\"og:site_name\" content=\"Sanremo Weekend\" \/>\n<meta property=\"article:modified_time\" content=\"2023-06-23T07:40:54+00:00\" \/>\n<meta property=\"og:image\" content=\"https:\/\/sanremoweekend.it\/wp-content\/uploads\/2015\/03\/nyala_pool2.jpg\" \/>\n\t<meta property=\"og:image:width\" content=\"1500\" \/>\n\t<meta property=\"og:image:height\" content=\"1000\" \/>\n\t<meta property=\"og:image:type\" content=\"image\/jpeg\" \/>\n<meta name=\"twitter:card\" content=\"summary_large_image\" \/>\n<meta name=\"twitter:label1\" content=\"Dur\u00e9e de lecture estim\u00e9e\" \/>\n\t<meta name=\"twitter:data1\" content=\"3 minutes\" \/>\n<script type=\"application\/ld+json\" class=\"yoast-schema-graph\">{\"@context\":\"https:\\\/\\\/schema.org\",\"@graph\":[{\"@type\":\"WebPage\",\"@id\":\"https:\\\/\\\/sanremoweekend.it\\\/holidays-for-families-in-san-remo\\\/weekend-holidays-for-families-in-san-remo\\\/\",\"url\":\"https:\\\/\\\/sanremoweekend.it\\\/holidays-for-families-in-san-remo\\\/weekend-holidays-for-families-in-san-remo\\\/\",\"name\":\"Weekend en famille \u00e0 San Remo | Sanremo Weekend\",\"isPartOf\":{\"@id\":\"https:\\\/\\\/sanremoweekend.it\\\/#website\"},\"primaryImageOfPage\":{\"@id\":\"https:\\\/\\\/sanremoweekend.it\\\/holidays-for-families-in-san-remo\\\/weekend-holidays-for-families-in-san-remo\\\/#primaryimage\"},\"image\":{\"@id\":\"https:\\\/\\\/sanremoweekend.it\\\/holidays-for-families-in-san-remo\\\/weekend-holidays-for-families-in-san-remo\\\/#primaryimage\"},\"thumbnailUrl\":\"https:\\\/\\\/sanremoweekend.it\\\/wp-content\\\/uploads\\\/2015\\\/03\\\/nyala_pool2.jpg\",\"datePublished\":\"2016-10-04T19:16:01+00:00\",\"dateModified\":\"2023-06-23T07:40:54+00:00\",\"description\":\"Reservez vos Weekend en famille \u00e0 San Remo! Des journ\u00e9es de repos total au borde de la piscine avec la famille. Service pour familles avec beb\u00e9s\",\"breadcrumb\":{\"@id\":\"https:\\\/\\\/sanremoweekend.it\\\/holidays-for-families-in-san-remo\\\/weekend-holidays-for-families-in-san-remo\\\/#breadcrumb\"},\"inLanguage\":\"fr-FR\",\"potentialAction\":[{\"@type\":\"ReadAction\",\"target\":[\"https:\\\/\\\/sanremoweekend.it\\\/holidays-for-families-in-san-remo\\\/weekend-holidays-for-families-in-san-remo\\\/\"]}]},{\"@type\":\"ImageObject\",\"inLanguage\":\"fr-FR\",\"@id\":\"https:\\\/\\\/sanremoweekend.it\\\/holidays-for-families-in-san-remo\\\/weekend-holidays-for-families-in-san-remo\\\/#primaryimage\",\"url\":\"https:\\\/\\\/sanremoweekend.it\\\/wp-content\\\/uploads\\\/2015\\\/03\\\/nyala_pool2.jpg\",\"contentUrl\":\"https:\\\/\\\/sanremoweekend.it\\\/wp-content\\\/uploads\\\/2015\\\/03\\\/nyala_pool2.jpg\",\"width\":1500,\"height\":1000,\"caption\":\"Weekend en famille \u00e0 San Remo\"},{\"@type\":\"BreadcrumbList\",\"@id\":\"https:\\\/\\\/sanremoweekend.it\\\/holidays-for-families-in-san-remo\\\/weekend-holidays-for-families-in-san-remo\\\/#breadcrumb\",\"itemListElement\":[{\"@type\":\"ListItem\",\"position\":1,\"name\":\"Home\",\"item\":\"https:\\\/\\\/sanremoweekend.it\\\/fr\\\/\"},{\"@type\":\"ListItem\",\"position\":2,\"name\":\"Vacances familiales \u00e0 San Remo &#8211; H\u00f4tel familial\",\"item\":\"https:\\\/\\\/sanremoweekend.it\\\/fr\\\/vacances-pour-familles\\\/\"},{\"@type\":\"ListItem\",\"position\":3,\"name\":\"Weekend en famille \u00e0 San Remo\"}]},{\"@type\":\"WebSite\",\"@id\":\"https:\\\/\\\/sanremoweekend.it\\\/#website\",\"url\":\"https:\\\/\\\/sanremoweekend.it\\\/\",\"name\":\"Sanremo Weekend\",\"description\":\"Hotel 4 \u00e9toiles \u00e0 San Remo\",\"potentialAction\":[{\"@type\":\"SearchAction\",\"target\":{\"@type\":\"EntryPoint\",\"urlTemplate\":\"https:\\\/\\\/sanremoweekend.it\\\/?s={search_term_string}\"},\"query-input\":{\"@type\":\"PropertyValueSpecification\",\"valueRequired\":true,\"valueName\":\"search_term_string\"}}],\"inLanguage\":\"fr-FR\"}]}<\/script>\n<!-- \/ Yoast SEO plugin. -->","yoast_head_json":{"title":"Weekend en famille \u00e0 San Remo | Sanremo Weekend","description":"Reservez vos Weekend en famille \u00e0 San Remo! Des journ\u00e9es de repos total au borde de la piscine avec la famille. Service pour familles avec beb\u00e9s","robots":{"index":"index","follow":"follow","max-snippet":"max-snippet:-1","max-image-preview":"max-image-preview:large","max-video-preview":"max-video-preview:-1"},"canonical":"https:\/\/sanremoweekend.it\/holidays-for-families-in-san-remo\/weekend-holidays-for-families-in-san-remo\/","og_locale":"fr_FR","og_type":"article","og_title":"Weekend en famille \u00e0 San Remo | Sanremo Weekend","og_description":"Reservez vos Weekend en famille \u00e0 San Remo! Des journ\u00e9es de repos total au borde de la piscine avec la famille. Service pour familles avec beb\u00e9s","og_url":"https:\/\/sanremoweekend.it\/holidays-for-families-in-san-remo\/weekend-holidays-for-families-in-san-remo\/","og_site_name":"Sanremo Weekend","article_modified_time":"2023-06-23T07:40:54+00:00","og_image":[{"width":1500,"height":1000,"url":"https:\/\/sanremoweekend.it\/wp-content\/uploads\/2015\/03\/nyala_pool2.jpg","type":"image\/jpeg"}],"twitter_card":"summary_large_image","twitter_misc":{"Dur\u00e9e de lecture estim\u00e9e":"3 minutes"},"schema":{"@context":"https:\/\/schema.org","@graph":[{"@type":"WebPage","@id":"https:\/\/sanremoweekend.it\/holidays-for-families-in-san-remo\/weekend-holidays-for-families-in-san-remo\/","url":"https:\/\/sanremoweekend.it\/holidays-for-families-in-san-remo\/weekend-holidays-for-families-in-san-remo\/","name":"Weekend en famille \u00e0 San Remo | Sanremo Weekend","isPartOf":{"@id":"https:\/\/sanremoweekend.it\/#website"},"primaryImageOfPage":{"@id":"https:\/\/sanremoweekend.it\/holidays-for-families-in-san-remo\/weekend-holidays-for-families-in-san-remo\/#primaryimage"},"image":{"@id":"https:\/\/sanremoweekend.it\/holidays-for-families-in-san-remo\/weekend-holidays-for-families-in-san-remo\/#primaryimage"},"thumbnailUrl":"https:\/\/sanremoweekend.it\/wp-content\/uploads\/2015\/03\/nyala_pool2.jpg","datePublished":"2016-10-04T19:16:01+00:00","dateModified":"2023-06-23T07:40:54+00:00","description":"Reservez vos Weekend en famille \u00e0 San Remo! Des journ\u00e9es de repos total au borde de la piscine avec la famille. Service pour familles avec beb\u00e9s","breadcrumb":{"@id":"https:\/\/sanremoweekend.it\/holidays-for-families-in-san-remo\/weekend-holidays-for-families-in-san-remo\/#breadcrumb"},"inLanguage":"fr-FR","potentialAction":[{"@type":"ReadAction","target":["https:\/\/sanremoweekend.it\/holidays-for-families-in-san-remo\/weekend-holidays-for-families-in-san-remo\/"]}]},{"@type":"ImageObject","inLanguage":"fr-FR","@id":"https:\/\/sanremoweekend.it\/holidays-for-families-in-san-remo\/weekend-holidays-for-families-in-san-remo\/#primaryimage","url":"https:\/\/sanremoweekend.it\/wp-content\/uploads\/2015\/03\/nyala_pool2.jpg","contentUrl":"https:\/\/sanremoweekend.it\/wp-content\/uploads\/2015\/03\/nyala_pool2.jpg","width":1500,"height":1000,"caption":"Weekend en famille \u00e0 San Remo"},{"@type":"BreadcrumbList","@id":"https:\/\/sanremoweekend.it\/holidays-for-families-in-san-remo\/weekend-holidays-for-families-in-san-remo\/#breadcrumb","itemListElement":[{"@type":"ListItem","position":1,"name":"Home","item":"https:\/\/sanremoweekend.it\/fr\/"},{"@type":"ListItem","position":2,"name":"Vacances familiales \u00e0 San Remo &#8211; H\u00f4tel familial","item":"https:\/\/sanremoweekend.it\/fr\/vacances-pour-familles\/"},{"@type":"ListItem","position":3,"name":"Weekend en famille \u00e0 San Remo"}]},{"@type":"WebSite","@id":"https:\/\/sanremoweekend.it\/#website","url":"https:\/\/sanremoweekend.it\/","name":"Sanremo Weekend","description":"Hotel 4 \u00e9toiles \u00e0 San Remo","potentialAction":[{"@type":"SearchAction","target":{"@type":"EntryPoint","urlTemplate":"https:\/\/sanremoweekend.it\/?s={search_term_string}"},"query-input":{"@type":"PropertyValueSpecification","valueRequired":true,"valueName":"search_term_string"}}],"inLanguage":"fr-FR"}]}},"_links":{"self":[{"href":"https:\/\/sanremoweekend.it\/fr\/wp-json\/wp\/v2\/pages\/2049","targetHints":{"allow":["GET"]}}],"collection":[{"href":"https:\/\/sanremoweekend.it\/fr\/wp-json\/wp\/v2\/pages"}],"about":[{"href":"https:\/\/sanremoweekend.it\/fr\/wp-json\/wp\/v2\/types\/page"}],"author":[{"embeddable":true,"href":"https:\/\/sanremoweekend.it\/fr\/wp-json\/wp\/v2\/users\/3"}],"replies":[{"embeddable":true,"href":"https:\/\/sanremoweekend.it\/fr\/wp-json\/wp\/v2\/comments?post=2049"}],"version-history":[{"count":0,"href":"https:\/\/sanremoweekend.it\/fr\/wp-json\/wp\/v2\/pages\/2049\/revisions"}],"up":[{"embeddable":true,"href":"https:\/\/sanremoweekend.it\/fr\/wp-json\/wp\/v2\/pages\/4775"}],"wp:featuredmedia":[{"embeddable":true,"href":"https:\/\/sanremoweekend.it\/fr\/wp-json\/wp\/v2\/media\/611"}],"wp:attachment":[{"href":"https:\/\/sanremoweekend.it\/fr\/wp-json\/wp\/v2\/media?parent=2049"}],"curies":[{"name":"wp","href":"https:\/\/api.w.org\/{rel}","templated":true}]}}