{"id":2052,"date":"2016-10-04T21:16:55","date_gmt":"2016-10-04T19:16:55","guid":{"rendered":"http:\/\/www.nyalahotel.biz\/fr\/?page_id=2052"},"modified":"2023-07-12T14:26:39","modified_gmt":"2023-07-12T12:26:39","slug":"voile-et-aviron-de-mer","status":"publish","type":"page","link":"https:\/\/sanremoweekend.it\/fr\/sport-a-san-remo\/voile-et-aviron-de-mer\/","title":{"rendered":"Navigation \u00e0 San Remo"},"content":{"rendered":"<h2 style=\"text-align: center;\"><strong><span style=\"color: #003366;\">Navigation \u00e0 San Remo<\/span><\/strong><\/h2>\n<p style=\"text-align: center;\"><span style=\"font-weight: 400;\">Vivez une belle journ\u00e9e d\u00e9tente sur un voilier! Faites-vous bronzer au soleil, profiter de la baignade en mer, ou partez en exp\u00e9dition de plong\u00e9e en apn\u00e9e pour explorer le monde sous-marin!\u00a0<\/span><\/p>\n<p>&nbsp;<\/p>\n<p style=\"text-align: center;\"><a class=\"maxbutton-3 maxbutton maxbutton-reserver\" target=\"_blank\" rel=\"noopener\" href=\"https:\/\/sanremoweekend.it\/fr\/info\/\"><span class='mb-text'>Reserver<\/span><\/a><\/p>\n<div class=\"responsive-tabs\">\n<h2 class=\"tabtitle\">Pr\u00e9sentation<\/h2>\n<div class=\"tabcontent\">\n\n<p><img loading=\"lazy\" decoding=\"async\" class=\"size-gallery-thumbnail wp-image-8552 aligncenter\" src=\"https:\/\/sanremoweekend.it\/wp-content\/uploads\/2019\/05\/sailing-vessel-3063758_1280-600x400.jpg\" alt=\"sailing-in-san-remo\" width=\"600\" height=\"400\" srcset=\"https:\/\/sanremoweekend.it\/wp-content\/uploads\/2019\/05\/sailing-vessel-3063758_1280-600x400.jpg 600w, https:\/\/sanremoweekend.it\/wp-content\/uploads\/2019\/05\/sailing-vessel-3063758_1280-300x200.jpg 300w, https:\/\/sanremoweekend.it\/wp-content\/uploads\/2019\/05\/sailing-vessel-3063758_1280-768x512.jpg 768w, https:\/\/sanremoweekend.it\/wp-content\/uploads\/2019\/05\/sailing-vessel-3063758_1280-1024x682.jpg 1024w, https:\/\/sanremoweekend.it\/wp-content\/uploads\/2019\/05\/sailing-vessel-3063758_1280-2x1.jpg 2w, https:\/\/sanremoweekend.it\/wp-content\/uploads\/2019\/05\/sailing-vessel-3063758_1280.jpg 1280w\" sizes=\"(max-width: 600px) 100vw, 600px\" \/><\/p>\n<p><strong>Sanremo Yacht Club et San Remo Rowing Society\u00a0<\/strong><\/p>\n<p><span id=\"result_box\" lang=\"en\">Ecole de voile et de cano\u00eb pour enfants et adultes. Il est \u00e9galement possible de louer des voiliers et des bateaux \u00e0 moteur.<\/span><\/p>\n<p><strong>Distance de l&#8217;h\u00f4tel :<\/strong> 2.5 Km<\/p>\n<p><strong>Types de bateaux disponibles<\/strong>: Voiliers, Planche \u00e0 voile, Barques et Kayaks<\/p>\n<p><span style=\"font-weight: 400;\">De la pure d\u00e9tente pendant cette excursion en bateau d\u2019une journ\u00e9e. <\/span><span style=\"font-weight: 400;\">A la pause d\u00e9jeuner, vous pourrez d\u00e9guster de d\u00e9licieux plats locaux et du vin \u00e0 bord du bateau.<\/span><\/p>\n<p>Nous embarquerons pour notre croisi\u00e8re \u00e0 10 heures dans le nouveau port exceptionnel de Portosole \u00e0 San Remo ; et nous serons de retour au port \u00e0 17 heures maximum.<br \/>\nSi vous aimez la mer, vous profiterez pleinement de cette occasion pour explorer la merveilleuse c\u00f4te et vous impr\u00e9gner de l\u2019atmosph\u00e8re de cette exp\u00e9rience inoubliable. En outre, le bateau est \u00e9galement disponible pour des \u00e9v\u00e9nements priv\u00e9s ou familiaux et pour des occasions sp\u00e9ciales.<\/p>\n\n<\/div><h2 class=\"tabtitle\">Notre offre comprend<\/h2>\n<div class=\"tabcontent\">\n\n<h3 style=\"text-align: center;\"><strong>\u00a0OFFRE &#8220;NAVIGATION A SAN REMO&#8221;<\/strong><\/h3>\n<table class=\"aligncenter\" style=\"border-color: #000000; width: 62.9135%; height: 227px;\" border=\"1\" cellpadding=\"5\">\n<tbody>\n<tr style=\"height: 96px;\">\n<td style=\"text-align: right; width: 12.6949%; height: 96px;\"><\/td>\n<td style=\"text-align: right; width: 6.62773%; height: 96px;\"><span style=\"color: #ff0000;\"><b>Basse saison<\/b><\/span><\/td>\n<td style=\"text-align: right; width: 6.0804%;\"><span style=\"color: #ff0000;\"><strong>Moyenne saison<\/strong><\/span><\/td>\n<td style=\"text-align: right; width: 5.27068%;\"><span style=\"color: #ff0000;\"><strong>Longs Week-ends &amp; Jours f\u00e9ri\u00e9s<\/strong><\/span><\/td>\n<\/tr>\n<tr>\n<td style=\"text-align: right; width: 12.6949%;\"><span style=\"color: #ff0000;\"><strong>Offre Silver<\/strong><\/span><\/td>\n<td style=\"text-align: right; width: 6.62773%;\"><span style=\"color: #ff0000;\"><strong>189.00\u20ac<\/strong><\/span><\/td>\n<td style=\"text-align: right; width: 6.0804%;\"><span style=\"color: #ff0000;\"><strong>209.00\u20ac\u00a0<\/strong><\/span><\/td>\n<td style=\"text-align: right; width: 5.27068%;\"><span style=\"color: #ff0000;\"><strong>249.00\u20ac\u00a0<\/strong><\/span><\/td>\n<\/tr>\n<tr style=\"height: 48px;\">\n<td style=\"text-align: right; width: 12.6949%; height: 48px;\"><span style=\"color: #ff0000;\"><strong>Offre Gold<\/strong><\/span><\/td>\n<td style=\"text-align: right; width: 6.62773%; height: 48px;\"><span style=\"color: #ff0000;\"><strong>255.00\u20ac<\/strong><\/span><\/td>\n<td style=\"text-align: right; width: 6.0804%; height: 48px;\"><span style=\"color: #ff0000;\"><strong>275.00\u20ac<\/strong><\/span><\/td>\n<td style=\"text-align: right; width: 5.27068%;\"><span style=\"color: #ff0000;\"><strong>315.00\u20ac\u00a0<\/strong><\/span><\/td>\n<\/tr>\n<\/tbody>\n<\/table>\n<p>&nbsp;<\/p>\n<p style=\"text-align: center;\">Prix par personne<\/p>\n<p>Le tarif comprend :<\/p>\n<ul>\n<li>2 x <strong>nuits<\/strong><\/li>\n<li>2 x <strong>petits-d\u00e9jeuners<\/strong><\/li>\n<li>1 x <strong>d\u00eener<\/strong> \u00e0 l&#8217;h\u00f4tel<\/li>\n<li><strong>1 x Sortie d&#8217;une journ\u00e9e en voilier (Demi-journ\u00e9e disponible sur demande)<\/strong><\/li>\n<li>assistance de notre agence<\/li>\n<li>place de parking priv\u00e9e, selon les disponibilit\u00e9s<\/li>\n<li>navette de l&#8217;h\u00f4tel au centre ville (de 9h \u00e0 18h)<\/li>\n<li><b>La carte Sanremo-On Membership<\/b> offrant des r\u00e9ductions sp\u00e9ciales dans certains magasins de v\u00eatements et d\u2019accessoires, des restaurants et caf\u00e9s raffin\u00e9s<\/li>\n<\/ul>\n<p>Le tarif n&#8217;inclut pas :<\/p>\n<ul>\n<li>billets de voyage<\/li>\n<li>taxe de s\u00e9jour payable sur place<\/li>\n<li>extras et pourboires<\/li>\n<li>tout ce qui n&#8217;est pas clairement mentionn\u00e9 dans le paragraphe &#8220;le tarif inclut&#8221;<\/li>\n<\/ul>\n<p>H\u00e9bergement<\/p>\n<ul>\n<li>L&#8217; <strong>offre Silver<\/strong> comprend un h\u00e9bergement dans une chambre <strong>double classique<\/strong> au NYALA Suite Hotel de San Remo<\/li>\n<li>L&#8217; <strong>offre Gold<\/strong> comprend un h\u00e9bergement dans une <strong>suite junio<\/strong><b>r<\/b> au NYALA Suite Hotel de San Remo<\/li>\n<\/ul>\n<p>Disponibilit\u00e9 de l&#8217;offre<\/p>\n<ul>\n<li>l\u2019offre est disponible toute l\u2019ann\u00e9e, \u00e0 l\u2019exception des p\u00e9riodes de forte affluence, comme au moment des jours f\u00e9ri\u00e9s nationaux et des grands \u00e9v\u00e9nements<\/li>\n<\/ul>\n\n<\/div><h2 class=\"tabtitle\">Politique de r\u00e9servation<\/h2>\n<div class=\"tabcontent\">\n\n<p><strong>POLITIQUE DE RESERVATION<\/strong><\/p>\n<ul>\n<li>La commercialisation des forfaits &#8220;Week-end \u00e0 Sanremo&#8221; est g\u00e9r\u00e9e par l\u2019agence de voyages Nyala Wonder Travel.<\/li>\n<li>Frais de gestion : 5% sur le montant du forfait confirm\u00e9.<\/li>\n<li>Paiement : lors de la confirmation de la r\u00e9servation par carte de cr\u00e9dit ou par virement bancaire.<\/li>\n<li>P\u00e9nalit\u00e9s en cas d\u2019annulation : remboursement int\u00e9gral des annulations effectu\u00e9es 61 jours avant la date d\u2019arriv\u00e9e pr\u00e9vue, p\u00e9nalit\u00e9 de 50% pour les annulations effectu\u00e9es dans les 31 jours avant la date d\u2019arriv\u00e9e pr\u00e9vue, p\u00e9nalit\u00e9 de 100% pour les annulations effectu\u00e9es dans les 30 jours pr\u00e9c\u00e9dant la date d\u2019arriv\u00e9e pr\u00e9vue.<\/li>\n<li>Frais de modification de r\u00e9servation : pas de frais jusqu\u2019\u00e0 31 jours avant la date d\u2019arriv\u00e9e pr\u00e9vue, 100% pour les modifications effectu\u00e9es dans les 30 jours pr\u00e9c\u00e9dant la date d\u2019arriv\u00e9e pr\u00e9vue.<\/li>\n<li>Frais de transfert du contrat \u00e0 des tiers (art. 38 Code du Tourisme) : pas de frais jusqu\u2019\u00e0 31 jours avant la date d\u2019arriv\u00e9e pr\u00e9vue, 20% du montant du forfait pour les transferts effectu\u00e9s dans les 30 jours pr\u00e9c\u00e9dant la date d\u2019arriv\u00e9e pr\u00e9vue.<\/li>\n<li>Les frais de gestion et les frais administratifs ne sont jamais remboursables en cas de modification ou d\u2019annulation.<\/li>\n<\/ul>\n<\/div><\/div>\n","protected":false},"excerpt":{"rendered":"<p>Vivez une belle journ\u00e9e de d\u00e9tente sur un voilier ! Faites-vous bronzer au soleil, profiter de la baignade en mer, ou faites une exp\u00e9dition de plong\u00e9e en apn\u00e9e pour explorer le monde sous-marin ! De la pure d\u00e9tente pendant cette journ\u00e9e compl\u00e8te de croisi\u00e8re en bateau. A la pause d\u00e9jeuner, vous go\u00fbterez la d\u00e9licieuse nourriture locale.<\/p>\n","protected":false},"author":3,"featured_media":1132,"parent":4743,"menu_order":0,"comment_status":"open","ping_status":"closed","template":"content-page-template.php","meta":{"_acf_changed":false,"_et_pb_use_builder":"","_et_pb_old_content":"","_et_gb_content_width":"","footnotes":""},"class_list":["post-2052","page","type-page","status-publish","has-post-thumbnail","hentry"],"acf":[],"yoast_head":"<!-- This site is optimized with the Yoast SEO plugin v27.4 - https:\/\/yoast.com\/product\/yoast-seo-wordpress\/ -->\n<title>Navigation \u00e0 San Remo | Sanremo Weekend<\/title>\n<meta name=\"description\" content=\"Vivez une journ\u00e9e de navigation relaxante \u00e0 San Remo ! Faites-vous bronzer au soleil, profitez de la baignade en mer, ou faites une exp\u00e9dition de plong\u00e9e en apn\u00e9e.\" \/>\n<meta name=\"robots\" content=\"index, follow, max-snippet:-1, max-image-preview:large, max-video-preview:-1\" \/>\n<link rel=\"canonical\" href=\"https:\/\/sanremoweekend.it\/sports-weekend-in-san-remo\/sailing-in-san-remo\/\" \/>\n<meta property=\"og:locale\" content=\"fr_FR\" \/>\n<meta property=\"og:type\" content=\"article\" \/>\n<meta property=\"og:title\" content=\"Navigation \u00e0 San Remo | Sanremo Weekend\" \/>\n<meta property=\"og:description\" content=\"Vivez une journ\u00e9e de navigation relaxante \u00e0 San Remo ! Faites-vous bronzer au soleil, profitez de la baignade en mer, ou faites une exp\u00e9dition de plong\u00e9e en apn\u00e9e.\" \/>\n<meta property=\"og:url\" content=\"https:\/\/sanremoweekend.it\/sports-weekend-in-san-remo\/sailing-in-san-remo\/\" \/>\n<meta property=\"og:site_name\" content=\"Sanremo Weekend\" \/>\n<meta property=\"article:modified_time\" content=\"2023-07-12T12:26:39+00:00\" \/>\n<meta property=\"og:image\" content=\"https:\/\/sanremoweekend.it\/wp-content\/uploads\/2015\/04\/yachtsanremo.jpg\" \/>\n\t<meta property=\"og:image:width\" content=\"1620\" \/>\n\t<meta property=\"og:image:height\" content=\"1080\" \/>\n\t<meta property=\"og:image:type\" content=\"image\/jpeg\" \/>\n<meta name=\"twitter:card\" content=\"summary_large_image\" \/>\n<meta name=\"twitter:label1\" content=\"Dur\u00e9e de lecture estim\u00e9e\" \/>\n\t<meta name=\"twitter:data1\" content=\"3 minutes\" \/>\n<script type=\"application\/ld+json\" class=\"yoast-schema-graph\">{\"@context\":\"https:\\\/\\\/schema.org\",\"@graph\":[{\"@type\":\"WebPage\",\"@id\":\"https:\\\/\\\/sanremoweekend.it\\\/sports-weekend-in-san-remo\\\/sailing-in-san-remo\\\/\",\"url\":\"https:\\\/\\\/sanremoweekend.it\\\/sports-weekend-in-san-remo\\\/sailing-in-san-remo\\\/\",\"name\":\"Navigation \u00e0 San Remo | Sanremo Weekend\",\"isPartOf\":{\"@id\":\"https:\\\/\\\/sanremoweekend.it\\\/#website\"},\"primaryImageOfPage\":{\"@id\":\"https:\\\/\\\/sanremoweekend.it\\\/sports-weekend-in-san-remo\\\/sailing-in-san-remo\\\/#primaryimage\"},\"image\":{\"@id\":\"https:\\\/\\\/sanremoweekend.it\\\/sports-weekend-in-san-remo\\\/sailing-in-san-remo\\\/#primaryimage\"},\"thumbnailUrl\":\"https:\\\/\\\/sanremoweekend.it\\\/wp-content\\\/uploads\\\/2015\\\/04\\\/yachtsanremo.jpg\",\"datePublished\":\"2016-10-04T19:16:55+00:00\",\"dateModified\":\"2023-07-12T12:26:39+00:00\",\"description\":\"Vivez une journ\u00e9e de navigation relaxante \u00e0 San Remo ! Faites-vous bronzer au soleil, profitez de la baignade en mer, ou faites une exp\u00e9dition de plong\u00e9e en apn\u00e9e.\",\"breadcrumb\":{\"@id\":\"https:\\\/\\\/sanremoweekend.it\\\/sports-weekend-in-san-remo\\\/sailing-in-san-remo\\\/#breadcrumb\"},\"inLanguage\":\"fr-FR\",\"potentialAction\":[{\"@type\":\"ReadAction\",\"target\":[\"https:\\\/\\\/sanremoweekend.it\\\/sports-weekend-in-san-remo\\\/sailing-in-san-remo\\\/\"]}]},{\"@type\":\"ImageObject\",\"inLanguage\":\"fr-FR\",\"@id\":\"https:\\\/\\\/sanremoweekend.it\\\/sports-weekend-in-san-remo\\\/sailing-in-san-remo\\\/#primaryimage\",\"url\":\"https:\\\/\\\/sanremoweekend.it\\\/wp-content\\\/uploads\\\/2015\\\/04\\\/yachtsanremo.jpg\",\"contentUrl\":\"https:\\\/\\\/sanremoweekend.it\\\/wp-content\\\/uploads\\\/2015\\\/04\\\/yachtsanremo.jpg\",\"width\":1620,\"height\":1080,\"caption\":\"yacht club sanremo, segelschule, \u041f\u0430\u0440\u0443\u0441\u043d\u044b\u0439\"},{\"@type\":\"BreadcrumbList\",\"@id\":\"https:\\\/\\\/sanremoweekend.it\\\/sports-weekend-in-san-remo\\\/sailing-in-san-remo\\\/#breadcrumb\",\"itemListElement\":[{\"@type\":\"ListItem\",\"position\":1,\"name\":\"Home\",\"item\":\"https:\\\/\\\/sanremoweekend.it\\\/fr\\\/\"},{\"@type\":\"ListItem\",\"position\":2,\"name\":\"Sport \u00e0 San Remo\",\"item\":\"https:\\\/\\\/sanremoweekend.it\\\/sports-weekend-in-san-remo\\\/\"},{\"@type\":\"ListItem\",\"position\":3,\"name\":\"Navigation \u00e0 San Remo\"}]},{\"@type\":\"WebSite\",\"@id\":\"https:\\\/\\\/sanremoweekend.it\\\/#website\",\"url\":\"https:\\\/\\\/sanremoweekend.it\\\/\",\"name\":\"Sanremo Weekend\",\"description\":\"Hotel 4 \u00e9toiles \u00e0 San Remo\",\"potentialAction\":[{\"@type\":\"SearchAction\",\"target\":{\"@type\":\"EntryPoint\",\"urlTemplate\":\"https:\\\/\\\/sanremoweekend.it\\\/?s={search_term_string}\"},\"query-input\":{\"@type\":\"PropertyValueSpecification\",\"valueRequired\":true,\"valueName\":\"search_term_string\"}}],\"inLanguage\":\"fr-FR\"}]}<\/script>\n<!-- \/ Yoast SEO plugin. -->","yoast_head_json":{"title":"Navigation \u00e0 San Remo | Sanremo Weekend","description":"Vivez une journ\u00e9e de navigation relaxante \u00e0 San Remo ! Faites-vous bronzer au soleil, profitez de la baignade en mer, ou faites une exp\u00e9dition de plong\u00e9e en apn\u00e9e.","robots":{"index":"index","follow":"follow","max-snippet":"max-snippet:-1","max-image-preview":"max-image-preview:large","max-video-preview":"max-video-preview:-1"},"canonical":"https:\/\/sanremoweekend.it\/sports-weekend-in-san-remo\/sailing-in-san-remo\/","og_locale":"fr_FR","og_type":"article","og_title":"Navigation \u00e0 San Remo | Sanremo Weekend","og_description":"Vivez une journ\u00e9e de navigation relaxante \u00e0 San Remo ! Faites-vous bronzer au soleil, profitez de la baignade en mer, ou faites une exp\u00e9dition de plong\u00e9e en apn\u00e9e.","og_url":"https:\/\/sanremoweekend.it\/sports-weekend-in-san-remo\/sailing-in-san-remo\/","og_site_name":"Sanremo Weekend","article_modified_time":"2023-07-12T12:26:39+00:00","og_image":[{"width":1620,"height":1080,"url":"https:\/\/sanremoweekend.it\/wp-content\/uploads\/2015\/04\/yachtsanremo.jpg","type":"image\/jpeg"}],"twitter_card":"summary_large_image","twitter_misc":{"Dur\u00e9e de lecture estim\u00e9e":"3 minutes"},"schema":{"@context":"https:\/\/schema.org","@graph":[{"@type":"WebPage","@id":"https:\/\/sanremoweekend.it\/sports-weekend-in-san-remo\/sailing-in-san-remo\/","url":"https:\/\/sanremoweekend.it\/sports-weekend-in-san-remo\/sailing-in-san-remo\/","name":"Navigation \u00e0 San Remo | Sanremo Weekend","isPartOf":{"@id":"https:\/\/sanremoweekend.it\/#website"},"primaryImageOfPage":{"@id":"https:\/\/sanremoweekend.it\/sports-weekend-in-san-remo\/sailing-in-san-remo\/#primaryimage"},"image":{"@id":"https:\/\/sanremoweekend.it\/sports-weekend-in-san-remo\/sailing-in-san-remo\/#primaryimage"},"thumbnailUrl":"https:\/\/sanremoweekend.it\/wp-content\/uploads\/2015\/04\/yachtsanremo.jpg","datePublished":"2016-10-04T19:16:55+00:00","dateModified":"2023-07-12T12:26:39+00:00","description":"Vivez une journ\u00e9e de navigation relaxante \u00e0 San Remo ! Faites-vous bronzer au soleil, profitez de la baignade en mer, ou faites une exp\u00e9dition de plong\u00e9e en apn\u00e9e.","breadcrumb":{"@id":"https:\/\/sanremoweekend.it\/sports-weekend-in-san-remo\/sailing-in-san-remo\/#breadcrumb"},"inLanguage":"fr-FR","potentialAction":[{"@type":"ReadAction","target":["https:\/\/sanremoweekend.it\/sports-weekend-in-san-remo\/sailing-in-san-remo\/"]}]},{"@type":"ImageObject","inLanguage":"fr-FR","@id":"https:\/\/sanremoweekend.it\/sports-weekend-in-san-remo\/sailing-in-san-remo\/#primaryimage","url":"https:\/\/sanremoweekend.it\/wp-content\/uploads\/2015\/04\/yachtsanremo.jpg","contentUrl":"https:\/\/sanremoweekend.it\/wp-content\/uploads\/2015\/04\/yachtsanremo.jpg","width":1620,"height":1080,"caption":"yacht club sanremo, segelschule, \u041f\u0430\u0440\u0443\u0441\u043d\u044b\u0439"},{"@type":"BreadcrumbList","@id":"https:\/\/sanremoweekend.it\/sports-weekend-in-san-remo\/sailing-in-san-remo\/#breadcrumb","itemListElement":[{"@type":"ListItem","position":1,"name":"Home","item":"https:\/\/sanremoweekend.it\/fr\/"},{"@type":"ListItem","position":2,"name":"Sport \u00e0 San Remo","item":"https:\/\/sanremoweekend.it\/sports-weekend-in-san-remo\/"},{"@type":"ListItem","position":3,"name":"Navigation \u00e0 San Remo"}]},{"@type":"WebSite","@id":"https:\/\/sanremoweekend.it\/#website","url":"https:\/\/sanremoweekend.it\/","name":"Sanremo Weekend","description":"Hotel 4 \u00e9toiles \u00e0 San Remo","potentialAction":[{"@type":"SearchAction","target":{"@type":"EntryPoint","urlTemplate":"https:\/\/sanremoweekend.it\/?s={search_term_string}"},"query-input":{"@type":"PropertyValueSpecification","valueRequired":true,"valueName":"search_term_string"}}],"inLanguage":"fr-FR"}]}},"_links":{"self":[{"href":"https:\/\/sanremoweekend.it\/fr\/wp-json\/wp\/v2\/pages\/2052","targetHints":{"allow":["GET"]}}],"collection":[{"href":"https:\/\/sanremoweekend.it\/fr\/wp-json\/wp\/v2\/pages"}],"about":[{"href":"https:\/\/sanremoweekend.it\/fr\/wp-json\/wp\/v2\/types\/page"}],"author":[{"embeddable":true,"href":"https:\/\/sanremoweekend.it\/fr\/wp-json\/wp\/v2\/users\/3"}],"replies":[{"embeddable":true,"href":"https:\/\/sanremoweekend.it\/fr\/wp-json\/wp\/v2\/comments?post=2052"}],"version-history":[{"count":0,"href":"https:\/\/sanremoweekend.it\/fr\/wp-json\/wp\/v2\/pages\/2052\/revisions"}],"up":[{"embeddable":true,"href":"https:\/\/sanremoweekend.it\/fr\/wp-json\/wp\/v2\/pages\/4743"}],"wp:featuredmedia":[{"embeddable":true,"href":"https:\/\/sanremoweekend.it\/fr\/wp-json\/wp\/v2\/media\/1132"}],"wp:attachment":[{"href":"https:\/\/sanremoweekend.it\/fr\/wp-json\/wp\/v2\/media?parent=2052"}],"curies":[{"name":"wp","href":"https:\/\/api.w.org\/{rel}","templated":true}]}}