{"id":2056,"date":"2016-10-04T21:18:29","date_gmt":"2016-10-04T19:18:29","guid":{"rendered":"http:\/\/www.nyalahotel.biz\/fr\/?page_id=2056"},"modified":"2023-06-20T12:39:58","modified_gmt":"2023-06-20T10:39:58","slug":"voyage-de-noces-en-ligurie","status":"publish","type":"page","link":"https:\/\/sanremoweekend.it\/fr\/vacances-couples\/voyage-de-noces-en-ligurie\/","title":{"rendered":"Lune de miel \u00e0 San Remo"},"content":{"rendered":"<h2 style=\"text-align: center;\">Lune de miel \u00e0 San Remo<\/h2>\n<p style=\"text-align: center;\"><strong>R\u00e9servez votre lune de miel \u00e0 San Remo dans notre h\u00f4tel 4 \u00e9toiles et profitez d\u2019un voyage romantique entre la Riviera italienne et la C\u00f4te d&#8217;Azur.<\/strong><\/p>\n<p style=\"text-align: center;\">Quoi de plus romantique qu\u2019un voyage plein de moments magiques l\u00e0 o\u00f9 les Alpes rencontrent la m\u00e9diterran\u00e9e ?<\/p>\n<p style=\"text-align: center;\"><a class=\"maxbutton-3 maxbutton maxbutton-reserver\" target=\"_blank\" rel=\"noopener\" href=\"https:\/\/sanremoweekend.it\/fr\/info\/\"><span class='mb-text'>Reserver<\/span><\/a><\/p>\n<p>&nbsp;<\/p>\n<div class=\"responsive-tabs\">\n<h2 class=\"tabtitle\">Pr\u00e9sentation<\/h2>\n<div class=\"tabcontent\">\n\n<p><img loading=\"lazy\" decoding=\"async\" class=\"wp-image-8811 aligncenter\" src=\"https:\/\/sanremoweekend.it\/wp-content\/uploads\/2019\/05\/riviera-dei-fiori-passeggiate-coppia-spiaggia.jpg\" alt=\"\" width=\"500\" height=\"333\" srcset=\"https:\/\/sanremoweekend.it\/wp-content\/uploads\/2019\/05\/riviera-dei-fiori-passeggiate-coppia-spiaggia.jpg 960w, https:\/\/sanremoweekend.it\/wp-content\/uploads\/2019\/05\/riviera-dei-fiori-passeggiate-coppia-spiaggia-300x200.jpg 300w, https:\/\/sanremoweekend.it\/wp-content\/uploads\/2019\/05\/riviera-dei-fiori-passeggiate-coppia-spiaggia-768x512.jpg 768w, https:\/\/sanremoweekend.it\/wp-content\/uploads\/2019\/05\/riviera-dei-fiori-passeggiate-coppia-spiaggia-600x400.jpg 600w, https:\/\/sanremoweekend.it\/wp-content\/uploads\/2019\/05\/riviera-dei-fiori-passeggiate-coppia-spiaggia-2x1.jpg 2w\" sizes=\"(max-width: 500px) 100vw, 500px\" \/><\/p>\n<p style=\"text-align: justify;\">Bien que toutes les destinations de lune de miel soient sp\u00e9ciales pour un couple nouvellement mari\u00e9, il y en a qui garantissent un voyage inoubliable. San Remo fait face \u00e0 la m\u00e9diterran\u00e9e, et peu de mers comme celle-ci ont \u00e9t\u00e9 t\u00e9moins de tant de d\u00e9clarations d\u2019amour. Les plages de la ville sont des endroits parfaits pour se d\u00e9tendre avec votre partenaire en \u00e9coutant le bruit des vagues et en profitant de la brise marine, tandis que vous contemplez des couchers de soleil inoubliables. R\u00e9servez votre lune de miel \u00e0 San Remo dans notre h\u00f4tel et d\u00e9couvrez la cit\u00e9 des fleurs, la belle r\u00e9gion ligure et le romantisme italien.<\/p>\n<h2><strong>Lune de miel \u00e0 San Remo, une ville romantique.<\/strong><\/h2>\n<p style=\"text-align: justify;\">Fl\u00e2nez dans le centre ville et d\u00e9couvrez le moindre de ses recoins, allez faire des excursions d\u2019une journ\u00e9e pour visiter des villages pleins de charme et de romance comme Dolceacqua, ou profitez d\u2019un d\u00eener romantique dans un restaurant italien. Ce sont quelques-unes des activit\u00e9s que nous proposons pour que vous profitiez de journ\u00e9es inoubliables et sp\u00e9ciales durant lesquelles vous pourrez vous amuser en couple et vous d\u00e9tendre apr\u00e8s l\u2019agitation du mariage.<\/p>\n<p style=\"text-align: justify;\">R\u00e9servez quelques jours tr\u00e8s sp\u00e9ciaux dans notre h\u00f4tel au bord de la mer m\u00e9diterran\u00e9e.<\/p>\n\n<\/div><h2 class=\"tabtitle\">Notre offre comprend<\/h2>\n<div class=\"tabcontent\">\n\n<h3 style=\"text-align: center;\"><strong>\u00a0OFFRE &#8220;LUNE DE MIEL A SAN REMO&#8221;<\/strong><\/h3>\n<table class=\"aligncenter\" style=\"border-color: #000000; width: 62.9135%; height: 227px;\" border=\"1\" cellpadding=\"5\">\n<tbody>\n<tr style=\"height: 96px;\">\n<td style=\"text-align: right; width: 12.6949%; height: 96px;\"><\/td>\n<td style=\"text-align: right; width: 6.62773%; height: 96px;\"><span style=\"color: #ff0000;\"><b>Basse saison<\/b><\/span><\/td>\n<td style=\"text-align: right; width: 6.0804%;\"><span style=\"color: #ff0000;\"><strong>Moyenne saison<\/strong><\/span><\/td>\n<td style=\"text-align: right; width: 5.27068%;\"><span style=\"color: #ff0000;\"><strong>Longs Week-ends &amp; Jours f\u00e9ri\u00e9s<\/strong><\/span><\/td>\n<\/tr>\n<tr style=\"height: 48px;\">\n<td style=\"text-align: right; width: 12.6949%; height: 48px;\"><span style=\"color: #ff0000;\"><strong>Offre Gold<\/strong><\/span><\/td>\n<td style=\"text-align: right; width: 6.62773%; height: 48px;\"><span style=\"color: #ff0000;\"><strong>745.00\u20ac<\/strong><\/span><\/td>\n<td style=\"text-align: right; width: 6.0804%; height: 48px;\"><span style=\"color: #ff0000;\"><strong>815.00\u20ac\u00a0<\/strong><\/span><\/td>\n<td style=\"text-align: right; width: 5.27068%;\"><span style=\"color: #ff0000;\"><strong>955.00\u20ac\u00a0<\/strong><\/span><\/td>\n<\/tr>\n<\/tbody>\n<\/table>\n<p style=\"text-align: center;\">Prix par personne<\/p>\n<p>Le tarif inclut :<\/p>\n<ul>\n<li>7 x nuits<\/li>\n<li>7 x petits-d\u00e9jeuners<\/li>\n<li>5 x d\u00eener \u00e0 l&#8217;h\u00f4tel, avec un menu \u00e0 3 plats<\/li>\n<li><strong>1 x bouteille de Spumante italien et un bouquet de fleurs de San Remo<\/strong><\/li>\n<li>1 x d\u00e9jeuner dans un restaurant typique de l\u2019arri\u00e8re-pays<\/li>\n<li>1 x jour d&#8217;excursion en bateau<\/li>\n<li>assistance de notre agence<\/li>\n<li>place de parking priv\u00e9 sous r\u00e9serve de disponibilit\u00e9<\/li>\n<li>service de navette de l&#8217;h\u00f4tel au centre ville (de 9h \u00e0 18h)<\/li>\n<li><b>Carte de membre Sanremo-On<\/b><span style=\"font-weight: 400;\"> qui offre des r\u00e9ductions dans certains magasins de v\u00eatements et d\u2019accessoires, des restaurants et des caf\u00e9s<\/span><\/li>\n<\/ul>\n<p>Le tarif n&#8217;inclut pas :<\/p>\n<ul>\n<li>billets de voyage<\/li>\n<li>taxe de s\u00e9jour payable sur place<\/li>\n<li>extras et pourboires<\/li>\n<li>tout ce qui n\u2019est pas clairement indiqu\u00e9 dans la section \u00ab le tarif inclut\u00bb<\/li>\n<\/ul>\n<p>H\u00e9bergement<\/p>\n<ul>\n<li>L&#8217; <strong>offre Gold<\/strong> comprend un h\u00e9bergement dans une <strong>suite junior<\/strong> au NYALA Suite Hotel de San Remo<\/li>\n<\/ul>\n<p>Disponibilit\u00e9 de l&#8217;offre<\/p>\n<ul>\n<li>l\u2019offre est disponible toute l\u2019ann\u00e9e, \u00e0 l\u2019exception des p\u00e9riodes de forte affluence, comme lors des jours f\u00e9ri\u00e9s nationaux et des grands \u00e9v\u00e9nements<\/li>\n<\/ul>\n\n<\/div><h2 class=\"tabtitle\">Politique de r\u00e9servation<\/h2>\n<div class=\"tabcontent\">\n\n<p lang=\"en-US\"><span style=\"color: #212121;\"><span style=\"font-family: inherit;\"><span style=\"font-size: medium;\"><strong><span style=\"font-family: INHERIT;\">POLITIQUE DE RESERVATION<\/span><\/strong><\/span><\/span><\/span><\/p>\n<ul>\n<li lang=\"en-US\"><span style=\"color: #212121;\"><span style=\"font-family: inherit;\"><span style=\"font-size: medium;\"><span style=\"font-family: INHERIT;\">La commercialisation des offres &#8220;Week-end \u00e0 San Remo&#8221; est g\u00e9r\u00e9e par l\u2019agence de voyages Nyala Wonder Travel.<\/span><\/span><\/span><\/span><\/li>\n<li lang=\"en-US\"><span style=\"color: #212121;\"><span style=\"font-family: inherit;\"><span style=\"font-size: medium;\"><span style=\"font-family: INHERIT;\">Frais de gestion : 5% sur le montant du forfait confirm\u00e9.<\/span><\/span><\/span><\/span><\/li>\n<li lang=\"en-US\"><span style=\"color: #212121;\"><span style=\"font-family: inherit;\"><span style=\"font-size: medium;\"><span style=\"font-family: INHERIT;\">Paiement : lors de la confirmation de la r\u00e9servation par carte de cr\u00e9dit ou par virement bancaire.<\/span><\/span><\/span><\/span><\/li>\n<li lang=\"en-US\"><span style=\"color: #212121;\"><span style=\"font-family: inherit;\"><span style=\"font-size: medium;\"><span style=\"font-family: INHERIT;\">P\u00e9nalit\u00e9s d\u2019annulation : remboursement int\u00e9gral pour les annulations effectu\u00e9es 61 jours avant la date d\u2019arriv\u00e9e pr\u00e9vue, p\u00e9nalit\u00e9 de 50% pour les annulations effectu\u00e9es dans les 31 jours avant la date d\u2019arriv\u00e9e pr\u00e9vue, p\u00e9nalit\u00e9 de 100% pour les annulations effectu\u00e9es dans les 30 jours pr\u00e9c\u00e9dant la date d\u2019arriv\u00e9e pr\u00e9vue.<\/span><\/span><\/span><\/span><\/li>\n<li lang=\"en-US\"><span style=\"color: #212121;\"><span style=\"font-family: inherit;\"><span style=\"font-size: medium;\"><span style=\"font-family: INHERIT;\">Frais de modification de r\u00e9servation : pas de frais jusqu\u2019\u00e0 31 jours avant la date d\u2019arriv\u00e9e pr\u00e9vue, 100% pour les modifications effectu\u00e9es dans les 30 jours pr\u00e9c\u00e9dant la date d\u2019arriv\u00e9e pr\u00e9vue.<\/span><\/span><\/span><\/span><\/li>\n<li lang=\"en-US\"><span style=\"color: #212121;\"><span style=\"font-family: inherit;\"><span style=\"font-size: medium;\"><span style=\"font-family: INHERIT;\">Frais de transfert du contrat \u00e0 des tiers (art. 38 Code du Tourisme) : pas de frais jusqu\u2019\u00e0 31 jours avant la date d\u2019arriv\u00e9e pr\u00e9vue, 20% du montant du forfait pour les transferts effectu\u00e9s dans les 30 jours pr\u00e9c\u00e9dant la date d\u2019arriv\u00e9e pr\u00e9vue. <\/span><\/span><\/span><\/span><\/li>\n<li lang=\"en-US\"><span style=\"color: #003000;\">Les co\u00fbts administratifs<span style=\"font-family: inherit;\"><span style=\"font-size: medium;\"><span style=\"font-family: INHERIT;\"> et de gestion ne sont jamais remboursables en cas de modification ou d\u2019annulation.<\/span><\/span><\/span><\/span><\/li>\n<\/ul>\n<\/div><\/div>\n","protected":false},"excerpt":{"rendered":"<p>Bien que toutes les destinations de lune de miel soient sp\u00e9ciales pour un couple nouvellement mari\u00e9, il y en a qui garantissent un voyage inoubliable. San Remo fait face \u00e0 la m\u00e9diterran\u00e9e, et peu de mers comme celle-ci ont \u00e9t\u00e9 t\u00e9moins de tant de d\u00e9clarations d\u2019amour.<\/p>\n","protected":false},"author":3,"featured_media":8812,"parent":4772,"menu_order":0,"comment_status":"open","ping_status":"closed","template":"content-page-template.php","meta":{"_acf_changed":false,"_et_pb_use_builder":"","_et_pb_old_content":"","_et_gb_content_width":"","footnotes":""},"class_list":["post-2056","page","type-page","status-publish","has-post-thumbnail","hentry"],"acf":[],"yoast_head":"<!-- This site is optimized with the Yoast SEO plugin v27.4 - https:\/\/yoast.com\/product\/yoast-seo-wordpress\/ -->\n<title>Lune de miel \u00e0 San Remo | Sanremo Weekend<\/title>\n<meta name=\"description\" content=\"R\u00e9servez votre lune de miel \u00e0 San Remo dans notre h\u00f4tel 4 \u00e9toiles, situ\u00e9 dans la magnifique Riviera italienne et \u00e0 proximit\u00e9 de la C\u00f4te d&#039;Azur\" \/>\n<meta name=\"robots\" content=\"index, follow, max-snippet:-1, max-image-preview:large, max-video-preview:-1\" \/>\n<link rel=\"canonical\" href=\"https:\/\/sanremoweekend.it\/holidays-for-couples-in-sanremo\/honeymoon-in-san-remo\/\" \/>\n<meta property=\"og:locale\" content=\"fr_FR\" \/>\n<meta property=\"og:type\" content=\"article\" \/>\n<meta property=\"og:title\" content=\"Lune de miel \u00e0 San Remo | Sanremo Weekend\" \/>\n<meta property=\"og:description\" content=\"R\u00e9servez votre lune de miel \u00e0 San Remo dans notre h\u00f4tel 4 \u00e9toiles, situ\u00e9 dans la magnifique Riviera italienne et \u00e0 proximit\u00e9 de la C\u00f4te d&#039;Azur\" \/>\n<meta property=\"og:url\" content=\"https:\/\/sanremoweekend.it\/holidays-for-couples-in-sanremo\/honeymoon-in-san-remo\/\" \/>\n<meta property=\"og:site_name\" content=\"Sanremo Weekend\" \/>\n<meta property=\"article:modified_time\" content=\"2023-06-20T10:39:58+00:00\" \/>\n<meta property=\"og:image\" content=\"https:\/\/sanremoweekend.it\/wp-content\/uploads\/2019\/05\/riviera-dei-fiori-passeggiate-coppia-spiaggia.jpg\" \/>\n\t<meta property=\"og:image:width\" content=\"960\" \/>\n\t<meta property=\"og:image:height\" content=\"640\" \/>\n\t<meta property=\"og:image:type\" content=\"image\/jpeg\" \/>\n<meta name=\"twitter:card\" content=\"summary_large_image\" \/>\n<meta name=\"twitter:label1\" content=\"Dur\u00e9e de lecture estim\u00e9e\" \/>\n\t<meta name=\"twitter:data1\" content=\"3 minutes\" \/>\n<script type=\"application\/ld+json\" class=\"yoast-schema-graph\">{\"@context\":\"https:\\\/\\\/schema.org\",\"@graph\":[{\"@type\":\"WebPage\",\"@id\":\"https:\\\/\\\/sanremoweekend.it\\\/holidays-for-couples-in-sanremo\\\/honeymoon-in-san-remo\\\/\",\"url\":\"https:\\\/\\\/sanremoweekend.it\\\/holidays-for-couples-in-sanremo\\\/honeymoon-in-san-remo\\\/\",\"name\":\"Lune de miel \u00e0 San Remo | Sanremo Weekend\",\"isPartOf\":{\"@id\":\"https:\\\/\\\/sanremoweekend.it\\\/#website\"},\"primaryImageOfPage\":{\"@id\":\"https:\\\/\\\/sanremoweekend.it\\\/holidays-for-couples-in-sanremo\\\/honeymoon-in-san-remo\\\/#primaryimage\"},\"image\":{\"@id\":\"https:\\\/\\\/sanremoweekend.it\\\/holidays-for-couples-in-sanremo\\\/honeymoon-in-san-remo\\\/#primaryimage\"},\"thumbnailUrl\":\"https:\\\/\\\/sanremoweekend.it\\\/wp-content\\\/uploads\\\/2019\\\/05\\\/riviera-dei-fiori-passeggiate-coppia-spiaggia.jpg\",\"datePublished\":\"2016-10-04T19:18:29+00:00\",\"dateModified\":\"2023-06-20T10:39:58+00:00\",\"description\":\"R\u00e9servez votre lune de miel \u00e0 San Remo dans notre h\u00f4tel 4 \u00e9toiles, situ\u00e9 dans la magnifique Riviera italienne et \u00e0 proximit\u00e9 de la C\u00f4te d'Azur\",\"breadcrumb\":{\"@id\":\"https:\\\/\\\/sanremoweekend.it\\\/holidays-for-couples-in-sanremo\\\/honeymoon-in-san-remo\\\/#breadcrumb\"},\"inLanguage\":\"fr-FR\",\"potentialAction\":[{\"@type\":\"ReadAction\",\"target\":[\"https:\\\/\\\/sanremoweekend.it\\\/holidays-for-couples-in-sanremo\\\/honeymoon-in-san-remo\\\/\"]}]},{\"@type\":\"ImageObject\",\"inLanguage\":\"fr-FR\",\"@id\":\"https:\\\/\\\/sanremoweekend.it\\\/holidays-for-couples-in-sanremo\\\/honeymoon-in-san-remo\\\/#primaryimage\",\"url\":\"https:\\\/\\\/sanremoweekend.it\\\/wp-content\\\/uploads\\\/2019\\\/05\\\/riviera-dei-fiori-passeggiate-coppia-spiaggia.jpg\",\"contentUrl\":\"https:\\\/\\\/sanremoweekend.it\\\/wp-content\\\/uploads\\\/2019\\\/05\\\/riviera-dei-fiori-passeggiate-coppia-spiaggia.jpg\",\"width\":960,\"height\":640,\"caption\":\"VACANCES POUR LES COUPLES\"},{\"@type\":\"BreadcrumbList\",\"@id\":\"https:\\\/\\\/sanremoweekend.it\\\/holidays-for-couples-in-sanremo\\\/honeymoon-in-san-remo\\\/#breadcrumb\",\"itemListElement\":[{\"@type\":\"ListItem\",\"position\":1,\"name\":\"Home\",\"item\":\"https:\\\/\\\/sanremoweekend.it\\\/fr\\\/\"},{\"@type\":\"ListItem\",\"position\":2,\"name\":\"Vacances en amoureux\",\"item\":\"https:\\\/\\\/sanremoweekend.it\\\/holidays-for-couples-in-sanremo\\\/\"},{\"@type\":\"ListItem\",\"position\":3,\"name\":\"Lune de miel \u00e0 San Remo\"}]},{\"@type\":\"WebSite\",\"@id\":\"https:\\\/\\\/sanremoweekend.it\\\/#website\",\"url\":\"https:\\\/\\\/sanremoweekend.it\\\/\",\"name\":\"Sanremo Weekend\",\"description\":\"Hotel 4 \u00e9toiles \u00e0 San Remo\",\"potentialAction\":[{\"@type\":\"SearchAction\",\"target\":{\"@type\":\"EntryPoint\",\"urlTemplate\":\"https:\\\/\\\/sanremoweekend.it\\\/?s={search_term_string}\"},\"query-input\":{\"@type\":\"PropertyValueSpecification\",\"valueRequired\":true,\"valueName\":\"search_term_string\"}}],\"inLanguage\":\"fr-FR\"}]}<\/script>\n<!-- \/ Yoast SEO plugin. -->","yoast_head_json":{"title":"Lune de miel \u00e0 San Remo | Sanremo Weekend","description":"R\u00e9servez votre lune de miel \u00e0 San Remo dans notre h\u00f4tel 4 \u00e9toiles, situ\u00e9 dans la magnifique Riviera italienne et \u00e0 proximit\u00e9 de la C\u00f4te d'Azur","robots":{"index":"index","follow":"follow","max-snippet":"max-snippet:-1","max-image-preview":"max-image-preview:large","max-video-preview":"max-video-preview:-1"},"canonical":"https:\/\/sanremoweekend.it\/holidays-for-couples-in-sanremo\/honeymoon-in-san-remo\/","og_locale":"fr_FR","og_type":"article","og_title":"Lune de miel \u00e0 San Remo | Sanremo Weekend","og_description":"R\u00e9servez votre lune de miel \u00e0 San Remo dans notre h\u00f4tel 4 \u00e9toiles, situ\u00e9 dans la magnifique Riviera italienne et \u00e0 proximit\u00e9 de la C\u00f4te d'Azur","og_url":"https:\/\/sanremoweekend.it\/holidays-for-couples-in-sanremo\/honeymoon-in-san-remo\/","og_site_name":"Sanremo Weekend","article_modified_time":"2023-06-20T10:39:58+00:00","og_image":[{"width":960,"height":640,"url":"https:\/\/sanremoweekend.it\/wp-content\/uploads\/2019\/05\/riviera-dei-fiori-passeggiate-coppia-spiaggia.jpg","type":"image\/jpeg"}],"twitter_card":"summary_large_image","twitter_misc":{"Dur\u00e9e de lecture estim\u00e9e":"3 minutes"},"schema":{"@context":"https:\/\/schema.org","@graph":[{"@type":"WebPage","@id":"https:\/\/sanremoweekend.it\/holidays-for-couples-in-sanremo\/honeymoon-in-san-remo\/","url":"https:\/\/sanremoweekend.it\/holidays-for-couples-in-sanremo\/honeymoon-in-san-remo\/","name":"Lune de miel \u00e0 San Remo | Sanremo Weekend","isPartOf":{"@id":"https:\/\/sanremoweekend.it\/#website"},"primaryImageOfPage":{"@id":"https:\/\/sanremoweekend.it\/holidays-for-couples-in-sanremo\/honeymoon-in-san-remo\/#primaryimage"},"image":{"@id":"https:\/\/sanremoweekend.it\/holidays-for-couples-in-sanremo\/honeymoon-in-san-remo\/#primaryimage"},"thumbnailUrl":"https:\/\/sanremoweekend.it\/wp-content\/uploads\/2019\/05\/riviera-dei-fiori-passeggiate-coppia-spiaggia.jpg","datePublished":"2016-10-04T19:18:29+00:00","dateModified":"2023-06-20T10:39:58+00:00","description":"R\u00e9servez votre lune de miel \u00e0 San Remo dans notre h\u00f4tel 4 \u00e9toiles, situ\u00e9 dans la magnifique Riviera italienne et \u00e0 proximit\u00e9 de la C\u00f4te d'Azur","breadcrumb":{"@id":"https:\/\/sanremoweekend.it\/holidays-for-couples-in-sanremo\/honeymoon-in-san-remo\/#breadcrumb"},"inLanguage":"fr-FR","potentialAction":[{"@type":"ReadAction","target":["https:\/\/sanremoweekend.it\/holidays-for-couples-in-sanremo\/honeymoon-in-san-remo\/"]}]},{"@type":"ImageObject","inLanguage":"fr-FR","@id":"https:\/\/sanremoweekend.it\/holidays-for-couples-in-sanremo\/honeymoon-in-san-remo\/#primaryimage","url":"https:\/\/sanremoweekend.it\/wp-content\/uploads\/2019\/05\/riviera-dei-fiori-passeggiate-coppia-spiaggia.jpg","contentUrl":"https:\/\/sanremoweekend.it\/wp-content\/uploads\/2019\/05\/riviera-dei-fiori-passeggiate-coppia-spiaggia.jpg","width":960,"height":640,"caption":"VACANCES POUR LES COUPLES"},{"@type":"BreadcrumbList","@id":"https:\/\/sanremoweekend.it\/holidays-for-couples-in-sanremo\/honeymoon-in-san-remo\/#breadcrumb","itemListElement":[{"@type":"ListItem","position":1,"name":"Home","item":"https:\/\/sanremoweekend.it\/fr\/"},{"@type":"ListItem","position":2,"name":"Vacances en amoureux","item":"https:\/\/sanremoweekend.it\/holidays-for-couples-in-sanremo\/"},{"@type":"ListItem","position":3,"name":"Lune de miel \u00e0 San Remo"}]},{"@type":"WebSite","@id":"https:\/\/sanremoweekend.it\/#website","url":"https:\/\/sanremoweekend.it\/","name":"Sanremo Weekend","description":"Hotel 4 \u00e9toiles \u00e0 San Remo","potentialAction":[{"@type":"SearchAction","target":{"@type":"EntryPoint","urlTemplate":"https:\/\/sanremoweekend.it\/?s={search_term_string}"},"query-input":{"@type":"PropertyValueSpecification","valueRequired":true,"valueName":"search_term_string"}}],"inLanguage":"fr-FR"}]}},"_links":{"self":[{"href":"https:\/\/sanremoweekend.it\/fr\/wp-json\/wp\/v2\/pages\/2056","targetHints":{"allow":["GET"]}}],"collection":[{"href":"https:\/\/sanremoweekend.it\/fr\/wp-json\/wp\/v2\/pages"}],"about":[{"href":"https:\/\/sanremoweekend.it\/fr\/wp-json\/wp\/v2\/types\/page"}],"author":[{"embeddable":true,"href":"https:\/\/sanremoweekend.it\/fr\/wp-json\/wp\/v2\/users\/3"}],"replies":[{"embeddable":true,"href":"https:\/\/sanremoweekend.it\/fr\/wp-json\/wp\/v2\/comments?post=2056"}],"version-history":[{"count":0,"href":"https:\/\/sanremoweekend.it\/fr\/wp-json\/wp\/v2\/pages\/2056\/revisions"}],"up":[{"embeddable":true,"href":"https:\/\/sanremoweekend.it\/fr\/wp-json\/wp\/v2\/pages\/4772"}],"wp:featuredmedia":[{"embeddable":true,"href":"https:\/\/sanremoweekend.it\/fr\/wp-json\/wp\/v2\/media\/8812"}],"wp:attachment":[{"href":"https:\/\/sanremoweekend.it\/fr\/wp-json\/wp\/v2\/media?parent=2056"}],"curies":[{"name":"wp","href":"https:\/\/api.w.org\/{rel}","templated":true}]}}