{"id":3305,"date":"2017-02-10T11:26:32","date_gmt":"2017-02-10T10:26:32","guid":{"rendered":"http:\/\/www.nyalahotel.biz\/?page_id=3305\/"},"modified":"2023-06-26T11:53:27","modified_gmt":"2023-06-26T09:53:27","slug":"grands-evenements","status":"publish","type":"page","link":"https:\/\/sanremoweekend.it\/fr\/grands-evenements\/","title":{"rendered":"Les \u00e9v\u00e9nements \u00e0 San Remo"},"content":{"rendered":"<h1 style=\"text-align: center;\">Participez aux meilleurs \u00e9v\u00e9nements de San Remo!<\/h1>\n<h2 style=\"text-align: center;\">Profitez de nos offres sp\u00e9ciales con\u00e7ues pour ceux qui aiment participer aux grands \u00e9v\u00e9nements qui se d\u00e9roulent sur la Riviera italienne et sur la C\u00f4te d&#8217;Azur.<\/h2>\n<h3 style=\"text-align: center;\"><\/h3>\n<p>&nbsp;<\/p>\n","protected":false},"excerpt":{"rendered":"<p>Participez aux meilleurs \u00e9v\u00e9nements de San Remo! Profitez de nos offres sp\u00e9ciales con\u00e7ues pour ceux qui aiment participer aux grands \u00e9v\u00e9nements qui se d\u00e9roulent sur la Riviera italienne et sur la C\u00f4te d&#8217;Azur. &nbsp;<\/p>\n","protected":false},"author":3,"featured_media":11239,"parent":0,"menu_order":0,"comment_status":"open","ping_status":"closed","template":"offer_one_column.php","meta":{"_acf_changed":false,"_et_pb_use_builder":"","_et_pb_old_content":"","_et_gb_content_width":"","footnotes":""},"class_list":["post-3305","page","type-page","status-publish","has-post-thumbnail","hentry"],"acf":[],"yoast_head":"<!-- This site is optimized with the Yoast SEO plugin v27.5 - https:\/\/yoast.com\/product\/yoast-seo-wordpress\/ -->\n<title>Les \u00e9v\u00e9nements \u00e0 San Remo | Sanremo Weekend<\/title>\n<meta name=\"description\" content=\"R\u00e9servez des vacances \u00e0 l&#039;occasion des grands \u00e9v\u00e9nements \u00e0 San Remo et sur la C\u00f4te d&#039;Azur. L&#039;art, la culture, le sport et bien plus encore vous attendent.\" \/>\n<meta name=\"robots\" content=\"index, follow, max-snippet:-1, max-image-preview:large, max-video-preview:-1\" \/>\n<link rel=\"canonical\" href=\"https:\/\/sanremoweekend.it\/events-in-san-remo\/\" \/>\n<meta property=\"og:locale\" content=\"fr_FR\" \/>\n<meta property=\"og:type\" content=\"article\" \/>\n<meta property=\"og:title\" content=\"Les \u00e9v\u00e9nements \u00e0 San Remo | Sanremo Weekend\" \/>\n<meta property=\"og:description\" content=\"R\u00e9servez des vacances \u00e0 l&#039;occasion des grands \u00e9v\u00e9nements \u00e0 San Remo et sur la C\u00f4te d&#039;Azur. L&#039;art, la culture, le sport et bien plus encore vous attendent.\" \/>\n<meta property=\"og:url\" content=\"https:\/\/sanremoweekend.it\/events-in-san-remo\/\" \/>\n<meta property=\"og:site_name\" content=\"Sanremo Weekend\" \/>\n<meta property=\"article:modified_time\" content=\"2023-06-26T09:53:27+00:00\" \/>\n<meta property=\"og:image\" content=\"https:\/\/sanremoweekend.it\/wp-content\/uploads\/2023\/06\/pexels-towfiqu-barbhuiya-11363590.jpg\" \/>\n\t<meta property=\"og:image:width\" content=\"1920\" \/>\n\t<meta property=\"og:image:height\" content=\"1281\" \/>\n\t<meta property=\"og:image:type\" content=\"image\/jpeg\" \/>\n<meta name=\"twitter:card\" content=\"summary_large_image\" \/>\n<meta name=\"twitter:label1\" content=\"Dur\u00e9e de lecture estim\u00e9e\" \/>\n\t<meta name=\"twitter:data1\" content=\"1 minute\" \/>\n<script type=\"application\/ld+json\" class=\"yoast-schema-graph\">{\"@context\":\"https:\\\/\\\/schema.org\",\"@graph\":[{\"@type\":\"WebPage\",\"@id\":\"https:\\\/\\\/sanremoweekend.it\\\/events-in-san-remo\\\/\",\"url\":\"https:\\\/\\\/sanremoweekend.it\\\/events-in-san-remo\\\/\",\"name\":\"Les \u00e9v\u00e9nements \u00e0 San Remo | Sanremo Weekend\",\"isPartOf\":{\"@id\":\"https:\\\/\\\/sanremoweekend.it\\\/#website\"},\"primaryImageOfPage\":{\"@id\":\"https:\\\/\\\/sanremoweekend.it\\\/events-in-san-remo\\\/#primaryimage\"},\"image\":{\"@id\":\"https:\\\/\\\/sanremoweekend.it\\\/events-in-san-remo\\\/#primaryimage\"},\"thumbnailUrl\":\"https:\\\/\\\/sanremoweekend.it\\\/wp-content\\\/uploads\\\/2023\\\/06\\\/pexels-towfiqu-barbhuiya-11363590.jpg\",\"datePublished\":\"2017-02-10T10:26:32+00:00\",\"dateModified\":\"2023-06-26T09:53:27+00:00\",\"description\":\"R\u00e9servez des vacances \u00e0 l'occasion des grands \u00e9v\u00e9nements \u00e0 San Remo et sur la C\u00f4te d'Azur. L'art, la culture, le sport et bien plus encore vous attendent.\",\"breadcrumb\":{\"@id\":\"https:\\\/\\\/sanremoweekend.it\\\/events-in-san-remo\\\/#breadcrumb\"},\"inLanguage\":\"fr-FR\",\"potentialAction\":[{\"@type\":\"ReadAction\",\"target\":[\"https:\\\/\\\/sanremoweekend.it\\\/events-in-san-remo\\\/\"]}]},{\"@type\":\"ImageObject\",\"inLanguage\":\"fr-FR\",\"@id\":\"https:\\\/\\\/sanremoweekend.it\\\/events-in-san-remo\\\/#primaryimage\",\"url\":\"https:\\\/\\\/sanremoweekend.it\\\/wp-content\\\/uploads\\\/2023\\\/06\\\/pexels-towfiqu-barbhuiya-11363590.jpg\",\"contentUrl\":\"https:\\\/\\\/sanremoweekend.it\\\/wp-content\\\/uploads\\\/2023\\\/06\\\/pexels-towfiqu-barbhuiya-11363590.jpg\",\"width\":1920,\"height\":1281,\"caption\":\"Les \u00e9v\u00e9nements \u00e0 San Remo\"},{\"@type\":\"BreadcrumbList\",\"@id\":\"https:\\\/\\\/sanremoweekend.it\\\/events-in-san-remo\\\/#breadcrumb\",\"itemListElement\":[{\"@type\":\"ListItem\",\"position\":1,\"name\":\"Home\",\"item\":\"https:\\\/\\\/sanremoweekend.it\\\/fr\\\/\"},{\"@type\":\"ListItem\",\"position\":2,\"name\":\"Les \u00e9v\u00e9nements \u00e0 San Remo\"}]},{\"@type\":\"WebSite\",\"@id\":\"https:\\\/\\\/sanremoweekend.it\\\/#website\",\"url\":\"https:\\\/\\\/sanremoweekend.it\\\/\",\"name\":\"Sanremo Weekend\",\"description\":\"Hotel 4 \u00e9toiles \u00e0 San Remo\",\"potentialAction\":[{\"@type\":\"SearchAction\",\"target\":{\"@type\":\"EntryPoint\",\"urlTemplate\":\"https:\\\/\\\/sanremoweekend.it\\\/?s={search_term_string}\"},\"query-input\":{\"@type\":\"PropertyValueSpecification\",\"valueRequired\":true,\"valueName\":\"search_term_string\"}}],\"inLanguage\":\"fr-FR\"}]}<\/script>\n<!-- \/ Yoast SEO plugin. -->","yoast_head_json":{"title":"Les \u00e9v\u00e9nements \u00e0 San Remo | Sanremo Weekend","description":"R\u00e9servez des vacances \u00e0 l'occasion des grands \u00e9v\u00e9nements \u00e0 San Remo et sur la C\u00f4te d'Azur. L'art, la culture, le sport et bien plus encore vous attendent.","robots":{"index":"index","follow":"follow","max-snippet":"max-snippet:-1","max-image-preview":"max-image-preview:large","max-video-preview":"max-video-preview:-1"},"canonical":"https:\/\/sanremoweekend.it\/events-in-san-remo\/","og_locale":"fr_FR","og_type":"article","og_title":"Les \u00e9v\u00e9nements \u00e0 San Remo | Sanremo Weekend","og_description":"R\u00e9servez des vacances \u00e0 l'occasion des grands \u00e9v\u00e9nements \u00e0 San Remo et sur la C\u00f4te d'Azur. L'art, la culture, le sport et bien plus encore vous attendent.","og_url":"https:\/\/sanremoweekend.it\/events-in-san-remo\/","og_site_name":"Sanremo Weekend","article_modified_time":"2023-06-26T09:53:27+00:00","og_image":[{"width":1920,"height":1281,"url":"https:\/\/sanremoweekend.it\/wp-content\/uploads\/2023\/06\/pexels-towfiqu-barbhuiya-11363590.jpg","type":"image\/jpeg"}],"twitter_card":"summary_large_image","twitter_misc":{"Dur\u00e9e de lecture estim\u00e9e":"1 minute"},"schema":{"@context":"https:\/\/schema.org","@graph":[{"@type":"WebPage","@id":"https:\/\/sanremoweekend.it\/events-in-san-remo\/","url":"https:\/\/sanremoweekend.it\/events-in-san-remo\/","name":"Les \u00e9v\u00e9nements \u00e0 San Remo | Sanremo Weekend","isPartOf":{"@id":"https:\/\/sanremoweekend.it\/#website"},"primaryImageOfPage":{"@id":"https:\/\/sanremoweekend.it\/events-in-san-remo\/#primaryimage"},"image":{"@id":"https:\/\/sanremoweekend.it\/events-in-san-remo\/#primaryimage"},"thumbnailUrl":"https:\/\/sanremoweekend.it\/wp-content\/uploads\/2023\/06\/pexels-towfiqu-barbhuiya-11363590.jpg","datePublished":"2017-02-10T10:26:32+00:00","dateModified":"2023-06-26T09:53:27+00:00","description":"R\u00e9servez des vacances \u00e0 l'occasion des grands \u00e9v\u00e9nements \u00e0 San Remo et sur la C\u00f4te d'Azur. L'art, la culture, le sport et bien plus encore vous attendent.","breadcrumb":{"@id":"https:\/\/sanremoweekend.it\/events-in-san-remo\/#breadcrumb"},"inLanguage":"fr-FR","potentialAction":[{"@type":"ReadAction","target":["https:\/\/sanremoweekend.it\/events-in-san-remo\/"]}]},{"@type":"ImageObject","inLanguage":"fr-FR","@id":"https:\/\/sanremoweekend.it\/events-in-san-remo\/#primaryimage","url":"https:\/\/sanremoweekend.it\/wp-content\/uploads\/2023\/06\/pexels-towfiqu-barbhuiya-11363590.jpg","contentUrl":"https:\/\/sanremoweekend.it\/wp-content\/uploads\/2023\/06\/pexels-towfiqu-barbhuiya-11363590.jpg","width":1920,"height":1281,"caption":"Les \u00e9v\u00e9nements \u00e0 San Remo"},{"@type":"BreadcrumbList","@id":"https:\/\/sanremoweekend.it\/events-in-san-remo\/#breadcrumb","itemListElement":[{"@type":"ListItem","position":1,"name":"Home","item":"https:\/\/sanremoweekend.it\/fr\/"},{"@type":"ListItem","position":2,"name":"Les \u00e9v\u00e9nements \u00e0 San Remo"}]},{"@type":"WebSite","@id":"https:\/\/sanremoweekend.it\/#website","url":"https:\/\/sanremoweekend.it\/","name":"Sanremo Weekend","description":"Hotel 4 \u00e9toiles \u00e0 San Remo","potentialAction":[{"@type":"SearchAction","target":{"@type":"EntryPoint","urlTemplate":"https:\/\/sanremoweekend.it\/?s={search_term_string}"},"query-input":{"@type":"PropertyValueSpecification","valueRequired":true,"valueName":"search_term_string"}}],"inLanguage":"fr-FR"}]}},"_links":{"self":[{"href":"https:\/\/sanremoweekend.it\/fr\/wp-json\/wp\/v2\/pages\/3305","targetHints":{"allow":["GET"]}}],"collection":[{"href":"https:\/\/sanremoweekend.it\/fr\/wp-json\/wp\/v2\/pages"}],"about":[{"href":"https:\/\/sanremoweekend.it\/fr\/wp-json\/wp\/v2\/types\/page"}],"author":[{"embeddable":true,"href":"https:\/\/sanremoweekend.it\/fr\/wp-json\/wp\/v2\/users\/3"}],"replies":[{"embeddable":true,"href":"https:\/\/sanremoweekend.it\/fr\/wp-json\/wp\/v2\/comments?post=3305"}],"version-history":[{"count":0,"href":"https:\/\/sanremoweekend.it\/fr\/wp-json\/wp\/v2\/pages\/3305\/revisions"}],"wp:featuredmedia":[{"embeddable":true,"href":"https:\/\/sanremoweekend.it\/fr\/wp-json\/wp\/v2\/media\/11239"}],"wp:attachment":[{"href":"https:\/\/sanremoweekend.it\/fr\/wp-json\/wp\/v2\/media?parent=3305"}],"curies":[{"name":"wp","href":"https:\/\/api.w.org\/{rel}","templated":true}]}}