{"id":4743,"date":"2017-05-24T12:15:29","date_gmt":"2017-05-24T10:15:29","guid":{"rendered":"http:\/\/www.nyalahotel.biz\/?page_id=4743\/"},"modified":"2023-06-20T11:59:14","modified_gmt":"2023-06-20T09:59:14","slug":"sport-a-san-remo","status":"publish","type":"page","link":"https:\/\/sanremoweekend.it\/fr\/sport-a-san-remo\/","title":{"rendered":"Sport \u00e0 San Remo"},"content":{"rendered":"<h2 style=\"text-align: center;\">Sport \u00e0 San Remo : une salle de sport \u00e0 ciel ouvert<\/h2>\n<p style=\"text-align: justify;\">Le climat doux de la Riviera permet \u00e0 nos h\u00f4tes de pratiquer leur disciplines favorites tout au long de l&#8217;ann\u00e9e et \u00e0 ciel ouvert en profitant d&#8217;une grande gamme de structures de premier choix et de d\u00e9cors naturels incomparables. Amusez-vous \u00e0 faire du sport \u00e0 San Remo!<strong> Le Nyala Hotel propose \u00e0 ses clients &#8220;amateurs de sport&#8221; une gamme int\u00e9ressante d&#8217;offres d\u00e9di\u00e9es.<\/strong><\/p>\n<p style=\"text-align: center;\">\n","protected":false},"excerpt":{"rendered":"<p>Sport \u00e0 San Remo : une salle de sport \u00e0 ciel ouvert Le climat doux de la Riviera permet \u00e0 nos h\u00f4tes de pratiquer leur disciplines favorites tout au long de l&#8217;ann\u00e9e et \u00e0 ciel ouvert en profitant d&#8217;une grande gamme de structures de premier choix et de d\u00e9cors naturels incomparables. Amusez-vous \u00e0 faire du [&hellip;]<\/p>\n","protected":false},"author":3,"featured_media":9517,"parent":0,"menu_order":0,"comment_status":"open","ping_status":"closed","template":"offer_one_column.php","meta":{"_acf_changed":false,"_et_pb_use_builder":"","_et_pb_old_content":"","_et_gb_content_width":"","footnotes":""},"class_list":["post-4743","page","type-page","status-publish","has-post-thumbnail","hentry"],"acf":[],"yoast_head":"<!-- This site is optimized with the Yoast SEO plugin v27.5 - https:\/\/yoast.com\/product\/yoast-seo-wordpress\/ -->\n<title>Sport \u00e0 San Remo | Sanremo Weekend<\/title>\n<meta name=\"description\" content=\"Sport \u00e0 San Remo: une salle de sport \u00e0 ciel ouvert! Profitez de vos vacances \u00e0 San Remo avec nos forfaits weekend sportifs.\" \/>\n<meta name=\"robots\" content=\"index, follow, max-snippet:-1, max-image-preview:large, max-video-preview:-1\" \/>\n<link rel=\"canonical\" href=\"https:\/\/sanremoweekend.it\/sports-weekend-in-san-remo\/\" \/>\n<meta property=\"og:locale\" content=\"fr_FR\" \/>\n<meta property=\"og:type\" content=\"article\" \/>\n<meta property=\"og:title\" content=\"Sport \u00e0 San Remo | Sanremo Weekend\" \/>\n<meta property=\"og:description\" content=\"Sport \u00e0 San Remo: une salle de sport \u00e0 ciel ouvert! Profitez de vos vacances \u00e0 San Remo avec nos forfaits weekend sportifs.\" \/>\n<meta property=\"og:url\" content=\"https:\/\/sanremoweekend.it\/sports-weekend-in-san-remo\/\" \/>\n<meta property=\"og:site_name\" content=\"Sanremo Weekend\" \/>\n<meta property=\"article:modified_time\" content=\"2023-06-20T09:59:14+00:00\" \/>\n<meta property=\"og:image\" content=\"https:\/\/sanremoweekend.it\/wp-content\/uploads\/2015\/04\/attivit\u00e0sportiva.jpg\" \/>\n\t<meta property=\"og:image:width\" content=\"1620\" \/>\n\t<meta property=\"og:image:height\" content=\"1080\" \/>\n\t<meta property=\"og:image:type\" content=\"image\/jpeg\" \/>\n<meta name=\"twitter:card\" content=\"summary_large_image\" \/>\n<meta name=\"twitter:label1\" content=\"Dur\u00e9e de lecture estim\u00e9e\" \/>\n\t<meta name=\"twitter:data1\" content=\"1 minute\" \/>\n<script type=\"application\/ld+json\" class=\"yoast-schema-graph\">{\"@context\":\"https:\\\/\\\/schema.org\",\"@graph\":[{\"@type\":\"WebPage\",\"@id\":\"https:\\\/\\\/sanremoweekend.it\\\/sports-weekend-in-san-remo\\\/\",\"url\":\"https:\\\/\\\/sanremoweekend.it\\\/sports-weekend-in-san-remo\\\/\",\"name\":\"Sport \u00e0 San Remo | Sanremo Weekend\",\"isPartOf\":{\"@id\":\"https:\\\/\\\/sanremoweekend.it\\\/#website\"},\"primaryImageOfPage\":{\"@id\":\"https:\\\/\\\/sanremoweekend.it\\\/sports-weekend-in-san-remo\\\/#primaryimage\"},\"image\":{\"@id\":\"https:\\\/\\\/sanremoweekend.it\\\/sports-weekend-in-san-remo\\\/#primaryimage\"},\"thumbnailUrl\":\"https:\\\/\\\/sanremoweekend.it\\\/wp-content\\\/uploads\\\/2015\\\/04\\\/attivit\u00e0sportiva.jpg\",\"datePublished\":\"2017-05-24T10:15:29+00:00\",\"dateModified\":\"2023-06-20T09:59:14+00:00\",\"description\":\"Sport \u00e0 San Remo: une salle de sport \u00e0 ciel ouvert! Profitez de vos vacances \u00e0 San Remo avec nos forfaits weekend sportifs.\",\"breadcrumb\":{\"@id\":\"https:\\\/\\\/sanremoweekend.it\\\/sports-weekend-in-san-remo\\\/#breadcrumb\"},\"inLanguage\":\"fr-FR\",\"potentialAction\":[{\"@type\":\"ReadAction\",\"target\":[\"https:\\\/\\\/sanremoweekend.it\\\/sports-weekend-in-san-remo\\\/\"]}]},{\"@type\":\"ImageObject\",\"inLanguage\":\"fr-FR\",\"@id\":\"https:\\\/\\\/sanremoweekend.it\\\/sports-weekend-in-san-remo\\\/#primaryimage\",\"url\":\"https:\\\/\\\/sanremoweekend.it\\\/wp-content\\\/uploads\\\/2015\\\/04\\\/attivit\u00e0sportiva.jpg\",\"contentUrl\":\"https:\\\/\\\/sanremoweekend.it\\\/wp-content\\\/uploads\\\/2015\\\/04\\\/attivit\u00e0sportiva.jpg\",\"width\":1620,\"height\":1080,\"caption\":\"Sport \u00e0 San Remo\"},{\"@type\":\"BreadcrumbList\",\"@id\":\"https:\\\/\\\/sanremoweekend.it\\\/sports-weekend-in-san-remo\\\/#breadcrumb\",\"itemListElement\":[{\"@type\":\"ListItem\",\"position\":1,\"name\":\"Home\",\"item\":\"https:\\\/\\\/sanremoweekend.it\\\/fr\\\/\"},{\"@type\":\"ListItem\",\"position\":2,\"name\":\"Sport \u00e0 San Remo\"}]},{\"@type\":\"WebSite\",\"@id\":\"https:\\\/\\\/sanremoweekend.it\\\/#website\",\"url\":\"https:\\\/\\\/sanremoweekend.it\\\/\",\"name\":\"Sanremo Weekend\",\"description\":\"Hotel 4 \u00e9toiles \u00e0 San Remo\",\"potentialAction\":[{\"@type\":\"SearchAction\",\"target\":{\"@type\":\"EntryPoint\",\"urlTemplate\":\"https:\\\/\\\/sanremoweekend.it\\\/?s={search_term_string}\"},\"query-input\":{\"@type\":\"PropertyValueSpecification\",\"valueRequired\":true,\"valueName\":\"search_term_string\"}}],\"inLanguage\":\"fr-FR\"}]}<\/script>\n<!-- \/ Yoast SEO plugin. -->","yoast_head_json":{"title":"Sport \u00e0 San Remo | Sanremo Weekend","description":"Sport \u00e0 San Remo: une salle de sport \u00e0 ciel ouvert! Profitez de vos vacances \u00e0 San Remo avec nos forfaits weekend sportifs.","robots":{"index":"index","follow":"follow","max-snippet":"max-snippet:-1","max-image-preview":"max-image-preview:large","max-video-preview":"max-video-preview:-1"},"canonical":"https:\/\/sanremoweekend.it\/sports-weekend-in-san-remo\/","og_locale":"fr_FR","og_type":"article","og_title":"Sport \u00e0 San Remo | Sanremo Weekend","og_description":"Sport \u00e0 San Remo: une salle de sport \u00e0 ciel ouvert! Profitez de vos vacances \u00e0 San Remo avec nos forfaits weekend sportifs.","og_url":"https:\/\/sanremoweekend.it\/sports-weekend-in-san-remo\/","og_site_name":"Sanremo Weekend","article_modified_time":"2023-06-20T09:59:14+00:00","og_image":[{"width":1620,"height":1080,"url":"https:\/\/sanremoweekend.it\/wp-content\/uploads\/2015\/04\/attivit\u00e0sportiva.jpg","type":"image\/jpeg"}],"twitter_card":"summary_large_image","twitter_misc":{"Dur\u00e9e de lecture estim\u00e9e":"1 minute"},"schema":{"@context":"https:\/\/schema.org","@graph":[{"@type":"WebPage","@id":"https:\/\/sanremoweekend.it\/sports-weekend-in-san-remo\/","url":"https:\/\/sanremoweekend.it\/sports-weekend-in-san-remo\/","name":"Sport \u00e0 San Remo | Sanremo Weekend","isPartOf":{"@id":"https:\/\/sanremoweekend.it\/#website"},"primaryImageOfPage":{"@id":"https:\/\/sanremoweekend.it\/sports-weekend-in-san-remo\/#primaryimage"},"image":{"@id":"https:\/\/sanremoweekend.it\/sports-weekend-in-san-remo\/#primaryimage"},"thumbnailUrl":"https:\/\/sanremoweekend.it\/wp-content\/uploads\/2015\/04\/attivit\u00e0sportiva.jpg","datePublished":"2017-05-24T10:15:29+00:00","dateModified":"2023-06-20T09:59:14+00:00","description":"Sport \u00e0 San Remo: une salle de sport \u00e0 ciel ouvert! Profitez de vos vacances \u00e0 San Remo avec nos forfaits weekend sportifs.","breadcrumb":{"@id":"https:\/\/sanremoweekend.it\/sports-weekend-in-san-remo\/#breadcrumb"},"inLanguage":"fr-FR","potentialAction":[{"@type":"ReadAction","target":["https:\/\/sanremoweekend.it\/sports-weekend-in-san-remo\/"]}]},{"@type":"ImageObject","inLanguage":"fr-FR","@id":"https:\/\/sanremoweekend.it\/sports-weekend-in-san-remo\/#primaryimage","url":"https:\/\/sanremoweekend.it\/wp-content\/uploads\/2015\/04\/attivit\u00e0sportiva.jpg","contentUrl":"https:\/\/sanremoweekend.it\/wp-content\/uploads\/2015\/04\/attivit\u00e0sportiva.jpg","width":1620,"height":1080,"caption":"Sport \u00e0 San Remo"},{"@type":"BreadcrumbList","@id":"https:\/\/sanremoweekend.it\/sports-weekend-in-san-remo\/#breadcrumb","itemListElement":[{"@type":"ListItem","position":1,"name":"Home","item":"https:\/\/sanremoweekend.it\/fr\/"},{"@type":"ListItem","position":2,"name":"Sport \u00e0 San Remo"}]},{"@type":"WebSite","@id":"https:\/\/sanremoweekend.it\/#website","url":"https:\/\/sanremoweekend.it\/","name":"Sanremo Weekend","description":"Hotel 4 \u00e9toiles \u00e0 San Remo","potentialAction":[{"@type":"SearchAction","target":{"@type":"EntryPoint","urlTemplate":"https:\/\/sanremoweekend.it\/?s={search_term_string}"},"query-input":{"@type":"PropertyValueSpecification","valueRequired":true,"valueName":"search_term_string"}}],"inLanguage":"fr-FR"}]}},"_links":{"self":[{"href":"https:\/\/sanremoweekend.it\/fr\/wp-json\/wp\/v2\/pages\/4743","targetHints":{"allow":["GET"]}}],"collection":[{"href":"https:\/\/sanremoweekend.it\/fr\/wp-json\/wp\/v2\/pages"}],"about":[{"href":"https:\/\/sanremoweekend.it\/fr\/wp-json\/wp\/v2\/types\/page"}],"author":[{"embeddable":true,"href":"https:\/\/sanremoweekend.it\/fr\/wp-json\/wp\/v2\/users\/3"}],"replies":[{"embeddable":true,"href":"https:\/\/sanremoweekend.it\/fr\/wp-json\/wp\/v2\/comments?post=4743"}],"version-history":[{"count":0,"href":"https:\/\/sanremoweekend.it\/fr\/wp-json\/wp\/v2\/pages\/4743\/revisions"}],"wp:featuredmedia":[{"embeddable":true,"href":"https:\/\/sanremoweekend.it\/fr\/wp-json\/wp\/v2\/media\/9517"}],"wp:attachment":[{"href":"https:\/\/sanremoweekend.it\/fr\/wp-json\/wp\/v2\/media?parent=4743"}],"curies":[{"name":"wp","href":"https:\/\/api.w.org\/{rel}","templated":true}]}}