{"id":4772,"date":"2017-05-24T14:49:40","date_gmt":"2017-05-24T12:49:40","guid":{"rendered":"http:\/\/www.nyalahotel.biz\/?page_id=4772\/"},"modified":"2023-06-20T12:27:15","modified_gmt":"2023-06-20T10:27:15","slug":"vacances-couples","status":"publish","type":"page","link":"https:\/\/sanremoweekend.it\/fr\/vacances-couples\/","title":{"rendered":"Vacances en amoureux"},"content":{"rendered":"<h2 style=\"text-align: center;\">R\u00e9servez vos vacances en amoureux dans notre h\u00f4tel \u00e0 San Remo<\/h2>\n<p style=\"text-align: center; font-size: 18px;\">Tout au long de l\u2019ann\u00e9e San Remo est une des meilleures destinations, avec un large \u00e9ventail d&#8217;activit\u00e9s qui vont bien au-del\u00e0 de simples distractions de vacances en bord de mer. Shopping et \u00e9v\u00e9nements culturels sont d&#8217;actualit\u00e9 toute l\u2019ann\u00e9e.<\/p>\n<p style=\"text-align: center; font-size: 18px;\">Une escapade romantique \u00e0 San Remo est l\u2019occasion id\u00e9ale pour se d\u00e9tendre et se divertir, c\u2019est pourquoi nous avons pr\u00e9par\u00e9 une large gamme d&#8217;activit\u00e9s d\u00e9di\u00e9es aux couples.<\/p>\n","protected":false},"excerpt":{"rendered":"<p>R\u00e9servez vos vacances en amoureux dans notre h\u00f4tel \u00e0 San Remo Tout au long de l\u2019ann\u00e9e San Remo est une des meilleures destinations, avec un large \u00e9ventail d&#8217;activit\u00e9s qui vont bien au-del\u00e0 de simples distractions de vacances en bord de mer. Shopping et \u00e9v\u00e9nements culturels sont d&#8217;actualit\u00e9 toute l\u2019ann\u00e9e. Une escapade romantique \u00e0 San Remo [&hellip;]<\/p>\n","protected":false},"author":3,"featured_media":9793,"parent":0,"menu_order":0,"comment_status":"open","ping_status":"closed","template":"offer_one_column.php","meta":{"_acf_changed":false,"_et_pb_use_builder":"","_et_pb_old_content":"","_et_gb_content_width":"","footnotes":""},"class_list":["post-4772","page","type-page","status-publish","has-post-thumbnail","hentry"],"acf":[],"yoast_head":"<!-- This site is optimized with the Yoast SEO plugin v27.5 - https:\/\/yoast.com\/product\/yoast-seo-wordpress\/ -->\n<title>Vacances en amoureux | Sanremo Weekend<\/title>\n<meta name=\"description\" content=\"R\u00e9servez des vacances en amoureux dans notre h\u00f4tel \u00e0 Sanremo et d\u00e9couvrez nos forfaits romantiques incluant week-ends et lunes de miel.\" \/>\n<meta name=\"robots\" content=\"index, follow, max-snippet:-1, max-image-preview:large, max-video-preview:-1\" \/>\n<link rel=\"canonical\" href=\"https:\/\/sanremoweekend.it\/holidays-for-couples-in-sanremo\/\" \/>\n<meta property=\"og:locale\" content=\"fr_FR\" \/>\n<meta property=\"og:type\" content=\"article\" \/>\n<meta property=\"og:title\" content=\"Vacances en amoureux | Sanremo Weekend\" \/>\n<meta property=\"og:description\" content=\"R\u00e9servez des vacances en amoureux dans notre h\u00f4tel \u00e0 Sanremo et d\u00e9couvrez nos forfaits romantiques incluant week-ends et lunes de miel.\" \/>\n<meta property=\"og:url\" content=\"https:\/\/sanremoweekend.it\/holidays-for-couples-in-sanremo\/\" \/>\n<meta property=\"og:site_name\" content=\"Sanremo Weekend\" \/>\n<meta property=\"article:modified_time\" content=\"2023-06-20T10:27:15+00:00\" \/>\n<meta property=\"og:image\" content=\"https:\/\/sanremoweekend.it\/wp-content\/uploads\/2016\/08\/nyala-9.jpg\" \/>\n\t<meta property=\"og:image:width\" content=\"1620\" \/>\n\t<meta property=\"og:image:height\" content=\"1080\" \/>\n\t<meta property=\"og:image:type\" content=\"image\/jpeg\" \/>\n<meta name=\"twitter:card\" content=\"summary_large_image\" \/>\n<meta name=\"twitter:label1\" content=\"Dur\u00e9e de lecture estim\u00e9e\" \/>\n\t<meta name=\"twitter:data1\" content=\"1 minute\" \/>\n<script type=\"application\/ld+json\" class=\"yoast-schema-graph\">{\"@context\":\"https:\\\/\\\/schema.org\",\"@graph\":[{\"@type\":\"WebPage\",\"@id\":\"https:\\\/\\\/sanremoweekend.it\\\/holidays-for-couples-in-sanremo\\\/\",\"url\":\"https:\\\/\\\/sanremoweekend.it\\\/holidays-for-couples-in-sanremo\\\/\",\"name\":\"Vacances en amoureux | Sanremo Weekend\",\"isPartOf\":{\"@id\":\"https:\\\/\\\/sanremoweekend.it\\\/#website\"},\"primaryImageOfPage\":{\"@id\":\"https:\\\/\\\/sanremoweekend.it\\\/holidays-for-couples-in-sanremo\\\/#primaryimage\"},\"image\":{\"@id\":\"https:\\\/\\\/sanremoweekend.it\\\/holidays-for-couples-in-sanremo\\\/#primaryimage\"},\"thumbnailUrl\":\"https:\\\/\\\/sanremoweekend.it\\\/wp-content\\\/uploads\\\/2016\\\/08\\\/nyala-9.jpg\",\"datePublished\":\"2017-05-24T12:49:40+00:00\",\"dateModified\":\"2023-06-20T10:27:15+00:00\",\"description\":\"R\u00e9servez des vacances en amoureux dans notre h\u00f4tel \u00e0 Sanremo et d\u00e9couvrez nos forfaits romantiques incluant week-ends et lunes de miel.\",\"breadcrumb\":{\"@id\":\"https:\\\/\\\/sanremoweekend.it\\\/holidays-for-couples-in-sanremo\\\/#breadcrumb\"},\"inLanguage\":\"fr-FR\",\"potentialAction\":[{\"@type\":\"ReadAction\",\"target\":[\"https:\\\/\\\/sanremoweekend.it\\\/holidays-for-couples-in-sanremo\\\/\"]}]},{\"@type\":\"ImageObject\",\"inLanguage\":\"fr-FR\",\"@id\":\"https:\\\/\\\/sanremoweekend.it\\\/holidays-for-couples-in-sanremo\\\/#primaryimage\",\"url\":\"https:\\\/\\\/sanremoweekend.it\\\/wp-content\\\/uploads\\\/2016\\\/08\\\/nyala-9.jpg\",\"contentUrl\":\"https:\\\/\\\/sanremoweekend.it\\\/wp-content\\\/uploads\\\/2016\\\/08\\\/nyala-9.jpg\",\"width\":1620,\"height\":1080,\"caption\":\"Vacances en amoureux\"},{\"@type\":\"BreadcrumbList\",\"@id\":\"https:\\\/\\\/sanremoweekend.it\\\/holidays-for-couples-in-sanremo\\\/#breadcrumb\",\"itemListElement\":[{\"@type\":\"ListItem\",\"position\":1,\"name\":\"Home\",\"item\":\"https:\\\/\\\/sanremoweekend.it\\\/fr\\\/\"},{\"@type\":\"ListItem\",\"position\":2,\"name\":\"Vacances en amoureux\"}]},{\"@type\":\"WebSite\",\"@id\":\"https:\\\/\\\/sanremoweekend.it\\\/#website\",\"url\":\"https:\\\/\\\/sanremoweekend.it\\\/\",\"name\":\"Sanremo Weekend\",\"description\":\"Hotel 4 \u00e9toiles \u00e0 San Remo\",\"potentialAction\":[{\"@type\":\"SearchAction\",\"target\":{\"@type\":\"EntryPoint\",\"urlTemplate\":\"https:\\\/\\\/sanremoweekend.it\\\/?s={search_term_string}\"},\"query-input\":{\"@type\":\"PropertyValueSpecification\",\"valueRequired\":true,\"valueName\":\"search_term_string\"}}],\"inLanguage\":\"fr-FR\"}]}<\/script>\n<!-- \/ Yoast SEO plugin. -->","yoast_head_json":{"title":"Vacances en amoureux | Sanremo Weekend","description":"R\u00e9servez des vacances en amoureux dans notre h\u00f4tel \u00e0 Sanremo et d\u00e9couvrez nos forfaits romantiques incluant week-ends et lunes de miel.","robots":{"index":"index","follow":"follow","max-snippet":"max-snippet:-1","max-image-preview":"max-image-preview:large","max-video-preview":"max-video-preview:-1"},"canonical":"https:\/\/sanremoweekend.it\/holidays-for-couples-in-sanremo\/","og_locale":"fr_FR","og_type":"article","og_title":"Vacances en amoureux | Sanremo Weekend","og_description":"R\u00e9servez des vacances en amoureux dans notre h\u00f4tel \u00e0 Sanremo et d\u00e9couvrez nos forfaits romantiques incluant week-ends et lunes de miel.","og_url":"https:\/\/sanremoweekend.it\/holidays-for-couples-in-sanremo\/","og_site_name":"Sanremo Weekend","article_modified_time":"2023-06-20T10:27:15+00:00","og_image":[{"width":1620,"height":1080,"url":"https:\/\/sanremoweekend.it\/wp-content\/uploads\/2016\/08\/nyala-9.jpg","type":"image\/jpeg"}],"twitter_card":"summary_large_image","twitter_misc":{"Dur\u00e9e de lecture estim\u00e9e":"1 minute"},"schema":{"@context":"https:\/\/schema.org","@graph":[{"@type":"WebPage","@id":"https:\/\/sanremoweekend.it\/holidays-for-couples-in-sanremo\/","url":"https:\/\/sanremoweekend.it\/holidays-for-couples-in-sanremo\/","name":"Vacances en amoureux | Sanremo Weekend","isPartOf":{"@id":"https:\/\/sanremoweekend.it\/#website"},"primaryImageOfPage":{"@id":"https:\/\/sanremoweekend.it\/holidays-for-couples-in-sanremo\/#primaryimage"},"image":{"@id":"https:\/\/sanremoweekend.it\/holidays-for-couples-in-sanremo\/#primaryimage"},"thumbnailUrl":"https:\/\/sanremoweekend.it\/wp-content\/uploads\/2016\/08\/nyala-9.jpg","datePublished":"2017-05-24T12:49:40+00:00","dateModified":"2023-06-20T10:27:15+00:00","description":"R\u00e9servez des vacances en amoureux dans notre h\u00f4tel \u00e0 Sanremo et d\u00e9couvrez nos forfaits romantiques incluant week-ends et lunes de miel.","breadcrumb":{"@id":"https:\/\/sanremoweekend.it\/holidays-for-couples-in-sanremo\/#breadcrumb"},"inLanguage":"fr-FR","potentialAction":[{"@type":"ReadAction","target":["https:\/\/sanremoweekend.it\/holidays-for-couples-in-sanremo\/"]}]},{"@type":"ImageObject","inLanguage":"fr-FR","@id":"https:\/\/sanremoweekend.it\/holidays-for-couples-in-sanremo\/#primaryimage","url":"https:\/\/sanremoweekend.it\/wp-content\/uploads\/2016\/08\/nyala-9.jpg","contentUrl":"https:\/\/sanremoweekend.it\/wp-content\/uploads\/2016\/08\/nyala-9.jpg","width":1620,"height":1080,"caption":"Vacances en amoureux"},{"@type":"BreadcrumbList","@id":"https:\/\/sanremoweekend.it\/holidays-for-couples-in-sanremo\/#breadcrumb","itemListElement":[{"@type":"ListItem","position":1,"name":"Home","item":"https:\/\/sanremoweekend.it\/fr\/"},{"@type":"ListItem","position":2,"name":"Vacances en amoureux"}]},{"@type":"WebSite","@id":"https:\/\/sanremoweekend.it\/#website","url":"https:\/\/sanremoweekend.it\/","name":"Sanremo Weekend","description":"Hotel 4 \u00e9toiles \u00e0 San Remo","potentialAction":[{"@type":"SearchAction","target":{"@type":"EntryPoint","urlTemplate":"https:\/\/sanremoweekend.it\/?s={search_term_string}"},"query-input":{"@type":"PropertyValueSpecification","valueRequired":true,"valueName":"search_term_string"}}],"inLanguage":"fr-FR"}]}},"_links":{"self":[{"href":"https:\/\/sanremoweekend.it\/fr\/wp-json\/wp\/v2\/pages\/4772","targetHints":{"allow":["GET"]}}],"collection":[{"href":"https:\/\/sanremoweekend.it\/fr\/wp-json\/wp\/v2\/pages"}],"about":[{"href":"https:\/\/sanremoweekend.it\/fr\/wp-json\/wp\/v2\/types\/page"}],"author":[{"embeddable":true,"href":"https:\/\/sanremoweekend.it\/fr\/wp-json\/wp\/v2\/users\/3"}],"replies":[{"embeddable":true,"href":"https:\/\/sanremoweekend.it\/fr\/wp-json\/wp\/v2\/comments?post=4772"}],"version-history":[{"count":0,"href":"https:\/\/sanremoweekend.it\/fr\/wp-json\/wp\/v2\/pages\/4772\/revisions"}],"wp:featuredmedia":[{"embeddable":true,"href":"https:\/\/sanremoweekend.it\/fr\/wp-json\/wp\/v2\/media\/9793"}],"wp:attachment":[{"href":"https:\/\/sanremoweekend.it\/fr\/wp-json\/wp\/v2\/media?parent=4772"}],"curies":[{"name":"wp","href":"https:\/\/api.w.org\/{rel}","templated":true}]}}