{"id":4775,"date":"2017-05-24T14:53:37","date_gmt":"2017-05-24T12:53:37","guid":{"rendered":"http:\/\/www.nyalahotel.biz\/?page_id=4775\/"},"modified":"2023-06-21T11:00:51","modified_gmt":"2023-06-21T09:00:51","slug":"vacances-pour-familles","status":"publish","type":"page","link":"https:\/\/sanremoweekend.it\/fr\/vacances-pour-familles\/","title":{"rendered":"Vacances familiales \u00e0 San Remo &#8211; H\u00f4tel familial"},"content":{"rendered":"<h2 style=\"text-align: center;\">Vacances familiales \u00e0 San Remo &#8211; H\u00f4tel familial<\/h2>\n<p style=\"text-align: center;\">\u00c0 San Remo se trouve un endroit parfait pour des vacances avec des enfants, con\u00e7u autour des enfants; un h\u00f4tel familial qui se soucie d\u2019eux tout autant qu\u2019il se soucie des adultes. Des vacances id\u00e9ales pour les familles \u00e0 San Remo. Laissez les paysages gris de la ville derri\u00e8re vous et venez vous pr\u00e9lasser dans un environnement color\u00e9 et accueillant au Nyala Family Hotel.<\/p>\n","protected":false},"excerpt":{"rendered":"<p>Vacances familiales \u00e0 San Remo &#8211; H\u00f4tel familial \u00c0 San Remo se trouve un endroit parfait pour des vacances avec des enfants, con\u00e7u autour des enfants; un h\u00f4tel familial qui se soucie d\u2019eux tout autant qu\u2019il se soucie des adultes. Des vacances id\u00e9ales pour les familles \u00e0 San Remo. Laissez les paysages gris de la [&hellip;]<\/p>\n","protected":false},"author":3,"featured_media":11036,"parent":0,"menu_order":0,"comment_status":"open","ping_status":"closed","template":"offer_one_column.php","meta":{"_acf_changed":false,"_et_pb_use_builder":"on","_et_pb_old_content":"","_et_gb_content_width":"","footnotes":""},"class_list":["post-4775","page","type-page","status-publish","has-post-thumbnail","hentry"],"acf":[],"yoast_head":"<!-- This site is optimized with the Yoast SEO plugin v27.5 - https:\/\/yoast.com\/product\/yoast-seo-wordpress\/ -->\n<title>Vacances familiales \u00e0 San Remo - H\u00f4tel familial | Sanremo Weekend<\/title>\n<meta name=\"description\" content=\"En tant qu&#039;h\u00f4tel familial pour passer vos vacances avec vos enfants \u00e0 San Remo, nous offrons des espaces d\u00e9di\u00e9s et des services pour les familles avec enfants.\" \/>\n<meta name=\"robots\" content=\"index, follow, max-snippet:-1, max-image-preview:large, max-video-preview:-1\" \/>\n<link rel=\"canonical\" href=\"https:\/\/sanremoweekend.it\/fr\/vacances-pour-familles\/\" \/>\n<meta property=\"og:locale\" content=\"fr_FR\" \/>\n<meta property=\"og:type\" content=\"article\" \/>\n<meta property=\"og:title\" content=\"Vacances familiales \u00e0 San Remo - H\u00f4tel familial | Sanremo Weekend\" \/>\n<meta property=\"og:description\" content=\"En tant qu&#039;h\u00f4tel familial pour passer vos vacances avec vos enfants \u00e0 San Remo, nous offrons des espaces d\u00e9di\u00e9s et des services pour les familles avec enfants.\" \/>\n<meta property=\"og:url\" content=\"https:\/\/sanremoweekend.it\/fr\/vacances-pour-familles\/\" \/>\n<meta property=\"og:site_name\" content=\"Sanremo Weekend\" \/>\n<meta property=\"article:modified_time\" content=\"2023-06-21T09:00:51+00:00\" \/>\n<meta property=\"og:image\" content=\"https:\/\/sanremoweekend.it\/wp-content\/uploads\/2023\/06\/natalya-zaritskaya-SIOdjcYotms-unsplash.jpg\" \/>\n\t<meta property=\"og:image:width\" content=\"1920\" \/>\n\t<meta property=\"og:image:height\" content=\"1280\" \/>\n\t<meta property=\"og:image:type\" content=\"image\/jpeg\" \/>\n<meta name=\"twitter:card\" content=\"summary_large_image\" \/>\n<meta name=\"twitter:label1\" content=\"Dur\u00e9e de lecture estim\u00e9e\" \/>\n\t<meta name=\"twitter:data1\" content=\"1 minute\" \/>\n<script type=\"application\/ld+json\" class=\"yoast-schema-graph\">{\"@context\":\"https:\\\/\\\/schema.org\",\"@graph\":[{\"@type\":\"WebPage\",\"@id\":\"https:\\\/\\\/sanremoweekend.it\\\/fr\\\/vacances-pour-familles\\\/\",\"url\":\"https:\\\/\\\/sanremoweekend.it\\\/fr\\\/vacances-pour-familles\\\/\",\"name\":\"Vacances familiales \u00e0 San Remo - H\u00f4tel familial | Sanremo Weekend\",\"isPartOf\":{\"@id\":\"https:\\\/\\\/sanremoweekend.it\\\/#website\"},\"primaryImageOfPage\":{\"@id\":\"https:\\\/\\\/sanremoweekend.it\\\/fr\\\/vacances-pour-familles\\\/#primaryimage\"},\"image\":{\"@id\":\"https:\\\/\\\/sanremoweekend.it\\\/fr\\\/vacances-pour-familles\\\/#primaryimage\"},\"thumbnailUrl\":\"https:\\\/\\\/sanremoweekend.it\\\/wp-content\\\/uploads\\\/2023\\\/06\\\/natalya-zaritskaya-SIOdjcYotms-unsplash.jpg\",\"datePublished\":\"2017-05-24T12:53:37+00:00\",\"dateModified\":\"2023-06-21T09:00:51+00:00\",\"description\":\"En tant qu'h\u00f4tel familial pour passer vos vacances avec vos enfants \u00e0 San Remo, nous offrons des espaces d\u00e9di\u00e9s et des services pour les familles avec enfants.\",\"breadcrumb\":{\"@id\":\"https:\\\/\\\/sanremoweekend.it\\\/fr\\\/vacances-pour-familles\\\/#breadcrumb\"},\"inLanguage\":\"fr-FR\",\"potentialAction\":[{\"@type\":\"ReadAction\",\"target\":[\"https:\\\/\\\/sanremoweekend.it\\\/fr\\\/vacances-pour-familles\\\/\"]}]},{\"@type\":\"ImageObject\",\"inLanguage\":\"fr-FR\",\"@id\":\"https:\\\/\\\/sanremoweekend.it\\\/fr\\\/vacances-pour-familles\\\/#primaryimage\",\"url\":\"https:\\\/\\\/sanremoweekend.it\\\/wp-content\\\/uploads\\\/2023\\\/06\\\/natalya-zaritskaya-SIOdjcYotms-unsplash.jpg\",\"contentUrl\":\"https:\\\/\\\/sanremoweekend.it\\\/wp-content\\\/uploads\\\/2023\\\/06\\\/natalya-zaritskaya-SIOdjcYotms-unsplash.jpg\",\"width\":1920,\"height\":1280,\"caption\":\"vacanze di famiglia\"},{\"@type\":\"BreadcrumbList\",\"@id\":\"https:\\\/\\\/sanremoweekend.it\\\/fr\\\/vacances-pour-familles\\\/#breadcrumb\",\"itemListElement\":[{\"@type\":\"ListItem\",\"position\":1,\"name\":\"Home\",\"item\":\"https:\\\/\\\/sanremoweekend.it\\\/fr\\\/\"},{\"@type\":\"ListItem\",\"position\":2,\"name\":\"Vacances familiales \u00e0 San Remo &#8211; H\u00f4tel familial\"}]},{\"@type\":\"WebSite\",\"@id\":\"https:\\\/\\\/sanremoweekend.it\\\/#website\",\"url\":\"https:\\\/\\\/sanremoweekend.it\\\/\",\"name\":\"Sanremo Weekend\",\"description\":\"Hotel 4 \u00e9toiles \u00e0 San Remo\",\"potentialAction\":[{\"@type\":\"SearchAction\",\"target\":{\"@type\":\"EntryPoint\",\"urlTemplate\":\"https:\\\/\\\/sanremoweekend.it\\\/?s={search_term_string}\"},\"query-input\":{\"@type\":\"PropertyValueSpecification\",\"valueRequired\":true,\"valueName\":\"search_term_string\"}}],\"inLanguage\":\"fr-FR\"}]}<\/script>\n<!-- \/ Yoast SEO plugin. -->","yoast_head_json":{"title":"Vacances familiales \u00e0 San Remo - H\u00f4tel familial | Sanremo Weekend","description":"En tant qu'h\u00f4tel familial pour passer vos vacances avec vos enfants \u00e0 San Remo, nous offrons des espaces d\u00e9di\u00e9s et des services pour les familles avec enfants.","robots":{"index":"index","follow":"follow","max-snippet":"max-snippet:-1","max-image-preview":"max-image-preview:large","max-video-preview":"max-video-preview:-1"},"canonical":"https:\/\/sanremoweekend.it\/fr\/vacances-pour-familles\/","og_locale":"fr_FR","og_type":"article","og_title":"Vacances familiales \u00e0 San Remo - H\u00f4tel familial | Sanremo Weekend","og_description":"En tant qu'h\u00f4tel familial pour passer vos vacances avec vos enfants \u00e0 San Remo, nous offrons des espaces d\u00e9di\u00e9s et des services pour les familles avec enfants.","og_url":"https:\/\/sanremoweekend.it\/fr\/vacances-pour-familles\/","og_site_name":"Sanremo Weekend","article_modified_time":"2023-06-21T09:00:51+00:00","og_image":[{"width":1920,"height":1280,"url":"https:\/\/sanremoweekend.it\/wp-content\/uploads\/2023\/06\/natalya-zaritskaya-SIOdjcYotms-unsplash.jpg","type":"image\/jpeg"}],"twitter_card":"summary_large_image","twitter_misc":{"Dur\u00e9e de lecture estim\u00e9e":"1 minute"},"schema":{"@context":"https:\/\/schema.org","@graph":[{"@type":"WebPage","@id":"https:\/\/sanremoweekend.it\/fr\/vacances-pour-familles\/","url":"https:\/\/sanremoweekend.it\/fr\/vacances-pour-familles\/","name":"Vacances familiales \u00e0 San Remo - H\u00f4tel familial | Sanremo Weekend","isPartOf":{"@id":"https:\/\/sanremoweekend.it\/#website"},"primaryImageOfPage":{"@id":"https:\/\/sanremoweekend.it\/fr\/vacances-pour-familles\/#primaryimage"},"image":{"@id":"https:\/\/sanremoweekend.it\/fr\/vacances-pour-familles\/#primaryimage"},"thumbnailUrl":"https:\/\/sanremoweekend.it\/wp-content\/uploads\/2023\/06\/natalya-zaritskaya-SIOdjcYotms-unsplash.jpg","datePublished":"2017-05-24T12:53:37+00:00","dateModified":"2023-06-21T09:00:51+00:00","description":"En tant qu'h\u00f4tel familial pour passer vos vacances avec vos enfants \u00e0 San Remo, nous offrons des espaces d\u00e9di\u00e9s et des services pour les familles avec enfants.","breadcrumb":{"@id":"https:\/\/sanremoweekend.it\/fr\/vacances-pour-familles\/#breadcrumb"},"inLanguage":"fr-FR","potentialAction":[{"@type":"ReadAction","target":["https:\/\/sanremoweekend.it\/fr\/vacances-pour-familles\/"]}]},{"@type":"ImageObject","inLanguage":"fr-FR","@id":"https:\/\/sanremoweekend.it\/fr\/vacances-pour-familles\/#primaryimage","url":"https:\/\/sanremoweekend.it\/wp-content\/uploads\/2023\/06\/natalya-zaritskaya-SIOdjcYotms-unsplash.jpg","contentUrl":"https:\/\/sanremoweekend.it\/wp-content\/uploads\/2023\/06\/natalya-zaritskaya-SIOdjcYotms-unsplash.jpg","width":1920,"height":1280,"caption":"vacanze di famiglia"},{"@type":"BreadcrumbList","@id":"https:\/\/sanremoweekend.it\/fr\/vacances-pour-familles\/#breadcrumb","itemListElement":[{"@type":"ListItem","position":1,"name":"Home","item":"https:\/\/sanremoweekend.it\/fr\/"},{"@type":"ListItem","position":2,"name":"Vacances familiales \u00e0 San Remo &#8211; H\u00f4tel familial"}]},{"@type":"WebSite","@id":"https:\/\/sanremoweekend.it\/#website","url":"https:\/\/sanremoweekend.it\/","name":"Sanremo Weekend","description":"Hotel 4 \u00e9toiles \u00e0 San Remo","potentialAction":[{"@type":"SearchAction","target":{"@type":"EntryPoint","urlTemplate":"https:\/\/sanremoweekend.it\/?s={search_term_string}"},"query-input":{"@type":"PropertyValueSpecification","valueRequired":true,"valueName":"search_term_string"}}],"inLanguage":"fr-FR"}]}},"_links":{"self":[{"href":"https:\/\/sanremoweekend.it\/fr\/wp-json\/wp\/v2\/pages\/4775","targetHints":{"allow":["GET"]}}],"collection":[{"href":"https:\/\/sanremoweekend.it\/fr\/wp-json\/wp\/v2\/pages"}],"about":[{"href":"https:\/\/sanremoweekend.it\/fr\/wp-json\/wp\/v2\/types\/page"}],"author":[{"embeddable":true,"href":"https:\/\/sanremoweekend.it\/fr\/wp-json\/wp\/v2\/users\/3"}],"replies":[{"embeddable":true,"href":"https:\/\/sanremoweekend.it\/fr\/wp-json\/wp\/v2\/comments?post=4775"}],"version-history":[{"count":0,"href":"https:\/\/sanremoweekend.it\/fr\/wp-json\/wp\/v2\/pages\/4775\/revisions"}],"wp:featuredmedia":[{"embeddable":true,"href":"https:\/\/sanremoweekend.it\/fr\/wp-json\/wp\/v2\/media\/11036"}],"wp:attachment":[{"href":"https:\/\/sanremoweekend.it\/fr\/wp-json\/wp\/v2\/media?parent=4775"}],"curies":[{"name":"wp","href":"https:\/\/api.w.org\/{rel}","templated":true}]}}