{"id":4811,"date":"2017-05-25T12:10:23","date_gmt":"2017-05-25T10:10:23","guid":{"rendered":"http:\/\/www.nyalahotel.biz\/?page_id=4811\/"},"modified":"2023-06-20T12:48:07","modified_gmt":"2023-06-20T10:48:07","slug":"san-valentino-sanremo","status":"publish","type":"page","link":"https:\/\/sanremoweekend.it\/fr\/vacances-couples\/san-valentino-sanremo\/","title":{"rendered":"La Saint Valentin \u00e0 San Remo"},"content":{"rendered":"<h2 style=\"text-align: center;\">R\u00e9servez d\u00e8s \u00e0 pr\u00e9sent votre week-end avec l&#8217;offre de la Saint Valentin dans notre h\u00f4tel 4 \u00e9toiles<br \/>\nVous serez envo\u00fbt\u00e9 par la magie de San Remo et des villages de la Riviera des Fleurs.<\/h2>\n<p style=\"text-align: center;\">Le charme des fleurs de San Remo et le romantisme des villages de la Riviera pour un week-end magique.<\/p>\n<p>&nbsp;<\/p>\n<div class=\"responsive-tabs\">\n<h2 class=\"tabtitle\">Pr\u00e9sentation<\/h2>\n<div class=\"tabcontent\">\n\n<p><img loading=\"lazy\" decoding=\"async\" class=\"wp-image-8775 size-medium aligncenter\" src=\"https:\/\/sanremoweekend.it\/wp-content\/uploads\/2019\/05\/WEEKEND-COPPIA-ROMANTICO-CUORE-300x225.jpg\" alt=\"\" width=\"300\" height=\"225\" srcset=\"https:\/\/sanremoweekend.it\/wp-content\/uploads\/2019\/05\/WEEKEND-COPPIA-ROMANTICO-CUORE-300x225.jpg 300w, https:\/\/sanremoweekend.it\/wp-content\/uploads\/2019\/05\/WEEKEND-COPPIA-ROMANTICO-CUORE-768x576.jpg 768w, https:\/\/sanremoweekend.it\/wp-content\/uploads\/2019\/05\/WEEKEND-COPPIA-ROMANTICO-CUORE-400x300.jpg 400w, https:\/\/sanremoweekend.it\/wp-content\/uploads\/2019\/05\/WEEKEND-COPPIA-ROMANTICO-CUORE-640x480.jpg 640w, https:\/\/sanremoweekend.it\/wp-content\/uploads\/2019\/05\/WEEKEND-COPPIA-ROMANTICO-CUORE-1x1.jpg 1w, https:\/\/sanremoweekend.it\/wp-content\/uploads\/2019\/05\/WEEKEND-COPPIA-ROMANTICO-CUORE.jpg 960w\" sizes=\"(max-width: 300px) 100vw, 300px\" \/><\/p>\n<p>San Remo est sans aucun doute une excellente destination pour passer un week-end ou quelques jours \u00e0 explorer la c\u00f4te et les montagnes. C&#8217;est \u00e9galement un endroit merveilleux pour c\u00e9l\u00e9brer la Saint-Valentin. Un beau moment pour les amoureux pour c\u00e9l\u00e9brer leur amour ou aller d\u00eener et passer quelques jours remplis d&#8217;amour ou un interlude \u00e0 profiter de la vie. Profitez de cette offre pour la Saint-Valentin \u00e0 San Remo avec nous!<\/p>\n<p style=\"text-align: justify;\"><span style=\"font-weight: 400;\">Si vous souhaitez c\u00e9l\u00e9brer la Saint-Valentin \u00e0 San Remo de mani\u00e8re particuli\u00e8re, avec son climat doux et son ensoleillement abondant, nous vous invitons \u00e0 r\u00e9fl\u00e9chir \u00e0 notre offre sp\u00e9ciale Saint-Valentin \u00e0 San Remo.<\/span><\/p>\n<p style=\"text-align: justify;\"><span style=\"font-weight: 400;\">San Remo a une merveilleuse diversit\u00e9 de lieux que vous appr\u00e9cierez visiter, o\u00f9 vous aimerez vous promener ou admirer un coucher de soleil romantique sur la M\u00e9diterran\u00e9e. S\u00e9journez dans un h\u00f4tel 4 \u00e9toiles pour la Saint-Valentin et profitez d&#8217;un d\u00eener romantique \u00e0 l&#8217;h\u00f4tel, d&#8217;un d\u00eener sp\u00e9cial dans l&#8217;un des restaurants les plus charmants de la ville et bien plus encore. Profitez de la Saint-Valentin \u00e0 San Remo comme vous le souhaitez et avec qui vous voulez.<\/span><\/p>\n<p align=\"JUSTIFY\">\n<\/div><h2 class=\"tabtitle\">Men\u00f9 2020<\/h2>\n<div class=\"tabcontent\">\n<\/p>\n<p><strong>Menu di San Valentino 2020<\/strong><\/p>\n<p>Tartare di coniglio, finocchio selvatico e petali di rosa<br \/>\n&#x2666;\u25ca&#x2666;<br \/>\nPaccheri ripieni alla melanzana bio e burrata<br \/>\ncon riduzione alla barbabietola<br \/>\n&#x2666;\u25ca&#x2666;<br \/>\nScottata di rana pescatrice marinata al ribes rosso<br \/>\nCarciofo a capello<br \/>\n&#x2666;\u25ca&#x2666;<br \/>\nCuoricino al cioccolato bianco e lampone<\/p>\n<p>Acqua minerale<br \/>\nFalanghina del Sannio Doc \u2013 Sant\u2019Agata dei Goti<br \/>\nCaff\u00e8<\/p>\n\n<\/div><h2 class=\"tabtitle\">L'offre comprend<\/h2>\n<div class=\"tabcontent\">\n\n<h3 style=\"text-align: center;\"><strong>&#8220;OFFRE SAINT VALENTIN A SAN REMO&#8221;<\/strong><\/h3>\n<table class=\"aligncenter\" style=\"border-color: #000000; width: 29.863989999999998%; height: 227px;\" border=\"1\" cellpadding=\"5\">\n<tbody>\n<tr style=\"height: 96px;\">\n<td style=\"text-align: right; width: 12.6949%; height: 96px;\"><\/td>\n<td style=\"text-align: right; width: 6.62773%; height: 96px;\"><\/td>\n<td style=\"text-align: right; width: 5.27068%;\"><span style=\"color: #ff0000;\"><strong>Offre<br \/>\nSaint Valentin<\/strong><\/span><\/td>\n<td style=\"text-align: right; width: 5.27068%;\"><\/td>\n<\/tr>\n<tr>\n<td style=\"text-align: right; width: 12.6949%;\"><span style=\"color: #ff0000;\"><strong>Offre Silver<br \/>\n<\/strong><\/span><\/td>\n<td style=\"text-align: right; width: 6.62773%;\"><\/td>\n<td style=\"text-align: right; width: 5.27068%;\"><span style=\"color: #ff0000;\"><strong>\u20ac 174,00 <\/strong><\/span><\/td>\n<td style=\"text-align: right; width: 5.27068%;\"><\/td>\n<\/tr>\n<tr style=\"height: 48px;\">\n<td style=\"text-align: right; width: 12.6949%; height: 48px;\"><span style=\"color: #ff0000;\"><strong>Offre Gold<br \/>\n<\/strong><\/span><\/td>\n<td style=\"text-align: right; width: 6.62773%; height: 48px;\"><\/td>\n<td style=\"text-align: right; width: 5.27068%;\"><span style=\"color: #ff0000;\"><strong>\u20ac 219,00 <\/strong><\/span><\/td>\n<td style=\"text-align: right; width: 5.27068%;\"><\/td>\n<\/tr>\n<\/tbody>\n<\/table>\n<p>&nbsp;<\/p>\n<p style=\"text-align: center;\">Prix par personne<\/p>\n<p>&nbsp;<\/p>\n<p>Le tarif comprend :<\/p>\n<ul>\n<li>2 x Nuits<\/li>\n<li>2 x Buffet petit-D\u00e9jeuner<\/li>\n<li>1 x D\u00eener \u00e0 l&#8217;h\u00f4tel, avec menu \u00e0 3 plats<\/li>\n<li>Un d\u00e9jeuner typique dans un restaurant de l\u2019un des villages m\u00e9di\u00e9vaux les plus charmants et les plus romantiques de l\u2019int\u00e9rieur du territoire de San Remo.<\/li>\n<li>Gala de la Saint-Valentin: le samedi soir, nous vous proposons un d\u00eener exceptionnel avec un menu inspir\u00e9 de la cuisine des fleurs de San Remo, avec accompagnement musical.<\/li>\n<li><strong>1 x Bouteille de Spumante italienne et un bouquet de fleurs de San Remo<\/strong><\/li>\n<li>Assistance de notre agence<\/li>\n<li>Vos animaux de compagnie sont les bienvenus et peuvent rester gratuitement !<\/li>\n<li>Place de parking priv\u00e9e, sous r\u00e9serve de disponibilit\u00e9<\/li>\n<li>Service de navette gratuit entre l&#8217;h\u00f4tel et le centre-ville (de 9h00 \u00e0 18h00)<\/li>\n<li><b>Carte membre Sanremo-On<\/b> offrant des r\u00e9ductions dans une s\u00e9lection de boutiques de v\u00eatements et d\u2019accessoires, ainsi que dans des restaurants et des caf\u00e9s<\/li>\n<\/ul>\n<p>Le tarif ne comprend pas :<\/p>\n<ul>\n<li>Billets pour le voyage<\/li>\n<li>Taxe de s\u00e9jour \u00e0 r\u00e9gler sur place<\/li>\n<li>Extras et pourboires<\/li>\n<li>Tout ce qui n&#8217;est pas clairement indiqu\u00e9 dans la section &#8220;Le tarif comprend&#8221;<\/li>\n<\/ul>\n<p>H\u00e9bergement<\/p>\n<ul>\n<li>L&#8217; <strong>offre Silver <\/strong>comprend l&#8217;h\u00e9bergement dans une <strong>chambre double <\/strong> du NYALA Suite Hotel de San Remo<\/li>\n<li>L&#8217; <strong>offre Gold <\/strong> comprend l&#8217;h\u00e9bergement dans une <strong> suite junior<\/strong> au NYALA Suite Hotel de San Remo<\/li>\n<\/ul>\n<p>Disponibilit\u00e9 de l&#8217;offre<\/p>\n<ul>\n<li style=\"list-style-type: none;\">\n<ul>\n<li>l&#8217;offre est disponible toute l&#8217;ann\u00e9e, \u00e0 l&#8217;exception des p\u00e9riodes de forte affluence, telles que les f\u00eates nationales et les grands \u00e9v\u00e9nements.<\/li>\n<\/ul>\n<\/li>\n<\/ul>\n\n<\/div><h2 class=\"tabtitle\">Politique de r\u00e9servation<\/h2>\n<div class=\"tabcontent\">\n\n<p lang=\"en-US\"><span style=\"color: #212121;\"><span style=\"font-family: inherit;\"><span style=\"font-size: medium;\"><strong><span style=\"font-family: INHERIT;\">POLITIQUE DE RESERVATION<\/span><\/strong><\/span><\/span><\/span><\/p>\n<ul>\n<li lang=\"en-US\"><span style=\"color: #212121;\"><span style=\"font-family: inherit;\"><span style=\"font-size: medium;\"><span style=\"font-family: INHERIT;\">La commercialisation de l&#8217;offre &#8220;San Remo Weekend&#8221; est g\u00e9r\u00e9e par l&#8217;agence de voyage Nyala Wonder Travel.<\/span><\/span><\/span><\/span><\/li>\n<li lang=\"en-US\"><span style=\"color: #212121;\"><span style=\"font-family: inherit;\"><span style=\"font-size: medium;\"><span style=\"font-family: INHERIT;\">Management Fee: 5% on the amount of the confirmed package.<\/span><\/span><\/span><\/span><\/li>\n<li lang=\"en-US\"><span style=\"color: #212121;\"><span style=\"font-family: inherit;\"><span style=\"font-size: medium;\"><span style=\"font-family: INHERIT;\">Paiement: lors de la confirmation de la r\u00e9servation par carte de cr\u00e9dit ou virement bancaire.<\/span><\/span><\/span><\/span><\/li>\n<li>P\u00e9nalit\u00e9s en cas d&#8217;annulation : remboursement complet pour les annulations effectu\u00e9es 61 jours avant la date d&#8217;arriv\u00e9e pr\u00e9vue, p\u00e9nalit\u00e9 de 50% pour les annulations effectu\u00e9es dans les 31 jours pr\u00e9c\u00e9dant la date d&#8217;arriv\u00e9e pr\u00e9vue, p\u00e9nalit\u00e9 de 100% pour les annulations effectu\u00e9es dans les 30 jours pr\u00e9c\u00e9dant la date d&#8217;arriv\u00e9e pr\u00e9vue.<\/li>\n<li>Frais de modification de r\u00e9servation : sans frais jusqu&#8217;\u00e0 31 jours avant la date d&#8217;arriv\u00e9e pr\u00e9vue, 100% pour les modifications effectu\u00e9es moins de 30 jours avant la date d&#8217;arriv\u00e9e pr\u00e9vue.<\/li>\n<li>Frais de transfert du contrat \u00e0 des tiers (Art. 38 du Code du tourisme) : sans frais jusqu&#8217;\u00e0 31 jours avant la date d&#8217;arriv\u00e9e pr\u00e9vue, 20% du montant du forfait pour les transferts effectu\u00e9s moins de 30 jours avant la date d&#8217;arriv\u00e9e pr\u00e9vue.<\/li>\n<li>Les frais de gestion administratifs ne sont jamais remboursables en cas de modification ou d&#8217;annulation.<\/li>\n<\/ul>\n<\/div><\/div>\n<p>&nbsp;<\/p>\n","protected":false},"excerpt":{"rendered":"<p>San Remo est sans aucun doute une excellente destination pour passer un week-end ou quelques jours \u00e0 explorer la c\u00f4te et les montagnes. C&#8217;est \u00e9galement un endroit merveilleux pour c\u00e9l\u00e9brer la Saint-Valentin. Un beau moment pour les amoureux pour c\u00e9l\u00e9brer leur amour ou aller d\u00eener.<\/p>\n","protected":false},"author":3,"featured_media":8781,"parent":4772,"menu_order":2,"comment_status":"closed","ping_status":"closed","template":"content-page-template.php","meta":{"_acf_changed":false,"_et_pb_use_builder":"","_et_pb_old_content":"","_et_gb_content_width":"","footnotes":""},"class_list":["post-4811","page","type-page","status-publish","has-post-thumbnail","hentry"],"acf":[],"yoast_head":"<!-- This site is optimized with the Yoast SEO plugin v27.4 - https:\/\/yoast.com\/product\/yoast-seo-wordpress\/ -->\n<title>La Saint Valentin \u00e0 San Remo | Sanremo Weekend Offres sp\u00e9ciales<\/title>\n<meta name=\"description\" content=\"R\u00e9servez d\u00e8s maintenant l&#039;offre de la Saint-Valentin \u00e0 San Remo dans notre h\u00f4tel 4 \u00e9toiles. Vous serez envout\u00e9 par la magie des villages de la Riviera des Fleurs.\" \/>\n<meta name=\"robots\" content=\"index, follow, max-snippet:-1, max-image-preview:large, max-video-preview:-1\" \/>\n<link rel=\"canonical\" href=\"https:\/\/sanremoweekend.it\/holidays-for-couples-in-sanremo\/valentines-day-in-san-remo-pack\/\" \/>\n<meta property=\"og:locale\" content=\"fr_FR\" \/>\n<meta property=\"og:type\" content=\"article\" \/>\n<meta property=\"og:title\" content=\"La Saint Valentin \u00e0 San Remo | Sanremo Weekend Offres sp\u00e9ciales\" \/>\n<meta property=\"og:description\" content=\"R\u00e9servez d\u00e8s maintenant l&#039;offre de la Saint-Valentin \u00e0 San Remo dans notre h\u00f4tel 4 \u00e9toiles. Vous serez envout\u00e9 par la magie des villages de la Riviera des Fleurs.\" \/>\n<meta property=\"og:url\" content=\"https:\/\/sanremoweekend.it\/holidays-for-couples-in-sanremo\/valentines-day-in-san-remo-pack\/\" \/>\n<meta property=\"og:site_name\" content=\"Sanremo Weekend\" \/>\n<meta property=\"article:modified_time\" content=\"2023-06-20T10:48:07+00:00\" \/>\n<meta property=\"og:image\" content=\"https:\/\/sanremoweekend.it\/wp-content\/uploads\/2016\/08\/WEEKEND-COPPIA-ROMANTICO-CUORE.jpg\" \/>\n\t<meta property=\"og:image:width\" content=\"960\" \/>\n\t<meta property=\"og:image:height\" content=\"720\" \/>\n\t<meta property=\"og:image:type\" content=\"image\/jpeg\" \/>\n<meta name=\"twitter:card\" content=\"summary_large_image\" \/>\n<meta name=\"twitter:label1\" content=\"Dur\u00e9e de lecture estim\u00e9e\" \/>\n\t<meta name=\"twitter:data1\" content=\"4 minutes\" \/>\n<script type=\"application\/ld+json\" class=\"yoast-schema-graph\">{\"@context\":\"https:\\\/\\\/schema.org\",\"@graph\":[{\"@type\":\"WebPage\",\"@id\":\"https:\\\/\\\/sanremoweekend.it\\\/holidays-for-couples-in-sanremo\\\/valentines-day-in-san-remo-pack\\\/\",\"url\":\"https:\\\/\\\/sanremoweekend.it\\\/holidays-for-couples-in-sanremo\\\/valentines-day-in-san-remo-pack\\\/\",\"name\":\"La Saint Valentin \u00e0 San Remo | Sanremo Weekend Offres sp\u00e9ciales\",\"isPartOf\":{\"@id\":\"https:\\\/\\\/sanremoweekend.it\\\/#website\"},\"primaryImageOfPage\":{\"@id\":\"https:\\\/\\\/sanremoweekend.it\\\/holidays-for-couples-in-sanremo\\\/valentines-day-in-san-remo-pack\\\/#primaryimage\"},\"image\":{\"@id\":\"https:\\\/\\\/sanremoweekend.it\\\/holidays-for-couples-in-sanremo\\\/valentines-day-in-san-remo-pack\\\/#primaryimage\"},\"thumbnailUrl\":\"https:\\\/\\\/sanremoweekend.it\\\/wp-content\\\/uploads\\\/2016\\\/08\\\/WEEKEND-COPPIA-ROMANTICO-CUORE.jpg\",\"datePublished\":\"2017-05-25T10:10:23+00:00\",\"dateModified\":\"2023-06-20T10:48:07+00:00\",\"description\":\"R\u00e9servez d\u00e8s maintenant l'offre de la Saint-Valentin \u00e0 San Remo dans notre h\u00f4tel 4 \u00e9toiles. Vous serez envout\u00e9 par la magie des villages de la Riviera des Fleurs.\",\"breadcrumb\":{\"@id\":\"https:\\\/\\\/sanremoweekend.it\\\/holidays-for-couples-in-sanremo\\\/valentines-day-in-san-remo-pack\\\/#breadcrumb\"},\"inLanguage\":\"fr-FR\",\"potentialAction\":[{\"@type\":\"ReadAction\",\"target\":[\"https:\\\/\\\/sanremoweekend.it\\\/holidays-for-couples-in-sanremo\\\/valentines-day-in-san-remo-pack\\\/\"]}]},{\"@type\":\"ImageObject\",\"inLanguage\":\"fr-FR\",\"@id\":\"https:\\\/\\\/sanremoweekend.it\\\/holidays-for-couples-in-sanremo\\\/valentines-day-in-san-remo-pack\\\/#primaryimage\",\"url\":\"https:\\\/\\\/sanremoweekend.it\\\/wp-content\\\/uploads\\\/2016\\\/08\\\/WEEKEND-COPPIA-ROMANTICO-CUORE.jpg\",\"contentUrl\":\"https:\\\/\\\/sanremoweekend.it\\\/wp-content\\\/uploads\\\/2016\\\/08\\\/WEEKEND-COPPIA-ROMANTICO-CUORE.jpg\",\"width\":960,\"height\":720,\"caption\":\"Saint Valentin \u00e0 San Remo\"},{\"@type\":\"BreadcrumbList\",\"@id\":\"https:\\\/\\\/sanremoweekend.it\\\/holidays-for-couples-in-sanremo\\\/valentines-day-in-san-remo-pack\\\/#breadcrumb\",\"itemListElement\":[{\"@type\":\"ListItem\",\"position\":1,\"name\":\"Home\",\"item\":\"https:\\\/\\\/sanremoweekend.it\\\/fr\\\/\"},{\"@type\":\"ListItem\",\"position\":2,\"name\":\"Vacances en amoureux\",\"item\":\"https:\\\/\\\/sanremoweekend.it\\\/holidays-for-couples-in-sanremo\\\/\"},{\"@type\":\"ListItem\",\"position\":3,\"name\":\"La Saint Valentin \u00e0 San Remo\"}]},{\"@type\":\"WebSite\",\"@id\":\"https:\\\/\\\/sanremoweekend.it\\\/#website\",\"url\":\"https:\\\/\\\/sanremoweekend.it\\\/\",\"name\":\"Sanremo Weekend\",\"description\":\"Hotel 4 \u00e9toiles \u00e0 San Remo\",\"potentialAction\":[{\"@type\":\"SearchAction\",\"target\":{\"@type\":\"EntryPoint\",\"urlTemplate\":\"https:\\\/\\\/sanremoweekend.it\\\/?s={search_term_string}\"},\"query-input\":{\"@type\":\"PropertyValueSpecification\",\"valueRequired\":true,\"valueName\":\"search_term_string\"}}],\"inLanguage\":\"fr-FR\"}]}<\/script>\n<!-- \/ Yoast SEO plugin. -->","yoast_head_json":{"title":"La Saint Valentin \u00e0 San Remo | Sanremo Weekend Offres sp\u00e9ciales","description":"R\u00e9servez d\u00e8s maintenant l'offre de la Saint-Valentin \u00e0 San Remo dans notre h\u00f4tel 4 \u00e9toiles. Vous serez envout\u00e9 par la magie des villages de la Riviera des Fleurs.","robots":{"index":"index","follow":"follow","max-snippet":"max-snippet:-1","max-image-preview":"max-image-preview:large","max-video-preview":"max-video-preview:-1"},"canonical":"https:\/\/sanremoweekend.it\/holidays-for-couples-in-sanremo\/valentines-day-in-san-remo-pack\/","og_locale":"fr_FR","og_type":"article","og_title":"La Saint Valentin \u00e0 San Remo | Sanremo Weekend Offres sp\u00e9ciales","og_description":"R\u00e9servez d\u00e8s maintenant l'offre de la Saint-Valentin \u00e0 San Remo dans notre h\u00f4tel 4 \u00e9toiles. Vous serez envout\u00e9 par la magie des villages de la Riviera des Fleurs.","og_url":"https:\/\/sanremoweekend.it\/holidays-for-couples-in-sanremo\/valentines-day-in-san-remo-pack\/","og_site_name":"Sanremo Weekend","article_modified_time":"2023-06-20T10:48:07+00:00","og_image":[{"width":960,"height":720,"url":"https:\/\/sanremoweekend.it\/wp-content\/uploads\/2016\/08\/WEEKEND-COPPIA-ROMANTICO-CUORE.jpg","type":"image\/jpeg"}],"twitter_card":"summary_large_image","twitter_misc":{"Dur\u00e9e de lecture estim\u00e9e":"4 minutes"},"schema":{"@context":"https:\/\/schema.org","@graph":[{"@type":"WebPage","@id":"https:\/\/sanremoweekend.it\/holidays-for-couples-in-sanremo\/valentines-day-in-san-remo-pack\/","url":"https:\/\/sanremoweekend.it\/holidays-for-couples-in-sanremo\/valentines-day-in-san-remo-pack\/","name":"La Saint Valentin \u00e0 San Remo | Sanremo Weekend Offres sp\u00e9ciales","isPartOf":{"@id":"https:\/\/sanremoweekend.it\/#website"},"primaryImageOfPage":{"@id":"https:\/\/sanremoweekend.it\/holidays-for-couples-in-sanremo\/valentines-day-in-san-remo-pack\/#primaryimage"},"image":{"@id":"https:\/\/sanremoweekend.it\/holidays-for-couples-in-sanremo\/valentines-day-in-san-remo-pack\/#primaryimage"},"thumbnailUrl":"https:\/\/sanremoweekend.it\/wp-content\/uploads\/2016\/08\/WEEKEND-COPPIA-ROMANTICO-CUORE.jpg","datePublished":"2017-05-25T10:10:23+00:00","dateModified":"2023-06-20T10:48:07+00:00","description":"R\u00e9servez d\u00e8s maintenant l'offre de la Saint-Valentin \u00e0 San Remo dans notre h\u00f4tel 4 \u00e9toiles. Vous serez envout\u00e9 par la magie des villages de la Riviera des Fleurs.","breadcrumb":{"@id":"https:\/\/sanremoweekend.it\/holidays-for-couples-in-sanremo\/valentines-day-in-san-remo-pack\/#breadcrumb"},"inLanguage":"fr-FR","potentialAction":[{"@type":"ReadAction","target":["https:\/\/sanremoweekend.it\/holidays-for-couples-in-sanremo\/valentines-day-in-san-remo-pack\/"]}]},{"@type":"ImageObject","inLanguage":"fr-FR","@id":"https:\/\/sanremoweekend.it\/holidays-for-couples-in-sanremo\/valentines-day-in-san-remo-pack\/#primaryimage","url":"https:\/\/sanremoweekend.it\/wp-content\/uploads\/2016\/08\/WEEKEND-COPPIA-ROMANTICO-CUORE.jpg","contentUrl":"https:\/\/sanremoweekend.it\/wp-content\/uploads\/2016\/08\/WEEKEND-COPPIA-ROMANTICO-CUORE.jpg","width":960,"height":720,"caption":"Saint Valentin \u00e0 San Remo"},{"@type":"BreadcrumbList","@id":"https:\/\/sanremoweekend.it\/holidays-for-couples-in-sanremo\/valentines-day-in-san-remo-pack\/#breadcrumb","itemListElement":[{"@type":"ListItem","position":1,"name":"Home","item":"https:\/\/sanremoweekend.it\/fr\/"},{"@type":"ListItem","position":2,"name":"Vacances en amoureux","item":"https:\/\/sanremoweekend.it\/holidays-for-couples-in-sanremo\/"},{"@type":"ListItem","position":3,"name":"La Saint Valentin \u00e0 San Remo"}]},{"@type":"WebSite","@id":"https:\/\/sanremoweekend.it\/#website","url":"https:\/\/sanremoweekend.it\/","name":"Sanremo Weekend","description":"Hotel 4 \u00e9toiles \u00e0 San Remo","potentialAction":[{"@type":"SearchAction","target":{"@type":"EntryPoint","urlTemplate":"https:\/\/sanremoweekend.it\/?s={search_term_string}"},"query-input":{"@type":"PropertyValueSpecification","valueRequired":true,"valueName":"search_term_string"}}],"inLanguage":"fr-FR"}]}},"_links":{"self":[{"href":"https:\/\/sanremoweekend.it\/fr\/wp-json\/wp\/v2\/pages\/4811","targetHints":{"allow":["GET"]}}],"collection":[{"href":"https:\/\/sanremoweekend.it\/fr\/wp-json\/wp\/v2\/pages"}],"about":[{"href":"https:\/\/sanremoweekend.it\/fr\/wp-json\/wp\/v2\/types\/page"}],"author":[{"embeddable":true,"href":"https:\/\/sanremoweekend.it\/fr\/wp-json\/wp\/v2\/users\/3"}],"replies":[{"embeddable":true,"href":"https:\/\/sanremoweekend.it\/fr\/wp-json\/wp\/v2\/comments?post=4811"}],"version-history":[{"count":0,"href":"https:\/\/sanremoweekend.it\/fr\/wp-json\/wp\/v2\/pages\/4811\/revisions"}],"up":[{"embeddable":true,"href":"https:\/\/sanremoweekend.it\/fr\/wp-json\/wp\/v2\/pages\/4772"}],"wp:featuredmedia":[{"embeddable":true,"href":"https:\/\/sanremoweekend.it\/fr\/wp-json\/wp\/v2\/media\/8781"}],"wp:attachment":[{"href":"https:\/\/sanremoweekend.it\/fr\/wp-json\/wp\/v2\/media?parent=4811"}],"curies":[{"name":"wp","href":"https:\/\/api.w.org\/{rel}","templated":true}]}}