{"id":4841,"date":"2017-05-26T10:17:40","date_gmt":"2017-05-26T08:17:40","guid":{"rendered":"http:\/\/www.nyalahotel.biz\/?page_id=4841\/"},"modified":"2023-06-20T12:16:58","modified_gmt":"2023-06-20T10:16:58","slug":"vacances-a-san-remo","status":"publish","type":"page","link":"https:\/\/sanremoweekend.it\/fr\/vacances-a-san-remo\/","title":{"rendered":"Vacances \u00e0 San Remo"},"content":{"rendered":"<h1 style=\"text-align: center;\">Vacances \u00e0 San Remo et week-ends \u00e0 San Remo<\/h1>\n<h2 style=\"text-align: center;\">R\u00e9servez directement vos vacances \u00e0 San Remo<\/h2>\n<p style=\"text-align: center;\">R\u00e9servez vos vacances \u00e0 San Remo en choisissant parmi les nombreuses offres sp\u00e9ciales de notre station baln\u00e9aire durant l\u2019\u00e9t\u00e9 et ses grandes festivit\u00e9s.<\/p>\n<p style=\"text-align: center;\">Tout au long des mois de vacances, San Remo est une destination qui se distingue en proposant un large choix d&#8217;\u00e9v\u00e9nements, disposant de nombreux magasins pour faire du shopping, de centres culturels et de loisirs.<\/p>\n<p style=\"text-align: center;\">\n","protected":false},"excerpt":{"rendered":"<p>Vacances \u00e0 San Remo et week-ends \u00e0 San Remo R\u00e9servez directement vos vacances \u00e0 San Remo R\u00e9servez vos vacances \u00e0 San Remo en choisissant parmi les nombreuses offres sp\u00e9ciales de notre station baln\u00e9aire durant l\u2019\u00e9t\u00e9 et ses grandes festivit\u00e9s. Tout au long des mois de vacances, San Remo est une destination qui se distingue en [&hellip;]<\/p>\n","protected":false},"author":3,"featured_media":8466,"parent":0,"menu_order":0,"comment_status":"open","ping_status":"closed","template":"offer_one_column.php","meta":{"_acf_changed":false,"_et_pb_use_builder":"","_et_pb_old_content":"","_et_gb_content_width":"","footnotes":""},"class_list":["post-4841","page","type-page","status-publish","has-post-thumbnail","hentry"],"acf":[],"yoast_head":"<!-- This site is optimized with the Yoast SEO plugin v27.4 - https:\/\/yoast.com\/product\/yoast-seo-wordpress\/ -->\n<title>Vacances \u00e0 San Remo | Sanremo Weekend<\/title>\n<meta name=\"description\" content=\"R\u00e9servez vos vacances et festivit\u00e9s \u00e0 San Remo en choisissant les offres sp\u00e9ciales pour les principales f\u00eates et l&#039;\u00e9t\u00e9.\" \/>\n<meta name=\"robots\" content=\"index, follow, max-snippet:-1, max-image-preview:large, max-video-preview:-1\" \/>\n<link rel=\"canonical\" href=\"https:\/\/sanremoweekend.it\/fr\/vacances-a-san-remo\/\" \/>\n<meta property=\"og:locale\" content=\"fr_FR\" \/>\n<meta property=\"og:type\" content=\"article\" \/>\n<meta property=\"og:title\" content=\"Vacances \u00e0 San Remo | Sanremo Weekend\" \/>\n<meta property=\"og:description\" content=\"R\u00e9servez vos vacances et festivit\u00e9s \u00e0 San Remo en choisissant les offres sp\u00e9ciales pour les principales f\u00eates et l&#039;\u00e9t\u00e9.\" \/>\n<meta property=\"og:url\" content=\"https:\/\/sanremoweekend.it\/fr\/vacances-a-san-remo\/\" \/>\n<meta property=\"og:site_name\" content=\"Sanremo Weekend\" \/>\n<meta property=\"article:modified_time\" content=\"2023-06-20T10:16:58+00:00\" \/>\n<meta property=\"og:image\" content=\"https:\/\/sanremoweekend.it\/wp-content\/uploads\/2016\/08\/kike-vega-1212684-unsplash-1024x646.jpg\" \/>\n\t<meta property=\"og:image:width\" content=\"1024\" \/>\n\t<meta property=\"og:image:height\" content=\"646\" \/>\n\t<meta property=\"og:image:type\" content=\"image\/jpeg\" \/>\n<meta name=\"twitter:card\" content=\"summary_large_image\" \/>\n<meta name=\"twitter:label1\" content=\"Dur\u00e9e de lecture estim\u00e9e\" \/>\n\t<meta name=\"twitter:data1\" content=\"1 minute\" \/>\n<script type=\"application\/ld+json\" class=\"yoast-schema-graph\">{\"@context\":\"https:\\\/\\\/schema.org\",\"@graph\":[{\"@type\":\"WebPage\",\"@id\":\"https:\\\/\\\/sanremoweekend.it\\\/fr\\\/vacances-a-san-remo\\\/\",\"url\":\"https:\\\/\\\/sanremoweekend.it\\\/fr\\\/vacances-a-san-remo\\\/\",\"name\":\"Vacances \u00e0 San Remo | Sanremo Weekend\",\"isPartOf\":{\"@id\":\"https:\\\/\\\/sanremoweekend.it\\\/#website\"},\"primaryImageOfPage\":{\"@id\":\"https:\\\/\\\/sanremoweekend.it\\\/fr\\\/vacances-a-san-remo\\\/#primaryimage\"},\"image\":{\"@id\":\"https:\\\/\\\/sanremoweekend.it\\\/fr\\\/vacances-a-san-remo\\\/#primaryimage\"},\"thumbnailUrl\":\"https:\\\/\\\/sanremoweekend.it\\\/wp-content\\\/uploads\\\/2016\\\/08\\\/kike-vega-1212684-unsplash.jpg\",\"datePublished\":\"2017-05-26T08:17:40+00:00\",\"dateModified\":\"2023-06-20T10:16:58+00:00\",\"description\":\"R\u00e9servez vos vacances et festivit\u00e9s \u00e0 San Remo en choisissant les offres sp\u00e9ciales pour les principales f\u00eates et l'\u00e9t\u00e9.\",\"breadcrumb\":{\"@id\":\"https:\\\/\\\/sanremoweekend.it\\\/fr\\\/vacances-a-san-remo\\\/#breadcrumb\"},\"inLanguage\":\"fr-FR\",\"potentialAction\":[{\"@type\":\"ReadAction\",\"target\":[\"https:\\\/\\\/sanremoweekend.it\\\/fr\\\/vacances-a-san-remo\\\/\"]}]},{\"@type\":\"ImageObject\",\"inLanguage\":\"fr-FR\",\"@id\":\"https:\\\/\\\/sanremoweekend.it\\\/fr\\\/vacances-a-san-remo\\\/#primaryimage\",\"url\":\"https:\\\/\\\/sanremoweekend.it\\\/wp-content\\\/uploads\\\/2016\\\/08\\\/kike-vega-1212684-unsplash.jpg\",\"contentUrl\":\"https:\\\/\\\/sanremoweekend.it\\\/wp-content\\\/uploads\\\/2016\\\/08\\\/kike-vega-1212684-unsplash.jpg\",\"width\":5815,\"height\":3666,\"caption\":\"Yoga-in-san-remo\"},{\"@type\":\"BreadcrumbList\",\"@id\":\"https:\\\/\\\/sanremoweekend.it\\\/fr\\\/vacances-a-san-remo\\\/#breadcrumb\",\"itemListElement\":[{\"@type\":\"ListItem\",\"position\":1,\"name\":\"Home\",\"item\":\"https:\\\/\\\/sanremoweekend.it\\\/fr\\\/\"},{\"@type\":\"ListItem\",\"position\":2,\"name\":\"Vacances \u00e0 San Remo\"}]},{\"@type\":\"WebSite\",\"@id\":\"https:\\\/\\\/sanremoweekend.it\\\/#website\",\"url\":\"https:\\\/\\\/sanremoweekend.it\\\/\",\"name\":\"Sanremo Weekend\",\"description\":\"Hotel 4 \u00e9toiles \u00e0 San Remo\",\"potentialAction\":[{\"@type\":\"SearchAction\",\"target\":{\"@type\":\"EntryPoint\",\"urlTemplate\":\"https:\\\/\\\/sanremoweekend.it\\\/?s={search_term_string}\"},\"query-input\":{\"@type\":\"PropertyValueSpecification\",\"valueRequired\":true,\"valueName\":\"search_term_string\"}}],\"inLanguage\":\"fr-FR\"}]}<\/script>\n<!-- \/ Yoast SEO plugin. -->","yoast_head_json":{"title":"Vacances \u00e0 San Remo | Sanremo Weekend","description":"R\u00e9servez vos vacances et festivit\u00e9s \u00e0 San Remo en choisissant les offres sp\u00e9ciales pour les principales f\u00eates et l'\u00e9t\u00e9.","robots":{"index":"index","follow":"follow","max-snippet":"max-snippet:-1","max-image-preview":"max-image-preview:large","max-video-preview":"max-video-preview:-1"},"canonical":"https:\/\/sanremoweekend.it\/fr\/vacances-a-san-remo\/","og_locale":"fr_FR","og_type":"article","og_title":"Vacances \u00e0 San Remo | Sanremo Weekend","og_description":"R\u00e9servez vos vacances et festivit\u00e9s \u00e0 San Remo en choisissant les offres sp\u00e9ciales pour les principales f\u00eates et l'\u00e9t\u00e9.","og_url":"https:\/\/sanremoweekend.it\/fr\/vacances-a-san-remo\/","og_site_name":"Sanremo Weekend","article_modified_time":"2023-06-20T10:16:58+00:00","og_image":[{"width":1024,"height":646,"url":"https:\/\/sanremoweekend.it\/wp-content\/uploads\/2016\/08\/kike-vega-1212684-unsplash-1024x646.jpg","type":"image\/jpeg"}],"twitter_card":"summary_large_image","twitter_misc":{"Dur\u00e9e de lecture estim\u00e9e":"1 minute"},"schema":{"@context":"https:\/\/schema.org","@graph":[{"@type":"WebPage","@id":"https:\/\/sanremoweekend.it\/fr\/vacances-a-san-remo\/","url":"https:\/\/sanremoweekend.it\/fr\/vacances-a-san-remo\/","name":"Vacances \u00e0 San Remo | Sanremo Weekend","isPartOf":{"@id":"https:\/\/sanremoweekend.it\/#website"},"primaryImageOfPage":{"@id":"https:\/\/sanremoweekend.it\/fr\/vacances-a-san-remo\/#primaryimage"},"image":{"@id":"https:\/\/sanremoweekend.it\/fr\/vacances-a-san-remo\/#primaryimage"},"thumbnailUrl":"https:\/\/sanremoweekend.it\/wp-content\/uploads\/2016\/08\/kike-vega-1212684-unsplash.jpg","datePublished":"2017-05-26T08:17:40+00:00","dateModified":"2023-06-20T10:16:58+00:00","description":"R\u00e9servez vos vacances et festivit\u00e9s \u00e0 San Remo en choisissant les offres sp\u00e9ciales pour les principales f\u00eates et l'\u00e9t\u00e9.","breadcrumb":{"@id":"https:\/\/sanremoweekend.it\/fr\/vacances-a-san-remo\/#breadcrumb"},"inLanguage":"fr-FR","potentialAction":[{"@type":"ReadAction","target":["https:\/\/sanremoweekend.it\/fr\/vacances-a-san-remo\/"]}]},{"@type":"ImageObject","inLanguage":"fr-FR","@id":"https:\/\/sanremoweekend.it\/fr\/vacances-a-san-remo\/#primaryimage","url":"https:\/\/sanremoweekend.it\/wp-content\/uploads\/2016\/08\/kike-vega-1212684-unsplash.jpg","contentUrl":"https:\/\/sanremoweekend.it\/wp-content\/uploads\/2016\/08\/kike-vega-1212684-unsplash.jpg","width":5815,"height":3666,"caption":"Yoga-in-san-remo"},{"@type":"BreadcrumbList","@id":"https:\/\/sanremoweekend.it\/fr\/vacances-a-san-remo\/#breadcrumb","itemListElement":[{"@type":"ListItem","position":1,"name":"Home","item":"https:\/\/sanremoweekend.it\/fr\/"},{"@type":"ListItem","position":2,"name":"Vacances \u00e0 San Remo"}]},{"@type":"WebSite","@id":"https:\/\/sanremoweekend.it\/#website","url":"https:\/\/sanremoweekend.it\/","name":"Sanremo Weekend","description":"Hotel 4 \u00e9toiles \u00e0 San Remo","potentialAction":[{"@type":"SearchAction","target":{"@type":"EntryPoint","urlTemplate":"https:\/\/sanremoweekend.it\/?s={search_term_string}"},"query-input":{"@type":"PropertyValueSpecification","valueRequired":true,"valueName":"search_term_string"}}],"inLanguage":"fr-FR"}]}},"_links":{"self":[{"href":"https:\/\/sanremoweekend.it\/fr\/wp-json\/wp\/v2\/pages\/4841","targetHints":{"allow":["GET"]}}],"collection":[{"href":"https:\/\/sanremoweekend.it\/fr\/wp-json\/wp\/v2\/pages"}],"about":[{"href":"https:\/\/sanremoweekend.it\/fr\/wp-json\/wp\/v2\/types\/page"}],"author":[{"embeddable":true,"href":"https:\/\/sanremoweekend.it\/fr\/wp-json\/wp\/v2\/users\/3"}],"replies":[{"embeddable":true,"href":"https:\/\/sanremoweekend.it\/fr\/wp-json\/wp\/v2\/comments?post=4841"}],"version-history":[{"count":0,"href":"https:\/\/sanremoweekend.it\/fr\/wp-json\/wp\/v2\/pages\/4841\/revisions"}],"wp:featuredmedia":[{"embeddable":true,"href":"https:\/\/sanremoweekend.it\/fr\/wp-json\/wp\/v2\/media\/8466"}],"wp:attachment":[{"href":"https:\/\/sanremoweekend.it\/fr\/wp-json\/wp\/v2\/media?parent=4841"}],"curies":[{"name":"wp","href":"https:\/\/api.w.org\/{rel}","templated":true}]}}