{"id":5563,"date":"2017-07-19T15:45:54","date_gmt":"2017-07-19T13:45:54","guid":{"rendered":"http:\/\/www.nyalahotel.com\/offres-speciales-pour-vos-vacances\/vacances-et-festivites\/le-mois-daout-a-san-remo\/"},"modified":"2023-06-27T11:17:20","modified_gmt":"2023-06-27T09:17:20","slug":"le-mois-daout-a-san-remo","status":"publish","type":"page","link":"https:\/\/sanremoweekend.it\/fr\/vacances-a-san-remo\/le-mois-daout-a-san-remo\/","title":{"rendered":"Le mois d&#8217;ao\u00fbt \u00e0 San Remo"},"content":{"rendered":"<h2 style=\"text-align: center;\">Le mois d&#8217;ao\u00fbt \u00e0 San Remo rime avec d\u00e9tente au bord de la piscine<br \/>\net nuits de f\u00eate au bord de la mer en Ligurie<\/h2>\n<p style=\"text-align: center;\"><a class=\"maxbutton-3 maxbutton maxbutton-reserver\" target=\"_blank\" rel=\"noopener\" href=\"https:\/\/sanremoweekend.it\/fr\/info\/\"><span class='mb-text'>Reserver<\/span><\/a><\/p>\n<p>&nbsp;<\/p>\n<div class=\"responsive-tabs\">\n<h2 class=\"tabtitle\">Pr\u00e9sentation<\/h2>\n<div class=\"tabcontent\">\n\n<p><a href=\"https:\/\/sanremoweekend.it\/wp\/wp-content\/uploads\/2017\/02\/albergo-piscina-sanremo.jpg\"><img loading=\"lazy\" decoding=\"async\" class=\"wp-image-9267 size-full aligncenter\" src=\"https:\/\/sanremoweekend.it\/wp\/wp-content\/uploads\/2017\/02\/albergo-piscina-sanremo.jpg\" alt=\"\" width=\"460\" height=\"173\" srcset=\"https:\/\/sanremoweekend.it\/wp-content\/uploads\/2017\/02\/albergo-piscina-sanremo.jpg 460w, https:\/\/sanremoweekend.it\/wp-content\/uploads\/2017\/02\/albergo-piscina-sanremo-300x113.jpg 300w, https:\/\/sanremoweekend.it\/wp-content\/uploads\/2017\/02\/albergo-piscina-sanremo-3x1.jpg 3w\" sizes=\"(max-width: 460px) 100vw, 460px\" \/><\/a><\/p>\n<p style=\"text-align: left;\">Si vous d\u00e9sirez passer des <strong> vacances d&#8217;ao\u00fbt ou le Ferragosto (long week-end de la mi-ao\u00fbt) <\/strong>\u00a0qui allient d\u00e9tente et plaisir, en choisissant notre h\u00f4tel, vous pourrez vous pr\u00e9lasser \u00e0 la piscine en sirotant une boisson et en d\u00e9jeunant au Dalak grill, tandis que vos enfants joueront en toute s\u00e9curit\u00e9 sur l&#8217;air de jeu \u00e0 c\u00f4t\u00e9 de vous.<br \/>\nAussi, vous aurez la possibilit\u00e9 de passer des journ\u00e9es formidables de d\u00e9couverte le long de la Riviera des fleurs et de la C\u00f4te d&#8217;Azur ou dans le merveilleux territoire int\u00e9rieur de la C\u00f4te Ligurie. R\u00e9servez dans notre h\u00f4tel pour passer le mois d&#8217;ao\u00fbt \u00e0 San Remo !<\/p>\n<p>Notre programme <b>Nuits d&#8217;\u00e9t\u00e9<\/b> illuminera vos soir\u00e9es d&#8217;\u00e9t\u00e9 avec des d\u00e9lices musicaux et gastronomiques sur la terrasse panoramique de l&#8217;h\u00f4tel et au restaurant, ainsi que pr\u00e8s de la piscine avec son service de bar aux chandelles. Nos soir\u00e9es <b>miniclub<\/b> avec service de garde pour les plus petits, vous permettra de d\u00eener en paix, tous les jours en juillet et ao\u00fbt de 17h \u00e0 21h.<\/p>\n<p>Les animations que nous proposons sont toujours sobres et ne sont jamais envahissantes, tout en \u00e9tant loin du stress des villages touristiques.<\/p>\n\n<\/div><h2 class=\"tabtitle\">Notre offre comprend<\/h2>\n<div class=\"tabcontent\">\n\n<h3 style=\"text-align: center;\"><strong>OFFRE &#8220;AOUT A SAN REMO&#8221;<\/strong><\/h3>\n<table class=\"aligncenter\" style=\"border-color: #000000; width: 62.9135%; height: 227px;\" border=\"1\" cellpadding=\"5\">\n<tbody>\n<tr style=\"height: 96px;\">\n<td style=\"text-align: right; width: 12.6949%; height: 96px;\"><\/td>\n<td style=\"text-align: right; width: 6.62773%; height: 96px;\"><span style=\"color: #ff0000;\"><b>Basse saison<\/b><\/span><\/td>\n<td style=\"text-align: right; width: 6.0804%;\"><span style=\"color: #ff0000;\"><strong>Moyenne saison<\/strong><\/span><\/td>\n<td style=\"text-align: right; width: 5.27068%;\"><span style=\"color: #ff0000;\"><strong>Longs Week-ends &amp; Jours f\u00e9ri\u00e9s<\/strong><\/span><\/td>\n<\/tr>\n<tr>\n<td style=\"text-align: right; width: 12.6949%;\"><span style=\"color: #ff0000;\"><strong>Offre Silver<br \/>\n<\/strong><\/span><\/td>\n<td style=\"text-align: right; width: 6.62773%;\"><span style=\"color: #ff0000;\"><strong>&#8212;<\/strong><\/span><\/td>\n<td style=\"text-align: right; width: 6.0804%;\"><span style=\"color: #ff0000;\"><strong>&#8212; <\/strong><\/span><\/td>\n<td style=\"text-align: right; width: 5.27068%;\"><span style=\"color: #ff0000;\"><strong>569.00 \u20ac<\/strong><\/span><\/td>\n<\/tr>\n<tr style=\"height: 48px;\">\n<td style=\"text-align: right; width: 12.6949%; height: 48px;\"><span style=\"color: #ff0000;\"><strong>Offre Gold<br \/>\n<\/strong><\/span><\/td>\n<td style=\"text-align: right; width: 6.62773%; height: 48px;\"><span style=\"color: #ff0000;\"><strong>&#8212;<\/strong><\/span><\/td>\n<td style=\"text-align: right; width: 6.0804%; height: 48px;\"><span style=\"color: #ff0000;\"><strong>&#8212; <\/strong><\/span><\/td>\n<td style=\"text-align: right; width: 5.27068%;\"><span style=\"color: #ff0000;\"><strong>729.00 \u20ac<\/strong><\/span><\/td>\n<\/tr>\n<\/tbody>\n<\/table>\n<p>&nbsp;<\/p>\n<p style=\"text-align: center;\">Prix par personne<\/p>\n<p>Le tarif comprend :<\/p>\n<ul>\n<li>7 x <strong>Nuits<\/strong><\/li>\n<li>7 x <strong>Buffet petit-d\u00e9jeuner<\/strong><\/li>\n<li>1 x <strong>D\u00eener \u00e0 l&#8217;h\u00f4tel,<\/strong> avec menu \u00e0 3 plats<\/li>\n<li><strong>1 x s\u00e9ance de spa<\/strong><\/li>\n<li>Assistance de notre agence<\/li>\n<li>Place de parking priv\u00e9e, sous r\u00e9serve de disponibilit\u00e9<\/li>\n<li>Service de navette gratuit entre l&#8217;h\u00f4tel et le centre-ville (de 9h00 \u00e0 18h00)<\/li>\n<li><b>Carte de membre Sanremo-On<\/b> offrant des r\u00e9ductions dans certains magasins de v\u00eatements et d\u2019accessoires, ainsi que dans des restaurants et des caf\u00e9s raffin\u00e9s<\/li>\n<\/ul>\n<p>Le tarif ne comprend pas :<\/p>\n<ul>\n<li>Les billets pour le voyage<\/li>\n<li>La taxe de s\u00e9jour \u00e0 r\u00e9gler sur place<\/li>\n<li>Les extras et pourboires<\/li>\n<li>Tout ce qui n&#8217;est pas clairement indiqu\u00e9 dans la section &#8220;Le tarif comprend&#8221;<\/li>\n<\/ul>\n<p>H\u00e9bergement<\/p>\n<ul>\n<li>L&#8217;<strong>offre Silver<\/strong> comprend l&#8217;h\u00e9bergement dans une chambre <strong>double classique <\/strong> du NYALA Suite Hotel de San Remo<\/li>\n<li>L&#8217;<strong>offre Gold <\/strong> comprend l&#8217;h\u00e9bergement dans une <strong>suite junio<\/strong><b>r<\/b> au NYALA Suite Hotel de San Remo<\/li>\n<\/ul>\n\n<\/div><h2 class=\"tabtitle\">Politique de r\u00e9servation<\/h2>\n<div class=\"tabcontent\">\n\n<p><strong>POLITIQUE DE RESERVATION<\/strong><\/p>\n<ul>\n<li>La commercialisation des offres &#8220;Sanremo Weekend&#8221; est g\u00e9r\u00e9e par l&#8217;agence de voyages Nyala Wonder Travel.<\/li>\n<li>Frais de gestion: 5% du montant de l&#8217;offre confirm\u00e9e.<\/li>\n<li>Paiement: lors de la confirmation de la r\u00e9servation par carte de cr\u00e9dit ou virement bancaire.<\/li>\n<li>P\u00e9nalit\u00e9s en cas d&#8217;annulation: remboursement complet pour les annulations effectu\u00e9es 61 jours avant la date d&#8217;arriv\u00e9e pr\u00e9vue, p\u00e9nalit\u00e9 de 50% pour les annulations effectu\u00e9es dans les 31 jours pr\u00e9c\u00e9dant la date d&#8217;arriv\u00e9e pr\u00e9vue, p\u00e9nalit\u00e9 de 100% pour les annulations effectu\u00e9es dans les 30 jours pr\u00e9c\u00e9dant la date d&#8217;arriv\u00e9e pr\u00e9vue.<\/li>\n<li>Frais de modification de r\u00e9servation : sans frais jusqu&#8217;\u00e0 31 jours avant la date d&#8217;arriv\u00e9e pr\u00e9vue, 100% pour les modifications effectu\u00e9es moins de 30 jours avant la date d&#8217;arriv\u00e9e pr\u00e9vue.<\/li>\n<li>Frais de transfert du contrat \u00e0 des tiers (Art. 38 du Code du tourisme) : sans frais jusqu&#8217;\u00e0 31 jours avant la date d&#8217;arriv\u00e9e pr\u00e9vue, 20% du montant du forfait pour les transferts effectu\u00e9s moins de 30 jours avant la date d&#8217;arriv\u00e9e pr\u00e9vue.<\/li>\n<li>Les frais de gestion administratifs ne sont jamais remboursables en cas de modification ou d&#8217;annulation.<\/li>\n<\/ul>\n<\/div><\/div>\n","protected":false},"excerpt":{"rendered":"<p>Si vous souhaitez passer des vacances d\u2019ao\u00fbt alliant d\u00e9tente et divertissement, en choisissant notre h\u00f4tel, vous pourrez vous pr\u00e9lasser \u00e0 la piscine en sirotant une boisson et en d\u00e9jeunant au Dalak grill, tandis que vos enfants jouent en toute s\u00e9curit\u00e9 sur l&#8217;air de jeu \u00e0 c\u00f4t\u00e9.<\/p>\n","protected":false},"author":3,"featured_media":2765,"parent":4841,"menu_order":801,"comment_status":"closed","ping_status":"closed","template":"content-page-template.php","meta":{"_acf_changed":false,"_et_pb_use_builder":"","_et_pb_old_content":"","_et_gb_content_width":"","footnotes":""},"class_list":["post-5563","page","type-page","status-publish","has-post-thumbnail","hentry"],"acf":[],"yoast_head":"<!-- This site is optimized with the Yoast SEO plugin v27.4 - https:\/\/yoast.com\/product\/yoast-seo-wordpress\/ -->\n<title>Le mois d&#039;ao\u00fbt \u00e0 San Remo | Sanremo Weekend<\/title>\n<meta name=\"description\" content=\"Ao\u00fbt \u00e0 San Remo avec des journ\u00e9es de d\u00e9tente \u00e0 la piscine et des nuits de f\u00eate pendant vos vacances au bord de la mer en Ligurie\" \/>\n<meta name=\"robots\" content=\"index, follow, max-snippet:-1, max-image-preview:large, max-video-preview:-1\" \/>\n<link rel=\"canonical\" href=\"https:\/\/sanremoweekend.it\/holidays-in-san-remo\/august-in-san-remo\/\" \/>\n<meta property=\"og:locale\" content=\"fr_FR\" \/>\n<meta property=\"og:type\" content=\"article\" \/>\n<meta property=\"og:title\" content=\"Le mois d&#039;ao\u00fbt \u00e0 San Remo | Sanremo Weekend\" \/>\n<meta property=\"og:description\" content=\"Ao\u00fbt \u00e0 San Remo avec des journ\u00e9es de d\u00e9tente \u00e0 la piscine et des nuits de f\u00eate pendant vos vacances au bord de la mer en Ligurie\" \/>\n<meta property=\"og:url\" content=\"https:\/\/sanremoweekend.it\/holidays-in-san-remo\/august-in-san-remo\/\" \/>\n<meta property=\"og:site_name\" content=\"Sanremo Weekend\" \/>\n<meta property=\"article:modified_time\" content=\"2023-06-27T09:17:20+00:00\" \/>\n<meta property=\"og:image\" content=\"https:\/\/sanremoweekend.it\/wp-content\/uploads\/2015\/04\/Nyala_Pool-1024x683-1.jpg\" \/>\n\t<meta property=\"og:image:width\" content=\"500\" \/>\n\t<meta property=\"og:image:height\" content=\"350\" \/>\n\t<meta property=\"og:image:type\" content=\"image\/jpeg\" \/>\n<meta name=\"twitter:card\" content=\"summary_large_image\" \/>\n<meta name=\"twitter:label1\" content=\"Dur\u00e9e de lecture estim\u00e9e\" \/>\n\t<meta name=\"twitter:data1\" content=\"3 minutes\" \/>\n<script type=\"application\/ld+json\" class=\"yoast-schema-graph\">{\"@context\":\"https:\\\/\\\/schema.org\",\"@graph\":[{\"@type\":\"WebPage\",\"@id\":\"https:\\\/\\\/sanremoweekend.it\\\/holidays-in-san-remo\\\/august-in-san-remo\\\/\",\"url\":\"https:\\\/\\\/sanremoweekend.it\\\/holidays-in-san-remo\\\/august-in-san-remo\\\/\",\"name\":\"Le mois d'ao\u00fbt \u00e0 San Remo | Sanremo Weekend\",\"isPartOf\":{\"@id\":\"https:\\\/\\\/sanremoweekend.it\\\/#website\"},\"primaryImageOfPage\":{\"@id\":\"https:\\\/\\\/sanremoweekend.it\\\/holidays-in-san-remo\\\/august-in-san-remo\\\/#primaryimage\"},\"image\":{\"@id\":\"https:\\\/\\\/sanremoweekend.it\\\/holidays-in-san-remo\\\/august-in-san-remo\\\/#primaryimage\"},\"thumbnailUrl\":\"https:\\\/\\\/sanremoweekend.it\\\/wp-content\\\/uploads\\\/2015\\\/04\\\/Nyala_Pool-1024x683-1.jpg\",\"datePublished\":\"2017-07-19T13:45:54+00:00\",\"dateModified\":\"2023-06-27T09:17:20+00:00\",\"description\":\"Ao\u00fbt \u00e0 San Remo avec des journ\u00e9es de d\u00e9tente \u00e0 la piscine et des nuits de f\u00eate pendant vos vacances au bord de la mer en Ligurie\",\"breadcrumb\":{\"@id\":\"https:\\\/\\\/sanremoweekend.it\\\/holidays-in-san-remo\\\/august-in-san-remo\\\/#breadcrumb\"},\"inLanguage\":\"fr-FR\",\"potentialAction\":[{\"@type\":\"ReadAction\",\"target\":[\"https:\\\/\\\/sanremoweekend.it\\\/holidays-in-san-remo\\\/august-in-san-remo\\\/\"]}]},{\"@type\":\"ImageObject\",\"inLanguage\":\"fr-FR\",\"@id\":\"https:\\\/\\\/sanremoweekend.it\\\/holidays-in-san-remo\\\/august-in-san-remo\\\/#primaryimage\",\"url\":\"https:\\\/\\\/sanremoweekend.it\\\/wp-content\\\/uploads\\\/2015\\\/04\\\/Nyala_Pool-1024x683-1.jpg\",\"contentUrl\":\"https:\\\/\\\/sanremoweekend.it\\\/wp-content\\\/uploads\\\/2015\\\/04\\\/Nyala_Pool-1024x683-1.jpg\",\"width\":500,\"height\":350},{\"@type\":\"BreadcrumbList\",\"@id\":\"https:\\\/\\\/sanremoweekend.it\\\/holidays-in-san-remo\\\/august-in-san-remo\\\/#breadcrumb\",\"itemListElement\":[{\"@type\":\"ListItem\",\"position\":1,\"name\":\"Home\",\"item\":\"https:\\\/\\\/sanremoweekend.it\\\/fr\\\/\"},{\"@type\":\"ListItem\",\"position\":2,\"name\":\"Vacances \u00e0 San Remo\",\"item\":\"https:\\\/\\\/sanremoweekend.it\\\/fr\\\/vacances-a-san-remo\\\/\"},{\"@type\":\"ListItem\",\"position\":3,\"name\":\"Le mois d&#8217;ao\u00fbt \u00e0 San Remo\"}]},{\"@type\":\"WebSite\",\"@id\":\"https:\\\/\\\/sanremoweekend.it\\\/#website\",\"url\":\"https:\\\/\\\/sanremoweekend.it\\\/\",\"name\":\"Sanremo Weekend\",\"description\":\"Hotel 4 \u00e9toiles \u00e0 San Remo\",\"potentialAction\":[{\"@type\":\"SearchAction\",\"target\":{\"@type\":\"EntryPoint\",\"urlTemplate\":\"https:\\\/\\\/sanremoweekend.it\\\/?s={search_term_string}\"},\"query-input\":{\"@type\":\"PropertyValueSpecification\",\"valueRequired\":true,\"valueName\":\"search_term_string\"}}],\"inLanguage\":\"fr-FR\"}]}<\/script>\n<!-- \/ Yoast SEO plugin. -->","yoast_head_json":{"title":"Le mois d'ao\u00fbt \u00e0 San Remo | Sanremo Weekend","description":"Ao\u00fbt \u00e0 San Remo avec des journ\u00e9es de d\u00e9tente \u00e0 la piscine et des nuits de f\u00eate pendant vos vacances au bord de la mer en Ligurie","robots":{"index":"index","follow":"follow","max-snippet":"max-snippet:-1","max-image-preview":"max-image-preview:large","max-video-preview":"max-video-preview:-1"},"canonical":"https:\/\/sanremoweekend.it\/holidays-in-san-remo\/august-in-san-remo\/","og_locale":"fr_FR","og_type":"article","og_title":"Le mois d'ao\u00fbt \u00e0 San Remo | Sanremo Weekend","og_description":"Ao\u00fbt \u00e0 San Remo avec des journ\u00e9es de d\u00e9tente \u00e0 la piscine et des nuits de f\u00eate pendant vos vacances au bord de la mer en Ligurie","og_url":"https:\/\/sanremoweekend.it\/holidays-in-san-remo\/august-in-san-remo\/","og_site_name":"Sanremo Weekend","article_modified_time":"2023-06-27T09:17:20+00:00","og_image":[{"width":500,"height":350,"url":"https:\/\/sanremoweekend.it\/wp-content\/uploads\/2015\/04\/Nyala_Pool-1024x683-1.jpg","type":"image\/jpeg"}],"twitter_card":"summary_large_image","twitter_misc":{"Dur\u00e9e de lecture estim\u00e9e":"3 minutes"},"schema":{"@context":"https:\/\/schema.org","@graph":[{"@type":"WebPage","@id":"https:\/\/sanremoweekend.it\/holidays-in-san-remo\/august-in-san-remo\/","url":"https:\/\/sanremoweekend.it\/holidays-in-san-remo\/august-in-san-remo\/","name":"Le mois d'ao\u00fbt \u00e0 San Remo | Sanremo Weekend","isPartOf":{"@id":"https:\/\/sanremoweekend.it\/#website"},"primaryImageOfPage":{"@id":"https:\/\/sanremoweekend.it\/holidays-in-san-remo\/august-in-san-remo\/#primaryimage"},"image":{"@id":"https:\/\/sanremoweekend.it\/holidays-in-san-remo\/august-in-san-remo\/#primaryimage"},"thumbnailUrl":"https:\/\/sanremoweekend.it\/wp-content\/uploads\/2015\/04\/Nyala_Pool-1024x683-1.jpg","datePublished":"2017-07-19T13:45:54+00:00","dateModified":"2023-06-27T09:17:20+00:00","description":"Ao\u00fbt \u00e0 San Remo avec des journ\u00e9es de d\u00e9tente \u00e0 la piscine et des nuits de f\u00eate pendant vos vacances au bord de la mer en Ligurie","breadcrumb":{"@id":"https:\/\/sanremoweekend.it\/holidays-in-san-remo\/august-in-san-remo\/#breadcrumb"},"inLanguage":"fr-FR","potentialAction":[{"@type":"ReadAction","target":["https:\/\/sanremoweekend.it\/holidays-in-san-remo\/august-in-san-remo\/"]}]},{"@type":"ImageObject","inLanguage":"fr-FR","@id":"https:\/\/sanremoweekend.it\/holidays-in-san-remo\/august-in-san-remo\/#primaryimage","url":"https:\/\/sanremoweekend.it\/wp-content\/uploads\/2015\/04\/Nyala_Pool-1024x683-1.jpg","contentUrl":"https:\/\/sanremoweekend.it\/wp-content\/uploads\/2015\/04\/Nyala_Pool-1024x683-1.jpg","width":500,"height":350},{"@type":"BreadcrumbList","@id":"https:\/\/sanremoweekend.it\/holidays-in-san-remo\/august-in-san-remo\/#breadcrumb","itemListElement":[{"@type":"ListItem","position":1,"name":"Home","item":"https:\/\/sanremoweekend.it\/fr\/"},{"@type":"ListItem","position":2,"name":"Vacances \u00e0 San Remo","item":"https:\/\/sanremoweekend.it\/fr\/vacances-a-san-remo\/"},{"@type":"ListItem","position":3,"name":"Le mois d&#8217;ao\u00fbt \u00e0 San Remo"}]},{"@type":"WebSite","@id":"https:\/\/sanremoweekend.it\/#website","url":"https:\/\/sanremoweekend.it\/","name":"Sanremo Weekend","description":"Hotel 4 \u00e9toiles \u00e0 San Remo","potentialAction":[{"@type":"SearchAction","target":{"@type":"EntryPoint","urlTemplate":"https:\/\/sanremoweekend.it\/?s={search_term_string}"},"query-input":{"@type":"PropertyValueSpecification","valueRequired":true,"valueName":"search_term_string"}}],"inLanguage":"fr-FR"}]}},"_links":{"self":[{"href":"https:\/\/sanremoweekend.it\/fr\/wp-json\/wp\/v2\/pages\/5563","targetHints":{"allow":["GET"]}}],"collection":[{"href":"https:\/\/sanremoweekend.it\/fr\/wp-json\/wp\/v2\/pages"}],"about":[{"href":"https:\/\/sanremoweekend.it\/fr\/wp-json\/wp\/v2\/types\/page"}],"author":[{"embeddable":true,"href":"https:\/\/sanremoweekend.it\/fr\/wp-json\/wp\/v2\/users\/3"}],"replies":[{"embeddable":true,"href":"https:\/\/sanremoweekend.it\/fr\/wp-json\/wp\/v2\/comments?post=5563"}],"version-history":[{"count":0,"href":"https:\/\/sanremoweekend.it\/fr\/wp-json\/wp\/v2\/pages\/5563\/revisions"}],"up":[{"embeddable":true,"href":"https:\/\/sanremoweekend.it\/fr\/wp-json\/wp\/v2\/pages\/4841"}],"wp:featuredmedia":[{"embeddable":true,"href":"https:\/\/sanremoweekend.it\/fr\/wp-json\/wp\/v2\/media\/2765"}],"wp:attachment":[{"href":"https:\/\/sanremoweekend.it\/fr\/wp-json\/wp\/v2\/media?parent=5563"}],"curies":[{"name":"wp","href":"https:\/\/api.w.org\/{rel}","templated":true}]}}