{"id":9857,"date":"2019-07-31T09:20:33","date_gmt":"2019-07-31T07:20:33","guid":{"rendered":"http:\/\/www.sanremoweekend.it\/offres-speciales-pour-vos-vacances\/vacances-pour-familles\/observation-des-baleines-a-san-remo\/"},"modified":"2023-06-21T10:12:13","modified_gmt":"2023-06-21T08:12:13","slug":"observation-des-baleines-a-san-remo","status":"publish","type":"page","link":"https:\/\/sanremoweekend.it\/fr\/vacances-pour-familles\/observation-des-baleines-a-san-remo\/","title":{"rendered":"Observation des baleines \u00e0 San Remo"},"content":{"rendered":"<h2 style=\"text-align: center;\">Observation des baleines \u00e0 San Remo<\/h2>\n<p style=\"font-size: 18px; text-align: center;\">En tant que membre des <strong>Italy Family Hotels<\/strong>, c\u2019est avec plaisir que nous offrons \u00e0 vos enfants et \u00e0 vos plus petits toute une gamme de services qui rendront leur s\u00e9jour confortable et agr\u00e9able.<\/p>\n<p>&nbsp;<\/p>\n<p style=\"text-align: center;\"><a class=\"maxbutton-3 maxbutton maxbutton-reserver\" target=\"_blank\" rel=\"noopener\" href=\"https:\/\/sanremoweekend.it\/fr\/info\/\"><span class='mb-text'>Reserver<\/span><\/a><\/p>\n<div class=\"responsive-tabs\">\n<h2 class=\"tabtitle\">Pr\u00e9sentation<\/h2>\n<div class=\"tabcontent\">\n\n<p><strong>Observation des baleines dans le sanctuaire des c\u00e9tac\u00e9s<br \/>\n<\/strong><\/p>\n<p><strong>D\u00e9part quotidien du vieux port de San Remo de juin \u00e0 octobre<br \/>\n<\/strong><\/p>\n<p>Passez une journ\u00e9e extraordinaire \u00e0 la recherche des grands c\u00e9tac\u00e9s qui peuplent la m\u00e9diterran\u00e9e et passent le long de notre Riviera, autrefois qualifi\u00e9e par les Romains de <strong>Costa Balenae<\/strong>. Ce voyage instructif qui a pour destination le <strong>Sanctuaire des c\u00e9tac\u00e9s <\/strong>et qui dure environ 6 heures, vous emm\u00e8nera \u00e0 la recherche de baleines, cachalots et de dauphins. Couvrant l\u2019ensemble de la zone maritime entre la Ligurie, l\u2019\u00eele d&#8217;Elbe et la Corse, le Sanctuaire des C\u00e9tac\u00e9s a \u00e9t\u00e9 fond\u00e9 collectivement en 1993 par l\u2019Italie, la France et la Principaut\u00e9 de Monaco, et prot\u00e8ge plus de 2000 c\u00e9tac\u00e9s appartenant \u00e0 huit esp\u00e8ces diff\u00e9rentes qui peuplent la mer de Ligurie pendant la saison estivale.<\/p>\n<p><strong>Un h\u00f4tel id\u00e9al pour les familles avec enfants<\/strong><\/p>\n<div id=\"trtext\"><span id=\"s2_1\">Notre h\u00f4tel est un complexe 4 \u00e9toiles moderne situ\u00e9 dans un quartier calme et pittoresque de San Remo.<\/span> <span id=\"s2_2\">Nous sommes fiers d\u2019offrir les services et l\u2019assistance dont les familles et leurs enfants ont besoin pendant leurs vacances.<\/span> <span id=\"s2_3\">Notre personnel est toujours \u00e0 l\u2019\u00e9coute de vos besoins et de ceux de vos enfants.<\/span> Ainsi n<span id=\"s2_4\">ous ferons tout notre possible pour que vous et votre famille profitiez d\u2019un s\u00e9jour confortable en notre compagnie.<\/span><\/div>\n<p><a href=\"http:\/\/www.sanremoweekend.it\/wp\/wp-content\/uploads\/2019\/05\/whale-630256_1280.jpg\"><img loading=\"lazy\" decoding=\"async\" class=\"wp-image-8507 size-gallery-thumbnail aligncenter\" src=\"https:\/\/sanremoweekend.it\/wp-content\/uploads\/2019\/05\/whale-630256_1280-600x400.jpg\" alt=\"whale-watching-san-ramo\" width=\"600\" height=\"400\" srcset=\"https:\/\/sanremoweekend.it\/wp-content\/uploads\/2019\/05\/whale-630256_1280-600x400.jpg 600w, https:\/\/sanremoweekend.it\/wp-content\/uploads\/2019\/05\/whale-630256_1280-300x199.jpg 300w, https:\/\/sanremoweekend.it\/wp-content\/uploads\/2019\/05\/whale-630256_1280-2x1.jpg 2w\" sizes=\"(max-width: 600px) 100vw, 600px\" \/><\/a><\/p>\n<p>&nbsp;<\/p>\n<p><strong>Chambres traditionnelles et Suites Junior<br \/>\n<\/strong><\/p>\n<div id=\"trtext\"><span id=\"s2_1\">Un h\u00e9bergement confortable pour les familles : choisissez parmi nos chambres traditionnelles ou un appartement en suite junior.<\/span> <span id=\"s2_2\">Toutes les chambres sont lumineuses et incroyablement spacieuses et les chambres traditionnelles peuvent accueillir confortablement un berceau ou un lit suppl\u00e9mentaire.<\/span> <span id=\"s2_3\">Nos suites junior seront soit face \u00e0 la mer ou face aux collines et offrent tout l\u2019espace n\u00e9cessaire pour ajouter facilement deux lits extra standards ou deux lits d\u2019enfant dans deux espaces de vie s\u00e9par\u00e9s.<\/span><\/div>\n<p><strong>Le restaurant Asmara et le Jardin d&#8217;Hiver<br \/>\n<\/strong><\/p>\n<div id=\"trtext\"><span id=\"s2_1\">Le service de restauration fournit \u00e9galement des plats pour les besoins de nos clients les plus jeunes &#8211; les enfants.<\/span> <span id=\"s2_2\">Le menu pour enfants est toujours propos\u00e9 au d\u00e9jeuner comme au d\u00eener, avec une rotation quotidienne des plats sugg\u00e9r\u00e9s pour une alimentation \u00e9quilibr\u00e9e.<\/span> <span id=\"s2_3\">Vous avez \u00e9galement la possibilit\u00e9 de demander des menus sp\u00e9cifiques selon les besoins de vos enfants et nous serons \u00e9galement ravis de pr\u00e9parer leurs plats pr\u00e9f\u00e9r\u00e9s.<\/span> <span id=\"s2_4\">En cas de besoins suppl\u00e9mentaires, nous mettons \u00e0 la disposition des parents un espace de cuisine pour la pr\u00e9paration des repas comme \u00e0 la maison.<\/span> <span id=\"s2_5\">Pendant les mois de juillet et ao\u00fbt, nous offrons \u00e9galement un d\u00eener dans la salle \u00e0 manger traditionnelle d\u2019Asmara ou un service de buffet dans le hall du Jardin d&#8217;Hiver sans aucun co\u00fbt suppl\u00e9mentaire.<\/span><\/div>\n<p><strong>La grande piscine d&#8217;\u00e9t\u00e9<br \/>\n<\/strong><\/p>\n<div id=\"trpar\"><span id=\"s2_1\">Situ\u00e9e au pied de palmiers centenaires, notre piscine d\u2019eau douce est ouverte d\u2019avril \u00e0 octobre et dispose d\u2019une superficie de 250 m\u00b2 avec un large patio ensoleill\u00e9.<\/span> Par ailleurs, u<span id=\"s2_2\">ne zone peu profonde s\u00fbre (60 &#8211; 70 cm de profondeur) est d\u00e9di\u00e9e \u00e0 nos plus petits clients.<\/span><\/div>\n<p><strong>L&#8217;air de jeu pour les enfants<br \/>\n<\/strong><\/p>\n<div id=\"trtext\"><span id=\"s2_1\">Sous l\u2019ombre des palmiers centenaires de notre jardin subtropical, il y a une zone r\u00e9serv\u00e9e aux enfants.<\/span> <span id=\"s2_2\">Toboggans, balan\u00e7oires, cordes d\u2019escalade et balan\u00e7oire sur ressort sont tous certifi\u00e9s conformes aux r\u00e8gles de s\u00e9curit\u00e9 europ\u00e9ennes ce qui est une garantie au bon divertissement de vos enfants.<\/span> <span id=\"s2_3\">Concernant les jeux en famille, nous disposons d&#8217;un baby-foot, de tables de ping-pong, de pi\u00e8ces d\u2019\u00e9checs et de jeu de dame de grande taille.<\/span><\/div>\n<p><strong>La salle de jeux et le mini-club<\/strong><\/p>\n<div id=\"trtext\"><span id=\"s2_1\">Une salle de jeu de 15 m\u00b2 \u00e9quip\u00e9e de jeux en bois, d\u2019un tableau noir, de couleurs, d\u2019une t\u00e9l\u00e9vision avec des dessins anim\u00e9s et d\u2019une petite biblioth\u00e8que est constamment accessible.<\/span> <span id=\"s2_2\">Le service de mini-club avec assistance multilingue est ouvert tous les jours de 18h \u00e0 22h pendant les p\u00e9riodes les plus fr\u00e9quent\u00e9es comme les vacances de No\u00ebl ou de P\u00e2ques et tout au long des mois de juillet et ao\u00fbt.<\/span><\/div>\n<p>D\u00e9couvrez les autres services de notre H\u00f4tel Familial.<\/p>\n\n<\/div><h2 class=\"tabtitle\">Notre offre comprend<\/h2>\n<div class=\"tabcontent\">\n\n<h3 style=\"text-align: center;\"><strong>OFFRE &#8220;OBSERVATION DES BALEINES A SAN REMO&#8221;<br \/>\n<\/strong><\/h3>\n<table class=\"aligncenter\" style=\"border-color: #000000; width: 62.9135%; height: 227px;\" border=\"1\" cellpadding=\"5\">\n<tbody>\n<tr style=\"height: 96px;\">\n<td style=\"text-align: right; width: 12.6949%; height: 96px;\"><\/td>\n<td style=\"text-align: right; width: 6.62773%; height: 96px;\"><span style=\"color: #ff0000;\"><b>Basse saison<br \/>\n<\/b><\/span><\/td>\n<td style=\"text-align: right; width: 6.0804%;\"><span style=\"color: #ff0000;\"><strong>Moyenne saison<br \/>\n<\/strong><\/span><\/td>\n<td style=\"text-align: right; width: 5.27068%;\"><span style=\"color: #ff0000;\"><strong>Longs Week-ends &amp; Jours f\u00e9ri\u00e9s<br \/>\n<\/strong><\/span><\/td>\n<\/tr>\n<tr style=\"height: 48px;\">\n<td style=\"text-align: right; width: 12.6949%; height: 48px;\"><span style=\"color: #ff0000;\"><b>Offre Silver<br \/>\n<\/b><\/span><\/td>\n<td style=\"text-align: right; width: 6.62773%; height: 48px;\"><span style=\"color: #ff0000;\"><strong>&#8212;<\/strong><\/span><\/td>\n<td style=\"text-align: right; width: 6.0804%; height: 48px;\"><span style=\"color: #ff0000;\"><strong>179.00\u20ac<br \/>\n<\/strong><\/span><\/td>\n<td style=\"text-align: right; width: 5.27068%;\"><span style=\"color: #ff0000;\"><strong>219.00\u20ac<br \/>\n<\/strong><\/span><\/td>\n<\/tr>\n<\/tbody>\n<\/table>\n<p style=\"text-align: center;\">Prix par personne<\/p>\n<p>Le tarif inclut :<\/p>\n<ul>\n<li><strong>2 x nuits<\/strong><\/li>\n<li>2 x <strong>petits-d\u00e9jeuners<\/strong><\/li>\n<li>2 x <strong>d\u00eeners \u00e0 l&#8217;h\u00f4tel<br \/>\n<\/strong><\/li>\n<li>1 x <strong>Excursion d&#8217;observation des baleines<br \/>\n<\/strong><\/li>\n<li>\n<div id=\"trpar\"><span id=\"s2_1\">Le premier enfant jusqu\u2019\u00e0 13 ans est h\u00e9berg\u00e9 gratuitement.<\/span> <span id=\"s2_2\">Jusqu\u2019\u00e0 2 enfants, \u00e2g\u00e9s de moins de 18 ans, ces derniers ne paient que 50% lorsqu\u2019ils partagent la m\u00eame chambre que leurs parents.<\/span><\/div>\n<\/li>\n<li>assistance de notre agence<\/li>\n<li>place de parking priv\u00e9e, selon les disponibilit\u00e9s<\/li>\n<li>navette de l&#8217;h\u00f4tel au centre ville (de 9h \u00e0 18h)<\/li>\n<li><b>carte Sanremo-On Membership<\/b> offrant des r\u00e9ductions sp\u00e9ciales dans certains magasins de v\u00eatements et d\u2019accessoires, des restaurants et caf\u00e9s raffin\u00e9s<\/li>\n<\/ul>\n<p>Le tarif n&#8217;inclut pas :<\/p>\n<ul>\n<li>billets de voyage<\/li>\n<li>taxe de s\u00e9jour payable sur place<\/li>\n<li>extras et pourboires<\/li>\n<li>tout ce qui n&#8217;est pas clairement mentionn\u00e9 dans le paragraphe &#8220;le tarif inclut&#8221;<\/li>\n<li>Billets pour les enfants sur demande<\/li>\n<\/ul>\n<p>H\u00e9bergement<\/p>\n<ul>\n<li>L&#8217; <strong>offre Silver<\/strong> comprend un h\u00e9bergement en chambre <strong>double classique<\/strong> au NYALA Suite Hotel de San Remo<\/li>\n<\/ul>\n<p>Disponibilit\u00e9 de l&#8217;offre<\/p>\n<ul>\n<li>l&#8217;offre est valable de juin \u00e0 d\u00e9cembre.<\/li>\n<\/ul>\n\n<\/div><h2 class=\"tabtitle\">Politique de reservation<\/h2>\n<div class=\"tabcontent\">\n\n<p><strong>POLITIQUE DE RESERVATION<\/strong><\/p>\n<ul>\n<li>La commercialisation des forfaits &#8220;Week-end \u00e0 Sanremo&#8221; est g\u00e9r\u00e9e par l\u2019agence de voyages Nyala Wonder Travel.<\/li>\n<li>Frais de gestion : 5% sur le montant du forfait confirm\u00e9.<\/li>\n<li>Paiement : lors de la confirmation de la r\u00e9servation par carte de cr\u00e9dit ou par virement bancaire.<\/li>\n<li>P\u00e9nalit\u00e9s en cas d\u2019annulation : remboursement int\u00e9gral des annulations effectu\u00e9es 61 jours avant la date d\u2019arriv\u00e9e pr\u00e9vue, p\u00e9nalit\u00e9 de 50% pour les annulations effectu\u00e9es dans les 31 jours avant la date d\u2019arriv\u00e9e pr\u00e9vue, p\u00e9nalit\u00e9 de 100% pour les annulations effectu\u00e9es dans les 30 jours pr\u00e9c\u00e9dant la date d\u2019arriv\u00e9e pr\u00e9vue.<\/li>\n<li>Frais de modification de r\u00e9servation : pas de frais jusqu\u2019\u00e0 31 jours avant la date d\u2019arriv\u00e9e pr\u00e9vue, 100% pour les modifications effectu\u00e9es dans les 30 jours pr\u00e9c\u00e9dant la date d\u2019arriv\u00e9e pr\u00e9vue.<\/li>\n<li>Frais de transfert du contrat \u00e0 des tiers (art. 38 Code du Tourisme) : pas de frais jusqu\u2019\u00e0 31 jours avant la date d\u2019arriv\u00e9e pr\u00e9vue, 20% du montant du forfait pour les transferts effectu\u00e9s dans les 30 jours pr\u00e9c\u00e9dant la date d\u2019arriv\u00e9e pr\u00e9vue.<\/li>\n<li>Les frais de gestion et les frais administratifs ne sont jamais remboursables en cas de modification ou d\u2019annulation.<\/li>\n<\/ul>\n<p>&nbsp;<\/p>\n<\/div><\/div>\n","protected":false},"excerpt":{"rendered":"<p>Passez une journ\u00e9e extraordinaire \u00e0 la recherche des grands c\u00e9tac\u00e9s qui peuplent la m\u00e9diterran\u00e9e et passent le long de notre Riviera, qualifi\u00e9e autrefois par les Romains de Costa Balenae. Ce voyage instructif qui a pour destination le Sanctuaire des c\u00e9tac\u00e9s vous emm\u00e8nera \u00e0 la recherche de baleines et de dauphins.<\/p>\n","protected":false},"author":3,"featured_media":11005,"parent":4775,"menu_order":0,"comment_status":"closed","ping_status":"closed","template":"content-page-template.php","meta":{"_acf_changed":false,"_et_pb_use_builder":"","_et_pb_old_content":"","_et_gb_content_width":"","footnotes":""},"class_list":["post-9857","page","type-page","status-publish","has-post-thumbnail","hentry"],"acf":[],"yoast_head":"<!-- This site is optimized with the Yoast SEO plugin v27.4 - https:\/\/yoast.com\/product\/yoast-seo-wordpress\/ -->\n<title>Observation des baleines \u00e0 San Remo | Sanremo Weekend Special Offers<\/title>\n<meta name=\"description\" content=\"R\u00e9servez cette offre Observation des baleines \u00e0 San Remo et profitez de cette exp\u00e9rience en mer. L&#039;offre inclut une r\u00e9servation d&#039;h\u00f4tel.\" \/>\n<meta name=\"robots\" content=\"index, follow, max-snippet:-1, max-image-preview:large, max-video-preview:-1\" \/>\n<link rel=\"canonical\" href=\"https:\/\/sanremoweekend.it\/fr\/vacances-pour-familles\/observation-des-baleines-a-san-remo\/\" \/>\n<meta property=\"og:locale\" content=\"fr_FR\" \/>\n<meta property=\"og:type\" content=\"article\" \/>\n<meta property=\"og:title\" content=\"Observation des baleines \u00e0 San Remo | Sanremo Weekend Special Offers\" \/>\n<meta property=\"og:description\" content=\"R\u00e9servez cette offre Observation des baleines \u00e0 San Remo et profitez de cette exp\u00e9rience en mer. L&#039;offre inclut une r\u00e9servation d&#039;h\u00f4tel.\" \/>\n<meta property=\"og:url\" content=\"https:\/\/sanremoweekend.it\/fr\/vacances-pour-familles\/observation-des-baleines-a-san-remo\/\" \/>\n<meta property=\"og:site_name\" content=\"Sanremo Weekend\" \/>\n<meta property=\"article:modified_time\" content=\"2023-06-21T08:12:13+00:00\" \/>\n<meta property=\"og:image\" content=\"https:\/\/sanremoweekend.it\/wp-content\/uploads\/2023\/06\/whale-630256_1280.jpg\" \/>\n\t<meta property=\"og:image:width\" content=\"1280\" \/>\n\t<meta property=\"og:image:height\" content=\"850\" \/>\n\t<meta property=\"og:image:type\" content=\"image\/jpeg\" \/>\n<meta name=\"twitter:card\" content=\"summary_large_image\" \/>\n<meta name=\"twitter:label1\" content=\"Dur\u00e9e de lecture estim\u00e9e\" \/>\n\t<meta name=\"twitter:data1\" content=\"5 minutes\" \/>\n<script type=\"application\/ld+json\" class=\"yoast-schema-graph\">{\"@context\":\"https:\\\/\\\/schema.org\",\"@graph\":[{\"@type\":\"WebPage\",\"@id\":\"https:\\\/\\\/sanremoweekend.it\\\/fr\\\/vacances-pour-familles\\\/observation-des-baleines-a-san-remo\\\/\",\"url\":\"https:\\\/\\\/sanremoweekend.it\\\/fr\\\/vacances-pour-familles\\\/observation-des-baleines-a-san-remo\\\/\",\"name\":\"Observation des baleines \u00e0 San Remo | Sanremo Weekend Special Offers\",\"isPartOf\":{\"@id\":\"https:\\\/\\\/sanremoweekend.it\\\/#website\"},\"primaryImageOfPage\":{\"@id\":\"https:\\\/\\\/sanremoweekend.it\\\/fr\\\/vacances-pour-familles\\\/observation-des-baleines-a-san-remo\\\/#primaryimage\"},\"image\":{\"@id\":\"https:\\\/\\\/sanremoweekend.it\\\/fr\\\/vacances-pour-familles\\\/observation-des-baleines-a-san-remo\\\/#primaryimage\"},\"thumbnailUrl\":\"https:\\\/\\\/sanremoweekend.it\\\/wp-content\\\/uploads\\\/2023\\\/06\\\/whale-630256_1280.jpg\",\"datePublished\":\"2019-07-31T07:20:33+00:00\",\"dateModified\":\"2023-06-21T08:12:13+00:00\",\"description\":\"R\u00e9servez cette offre Observation des baleines \u00e0 San Remo et profitez de cette exp\u00e9rience en mer. L'offre inclut une r\u00e9servation d'h\u00f4tel.\",\"breadcrumb\":{\"@id\":\"https:\\\/\\\/sanremoweekend.it\\\/fr\\\/vacances-pour-familles\\\/observation-des-baleines-a-san-remo\\\/#breadcrumb\"},\"inLanguage\":\"fr-FR\",\"potentialAction\":[{\"@type\":\"ReadAction\",\"target\":[\"https:\\\/\\\/sanremoweekend.it\\\/fr\\\/vacances-pour-familles\\\/observation-des-baleines-a-san-remo\\\/\"]}]},{\"@type\":\"ImageObject\",\"inLanguage\":\"fr-FR\",\"@id\":\"https:\\\/\\\/sanremoweekend.it\\\/fr\\\/vacances-pour-familles\\\/observation-des-baleines-a-san-remo\\\/#primaryimage\",\"url\":\"https:\\\/\\\/sanremoweekend.it\\\/wp-content\\\/uploads\\\/2023\\\/06\\\/whale-630256_1280.jpg\",\"contentUrl\":\"https:\\\/\\\/sanremoweekend.it\\\/wp-content\\\/uploads\\\/2023\\\/06\\\/whale-630256_1280.jpg\",\"width\":1280,\"height\":850,\"caption\":\"Observation des baleines \u00e0 San Remo\"},{\"@type\":\"BreadcrumbList\",\"@id\":\"https:\\\/\\\/sanremoweekend.it\\\/fr\\\/vacances-pour-familles\\\/observation-des-baleines-a-san-remo\\\/#breadcrumb\",\"itemListElement\":[{\"@type\":\"ListItem\",\"position\":1,\"name\":\"Home\",\"item\":\"https:\\\/\\\/sanremoweekend.it\\\/fr\\\/\"},{\"@type\":\"ListItem\",\"position\":2,\"name\":\"Vacances familiales \u00e0 San Remo &#8211; H\u00f4tel familial\",\"item\":\"https:\\\/\\\/sanremoweekend.it\\\/fr\\\/vacances-pour-familles\\\/\"},{\"@type\":\"ListItem\",\"position\":3,\"name\":\"Observation des baleines \u00e0 San Remo\"}]},{\"@type\":\"WebSite\",\"@id\":\"https:\\\/\\\/sanremoweekend.it\\\/#website\",\"url\":\"https:\\\/\\\/sanremoweekend.it\\\/\",\"name\":\"Sanremo Weekend\",\"description\":\"Hotel 4 \u00e9toiles \u00e0 San Remo\",\"potentialAction\":[{\"@type\":\"SearchAction\",\"target\":{\"@type\":\"EntryPoint\",\"urlTemplate\":\"https:\\\/\\\/sanremoweekend.it\\\/?s={search_term_string}\"},\"query-input\":{\"@type\":\"PropertyValueSpecification\",\"valueRequired\":true,\"valueName\":\"search_term_string\"}}],\"inLanguage\":\"fr-FR\"}]}<\/script>\n<!-- \/ Yoast SEO plugin. -->","yoast_head_json":{"title":"Observation des baleines \u00e0 San Remo | Sanremo Weekend Special Offers","description":"R\u00e9servez cette offre Observation des baleines \u00e0 San Remo et profitez de cette exp\u00e9rience en mer. L'offre inclut une r\u00e9servation d'h\u00f4tel.","robots":{"index":"index","follow":"follow","max-snippet":"max-snippet:-1","max-image-preview":"max-image-preview:large","max-video-preview":"max-video-preview:-1"},"canonical":"https:\/\/sanremoweekend.it\/fr\/vacances-pour-familles\/observation-des-baleines-a-san-remo\/","og_locale":"fr_FR","og_type":"article","og_title":"Observation des baleines \u00e0 San Remo | Sanremo Weekend Special Offers","og_description":"R\u00e9servez cette offre Observation des baleines \u00e0 San Remo et profitez de cette exp\u00e9rience en mer. L'offre inclut une r\u00e9servation d'h\u00f4tel.","og_url":"https:\/\/sanremoweekend.it\/fr\/vacances-pour-familles\/observation-des-baleines-a-san-remo\/","og_site_name":"Sanremo Weekend","article_modified_time":"2023-06-21T08:12:13+00:00","og_image":[{"width":1280,"height":850,"url":"https:\/\/sanremoweekend.it\/wp-content\/uploads\/2023\/06\/whale-630256_1280.jpg","type":"image\/jpeg"}],"twitter_card":"summary_large_image","twitter_misc":{"Dur\u00e9e de lecture estim\u00e9e":"5 minutes"},"schema":{"@context":"https:\/\/schema.org","@graph":[{"@type":"WebPage","@id":"https:\/\/sanremoweekend.it\/fr\/vacances-pour-familles\/observation-des-baleines-a-san-remo\/","url":"https:\/\/sanremoweekend.it\/fr\/vacances-pour-familles\/observation-des-baleines-a-san-remo\/","name":"Observation des baleines \u00e0 San Remo | Sanremo Weekend Special Offers","isPartOf":{"@id":"https:\/\/sanremoweekend.it\/#website"},"primaryImageOfPage":{"@id":"https:\/\/sanremoweekend.it\/fr\/vacances-pour-familles\/observation-des-baleines-a-san-remo\/#primaryimage"},"image":{"@id":"https:\/\/sanremoweekend.it\/fr\/vacances-pour-familles\/observation-des-baleines-a-san-remo\/#primaryimage"},"thumbnailUrl":"https:\/\/sanremoweekend.it\/wp-content\/uploads\/2023\/06\/whale-630256_1280.jpg","datePublished":"2019-07-31T07:20:33+00:00","dateModified":"2023-06-21T08:12:13+00:00","description":"R\u00e9servez cette offre Observation des baleines \u00e0 San Remo et profitez de cette exp\u00e9rience en mer. L'offre inclut une r\u00e9servation d'h\u00f4tel.","breadcrumb":{"@id":"https:\/\/sanremoweekend.it\/fr\/vacances-pour-familles\/observation-des-baleines-a-san-remo\/#breadcrumb"},"inLanguage":"fr-FR","potentialAction":[{"@type":"ReadAction","target":["https:\/\/sanremoweekend.it\/fr\/vacances-pour-familles\/observation-des-baleines-a-san-remo\/"]}]},{"@type":"ImageObject","inLanguage":"fr-FR","@id":"https:\/\/sanremoweekend.it\/fr\/vacances-pour-familles\/observation-des-baleines-a-san-remo\/#primaryimage","url":"https:\/\/sanremoweekend.it\/wp-content\/uploads\/2023\/06\/whale-630256_1280.jpg","contentUrl":"https:\/\/sanremoweekend.it\/wp-content\/uploads\/2023\/06\/whale-630256_1280.jpg","width":1280,"height":850,"caption":"Observation des baleines \u00e0 San Remo"},{"@type":"BreadcrumbList","@id":"https:\/\/sanremoweekend.it\/fr\/vacances-pour-familles\/observation-des-baleines-a-san-remo\/#breadcrumb","itemListElement":[{"@type":"ListItem","position":1,"name":"Home","item":"https:\/\/sanremoweekend.it\/fr\/"},{"@type":"ListItem","position":2,"name":"Vacances familiales \u00e0 San Remo &#8211; H\u00f4tel familial","item":"https:\/\/sanremoweekend.it\/fr\/vacances-pour-familles\/"},{"@type":"ListItem","position":3,"name":"Observation des baleines \u00e0 San Remo"}]},{"@type":"WebSite","@id":"https:\/\/sanremoweekend.it\/#website","url":"https:\/\/sanremoweekend.it\/","name":"Sanremo Weekend","description":"Hotel 4 \u00e9toiles \u00e0 San Remo","potentialAction":[{"@type":"SearchAction","target":{"@type":"EntryPoint","urlTemplate":"https:\/\/sanremoweekend.it\/?s={search_term_string}"},"query-input":{"@type":"PropertyValueSpecification","valueRequired":true,"valueName":"search_term_string"}}],"inLanguage":"fr-FR"}]}},"_links":{"self":[{"href":"https:\/\/sanremoweekend.it\/fr\/wp-json\/wp\/v2\/pages\/9857","targetHints":{"allow":["GET"]}}],"collection":[{"href":"https:\/\/sanremoweekend.it\/fr\/wp-json\/wp\/v2\/pages"}],"about":[{"href":"https:\/\/sanremoweekend.it\/fr\/wp-json\/wp\/v2\/types\/page"}],"author":[{"embeddable":true,"href":"https:\/\/sanremoweekend.it\/fr\/wp-json\/wp\/v2\/users\/3"}],"replies":[{"embeddable":true,"href":"https:\/\/sanremoweekend.it\/fr\/wp-json\/wp\/v2\/comments?post=9857"}],"version-history":[{"count":0,"href":"https:\/\/sanremoweekend.it\/fr\/wp-json\/wp\/v2\/pages\/9857\/revisions"}],"up":[{"embeddable":true,"href":"https:\/\/sanremoweekend.it\/fr\/wp-json\/wp\/v2\/pages\/4775"}],"wp:featuredmedia":[{"embeddable":true,"href":"https:\/\/sanremoweekend.it\/fr\/wp-json\/wp\/v2\/media\/11005"}],"wp:attachment":[{"href":"https:\/\/sanremoweekend.it\/fr\/wp-json\/wp\/v2\/media?parent=9857"}],"curies":[{"name":"wp","href":"https:\/\/api.w.org\/{rel}","templated":true}]}}