{"id":9866,"date":"2019-07-31T10:47:33","date_gmt":"2019-07-31T08:47:33","guid":{"rendered":"http:\/\/www.sanremoweekend.it\/offres-speciales-pour-vos-vacances\/vacances-pour-familles\/week-end-avec-les-enfants-a-san-remo-parc-aquatique-le-caravelle\/"},"modified":"2023-06-21T10:50:43","modified_gmt":"2023-06-21T08:50:43","slug":"week-end-avec-les-enfants-a-san-remo-parc-aquatique-le-caravelle","status":"publish","type":"page","link":"https:\/\/sanremoweekend.it\/fr\/vacances-pour-familles\/week-end-avec-les-enfants-a-san-remo-parc-aquatique-le-caravelle\/","title":{"rendered":"Week-end avec les enfants \u00e0 San Remo : parc aquatique &#8220;Le Caravelle&#8221;"},"content":{"rendered":"<h2 style=\"text-align: center;\">Week-end avec les enfants \u00e0 San Remo : parc aquatique &#8220;Le Caravelle&#8221;<\/h2>\n<p style=\"font-size: 18px; text-align: center;\">En tant que membre des <strong>Italy Family Hotels<\/strong>, c\u2019est avec plaisir que nous offrons \u00e0 vos enfants et \u00e0 vos plus petits toute une gamme de services qui rendront leur s\u00e9jour confortable et agr\u00e9able.<\/p>\n<p style=\"text-align: center;\">Pr\u00e9parez-vous \u00e0 vivre un superbe week-end avec les enfants \u00e0 San Remo.<\/p>\n<p style=\"text-align: center;\"><a class=\"maxbutton-3 maxbutton maxbutton-reserver\" target=\"_blank\" rel=\"noopener\" href=\"https:\/\/sanremoweekend.it\/fr\/info\/\"><span class='mb-text'>Reserver<\/span><\/a><\/p>\n<p>&nbsp;<\/p>\n<div class=\"responsive-tabs\">\n<h2 class=\"tabtitle\">Presentation<\/h2>\n<div class=\"tabcontent\">\n\n<p><strong>Localit\u00e9 : Ceriale<\/strong><br \/>\nDistance de San Remo : 71 Km \u2013 52 min en voiture<br \/>\nInformation :\u00a0Site officiel Le Caravelle<\/p>\n<p>Testez les tourbillons passionnants et rapides. Surfez sur les vagues de la grande piscine. D\u00e9couvrez les incroyables toboggans. D\u00e9tendez-vous dans la fra\u00eecheur d\u2019une oasis de verdure. Plongez dans un hydromassage stimulant. Reposez-vous sur une chaise longue confortablement install\u00e9s sous le soleil!<\/p>\n<p><strong>Un h\u00f4tel id\u00e9al pour les familles avec enfants<\/strong><\/p>\n<p>Notre h\u00f4tel est un complexe 4 \u00e9toiles moderne situ\u00e9 dans un quartier calme et pittoresque de San Remo. Nous sommes fiers d\u2019offrir les services et l\u2019assistance dont les familles et leurs enfants ont besoin pendant leurs vacances. Notre personnel est toujours \u00e0 l\u2019\u00e9coute de vos besoins et de ceux de vos enfants. Ainsi nous ferons tout notre possible pour que vous et votre famille profitiez d\u2019un s\u00e9jour agr\u00e9able en notre compagnie.<\/p>\n<p><strong>Chambres traditionnelles et Suites Junior<\/strong><\/p>\n<p>Un h\u00e9bergement confortable pour les familles : choisissez parmi nos chambres traditionnelles ou un appartement en suite junior. Toutes les chambres sont lumineuses et incroyablement spacieuses et les chambres traditionnelles peuvent accueillir confortablement un berceau ou un lit suppl\u00e9mentaire. Nos suites junior seront soit face \u00e0 la mer ou face aux collines et offrent tout l\u2019espace n\u00e9cessaire pour ajouter facilement deux lits extra standards ou deux lits d\u2019enfant dans deux espaces de vie s\u00e9par\u00e9s.<\/p>\n<p><strong>Le restaurant Asmara et le Jardin d&#8217;Hiver<\/strong><\/p>\n<p>Le service de restauration fournit \u00e9galement des plats pour les besoins de nos clients les plus jeunes &#8211; les enfants. Le menu pour enfants est toujours propos\u00e9 au d\u00e9jeuner comme au d\u00eener, avec une rotation quotidienne des plats sugg\u00e9r\u00e9s pour une alimentation \u00e9quilibr\u00e9e. Vous avez \u00e9galement la possibilit\u00e9 de demander des menus sp\u00e9cifiques selon les besoins de vos enfants et nous serons \u00e9galement ravis de pr\u00e9parer leurs plats pr\u00e9f\u00e9r\u00e9s. En cas de besoins suppl\u00e9mentaires, nous mettons \u00e0 la disposition des parents un espace de cuisine pour la pr\u00e9paration des repas comme \u00e0 la maison. Pendant les mois de juillet et ao\u00fbt, nous offrons \u00e9galement un d\u00eener dans la salle \u00e0 manger traditionnelle d\u2019Asmara ou un service de buffet dans le hall du Jardin d&#8217;Hiver sans aucun co\u00fbt suppl\u00e9mentaire.<\/p>\n<p><strong>La grande piscine d&#8217;\u00e9t\u00e9<\/strong><\/p>\n<p>Situ\u00e9e au pied de palmiers centenaires, notre piscine d\u2019eau douce est ouverte d\u2019avril \u00e0 octobre et dispose d\u2019une superficie de 250 m\u00b2 avec un large patio ensoleill\u00e9. Par ailleurs, une zone peu profonde s\u00fbre (60 &#8211; 70 cm de profondeur) est d\u00e9di\u00e9e \u00e0 nos plus petits clients.<\/p>\n<p><strong>L&#8217;air de jeu pour les enfants<\/strong><\/p>\n<p>Sous l\u2019ombre des palmiers centenaires de notre jardin subtropical, il y a une zone r\u00e9serv\u00e9e aux enfants. Toboggans, balan\u00e7oires, cordes d\u2019escalade et balan\u00e7oire sur ressort sont tous certifi\u00e9s conformes aux r\u00e8gles de s\u00e9curit\u00e9 europ\u00e9ennes ce qui est une garantie au bon divertissement de vos enfants. Concernant les jeux en famille, nous disposons d&#8217;un baby-foot, de tables de ping-pong, de pi\u00e8ces d\u2019\u00e9checs et de jeu de dame de grande taille.<\/p>\n<p><strong>La salle de jeux et le mini-club<\/strong><\/p>\n<p>Une salle de jeu de 15 m\u00b2 \u00e9quip\u00e9e de jeux en bois, d\u2019un tableau noir, de couleurs, d\u2019une t\u00e9l\u00e9vision avec des dessins anim\u00e9s et d\u2019une petite biblioth\u00e8que est constamment accessible. Le service de mini-club avec assistance multilingue est ouvert tous les jours de 18h \u00e0 22h pendant les p\u00e9riodes les plus fr\u00e9quent\u00e9es comme les vacances de No\u00ebl ou de P\u00e2ques et tout au long des mois de juillet et ao\u00fbt. D\u00e9couvrez les autres services de notre H\u00f4tel Familial.<\/p>\n\n<\/div><h2 class=\"tabtitle\">Notre offre comprend<\/h2>\n<div class=\"tabcontent\">\n\n<h3 style=\"text-align: center;\"><strong>\u00a0OFFRE &#8220;WEEK-END AVEC LES ENFANTS A SAN REMO&#8221;<\/strong><\/h3>\n<table class=\"aligncenter\" style=\"border-color: #000000; width: 62.9135%; height: 227px;\" border=\"1\" cellpadding=\"5\">\n<tbody>\n<tr style=\"height: 96px;\">\n<td style=\"text-align: right; width: 12.6949%; height: 96px;\"><\/td>\n<td style=\"text-align: right; width: 6.62773%; height: 96px;\"><span style=\"color: #ff0000;\"><b>Basse saison<\/b><\/span><\/td>\n<td style=\"text-align: right; width: 6.0804%;\"><span style=\"color: #ff0000;\"><strong>Moyenne saison<\/strong><\/span><\/td>\n<td style=\"text-align: right; width: 5.27068%;\"><span style=\"color: #ff0000;\"><strong>Longs Week-ends &amp; Jours f\u00e9ri\u00e9s<\/strong><\/span><\/td>\n<\/tr>\n<tr style=\"height: 48px;\">\n<td style=\"text-align: right; width: 12.6949%; height: 48px;\"><span style=\"color: #ff0000;\"><b>Offre Silver<\/b><\/span><\/td>\n<td style=\"text-align: right; width: 6.62773%; height: 48px;\"><span style=\"color: #ff0000;\"><strong>369.00\u20ac\u00a0<\/strong><\/span><\/td>\n<td style=\"text-align: right; width: 6.0804%; height: 48px;\"><span style=\"color: #ff0000;\"><strong>439.00\u20ac\u00a0\u00a0<\/strong><\/span><\/td>\n<td style=\"text-align: right; width: 5.27068%;\"><span style=\"color: #ff0000;\"><strong>579.00\u20ac\u00a0<\/strong><\/span><\/td>\n<\/tr>\n<\/tbody>\n<\/table>\n<p style=\"text-align: center;\">Prix par personne<\/p>\n<p>Le tarif inclut :<\/p>\n<ul>\n<li><span id=\"result_box\" lang=\"en\"><strong>Formule 7 x 6<\/strong> = 7 nuits pour seulement 6 pay\u00e9es !<\/span><\/li>\n<li>7 x petits-d\u00e9jeuners<\/li>\n<li>7 x d\u00eeners dans notre restaurant, l&#8217;Asmara, selon le menu du jour avec boissons inclues (Bouteille de 50 cl d&#8217;eau min\u00e9rale et pichet de vin de 25 cl)<\/li>\n<li><b>1 x jour au parc aquatique de Caravelle<\/b><\/li>\n<li>Le premier enfant jusqu\u2019\u00e0 13 ans est h\u00e9berg\u00e9 gratuitement. Jusqu\u2019\u00e0 2 enfants, \u00e2g\u00e9s de moins de 18 ans, ces derniers ne paient que 50% lorsqu\u2019ils partagent la m\u00eame chambre que leurs parents.<\/li>\n<li>assistance de notre agence<\/li>\n<li>place de parking priv\u00e9e, selon les disponibilit\u00e9s<\/li>\n<li>navette de l&#8217;h\u00f4tel au centre ville (de 9h \u00e0 18h)<\/li>\n<li><b>carte Sanremo-On Membership<\/b> offrant des r\u00e9ductions sp\u00e9ciales dans certains magasins de v\u00eatements et d\u2019accessoires, des restaurants et caf\u00e9s raffin\u00e9s<\/li>\n<\/ul>\n<p>Le tarif n&#8217;inclut pas:<\/p>\n<ul>\n<li>billets de voyage<\/li>\n<li>taxe de s\u00e9jour payable sur place<\/li>\n<li>extras et pourboires<\/li>\n<li>tout ce qui n&#8217;est pas clairement mentionn\u00e9 dans le paragraphe &#8220;le tarif inclut&#8221;<\/li>\n<li>les tickets d&#8217;entr\u00e9e au Caravelle pour les enfants ne sont pas inclus. Ils ne sont inclus que pour les adultes. Tickets pour les enfants sur demande.<\/li>\n<li>Transport pour se rendre au Caravelle.<\/li>\n<\/ul>\n<p>H\u00e9bergement<\/p>\n<ul>\n<li>L&#8217; <strong>offre Silver<\/strong> comprend un h\u00e9bergement dans une chambre <strong>double classique<\/strong> au NYALA Suite Hotel de San Remo<\/li>\n<\/ul>\n<p>Disponibilit\u00e9 de l&#8217;offre<\/p>\n<ul>\n<li>l\u2019offre est valable toute l\u2019ann\u00e9e, \u00e0 l\u2019exception des p\u00e9riodes de forte affluence, comme au moment des jours f\u00e9ri\u00e9s nationaux et des grands \u00e9v\u00e9nements<\/li>\n<\/ul>\n\n<\/div><h2 class=\"tabtitle\">Reservation Policy<\/h2>\n<div class=\"tabcontent\">\n\n<p><strong>POLITIQUE DE RESERVATION<\/strong><\/p>\n<ul>\n<li>La commercialisation des forfaits &#8220;Week-end \u00e0 Sanremo&#8221; est g\u00e9r\u00e9e par l\u2019agence de voyages Nyala Wonder Travel.<\/li>\n<li>Frais de gestion : 5% sur le montant du forfait confirm\u00e9.<\/li>\n<li>Paiement : lors de la confirmation de la r\u00e9servation par carte de cr\u00e9dit ou par virement bancaire.<\/li>\n<li>P\u00e9nalit\u00e9s en cas d\u2019annulation : remboursement int\u00e9gral des annulations effectu\u00e9es 61 jours avant la date d\u2019arriv\u00e9e pr\u00e9vue, p\u00e9nalit\u00e9 de 50% pour les annulations effectu\u00e9es dans les 31 jours avant la date d\u2019arriv\u00e9e pr\u00e9vue, p\u00e9nalit\u00e9 de 100% pour les annulations effectu\u00e9es dans les 30 jours pr\u00e9c\u00e9dant la date d\u2019arriv\u00e9e pr\u00e9vue.<\/li>\n<li>Frais de modification de r\u00e9servation : pas de frais jusqu\u2019\u00e0 31 jours avant la date d\u2019arriv\u00e9e pr\u00e9vue, 100% pour les modifications effectu\u00e9es dans les 30 jours pr\u00e9c\u00e9dant la date d\u2019arriv\u00e9e pr\u00e9vue.<\/li>\n<li>Frais de transfert du contrat \u00e0 des tiers (art. 38 Code du Tourisme) : pas de frais jusqu\u2019\u00e0 31 jours avant la date d\u2019arriv\u00e9e pr\u00e9vue, 20% du montant du forfait pour les transferts effectu\u00e9s dans les 30 jours pr\u00e9c\u00e9dant la date d\u2019arriv\u00e9e pr\u00e9vue.<\/li>\n<li>Les frais de gestion et les frais administratifs ne sont jamais remboursables en cas de modification ou d\u2019annulation.<\/li>\n<\/ul>\n<p>&nbsp;<\/p>\n<\/div><\/div>\n","protected":false},"excerpt":{"rendered":"<p>Testez les tourbillons passionnants et rapides. Surfez sur les vagues de la grande piscine. D\u00e9couvrez les incroyables toboggans. D\u00e9tendez-vous dans la fra\u00eecheur d\u2019une oasis de verdure. Plongez dans un hydromassage stimulant. Reposez-vous sur une chaise longue confortablement install\u00e9s sous le soleil!<\/p>\n","protected":false},"author":3,"featured_media":11029,"parent":4775,"menu_order":0,"comment_status":"closed","ping_status":"closed","template":"content-page-template.php","meta":{"_acf_changed":false,"_et_pb_use_builder":"","_et_pb_old_content":"","_et_gb_content_width":"","footnotes":""},"class_list":["post-9866","page","type-page","status-publish","has-post-thumbnail","hentry"],"acf":[],"yoast_head":"<!-- This site is optimized with the Yoast SEO plugin v27.4 - https:\/\/yoast.com\/product\/yoast-seo-wordpress\/ -->\n<title>Week-end avec les enfants \u00e0 San Remo : parc aquatique &quot;Le Caravelle&quot; | Sanremo Weekend<\/title>\n<meta name=\"description\" content=\"Pr\u00e9parez-vous \u00e0 vivre un superbe week-end avec les enfants \u00e0 San Remo. R\u00e9servez cette offre qui comprend l&#039;h\u00f4tel et les tickets d&#039;entr\u00e9e au parc aquatique.\" \/>\n<meta name=\"robots\" content=\"index, follow, max-snippet:-1, max-image-preview:large, max-video-preview:-1\" \/>\n<link rel=\"canonical\" href=\"https:\/\/sanremoweekend.it\/holidays-for-families-in-san-remo\/weekend-with-kids-in-san-remo\/\" \/>\n<meta property=\"og:locale\" content=\"fr_FR\" \/>\n<meta property=\"og:type\" content=\"article\" \/>\n<meta property=\"og:title\" content=\"Week-end avec les enfants \u00e0 San Remo : parc aquatique &quot;Le Caravelle&quot; | Sanremo Weekend\" \/>\n<meta property=\"og:description\" content=\"Pr\u00e9parez-vous \u00e0 vivre un superbe week-end avec les enfants \u00e0 San Remo. R\u00e9servez cette offre qui comprend l&#039;h\u00f4tel et les tickets d&#039;entr\u00e9e au parc aquatique.\" \/>\n<meta property=\"og:url\" content=\"https:\/\/sanremoweekend.it\/holidays-for-families-in-san-remo\/weekend-with-kids-in-san-remo\/\" \/>\n<meta property=\"og:site_name\" content=\"Sanremo Weekend\" \/>\n<meta property=\"article:modified_time\" content=\"2023-06-21T08:50:43+00:00\" \/>\n<meta property=\"og:image\" content=\"https:\/\/sanremoweekend.it\/wp-content\/uploads\/2023\/06\/cor-dulce-lMMas1V5Z3w-unsplash.jpg\" \/>\n\t<meta property=\"og:image:width\" content=\"1920\" \/>\n\t<meta property=\"og:image:height\" content=\"1280\" \/>\n\t<meta property=\"og:image:type\" content=\"image\/jpeg\" \/>\n<meta name=\"twitter:card\" content=\"summary_large_image\" \/>\n<meta name=\"twitter:label1\" content=\"Dur\u00e9e de lecture estim\u00e9e\" \/>\n\t<meta name=\"twitter:data1\" content=\"5 minutes\" \/>\n<script type=\"application\/ld+json\" class=\"yoast-schema-graph\">{\"@context\":\"https:\\\/\\\/schema.org\",\"@graph\":[{\"@type\":\"WebPage\",\"@id\":\"https:\\\/\\\/sanremoweekend.it\\\/holidays-for-families-in-san-remo\\\/weekend-with-kids-in-san-remo\\\/\",\"url\":\"https:\\\/\\\/sanremoweekend.it\\\/holidays-for-families-in-san-remo\\\/weekend-with-kids-in-san-remo\\\/\",\"name\":\"Week-end avec les enfants \u00e0 San Remo : parc aquatique \\\"Le Caravelle\\\" | Sanremo Weekend\",\"isPartOf\":{\"@id\":\"https:\\\/\\\/sanremoweekend.it\\\/#website\"},\"primaryImageOfPage\":{\"@id\":\"https:\\\/\\\/sanremoweekend.it\\\/holidays-for-families-in-san-remo\\\/weekend-with-kids-in-san-remo\\\/#primaryimage\"},\"image\":{\"@id\":\"https:\\\/\\\/sanremoweekend.it\\\/holidays-for-families-in-san-remo\\\/weekend-with-kids-in-san-remo\\\/#primaryimage\"},\"thumbnailUrl\":\"https:\\\/\\\/sanremoweekend.it\\\/wp-content\\\/uploads\\\/2023\\\/06\\\/cor-dulce-lMMas1V5Z3w-unsplash.jpg\",\"datePublished\":\"2019-07-31T08:47:33+00:00\",\"dateModified\":\"2023-06-21T08:50:43+00:00\",\"description\":\"Pr\u00e9parez-vous \u00e0 vivre un superbe week-end avec les enfants \u00e0 San Remo. R\u00e9servez cette offre qui comprend l'h\u00f4tel et les tickets d'entr\u00e9e au parc aquatique.\",\"breadcrumb\":{\"@id\":\"https:\\\/\\\/sanremoweekend.it\\\/holidays-for-families-in-san-remo\\\/weekend-with-kids-in-san-remo\\\/#breadcrumb\"},\"inLanguage\":\"fr-FR\",\"potentialAction\":[{\"@type\":\"ReadAction\",\"target\":[\"https:\\\/\\\/sanremoweekend.it\\\/holidays-for-families-in-san-remo\\\/weekend-with-kids-in-san-remo\\\/\"]}]},{\"@type\":\"ImageObject\",\"inLanguage\":\"fr-FR\",\"@id\":\"https:\\\/\\\/sanremoweekend.it\\\/holidays-for-families-in-san-remo\\\/weekend-with-kids-in-san-remo\\\/#primaryimage\",\"url\":\"https:\\\/\\\/sanremoweekend.it\\\/wp-content\\\/uploads\\\/2023\\\/06\\\/cor-dulce-lMMas1V5Z3w-unsplash.jpg\",\"contentUrl\":\"https:\\\/\\\/sanremoweekend.it\\\/wp-content\\\/uploads\\\/2023\\\/06\\\/cor-dulce-lMMas1V5Z3w-unsplash.jpg\",\"width\":1920,\"height\":1280,\"caption\":\"Week-end avec les enfants \u00e0 San Remo\"},{\"@type\":\"BreadcrumbList\",\"@id\":\"https:\\\/\\\/sanremoweekend.it\\\/holidays-for-families-in-san-remo\\\/weekend-with-kids-in-san-remo\\\/#breadcrumb\",\"itemListElement\":[{\"@type\":\"ListItem\",\"position\":1,\"name\":\"Home\",\"item\":\"https:\\\/\\\/sanremoweekend.it\\\/fr\\\/\"},{\"@type\":\"ListItem\",\"position\":2,\"name\":\"Vacances familiales \u00e0 San Remo &#8211; H\u00f4tel familial\",\"item\":\"https:\\\/\\\/sanremoweekend.it\\\/fr\\\/vacances-pour-familles\\\/\"},{\"@type\":\"ListItem\",\"position\":3,\"name\":\"Week-end avec les enfants \u00e0 San Remo : parc aquatique &#8220;Le Caravelle&#8221;\"}]},{\"@type\":\"WebSite\",\"@id\":\"https:\\\/\\\/sanremoweekend.it\\\/#website\",\"url\":\"https:\\\/\\\/sanremoweekend.it\\\/\",\"name\":\"Sanremo Weekend\",\"description\":\"Hotel 4 \u00e9toiles \u00e0 San Remo\",\"potentialAction\":[{\"@type\":\"SearchAction\",\"target\":{\"@type\":\"EntryPoint\",\"urlTemplate\":\"https:\\\/\\\/sanremoweekend.it\\\/?s={search_term_string}\"},\"query-input\":{\"@type\":\"PropertyValueSpecification\",\"valueRequired\":true,\"valueName\":\"search_term_string\"}}],\"inLanguage\":\"fr-FR\"}]}<\/script>\n<!-- \/ Yoast SEO plugin. -->","yoast_head_json":{"title":"Week-end avec les enfants \u00e0 San Remo : parc aquatique \"Le Caravelle\" | Sanremo Weekend","description":"Pr\u00e9parez-vous \u00e0 vivre un superbe week-end avec les enfants \u00e0 San Remo. R\u00e9servez cette offre qui comprend l'h\u00f4tel et les tickets d'entr\u00e9e au parc aquatique.","robots":{"index":"index","follow":"follow","max-snippet":"max-snippet:-1","max-image-preview":"max-image-preview:large","max-video-preview":"max-video-preview:-1"},"canonical":"https:\/\/sanremoweekend.it\/holidays-for-families-in-san-remo\/weekend-with-kids-in-san-remo\/","og_locale":"fr_FR","og_type":"article","og_title":"Week-end avec les enfants \u00e0 San Remo : parc aquatique \"Le Caravelle\" | Sanremo Weekend","og_description":"Pr\u00e9parez-vous \u00e0 vivre un superbe week-end avec les enfants \u00e0 San Remo. R\u00e9servez cette offre qui comprend l'h\u00f4tel et les tickets d'entr\u00e9e au parc aquatique.","og_url":"https:\/\/sanremoweekend.it\/holidays-for-families-in-san-remo\/weekend-with-kids-in-san-remo\/","og_site_name":"Sanremo Weekend","article_modified_time":"2023-06-21T08:50:43+00:00","og_image":[{"width":1920,"height":1280,"url":"https:\/\/sanremoweekend.it\/wp-content\/uploads\/2023\/06\/cor-dulce-lMMas1V5Z3w-unsplash.jpg","type":"image\/jpeg"}],"twitter_card":"summary_large_image","twitter_misc":{"Dur\u00e9e de lecture estim\u00e9e":"5 minutes"},"schema":{"@context":"https:\/\/schema.org","@graph":[{"@type":"WebPage","@id":"https:\/\/sanremoweekend.it\/holidays-for-families-in-san-remo\/weekend-with-kids-in-san-remo\/","url":"https:\/\/sanremoweekend.it\/holidays-for-families-in-san-remo\/weekend-with-kids-in-san-remo\/","name":"Week-end avec les enfants \u00e0 San Remo : parc aquatique \"Le Caravelle\" | Sanremo Weekend","isPartOf":{"@id":"https:\/\/sanremoweekend.it\/#website"},"primaryImageOfPage":{"@id":"https:\/\/sanremoweekend.it\/holidays-for-families-in-san-remo\/weekend-with-kids-in-san-remo\/#primaryimage"},"image":{"@id":"https:\/\/sanremoweekend.it\/holidays-for-families-in-san-remo\/weekend-with-kids-in-san-remo\/#primaryimage"},"thumbnailUrl":"https:\/\/sanremoweekend.it\/wp-content\/uploads\/2023\/06\/cor-dulce-lMMas1V5Z3w-unsplash.jpg","datePublished":"2019-07-31T08:47:33+00:00","dateModified":"2023-06-21T08:50:43+00:00","description":"Pr\u00e9parez-vous \u00e0 vivre un superbe week-end avec les enfants \u00e0 San Remo. R\u00e9servez cette offre qui comprend l'h\u00f4tel et les tickets d'entr\u00e9e au parc aquatique.","breadcrumb":{"@id":"https:\/\/sanremoweekend.it\/holidays-for-families-in-san-remo\/weekend-with-kids-in-san-remo\/#breadcrumb"},"inLanguage":"fr-FR","potentialAction":[{"@type":"ReadAction","target":["https:\/\/sanremoweekend.it\/holidays-for-families-in-san-remo\/weekend-with-kids-in-san-remo\/"]}]},{"@type":"ImageObject","inLanguage":"fr-FR","@id":"https:\/\/sanremoweekend.it\/holidays-for-families-in-san-remo\/weekend-with-kids-in-san-remo\/#primaryimage","url":"https:\/\/sanremoweekend.it\/wp-content\/uploads\/2023\/06\/cor-dulce-lMMas1V5Z3w-unsplash.jpg","contentUrl":"https:\/\/sanremoweekend.it\/wp-content\/uploads\/2023\/06\/cor-dulce-lMMas1V5Z3w-unsplash.jpg","width":1920,"height":1280,"caption":"Week-end avec les enfants \u00e0 San Remo"},{"@type":"BreadcrumbList","@id":"https:\/\/sanremoweekend.it\/holidays-for-families-in-san-remo\/weekend-with-kids-in-san-remo\/#breadcrumb","itemListElement":[{"@type":"ListItem","position":1,"name":"Home","item":"https:\/\/sanremoweekend.it\/fr\/"},{"@type":"ListItem","position":2,"name":"Vacances familiales \u00e0 San Remo &#8211; H\u00f4tel familial","item":"https:\/\/sanremoweekend.it\/fr\/vacances-pour-familles\/"},{"@type":"ListItem","position":3,"name":"Week-end avec les enfants \u00e0 San Remo : parc aquatique &#8220;Le Caravelle&#8221;"}]},{"@type":"WebSite","@id":"https:\/\/sanremoweekend.it\/#website","url":"https:\/\/sanremoweekend.it\/","name":"Sanremo Weekend","description":"Hotel 4 \u00e9toiles \u00e0 San Remo","potentialAction":[{"@type":"SearchAction","target":{"@type":"EntryPoint","urlTemplate":"https:\/\/sanremoweekend.it\/?s={search_term_string}"},"query-input":{"@type":"PropertyValueSpecification","valueRequired":true,"valueName":"search_term_string"}}],"inLanguage":"fr-FR"}]}},"_links":{"self":[{"href":"https:\/\/sanremoweekend.it\/fr\/wp-json\/wp\/v2\/pages\/9866","targetHints":{"allow":["GET"]}}],"collection":[{"href":"https:\/\/sanremoweekend.it\/fr\/wp-json\/wp\/v2\/pages"}],"about":[{"href":"https:\/\/sanremoweekend.it\/fr\/wp-json\/wp\/v2\/types\/page"}],"author":[{"embeddable":true,"href":"https:\/\/sanremoweekend.it\/fr\/wp-json\/wp\/v2\/users\/3"}],"replies":[{"embeddable":true,"href":"https:\/\/sanremoweekend.it\/fr\/wp-json\/wp\/v2\/comments?post=9866"}],"version-history":[{"count":0,"href":"https:\/\/sanremoweekend.it\/fr\/wp-json\/wp\/v2\/pages\/9866\/revisions"}],"up":[{"embeddable":true,"href":"https:\/\/sanremoweekend.it\/fr\/wp-json\/wp\/v2\/pages\/4775"}],"wp:featuredmedia":[{"embeddable":true,"href":"https:\/\/sanremoweekend.it\/fr\/wp-json\/wp\/v2\/media\/11029"}],"wp:attachment":[{"href":"https:\/\/sanremoweekend.it\/fr\/wp-json\/wp\/v2\/media?parent=9866"}],"curies":[{"name":"wp","href":"https:\/\/api.w.org\/{rel}","templated":true}]}}