{"id":9869,"date":"2019-07-31T11:19:10","date_gmt":"2019-07-31T09:19:10","guid":{"rendered":"http:\/\/www.sanremoweekend.it\/offres-speciales-pour-vos-vacances\/sport-in-riviera\/randonner-a-san-remo\/"},"modified":"2023-06-23T09:29:44","modified_gmt":"2023-06-23T07:29:44","slug":"randonner-a-san-remo","status":"publish","type":"page","link":"https:\/\/sanremoweekend.it\/fr\/sport-a-san-remo\/randonner-a-san-remo\/","title":{"rendered":"Randonner \u00e0 San Remo"},"content":{"rendered":"<h2 style=\"text-align: center;\">Randonner \u00e0 San Remo<\/h2>\n<p style=\"text-align: center;\"><strong>Avec ce pack, nous vous proposons de randonner autour de San Remo pendant que vous s\u00e9journez dans un h\u00f4tel 4 \u00e9toiles .\u00a0<\/strong><\/p>\n<p style=\"text-align: center;\"><a class=\"maxbutton-3 maxbutton maxbutton-reserver\" target=\"_blank\" rel=\"noopener\" href=\"https:\/\/sanremoweekend.it\/fr\/info\/\"><span class='mb-text'>Reserver<\/span><\/a><\/p>\n<p>&nbsp;<\/p>\n<div class=\"responsive-tabs\">\n<h2 class=\"tabtitle\">Presentation<\/h2>\n<div class=\"tabcontent\">\n\n<p><a href=\"http:\/\/www.sanremoweekend.it\/wp\/wp-content\/uploads\/2015\/04\/limonepiemonteestate.jpg\"><img loading=\"lazy\" decoding=\"async\" class=\"size-full wp-image-1128 aligncenter\" src=\"http:\/\/www.sanremoweekend.it\/wp\/wp-content\/uploads\/2015\/04\/limonepiemonteestate.jpg\" alt=\"hiking-in-san-remo\" width=\"525\" height=\"350\" srcset=\"https:\/\/sanremoweekend.it\/wp-content\/uploads\/2015\/04\/limonepiemonteestate.jpg 525w, https:\/\/sanremoweekend.it\/wp-content\/uploads\/2015\/04\/limonepiemonteestate-300x200.jpg 300w, https:\/\/sanremoweekend.it\/wp-content\/uploads\/2015\/04\/limonepiemonteestate-2x1.jpg 2w\" sizes=\"(max-width: 525px) 100vw, 525px\" \/><\/a><\/p>\n<p style=\"text-align: justify;\"><span style=\"font-weight: 400;\">La r\u00e9gion qui se trouve dans l&#8217;arri\u00e8re pays de San Remo est merveilleuse, et est souvent n\u00e9glig\u00e9e par les touristes ! La plage a tendance \u00e0 attirer toute l\u2019attention, et les visiteurs peuvent ainsi manquer de d\u00e9couvrir certains endroits vraiment impressionnants dans les montagnes.<\/span><\/p>\n<p style=\"text-align: justify;\"><span style=\"font-weight: 400;\">C\u2019est pourquoi nous voulons vous encourager \u00e0 faire un peu d\u2019exercice en plein air en vous inscrivant \u00e0 une randonn\u00e9e guid\u00e9e pour d\u00e9couvrir les magnifiques paysages de la Ligurie : des espaces naturels d\u2019une grande beaut\u00e9, parfaitement balis\u00e9s, avec de nombreux sentiers et des itin\u00e9raires pour explorer la r\u00e9gion.\u00a0<\/span><\/p>\n<p style=\"text-align: justify;\"><span style=\"font-weight: 400;\">Avec cette offre, nous vous invitons \u00e0 s\u00e9journer dans un h\u00f4tel 4 \u00e9toiles avec vue sur la m\u00e9diterran\u00e9e et de faire une excursion dans l&#8217;arri\u00e8re pays de San Remo et de la Ligurie. Profitez ainsi de la nature avec des excursions randonn\u00e9e.<\/span><\/p>\n<p>Les\u00a0<strong>Alpes maritimes<\/strong> qui entourent la ville sont faciles d\u2019acc\u00e8s en voiture ou en bus, et offrent de magnifiques vues.<\/p>\n<p>A une distance de 30 km de l\u2019h\u00f4tel, il est possible de pratiquer :<\/p>\n<ul>\n<li>Deltaplane et parapente<\/li>\n<li>Trail et Enduro Bike<\/li>\n<li>VTT<\/li>\n<li>Trek &#8211; Randonn\u00e9e p\u00e9destre \u2013 Marche nordique<\/li>\n<li>Course d&#8217;orientation<\/li>\n<\/ul>\n<p>Les vall\u00e9es et les montagnes de notre r\u00e9gion int\u00e9rieure offrent des itin\u00e9raires spectaculaires pour les amateurs de trek, de v\u00e9lo ou d\u2019\u00e9quitation.<\/p>\n<p>Il y a beaucoup de sentiers accessibles \u00e0 tous les niveaux, des plus touristiques aux plus difficiles. Demandez notre guide complet.<\/p>\n\n<\/div><h2 class=\"tabtitle\">Notre offre comprend<\/h2>\n<div class=\"tabcontent\">\n\n<h3 style=\"text-align: center;\"><strong>\u00a0OFFRE &#8220;RANDONNER A SAN REMO&#8221;<br \/>\n<\/strong><\/h3>\n<table class=\"aligncenter\" style=\"border-color: #000000; width: 64.5815%; height: 310px;\" border=\"1\" cellpadding=\"5\">\n<tbody>\n<tr style=\"height: 96px;\">\n<td style=\"text-align: right; width: 12.6949%; height: 96px;\"><\/td>\n<td style=\"text-align: right; width: 6.62773%; height: 96px;\"><span style=\"color: #ff0000;\"><b>Basse saison<\/b><\/span><\/td>\n<td style=\"text-align: right; width: 6.0804%;\"><span style=\"color: #ff0000;\"><strong>Moyenne saison<\/strong><\/span><\/td>\n<td style=\"text-align: right; width: 5.27068%;\"><span style=\"color: #ff0000;\"><strong>Longs Week-ends &amp; Jours f\u00e9ri\u00e9s<\/strong><\/span><\/td>\n<\/tr>\n<tr>\n<td style=\"text-align: right; width: 12.6949%;\"><span style=\"color: #ff0000;\"><strong>Offre Silver : Demi-journ\u00e9e randonn\u00e9e<\/strong><\/span><\/td>\n<td style=\"text-align: right; width: 6.62773%;\"><span style=\"color: #ff0000;\"><strong>139.00\u20ac\u00a0<\/strong><\/span><\/td>\n<td style=\"text-align: right; width: 6.0804%;\"><span style=\"color: #ff0000;\"><strong>159.00\u20ac<\/strong><\/span><\/td>\n<td style=\"text-align: right; width: 5.27068%;\"><span style=\"color: #ff0000;\"><strong>199.00\u20ac\u00a0<\/strong><\/span><\/td>\n<\/tr>\n<tr>\n<td style=\"text-align: right; width: 12.6949%;\"><span style=\"color: #ff0000;\"><strong>Offre Silver : 1 journ\u00e9<\/strong><\/span><span style=\"color: #ff0000;\"><strong>e de randonn\u00e9e<\/strong><\/span><\/td>\n<td style=\"text-align: right; width: 6.62773%;\"><span style=\"color: #ff0000;\"><strong>149.00\u20ac<\/strong><\/span><\/td>\n<td style=\"text-align: right; width: 6.0804%;\"><span style=\"color: #ff0000;\"><strong>169.00\u20ac<\/strong><\/span><\/td>\n<td style=\"text-align: right; width: 5.27068%;\"><span style=\"color: #ff0000;\"><strong>209.00\u20ac<\/strong><\/span><\/td>\n<\/tr>\n<tr>\n<td style=\"text-align: right; width: 12.6949%;\"><span style=\"color: #ff0000;\"><strong>Offre Silver : nuit randonn\u00e9e<\/strong><\/span><\/td>\n<td style=\"text-align: right; width: 6.62773%;\"><span style=\"color: #ff0000;\"><strong>159.00\u20ac<\/strong><\/span><\/td>\n<td style=\"text-align: right; width: 6.0804%;\"><span style=\"color: #ff0000;\"><strong>179.00\u20ac<\/strong><\/span><\/td>\n<td style=\"text-align: right; width: 5.27068%;\"><span style=\"color: #ff0000;\"><strong>219.00\u20ac<\/strong><\/span><\/td>\n<\/tr>\n<\/tbody>\n<\/table>\n<p>&nbsp;<\/p>\n<p>&nbsp;<\/p>\n<p>&nbsp;<\/p>\n<p>&nbsp;<\/p>\n<p>&nbsp;<\/p>\n<p style=\"text-align: center;\">Prix par personne<\/p>\n<p>Le tarif inclut :<\/p>\n<ul>\n<li>2 x <strong>nuits<\/strong><\/li>\n<li>2 x <strong>petits-d\u00e9jeuners<\/strong><\/li>\n<li>1 x <strong>d\u00eener \u00e0 l&#8217;h\u00f4tel avec un menu \u00e0 3 plats<\/strong><\/li>\n<li><strong>1 x excursion randonn\u00e9e<\/strong><\/li>\n<li>assistance de notre agence<\/li>\n<li>place de parking priv\u00e9e, selon les disponibilit\u00e9s<\/li>\n<li>navette de l&#8217;h\u00f4tel au centre ville (de 9h \u00e0 18h)<\/li>\n<li><b>carte Sanremo-On Membership<\/b> offrant des r\u00e9ductions sp\u00e9ciales dans certains magasins de v\u00eatements et d\u2019accessoires, des restaurants et caf\u00e9s raffin\u00e9s<\/li>\n<\/ul>\n<p>Le tarif n&#8217;inclut pas :<\/p>\n<ul>\n<li>billets de voyage<\/li>\n<li>taxe de s\u00e9jour payable sur place<\/li>\n<li>extras et pourboires<\/li>\n<li>tout ce qui n&#8217;est pas clairement mentionn\u00e9 dans le paragraphe &#8220;le tarif inclut&#8221;<\/li>\n<\/ul>\n<p>H\u00e9bergement<\/p>\n<ul>\n<li>L&#8217; <strong>offre Silver<\/strong> comprend un h\u00e9bergement dans une chambre <strong>double classique<\/strong> au NYALA Suite Hotel de San Remo<\/li>\n<\/ul>\n<p>Disponibilit\u00e9 de l&#8217;offre<\/p>\n<ul>\n<li>l\u2019offre est valable toute l\u2019ann\u00e9e, \u00e0 l\u2019exception des p\u00e9riodes de forte affluence, comme au moment des jours f\u00e9ri\u00e9s nationaux et des grands \u00e9v\u00e9nements<\/li>\n<\/ul>\n\n<\/div><h2 class=\"tabtitle\">Politique de reservation<\/h2>\n<div class=\"tabcontent\">\n\n<p><strong>POLITIQUE DE RESERVATION<\/strong><\/p>\n<ul>\n<li>La commercialisation des forfaits &#8220;Week-end \u00e0 Sanremo&#8221; est g\u00e9r\u00e9e par l\u2019agence de voyages Nyala Wonder Travel.<\/li>\n<li>Frais de gestion : 5% sur le montant du forfait confirm\u00e9.<\/li>\n<li>Paiement : lors de la confirmation de la r\u00e9servation par carte de cr\u00e9dit ou par virement bancaire.<\/li>\n<li>P\u00e9nalit\u00e9s en cas d\u2019annulation : remboursement int\u00e9gral des annulations effectu\u00e9es 61 jours avant la date d\u2019arriv\u00e9e pr\u00e9vue, p\u00e9nalit\u00e9 de 50% pour les annulations effectu\u00e9es dans les 31 jours avant la date d\u2019arriv\u00e9e pr\u00e9vue, p\u00e9nalit\u00e9 de 100% pour les annulations effectu\u00e9es dans les 30 jours pr\u00e9c\u00e9dant la date d\u2019arriv\u00e9e pr\u00e9vue.<\/li>\n<li>Frais de modification de r\u00e9servation : pas de frais jusqu\u2019\u00e0 31 jours avant la date d\u2019arriv\u00e9e pr\u00e9vue, 100% pour les modifications effectu\u00e9es dans les 30 jours pr\u00e9c\u00e9dant la date d\u2019arriv\u00e9e pr\u00e9vue.<\/li>\n<li>Frais de transfert du contrat \u00e0 des tiers (art. 38 Code du Tourisme) : pas de frais jusqu\u2019\u00e0 31 jours avant la date d\u2019arriv\u00e9e pr\u00e9vue, 20% du montant du forfait pour les transferts effectu\u00e9s dans les 30 jours pr\u00e9c\u00e9dant la date d\u2019arriv\u00e9e pr\u00e9vue.<\/li>\n<li>Les frais de gestion et les frais administratifs ne sont jamais remboursables en cas de modification ou d\u2019annulation.<\/li>\n<\/ul>\n<\/div><\/div>\n","protected":false},"excerpt":{"rendered":"<p>La r\u00e9gion qui se trouve dans l&#8217;arri\u00e8re pays de San Remo est merveilleuse, et est souvent n\u00e9glig\u00e9e par les touristes ! C\u2019est pourquoi nous voulons vous encourager \u00e0 faire un peu d\u2019exercice en plein air en vous inscrivant \u00e0 une randonn\u00e9e guid\u00e9e pour d\u00e9couvrir les magnifiques paysages de la Ligurie.<\/p>\n","protected":false},"author":3,"featured_media":8283,"parent":4743,"menu_order":0,"comment_status":"closed","ping_status":"closed","template":"content-page-template.php","meta":{"_acf_changed":false,"_et_pb_use_builder":"","_et_pb_old_content":"","_et_gb_content_width":"","footnotes":""},"class_list":["post-9869","page","type-page","status-publish","has-post-thumbnail","hentry"],"acf":[],"yoast_head":"<!-- This site is optimized with the Yoast SEO plugin v27.4 - https:\/\/yoast.com\/product\/yoast-seo-wordpress\/ -->\n<title>Randonner \u00e0 San Remo | Sanremo Weekend<\/title>\n<meta name=\"description\" content=\"L\u2019arri\u00e8re-pays de San Remo est une r\u00e9gion merveilleuse, et souvent m\u00e9connue des touristes ! Venez randonner \u00e0 San Remo et s\u00e9journez dans un h\u00f4tel 4 \u00e9toiles.\" \/>\n<meta name=\"robots\" content=\"index, follow, max-snippet:-1, max-image-preview:large, max-video-preview:-1\" \/>\n<link rel=\"canonical\" href=\"https:\/\/sanremoweekend.it\/sports-weekend-in-san-remo\/hiking-in-san-remo\/\" \/>\n<meta property=\"og:locale\" content=\"fr_FR\" \/>\n<meta property=\"og:type\" content=\"article\" \/>\n<meta property=\"og:title\" content=\"Randonner \u00e0 San Remo | Sanremo Weekend\" \/>\n<meta property=\"og:description\" content=\"L\u2019arri\u00e8re-pays de San Remo est une r\u00e9gion merveilleuse, et souvent m\u00e9connue des touristes ! Venez randonner \u00e0 San Remo et s\u00e9journez dans un h\u00f4tel 4 \u00e9toiles.\" \/>\n<meta property=\"og:url\" content=\"https:\/\/sanremoweekend.it\/sports-weekend-in-san-remo\/hiking-in-san-remo\/\" \/>\n<meta property=\"og:site_name\" content=\"Sanremo Weekend\" \/>\n<meta property=\"article:modified_time\" content=\"2023-06-23T07:29:44+00:00\" \/>\n<meta property=\"og:image\" content=\"https:\/\/sanremoweekend.it\/wp-content\/uploads\/2019\/05\/hiker-918473_1280.jpg\" \/>\n\t<meta property=\"og:image:width\" content=\"1280\" \/>\n\t<meta property=\"og:image:height\" content=\"891\" \/>\n\t<meta property=\"og:image:type\" content=\"image\/jpeg\" \/>\n<meta name=\"twitter:card\" content=\"summary_large_image\" \/>\n<meta name=\"twitter:label1\" content=\"Dur\u00e9e de lecture estim\u00e9e\" \/>\n\t<meta name=\"twitter:data1\" content=\"3 minutes\" \/>\n<script type=\"application\/ld+json\" class=\"yoast-schema-graph\">{\"@context\":\"https:\\\/\\\/schema.org\",\"@graph\":[{\"@type\":\"WebPage\",\"@id\":\"https:\\\/\\\/sanremoweekend.it\\\/sports-weekend-in-san-remo\\\/hiking-in-san-remo\\\/\",\"url\":\"https:\\\/\\\/sanremoweekend.it\\\/sports-weekend-in-san-remo\\\/hiking-in-san-remo\\\/\",\"name\":\"Randonner \u00e0 San Remo | Sanremo Weekend\",\"isPartOf\":{\"@id\":\"https:\\\/\\\/sanremoweekend.it\\\/#website\"},\"primaryImageOfPage\":{\"@id\":\"https:\\\/\\\/sanremoweekend.it\\\/sports-weekend-in-san-remo\\\/hiking-in-san-remo\\\/#primaryimage\"},\"image\":{\"@id\":\"https:\\\/\\\/sanremoweekend.it\\\/sports-weekend-in-san-remo\\\/hiking-in-san-remo\\\/#primaryimage\"},\"thumbnailUrl\":\"https:\\\/\\\/sanremoweekend.it\\\/wp-content\\\/uploads\\\/2019\\\/05\\\/hiker-918473_1280.jpg\",\"datePublished\":\"2019-07-31T09:19:10+00:00\",\"dateModified\":\"2023-06-23T07:29:44+00:00\",\"description\":\"L\u2019arri\u00e8re-pays de San Remo est une r\u00e9gion merveilleuse, et souvent m\u00e9connue des touristes ! Venez randonner \u00e0 San Remo et s\u00e9journez dans un h\u00f4tel 4 \u00e9toiles.\",\"breadcrumb\":{\"@id\":\"https:\\\/\\\/sanremoweekend.it\\\/sports-weekend-in-san-remo\\\/hiking-in-san-remo\\\/#breadcrumb\"},\"inLanguage\":\"fr-FR\",\"potentialAction\":[{\"@type\":\"ReadAction\",\"target\":[\"https:\\\/\\\/sanremoweekend.it\\\/sports-weekend-in-san-remo\\\/hiking-in-san-remo\\\/\"]}]},{\"@type\":\"ImageObject\",\"inLanguage\":\"fr-FR\",\"@id\":\"https:\\\/\\\/sanremoweekend.it\\\/sports-weekend-in-san-remo\\\/hiking-in-san-remo\\\/#primaryimage\",\"url\":\"https:\\\/\\\/sanremoweekend.it\\\/wp-content\\\/uploads\\\/2019\\\/05\\\/hiker-918473_1280.jpg\",\"contentUrl\":\"https:\\\/\\\/sanremoweekend.it\\\/wp-content\\\/uploads\\\/2019\\\/05\\\/hiker-918473_1280.jpg\",\"width\":1280,\"height\":891,\"caption\":\"Trekking-in-san-remo\"},{\"@type\":\"BreadcrumbList\",\"@id\":\"https:\\\/\\\/sanremoweekend.it\\\/sports-weekend-in-san-remo\\\/hiking-in-san-remo\\\/#breadcrumb\",\"itemListElement\":[{\"@type\":\"ListItem\",\"position\":1,\"name\":\"Home\",\"item\":\"https:\\\/\\\/sanremoweekend.it\\\/fr\\\/\"},{\"@type\":\"ListItem\",\"position\":2,\"name\":\"Sport \u00e0 San Remo\",\"item\":\"https:\\\/\\\/sanremoweekend.it\\\/sports-weekend-in-san-remo\\\/\"},{\"@type\":\"ListItem\",\"position\":3,\"name\":\"Randonner \u00e0 San Remo\"}]},{\"@type\":\"WebSite\",\"@id\":\"https:\\\/\\\/sanremoweekend.it\\\/#website\",\"url\":\"https:\\\/\\\/sanremoweekend.it\\\/\",\"name\":\"Sanremo Weekend\",\"description\":\"Hotel 4 \u00e9toiles \u00e0 San Remo\",\"potentialAction\":[{\"@type\":\"SearchAction\",\"target\":{\"@type\":\"EntryPoint\",\"urlTemplate\":\"https:\\\/\\\/sanremoweekend.it\\\/?s={search_term_string}\"},\"query-input\":{\"@type\":\"PropertyValueSpecification\",\"valueRequired\":true,\"valueName\":\"search_term_string\"}}],\"inLanguage\":\"fr-FR\"}]}<\/script>\n<!-- \/ Yoast SEO plugin. -->","yoast_head_json":{"title":"Randonner \u00e0 San Remo | Sanremo Weekend","description":"L\u2019arri\u00e8re-pays de San Remo est une r\u00e9gion merveilleuse, et souvent m\u00e9connue des touristes ! Venez randonner \u00e0 San Remo et s\u00e9journez dans un h\u00f4tel 4 \u00e9toiles.","robots":{"index":"index","follow":"follow","max-snippet":"max-snippet:-1","max-image-preview":"max-image-preview:large","max-video-preview":"max-video-preview:-1"},"canonical":"https:\/\/sanremoweekend.it\/sports-weekend-in-san-remo\/hiking-in-san-remo\/","og_locale":"fr_FR","og_type":"article","og_title":"Randonner \u00e0 San Remo | Sanremo Weekend","og_description":"L\u2019arri\u00e8re-pays de San Remo est une r\u00e9gion merveilleuse, et souvent m\u00e9connue des touristes ! Venez randonner \u00e0 San Remo et s\u00e9journez dans un h\u00f4tel 4 \u00e9toiles.","og_url":"https:\/\/sanremoweekend.it\/sports-weekend-in-san-remo\/hiking-in-san-remo\/","og_site_name":"Sanremo Weekend","article_modified_time":"2023-06-23T07:29:44+00:00","og_image":[{"width":1280,"height":891,"url":"https:\/\/sanremoweekend.it\/wp-content\/uploads\/2019\/05\/hiker-918473_1280.jpg","type":"image\/jpeg"}],"twitter_card":"summary_large_image","twitter_misc":{"Dur\u00e9e de lecture estim\u00e9e":"3 minutes"},"schema":{"@context":"https:\/\/schema.org","@graph":[{"@type":"WebPage","@id":"https:\/\/sanremoweekend.it\/sports-weekend-in-san-remo\/hiking-in-san-remo\/","url":"https:\/\/sanremoweekend.it\/sports-weekend-in-san-remo\/hiking-in-san-remo\/","name":"Randonner \u00e0 San Remo | Sanremo Weekend","isPartOf":{"@id":"https:\/\/sanremoweekend.it\/#website"},"primaryImageOfPage":{"@id":"https:\/\/sanremoweekend.it\/sports-weekend-in-san-remo\/hiking-in-san-remo\/#primaryimage"},"image":{"@id":"https:\/\/sanremoweekend.it\/sports-weekend-in-san-remo\/hiking-in-san-remo\/#primaryimage"},"thumbnailUrl":"https:\/\/sanremoweekend.it\/wp-content\/uploads\/2019\/05\/hiker-918473_1280.jpg","datePublished":"2019-07-31T09:19:10+00:00","dateModified":"2023-06-23T07:29:44+00:00","description":"L\u2019arri\u00e8re-pays de San Remo est une r\u00e9gion merveilleuse, et souvent m\u00e9connue des touristes ! Venez randonner \u00e0 San Remo et s\u00e9journez dans un h\u00f4tel 4 \u00e9toiles.","breadcrumb":{"@id":"https:\/\/sanremoweekend.it\/sports-weekend-in-san-remo\/hiking-in-san-remo\/#breadcrumb"},"inLanguage":"fr-FR","potentialAction":[{"@type":"ReadAction","target":["https:\/\/sanremoweekend.it\/sports-weekend-in-san-remo\/hiking-in-san-remo\/"]}]},{"@type":"ImageObject","inLanguage":"fr-FR","@id":"https:\/\/sanremoweekend.it\/sports-weekend-in-san-remo\/hiking-in-san-remo\/#primaryimage","url":"https:\/\/sanremoweekend.it\/wp-content\/uploads\/2019\/05\/hiker-918473_1280.jpg","contentUrl":"https:\/\/sanremoweekend.it\/wp-content\/uploads\/2019\/05\/hiker-918473_1280.jpg","width":1280,"height":891,"caption":"Trekking-in-san-remo"},{"@type":"BreadcrumbList","@id":"https:\/\/sanremoweekend.it\/sports-weekend-in-san-remo\/hiking-in-san-remo\/#breadcrumb","itemListElement":[{"@type":"ListItem","position":1,"name":"Home","item":"https:\/\/sanremoweekend.it\/fr\/"},{"@type":"ListItem","position":2,"name":"Sport \u00e0 San Remo","item":"https:\/\/sanremoweekend.it\/sports-weekend-in-san-remo\/"},{"@type":"ListItem","position":3,"name":"Randonner \u00e0 San Remo"}]},{"@type":"WebSite","@id":"https:\/\/sanremoweekend.it\/#website","url":"https:\/\/sanremoweekend.it\/","name":"Sanremo Weekend","description":"Hotel 4 \u00e9toiles \u00e0 San Remo","potentialAction":[{"@type":"SearchAction","target":{"@type":"EntryPoint","urlTemplate":"https:\/\/sanremoweekend.it\/?s={search_term_string}"},"query-input":{"@type":"PropertyValueSpecification","valueRequired":true,"valueName":"search_term_string"}}],"inLanguage":"fr-FR"}]}},"_links":{"self":[{"href":"https:\/\/sanremoweekend.it\/fr\/wp-json\/wp\/v2\/pages\/9869","targetHints":{"allow":["GET"]}}],"collection":[{"href":"https:\/\/sanremoweekend.it\/fr\/wp-json\/wp\/v2\/pages"}],"about":[{"href":"https:\/\/sanremoweekend.it\/fr\/wp-json\/wp\/v2\/types\/page"}],"author":[{"embeddable":true,"href":"https:\/\/sanremoweekend.it\/fr\/wp-json\/wp\/v2\/users\/3"}],"replies":[{"embeddable":true,"href":"https:\/\/sanremoweekend.it\/fr\/wp-json\/wp\/v2\/comments?post=9869"}],"version-history":[{"count":0,"href":"https:\/\/sanremoweekend.it\/fr\/wp-json\/wp\/v2\/pages\/9869\/revisions"}],"up":[{"embeddable":true,"href":"https:\/\/sanremoweekend.it\/fr\/wp-json\/wp\/v2\/pages\/4743"}],"wp:featuredmedia":[{"embeddable":true,"href":"https:\/\/sanremoweekend.it\/fr\/wp-json\/wp\/v2\/media\/8283"}],"wp:attachment":[{"href":"https:\/\/sanremoweekend.it\/fr\/wp-json\/wp\/v2\/media?parent=9869"}],"curies":[{"name":"wp","href":"https:\/\/api.w.org\/{rel}","templated":true}]}}