{"id":9873,"date":"2019-07-31T15:09:30","date_gmt":"2019-07-31T13:09:30","guid":{"rendered":"http:\/\/www.sanremoweekend.it\/offres-speciales-pour-vos-vacances\/sport-in-riviera\/tour-en-velo-a-san-remo\/"},"modified":"2023-06-23T09:26:06","modified_gmt":"2023-06-23T07:26:06","slug":"tour-en-velo-a-san-remo","status":"publish","type":"page","link":"https:\/\/sanremoweekend.it\/fr\/sport-a-san-remo\/tour-en-velo-a-san-remo\/","title":{"rendered":"Tour en v\u00e9lo \u00e0 San Remo"},"content":{"rendered":"<h2 style=\"text-align: center;\">Tour en v\u00e9lo \u00e0 San Remo<\/h2>\n<p style=\"text-align: center;\"><strong>Profitez d\u2019un tour en v\u00e9lo le long de la piste cyclable au bord de la mer. <\/strong><\/p>\n<p style=\"text-align: center;\"><strong>Avec cette offre, nous vous offrons un tour \u00e0 v\u00e9lo \u00e0 San Remo tout en s\u00e9journant dans un h\u00f4tel 4 \u00e9toiles.<\/strong><\/p>\n<p style=\"text-align: center;\"><a class=\"maxbutton-3 maxbutton maxbutton-reserver\" target=\"_blank\" rel=\"noopener\" href=\"https:\/\/sanremoweekend.it\/fr\/info\/\"><span class='mb-text'>Reserver<\/span><\/a><\/p>\n<p>&nbsp;<\/p>\n<div class=\"responsive-tabs\">\n<h2 class=\"tabtitle\">Pr\u00e9sentation<\/h2>\n<div class=\"tabcontent\">\n\n<p><span style=\"font-weight: 400;\">Longez les bords de la m\u00e9diterran\u00e9e en v\u00e9lo via la piste cyclable qui va de San Lorenzo al Mare \u00e0 Ospedaletti en passant par San Remo. Il y a au total 24 km de pistes cyclables donnant sur la mer, ce qui est id\u00e9al pour une courte promenade au soleil ou pour une excursion plus longue. Pendant la visite, vous traverserez plusieurs villes, voir diff\u00e9rentes plages ou vous vous arr\u00eaterez pour manger dans certains restaurants en bord de mer. Profitez d\u2019un tour en v\u00e9lo \u00e0 San Remo!<\/span><\/p>\n<p>Il s&#8217;agit<span style=\"font-weight: 400;\"> d\u2019un itin\u00e9raire pour cyclistes de niveau d\u00e9butant, puisque la route est plate, couvre une distance mod\u00e9r\u00e9e et peut \u00eatre pratiqu\u00e9e quelques soit la p\u00e9riode de l\u2019ann\u00e9e. Profitez de cette offre dans laquelle nous vous offrons un s\u00e9jour dans un bel h\u00f4tel 4 \u00e9toiles avec vue sur la mer et votre v\u00e9lo pr\u00eat pour l&#8217;excursion. Choisissez le v\u00e9lo que vous pr\u00e9f\u00e9rez &#8211; un v\u00e9lo normal ou avec assistance \u00e9lectrique. Sur demande, le v\u00e9lo choisi peut \u00eatre pr\u00eat \u00e0 l\u2019h\u00f4tel lorsque vous arrivez.<\/span><\/p>\n<h3>LA PISTE CYCLABLE A SAN REMO<\/h3>\n<div class=\"itemFullText\">\n<p style=\"text-align: justify;\"><img loading=\"lazy\" decoding=\"async\" class=\"alignleft wp-image-1122\" src=\"https:\/\/sanremoweekend.it\/wp-content\/uploads\/2015\/04\/pistaciclabilesanremo-300x200.jpg\" sizes=\"(max-width: 443px) 100vw, 443px\" srcset=\"https:\/\/sanremoweekend.it\/wp-content\/uploads\/2015\/04\/pistaciclabilesanremo-300x200.jpg 300w, http:\/\/www.sanremoweekend.it\/wp\/wp-content\/uploads\/2015\/04\/pistaciclabilesanremo-768x512.jpg 768w, http:\/\/www.sanremoweekend.it\/wp\/wp-content\/uploads\/2015\/04\/pistaciclabilesanremo-600x400.jpg 600w, http:\/\/www.sanremoweekend.it\/wp\/wp-content\/uploads\/2015\/04\/pistaciclabilesanremo-2x1.jpg 2w, http:\/\/www.sanremoweekend.it\/wp\/wp-content\/uploads\/2015\/04\/pistaciclabilesanremo.jpg 806w\" alt=\"pista ciclabile\" width=\"443\" height=\"295\" \/>Le parc Liguria Coastal a ouvert ses portes en 2008 et se trouve le long de l\u2019ancien chemin de fer qui reliait la Riviera aux villes du nord de l\u2019Europe dans les ann\u00e9es 1800. La piste cyclable est actuellement de 24 km de long et s&#8217;\u00e9tend de San Remo \u00e0 San Lorenzo al Mare en passant par Arma di Taggia, Riva Ligure et Santo Stefano al Mare. Le projet pr\u00e9voit toutefois d\u2019\u00e9tendre la piste jusqu\u2019\u00e0 Finale Ligure avec un total de 70 km de long, en d\u00e9pla\u00e7ant progressivement le reste de la voie ferr\u00e9e vers l\u2019int\u00e9rieur des terres.<\/p>\n<p style=\"text-align: justify;\">La piste cyclable se trouve dans un lieu unique, avec la majorit\u00e9 de la route le long de la mer, entour\u00e9e par la v\u00e9g\u00e9tation m\u00e9diterran\u00e9enne et les jardins de la Riviera. Il s&#8217;agit d&#8217;un itin\u00e9raire id\u00e9al pour faire une promenade en famille le long de la c\u00f4te, et c&#8217;est aussi un excellent parcours pour atteindre les vall\u00e9es qui m\u00e8nent dans l&#8217;arri\u00e8re pays de San Remo, o\u00f9 les cyclistes le plus avertis pourront se faire plaisir.<\/p>\n<p style=\"text-align: justify;\">Le Nyala Bike Hotel se trouve \u00e0 environ 1 km de l\u2019acc\u00e8s le plus proche \u00e0 la piste cyclable. C\u2019est un choix parfait pour ceux qui aiment rouler sur deux roues, que ce soit sur un v\u00e9lo de route ou en VTT. Sur demande, nous pouvons fournir un transport gratuit de l\u2019h\u00f4tel \u00e0 la piste et vice versa gr\u00e2ce \u00e0 notre minibus.<\/p>\n<\/div>\n<p>&nbsp;<\/p>\n\n<\/div><h2 class=\"tabtitle\">Notre offre comprend<\/h2>\n<div class=\"tabcontent\">\n\n<h3 style=\"text-align: center;\"><strong>OFFRE &#8220;TOUR EN VELO A SAN REMO&#8221;<br \/>\n<\/strong><\/h3>\n<table class=\"aligncenter\" style=\"border-color: #000000; width: 62.9135%; height: 227px;\" border=\"1\" cellpadding=\"5\">\n<tbody>\n<tr style=\"height: 96px;\">\n<td style=\"text-align: right; width: 12.6949%; height: 96px;\"><\/td>\n<td style=\"text-align: right; width: 6.62773%; height: 96px;\"><span style=\"color: #ff0000;\"><b>Basse saison<\/b><\/span><\/td>\n<td style=\"text-align: right; width: 6.0804%;\"><span style=\"color: #ff0000;\"><strong>Moyenne saison<\/strong><\/span><\/td>\n<td style=\"text-align: right; width: 5.27068%;\"><span style=\"color: #ff0000;\"><strong>Longs Week-ends &amp; Jous f\u00e9ri\u00e9s<\/strong><\/span><\/td>\n<\/tr>\n<tr>\n<td style=\"text-align: right; width: 12.6949%;\"><span style=\"color: #ff0000;\"><strong>Offre Silver : Demi-journ\u00e9e en v\u00e9lo de ville<\/strong><\/span><\/td>\n<td style=\"text-align: right; width: 6.62773%;\"><span style=\"color: #ff0000;\"><strong>129.00\u20ac\u00a0<\/strong><\/span><\/td>\n<td style=\"text-align: right; width: 6.0804%;\"><span style=\"color: #ff0000;\"><strong>149.00\u20ac<\/strong><\/span><\/td>\n<td style=\"text-align: right; width: 5.27068%;\"><span style=\"color: #ff0000;\"><strong>189.00\u20ac\u00a0<\/strong><\/span><\/td>\n<\/tr>\n<tr style=\"height: 48px;\">\n<td style=\"text-align: right; width: 12.6949%; height: 48px;\"><span style=\"color: #ff0000;\"><strong>Offre Silver : Demi-journ\u00e9e en v\u00e9lo \u00e9lectrique<\/strong><\/span><\/td>\n<td style=\"text-align: right; width: 6.62773%; height: 48px;\"><span style=\"color: #ff0000;\"><strong>179.00\u20ac<\/strong><\/span><\/td>\n<td style=\"text-align: right; width: 6.0804%; height: 48px;\"><span style=\"color: #ff0000;\"><strong>199.00\u20ac<\/strong><\/span><\/td>\n<td style=\"text-align: right; width: 5.27068%;\"><span style=\"color: #ff0000;\"><strong>239.00\u20ac<\/strong><\/span><\/td>\n<\/tr>\n<\/tbody>\n<\/table>\n<p>&nbsp;<\/p>\n<p>&nbsp;<\/p>\n<p>&nbsp;<\/p>\n<p>&nbsp;<\/p>\n<p>&nbsp;<\/p>\n<p>&nbsp;<\/p>\n<p style=\"text-align: center;\">Prix par personne<\/p>\n<p>&nbsp;<\/p>\n<p>Le tarif inclut :<\/p>\n<ul>\n<li>2 x nuits<\/li>\n<li>2 x petits-d\u00e9jeuners<\/li>\n<li>1 x d\u00eener \u00e0 l&#8217;h\u00f4tel avec un menu \u00e0 3 plats<\/li>\n<li><strong>1 x demi journ\u00e9e en v\u00e9lo de route ou v\u00e9lo \u00e9lectrique<\/strong><\/li>\n<li>assistance de notre agence<\/li>\n<li>place de parking priv\u00e9e, selon les disponibilit\u00e9s<\/li>\n<li>navette de l&#8217;h\u00f4tel au centre ville (de 9h \u00e0 18h)<\/li>\n<li><b>la carte Sanremo-On Membership<\/b> offrant des r\u00e9ductions sp\u00e9ciales dans certains magasins de v\u00eatements et d\u2019accessoires, des restaurants et caf\u00e9s raffin\u00e9s<\/li>\n<\/ul>\n<p>Le tarif n&#8217;inclut pas :<\/p>\n<ul>\n<li>billets de voyage<\/li>\n<li>taxe de s\u00e9jour payable sur place<\/li>\n<li>extras et pourboires<\/li>\n<li>tout ce qui n&#8217;est pas clairement mentionn\u00e9 dans le paragraphe &#8220;le tarif inclut&#8221;<\/li>\n<\/ul>\n<p>H\u00e9bergement<\/p>\n<ul>\n<li>L&#8217; <strong>offre Silver<\/strong> comprend un h\u00e9bergement dans une chambre <strong>double classique<\/strong> au NYALA Suite Hotel de San Remo<\/li>\n<\/ul>\n<p>Validit\u00e9 de l&#8217;offre<\/p>\n<ul>\n<li>l\u2019offre est valable toute l\u2019ann\u00e9e, \u00e0 l\u2019exception des p\u00e9riodes de forte affluence, comme au moment des jours f\u00e9ri\u00e9s nationaux et des grands \u00e9v\u00e9nements<\/li>\n<\/ul>\n\n<\/div><h2 class=\"tabtitle\">Politique de r\u00e9servation<\/h2>\n<div class=\"tabcontent\">\n\n<p><strong>POLITIQUE DE RESERVATION<\/strong><\/p>\n<ul>\n<li>La commercialisation des forfaits &#8220;Week-end \u00e0 Sanremo&#8221; est g\u00e9r\u00e9e par l\u2019agence de voyages Nyala Wonder Travel.<\/li>\n<li>Frais de gestion : 5% sur le montant du forfait confirm\u00e9.<\/li>\n<li>Paiement : lors de la confirmation de la r\u00e9servation par carte de cr\u00e9dit ou par virement bancaire.<\/li>\n<li>P\u00e9nalit\u00e9s en cas d\u2019annulation : remboursement int\u00e9gral des annulations effectu\u00e9es 61 jours avant la date d\u2019arriv\u00e9e pr\u00e9vue, p\u00e9nalit\u00e9 de 50% pour les annulations effectu\u00e9es dans les 31 jours avant la date d\u2019arriv\u00e9e pr\u00e9vue, p\u00e9nalit\u00e9 de 100% pour les annulations effectu\u00e9es dans les 30 jours pr\u00e9c\u00e9dant la date d\u2019arriv\u00e9e pr\u00e9vue.<\/li>\n<li>Frais de modification de r\u00e9servation : pas de frais jusqu\u2019\u00e0 31 jours avant la date d\u2019arriv\u00e9e pr\u00e9vue, 100% pour les modifications effectu\u00e9es dans les 30 jours pr\u00e9c\u00e9dant la date d\u2019arriv\u00e9e pr\u00e9vue.<\/li>\n<li>Frais de transfert du contrat \u00e0 des tiers (art. 38 Code du Tourisme) : pas de frais jusqu\u2019\u00e0 31 jours avant la date d\u2019arriv\u00e9e pr\u00e9vue, 20% du montant du forfait pour les transferts effectu\u00e9s dans les 30 jours pr\u00e9c\u00e9dant la date d\u2019arriv\u00e9e pr\u00e9vue.<\/li>\n<li>Les frais de gestion et les frais administratifs ne sont jamais remboursables en cas de modification ou d\u2019annulation.<\/li>\n<\/ul>\n<\/div><\/div>\n","protected":false},"excerpt":{"rendered":"<p>Longez les bords de la m\u00e9diterran\u00e9e en v\u00e9lo via la piste cyclable qui va de San Lorenzo al Mare \u00e0 Ospedaletti en passant par San Remo. Il y a au total 24 km de pistes cyclables donnant sur la mer, ce qui est id\u00e9al pour une courte promenade au soleil ou pour une excursion plus longue. <\/p>\n","protected":false},"author":3,"featured_media":8142,"parent":4743,"menu_order":0,"comment_status":"closed","ping_status":"closed","template":"content-page-template.php","meta":{"_acf_changed":false,"_et_pb_use_builder":"","_et_pb_old_content":"","_et_gb_content_width":"","footnotes":""},"class_list":["post-9873","page","type-page","status-publish","has-post-thumbnail","hentry"],"acf":[],"yoast_head":"<!-- This site is optimized with the Yoast SEO plugin v27.5 - https:\/\/yoast.com\/product\/yoast-seo-wordpress\/ -->\n<title>Tour en v\u00e9lo \u00e0 San Remo | Sanremo Weekend<\/title>\n<meta name=\"description\" content=\"Profitez d\u2019un tour \u00e0 v\u00e9lo le long de la piste cyclable au bord de la mer. Avec cette offre, nous vous offrons un tour \u00e0 v\u00e9lo \u00e0 San Remo tout en s\u00e9journant dans un h\u00f4tel 4 \u00e9toiles .\" \/>\n<meta name=\"robots\" content=\"index, follow, max-snippet:-1, max-image-preview:large, max-video-preview:-1\" \/>\n<link rel=\"canonical\" href=\"https:\/\/sanremoweekend.it\/sports-weekend-in-san-remo\/bike-tour-in-san-remo\/\" \/>\n<meta property=\"og:locale\" content=\"fr_FR\" \/>\n<meta property=\"og:type\" content=\"article\" \/>\n<meta property=\"og:title\" content=\"Tour en v\u00e9lo \u00e0 San Remo | Sanremo Weekend\" \/>\n<meta property=\"og:description\" content=\"Profitez d\u2019un tour \u00e0 v\u00e9lo le long de la piste cyclable au bord de la mer. Avec cette offre, nous vous offrons un tour \u00e0 v\u00e9lo \u00e0 San Remo tout en s\u00e9journant dans un h\u00f4tel 4 \u00e9toiles .\" \/>\n<meta property=\"og:url\" content=\"https:\/\/sanremoweekend.it\/sports-weekend-in-san-remo\/bike-tour-in-san-remo\/\" \/>\n<meta property=\"og:site_name\" content=\"Sanremo Weekend\" \/>\n<meta property=\"article:modified_time\" content=\"2023-06-23T07:26:06+00:00\" \/>\n<meta property=\"og:image\" content=\"https:\/\/sanremoweekend.it\/wp-content\/uploads\/2016\/08\/beach-1838331_1280.jpg\" \/>\n\t<meta property=\"og:image:width\" content=\"1280\" \/>\n\t<meta property=\"og:image:height\" content=\"853\" \/>\n\t<meta property=\"og:image:type\" content=\"image\/jpeg\" \/>\n<meta name=\"twitter:card\" content=\"summary_large_image\" \/>\n<meta name=\"twitter:label1\" content=\"Dur\u00e9e de lecture estim\u00e9e\" \/>\n\t<meta name=\"twitter:data1\" content=\"4 minutes\" \/>\n<script type=\"application\/ld+json\" class=\"yoast-schema-graph\">{\"@context\":\"https:\\\/\\\/schema.org\",\"@graph\":[{\"@type\":\"WebPage\",\"@id\":\"https:\\\/\\\/sanremoweekend.it\\\/sports-weekend-in-san-remo\\\/bike-tour-in-san-remo\\\/\",\"url\":\"https:\\\/\\\/sanremoweekend.it\\\/sports-weekend-in-san-remo\\\/bike-tour-in-san-remo\\\/\",\"name\":\"Tour en v\u00e9lo \u00e0 San Remo | Sanremo Weekend\",\"isPartOf\":{\"@id\":\"https:\\\/\\\/sanremoweekend.it\\\/#website\"},\"primaryImageOfPage\":{\"@id\":\"https:\\\/\\\/sanremoweekend.it\\\/sports-weekend-in-san-remo\\\/bike-tour-in-san-remo\\\/#primaryimage\"},\"image\":{\"@id\":\"https:\\\/\\\/sanremoweekend.it\\\/sports-weekend-in-san-remo\\\/bike-tour-in-san-remo\\\/#primaryimage\"},\"thumbnailUrl\":\"https:\\\/\\\/sanremoweekend.it\\\/wp-content\\\/uploads\\\/2016\\\/08\\\/beach-1838331_1280.jpg\",\"datePublished\":\"2019-07-31T13:09:30+00:00\",\"dateModified\":\"2023-06-23T07:26:06+00:00\",\"description\":\"Profitez d\u2019un tour \u00e0 v\u00e9lo le long de la piste cyclable au bord de la mer. Avec cette offre, nous vous offrons un tour \u00e0 v\u00e9lo \u00e0 San Remo tout en s\u00e9journant dans un h\u00f4tel 4 \u00e9toiles .\",\"breadcrumb\":{\"@id\":\"https:\\\/\\\/sanremoweekend.it\\\/sports-weekend-in-san-remo\\\/bike-tour-in-san-remo\\\/#breadcrumb\"},\"inLanguage\":\"fr-FR\",\"potentialAction\":[{\"@type\":\"ReadAction\",\"target\":[\"https:\\\/\\\/sanremoweekend.it\\\/sports-weekend-in-san-remo\\\/bike-tour-in-san-remo\\\/\"]}]},{\"@type\":\"ImageObject\",\"inLanguage\":\"fr-FR\",\"@id\":\"https:\\\/\\\/sanremoweekend.it\\\/sports-weekend-in-san-remo\\\/bike-tour-in-san-remo\\\/#primaryimage\",\"url\":\"https:\\\/\\\/sanremoweekend.it\\\/wp-content\\\/uploads\\\/2016\\\/08\\\/beach-1838331_1280.jpg\",\"contentUrl\":\"https:\\\/\\\/sanremoweekend.it\\\/wp-content\\\/uploads\\\/2016\\\/08\\\/beach-1838331_1280.jpg\",\"width\":1280,\"height\":853,\"caption\":\"bike-tour-in-san-remo\"},{\"@type\":\"BreadcrumbList\",\"@id\":\"https:\\\/\\\/sanremoweekend.it\\\/sports-weekend-in-san-remo\\\/bike-tour-in-san-remo\\\/#breadcrumb\",\"itemListElement\":[{\"@type\":\"ListItem\",\"position\":1,\"name\":\"Home\",\"item\":\"https:\\\/\\\/sanremoweekend.it\\\/fr\\\/\"},{\"@type\":\"ListItem\",\"position\":2,\"name\":\"Sport \u00e0 San Remo\",\"item\":\"https:\\\/\\\/sanremoweekend.it\\\/sports-weekend-in-san-remo\\\/\"},{\"@type\":\"ListItem\",\"position\":3,\"name\":\"Tour en v\u00e9lo \u00e0 San Remo\"}]},{\"@type\":\"WebSite\",\"@id\":\"https:\\\/\\\/sanremoweekend.it\\\/#website\",\"url\":\"https:\\\/\\\/sanremoweekend.it\\\/\",\"name\":\"Sanremo Weekend\",\"description\":\"Hotel 4 \u00e9toiles \u00e0 San Remo\",\"potentialAction\":[{\"@type\":\"SearchAction\",\"target\":{\"@type\":\"EntryPoint\",\"urlTemplate\":\"https:\\\/\\\/sanremoweekend.it\\\/?s={search_term_string}\"},\"query-input\":{\"@type\":\"PropertyValueSpecification\",\"valueRequired\":true,\"valueName\":\"search_term_string\"}}],\"inLanguage\":\"fr-FR\"}]}<\/script>\n<!-- \/ Yoast SEO plugin. -->","yoast_head_json":{"title":"Tour en v\u00e9lo \u00e0 San Remo | Sanremo Weekend","description":"Profitez d\u2019un tour \u00e0 v\u00e9lo le long de la piste cyclable au bord de la mer. Avec cette offre, nous vous offrons un tour \u00e0 v\u00e9lo \u00e0 San Remo tout en s\u00e9journant dans un h\u00f4tel 4 \u00e9toiles .","robots":{"index":"index","follow":"follow","max-snippet":"max-snippet:-1","max-image-preview":"max-image-preview:large","max-video-preview":"max-video-preview:-1"},"canonical":"https:\/\/sanremoweekend.it\/sports-weekend-in-san-remo\/bike-tour-in-san-remo\/","og_locale":"fr_FR","og_type":"article","og_title":"Tour en v\u00e9lo \u00e0 San Remo | Sanremo Weekend","og_description":"Profitez d\u2019un tour \u00e0 v\u00e9lo le long de la piste cyclable au bord de la mer. Avec cette offre, nous vous offrons un tour \u00e0 v\u00e9lo \u00e0 San Remo tout en s\u00e9journant dans un h\u00f4tel 4 \u00e9toiles .","og_url":"https:\/\/sanremoweekend.it\/sports-weekend-in-san-remo\/bike-tour-in-san-remo\/","og_site_name":"Sanremo Weekend","article_modified_time":"2023-06-23T07:26:06+00:00","og_image":[{"width":1280,"height":853,"url":"https:\/\/sanremoweekend.it\/wp-content\/uploads\/2016\/08\/beach-1838331_1280.jpg","type":"image\/jpeg"}],"twitter_card":"summary_large_image","twitter_misc":{"Dur\u00e9e de lecture estim\u00e9e":"4 minutes"},"schema":{"@context":"https:\/\/schema.org","@graph":[{"@type":"WebPage","@id":"https:\/\/sanremoweekend.it\/sports-weekend-in-san-remo\/bike-tour-in-san-remo\/","url":"https:\/\/sanremoweekend.it\/sports-weekend-in-san-remo\/bike-tour-in-san-remo\/","name":"Tour en v\u00e9lo \u00e0 San Remo | Sanremo Weekend","isPartOf":{"@id":"https:\/\/sanremoweekend.it\/#website"},"primaryImageOfPage":{"@id":"https:\/\/sanremoweekend.it\/sports-weekend-in-san-remo\/bike-tour-in-san-remo\/#primaryimage"},"image":{"@id":"https:\/\/sanremoweekend.it\/sports-weekend-in-san-remo\/bike-tour-in-san-remo\/#primaryimage"},"thumbnailUrl":"https:\/\/sanremoweekend.it\/wp-content\/uploads\/2016\/08\/beach-1838331_1280.jpg","datePublished":"2019-07-31T13:09:30+00:00","dateModified":"2023-06-23T07:26:06+00:00","description":"Profitez d\u2019un tour \u00e0 v\u00e9lo le long de la piste cyclable au bord de la mer. Avec cette offre, nous vous offrons un tour \u00e0 v\u00e9lo \u00e0 San Remo tout en s\u00e9journant dans un h\u00f4tel 4 \u00e9toiles .","breadcrumb":{"@id":"https:\/\/sanremoweekend.it\/sports-weekend-in-san-remo\/bike-tour-in-san-remo\/#breadcrumb"},"inLanguage":"fr-FR","potentialAction":[{"@type":"ReadAction","target":["https:\/\/sanremoweekend.it\/sports-weekend-in-san-remo\/bike-tour-in-san-remo\/"]}]},{"@type":"ImageObject","inLanguage":"fr-FR","@id":"https:\/\/sanremoweekend.it\/sports-weekend-in-san-remo\/bike-tour-in-san-remo\/#primaryimage","url":"https:\/\/sanremoweekend.it\/wp-content\/uploads\/2016\/08\/beach-1838331_1280.jpg","contentUrl":"https:\/\/sanremoweekend.it\/wp-content\/uploads\/2016\/08\/beach-1838331_1280.jpg","width":1280,"height":853,"caption":"bike-tour-in-san-remo"},{"@type":"BreadcrumbList","@id":"https:\/\/sanremoweekend.it\/sports-weekend-in-san-remo\/bike-tour-in-san-remo\/#breadcrumb","itemListElement":[{"@type":"ListItem","position":1,"name":"Home","item":"https:\/\/sanremoweekend.it\/fr\/"},{"@type":"ListItem","position":2,"name":"Sport \u00e0 San Remo","item":"https:\/\/sanremoweekend.it\/sports-weekend-in-san-remo\/"},{"@type":"ListItem","position":3,"name":"Tour en v\u00e9lo \u00e0 San Remo"}]},{"@type":"WebSite","@id":"https:\/\/sanremoweekend.it\/#website","url":"https:\/\/sanremoweekend.it\/","name":"Sanremo Weekend","description":"Hotel 4 \u00e9toiles \u00e0 San Remo","potentialAction":[{"@type":"SearchAction","target":{"@type":"EntryPoint","urlTemplate":"https:\/\/sanremoweekend.it\/?s={search_term_string}"},"query-input":{"@type":"PropertyValueSpecification","valueRequired":true,"valueName":"search_term_string"}}],"inLanguage":"fr-FR"}]}},"_links":{"self":[{"href":"https:\/\/sanremoweekend.it\/fr\/wp-json\/wp\/v2\/pages\/9873","targetHints":{"allow":["GET"]}}],"collection":[{"href":"https:\/\/sanremoweekend.it\/fr\/wp-json\/wp\/v2\/pages"}],"about":[{"href":"https:\/\/sanremoweekend.it\/fr\/wp-json\/wp\/v2\/types\/page"}],"author":[{"embeddable":true,"href":"https:\/\/sanremoweekend.it\/fr\/wp-json\/wp\/v2\/users\/3"}],"replies":[{"embeddable":true,"href":"https:\/\/sanremoweekend.it\/fr\/wp-json\/wp\/v2\/comments?post=9873"}],"version-history":[{"count":0,"href":"https:\/\/sanremoweekend.it\/fr\/wp-json\/wp\/v2\/pages\/9873\/revisions"}],"up":[{"embeddable":true,"href":"https:\/\/sanremoweekend.it\/fr\/wp-json\/wp\/v2\/pages\/4743"}],"wp:featuredmedia":[{"embeddable":true,"href":"https:\/\/sanremoweekend.it\/fr\/wp-json\/wp\/v2\/media\/8142"}],"wp:attachment":[{"href":"https:\/\/sanremoweekend.it\/fr\/wp-json\/wp\/v2\/media?parent=9873"}],"curies":[{"name":"wp","href":"https:\/\/api.w.org\/{rel}","templated":true}]}}