{"id":9878,"date":"2019-07-31T15:48:00","date_gmt":"2019-07-31T13:48:00","guid":{"rendered":"http:\/\/www.sanremoweekend.it\/offres-speciales-pour-vos-vacances\/sport-in-riviera\/yoga-a-san-remo\/"},"modified":"2023-06-23T09:37:01","modified_gmt":"2023-06-23T07:37:01","slug":"yoga-a-san-remo","status":"publish","type":"page","link":"https:\/\/sanremoweekend.it\/fr\/sport-a-san-remo\/yoga-a-san-remo\/","title":{"rendered":"Yoga \u00e0 San Remo"},"content":{"rendered":"<h2 style=\"text-align: center;\">Yoga \u00e0 San Remo<\/h2>\n<p style=\"text-align: center;\"><strong>D\u00e9connectez-vous dans un environnement paisible et \u00e9chappez \u00e0 votre routine avec ce programme alternatif, en faisant du yoga \u00e0 San Remo. <\/strong><\/p>\n<p style=\"text-align: center;\"><strong>Nous vous offrons la possibilit\u00e9 de suivre un cours ou de faire une s\u00e9ance de yoga pour ajouter une exp\u00e9rience \u00e0 votre s\u00e9jour.<\/strong><\/p>\n<p style=\"text-align: center;\"><a class=\"maxbutton-3 maxbutton maxbutton-reserver\" target=\"_blank\" rel=\"noopener\" href=\"https:\/\/sanremoweekend.it\/fr\/info\/\"><span class='mb-text'>Reserver<\/span><\/a><\/p>\n<p>&nbsp;<\/p>\n<div class=\"responsive-tabs\">\n<h2 class=\"tabtitle\">Presentation<\/h2>\n<div class=\"tabcontent\">\n\n<p><a href=\"https:\/\/sanremoweekend.it\/wp\/wp-content\/uploads\/2016\/08\/yoga-1842292_1280.jpg\"><img loading=\"lazy\" decoding=\"async\" class=\"size-gallery-thumbnail wp-image-8125 aligncenter\" src=\"https:\/\/sanremoweekend.it\/wp-content\/uploads\/2016\/08\/yoga-1842292_1280-600x400.jpg\" alt=\"Yoga-in-San-Remo\" width=\"600\" height=\"400\" srcset=\"https:\/\/sanremoweekend.it\/wp-content\/uploads\/2016\/08\/yoga-1842292_1280-600x400.jpg 600w, https:\/\/sanremoweekend.it\/wp-content\/uploads\/2016\/08\/yoga-1842292_1280-300x200.jpg 300w, https:\/\/sanremoweekend.it\/wp-content\/uploads\/2016\/08\/yoga-1842292_1280-768x512.jpg 768w, https:\/\/sanremoweekend.it\/wp-content\/uploads\/2016\/08\/yoga-1842292_1280-1024x682.jpg 1024w, https:\/\/sanremoweekend.it\/wp-content\/uploads\/2016\/08\/yoga-1842292_1280-2x1.jpg 2w, https:\/\/sanremoweekend.it\/wp-content\/uploads\/2016\/08\/yoga-1842292_1280.jpg 1280w\" sizes=\"(max-width: 600px) 100vw, 600px\" \/><\/a><\/p>\n<p style=\"text-align: justify;\"><span style=\"font-weight: 400;\">Il est temps de se d\u00e9tendre. Sortez de la ville, oubliez votre routine, respirez profond\u00e9ment, videz votre esprit pendant que vous profitez du calme et de la tranquillit\u00e9 de la c\u00f4te de San Remo. S\u00e9journez dans notre h\u00f4tel et profitez de cette offre qui comprend une s\u00e9ance de yoga \u00e0 San Remo pour vous, vos amis ou votre famille.<\/span><\/p>\n<p style=\"text-align: justify;\"><span style=\"font-weight: 400;\">Nous vous proposons un h\u00f4tel de charme, donnant sur la mer, o\u00f9 vous pourrez vous d\u00e9tendre et pratiquer le yoga le matin ou l\u2019apr\u00e8s-midi. La lutte contre le stress est \u00e0 l\u2019ordre du jour. Si vous \u00eates une de ces personnes qui appr\u00e9cient la relaxation et la m\u00e9ditation, et qui veulent lib\u00e9rer la tension \u00e9motionnelle pour reconnecter l\u2019esprit et le corps, il s&#8217;agit de l&#8217;endroit qu&#8217;il vous faut pour profiter de vos vacances.<\/span><\/p>\n<p style=\"text-align: justify;\"><span style=\"font-weight: 400;\">Venez dans notre h\u00f4tel pour prendre soin de votre corps et de votre esprit en pratiquant le yoga \u00e0 San Remo.<\/span><\/p>\n\n<\/div><h2 class=\"tabtitle\">Notre offre comprend<\/h2>\n<div class=\"tabcontent\">\n\n<h3 style=\"text-align: center;\"><strong>\u00a0OFFRE &#8220;YOGA A SAN REMO&#8221;<\/strong><\/h3>\n<table class=\"aligncenter\" style=\"border-color: #000000; width: 62.9135%; height: 227px;\" border=\"1\" cellpadding=\"5\">\n<tbody>\n<tr style=\"height: 96px;\">\n<td style=\"text-align: right; width: 12.6949%; height: 96px;\"><\/td>\n<td style=\"text-align: right; width: 6.62773%; height: 96px;\"><span style=\"color: #ff0000;\"><b>Basse saison<\/b><\/span><\/td>\n<td style=\"text-align: right; width: 6.0804%;\"><span style=\"color: #ff0000;\"><strong>Moyenne saison<\/strong><\/span><\/td>\n<td style=\"text-align: right; width: 5.27068%;\"><span style=\"color: #ff0000;\"><strong>Longs Week-ends &amp; Jours f\u00e9ri\u00e9s<\/strong><\/span><\/td>\n<\/tr>\n<tr>\n<td style=\"text-align: right; width: 12.6949%;\"><span style=\"color: #ff0000;\"><strong>Offre Silver<\/strong><\/span><\/td>\n<td style=\"text-align: right; width: 6.62773%;\"><span style=\"color: #ff0000;\"><strong>154.00\u20ac\u00a0<\/strong><\/span><\/td>\n<td style=\"text-align: right; width: 6.0804%;\"><span style=\"color: #ff0000;\"><strong>174.00\u20ac<\/strong><\/span><\/td>\n<td style=\"text-align: right; width: 5.27068%;\"><span style=\"color: #ff0000;\"><strong>214.00\u20ac\u00a0<\/strong><\/span><\/td>\n<\/tr>\n<tr style=\"height: 48px;\">\n<td style=\"text-align: right; width: 12.6949%; height: 48px;\"><span style=\"color: #ff0000;\"><strong>Offre Gold<\/strong><\/span><\/td>\n<td style=\"text-align: right; width: 6.62773%; height: 48px;\"><span style=\"color: #ff0000;\"><strong>199.00\u20ac<\/strong><\/span><\/td>\n<td style=\"text-align: right; width: 6.0804%; height: 48px;\"><span style=\"color: #ff0000;\"><strong>219.00\u20ac\u00a0<\/strong><\/span><\/td>\n<td style=\"text-align: right; width: 5.27068%;\"><span style=\"color: #ff0000;\"><strong>259.00\u20ac\u00a0<\/strong><\/span><\/td>\n<\/tr>\n<\/tbody>\n<\/table>\n<p>&nbsp;<\/p>\n<p style=\"text-align: center;\">Prix par personne<\/p>\n<p>Le tarif inclut :<\/p>\n<ul>\n<li>2 x nuits<\/li>\n<li>2 x petits-d\u00e9jeuners<\/li>\n<li>1 x d\u00eener \u00e0 l&#8217;h\u00f4tel avec un menu \u00e0 3 plats<\/li>\n<li><strong>1 x s\u00e9ance de yoga des m\u00e9ridiens ou de pilates<\/strong><\/li>\n<li>assistance de notre agence<\/li>\n<li>place de parking priv\u00e9e, selon les disponibilit\u00e9s<\/li>\n<li>navette de l&#8217;h\u00f4tel au centre ville (de 9h \u00e0 18h)<\/li>\n<li><b>la carte Sanremo-On Membership<\/b> offrant des r\u00e9ductions sp\u00e9ciales dans certains magasins de v\u00eatements et d\u2019accessoires, des restaurants et caf\u00e9s raffin\u00e9s<\/li>\n<\/ul>\n<p>Le tarif n&#8217;inclut pas :<\/p>\n<ul>\n<li>billets de voyage<\/li>\n<li>taxe de s\u00e9jour payable sur place<\/li>\n<li>extras et pourboires<\/li>\n<li>tout ce qui n&#8217;est pas clairement mentionn\u00e9 dans le paragraphe &#8220;le tarif inclut&#8221;<\/li>\n<\/ul>\n<p>H\u00e9bergement<\/p>\n<ul>\n<li>L&#8217; <strong>offre Silver <\/strong>comprend un h\u00e9bergement dans une chambre <strong>double classique<\/strong> au NYALA Suite Hotel de San Remo<\/li>\n<li>L&#8217; <strong>offre Gold<\/strong> comprend un h\u00e9bergement en <strong>suite junio<\/strong><b>r<\/b> au NYALA Suite Hotel de San Remo<\/li>\n<\/ul>\n<p>Validit\u00e9 de l&#8217;offre<\/p>\n<ul>\n<li>l\u2019offre est valable toute l\u2019ann\u00e9e, \u00e0 l\u2019exception des p\u00e9riodes de forte affluence, comme au moment des jours f\u00e9ri\u00e9s nationaux et des grands \u00e9v\u00e9nements<\/li>\n<\/ul>\n\n<\/div><h2 class=\"tabtitle\">Politique de reservation<\/h2>\n<div class=\"tabcontent\">\n\n<p lang=\"en-US\"><span style=\"color: #212121;\"><span style=\"font-family: inherit;\"><span style=\"font-size: medium;\"><strong><span style=\"font-family: INHERIT;\">POLITIQUE DE RESERVATION<\/span><\/strong><\/span><\/span><\/span><\/p>\n<ul>\n<li>\n<p lang=\"en-US\"><span style=\"color: #212121;\"><span style=\"font-family: INHERIT;\"><span style=\"font-size: medium;\">La commercialisation des forfaits &#8220;Week-end \u00e0 Sanremo&#8221; est g\u00e9r\u00e9e par l\u2019agence de voyages Nyala Wonder Travel.<\/span><\/span><\/span><\/p>\n<\/li>\n<li>\n<p lang=\"en-US\"><span style=\"color: #212121;\"><span style=\"font-family: INHERIT;\"><span style=\"font-size: medium;\">Frais de gestion : 5% sur le montant du forfait confirm\u00e9.<\/span><\/span><\/span><\/p>\n<\/li>\n<li>\n<p lang=\"en-US\"><span style=\"color: #212121;\"><span style=\"font-family: INHERIT;\"><span style=\"font-size: medium;\">Paiement : lors de la confirmation de la r\u00e9servation par carte de cr\u00e9dit ou par virement bancaire.<\/span><\/span><\/span><\/p>\n<\/li>\n<li>\n<p lang=\"en-US\"><span style=\"color: #212121;\"><span style=\"font-family: INHERIT;\"><span style=\"font-size: medium;\">P\u00e9nalit\u00e9s en cas d\u2019annulation : remboursement int\u00e9gral des annulations effectu\u00e9es 61 jours avant la date d\u2019arriv\u00e9e pr\u00e9vue, p\u00e9nalit\u00e9 de 50% pour les annulations effectu\u00e9es dans les 31 jours avant la date d\u2019arriv\u00e9e pr\u00e9vue, p\u00e9nalit\u00e9 de 100% pour les annulations effectu\u00e9es dans les 30 jours pr\u00e9c\u00e9dant la date d\u2019arriv\u00e9e pr\u00e9vue.<\/span><\/span><\/span><\/p>\n<\/li>\n<li>\n<p lang=\"en-US\"><span style=\"color: #212121;\"><span style=\"font-family: INHERIT;\"><span style=\"font-size: medium;\">Frais de modification de r\u00e9servation : pas de frais jusqu\u2019\u00e0 31 jours avant la date d\u2019arriv\u00e9e pr\u00e9vue, 100% pour les modifications effectu\u00e9es dans les 30 jours pr\u00e9c\u00e9dant la date d\u2019arriv\u00e9e pr\u00e9vue.<\/span><\/span><\/span><\/p>\n<\/li>\n<li>\n<p lang=\"en-US\"><span style=\"font-family: INHERIT;\"><span style=\"font-size: medium;\"><span style=\"color: #212121;\">Frais de transfert du contrat \u00e0 des tiers (art. 38 Code du Tourisme) : pas de frais jusqu\u2019\u00e0 31 jours avant la date d\u2019arriv\u00e9e pr\u00e9vue, 20% du montant du forfait pour les transferts effectu\u00e9s dans les 30 jours pr\u00e9c\u00e9dant la date d\u2019arriv\u00e9e pr\u00e9vue.<\/span> <\/span><\/span><\/p>\n<\/li>\n<li>\n<p lang=\"en-US\"><span style=\"color: #003000;\">Les frais de gestion<span style=\"font-family: INHERIT;\"><span style=\"font-size: medium;\"> et les frais administratifs ne sont jamais remboursables en cas de modification ou d\u2019annulation.<\/span><\/span><\/span><\/p>\n<\/li>\n<\/ul>\n<\/div><\/div>\n","protected":false},"excerpt":{"rendered":"<p>Il est temps de se d\u00e9tendre. Sortez de la ville, oubliez votre routine, respirez profond\u00e9ment, videz votre esprit pendant que vous profitez du calme et de la tranquillit\u00e9 de la c\u00f4te de San Remo. S\u00e9journez dans notre h\u00f4tel et profitez de cette offre qui comprend une s\u00e9ance de yoga \u00e0 San Remo.<\/p>\n","protected":false},"author":3,"featured_media":8126,"parent":4743,"menu_order":0,"comment_status":"closed","ping_status":"closed","template":"content-page-template.php","meta":{"_acf_changed":false,"_et_pb_use_builder":"","_et_pb_old_content":"","_et_gb_content_width":"","footnotes":""},"class_list":["post-9878","page","type-page","status-publish","has-post-thumbnail","hentry"],"acf":[],"yoast_head":"<!-- This site is optimized with the Yoast SEO plugin v27.4 - https:\/\/yoast.com\/product\/yoast-seo-wordpress\/ -->\n<title>Yoga \u00e0 San Remo | Sanremo Weekend<\/title>\n<meta name=\"description\" content=\"D\u00e9connectez dans un environnement paisible et \u00e9chappez \u00e0 la routine avec cette offre alternative. Ajoutez \u00e0 votre s\u00e9jour une s\u00e9ance de yoga \u00e0 San Remo.\" \/>\n<meta name=\"robots\" content=\"index, follow, max-snippet:-1, max-image-preview:large, max-video-preview:-1\" \/>\n<link rel=\"canonical\" href=\"https:\/\/sanremoweekend.it\/sports-weekend-in-san-remo\/yoga-in-san-remo\/\" \/>\n<meta property=\"og:locale\" content=\"fr_FR\" \/>\n<meta property=\"og:type\" content=\"article\" \/>\n<meta property=\"og:title\" content=\"Yoga \u00e0 San Remo | Sanremo Weekend\" \/>\n<meta property=\"og:description\" content=\"D\u00e9connectez dans un environnement paisible et \u00e9chappez \u00e0 la routine avec cette offre alternative. Ajoutez \u00e0 votre s\u00e9jour une s\u00e9ance de yoga \u00e0 San Remo.\" \/>\n<meta property=\"og:url\" content=\"https:\/\/sanremoweekend.it\/sports-weekend-in-san-remo\/yoga-in-san-remo\/\" \/>\n<meta property=\"og:site_name\" content=\"Sanremo Weekend\" \/>\n<meta property=\"article:modified_time\" content=\"2023-06-23T07:37:01+00:00\" \/>\n<meta property=\"og:image\" content=\"https:\/\/sanremoweekend.it\/wp-content\/uploads\/2016\/08\/yoga-1842292_1280.jpg\" \/>\n\t<meta property=\"og:image:width\" content=\"1280\" \/>\n\t<meta property=\"og:image:height\" content=\"853\" \/>\n\t<meta property=\"og:image:type\" content=\"image\/jpeg\" \/>\n<meta name=\"twitter:card\" content=\"summary_large_image\" \/>\n<meta name=\"twitter:label1\" content=\"Dur\u00e9e de lecture estim\u00e9e\" \/>\n\t<meta name=\"twitter:data1\" content=\"3 minutes\" \/>\n<script type=\"application\/ld+json\" class=\"yoast-schema-graph\">{\"@context\":\"https:\\\/\\\/schema.org\",\"@graph\":[{\"@type\":\"WebPage\",\"@id\":\"https:\\\/\\\/sanremoweekend.it\\\/sports-weekend-in-san-remo\\\/yoga-in-san-remo\\\/\",\"url\":\"https:\\\/\\\/sanremoweekend.it\\\/sports-weekend-in-san-remo\\\/yoga-in-san-remo\\\/\",\"name\":\"Yoga \u00e0 San Remo | Sanremo Weekend\",\"isPartOf\":{\"@id\":\"https:\\\/\\\/sanremoweekend.it\\\/#website\"},\"primaryImageOfPage\":{\"@id\":\"https:\\\/\\\/sanremoweekend.it\\\/sports-weekend-in-san-remo\\\/yoga-in-san-remo\\\/#primaryimage\"},\"image\":{\"@id\":\"https:\\\/\\\/sanremoweekend.it\\\/sports-weekend-in-san-remo\\\/yoga-in-san-remo\\\/#primaryimage\"},\"thumbnailUrl\":\"https:\\\/\\\/sanremoweekend.it\\\/wp-content\\\/uploads\\\/2016\\\/08\\\/yoga-1842292_1280.jpg\",\"datePublished\":\"2019-07-31T13:48:00+00:00\",\"dateModified\":\"2023-06-23T07:37:01+00:00\",\"description\":\"D\u00e9connectez dans un environnement paisible et \u00e9chappez \u00e0 la routine avec cette offre alternative. Ajoutez \u00e0 votre s\u00e9jour une s\u00e9ance de yoga \u00e0 San Remo.\",\"breadcrumb\":{\"@id\":\"https:\\\/\\\/sanremoweekend.it\\\/sports-weekend-in-san-remo\\\/yoga-in-san-remo\\\/#breadcrumb\"},\"inLanguage\":\"fr-FR\",\"potentialAction\":[{\"@type\":\"ReadAction\",\"target\":[\"https:\\\/\\\/sanremoweekend.it\\\/sports-weekend-in-san-remo\\\/yoga-in-san-remo\\\/\"]}]},{\"@type\":\"ImageObject\",\"inLanguage\":\"fr-FR\",\"@id\":\"https:\\\/\\\/sanremoweekend.it\\\/sports-weekend-in-san-remo\\\/yoga-in-san-remo\\\/#primaryimage\",\"url\":\"https:\\\/\\\/sanremoweekend.it\\\/wp-content\\\/uploads\\\/2016\\\/08\\\/yoga-1842292_1280.jpg\",\"contentUrl\":\"https:\\\/\\\/sanremoweekend.it\\\/wp-content\\\/uploads\\\/2016\\\/08\\\/yoga-1842292_1280.jpg\",\"width\":1280,\"height\":853,\"caption\":\"Yoga-in-San-Remo\"},{\"@type\":\"BreadcrumbList\",\"@id\":\"https:\\\/\\\/sanremoweekend.it\\\/sports-weekend-in-san-remo\\\/yoga-in-san-remo\\\/#breadcrumb\",\"itemListElement\":[{\"@type\":\"ListItem\",\"position\":1,\"name\":\"Home\",\"item\":\"https:\\\/\\\/sanremoweekend.it\\\/fr\\\/\"},{\"@type\":\"ListItem\",\"position\":2,\"name\":\"Sport \u00e0 San Remo\",\"item\":\"https:\\\/\\\/sanremoweekend.it\\\/sports-weekend-in-san-remo\\\/\"},{\"@type\":\"ListItem\",\"position\":3,\"name\":\"Yoga \u00e0 San Remo\"}]},{\"@type\":\"WebSite\",\"@id\":\"https:\\\/\\\/sanremoweekend.it\\\/#website\",\"url\":\"https:\\\/\\\/sanremoweekend.it\\\/\",\"name\":\"Sanremo Weekend\",\"description\":\"Hotel 4 \u00e9toiles \u00e0 San Remo\",\"potentialAction\":[{\"@type\":\"SearchAction\",\"target\":{\"@type\":\"EntryPoint\",\"urlTemplate\":\"https:\\\/\\\/sanremoweekend.it\\\/?s={search_term_string}\"},\"query-input\":{\"@type\":\"PropertyValueSpecification\",\"valueRequired\":true,\"valueName\":\"search_term_string\"}}],\"inLanguage\":\"fr-FR\"}]}<\/script>\n<!-- \/ Yoast SEO plugin. -->","yoast_head_json":{"title":"Yoga \u00e0 San Remo | Sanremo Weekend","description":"D\u00e9connectez dans un environnement paisible et \u00e9chappez \u00e0 la routine avec cette offre alternative. Ajoutez \u00e0 votre s\u00e9jour une s\u00e9ance de yoga \u00e0 San Remo.","robots":{"index":"index","follow":"follow","max-snippet":"max-snippet:-1","max-image-preview":"max-image-preview:large","max-video-preview":"max-video-preview:-1"},"canonical":"https:\/\/sanremoweekend.it\/sports-weekend-in-san-remo\/yoga-in-san-remo\/","og_locale":"fr_FR","og_type":"article","og_title":"Yoga \u00e0 San Remo | Sanremo Weekend","og_description":"D\u00e9connectez dans un environnement paisible et \u00e9chappez \u00e0 la routine avec cette offre alternative. Ajoutez \u00e0 votre s\u00e9jour une s\u00e9ance de yoga \u00e0 San Remo.","og_url":"https:\/\/sanremoweekend.it\/sports-weekend-in-san-remo\/yoga-in-san-remo\/","og_site_name":"Sanremo Weekend","article_modified_time":"2023-06-23T07:37:01+00:00","og_image":[{"width":1280,"height":853,"url":"https:\/\/sanremoweekend.it\/wp-content\/uploads\/2016\/08\/yoga-1842292_1280.jpg","type":"image\/jpeg"}],"twitter_card":"summary_large_image","twitter_misc":{"Dur\u00e9e de lecture estim\u00e9e":"3 minutes"},"schema":{"@context":"https:\/\/schema.org","@graph":[{"@type":"WebPage","@id":"https:\/\/sanremoweekend.it\/sports-weekend-in-san-remo\/yoga-in-san-remo\/","url":"https:\/\/sanremoweekend.it\/sports-weekend-in-san-remo\/yoga-in-san-remo\/","name":"Yoga \u00e0 San Remo | Sanremo Weekend","isPartOf":{"@id":"https:\/\/sanremoweekend.it\/#website"},"primaryImageOfPage":{"@id":"https:\/\/sanremoweekend.it\/sports-weekend-in-san-remo\/yoga-in-san-remo\/#primaryimage"},"image":{"@id":"https:\/\/sanremoweekend.it\/sports-weekend-in-san-remo\/yoga-in-san-remo\/#primaryimage"},"thumbnailUrl":"https:\/\/sanremoweekend.it\/wp-content\/uploads\/2016\/08\/yoga-1842292_1280.jpg","datePublished":"2019-07-31T13:48:00+00:00","dateModified":"2023-06-23T07:37:01+00:00","description":"D\u00e9connectez dans un environnement paisible et \u00e9chappez \u00e0 la routine avec cette offre alternative. Ajoutez \u00e0 votre s\u00e9jour une s\u00e9ance de yoga \u00e0 San Remo.","breadcrumb":{"@id":"https:\/\/sanremoweekend.it\/sports-weekend-in-san-remo\/yoga-in-san-remo\/#breadcrumb"},"inLanguage":"fr-FR","potentialAction":[{"@type":"ReadAction","target":["https:\/\/sanremoweekend.it\/sports-weekend-in-san-remo\/yoga-in-san-remo\/"]}]},{"@type":"ImageObject","inLanguage":"fr-FR","@id":"https:\/\/sanremoweekend.it\/sports-weekend-in-san-remo\/yoga-in-san-remo\/#primaryimage","url":"https:\/\/sanremoweekend.it\/wp-content\/uploads\/2016\/08\/yoga-1842292_1280.jpg","contentUrl":"https:\/\/sanremoweekend.it\/wp-content\/uploads\/2016\/08\/yoga-1842292_1280.jpg","width":1280,"height":853,"caption":"Yoga-in-San-Remo"},{"@type":"BreadcrumbList","@id":"https:\/\/sanremoweekend.it\/sports-weekend-in-san-remo\/yoga-in-san-remo\/#breadcrumb","itemListElement":[{"@type":"ListItem","position":1,"name":"Home","item":"https:\/\/sanremoweekend.it\/fr\/"},{"@type":"ListItem","position":2,"name":"Sport \u00e0 San Remo","item":"https:\/\/sanremoweekend.it\/sports-weekend-in-san-remo\/"},{"@type":"ListItem","position":3,"name":"Yoga \u00e0 San Remo"}]},{"@type":"WebSite","@id":"https:\/\/sanremoweekend.it\/#website","url":"https:\/\/sanremoweekend.it\/","name":"Sanremo Weekend","description":"Hotel 4 \u00e9toiles \u00e0 San Remo","potentialAction":[{"@type":"SearchAction","target":{"@type":"EntryPoint","urlTemplate":"https:\/\/sanremoweekend.it\/?s={search_term_string}"},"query-input":{"@type":"PropertyValueSpecification","valueRequired":true,"valueName":"search_term_string"}}],"inLanguage":"fr-FR"}]}},"_links":{"self":[{"href":"https:\/\/sanremoweekend.it\/fr\/wp-json\/wp\/v2\/pages\/9878","targetHints":{"allow":["GET"]}}],"collection":[{"href":"https:\/\/sanremoweekend.it\/fr\/wp-json\/wp\/v2\/pages"}],"about":[{"href":"https:\/\/sanremoweekend.it\/fr\/wp-json\/wp\/v2\/types\/page"}],"author":[{"embeddable":true,"href":"https:\/\/sanremoweekend.it\/fr\/wp-json\/wp\/v2\/users\/3"}],"replies":[{"embeddable":true,"href":"https:\/\/sanremoweekend.it\/fr\/wp-json\/wp\/v2\/comments?post=9878"}],"version-history":[{"count":0,"href":"https:\/\/sanremoweekend.it\/fr\/wp-json\/wp\/v2\/pages\/9878\/revisions"}],"up":[{"embeddable":true,"href":"https:\/\/sanremoweekend.it\/fr\/wp-json\/wp\/v2\/pages\/4743"}],"wp:featuredmedia":[{"embeddable":true,"href":"https:\/\/sanremoweekend.it\/fr\/wp-json\/wp\/v2\/media\/8126"}],"wp:attachment":[{"href":"https:\/\/sanremoweekend.it\/fr\/wp-json\/wp\/v2\/media?parent=9878"}],"curies":[{"name":"wp","href":"https:\/\/api.w.org\/{rel}","templated":true}]}}