{"id":9879,"date":"2019-07-31T16:15:12","date_gmt":"2019-07-31T14:15:12","guid":{"rendered":"http:\/\/www.sanremoweekend.it\/offres-speciales-pour-vos-vacances\/sport-in-riviera\/pecher-a-san-remo\/"},"modified":"2023-07-12T14:29:33","modified_gmt":"2023-07-12T12:29:33","slug":"pecher-a-san-remo","status":"publish","type":"page","link":"https:\/\/sanremoweekend.it\/fr\/sport-a-san-remo\/pecher-a-san-remo\/","title":{"rendered":"P\u00eacher \u00e0 San Remo"},"content":{"rendered":"<h2 style=\"text-align: center;\">PECHER A SAN REMO<\/h2>\n<p style=\"text-align: center;\">Vous voulez vous d\u00e9tendre en mer au large de la c\u00f4te de San Remo pendant une sortie de p\u00eache ? Si vous aimez la p\u00eache, nous pouvons vous offrir le forfait id\u00e9al pour profiter de ce sport. Vous s\u00e9journez dans notre h\u00f4tel 4 \u00e9toiles et nous organiserons tout ce dont vous avez besoin pour profiter d\u2019un ou plusieurs jours de p\u00eache sur un bateau en mer m\u00e9diterran\u00e9e. Venez p\u00eacher \u00e0 San Remo !<\/p>\n<p style=\"text-align: center;\"><a class=\"maxbutton-3 maxbutton maxbutton-reserver\" target=\"_blank\" rel=\"noopener\" href=\"https:\/\/sanremoweekend.it\/fr\/info\/\"><span class='mb-text'>Reserver<\/span><\/a><\/p>\n<p>&nbsp;<\/p>\n<div class=\"responsive-tabs\">\n<h2 class=\"tabtitle\">Pr\u00e9sentation<\/h2>\n<div class=\"tabcontent\">\n\n<p style=\"text-align: center;\"><img loading=\"lazy\" decoding=\"async\" class=\"aligncenter size-gallery-thumbnail wp-image-8154\" src=\"https:\/\/sanremoweekend.it\/wp-content\/uploads\/2016\/08\/boat-4119276_1280-600x400.jpg\" alt=\"Fishing-in-san-remo fare pesca a sanremo\" width=\"600\" height=\"400\" srcset=\"https:\/\/sanremoweekend.it\/wp-content\/uploads\/2016\/08\/boat-4119276_1280-600x400.jpg 600w, https:\/\/sanremoweekend.it\/wp-content\/uploads\/2016\/08\/boat-4119276_1280-1x1.jpg 1w\" sizes=\"(max-width: 600px) 100vw, 600px\" \/><\/p>\n<p><span style=\"font-weight: 400;\">Cette excursion comprend tout le mat\u00e9riel n\u00e9cessaire pour participer \u00e0 une partie de p\u00eache organis\u00e9e et agr\u00e9able. Tout ce dont vous avez besoin est de vouloir apprendre (ou de pratiquer, si vous savez d\u00e9j\u00e0 p\u00each\u00e9) et vous n&#8217;aurez plus qu&#8217;\u00e0 profiter de l\u2019aventure.<\/span><\/p>\n<p><span style=\"font-weight: 400;\">Cette activit\u00e9 est r\u00e9alis\u00e9e en compagnie du skipper du bateau qui vous aidera et fera tout son possible pour vous assurer une sortie de p\u00eache r\u00e9ussie.<\/span><\/p>\n\n<\/div><h2 class=\"tabtitle\">Notre offre comprend<\/h2>\n<div class=\"tabcontent\">\n\n<h3 style=\"text-align: center;\"><strong>\u00a0OFFRE &#8220;PECHE A SAN REMO&#8221;<\/strong><\/h3>\n<table class=\"aligncenter\" style=\"border-color: #000000; width: 62.9135%; height: 178px;\" border=\"1\" cellpadding=\"5\">\n<tbody>\n<tr style=\"height: 96px;\">\n<td style=\"text-align: right; width: 12.6949%; height: 96px;\"><\/td>\n<td style=\"text-align: right; width: 6.62773%; height: 96px;\"><span style=\"color: #ff0000;\"><b>Basse saison<\/b><\/span><\/td>\n<td style=\"text-align: right; width: 6.0804%;\"><span style=\"color: #ff0000;\"><strong>Moyenne saison<\/strong><\/span><\/td>\n<td style=\"text-align: right; width: 5.27068%;\"><span style=\"color: #ff0000;\"><strong>Longs Week-ends &amp; Jours f\u00e9ri\u00e9s<\/strong><\/span><\/td>\n<\/tr>\n<tr>\n<td style=\"text-align: right; width: 12.6949%;\"><span style=\"color: #ff0000;\"><strong>Offre Silver<\/strong><\/span><\/td>\n<td style=\"text-align: right; width: 6.62773%;\"><span style=\"color: #ff0000;\"><strong>249,00\u20ac\u00a0<\/strong><\/span><\/td>\n<td style=\"text-align: right; width: 6.0804%;\"><span style=\"color: #ff0000;\"><strong>279,00\u20ac<\/strong><\/span><\/td>\n<td style=\"text-align: right; width: 5.27068%;\"><span style=\"color: #ff0000;\"><strong>339,<\/strong><\/span><span style=\"color: #ff0000;\"><strong>00\u20ac<br \/>\n<\/strong><\/span><\/td>\n<\/tr>\n<\/tbody>\n<\/table>\n<p style=\"text-align: center;\">Prix par personne<\/p>\n<p>Le tarif inclut :<\/p>\n<ul>\n<li>2 x <strong>nuits<\/strong><\/li>\n<li>2 x <strong>petits-d\u00e9jeuners<\/strong><\/li>\n<li>1 x d\u00eener \u00e0 l&#8217;h\u00f4tel avec un menu \u00e0 3 plats<\/li>\n<li><strong>1 x jour de p\u00eache<\/strong><\/li>\n<li>assistance de notre agence<\/li>\n<li>place de parking priv\u00e9e, selon les disponibilit\u00e9s<\/li>\n<li>navette de l&#8217;h\u00f4tel au centre ville (de 9h \u00e0 18h)<\/li>\n<li><b>la carte Sanremo-On Membership<\/b> offrant des r\u00e9ductions sp\u00e9ciales dans certains magasins de v\u00eatements et d\u2019accessoires, des restaurants et caf\u00e9s raffin\u00e9s<\/li>\n<\/ul>\n<p>Le tarif n&#8217;inclut pas :<\/p>\n<ul>\n<li>billets de voyage<\/li>\n<li>taxe de s\u00e9jour payable sur place<\/li>\n<li>extras et pourboires<\/li>\n<li>tout ce qui n&#8217;est pas clairement mentionn\u00e9 dans le paragraphe &#8220;le tarif inclut&#8221;<\/li>\n<\/ul>\n<p>H\u00e9bergement<\/p>\n<ul>\n<li>L&#8217; <strong>offre Silver<\/strong> comprend un h\u00e9bergement dans une chambre <strong>double classique<\/strong> au NYALA Suite Hotel de San Remo<\/li>\n<\/ul>\n<p>Validit\u00e9 de l&#8217;offre<\/p>\n<ul>\n<li>l\u2019offre est valable toute l\u2019ann\u00e9e, \u00e0 l\u2019exception des p\u00e9riodes de forte affluence, comme au moment des jours f\u00e9ri\u00e9s nationaux et des grands \u00e9v\u00e9nements<\/li>\n<\/ul>\n\n<\/div><h2 class=\"tabtitle\">Politique de r\u00e9servation<\/h2>\n<div class=\"tabcontent\">\n\n<p lang=\"en-US\"><span style=\"color: #212121;\"><span style=\"font-family: inherit;\"><span style=\"font-size: medium;\"><strong><span style=\"font-family: INHERIT;\">POLITIQUE DE RESERVATION<\/span><\/strong><\/span><\/span><\/span><\/p>\n<ul>\n<li>\n<p lang=\"en-US\"><span style=\"color: #212121;\"><span style=\"font-family: INHERIT;\"><span style=\"font-size: medium;\">La commercialisation des forfaits &#8220;Week-end \u00e0 Sanremo&#8221; est g\u00e9r\u00e9e par l\u2019agence de voyages Nyala Wonder Travel.<\/span><\/span><\/span><\/p>\n<\/li>\n<li>\n<p lang=\"en-US\"><span style=\"color: #212121;\"><span style=\"font-family: INHERIT;\"><span style=\"font-size: medium;\">Frais de gestion : 5% sur le montant du forfait confirm\u00e9.<\/span><\/span><\/span><\/p>\n<\/li>\n<li>\n<p lang=\"en-US\"><span style=\"color: #212121;\"><span style=\"font-family: INHERIT;\"><span style=\"font-size: medium;\">Paiement : lors de la confirmation de la r\u00e9servation par carte de cr\u00e9dit ou par virement bancaire.<\/span><\/span><\/span><\/p>\n<\/li>\n<li>\n<p lang=\"en-US\"><span style=\"color: #212121;\"><span style=\"font-family: INHERIT;\"><span style=\"font-size: medium;\">P\u00e9nalit\u00e9s en cas d\u2019annulation : remboursement int\u00e9gral des annulations effectu\u00e9es 61 jours avant la date d\u2019arriv\u00e9e pr\u00e9vue, p\u00e9nalit\u00e9 de 50% pour les annulations effectu\u00e9es dans les 31 jours avant la date d\u2019arriv\u00e9e pr\u00e9vue, p\u00e9nalit\u00e9 de 100% pour les annulations effectu\u00e9es dans les 30 jours pr\u00e9c\u00e9dant la date d\u2019arriv\u00e9e pr\u00e9vue.<\/span><\/span><\/span><\/p>\n<\/li>\n<li>\n<p lang=\"en-US\"><span style=\"color: #212121;\"><span style=\"font-family: INHERIT;\"><span style=\"font-size: medium;\">Frais de modification de r\u00e9servation : pas de frais jusqu\u2019\u00e0 31 jours avant la date d\u2019arriv\u00e9e pr\u00e9vue, 100% pour les modifications effectu\u00e9es dans les 30 jours pr\u00e9c\u00e9dant la date d\u2019arriv\u00e9e pr\u00e9vue.<\/span><\/span><\/span><\/p>\n<\/li>\n<li>\n<p lang=\"en-US\"><span style=\"font-family: INHERIT;\"><span style=\"font-size: medium;\"><span style=\"color: #212121;\">Frais de transfert du contrat \u00e0 des tiers (art. 38 Code du Tourisme) : pas de frais jusqu\u2019\u00e0 31 jours avant la date d\u2019arriv\u00e9e pr\u00e9vue, 20% du montant du forfait pour les transferts effectu\u00e9s dans les 30 jours pr\u00e9c\u00e9dant la date d\u2019arriv\u00e9e pr\u00e9vue.<\/span> <\/span><\/span><\/p>\n<\/li>\n<li>\n<p lang=\"en-US\"><span style=\"color: #003000;\">Les frais de gestion<span style=\"font-family: INHERIT;\"><span style=\"font-size: medium;\"> et les frais administratifs ne sont jamais remboursables en cas de modification ou d\u2019annulation.<\/span><\/span><\/span><\/p>\n<\/li>\n<\/ul>\n<\/div><\/div>\n","protected":false},"excerpt":{"rendered":"<p>Vous voulez vous d\u00e9tendre en mer au large de la c\u00f4te de San Remo pendant une sortie de p\u00eache ? Si vous aimez la p\u00eache, nous pouvons vous offrir le forfait id\u00e9al pour profiter de ce sport. Vous s\u00e9journez dans notre h\u00f4tel 4 \u00e9toiles et nous organiserons tout ce dont vous avez besoin pour profiter d\u2019un ou plusieurs jours de p\u00eache sur un bateau en mer m\u00e9diterran\u00e9e.<\/p>\n","protected":false},"author":3,"featured_media":8152,"parent":4743,"menu_order":0,"comment_status":"closed","ping_status":"closed","template":"content-page-template.php","meta":{"_acf_changed":false,"_et_pb_use_builder":"","_et_pb_old_content":"","_et_gb_content_width":"","footnotes":""},"class_list":["post-9879","page","type-page","status-publish","has-post-thumbnail","hentry"],"acf":[],"yoast_head":"<!-- This site is optimized with the Yoast SEO plugin v27.4 - https:\/\/yoast.com\/product\/yoast-seo-wordpress\/ -->\n<title>P\u00eacher \u00e0 San Remo | Sports &amp; Activitis in San Remo Special Offers<\/title>\n<meta name=\"description\" content=\"Si vous \u00eates un amateur de p\u00eache, venez p\u00eacher \u00e0 San Remo ! Nous vous proposons cette offre id\u00e9ale pour profiter de ce sport et s\u00e9journer dans notre h\u00f4tel 4 \u00e9toiles.\" \/>\n<meta name=\"robots\" content=\"index, follow, max-snippet:-1, max-image-preview:large, max-video-preview:-1\" \/>\n<link rel=\"canonical\" href=\"https:\/\/sanremoweekend.it\/sports-weekend-in-san-remo\/fishing-in-san-remo\/\" \/>\n<meta property=\"og:locale\" content=\"fr_FR\" \/>\n<meta property=\"og:type\" content=\"article\" \/>\n<meta property=\"og:title\" content=\"P\u00eacher \u00e0 San Remo | Sports &amp; Activitis in San Remo Special Offers\" \/>\n<meta property=\"og:description\" content=\"Si vous \u00eates un amateur de p\u00eache, venez p\u00eacher \u00e0 San Remo ! Nous vous proposons cette offre id\u00e9ale pour profiter de ce sport et s\u00e9journer dans notre h\u00f4tel 4 \u00e9toiles.\" \/>\n<meta property=\"og:url\" content=\"https:\/\/sanremoweekend.it\/sports-weekend-in-san-remo\/fishing-in-san-remo\/\" \/>\n<meta property=\"og:site_name\" content=\"Sanremo Weekend\" \/>\n<meta property=\"article:modified_time\" content=\"2023-07-12T12:29:33+00:00\" \/>\n<meta property=\"og:image\" content=\"https:\/\/sanremoweekend.it\/wp-content\/uploads\/2016\/08\/boat-4119276_1280.jpg\" \/>\n\t<meta property=\"og:image:width\" content=\"1280\" \/>\n\t<meta property=\"og:image:height\" content=\"959\" \/>\n\t<meta property=\"og:image:type\" content=\"image\/jpeg\" \/>\n<meta name=\"twitter:card\" content=\"summary_large_image\" \/>\n<meta name=\"twitter:label1\" content=\"Dur\u00e9e de lecture estim\u00e9e\" \/>\n\t<meta name=\"twitter:data1\" content=\"3 minutes\" \/>\n<script type=\"application\/ld+json\" class=\"yoast-schema-graph\">{\"@context\":\"https:\\\/\\\/schema.org\",\"@graph\":[{\"@type\":\"WebPage\",\"@id\":\"https:\\\/\\\/sanremoweekend.it\\\/sports-weekend-in-san-remo\\\/fishing-in-san-remo\\\/\",\"url\":\"https:\\\/\\\/sanremoweekend.it\\\/sports-weekend-in-san-remo\\\/fishing-in-san-remo\\\/\",\"name\":\"P\u00eacher \u00e0 San Remo | Sports & Activitis in San Remo Special Offers\",\"isPartOf\":{\"@id\":\"https:\\\/\\\/sanremoweekend.it\\\/#website\"},\"primaryImageOfPage\":{\"@id\":\"https:\\\/\\\/sanremoweekend.it\\\/sports-weekend-in-san-remo\\\/fishing-in-san-remo\\\/#primaryimage\"},\"image\":{\"@id\":\"https:\\\/\\\/sanremoweekend.it\\\/sports-weekend-in-san-remo\\\/fishing-in-san-remo\\\/#primaryimage\"},\"thumbnailUrl\":\"https:\\\/\\\/sanremoweekend.it\\\/wp-content\\\/uploads\\\/2016\\\/08\\\/boat-4119276_1280.jpg\",\"datePublished\":\"2019-07-31T14:15:12+00:00\",\"dateModified\":\"2023-07-12T12:29:33+00:00\",\"description\":\"Si vous \u00eates un amateur de p\u00eache, venez p\u00eacher \u00e0 San Remo ! Nous vous proposons cette offre id\u00e9ale pour profiter de ce sport et s\u00e9journer dans notre h\u00f4tel 4 \u00e9toiles.\",\"breadcrumb\":{\"@id\":\"https:\\\/\\\/sanremoweekend.it\\\/sports-weekend-in-san-remo\\\/fishing-in-san-remo\\\/#breadcrumb\"},\"inLanguage\":\"fr-FR\",\"potentialAction\":[{\"@type\":\"ReadAction\",\"target\":[\"https:\\\/\\\/sanremoweekend.it\\\/sports-weekend-in-san-remo\\\/fishing-in-san-remo\\\/\"]}]},{\"@type\":\"ImageObject\",\"inLanguage\":\"fr-FR\",\"@id\":\"https:\\\/\\\/sanremoweekend.it\\\/sports-weekend-in-san-remo\\\/fishing-in-san-remo\\\/#primaryimage\",\"url\":\"https:\\\/\\\/sanremoweekend.it\\\/wp-content\\\/uploads\\\/2016\\\/08\\\/boat-4119276_1280.jpg\",\"contentUrl\":\"https:\\\/\\\/sanremoweekend.it\\\/wp-content\\\/uploads\\\/2016\\\/08\\\/boat-4119276_1280.jpg\",\"width\":1280,\"height\":959,\"caption\":\"Fishing-in-san-remo\"},{\"@type\":\"BreadcrumbList\",\"@id\":\"https:\\\/\\\/sanremoweekend.it\\\/sports-weekend-in-san-remo\\\/fishing-in-san-remo\\\/#breadcrumb\",\"itemListElement\":[{\"@type\":\"ListItem\",\"position\":1,\"name\":\"Home\",\"item\":\"https:\\\/\\\/sanremoweekend.it\\\/fr\\\/\"},{\"@type\":\"ListItem\",\"position\":2,\"name\":\"Sport \u00e0 San Remo\",\"item\":\"https:\\\/\\\/sanremoweekend.it\\\/sports-weekend-in-san-remo\\\/\"},{\"@type\":\"ListItem\",\"position\":3,\"name\":\"P\u00eacher \u00e0 San Remo\"}]},{\"@type\":\"WebSite\",\"@id\":\"https:\\\/\\\/sanremoweekend.it\\\/#website\",\"url\":\"https:\\\/\\\/sanremoweekend.it\\\/\",\"name\":\"Sanremo Weekend\",\"description\":\"Hotel 4 \u00e9toiles \u00e0 San Remo\",\"potentialAction\":[{\"@type\":\"SearchAction\",\"target\":{\"@type\":\"EntryPoint\",\"urlTemplate\":\"https:\\\/\\\/sanremoweekend.it\\\/?s={search_term_string}\"},\"query-input\":{\"@type\":\"PropertyValueSpecification\",\"valueRequired\":true,\"valueName\":\"search_term_string\"}}],\"inLanguage\":\"fr-FR\"}]}<\/script>\n<!-- \/ Yoast SEO plugin. -->","yoast_head_json":{"title":"P\u00eacher \u00e0 San Remo | Sports & Activitis in San Remo Special Offers","description":"Si vous \u00eates un amateur de p\u00eache, venez p\u00eacher \u00e0 San Remo ! Nous vous proposons cette offre id\u00e9ale pour profiter de ce sport et s\u00e9journer dans notre h\u00f4tel 4 \u00e9toiles.","robots":{"index":"index","follow":"follow","max-snippet":"max-snippet:-1","max-image-preview":"max-image-preview:large","max-video-preview":"max-video-preview:-1"},"canonical":"https:\/\/sanremoweekend.it\/sports-weekend-in-san-remo\/fishing-in-san-remo\/","og_locale":"fr_FR","og_type":"article","og_title":"P\u00eacher \u00e0 San Remo | Sports & Activitis in San Remo Special Offers","og_description":"Si vous \u00eates un amateur de p\u00eache, venez p\u00eacher \u00e0 San Remo ! Nous vous proposons cette offre id\u00e9ale pour profiter de ce sport et s\u00e9journer dans notre h\u00f4tel 4 \u00e9toiles.","og_url":"https:\/\/sanremoweekend.it\/sports-weekend-in-san-remo\/fishing-in-san-remo\/","og_site_name":"Sanremo Weekend","article_modified_time":"2023-07-12T12:29:33+00:00","og_image":[{"width":1280,"height":959,"url":"https:\/\/sanremoweekend.it\/wp-content\/uploads\/2016\/08\/boat-4119276_1280.jpg","type":"image\/jpeg"}],"twitter_card":"summary_large_image","twitter_misc":{"Dur\u00e9e de lecture estim\u00e9e":"3 minutes"},"schema":{"@context":"https:\/\/schema.org","@graph":[{"@type":"WebPage","@id":"https:\/\/sanremoweekend.it\/sports-weekend-in-san-remo\/fishing-in-san-remo\/","url":"https:\/\/sanremoweekend.it\/sports-weekend-in-san-remo\/fishing-in-san-remo\/","name":"P\u00eacher \u00e0 San Remo | Sports & Activitis in San Remo Special Offers","isPartOf":{"@id":"https:\/\/sanremoweekend.it\/#website"},"primaryImageOfPage":{"@id":"https:\/\/sanremoweekend.it\/sports-weekend-in-san-remo\/fishing-in-san-remo\/#primaryimage"},"image":{"@id":"https:\/\/sanremoweekend.it\/sports-weekend-in-san-remo\/fishing-in-san-remo\/#primaryimage"},"thumbnailUrl":"https:\/\/sanremoweekend.it\/wp-content\/uploads\/2016\/08\/boat-4119276_1280.jpg","datePublished":"2019-07-31T14:15:12+00:00","dateModified":"2023-07-12T12:29:33+00:00","description":"Si vous \u00eates un amateur de p\u00eache, venez p\u00eacher \u00e0 San Remo ! Nous vous proposons cette offre id\u00e9ale pour profiter de ce sport et s\u00e9journer dans notre h\u00f4tel 4 \u00e9toiles.","breadcrumb":{"@id":"https:\/\/sanremoweekend.it\/sports-weekend-in-san-remo\/fishing-in-san-remo\/#breadcrumb"},"inLanguage":"fr-FR","potentialAction":[{"@type":"ReadAction","target":["https:\/\/sanremoweekend.it\/sports-weekend-in-san-remo\/fishing-in-san-remo\/"]}]},{"@type":"ImageObject","inLanguage":"fr-FR","@id":"https:\/\/sanremoweekend.it\/sports-weekend-in-san-remo\/fishing-in-san-remo\/#primaryimage","url":"https:\/\/sanremoweekend.it\/wp-content\/uploads\/2016\/08\/boat-4119276_1280.jpg","contentUrl":"https:\/\/sanremoweekend.it\/wp-content\/uploads\/2016\/08\/boat-4119276_1280.jpg","width":1280,"height":959,"caption":"Fishing-in-san-remo"},{"@type":"BreadcrumbList","@id":"https:\/\/sanremoweekend.it\/sports-weekend-in-san-remo\/fishing-in-san-remo\/#breadcrumb","itemListElement":[{"@type":"ListItem","position":1,"name":"Home","item":"https:\/\/sanremoweekend.it\/fr\/"},{"@type":"ListItem","position":2,"name":"Sport \u00e0 San Remo","item":"https:\/\/sanremoweekend.it\/sports-weekend-in-san-remo\/"},{"@type":"ListItem","position":3,"name":"P\u00eacher \u00e0 San Remo"}]},{"@type":"WebSite","@id":"https:\/\/sanremoweekend.it\/#website","url":"https:\/\/sanremoweekend.it\/","name":"Sanremo Weekend","description":"Hotel 4 \u00e9toiles \u00e0 San Remo","potentialAction":[{"@type":"SearchAction","target":{"@type":"EntryPoint","urlTemplate":"https:\/\/sanremoweekend.it\/?s={search_term_string}"},"query-input":{"@type":"PropertyValueSpecification","valueRequired":true,"valueName":"search_term_string"}}],"inLanguage":"fr-FR"}]}},"_links":{"self":[{"href":"https:\/\/sanremoweekend.it\/fr\/wp-json\/wp\/v2\/pages\/9879","targetHints":{"allow":["GET"]}}],"collection":[{"href":"https:\/\/sanremoweekend.it\/fr\/wp-json\/wp\/v2\/pages"}],"about":[{"href":"https:\/\/sanremoweekend.it\/fr\/wp-json\/wp\/v2\/types\/page"}],"author":[{"embeddable":true,"href":"https:\/\/sanremoweekend.it\/fr\/wp-json\/wp\/v2\/users\/3"}],"replies":[{"embeddable":true,"href":"https:\/\/sanremoweekend.it\/fr\/wp-json\/wp\/v2\/comments?post=9879"}],"version-history":[{"count":0,"href":"https:\/\/sanremoweekend.it\/fr\/wp-json\/wp\/v2\/pages\/9879\/revisions"}],"up":[{"embeddable":true,"href":"https:\/\/sanremoweekend.it\/fr\/wp-json\/wp\/v2\/pages\/4743"}],"wp:featuredmedia":[{"embeddable":true,"href":"https:\/\/sanremoweekend.it\/fr\/wp-json\/wp\/v2\/media\/8152"}],"wp:attachment":[{"href":"https:\/\/sanremoweekend.it\/fr\/wp-json\/wp\/v2\/media?parent=9879"}],"curies":[{"name":"wp","href":"https:\/\/api.w.org\/{rel}","templated":true}]}}