{"id":9880,"date":"2019-07-31T16:29:22","date_gmt":"2019-07-31T14:29:22","guid":{"rendered":"http:\/\/www.sanremoweekend.it\/offres-speciales-pour-vos-vacances\/vacances-pour-familles\/escape-game-a-san-remo\/"},"modified":"2023-06-23T09:39:18","modified_gmt":"2023-06-23T07:39:18","slug":"escape-game-a-san-remo","status":"publish","type":"page","link":"https:\/\/sanremoweekend.it\/fr\/vacances-pour-familles\/escape-game-a-san-remo\/","title":{"rendered":"Escape game \u00e0 San Remo"},"content":{"rendered":"<p>&nbsp;<\/p>\n<h2 style=\"text-align: center;\">ESCAPE GAME A SAN REMO<\/h2>\n<p style=\"text-align: center;\"><strong>Nous proposons cette offre divertissante, id\u00e9ale pour les familles avec des enfants, des couples ou des groupes qui cherchent \u00e0 faire quelque chose de diff\u00e9rent et \u00e0 s\u2019amuser. S\u00e9journez dans notre h\u00f4tel familial 4 \u00e9toiles, profitez de la vue sur la mer m\u00e9diterran\u00e9e et de cette activit\u00e9 originale \u00e0 San Remo.<\/strong><\/p>\n<p style=\"text-align: center;\"><a class=\"maxbutton-3 maxbutton maxbutton-reserver\" target=\"_blank\" rel=\"noopener\" href=\"https:\/\/sanremoweekend.it\/fr\/info\/\"><span class='mb-text'>Reserver<\/span><\/a><\/p>\n<p>&nbsp;<\/p>\n<div class=\"responsive-tabs\">\n<h2 class=\"tabtitle\">Presentation<\/h2>\n<div class=\"tabcontent\">\n\n<p><a href=\"http:\/\/www.sanremoweekend.it\/wp\/wp-content\/uploads\/2019\/05\/james-sutton-187816-unsplash.jpg\"><img loading=\"lazy\" decoding=\"async\" class=\"size-gallery-thumbnail wp-image-8217 aligncenter\" src=\"https:\/\/sanremoweekend.it\/wp-content\/uploads\/2019\/05\/james-sutton-187816-unsplash-600x400.jpg\" alt=\"escape-room-in-san-remo\" width=\"600\" height=\"400\" srcset=\"https:\/\/sanremoweekend.it\/wp-content\/uploads\/2019\/05\/james-sutton-187816-unsplash-600x400.jpg 600w, https:\/\/sanremoweekend.it\/wp-content\/uploads\/2019\/05\/james-sutton-187816-unsplash-300x200.jpg 300w, https:\/\/sanremoweekend.it\/wp-content\/uploads\/2019\/05\/james-sutton-187816-unsplash-768x512.jpg 768w, https:\/\/sanremoweekend.it\/wp-content\/uploads\/2019\/05\/james-sutton-187816-unsplash-1024x683.jpg 1024w, https:\/\/sanremoweekend.it\/wp-content\/uploads\/2019\/05\/james-sutton-187816-unsplash-1x1.jpg 1w\" sizes=\"(max-width: 600px) 100vw, 600px\" \/><\/a><\/p>\n<p><span style=\"font-weight: 400;\">Allez-vous oser tenter un escape game \u00e0 San Remo ? Il s&#8217;agit d&#8217;une activit\u00e9 divertissante et parfaite pour partager des moments en famille ou entre amis. La session dure 1 heure et le d\u00e9fi est de s\u2019\u00e9chapper de la salle avant que les 60 minutes soient \u00e9coul\u00e9es. Pendant ce temps, vous et votre \u00e9quipe devrez r\u00e9soudre des \u00e9nigmes, d\u00e9couvrir des indices et travailler en \u00e9quipe pour trouver les r\u00e9ponses qui vous permettront d&#8217;ouvrir la porte. Serez-vous en mesure de sortir avant que les 60 minutes soient \u00e9coul\u00e9es?<\/span><\/p>\n\n<\/div><h2 class=\"tabtitle\">Notre offre comprend<\/h2>\n<div class=\"tabcontent\">\n\n<h3 style=\"text-align: center;\"><strong>\u00a0OFFRE &#8220;ESCAPE GAME A SAN REMO&#8221;<\/strong><\/h3>\n<table class=\"aligncenter\" style=\"border-color: #000000; width: 62.9135%; height: 227px;\" border=\"1\" cellpadding=\"5\">\n<tbody>\n<tr style=\"height: 96px;\">\n<td style=\"text-align: right; width: 12.6949%; height: 96px;\"><\/td>\n<td style=\"text-align: right; width: 6.62773%; height: 96px;\"><span style=\"color: #ff0000;\"><b>Basse saison<\/b><\/span><\/td>\n<td style=\"text-align: right; width: 6.0804%;\"><span style=\"color: #ff0000;\"><strong>Moyenne saison<\/strong><\/span><\/td>\n<td style=\"text-align: right; width: 5.27068%;\"><span style=\"color: #ff0000;\"><strong>Longs Week-ends &amp; Jours f\u00e9ri\u00e9s<\/strong><\/span><\/td>\n<\/tr>\n<tr>\n<td style=\"text-align: right; width: 12.6949%;\"><span style=\"color: #ff0000;\"><b>Offre Silver<\/b><\/span><\/td>\n<td style=\"text-align: right; width: 6.62773%;\"><span style=\"color: #ff0000;\"><strong>135.00\u20ac\u00a0<\/strong><\/span><\/td>\n<td style=\"text-align: right; width: 6.0804%;\"><span style=\"color: #ff0000;\"><strong>155.00\u20ac<\/strong><\/span><\/td>\n<td style=\"text-align: right; width: 5.27068%;\"><span style=\"color: #ff0000;\"><strong>195.00\u20ac\u00a0<\/strong><\/span><\/td>\n<\/tr>\n<\/tbody>\n<\/table>\n<p style=\"text-align: center;\">Prix par personne<\/p>\n<p>Le tarif inclut :<\/p>\n<ul>\n<li><strong>2 x nuits<\/strong><\/li>\n<li>2 x petits-d\u00e9jeuners<\/li>\n<li><strong>1 x d\u00eener<\/strong> \u00e0 l&#8217;h\u00f4tel avec un menu \u00e0 3 plats<\/li>\n<li>1 x <strong>partie d&#8217;escape game<\/strong> \u00e0 San Remo<\/li>\n<li>assistance de notre agence<\/li>\n<li>place de parking priv\u00e9e, selon les disponibilit\u00e9s<\/li>\n<li>navette de l&#8217;h\u00f4tel au centre ville (de 9h \u00e0 18h)<\/li>\n<li><b>la carte Sanremo-On Membership<\/b> offrant des r\u00e9ductions sp\u00e9ciales dans certains magasins de v\u00eatements et d\u2019accessoires, des restaurants et caf\u00e9s raffin\u00e9s<\/li>\n<\/ul>\n<p>Le tarif n&#8217;inclut pas :<\/p>\n<ul>\n<li>billets de voyage<\/li>\n<li>taxe de s\u00e9jour payable sur place<\/li>\n<li>extras et pourboires<\/li>\n<li>tout ce qui n&#8217;est pas clairement mentionn\u00e9 dans le paragraphe &#8220;le tarif inclut&#8221;<\/li>\n<\/ul>\n<p>H\u00e9bergement<\/p>\n<ul>\n<li>L&#8217; <strong>offre Silver<\/strong> comprend un h\u00e9bergement dans une chambre <strong>double classique<\/strong> au NYALA Suite Hotel de San Remo<\/li>\n<\/ul>\n<p>Validit\u00e9 de l&#8217;offre<\/p>\n<ul>\n<li>l\u2019offre est valable toute l\u2019ann\u00e9e, \u00e0 l\u2019exception des p\u00e9riodes de forte affluence, comme au moment des jours f\u00e9ri\u00e9s nationaux et des grands \u00e9v\u00e9nements<\/li>\n<\/ul>\n<p>&nbsp;<\/p>\n\n<\/div><h2 class=\"tabtitle\">Politique de reservation<\/h2>\n<div class=\"tabcontent\">\n\n<p><strong>POLITIQUE DE RESERVATION<\/strong><\/p>\n<ul>\n<li>La commercialisation des forfaits &#8220;Week-end \u00e0 Sanremo&#8221; est g\u00e9r\u00e9e par l\u2019agence de voyages Nyala Wonder Travel.<\/li>\n<li>Frais de gestion : 5% sur le montant du forfait confirm\u00e9.<\/li>\n<li>Paiement : lors de la confirmation de la r\u00e9servation par carte de cr\u00e9dit ou par virement bancaire.<\/li>\n<li>P\u00e9nalit\u00e9s en cas d\u2019annulation : remboursement int\u00e9gral des annulations effectu\u00e9es 61 jours avant la date d\u2019arriv\u00e9e pr\u00e9vue, p\u00e9nalit\u00e9 de 50% pour les annulations effectu\u00e9es dans les 31 jours avant la date d\u2019arriv\u00e9e pr\u00e9vue, p\u00e9nalit\u00e9 de 100% pour les annulations effectu\u00e9es dans les 30 jours pr\u00e9c\u00e9dant la date d\u2019arriv\u00e9e pr\u00e9vue.<\/li>\n<li>Frais de modification de r\u00e9servation : pas de frais jusqu\u2019\u00e0 31 jours avant la date d\u2019arriv\u00e9e pr\u00e9vue, 100% pour les modifications effectu\u00e9es dans les 30 jours pr\u00e9c\u00e9dant la date d\u2019arriv\u00e9e pr\u00e9vue.<\/li>\n<li>Frais de transfert du contrat \u00e0 des tiers (art. 38 Code du Tourisme) : pas de frais jusqu\u2019\u00e0 31 jours avant la date d\u2019arriv\u00e9e pr\u00e9vue, 20% du montant du forfait pour les transferts effectu\u00e9s dans les 30 jours pr\u00e9c\u00e9dant la date d\u2019arriv\u00e9e pr\u00e9vue.<\/li>\n<li>Les frais de gestion et les frais administratifs ne sont jamais remboursables en cas de modification ou d\u2019annulation.<\/li>\n<\/ul>\n<\/div><\/div>\n","protected":false},"excerpt":{"rendered":"<p>Nous proposons cette offre divertissante, id\u00e9ale pour les familles avec des enfants, des couples ou des groupes qui cherchent \u00e0 faire quelque chose de diff\u00e9rent et \u00e0 s\u2019amuser. Allez-vous oser tenter un escape game \u00e0 San Remo ? Il s&#8217;agit d&#8217;une activit\u00e9 divertissante et parfaite pour partager des moments en famille ou entre amis.<\/p>\n","protected":false},"author":3,"featured_media":8218,"parent":4775,"menu_order":0,"comment_status":"closed","ping_status":"closed","template":"content-page-template.php","meta":{"_acf_changed":false,"_et_pb_use_builder":"","_et_pb_old_content":"","_et_gb_content_width":"","footnotes":""},"class_list":["post-9880","page","type-page","status-publish","has-post-thumbnail","hentry"],"acf":[],"yoast_head":"<!-- This site is optimized with the Yoast SEO plugin v27.4 - https:\/\/yoast.com\/product\/yoast-seo-wordpress\/ -->\n<title>Escape game \u00e0 San Remo | Sanremo Weekend Special Offer<\/title>\n<meta name=\"description\" content=\"L&#039;escape game \u00e0 San Remo est une offre id\u00e9ale pour les familles avec des enfants, des couples ou des groupes qui cherchent \u00e0 faire quelque chose de diff\u00e9rent et \u00e0 s\u2019amuser.\" \/>\n<meta name=\"robots\" content=\"index, follow, max-snippet:-1, max-image-preview:large, max-video-preview:-1\" \/>\n<link rel=\"canonical\" href=\"https:\/\/sanremoweekend.it\/holidays-for-families-in-san-remo\/escape-room-in-san-remo\/\" \/>\n<meta property=\"og:locale\" content=\"fr_FR\" \/>\n<meta property=\"og:type\" content=\"article\" \/>\n<meta property=\"og:title\" content=\"Escape game \u00e0 San Remo | Sanremo Weekend Special Offer\" \/>\n<meta property=\"og:description\" content=\"L&#039;escape game \u00e0 San Remo est une offre id\u00e9ale pour les familles avec des enfants, des couples ou des groupes qui cherchent \u00e0 faire quelque chose de diff\u00e9rent et \u00e0 s\u2019amuser.\" \/>\n<meta property=\"og:url\" content=\"https:\/\/sanremoweekend.it\/holidays-for-families-in-san-remo\/escape-room-in-san-remo\/\" \/>\n<meta property=\"og:site_name\" content=\"Sanremo Weekend\" \/>\n<meta property=\"article:modified_time\" content=\"2023-06-23T07:39:18+00:00\" \/>\n<meta property=\"og:image\" content=\"https:\/\/sanremoweekend.it\/wp-content\/uploads\/2019\/05\/james-sutton-187816-unsplash-1024x683.jpg\" \/>\n\t<meta property=\"og:image:width\" content=\"1024\" \/>\n\t<meta property=\"og:image:height\" content=\"683\" \/>\n\t<meta property=\"og:image:type\" content=\"image\/jpeg\" \/>\n<meta name=\"twitter:card\" content=\"summary_large_image\" \/>\n<meta name=\"twitter:label1\" content=\"Dur\u00e9e de lecture estim\u00e9e\" \/>\n\t<meta name=\"twitter:data1\" content=\"3 minutes\" \/>\n<script type=\"application\/ld+json\" class=\"yoast-schema-graph\">{\"@context\":\"https:\\\/\\\/schema.org\",\"@graph\":[{\"@type\":\"WebPage\",\"@id\":\"https:\\\/\\\/sanremoweekend.it\\\/holidays-for-families-in-san-remo\\\/escape-room-in-san-remo\\\/\",\"url\":\"https:\\\/\\\/sanremoweekend.it\\\/holidays-for-families-in-san-remo\\\/escape-room-in-san-remo\\\/\",\"name\":\"Escape game \u00e0 San Remo | Sanremo Weekend Special Offer\",\"isPartOf\":{\"@id\":\"https:\\\/\\\/sanremoweekend.it\\\/#website\"},\"primaryImageOfPage\":{\"@id\":\"https:\\\/\\\/sanremoweekend.it\\\/holidays-for-families-in-san-remo\\\/escape-room-in-san-remo\\\/#primaryimage\"},\"image\":{\"@id\":\"https:\\\/\\\/sanremoweekend.it\\\/holidays-for-families-in-san-remo\\\/escape-room-in-san-remo\\\/#primaryimage\"},\"thumbnailUrl\":\"https:\\\/\\\/sanremoweekend.it\\\/wp-content\\\/uploads\\\/2019\\\/05\\\/james-sutton-187816-unsplash.jpg\",\"datePublished\":\"2019-07-31T14:29:22+00:00\",\"dateModified\":\"2023-06-23T07:39:18+00:00\",\"description\":\"L'escape game \u00e0 San Remo est une offre id\u00e9ale pour les familles avec des enfants, des couples ou des groupes qui cherchent \u00e0 faire quelque chose de diff\u00e9rent et \u00e0 s\u2019amuser.\",\"breadcrumb\":{\"@id\":\"https:\\\/\\\/sanremoweekend.it\\\/holidays-for-families-in-san-remo\\\/escape-room-in-san-remo\\\/#breadcrumb\"},\"inLanguage\":\"fr-FR\",\"potentialAction\":[{\"@type\":\"ReadAction\",\"target\":[\"https:\\\/\\\/sanremoweekend.it\\\/holidays-for-families-in-san-remo\\\/escape-room-in-san-remo\\\/\"]}]},{\"@type\":\"ImageObject\",\"inLanguage\":\"fr-FR\",\"@id\":\"https:\\\/\\\/sanremoweekend.it\\\/holidays-for-families-in-san-remo\\\/escape-room-in-san-remo\\\/#primaryimage\",\"url\":\"https:\\\/\\\/sanremoweekend.it\\\/wp-content\\\/uploads\\\/2019\\\/05\\\/james-sutton-187816-unsplash.jpg\",\"contentUrl\":\"https:\\\/\\\/sanremoweekend.it\\\/wp-content\\\/uploads\\\/2019\\\/05\\\/james-sutton-187816-unsplash.jpg\",\"width\":5183,\"height\":3456,\"caption\":\"escape-room-in-san-remo\"},{\"@type\":\"BreadcrumbList\",\"@id\":\"https:\\\/\\\/sanremoweekend.it\\\/holidays-for-families-in-san-remo\\\/escape-room-in-san-remo\\\/#breadcrumb\",\"itemListElement\":[{\"@type\":\"ListItem\",\"position\":1,\"name\":\"Home\",\"item\":\"https:\\\/\\\/sanremoweekend.it\\\/fr\\\/\"},{\"@type\":\"ListItem\",\"position\":2,\"name\":\"Vacances familiales \u00e0 San Remo &#8211; H\u00f4tel familial\",\"item\":\"https:\\\/\\\/sanremoweekend.it\\\/fr\\\/vacances-pour-familles\\\/\"},{\"@type\":\"ListItem\",\"position\":3,\"name\":\"Escape game \u00e0 San Remo\"}]},{\"@type\":\"WebSite\",\"@id\":\"https:\\\/\\\/sanremoweekend.it\\\/#website\",\"url\":\"https:\\\/\\\/sanremoweekend.it\\\/\",\"name\":\"Sanremo Weekend\",\"description\":\"Hotel 4 \u00e9toiles \u00e0 San Remo\",\"potentialAction\":[{\"@type\":\"SearchAction\",\"target\":{\"@type\":\"EntryPoint\",\"urlTemplate\":\"https:\\\/\\\/sanremoweekend.it\\\/?s={search_term_string}\"},\"query-input\":{\"@type\":\"PropertyValueSpecification\",\"valueRequired\":true,\"valueName\":\"search_term_string\"}}],\"inLanguage\":\"fr-FR\"}]}<\/script>\n<!-- \/ Yoast SEO plugin. -->","yoast_head_json":{"title":"Escape game \u00e0 San Remo | Sanremo Weekend Special Offer","description":"L'escape game \u00e0 San Remo est une offre id\u00e9ale pour les familles avec des enfants, des couples ou des groupes qui cherchent \u00e0 faire quelque chose de diff\u00e9rent et \u00e0 s\u2019amuser.","robots":{"index":"index","follow":"follow","max-snippet":"max-snippet:-1","max-image-preview":"max-image-preview:large","max-video-preview":"max-video-preview:-1"},"canonical":"https:\/\/sanremoweekend.it\/holidays-for-families-in-san-remo\/escape-room-in-san-remo\/","og_locale":"fr_FR","og_type":"article","og_title":"Escape game \u00e0 San Remo | Sanremo Weekend Special Offer","og_description":"L'escape game \u00e0 San Remo est une offre id\u00e9ale pour les familles avec des enfants, des couples ou des groupes qui cherchent \u00e0 faire quelque chose de diff\u00e9rent et \u00e0 s\u2019amuser.","og_url":"https:\/\/sanremoweekend.it\/holidays-for-families-in-san-remo\/escape-room-in-san-remo\/","og_site_name":"Sanremo Weekend","article_modified_time":"2023-06-23T07:39:18+00:00","og_image":[{"width":1024,"height":683,"url":"https:\/\/sanremoweekend.it\/wp-content\/uploads\/2019\/05\/james-sutton-187816-unsplash-1024x683.jpg","type":"image\/jpeg"}],"twitter_card":"summary_large_image","twitter_misc":{"Dur\u00e9e de lecture estim\u00e9e":"3 minutes"},"schema":{"@context":"https:\/\/schema.org","@graph":[{"@type":"WebPage","@id":"https:\/\/sanremoweekend.it\/holidays-for-families-in-san-remo\/escape-room-in-san-remo\/","url":"https:\/\/sanremoweekend.it\/holidays-for-families-in-san-remo\/escape-room-in-san-remo\/","name":"Escape game \u00e0 San Remo | Sanremo Weekend Special Offer","isPartOf":{"@id":"https:\/\/sanremoweekend.it\/#website"},"primaryImageOfPage":{"@id":"https:\/\/sanremoweekend.it\/holidays-for-families-in-san-remo\/escape-room-in-san-remo\/#primaryimage"},"image":{"@id":"https:\/\/sanremoweekend.it\/holidays-for-families-in-san-remo\/escape-room-in-san-remo\/#primaryimage"},"thumbnailUrl":"https:\/\/sanremoweekend.it\/wp-content\/uploads\/2019\/05\/james-sutton-187816-unsplash.jpg","datePublished":"2019-07-31T14:29:22+00:00","dateModified":"2023-06-23T07:39:18+00:00","description":"L'escape game \u00e0 San Remo est une offre id\u00e9ale pour les familles avec des enfants, des couples ou des groupes qui cherchent \u00e0 faire quelque chose de diff\u00e9rent et \u00e0 s\u2019amuser.","breadcrumb":{"@id":"https:\/\/sanremoweekend.it\/holidays-for-families-in-san-remo\/escape-room-in-san-remo\/#breadcrumb"},"inLanguage":"fr-FR","potentialAction":[{"@type":"ReadAction","target":["https:\/\/sanremoweekend.it\/holidays-for-families-in-san-remo\/escape-room-in-san-remo\/"]}]},{"@type":"ImageObject","inLanguage":"fr-FR","@id":"https:\/\/sanremoweekend.it\/holidays-for-families-in-san-remo\/escape-room-in-san-remo\/#primaryimage","url":"https:\/\/sanremoweekend.it\/wp-content\/uploads\/2019\/05\/james-sutton-187816-unsplash.jpg","contentUrl":"https:\/\/sanremoweekend.it\/wp-content\/uploads\/2019\/05\/james-sutton-187816-unsplash.jpg","width":5183,"height":3456,"caption":"escape-room-in-san-remo"},{"@type":"BreadcrumbList","@id":"https:\/\/sanremoweekend.it\/holidays-for-families-in-san-remo\/escape-room-in-san-remo\/#breadcrumb","itemListElement":[{"@type":"ListItem","position":1,"name":"Home","item":"https:\/\/sanremoweekend.it\/fr\/"},{"@type":"ListItem","position":2,"name":"Vacances familiales \u00e0 San Remo &#8211; H\u00f4tel familial","item":"https:\/\/sanremoweekend.it\/fr\/vacances-pour-familles\/"},{"@type":"ListItem","position":3,"name":"Escape game \u00e0 San Remo"}]},{"@type":"WebSite","@id":"https:\/\/sanremoweekend.it\/#website","url":"https:\/\/sanremoweekend.it\/","name":"Sanremo Weekend","description":"Hotel 4 \u00e9toiles \u00e0 San Remo","potentialAction":[{"@type":"SearchAction","target":{"@type":"EntryPoint","urlTemplate":"https:\/\/sanremoweekend.it\/?s={search_term_string}"},"query-input":{"@type":"PropertyValueSpecification","valueRequired":true,"valueName":"search_term_string"}}],"inLanguage":"fr-FR"}]}},"_links":{"self":[{"href":"https:\/\/sanremoweekend.it\/fr\/wp-json\/wp\/v2\/pages\/9880","targetHints":{"allow":["GET"]}}],"collection":[{"href":"https:\/\/sanremoweekend.it\/fr\/wp-json\/wp\/v2\/pages"}],"about":[{"href":"https:\/\/sanremoweekend.it\/fr\/wp-json\/wp\/v2\/types\/page"}],"author":[{"embeddable":true,"href":"https:\/\/sanremoweekend.it\/fr\/wp-json\/wp\/v2\/users\/3"}],"replies":[{"embeddable":true,"href":"https:\/\/sanremoweekend.it\/fr\/wp-json\/wp\/v2\/comments?post=9880"}],"version-history":[{"count":0,"href":"https:\/\/sanremoweekend.it\/fr\/wp-json\/wp\/v2\/pages\/9880\/revisions"}],"up":[{"embeddable":true,"href":"https:\/\/sanremoweekend.it\/fr\/wp-json\/wp\/v2\/pages\/4775"}],"wp:featuredmedia":[{"embeddable":true,"href":"https:\/\/sanremoweekend.it\/fr\/wp-json\/wp\/v2\/media\/8218"}],"wp:attachment":[{"href":"https:\/\/sanremoweekend.it\/fr\/wp-json\/wp\/v2\/media?parent=9880"}],"curies":[{"name":"wp","href":"https:\/\/api.w.org\/{rel}","templated":true}]}}