{"id":9881,"date":"2019-07-31T16:44:55","date_gmt":"2019-07-31T14:44:55","guid":{"rendered":"http:\/\/www.sanremoweekend.it\/offres-speciales-pour-vos-vacances\/vacances-couples\/spa-a-san-remo-en-couple\/"},"modified":"2023-06-21T17:54:17","modified_gmt":"2023-06-21T15:54:17","slug":"spa-a-san-remo-en-couple","status":"publish","type":"page","link":"https:\/\/sanremoweekend.it\/fr\/vacances-couples\/spa-a-san-remo-en-couple\/","title":{"rendered":"Spa \u00e0 San Remo en couple"},"content":{"rendered":"<h2 style=\"text-align: center;\">Spa \u00e0 San Remo en couple<\/h2>\n<p style=\"text-align: center;\"><strong>R\u00e9servez votre Spa \u00e0 San Remo en couple et profitez de notre h\u00f4tel 4 \u00e9toiles. D\u00e9tendez-vous et vivez un week-end romantique en bord de mer \u00e0 San Remo.\u00a0<\/strong><\/p>\n<p style=\"text-align: center;\"><a class=\"maxbutton-3 maxbutton maxbutton-reserver\" target=\"_blank\" rel=\"noopener\" href=\"https:\/\/sanremoweekend.it\/fr\/info\/\"><span class='mb-text'>Reserver<\/span><\/a><\/p>\n<p>&nbsp;<\/p>\n<div class=\"responsive-tabs\">\n<h2 class=\"tabtitle\">Pr\u00e9sentation<\/h2>\n<div class=\"tabcontent\">\n\n<p><img loading=\"lazy\" decoding=\"async\" class=\"wp-image-8138 size-gallery-thumbnail aligncenter\" src=\"https:\/\/sanremoweekend.it\/wp-content\/uploads\/2016\/08\/wellness-589774_1280-600x400.jpg\" alt=\"spa-in-san-remo\" width=\"600\" height=\"400\" srcset=\"https:\/\/sanremoweekend.it\/wp-content\/uploads\/2016\/08\/wellness-589774_1280-600x400.jpg 600w, https:\/\/sanremoweekend.it\/wp-content\/uploads\/2016\/08\/wellness-589774_1280-300x200.jpg 300w, https:\/\/sanremoweekend.it\/wp-content\/uploads\/2016\/08\/wellness-589774_1280-768x512.jpg 768w, https:\/\/sanremoweekend.it\/wp-content\/uploads\/2016\/08\/wellness-589774_1280-1024x682.jpg 1024w, https:\/\/sanremoweekend.it\/wp-content\/uploads\/2016\/08\/wellness-589774_1280-2x1.jpg 2w, https:\/\/sanremoweekend.it\/wp-content\/uploads\/2016\/08\/wellness-589774_1280.jpg 1280w\" sizes=\"(max-width: 600px) 100vw, 600px\" \/><\/p>\n<p style=\"text-align: justify;\"><span style=\"font-weight: 400;\">Vous \u00eates sur le point de r\u00e9server les vacances que vous m\u00e9ritez, pour vous d\u00e9tendre et vous amuser. Avec cette offre, nous vous offrons la possibilit\u00e9 de s\u00e9journer dans un h\u00f4tel 4 \u00e9toiles, et de profiter d&#8217;une s\u00e9ance dans un spa \u00e0 San Remo, o\u00f9 vous pourrez oublier le stress de la ville, les pressions du travail et tout simplement vous laisser aller.<\/span><\/p>\n<p style=\"text-align: justify;\"><span style=\"font-weight: 400;\">Offrez-vous une s\u00e9ance pour \u00e9quilibrer corps et esprit dans un espace personnel, calme et apaisant. Profitez d\u2019une s\u00e9ance de spa \u00e0 San Remo, vous le m\u00e9ritez !<br \/>\n<\/span><\/p>\n<p style=\"text-align: justify;\">R\u00e9servez quelques jours tr\u00e8s sp\u00e9ciaux dans notre h\u00f4tel au bord de la mer m\u00e9diterran\u00e9e.<\/p>\n\n<\/div><h2 class=\"tabtitle\">Notre offre comprend<\/h2>\n<div class=\"tabcontent\">\n\n<h3 style=\"text-align: center;\"><strong>\u00a0OFFRE &#8220;SPA A SAN REMO EN COUPLE&#8221;<\/strong><\/h3>\n<table class=\"aligncenter\" style=\"border-color: #000000; width: 62.9135%; height: 227px;\" border=\"1\" cellpadding=\"5\">\n<tbody>\n<tr style=\"height: 96px;\">\n<td style=\"text-align: right; width: 12.6949%; height: 96px;\"><\/td>\n<td style=\"text-align: right; width: 6.62773%; height: 96px;\"><span style=\"color: #ff0000;\"><b>Basse saison<\/b><\/span><\/td>\n<td style=\"text-align: right; width: 6.0804%;\"><span style=\"color: #ff0000;\"><strong>Moyenne saison<\/strong><\/span><\/td>\n<td style=\"text-align: right; width: 5.27068%;\"><span style=\"color: #ff0000;\"><strong>Longs Week-ends &amp; Jours f\u00e9ri\u00e9s<\/strong><\/span><\/td>\n<\/tr>\n<tr>\n<td style=\"text-align: right; width: 12.6949%;\"><span style=\"color: #ff0000;\"><strong>Offre Silver<\/strong><\/span><\/td>\n<td style=\"text-align: right; width: 6.62773%;\"><span style=\"color: #ff0000;\"><strong>159.00\u20ac\u00a0<\/strong><\/span><\/td>\n<td style=\"text-align: right; width: 6.0804%;\"><span style=\"color: #ff0000;\"><strong>179.00\u20ac<\/strong><\/span><\/td>\n<td style=\"text-align: right; width: 5.27068%;\"><span style=\"color: #ff0000;\"><strong>219.00\u20ac\u00a0<\/strong><\/span><\/td>\n<\/tr>\n<tr>\n<td style=\"text-align: right; width: 12.6949%;\"><span style=\"color: #ff0000;\"><strong>Offre Gold<\/strong><\/span><\/td>\n<td style=\"text-align: right; width: 6.62773%;\"><span style=\"color: #ff0000;\"><strong>205.00\u20ac<\/strong><\/span><\/td>\n<td style=\"text-align: right; width: 6.0804%;\"><span style=\"color: #ff0000;\"><strong>225.00\u20ac<\/strong><\/span><\/td>\n<td style=\"text-align: right; width: 5.27068%;\"><span style=\"color: #ff0000;\"><strong>265.00\u20ac<\/strong><\/span><\/td>\n<\/tr>\n<\/tbody>\n<\/table>\n<p style=\"text-align: center;\">Prix par personne<\/p>\n<p>Le tarif inclut :<\/p>\n<ul>\n<li>2 x nuits<\/li>\n<li>2 x petits-d\u00e9jeuners<\/li>\n<li>1 x d\u00eener \u00e0 l&#8217;h\u00f4tel avec un menu \u00e0 3 plats<\/li>\n<li><strong>1 x s\u00e9ance de Spa<\/strong><\/li>\n<li>assistance de notre agence<\/li>\n<li>place de parking priv\u00e9e, selon les disponibilit\u00e9s<\/li>\n<li>navette de l&#8217;h\u00f4tel au centre ville (de 9h \u00e0 18h)<\/li>\n<li><b>la carte Sanremo-On Membership<\/b> offrant des r\u00e9ductions sp\u00e9ciales dans certains magasins de v\u00eatements et d\u2019accessoires, des restaurants et caf\u00e9s raffin\u00e9s<\/li>\n<\/ul>\n<p>Le tarif n&#8217;inclut pas :<\/p>\n<ul>\n<li>billets de voyage<\/li>\n<li>taxe de s\u00e9jour payable sur place<\/li>\n<li>extras et pourboires<\/li>\n<li>tout ce qui n&#8217;est pas clairement mentionn\u00e9 dans le paragraphe &#8220;le tarif inclut&#8221;<\/li>\n<\/ul>\n<p>H\u00e9bergement<\/p>\n<ul>\n<li>L&#8217; <strong>offre Silver <\/strong>comprend un h\u00e9bergement dans une chambre <strong>double classique<\/strong> au NYALA Suite Hotel de San Remo<\/li>\n<li>L&#8217;\u00a0<strong>offre Gold<\/strong>\u00a0un h\u00e9bergement dans une\u00a0<strong>suite junio<\/strong><b>r<\/b>\u00a0au NYALA Suite Hotel de San Remo<\/li>\n<\/ul>\n<p>Validit\u00e9 de l&#8217;offre<\/p>\n<ul>\n<li>l\u2019offre est valable toute l\u2019ann\u00e9e, \u00e0 l\u2019exception des p\u00e9riodes de forte affluence, comme au moment des jours f\u00e9ri\u00e9s nationaux et des grands \u00e9v\u00e9nements<\/li>\n<\/ul>\n\n<\/div><h2 class=\"tabtitle\">Politique de r\u00e9servation<\/h2>\n<div class=\"tabcontent\">\n\n<p lang=\"en-US\"><span style=\"color: #212121;\"><span style=\"font-family: inherit;\"><span style=\"font-size: medium;\"><strong><span style=\"font-family: INHERIT;\">POLITIQUE DE RESERVATION<\/span><\/strong><\/span><\/span><\/span><\/p>\n<ul>\n<li lang=\"en-US\"><span style=\"color: #212121;\"><span style=\"font-family: inherit;\"><span style=\"font-size: medium;\"><span style=\"font-family: INHERIT;\">La commercialisation des forfaits &#8220;Week-end \u00e0 Sanremo&#8221; est g\u00e9r\u00e9e par l\u2019agence de voyages Nyala Wonder Travel.<\/span><\/span><\/span><\/span><\/li>\n<li lang=\"en-US\"><span style=\"color: #212121;\"><span style=\"font-family: inherit;\"><span style=\"font-size: medium;\"><span style=\"font-family: INHERIT;\">Frais de gestion : 5% sur le montant du forfait confirm\u00e9.<\/span><\/span><\/span><\/span><\/li>\n<li lang=\"en-US\"><span style=\"color: #212121;\"><span style=\"font-family: inherit;\"><span style=\"font-size: medium;\"><span style=\"font-family: INHERIT;\">Paiement : lors de la confirmation de la r\u00e9servation par carte de cr\u00e9dit ou par virement bancaire.<\/span><\/span><\/span><\/span><\/li>\n<li lang=\"en-US\"><span style=\"color: #212121;\"><span style=\"font-family: inherit;\"><span style=\"font-size: medium;\"><span style=\"font-family: INHERIT;\">P\u00e9nalit\u00e9s en cas d\u2019annulation : remboursement int\u00e9gral des annulations effectu\u00e9es 61 jours avant la date d\u2019arriv\u00e9e pr\u00e9vue, p\u00e9nalit\u00e9 de 50% pour les annulations effectu\u00e9es dans les 31 jours avant la date d\u2019arriv\u00e9e pr\u00e9vue, p\u00e9nalit\u00e9 de 100% pour les annulations effectu\u00e9es dans les 30 jours pr\u00e9c\u00e9dant la date d\u2019arriv\u00e9e pr\u00e9vue.<\/span><\/span><\/span><\/span><\/li>\n<li lang=\"en-US\"><span style=\"color: #212121;\"><span style=\"font-family: inherit;\"><span style=\"font-size: medium;\"><span style=\"font-family: INHERIT;\">Frais de modification de r\u00e9servation : pas de frais jusqu\u2019\u00e0 31 jours avant la date d\u2019arriv\u00e9e pr\u00e9vue, 100% pour les modifications effectu\u00e9es dans les 30 jours pr\u00e9c\u00e9dant la date d\u2019arriv\u00e9e pr\u00e9vue.<\/span><\/span><\/span><\/span><\/li>\n<li lang=\"en-US\"><span style=\"color: #212121;\"><span style=\"font-family: inherit;\"><span style=\"font-size: medium;\"><span style=\"font-family: INHERIT;\">Frais de transfert du contrat \u00e0 des tiers (art. 38 Code du Tourisme) : pas de frais jusqu\u2019\u00e0 31 jours avant la date d\u2019arriv\u00e9e pr\u00e9vue, 20% du montant du forfait pour les transferts effectu\u00e9s dans les 30 jours pr\u00e9c\u00e9dant la date d\u2019arriv\u00e9e pr\u00e9vue. <\/span><\/span><\/span><\/span><\/li>\n<li lang=\"en-US\"><span style=\"color: #003000;\">Les frais de gestion<span style=\"font-family: inherit;\"><span style=\"font-size: medium;\"><span style=\"font-family: INHERIT;\"> et les frais administratifs ne sont jamais remboursables en cas de modification ou d\u2019annulation.<\/span><\/span><\/span><\/span><\/li>\n<\/ul>\n<\/div><\/div>\n","protected":false},"excerpt":{"rendered":"<p>Vous \u00eates sur le point de r\u00e9server les vacances que vous m\u00e9ritez, pour vous d\u00e9tendre et vous amuser. Avec cette offre, nous vous offrons la possibilit\u00e9 de s\u00e9journer dans un h\u00f4tel 4 \u00e9toiles, et de profiter d&#8217;une s\u00e9ance dans un spa \u00e0 San Remo, o\u00f9 vous pourrez oublier le stress de la ville, les pressions du travail et tout simplement vous laisser aller.<\/p>\n","protected":false},"author":3,"featured_media":8136,"parent":4772,"menu_order":0,"comment_status":"closed","ping_status":"closed","template":"content-page-template.php","meta":{"_acf_changed":false,"_et_pb_use_builder":"","_et_pb_old_content":"","_et_gb_content_width":"","footnotes":""},"class_list":["post-9881","page","type-page","status-publish","has-post-thumbnail","hentry"],"acf":[],"yoast_head":"<!-- This site is optimized with the Yoast SEO plugin v27.4 - https:\/\/yoast.com\/product\/yoast-seo-wordpress\/ -->\n<title>Spa in San Remo for couples | Relax in San Remo<\/title>\n<meta name=\"description\" content=\"Profitez de notre offre sp\u00e9ciale et r\u00e9servez un Spa \u00e0 San Remo en couple et un s\u00e9jour dans un h\u00f4tel 4 \u00e9toiles avec vue sur la mer. D\u00e9tendez-vous ce week-end \u00e0 San Remo !\" \/>\n<meta name=\"robots\" content=\"index, follow, max-snippet:-1, max-image-preview:large, max-video-preview:-1\" \/>\n<link rel=\"canonical\" href=\"https:\/\/sanremoweekend.it\/holidays-for-couples-in-sanremo\/spa-in-san-remo-for-couples\/\" \/>\n<meta property=\"og:locale\" content=\"fr_FR\" \/>\n<meta property=\"og:type\" content=\"article\" \/>\n<meta property=\"og:title\" content=\"Spa in San Remo for couples | Relax in San Remo\" \/>\n<meta property=\"og:description\" content=\"Profitez de notre offre sp\u00e9ciale et r\u00e9servez un Spa \u00e0 San Remo en couple et un s\u00e9jour dans un h\u00f4tel 4 \u00e9toiles avec vue sur la mer. D\u00e9tendez-vous ce week-end \u00e0 San Remo !\" \/>\n<meta property=\"og:url\" content=\"https:\/\/sanremoweekend.it\/holidays-for-couples-in-sanremo\/spa-in-san-remo-for-couples\/\" \/>\n<meta property=\"og:site_name\" content=\"Sanremo Weekend\" \/>\n<meta property=\"article:modified_time\" content=\"2023-06-21T15:54:17+00:00\" \/>\n<meta property=\"og:image\" content=\"https:\/\/sanremoweekend.it\/wp-content\/uploads\/2016\/08\/wellness-589774_1280.jpg\" \/>\n\t<meta property=\"og:image:width\" content=\"1280\" \/>\n\t<meta property=\"og:image:height\" content=\"853\" \/>\n\t<meta property=\"og:image:type\" content=\"image\/jpeg\" \/>\n<meta name=\"twitter:card\" content=\"summary_large_image\" \/>\n<meta name=\"twitter:label1\" content=\"Dur\u00e9e de lecture estim\u00e9e\" \/>\n\t<meta name=\"twitter:data1\" content=\"3 minutes\" \/>\n<script type=\"application\/ld+json\" class=\"yoast-schema-graph\">{\"@context\":\"https:\\\/\\\/schema.org\",\"@graph\":[{\"@type\":\"WebPage\",\"@id\":\"https:\\\/\\\/sanremoweekend.it\\\/holidays-for-couples-in-sanremo\\\/spa-in-san-remo-for-couples\\\/\",\"url\":\"https:\\\/\\\/sanremoweekend.it\\\/holidays-for-couples-in-sanremo\\\/spa-in-san-remo-for-couples\\\/\",\"name\":\"Spa in San Remo for couples | Relax in San Remo\",\"isPartOf\":{\"@id\":\"https:\\\/\\\/sanremoweekend.it\\\/#website\"},\"primaryImageOfPage\":{\"@id\":\"https:\\\/\\\/sanremoweekend.it\\\/holidays-for-couples-in-sanremo\\\/spa-in-san-remo-for-couples\\\/#primaryimage\"},\"image\":{\"@id\":\"https:\\\/\\\/sanremoweekend.it\\\/holidays-for-couples-in-sanremo\\\/spa-in-san-remo-for-couples\\\/#primaryimage\"},\"thumbnailUrl\":\"https:\\\/\\\/sanremoweekend.it\\\/wp-content\\\/uploads\\\/2016\\\/08\\\/wellness-589774_1280.jpg\",\"datePublished\":\"2019-07-31T14:44:55+00:00\",\"dateModified\":\"2023-06-21T15:54:17+00:00\",\"description\":\"Profitez de notre offre sp\u00e9ciale et r\u00e9servez un Spa \u00e0 San Remo en couple et un s\u00e9jour dans un h\u00f4tel 4 \u00e9toiles avec vue sur la mer. D\u00e9tendez-vous ce week-end \u00e0 San Remo !\",\"breadcrumb\":{\"@id\":\"https:\\\/\\\/sanremoweekend.it\\\/holidays-for-couples-in-sanremo\\\/spa-in-san-remo-for-couples\\\/#breadcrumb\"},\"inLanguage\":\"fr-FR\",\"potentialAction\":[{\"@type\":\"ReadAction\",\"target\":[\"https:\\\/\\\/sanremoweekend.it\\\/holidays-for-couples-in-sanremo\\\/spa-in-san-remo-for-couples\\\/\"]}]},{\"@type\":\"ImageObject\",\"inLanguage\":\"fr-FR\",\"@id\":\"https:\\\/\\\/sanremoweekend.it\\\/holidays-for-couples-in-sanremo\\\/spa-in-san-remo-for-couples\\\/#primaryimage\",\"url\":\"https:\\\/\\\/sanremoweekend.it\\\/wp-content\\\/uploads\\\/2016\\\/08\\\/wellness-589774_1280.jpg\",\"contentUrl\":\"https:\\\/\\\/sanremoweekend.it\\\/wp-content\\\/uploads\\\/2016\\\/08\\\/wellness-589774_1280.jpg\",\"width\":1280,\"height\":853,\"caption\":\"spa-in-san-remo\"},{\"@type\":\"BreadcrumbList\",\"@id\":\"https:\\\/\\\/sanremoweekend.it\\\/holidays-for-couples-in-sanremo\\\/spa-in-san-remo-for-couples\\\/#breadcrumb\",\"itemListElement\":[{\"@type\":\"ListItem\",\"position\":1,\"name\":\"Home\",\"item\":\"https:\\\/\\\/sanremoweekend.it\\\/fr\\\/\"},{\"@type\":\"ListItem\",\"position\":2,\"name\":\"Vacances en amoureux\",\"item\":\"https:\\\/\\\/sanremoweekend.it\\\/holidays-for-couples-in-sanremo\\\/\"},{\"@type\":\"ListItem\",\"position\":3,\"name\":\"Spa \u00e0 San Remo en couple\"}]},{\"@type\":\"WebSite\",\"@id\":\"https:\\\/\\\/sanremoweekend.it\\\/#website\",\"url\":\"https:\\\/\\\/sanremoweekend.it\\\/\",\"name\":\"Sanremo Weekend\",\"description\":\"Hotel 4 \u00e9toiles \u00e0 San Remo\",\"potentialAction\":[{\"@type\":\"SearchAction\",\"target\":{\"@type\":\"EntryPoint\",\"urlTemplate\":\"https:\\\/\\\/sanremoweekend.it\\\/?s={search_term_string}\"},\"query-input\":{\"@type\":\"PropertyValueSpecification\",\"valueRequired\":true,\"valueName\":\"search_term_string\"}}],\"inLanguage\":\"fr-FR\"}]}<\/script>\n<!-- \/ Yoast SEO plugin. -->","yoast_head_json":{"title":"Spa in San Remo for couples | Relax in San Remo","description":"Profitez de notre offre sp\u00e9ciale et r\u00e9servez un Spa \u00e0 San Remo en couple et un s\u00e9jour dans un h\u00f4tel 4 \u00e9toiles avec vue sur la mer. D\u00e9tendez-vous ce week-end \u00e0 San Remo !","robots":{"index":"index","follow":"follow","max-snippet":"max-snippet:-1","max-image-preview":"max-image-preview:large","max-video-preview":"max-video-preview:-1"},"canonical":"https:\/\/sanremoweekend.it\/holidays-for-couples-in-sanremo\/spa-in-san-remo-for-couples\/","og_locale":"fr_FR","og_type":"article","og_title":"Spa in San Remo for couples | Relax in San Remo","og_description":"Profitez de notre offre sp\u00e9ciale et r\u00e9servez un Spa \u00e0 San Remo en couple et un s\u00e9jour dans un h\u00f4tel 4 \u00e9toiles avec vue sur la mer. D\u00e9tendez-vous ce week-end \u00e0 San Remo !","og_url":"https:\/\/sanremoweekend.it\/holidays-for-couples-in-sanremo\/spa-in-san-remo-for-couples\/","og_site_name":"Sanremo Weekend","article_modified_time":"2023-06-21T15:54:17+00:00","og_image":[{"width":1280,"height":853,"url":"https:\/\/sanremoweekend.it\/wp-content\/uploads\/2016\/08\/wellness-589774_1280.jpg","type":"image\/jpeg"}],"twitter_card":"summary_large_image","twitter_misc":{"Dur\u00e9e de lecture estim\u00e9e":"3 minutes"},"schema":{"@context":"https:\/\/schema.org","@graph":[{"@type":"WebPage","@id":"https:\/\/sanremoweekend.it\/holidays-for-couples-in-sanremo\/spa-in-san-remo-for-couples\/","url":"https:\/\/sanremoweekend.it\/holidays-for-couples-in-sanremo\/spa-in-san-remo-for-couples\/","name":"Spa in San Remo for couples | Relax in San Remo","isPartOf":{"@id":"https:\/\/sanremoweekend.it\/#website"},"primaryImageOfPage":{"@id":"https:\/\/sanremoweekend.it\/holidays-for-couples-in-sanremo\/spa-in-san-remo-for-couples\/#primaryimage"},"image":{"@id":"https:\/\/sanremoweekend.it\/holidays-for-couples-in-sanremo\/spa-in-san-remo-for-couples\/#primaryimage"},"thumbnailUrl":"https:\/\/sanremoweekend.it\/wp-content\/uploads\/2016\/08\/wellness-589774_1280.jpg","datePublished":"2019-07-31T14:44:55+00:00","dateModified":"2023-06-21T15:54:17+00:00","description":"Profitez de notre offre sp\u00e9ciale et r\u00e9servez un Spa \u00e0 San Remo en couple et un s\u00e9jour dans un h\u00f4tel 4 \u00e9toiles avec vue sur la mer. D\u00e9tendez-vous ce week-end \u00e0 San Remo !","breadcrumb":{"@id":"https:\/\/sanremoweekend.it\/holidays-for-couples-in-sanremo\/spa-in-san-remo-for-couples\/#breadcrumb"},"inLanguage":"fr-FR","potentialAction":[{"@type":"ReadAction","target":["https:\/\/sanremoweekend.it\/holidays-for-couples-in-sanremo\/spa-in-san-remo-for-couples\/"]}]},{"@type":"ImageObject","inLanguage":"fr-FR","@id":"https:\/\/sanremoweekend.it\/holidays-for-couples-in-sanremo\/spa-in-san-remo-for-couples\/#primaryimage","url":"https:\/\/sanremoweekend.it\/wp-content\/uploads\/2016\/08\/wellness-589774_1280.jpg","contentUrl":"https:\/\/sanremoweekend.it\/wp-content\/uploads\/2016\/08\/wellness-589774_1280.jpg","width":1280,"height":853,"caption":"spa-in-san-remo"},{"@type":"BreadcrumbList","@id":"https:\/\/sanremoweekend.it\/holidays-for-couples-in-sanremo\/spa-in-san-remo-for-couples\/#breadcrumb","itemListElement":[{"@type":"ListItem","position":1,"name":"Home","item":"https:\/\/sanremoweekend.it\/fr\/"},{"@type":"ListItem","position":2,"name":"Vacances en amoureux","item":"https:\/\/sanremoweekend.it\/holidays-for-couples-in-sanremo\/"},{"@type":"ListItem","position":3,"name":"Spa \u00e0 San Remo en couple"}]},{"@type":"WebSite","@id":"https:\/\/sanremoweekend.it\/#website","url":"https:\/\/sanremoweekend.it\/","name":"Sanremo Weekend","description":"Hotel 4 \u00e9toiles \u00e0 San Remo","potentialAction":[{"@type":"SearchAction","target":{"@type":"EntryPoint","urlTemplate":"https:\/\/sanremoweekend.it\/?s={search_term_string}"},"query-input":{"@type":"PropertyValueSpecification","valueRequired":true,"valueName":"search_term_string"}}],"inLanguage":"fr-FR"}]}},"_links":{"self":[{"href":"https:\/\/sanremoweekend.it\/fr\/wp-json\/wp\/v2\/pages\/9881","targetHints":{"allow":["GET"]}}],"collection":[{"href":"https:\/\/sanremoweekend.it\/fr\/wp-json\/wp\/v2\/pages"}],"about":[{"href":"https:\/\/sanremoweekend.it\/fr\/wp-json\/wp\/v2\/types\/page"}],"author":[{"embeddable":true,"href":"https:\/\/sanremoweekend.it\/fr\/wp-json\/wp\/v2\/users\/3"}],"replies":[{"embeddable":true,"href":"https:\/\/sanremoweekend.it\/fr\/wp-json\/wp\/v2\/comments?post=9881"}],"version-history":[{"count":0,"href":"https:\/\/sanremoweekend.it\/fr\/wp-json\/wp\/v2\/pages\/9881\/revisions"}],"up":[{"embeddable":true,"href":"https:\/\/sanremoweekend.it\/fr\/wp-json\/wp\/v2\/pages\/4772"}],"wp:featuredmedia":[{"embeddable":true,"href":"https:\/\/sanremoweekend.it\/fr\/wp-json\/wp\/v2\/media\/8136"}],"wp:attachment":[{"href":"https:\/\/sanremoweekend.it\/fr\/wp-json\/wp\/v2\/media?parent=9881"}],"curies":[{"name":"wp","href":"https:\/\/api.w.org\/{rel}","templated":true}]}}