{"id":9928,"date":"2019-08-02T18:15:25","date_gmt":"2019-08-02T16:15:25","guid":{"rendered":"http:\/\/www.sanremoweekend.it\/?page_id=9928"},"modified":"2023-07-12T14:22:41","modified_gmt":"2023-07-12T12:22:41","slug":"golf-a-san-remo","status":"publish","type":"page","link":"https:\/\/sanremoweekend.it\/fr\/sport-a-san-remo\/golf-a-san-remo\/","title":{"rendered":"Golf \u00e0 San Remo"},"content":{"rendered":"<h2 style=\"text-align: center;\">Golf \u00e0 San Remo et en Ligurie<\/h2>\n<p style=\"text-align: center;\">Le climat doux de San Remo en fait une destination de premier choix pour les golfeurs europ\u00e9ens qui aiment jouer au golf toute l\u2019ann\u00e9e. D\u00e9couvrez les meilleurs sites de golf de San Remo que nous proposons. R\u00e9servez ici cette offre sp\u00e9ciale de golf \u00e0 San Remo.<\/p>\n<p style=\"text-align: center;\"><a class=\"maxbutton-3 maxbutton maxbutton-reserver\" target=\"_blank\" rel=\"noopener\" href=\"https:\/\/sanremoweekend.it\/fr\/info\/\"><span class='mb-text'>Reserver<\/span><\/a><\/p>\n<p>&nbsp;<\/p>\n<div class=\"responsive-tabs\">\n<h2 class=\"tabtitle\">Presentation<\/h2>\n<div class=\"tabcontent\">\n\n<p><img loading=\"lazy\" decoding=\"async\" class=\"aligncenter size-gallery-thumbnail wp-image-1137\" src=\"https:\/\/sanremoweekend.it\/wp-content\/uploads\/2015\/04\/golfulivisanremo-600x400.jpg\" alt=\"ulivi sanremo, Blumenriviera Golf, \u0413\u041e\u041b\u042c\u0424\" width=\"600\" height=\"400\" srcset=\"https:\/\/sanremoweekend.it\/wp-content\/uploads\/2015\/04\/golfulivisanremo-600x400.jpg 600w, https:\/\/sanremoweekend.it\/wp-content\/uploads\/2015\/04\/golfulivisanremo-300x200.jpg 300w, https:\/\/sanremoweekend.it\/wp-content\/uploads\/2015\/04\/golfulivisanremo-768x512.jpg 768w, https:\/\/sanremoweekend.it\/wp-content\/uploads\/2015\/04\/golfulivisanremo-1024x683.jpg 1024w, https:\/\/sanremoweekend.it\/wp-content\/uploads\/2015\/04\/golfulivisanremo-2x1.jpg 2w, https:\/\/sanremoweekend.it\/wp-content\/uploads\/2015\/04\/golfulivisanremo.jpg 1350w\" sizes=\"(max-width: 600px) 100vw, 600px\" \/><\/p>\n<p style=\"text-align: justify;\">Le splendide parcours de golf de San Remo vous s\u00e9duira : le climat doux de la Riviera vous permet de jouer en toute saison dans des paysages incomparables. Jouer au golf \u00e0 San Remo est un vrai plaisir qui vous permettra de vous \u00e9merveiller devant une vue imprenable sur la mer M\u00e9diterran\u00e9e.<\/p>\n<p style=\"text-align: justify;\">S&#8217;il s&#8217;agit de votre sport pr\u00e9f\u00e9r\u00e9, vous pourrez en profiter \u00e0 San Remo. D\u00e9butant ou expert, dans cette ville, vous aurez tout le temps de jouer au golf.<\/p>\n<h4 style=\"text-align: justify;\"><strong>L&#8217;ULIVI GOLF CLUB DE SAN REMO <\/strong><\/h4>\n<p style=\"text-align: justify;\">Ouvert en d\u00e9cembre 1931, l&#8217;Ulivi Golf Club est un parcours de golf l\u00e9gendaire qui au cours de sa longue histoire a accueilli de nombreuses comp\u00e9titions internationales.<\/p>\n<p style=\"text-align: justify;\">Avec 18 trous, par 69, 5203 m\u00e8tres, ce terrain de golf offre un trac\u00e9 o\u00f9 la pr\u00e9cision technique du golfeur est beaucoup plus importante que la force avec laquelle il peut frapper une balle de golf.<\/p>\n<p style=\"text-align: justify;\">Les belles vues sur la mer et le tr\u00e8s chic clubhouse avec bar, restaurant et boutique de pro en font une sortie de golf agr\u00e9able et in\u00e9dite.<\/p>\n<h4 style=\"text-align: justify;\"><strong>CLUBS DE GOLF PRES DE SAN REMO<\/strong><\/h4>\n<p style=\"text-align: justify;\">A environ 40 minutes en voiture, vous pouvez \u00e9galement jouer au Castellaro Golf Course (9 trous), Garlenda (18 trous) et Monte Carlo (18 trous). Si vous le souhaitez, vos vacances de golf en Ligurie peuvent \u00eatre un moyen de d\u00e9couvrir de nouveaux parcours et de nouveaux sites chaque jour.<\/p>\n<p style=\"text-align: justify;\">Le Nyala Suite H\u00f4tel offre tous les services pour vous permettre de profiter de vacances de golf en ligure agr\u00e9ables et divertissantes, et vous fournit une offre touristique pour jouer au golf dans des conditions tr\u00e8s favorables. L\u2019h\u00f4tel propose \u00e9galement un transport gratuit depuis et vers l&#8217;Ulivi Golf Club, sur r\u00e9servation.<\/p>\n\n<\/div><h2 class=\"tabtitle\">The offer includes<\/h2>\n<div class=\"tabcontent\">\n\n<h3 style=\"text-align: center;\"><strong>\u00a0OFFRE &#8220;JOUER AU GOLF A SAN REMO&#8221;<\/strong><\/h3>\n<table class=\"aligncenter\" style=\"border-color: #000000; width: 62.9135%; height: 227px;\" border=\"1\" cellpadding=\"5\">\n<tbody>\n<tr style=\"height: 96px;\">\n<td style=\"text-align: right; width: 12.6949%; height: 96px;\"><\/td>\n<td style=\"text-align: right; width: 6.62773%; height: 96px;\"><span style=\"color: #ff0000;\"><b>Basse saison<\/b><\/span><\/td>\n<td style=\"text-align: right; width: 6.0804%;\"><span style=\"color: #ff0000;\"><strong>Moyenne saison<\/strong><\/span><\/td>\n<td style=\"text-align: right; width: 5.27068%;\"><span style=\"color: #ff0000;\"><strong>Longs Week-ends &amp; Jours f\u00e9ri\u00e9s<\/strong><\/span><\/td>\n<\/tr>\n<tr>\n<td style=\"text-align: right; width: 12.6949%;\"><span style=\"color: #ff0000;\"><strong>Offre Silver<\/strong><\/span><\/td>\n<td style=\"text-align: right; width: 6.62773%;\"><span style=\"color: #ff0000;\"><strong>239,00\u20ac<\/strong><\/span><\/td>\n<td style=\"text-align: right; width: 6.0804%;\"><span style=\"color: #ff0000;\"><strong>269,00\u20ac<\/strong><\/span><\/td>\n<td style=\"text-align: right; width: 5.27068%;\"><span style=\"color: #ff0000;\"><strong>329,00\u20ac<\/strong><\/span><\/td>\n<\/tr>\n<tr style=\"height: 48px;\">\n<td style=\"text-align: right; width: 12.6949%; height: 48px;\"><span style=\"color: #ff0000;\"><strong>Offre Gold<\/strong><\/span><\/td>\n<td style=\"text-align: right; width: 6.62773%; height: 48px;\"><span style=\"color: #ff0000;\"><strong>309,00\u20ac<\/strong><\/span><\/td>\n<td style=\"text-align: right; width: 6.0804%; height: 48px;\"><span style=\"color: #ff0000;\"><strong>339,00\u20ac<\/strong><\/span><\/td>\n<td style=\"text-align: right; width: 5.27068%;\"><span style=\"color: #ff0000;\"><strong>399,00\u20ac<\/strong><\/span><\/td>\n<\/tr>\n<\/tbody>\n<\/table>\n<p>&nbsp;<\/p>\n<p style=\"text-align: center;\">Prix par personne<\/p>\n<p>&nbsp;<\/p>\n<p>Le tarif inclut :<\/p>\n<ul>\n<li>Formule 4&#215;3: restez 4 nuits et n&#8217;en payez que 3 !<\/li>\n<li>4 nuits chez le Nyala Suite Hotel \u00e0 San Remo<\/li>\n<li>4 petit-d\u00e9jeuners<\/li>\n<li><strong>4 d\u00eeners dans notre restaurant l\u2019Asmara, avec un menu de 3 plats selon le menu \u00e0-la-carte, avec boissons incluses (1\/2L eau min\u00e9rale et 0,25L de vin).<\/strong><\/li>\n<li>1 x <strong>Green Fee Weekend<\/strong><\/li>\n<li>Possibilit\u00e9 de profiter des partenariats pour acc\u00e9der \u00e0 la salle de sport, le centre de bien-\u00eatre, le masseur, le physioth\u00e9rapeute, les boutiques sp\u00e9cialis\u00e9es, etc.<\/li>\n<li>assistance de notre agence<\/li>\n<li>place de parking priv\u00e9e, selon les disponibilit\u00e9s<\/li>\n<li>navette de l&#8217;h\u00f4tel au centre ville (de 9h \u00e0 18h)<\/li>\n<li><b>La carte Sanremo-On Membership<\/b> offrant des r\u00e9ductions sp\u00e9ciales dans certains magasins de v\u00eatements et d\u2019accessoires, des restaurants et caf\u00e9s raffin\u00e9s<\/li>\n<\/ul>\n<p>Le tarif n&#8217;inclut pas :<\/p>\n<ul>\n<li style=\"list-style-type: none;\">\n<ul>\n<li style=\"list-style-type: none;\">\n<ul>\n<li>billets de voyage<\/li>\n<li>taxe de s\u00e9jour payable sur place<\/li>\n<li>extras et pourboires<\/li>\n<li>tout ce qui n&#8217;est pas clairement mentionn\u00e9 dans le paragraphe &#8220;le tarif inclut&#8221;<\/li>\n<\/ul>\n<\/li>\n<\/ul>\n<\/li>\n<\/ul>\n<p>H\u00e9bergement<\/p>\n<ul>\n<li style=\"list-style-type: none;\">\n<ul>\n<li style=\"list-style-type: none;\">\n<ul>\n<li><strong>L&#8217;offre Silver<\/strong> inclut un h\u00e9bergement dans une chambre <strong>double classic<\/strong> au NYALA Suite Hotel de San Remo<\/li>\n<li>L&#8217; <strong>offre Gold<\/strong> unclut un h\u00e9bergement dans <strong>une suite junior<\/strong> au NYALA Suite Hotel de San Remo<\/li>\n<\/ul>\n<\/li>\n<\/ul>\n<\/li>\n<\/ul>\n<p>Validit\u00e9 de l&#8217;offre<\/p>\n<ul>\n<li style=\"list-style-type: none;\">\n<ul>\n<li style=\"list-style-type: none;\">\n<ul>\n<li style=\"list-style-type: none;\">\n<ul>\n<li>l\u2019offre est valable toute l\u2019ann\u00e9e, \u00e0 l\u2019exception des p\u00e9riodes de forte affluence, comme au moment des jours f\u00e9ri\u00e9s nationaux et des grands \u00e9v\u00e9nements<\/li>\n<\/ul>\n<\/li>\n<\/ul>\n<\/li>\n<\/ul>\n<\/li>\n<\/ul>\n\n<\/div><h2 class=\"tabtitle\">Reservation Policy<\/h2>\n<div class=\"tabcontent\">\n\n<p><strong>POLITIQUE DE RESERVATION<\/strong><\/p>\n<ul>\n<li style=\"list-style-type: none;\">\n<ul>\n<li style=\"list-style-type: none;\">\n<ul>\n<li>La commercialisation des forfaits &#8220;Week-end \u00e0 Sanremo&#8221; est g\u00e9r\u00e9e par l\u2019agence de voyages Nyala Wonder Travel.<\/li>\n<li>Frais de gestion : 5% sur le montant du forfait confirm\u00e9.<\/li>\n<li>Paiement : lors de la confirmation de la r\u00e9servation par carte de cr\u00e9dit ou par virement bancaire.<\/li>\n<li>P\u00e9nalit\u00e9s en cas d\u2019annulation : remboursement int\u00e9gral des annulations effectu\u00e9es 61 jours avant la date d\u2019arriv\u00e9e pr\u00e9vue, p\u00e9nalit\u00e9 de 50% pour les annulations effectu\u00e9es dans les 31 jours avant la date d\u2019arriv\u00e9e pr\u00e9vue, p\u00e9nalit\u00e9 de 100% pour les annulations effectu\u00e9es dans les 30 jours pr\u00e9c\u00e9dant la date d\u2019arriv\u00e9e pr\u00e9vue.<\/li>\n<li>Frais de modification de r\u00e9servation : pas de frais jusqu\u2019\u00e0 31 jours avant la date d\u2019arriv\u00e9e pr\u00e9vue, 100% pour les modifications effectu\u00e9es dans les 30 jours pr\u00e9c\u00e9dant la date d\u2019arriv\u00e9e pr\u00e9vue.<\/li>\n<li>Frais de transfert du contrat \u00e0 des tiers (art. 38 Code du Tourisme) : pas de frais jusqu\u2019\u00e0 31 jours avant la date d\u2019arriv\u00e9e pr\u00e9vue, 20% du montant du forfait pour les transferts effectu\u00e9s dans les 30 jours pr\u00e9c\u00e9dant la date d\u2019arriv\u00e9e pr\u00e9vue.<\/li>\n<li>Les frais de gestion et les frais administratifs ne sont jamais remboursables en cas de modification ou d\u2019annulation.<\/li>\n<\/ul>\n<\/li>\n<\/ul>\n<\/li>\n<\/ul>\n<\/div><\/div>\n","protected":false},"excerpt":{"rendered":"<p>S&#8217;il s&#8217;agit de votre sport pr\u00e9f\u00e9r\u00e9, vous pourrez en profiter \u00e0 San Remo. D\u00e9butant ou expert, dans cette ville, vous aurez tout le temps de jouer au golf. Le splendide parcours de golf de San Remo vous s\u00e9duira : le climat doux de la Riviera vous permet de jouer en toute saison.<\/p>\n","protected":false},"author":3,"featured_media":10031,"parent":4743,"menu_order":0,"comment_status":"open","ping_status":"closed","template":"content-page-template.php","meta":{"_acf_changed":false,"_et_pb_use_builder":"","_et_pb_old_content":"","_et_gb_content_width":"","footnotes":""},"class_list":["post-9928","page","type-page","status-publish","has-post-thumbnail","hentry"],"acf":[],"yoast_head":"<!-- This site is optimized with the Yoast SEO plugin v27.4 - https:\/\/yoast.com\/product\/yoast-seo-wordpress\/ -->\n<title>Golf \u00e0 San Remo | Sanremo Weekend<\/title>\n<meta name=\"description\" content=\"R\u00e9servez ici cette offre sp\u00e9ciale de golf \u00e0 San Remo. Le climat doux de San Remo en fait une destination de premier choix pour les golfeurs europ\u00e9ens.\" \/>\n<meta name=\"robots\" content=\"index, follow, max-snippet:-1, max-image-preview:large, max-video-preview:-1\" \/>\n<link rel=\"canonical\" href=\"https:\/\/sanremoweekend.it\/sports-weekend-in-san-remo\/golf-in-san-remo\/\" \/>\n<meta property=\"og:locale\" content=\"fr_FR\" \/>\n<meta property=\"og:type\" content=\"article\" \/>\n<meta property=\"og:title\" content=\"Golf \u00e0 San Remo | Sanremo Weekend\" \/>\n<meta property=\"og:description\" content=\"R\u00e9servez ici cette offre sp\u00e9ciale de golf \u00e0 San Remo. Le climat doux de San Remo en fait une destination de premier choix pour les golfeurs europ\u00e9ens.\" \/>\n<meta property=\"og:url\" content=\"https:\/\/sanremoweekend.it\/sports-weekend-in-san-remo\/golf-in-san-remo\/\" \/>\n<meta property=\"og:site_name\" content=\"Sanremo Weekend\" \/>\n<meta property=\"article:modified_time\" content=\"2023-07-12T12:22:41+00:00\" \/>\n<meta property=\"og:image\" content=\"https:\/\/sanremoweekend.it\/wp-content\/uploads\/2015\/04\/golfsanremo.jpg\" \/>\n\t<meta property=\"og:image:width\" content=\"1620\" \/>\n\t<meta property=\"og:image:height\" content=\"1080\" \/>\n\t<meta property=\"og:image:type\" content=\"image\/jpeg\" \/>\n<meta name=\"twitter:card\" content=\"summary_large_image\" \/>\n<meta name=\"twitter:label1\" content=\"Dur\u00e9e de lecture estim\u00e9e\" \/>\n\t<meta name=\"twitter:data1\" content=\"4 minutes\" \/>\n<script type=\"application\/ld+json\" class=\"yoast-schema-graph\">{\"@context\":\"https:\\\/\\\/schema.org\",\"@graph\":[{\"@type\":\"WebPage\",\"@id\":\"https:\\\/\\\/sanremoweekend.it\\\/sports-weekend-in-san-remo\\\/golf-in-san-remo\\\/\",\"url\":\"https:\\\/\\\/sanremoweekend.it\\\/sports-weekend-in-san-remo\\\/golf-in-san-remo\\\/\",\"name\":\"Golf \u00e0 San Remo | Sanremo Weekend\",\"isPartOf\":{\"@id\":\"https:\\\/\\\/sanremoweekend.it\\\/#website\"},\"primaryImageOfPage\":{\"@id\":\"https:\\\/\\\/sanremoweekend.it\\\/sports-weekend-in-san-remo\\\/golf-in-san-remo\\\/#primaryimage\"},\"image\":{\"@id\":\"https:\\\/\\\/sanremoweekend.it\\\/sports-weekend-in-san-remo\\\/golf-in-san-remo\\\/#primaryimage\"},\"thumbnailUrl\":\"https:\\\/\\\/sanremoweekend.it\\\/wp-content\\\/uploads\\\/2015\\\/04\\\/golfsanremo.jpg\",\"datePublished\":\"2019-08-02T16:15:25+00:00\",\"dateModified\":\"2023-07-12T12:22:41+00:00\",\"description\":\"R\u00e9servez ici cette offre sp\u00e9ciale de golf \u00e0 San Remo. Le climat doux de San Remo en fait une destination de premier choix pour les golfeurs europ\u00e9ens.\",\"breadcrumb\":{\"@id\":\"https:\\\/\\\/sanremoweekend.it\\\/sports-weekend-in-san-remo\\\/golf-in-san-remo\\\/#breadcrumb\"},\"inLanguage\":\"fr-FR\",\"potentialAction\":[{\"@type\":\"ReadAction\",\"target\":[\"https:\\\/\\\/sanremoweekend.it\\\/sports-weekend-in-san-remo\\\/golf-in-san-remo\\\/\"]}]},{\"@type\":\"ImageObject\",\"inLanguage\":\"fr-FR\",\"@id\":\"https:\\\/\\\/sanremoweekend.it\\\/sports-weekend-in-san-remo\\\/golf-in-san-remo\\\/#primaryimage\",\"url\":\"https:\\\/\\\/sanremoweekend.it\\\/wp-content\\\/uploads\\\/2015\\\/04\\\/golfsanremo.jpg\",\"contentUrl\":\"https:\\\/\\\/sanremoweekend.it\\\/wp-content\\\/uploads\\\/2015\\\/04\\\/golfsanremo.jpg\",\"width\":1620,\"height\":1080,\"caption\":\"Golf a Sanremo\"},{\"@type\":\"BreadcrumbList\",\"@id\":\"https:\\\/\\\/sanremoweekend.it\\\/sports-weekend-in-san-remo\\\/golf-in-san-remo\\\/#breadcrumb\",\"itemListElement\":[{\"@type\":\"ListItem\",\"position\":1,\"name\":\"Home\",\"item\":\"https:\\\/\\\/sanremoweekend.it\\\/fr\\\/\"},{\"@type\":\"ListItem\",\"position\":2,\"name\":\"Sport \u00e0 San Remo\",\"item\":\"https:\\\/\\\/sanremoweekend.it\\\/sports-weekend-in-san-remo\\\/\"},{\"@type\":\"ListItem\",\"position\":3,\"name\":\"Golf \u00e0 San Remo\"}]},{\"@type\":\"WebSite\",\"@id\":\"https:\\\/\\\/sanremoweekend.it\\\/#website\",\"url\":\"https:\\\/\\\/sanremoweekend.it\\\/\",\"name\":\"Sanremo Weekend\",\"description\":\"Hotel 4 \u00e9toiles \u00e0 San Remo\",\"potentialAction\":[{\"@type\":\"SearchAction\",\"target\":{\"@type\":\"EntryPoint\",\"urlTemplate\":\"https:\\\/\\\/sanremoweekend.it\\\/?s={search_term_string}\"},\"query-input\":{\"@type\":\"PropertyValueSpecification\",\"valueRequired\":true,\"valueName\":\"search_term_string\"}}],\"inLanguage\":\"fr-FR\"}]}<\/script>\n<!-- \/ Yoast SEO plugin. -->","yoast_head_json":{"title":"Golf \u00e0 San Remo | Sanremo Weekend","description":"R\u00e9servez ici cette offre sp\u00e9ciale de golf \u00e0 San Remo. Le climat doux de San Remo en fait une destination de premier choix pour les golfeurs europ\u00e9ens.","robots":{"index":"index","follow":"follow","max-snippet":"max-snippet:-1","max-image-preview":"max-image-preview:large","max-video-preview":"max-video-preview:-1"},"canonical":"https:\/\/sanremoweekend.it\/sports-weekend-in-san-remo\/golf-in-san-remo\/","og_locale":"fr_FR","og_type":"article","og_title":"Golf \u00e0 San Remo | Sanremo Weekend","og_description":"R\u00e9servez ici cette offre sp\u00e9ciale de golf \u00e0 San Remo. Le climat doux de San Remo en fait une destination de premier choix pour les golfeurs europ\u00e9ens.","og_url":"https:\/\/sanremoweekend.it\/sports-weekend-in-san-remo\/golf-in-san-remo\/","og_site_name":"Sanremo Weekend","article_modified_time":"2023-07-12T12:22:41+00:00","og_image":[{"width":1620,"height":1080,"url":"https:\/\/sanremoweekend.it\/wp-content\/uploads\/2015\/04\/golfsanremo.jpg","type":"image\/jpeg"}],"twitter_card":"summary_large_image","twitter_misc":{"Dur\u00e9e de lecture estim\u00e9e":"4 minutes"},"schema":{"@context":"https:\/\/schema.org","@graph":[{"@type":"WebPage","@id":"https:\/\/sanremoweekend.it\/sports-weekend-in-san-remo\/golf-in-san-remo\/","url":"https:\/\/sanremoweekend.it\/sports-weekend-in-san-remo\/golf-in-san-remo\/","name":"Golf \u00e0 San Remo | Sanremo Weekend","isPartOf":{"@id":"https:\/\/sanremoweekend.it\/#website"},"primaryImageOfPage":{"@id":"https:\/\/sanremoweekend.it\/sports-weekend-in-san-remo\/golf-in-san-remo\/#primaryimage"},"image":{"@id":"https:\/\/sanremoweekend.it\/sports-weekend-in-san-remo\/golf-in-san-remo\/#primaryimage"},"thumbnailUrl":"https:\/\/sanremoweekend.it\/wp-content\/uploads\/2015\/04\/golfsanremo.jpg","datePublished":"2019-08-02T16:15:25+00:00","dateModified":"2023-07-12T12:22:41+00:00","description":"R\u00e9servez ici cette offre sp\u00e9ciale de golf \u00e0 San Remo. Le climat doux de San Remo en fait une destination de premier choix pour les golfeurs europ\u00e9ens.","breadcrumb":{"@id":"https:\/\/sanremoweekend.it\/sports-weekend-in-san-remo\/golf-in-san-remo\/#breadcrumb"},"inLanguage":"fr-FR","potentialAction":[{"@type":"ReadAction","target":["https:\/\/sanremoweekend.it\/sports-weekend-in-san-remo\/golf-in-san-remo\/"]}]},{"@type":"ImageObject","inLanguage":"fr-FR","@id":"https:\/\/sanremoweekend.it\/sports-weekend-in-san-remo\/golf-in-san-remo\/#primaryimage","url":"https:\/\/sanremoweekend.it\/wp-content\/uploads\/2015\/04\/golfsanremo.jpg","contentUrl":"https:\/\/sanremoweekend.it\/wp-content\/uploads\/2015\/04\/golfsanremo.jpg","width":1620,"height":1080,"caption":"Golf a Sanremo"},{"@type":"BreadcrumbList","@id":"https:\/\/sanremoweekend.it\/sports-weekend-in-san-remo\/golf-in-san-remo\/#breadcrumb","itemListElement":[{"@type":"ListItem","position":1,"name":"Home","item":"https:\/\/sanremoweekend.it\/fr\/"},{"@type":"ListItem","position":2,"name":"Sport \u00e0 San Remo","item":"https:\/\/sanremoweekend.it\/sports-weekend-in-san-remo\/"},{"@type":"ListItem","position":3,"name":"Golf \u00e0 San Remo"}]},{"@type":"WebSite","@id":"https:\/\/sanremoweekend.it\/#website","url":"https:\/\/sanremoweekend.it\/","name":"Sanremo Weekend","description":"Hotel 4 \u00e9toiles \u00e0 San Remo","potentialAction":[{"@type":"SearchAction","target":{"@type":"EntryPoint","urlTemplate":"https:\/\/sanremoweekend.it\/?s={search_term_string}"},"query-input":{"@type":"PropertyValueSpecification","valueRequired":true,"valueName":"search_term_string"}}],"inLanguage":"fr-FR"}]}},"_links":{"self":[{"href":"https:\/\/sanremoweekend.it\/fr\/wp-json\/wp\/v2\/pages\/9928","targetHints":{"allow":["GET"]}}],"collection":[{"href":"https:\/\/sanremoweekend.it\/fr\/wp-json\/wp\/v2\/pages"}],"about":[{"href":"https:\/\/sanremoweekend.it\/fr\/wp-json\/wp\/v2\/types\/page"}],"author":[{"embeddable":true,"href":"https:\/\/sanremoweekend.it\/fr\/wp-json\/wp\/v2\/users\/3"}],"replies":[{"embeddable":true,"href":"https:\/\/sanremoweekend.it\/fr\/wp-json\/wp\/v2\/comments?post=9928"}],"version-history":[{"count":0,"href":"https:\/\/sanremoweekend.it\/fr\/wp-json\/wp\/v2\/pages\/9928\/revisions"}],"up":[{"embeddable":true,"href":"https:\/\/sanremoweekend.it\/fr\/wp-json\/wp\/v2\/pages\/4743"}],"wp:featuredmedia":[{"embeddable":true,"href":"https:\/\/sanremoweekend.it\/fr\/wp-json\/wp\/v2\/media\/10031"}],"wp:attachment":[{"href":"https:\/\/sanremoweekend.it\/fr\/wp-json\/wp\/v2\/media?parent=9928"}],"curies":[{"name":"wp","href":"https:\/\/api.w.org\/{rel}","templated":true}]}}