{"id":1618,"date":"2017-04-02T13:40:05","date_gmt":"2017-04-02T11:40:05","guid":{"rendered":"http:\/\/www.nyalahotel.biz\/it\/offerte\/in-famiglia\/our-services-for-families-with-young-children\/"},"modified":"2023-07-14T15:12:50","modified_gmt":"2023-07-14T13:12:50","slug":"servizi-famiglie-bambini","status":"publish","type":"page","link":"https:\/\/sanremoweekend.it\/it\/vacanze-per-famiglie-a-sanremo\/servizi-famiglie-bambini\/","title":{"rendered":"Vacanza con bambini a Sanremo"},"content":{"rendered":"<h2 style=\"text-align: center;\">Vacanze con bambini a Sanremo<\/h2>\n<p style=\"font-size: 18px; text-align: center;\">Come membri degli <strong>Italy Family Hotels<\/strong>, abbiamo il piacere di offrire ai vostri bambini piccoli e ai neonati una serie di servizi che renderanno la loro vacanza allegra e confortevole. Dal parco giochi al mini club, al servizio di baby sitter. E tanti comfort in tutto l&#8217;hotel dal ristorante ai servizi in camera.<\/p>\n<p style=\"text-align: center;\"><a class=\"maxbutton-18 maxbutton maxbutton-prenota prenota-button-class\" target=\"_blank\" rel=\"noopener\" href=\"https:\/\/sanremoweekend.it\/it\/info\/\"><span class='mb-text'>Prenota<\/span><\/a><\/p>\n<div class=\"responsive-tabs\">\n<h2 class=\"tabtitle\">Pacchetto<\/h2>\n<div class=\"tabcontent\">\n\n<p><img loading=\"lazy\" decoding=\"async\" class=\"size-gallery-thumbnail wp-image-8651 aligncenter\" src=\"https:\/\/sanremoweekend.it\/wp-content\/uploads\/2019\/05\/mother-84628_1280-600x400.jpg\" alt=\"Holidays-with-babies-in-san-remo\" width=\"600\" height=\"400\" srcset=\"https:\/\/sanremoweekend.it\/wp-content\/uploads\/2019\/05\/mother-84628_1280-600x400.jpg 600w, https:\/\/sanremoweekend.it\/wp-content\/uploads\/2019\/05\/mother-84628_1280-300x200.jpg 300w, https:\/\/sanremoweekend.it\/wp-content\/uploads\/2019\/05\/mother-84628_1280-768x512.jpg 768w, https:\/\/sanremoweekend.it\/wp-content\/uploads\/2019\/05\/mother-84628_1280-1024x682.jpg 1024w, https:\/\/sanremoweekend.it\/wp-content\/uploads\/2019\/05\/mother-84628_1280-2x1.jpg 2w, https:\/\/sanremoweekend.it\/wp-content\/uploads\/2019\/05\/mother-84628_1280.jpg 1280w\" sizes=\"(max-width: 600px) 100vw, 600px\" \/><\/p>\n<p><strong>Viaggiare con i bambini a Sanremo non deve mettervi alcun ostacolo, bens\u00ec lasciarvi godere la vacanza.<\/strong><\/p>\n<p>Organizzare una gita con bambini da 0 a 2 anni vuol dire pensare al necessario da portarsi dietro, perch\u00e8 non manchi nulla durante la vacanza, senza per\u00f2 caricarsi di troppe cose. Con questo pacchetto dedicato, non avrete nulla di cui preoccuparvi in quanto l&#8217;hotel in cui avrete la fortuna di soggiornare, \u00e8 membro del circuito<strong> Italy Family Hotel<\/strong>.<\/p>\n<p>Con un&#8217;ampia offerta di attivit\u00e0, servizi, gastronomia, e prodotti specifici per bambini sotto i due anni, il nostro Hotel 4 stelle \u00e8 decisamente la miglior scelta che possiate fare per le vostre vacanze in famiglia.<\/p>\n\n<\/div><h2 class=\"tabtitle\">Quota di partecipazione<\/h2>\n<div class=\"tabcontent\">\n\n<h3 style=\"text-align: center;\"><strong>PACCHETTO &#8220;VACANZE CON BAMBINI A SANREMO&#8221;<\/strong><\/h3>\n<table class=\"aligncenter\" style=\"border-color: #000000; width: 62.9135%; height: 227px;\" border=\"1\" cellpadding=\"5\">\n<tbody>\n<tr style=\"height: 96px;\">\n<td style=\"text-align: right; width: 12.6949%; height: 96px;\"><\/td>\n<td style=\"text-align: right; width: 6.62773%; height: 96px;\"><span style=\"color: #ff0000;\"><b>Bassa Stagione<\/b><\/span><\/td>\n<td style=\"text-align: right; width: 6.0804%;\"><span style=\"color: #ff0000;\"><strong>Media Stagione<\/strong><\/span><\/td>\n<td style=\"text-align: right; width: 5.27068%;\"><span style=\"color: #ff0000;\"><strong>Ponti &amp; Festiviti\u00e0<\/strong><\/span><\/td>\n<\/tr>\n<tr style=\"height: 48px;\">\n<td style=\"text-align: right; width: 12.6949%; height: 48px;\"><span style=\"color: #ff0000;\"><b>Pacchetto Gold<br \/>\n<\/b><\/span><\/td>\n<td style=\"text-align: right; width: 6.62773%; height: 48px;\"><span style=\"color: #ff0000;\"><strong>\u20ac 245,00 <\/strong><\/span><\/td>\n<td style=\"text-align: right; width: 6.0804%; height: 48px;\"><span style=\"color: #ff0000;\"><strong>\u20ac 275,00<\/strong><\/span><\/td>\n<td style=\"text-align: right; width: 5.27068%;\"><span style=\"color: #ff0000;\"><strong>\u20ac 335,00 <\/strong><\/span><\/td>\n<\/tr>\n<\/tbody>\n<\/table>\n<p style=\"text-align: center;\">La quota si intende per persona<\/p>\n<p>La quota comprende:<\/p>\n<ul>\n<li>3 x pernottamenti<\/li>\n<li>3 x prime colazioni a buffet<\/li>\n<li>3 x cena in hotel<\/li>\n<li>assistenza da parte della nostra agenzia<\/li>\n<li>il parcheggio privato, secondo disponibilit\u00e0<\/li>\n<li>servizio navetta gratuito dall\u2019hotel verso il centro storico (dalle 9:00 alle 18:00)<\/li>\n<li><b>Carta Membro Sanremo-On <\/b>che offre sconti riservati in negozi di abbigliamnto e accessori selezionati e presso ristoranti e bar eleganti<\/li>\n<\/ul>\n<p>La quota non comprende:<\/p>\n<ul>\n<li>biglietti di viaggio<\/li>\n<li>la tassa di soggiorno, che sar\u00e0 da corrispondersi in loco<\/li>\n<li>le mance e gli extra di carattere personale<\/li>\n<li>tutto ci\u00f2 che non \u00e8 indicato ne \u201cla quota comprende\u201d<\/li>\n<\/ul>\n<p>Sistemazione<\/p>\n<ul>\n<li>Il <strong>pacchetto Gold <\/strong>include la sistemazione in una<strong> junior suite<\/strong> presso il NYALA Suite Hotel di Sanremo<\/li>\n<li>i bambini sotto gli 11 anni soggiornano gratuitamente<\/li>\n<\/ul>\n<p>Validit\u00e0 dell\u2019offerta<\/p>\n<ul>\n<li>l\u2019offerta \u00e8 valida tutto l\u2019anno, con l\u2019esclusione dei periodi di altissima affluenza<\/li>\n<\/ul>\n<p style=\"text-align: center;\">\n<h4 style=\"text-align: center;\">Servizi in camera<\/h4>\n<p style=\"text-align: center;\">Durante il vostro soggiorno, il Nyala Family Hotel mette a vostra disposizione tutte le comodit\u00e0 di casa vostra: dalle culle ai lettini con sponde, dalle vaschette per il bagno dei neonati allo scalda biberon.<\/p>\n<h4 style=\"text-align: center;\">Servizi in sala e ristorazione<\/h4>\n<p style=\"text-align: center;\">Nelle nostre sale ristorante trovate comodi seggioloni, posateria, piatti e tovagliette dai colori allegri e divertenti. Il nostro chef preparer\u00e0 menu specifici per i vostri bambini, studiati nella scelta degli ingredienti e presentati in modo simpatico e divertente. Gli orari dei pasti potranno essere flessibili, per agevolare bimbi e genitori, inoltre un angolo cucina attrezzato per la preparazione delle pappe come a casa \u00e8 a disposizione dei nostri ospiti 24 ore su 24.<\/p>\n<h4 style=\"text-align: center;\">Assistenza Medica<\/h4>\n<p style=\"text-align: center;\">In caso di necessit\u00e0 i genitori possono contare sull&#8217;assistenza del pediatra di fiducia del nostro family hotel.<\/p>\n<h4 style=\"text-align: center;\">Servizio lavanderia<\/h4>\n<p style=\"text-align: center;\">L&#8217;albergo, su richiesta, garantisce un servizio di lavanderia per gli indumenti dei bambini.<\/p>\n<h4 style=\"text-align: center;\">Mini Club<\/h4>\n<p style=\"text-align: center;\">Il nostro personale qualificato plurilingue sar\u00e0 lieto di coinvolgere i piccoli ospiti, organizzando una serie di attivit\u00f9 coinvolgenti e divertenti. Il miniclub \u00e8 disponibile tutti i giorni dalle 18 alle 22, durante le vacanze di Natale, di Pasqua e nei mesi di luglio e agosto.<\/p>\n<h4 style=\"text-align: center;\">Baby-Sitter<\/h4>\n<p style=\"text-align: center;\">Su richiesta, una persona di fiducia che si prender\u00e0 cura dei vostri bambini, li far\u00e0 giocare, divertire in un ambiente sano e sicuro, mentre anche i genitori potranno godere la propria vacanza.<\/p>\n<h4 style=\"text-align: center;\">Parco giochi<\/h4>\n<p style=\"text-align: center;\">Immerso nel nostro incantevole giardino tropicale, si trova un attrezzato parco con giochi adatti alle diverse fasce d&#8217;et\u00e0 per divertire i bambini in ogni momento della giornata, attrezzato con scivolo, altalena, corde per arrampicarsi e giochi a molla.<\/p>\n<h4 style=\"text-align: center;\">Saletta gioco<\/h4>\n<p style=\"text-align: center;\">Una saletta gioco di 15 mq \u00e8 allestita una piccola biblioteca con libri di favole e fumetti, una videoteca di cartoni animati e film per bambini e tanti giochi in legno per rendere le giornate dei vostri piccoli sempre ricche e sorprendenti.<\/p>\n\n<\/div><h2 class=\"tabtitle\">Politica di prenotazione<\/h2>\n<div class=\"tabcontent\">\n\n<p><strong>Politica di prenotazione<\/strong><\/p>\n<p>La commercializzazione dei pacchetti \u201cSanremo Weekend\u201d \u00e8 gestita dall\u2019agenzia di viaggi Nyala Wonder Travel.<\/p>\n<ul>\n<li>Costi di segreteria e gestione pratica: 5% sull\u2019ammontare del pacchetto confermato<\/li>\n<li>Pagamento: al momento della conferma della prenotazione con carta di credito o bonifico bancario<\/li>\n<li>Penali di cancellazione: intero rimborso dell\u2019importo del pacchetto per cancellazioni effettuate 61 giorni prima della data di arrivo prevista, 50% di penale per cancellazioni effettuate entro i 31 giorni prima della data di arrivo prevista, 100% per cancellazioni effettuate nei 30 giorni precedenti la data di arrivo prevista.<\/li>\n<li>Costi di modifica della prenotazione: nessun costo fino a 31 giorni prima della data di arrivo prevista, 100% per modifiche effettuate nei 30 giorni precedenti la data di arrivo prevista.<\/li>\n<li>Costi di trasferimento del contratto a terzi (Art. 38 Codice Turismo): nessun costo fino a 31 giorni prima della data di arrivo prevista, 20% dell\u2019importo del pacchetto per cessioni effettuate nei 30 giorni precedenti la data di arrivo prevista.<\/li>\n<li>I costi di segreteria e gestione pratica non sono mai rimborsabili in caso di modifica o cancellazione<\/li>\n<\/ul>\n<p>&nbsp;<\/p>\n<\/div><\/div>\n","protected":false},"excerpt":{"rendered":"<p>Programmare una vacanza con bambini da 0 a 2 anni vuol dire pensare a tutto ci\u00f2 che serve portarsi dietro. Con questo pacchetto dedicato alle famiglie con bambini, non avrete nulla di cui preoccuparvi in quanto il nostro albergo \u00e8 membro del circuito Italy Family Hotel.<\/p>\n","protected":false},"author":3,"featured_media":8654,"parent":1607,"menu_order":0,"comment_status":"open","ping_status":"closed","template":"content-page-template.php","meta":{"_acf_changed":false,"_et_pb_use_builder":"","_et_pb_old_content":"","_et_gb_content_width":"","footnotes":""},"class_list":["post-1618","page","type-page","status-publish","has-post-thumbnail","hentry"],"acf":[],"yoast_head":"<!-- This site is optimized with the Yoast SEO plugin v27.5 - https:\/\/yoast.com\/product\/yoast-seo-wordpress\/ -->\n<title>Vacanza con bambini a Sanremo | SANREMO WEEKEND Special Offers<\/title>\n<meta name=\"description\" content=\"Prenotate una vacanza con bambini in un accogliente Family Hotel con piscina, mini club, baby sitter, sala gioco e tanti servizi per famiglie con bambini.\" \/>\n<meta name=\"robots\" content=\"index, follow, max-snippet:-1, max-image-preview:large, max-video-preview:-1\" \/>\n<link rel=\"canonical\" href=\"https:\/\/sanremoweekend.it\/holidays-for-families-in-san-remo\/holidays-with-babies-in-san-remo\/\" \/>\n<meta property=\"og:locale\" content=\"it_IT\" \/>\n<meta property=\"og:type\" content=\"article\" \/>\n<meta property=\"og:title\" content=\"Vacanza con bambini a Sanremo | SANREMO WEEKEND Special Offers\" \/>\n<meta property=\"og:description\" content=\"Prenotate una vacanza con bambini in un accogliente Family Hotel con piscina, mini club, baby sitter, sala gioco e tanti servizi per famiglie con bambini.\" \/>\n<meta property=\"og:url\" content=\"https:\/\/sanremoweekend.it\/holidays-for-families-in-san-remo\/holidays-with-babies-in-san-remo\/\" \/>\n<meta property=\"og:site_name\" content=\"SANREMO WEEKEND\" \/>\n<meta property=\"article:modified_time\" content=\"2023-07-14T13:12:50+00:00\" \/>\n<meta property=\"og:image\" content=\"https:\/\/sanremoweekend.it\/wp-content\/uploads\/2019\/05\/mother-84628_1280.jpg\" \/>\n\t<meta property=\"og:image:width\" content=\"1280\" \/>\n\t<meta property=\"og:image:height\" content=\"853\" \/>\n\t<meta property=\"og:image:type\" content=\"image\/jpeg\" \/>\n<meta name=\"twitter:card\" content=\"summary_large_image\" \/>\n<meta name=\"twitter:label1\" content=\"Tempo di lettura stimato\" \/>\n\t<meta name=\"twitter:data1\" content=\"4 minuti\" \/>\n<script type=\"application\/ld+json\" class=\"yoast-schema-graph\">{\"@context\":\"https:\\\/\\\/schema.org\",\"@graph\":[{\"@type\":\"WebPage\",\"@id\":\"https:\\\/\\\/sanremoweekend.it\\\/holidays-for-families-in-san-remo\\\/holidays-with-babies-in-san-remo\\\/\",\"url\":\"https:\\\/\\\/sanremoweekend.it\\\/holidays-for-families-in-san-remo\\\/holidays-with-babies-in-san-remo\\\/\",\"name\":\"Vacanza con bambini a Sanremo | SANREMO WEEKEND Special Offers\",\"isPartOf\":{\"@id\":\"https:\\\/\\\/sanremoweekend.it\\\/#website\"},\"primaryImageOfPage\":{\"@id\":\"https:\\\/\\\/sanremoweekend.it\\\/holidays-for-families-in-san-remo\\\/holidays-with-babies-in-san-remo\\\/#primaryimage\"},\"image\":{\"@id\":\"https:\\\/\\\/sanremoweekend.it\\\/holidays-for-families-in-san-remo\\\/holidays-with-babies-in-san-remo\\\/#primaryimage\"},\"thumbnailUrl\":\"https:\\\/\\\/sanremoweekend.it\\\/wp-content\\\/uploads\\\/2019\\\/05\\\/mother-84628_1280.jpg\",\"datePublished\":\"2017-04-02T11:40:05+00:00\",\"dateModified\":\"2023-07-14T13:12:50+00:00\",\"description\":\"Prenotate una vacanza con bambini in un accogliente Family Hotel con piscina, mini club, baby sitter, sala gioco e tanti servizi per famiglie con bambini.\",\"breadcrumb\":{\"@id\":\"https:\\\/\\\/sanremoweekend.it\\\/holidays-for-families-in-san-remo\\\/holidays-with-babies-in-san-remo\\\/#breadcrumb\"},\"inLanguage\":\"it-IT\",\"potentialAction\":[{\"@type\":\"ReadAction\",\"target\":[\"https:\\\/\\\/sanremoweekend.it\\\/holidays-for-families-in-san-remo\\\/holidays-with-babies-in-san-remo\\\/\"]}]},{\"@type\":\"ImageObject\",\"inLanguage\":\"it-IT\",\"@id\":\"https:\\\/\\\/sanremoweekend.it\\\/holidays-for-families-in-san-remo\\\/holidays-with-babies-in-san-remo\\\/#primaryimage\",\"url\":\"https:\\\/\\\/sanremoweekend.it\\\/wp-content\\\/uploads\\\/2019\\\/05\\\/mother-84628_1280.jpg\",\"contentUrl\":\"https:\\\/\\\/sanremoweekend.it\\\/wp-content\\\/uploads\\\/2019\\\/05\\\/mother-84628_1280.jpg\",\"width\":1280,\"height\":853,\"caption\":\"Holidays-with-babies-in-san-remo\"},{\"@type\":\"BreadcrumbList\",\"@id\":\"https:\\\/\\\/sanremoweekend.it\\\/holidays-for-families-in-san-remo\\\/holidays-with-babies-in-san-remo\\\/#breadcrumb\",\"itemListElement\":[{\"@type\":\"ListItem\",\"position\":1,\"name\":\"Home\",\"item\":\"https:\\\/\\\/sanremoweekend.it\\\/it\\\/\"},{\"@type\":\"ListItem\",\"position\":2,\"name\":\"Family hotel per vacanze per famiglie a Sanremo\",\"item\":\"https:\\\/\\\/sanremoweekend.it\\\/holidays-for-families-in-san-remo\\\/\"},{\"@type\":\"ListItem\",\"position\":3,\"name\":\"Vacanza con bambini a Sanremo\"}]},{\"@type\":\"WebSite\",\"@id\":\"https:\\\/\\\/sanremoweekend.it\\\/#website\",\"url\":\"https:\\\/\\\/sanremoweekend.it\\\/\",\"name\":\"Sanremo Weekend\",\"description\":\"OFFERTE E PACCHETTI VACANZA\",\"potentialAction\":[{\"@type\":\"SearchAction\",\"target\":{\"@type\":\"EntryPoint\",\"urlTemplate\":\"https:\\\/\\\/sanremoweekend.it\\\/?s={search_term_string}\"},\"query-input\":{\"@type\":\"PropertyValueSpecification\",\"valueRequired\":true,\"valueName\":\"search_term_string\"}}],\"inLanguage\":\"it-IT\"}]}<\/script>\n<!-- \/ Yoast SEO plugin. -->","yoast_head_json":{"title":"Vacanza con bambini a Sanremo | SANREMO WEEKEND Special Offers","description":"Prenotate una vacanza con bambini in un accogliente Family Hotel con piscina, mini club, baby sitter, sala gioco e tanti servizi per famiglie con bambini.","robots":{"index":"index","follow":"follow","max-snippet":"max-snippet:-1","max-image-preview":"max-image-preview:large","max-video-preview":"max-video-preview:-1"},"canonical":"https:\/\/sanremoweekend.it\/holidays-for-families-in-san-remo\/holidays-with-babies-in-san-remo\/","og_locale":"it_IT","og_type":"article","og_title":"Vacanza con bambini a Sanremo | SANREMO WEEKEND Special Offers","og_description":"Prenotate una vacanza con bambini in un accogliente Family Hotel con piscina, mini club, baby sitter, sala gioco e tanti servizi per famiglie con bambini.","og_url":"https:\/\/sanremoweekend.it\/holidays-for-families-in-san-remo\/holidays-with-babies-in-san-remo\/","og_site_name":"SANREMO WEEKEND","article_modified_time":"2023-07-14T13:12:50+00:00","og_image":[{"width":1280,"height":853,"url":"https:\/\/sanremoweekend.it\/wp-content\/uploads\/2019\/05\/mother-84628_1280.jpg","type":"image\/jpeg"}],"twitter_card":"summary_large_image","twitter_misc":{"Tempo di lettura stimato":"4 minuti"},"schema":{"@context":"https:\/\/schema.org","@graph":[{"@type":"WebPage","@id":"https:\/\/sanremoweekend.it\/holidays-for-families-in-san-remo\/holidays-with-babies-in-san-remo\/","url":"https:\/\/sanremoweekend.it\/holidays-for-families-in-san-remo\/holidays-with-babies-in-san-remo\/","name":"Vacanza con bambini a Sanremo | SANREMO WEEKEND Special Offers","isPartOf":{"@id":"https:\/\/sanremoweekend.it\/#website"},"primaryImageOfPage":{"@id":"https:\/\/sanremoweekend.it\/holidays-for-families-in-san-remo\/holidays-with-babies-in-san-remo\/#primaryimage"},"image":{"@id":"https:\/\/sanremoweekend.it\/holidays-for-families-in-san-remo\/holidays-with-babies-in-san-remo\/#primaryimage"},"thumbnailUrl":"https:\/\/sanremoweekend.it\/wp-content\/uploads\/2019\/05\/mother-84628_1280.jpg","datePublished":"2017-04-02T11:40:05+00:00","dateModified":"2023-07-14T13:12:50+00:00","description":"Prenotate una vacanza con bambini in un accogliente Family Hotel con piscina, mini club, baby sitter, sala gioco e tanti servizi per famiglie con bambini.","breadcrumb":{"@id":"https:\/\/sanremoweekend.it\/holidays-for-families-in-san-remo\/holidays-with-babies-in-san-remo\/#breadcrumb"},"inLanguage":"it-IT","potentialAction":[{"@type":"ReadAction","target":["https:\/\/sanremoweekend.it\/holidays-for-families-in-san-remo\/holidays-with-babies-in-san-remo\/"]}]},{"@type":"ImageObject","inLanguage":"it-IT","@id":"https:\/\/sanremoweekend.it\/holidays-for-families-in-san-remo\/holidays-with-babies-in-san-remo\/#primaryimage","url":"https:\/\/sanremoweekend.it\/wp-content\/uploads\/2019\/05\/mother-84628_1280.jpg","contentUrl":"https:\/\/sanremoweekend.it\/wp-content\/uploads\/2019\/05\/mother-84628_1280.jpg","width":1280,"height":853,"caption":"Holidays-with-babies-in-san-remo"},{"@type":"BreadcrumbList","@id":"https:\/\/sanremoweekend.it\/holidays-for-families-in-san-remo\/holidays-with-babies-in-san-remo\/#breadcrumb","itemListElement":[{"@type":"ListItem","position":1,"name":"Home","item":"https:\/\/sanremoweekend.it\/it\/"},{"@type":"ListItem","position":2,"name":"Family hotel per vacanze per famiglie a Sanremo","item":"https:\/\/sanremoweekend.it\/holidays-for-families-in-san-remo\/"},{"@type":"ListItem","position":3,"name":"Vacanza con bambini a Sanremo"}]},{"@type":"WebSite","@id":"https:\/\/sanremoweekend.it\/#website","url":"https:\/\/sanremoweekend.it\/","name":"Sanremo Weekend","description":"OFFERTE E PACCHETTI VACANZA","potentialAction":[{"@type":"SearchAction","target":{"@type":"EntryPoint","urlTemplate":"https:\/\/sanremoweekend.it\/?s={search_term_string}"},"query-input":{"@type":"PropertyValueSpecification","valueRequired":true,"valueName":"search_term_string"}}],"inLanguage":"it-IT"}]}},"_links":{"self":[{"href":"https:\/\/sanremoweekend.it\/it\/wp-json\/wp\/v2\/pages\/1618","targetHints":{"allow":["GET"]}}],"collection":[{"href":"https:\/\/sanremoweekend.it\/it\/wp-json\/wp\/v2\/pages"}],"about":[{"href":"https:\/\/sanremoweekend.it\/it\/wp-json\/wp\/v2\/types\/page"}],"author":[{"embeddable":true,"href":"https:\/\/sanremoweekend.it\/it\/wp-json\/wp\/v2\/users\/3"}],"replies":[{"embeddable":true,"href":"https:\/\/sanremoweekend.it\/it\/wp-json\/wp\/v2\/comments?post=1618"}],"version-history":[{"count":0,"href":"https:\/\/sanremoweekend.it\/it\/wp-json\/wp\/v2\/pages\/1618\/revisions"}],"up":[{"embeddable":true,"href":"https:\/\/sanremoweekend.it\/it\/wp-json\/wp\/v2\/pages\/1607"}],"wp:featuredmedia":[{"embeddable":true,"href":"https:\/\/sanremoweekend.it\/it\/wp-json\/wp\/v2\/media\/8654"}],"wp:attachment":[{"href":"https:\/\/sanremoweekend.it\/it\/wp-json\/wp\/v2\/media?parent=1618"}],"curies":[{"name":"wp","href":"https:\/\/api.w.org\/{rel}","templated":true}]}}