{"id":1637,"date":"2015-04-03T10:19:37","date_gmt":"2015-04-03T10:19:37","guid":{"rendered":"http:\/\/www.nyalahotel.biz\/it\/offerte\/holidays\/"},"modified":"2023-06-20T12:13:31","modified_gmt":"2023-06-20T10:13:31","slug":"vacanze-e-festivita-a-sanremo","status":"publish","type":"page","link":"https:\/\/sanremoweekend.it\/it\/vacanze-e-festivita-a-sanremo\/","title":{"rendered":"Vacanze e Festivit\u00e0 a Sanremo"},"content":{"rendered":"<h1 style=\"text-align: center;\">Vacanze e Festivit\u00e0<\/h1>\n<h2 style=\"text-align: center;\">Prenota le tue vacanze e festivit\u00e0 a Sanremo<\/h2>\n<p style=\"text-align: center;\">Prenota le tue vacanze e festivit\u00e0 a Sanremo scegliendo le offerte speciali del nostro moderno hotel<br \/>\nin occasione delle principali festivit\u00e0 del 2021 e dell&#8217;estate.<\/p>\n<p style=\"text-align: center;\">Durante le vacanze Sanremo \u00e8 una destinazione che si presenta sempre al meglio,<br \/>\ncon un&#8217;ampia offerta di proposte che vanno dagli eventi\u00a0allo shopping, dalla cultura allo svago.<\/p>\n<p>&nbsp;<\/p>\n","protected":false},"excerpt":{"rendered":"<p>Vacanze e Festivit\u00e0 Prenota le tue vacanze e festivit\u00e0 a Sanremo Prenota le tue vacanze e festivit\u00e0 a Sanremo scegliendo le offerte speciali del nostro moderno hotel in occasione delle principali festivit\u00e0 del 2021 e dell&#8217;estate. Durante le vacanze Sanremo \u00e8 una destinazione che si presenta sempre al meglio, con un&#8217;ampia offerta di proposte che [&hellip;]<\/p>\n","protected":false},"author":3,"featured_media":8468,"parent":0,"menu_order":10,"comment_status":"open","ping_status":"closed","template":"offer_one_column.php","meta":{"_acf_changed":false,"_et_pb_use_builder":"","_et_pb_old_content":"","_et_gb_content_width":"","footnotes":""},"class_list":["post-1637","page","type-page","status-publish","has-post-thumbnail","hentry"],"acf":[],"yoast_head":"<!-- This site is optimized with the Yoast SEO plugin v27.4 - https:\/\/yoast.com\/product\/yoast-seo-wordpress\/ -->\n<title>Vacanze e Festivit\u00e0 a Sanremo | SANREMO WEEKEND<\/title>\n<meta name=\"description\" content=\"Prenota le tue vacanze e festivit\u00e0 a Sanremo scegliendo le offerte speciali per le principali festivit\u00e0 e dell&#039;estate.\" \/>\n<meta name=\"robots\" content=\"index, follow, max-snippet:-1, max-image-preview:large, max-video-preview:-1\" \/>\n<link rel=\"canonical\" href=\"https:\/\/sanremoweekend.it\/holidays-in-san-remo\/\" \/>\n<meta property=\"og:locale\" content=\"it_IT\" \/>\n<meta property=\"og:type\" content=\"article\" \/>\n<meta property=\"og:title\" content=\"Vacanze e Festivit\u00e0 a Sanremo | SANREMO WEEKEND\" \/>\n<meta property=\"og:description\" content=\"Prenota le tue vacanze e festivit\u00e0 a Sanremo scegliendo le offerte speciali per le principali festivit\u00e0 e dell&#039;estate.\" \/>\n<meta property=\"og:url\" content=\"https:\/\/sanremoweekend.it\/holidays-in-san-remo\/\" \/>\n<meta property=\"og:site_name\" content=\"SANREMO WEEKEND\" \/>\n<meta property=\"article:modified_time\" content=\"2023-06-20T10:13:31+00:00\" \/>\n<meta property=\"og:image\" content=\"https:\/\/sanremoweekend.it\/wp-content\/uploads\/2016\/08\/kike-vega-1212684-unsplash-1024x646.jpg\" \/>\n\t<meta property=\"og:image:width\" content=\"1024\" \/>\n\t<meta property=\"og:image:height\" content=\"646\" \/>\n\t<meta property=\"og:image:type\" content=\"image\/jpeg\" \/>\n<meta name=\"twitter:card\" content=\"summary_large_image\" \/>\n<meta name=\"twitter:label1\" content=\"Tempo di lettura stimato\" \/>\n\t<meta name=\"twitter:data1\" content=\"1 minuto\" \/>\n<script type=\"application\/ld+json\" class=\"yoast-schema-graph\">{\"@context\":\"https:\\\/\\\/schema.org\",\"@graph\":[{\"@type\":\"WebPage\",\"@id\":\"https:\\\/\\\/sanremoweekend.it\\\/holidays-in-san-remo\\\/\",\"url\":\"https:\\\/\\\/sanremoweekend.it\\\/holidays-in-san-remo\\\/\",\"name\":\"Vacanze e Festivit\u00e0 a Sanremo | SANREMO WEEKEND\",\"isPartOf\":{\"@id\":\"https:\\\/\\\/sanremoweekend.it\\\/#website\"},\"primaryImageOfPage\":{\"@id\":\"https:\\\/\\\/sanremoweekend.it\\\/holidays-in-san-remo\\\/#primaryimage\"},\"image\":{\"@id\":\"https:\\\/\\\/sanremoweekend.it\\\/holidays-in-san-remo\\\/#primaryimage\"},\"thumbnailUrl\":\"https:\\\/\\\/sanremoweekend.it\\\/wp-content\\\/uploads\\\/2016\\\/08\\\/kike-vega-1212684-unsplash.jpg\",\"datePublished\":\"2015-04-03T10:19:37+00:00\",\"dateModified\":\"2023-06-20T10:13:31+00:00\",\"description\":\"Prenota le tue vacanze e festivit\u00e0 a Sanremo scegliendo le offerte speciali per le principali festivit\u00e0 e dell'estate.\",\"breadcrumb\":{\"@id\":\"https:\\\/\\\/sanremoweekend.it\\\/holidays-in-san-remo\\\/#breadcrumb\"},\"inLanguage\":\"it-IT\",\"potentialAction\":[{\"@type\":\"ReadAction\",\"target\":[\"https:\\\/\\\/sanremoweekend.it\\\/holidays-in-san-remo\\\/\"]}]},{\"@type\":\"ImageObject\",\"inLanguage\":\"it-IT\",\"@id\":\"https:\\\/\\\/sanremoweekend.it\\\/holidays-in-san-remo\\\/#primaryimage\",\"url\":\"https:\\\/\\\/sanremoweekend.it\\\/wp-content\\\/uploads\\\/2016\\\/08\\\/kike-vega-1212684-unsplash.jpg\",\"contentUrl\":\"https:\\\/\\\/sanremoweekend.it\\\/wp-content\\\/uploads\\\/2016\\\/08\\\/kike-vega-1212684-unsplash.jpg\",\"width\":5815,\"height\":3666,\"caption\":\"Yoga-in-san-remo\"},{\"@type\":\"BreadcrumbList\",\"@id\":\"https:\\\/\\\/sanremoweekend.it\\\/holidays-in-san-remo\\\/#breadcrumb\",\"itemListElement\":[{\"@type\":\"ListItem\",\"position\":1,\"name\":\"Home\",\"item\":\"https:\\\/\\\/sanremoweekend.it\\\/it\\\/\"},{\"@type\":\"ListItem\",\"position\":2,\"name\":\"Vacanze e Festivit\u00e0 a Sanremo\"}]},{\"@type\":\"WebSite\",\"@id\":\"https:\\\/\\\/sanremoweekend.it\\\/#website\",\"url\":\"https:\\\/\\\/sanremoweekend.it\\\/\",\"name\":\"Sanremo Weekend\",\"description\":\"OFFERTE E PACCHETTI VACANZA\",\"potentialAction\":[{\"@type\":\"SearchAction\",\"target\":{\"@type\":\"EntryPoint\",\"urlTemplate\":\"https:\\\/\\\/sanremoweekend.it\\\/?s={search_term_string}\"},\"query-input\":{\"@type\":\"PropertyValueSpecification\",\"valueRequired\":true,\"valueName\":\"search_term_string\"}}],\"inLanguage\":\"it-IT\"}]}<\/script>\n<!-- \/ Yoast SEO plugin. -->","yoast_head_json":{"title":"Vacanze e Festivit\u00e0 a Sanremo | SANREMO WEEKEND","description":"Prenota le tue vacanze e festivit\u00e0 a Sanremo scegliendo le offerte speciali per le principali festivit\u00e0 e dell'estate.","robots":{"index":"index","follow":"follow","max-snippet":"max-snippet:-1","max-image-preview":"max-image-preview:large","max-video-preview":"max-video-preview:-1"},"canonical":"https:\/\/sanremoweekend.it\/holidays-in-san-remo\/","og_locale":"it_IT","og_type":"article","og_title":"Vacanze e Festivit\u00e0 a Sanremo | SANREMO WEEKEND","og_description":"Prenota le tue vacanze e festivit\u00e0 a Sanremo scegliendo le offerte speciali per le principali festivit\u00e0 e dell'estate.","og_url":"https:\/\/sanremoweekend.it\/holidays-in-san-remo\/","og_site_name":"SANREMO WEEKEND","article_modified_time":"2023-06-20T10:13:31+00:00","og_image":[{"width":1024,"height":646,"url":"https:\/\/sanremoweekend.it\/wp-content\/uploads\/2016\/08\/kike-vega-1212684-unsplash-1024x646.jpg","type":"image\/jpeg"}],"twitter_card":"summary_large_image","twitter_misc":{"Tempo di lettura stimato":"1 minuto"},"schema":{"@context":"https:\/\/schema.org","@graph":[{"@type":"WebPage","@id":"https:\/\/sanremoweekend.it\/holidays-in-san-remo\/","url":"https:\/\/sanremoweekend.it\/holidays-in-san-remo\/","name":"Vacanze e Festivit\u00e0 a Sanremo | SANREMO WEEKEND","isPartOf":{"@id":"https:\/\/sanremoweekend.it\/#website"},"primaryImageOfPage":{"@id":"https:\/\/sanremoweekend.it\/holidays-in-san-remo\/#primaryimage"},"image":{"@id":"https:\/\/sanremoweekend.it\/holidays-in-san-remo\/#primaryimage"},"thumbnailUrl":"https:\/\/sanremoweekend.it\/wp-content\/uploads\/2016\/08\/kike-vega-1212684-unsplash.jpg","datePublished":"2015-04-03T10:19:37+00:00","dateModified":"2023-06-20T10:13:31+00:00","description":"Prenota le tue vacanze e festivit\u00e0 a Sanremo scegliendo le offerte speciali per le principali festivit\u00e0 e dell'estate.","breadcrumb":{"@id":"https:\/\/sanremoweekend.it\/holidays-in-san-remo\/#breadcrumb"},"inLanguage":"it-IT","potentialAction":[{"@type":"ReadAction","target":["https:\/\/sanremoweekend.it\/holidays-in-san-remo\/"]}]},{"@type":"ImageObject","inLanguage":"it-IT","@id":"https:\/\/sanremoweekend.it\/holidays-in-san-remo\/#primaryimage","url":"https:\/\/sanremoweekend.it\/wp-content\/uploads\/2016\/08\/kike-vega-1212684-unsplash.jpg","contentUrl":"https:\/\/sanremoweekend.it\/wp-content\/uploads\/2016\/08\/kike-vega-1212684-unsplash.jpg","width":5815,"height":3666,"caption":"Yoga-in-san-remo"},{"@type":"BreadcrumbList","@id":"https:\/\/sanremoweekend.it\/holidays-in-san-remo\/#breadcrumb","itemListElement":[{"@type":"ListItem","position":1,"name":"Home","item":"https:\/\/sanremoweekend.it\/it\/"},{"@type":"ListItem","position":2,"name":"Vacanze e Festivit\u00e0 a Sanremo"}]},{"@type":"WebSite","@id":"https:\/\/sanremoweekend.it\/#website","url":"https:\/\/sanremoweekend.it\/","name":"Sanremo Weekend","description":"OFFERTE E PACCHETTI VACANZA","potentialAction":[{"@type":"SearchAction","target":{"@type":"EntryPoint","urlTemplate":"https:\/\/sanremoweekend.it\/?s={search_term_string}"},"query-input":{"@type":"PropertyValueSpecification","valueRequired":true,"valueName":"search_term_string"}}],"inLanguage":"it-IT"}]}},"_links":{"self":[{"href":"https:\/\/sanremoweekend.it\/it\/wp-json\/wp\/v2\/pages\/1637","targetHints":{"allow":["GET"]}}],"collection":[{"href":"https:\/\/sanremoweekend.it\/it\/wp-json\/wp\/v2\/pages"}],"about":[{"href":"https:\/\/sanremoweekend.it\/it\/wp-json\/wp\/v2\/types\/page"}],"author":[{"embeddable":true,"href":"https:\/\/sanremoweekend.it\/it\/wp-json\/wp\/v2\/users\/3"}],"replies":[{"embeddable":true,"href":"https:\/\/sanremoweekend.it\/it\/wp-json\/wp\/v2\/comments?post=1637"}],"version-history":[{"count":0,"href":"https:\/\/sanremoweekend.it\/it\/wp-json\/wp\/v2\/pages\/1637\/revisions"}],"wp:featuredmedia":[{"embeddable":true,"href":"https:\/\/sanremoweekend.it\/it\/wp-json\/wp\/v2\/media\/8468"}],"wp:attachment":[{"href":"https:\/\/sanremoweekend.it\/it\/wp-json\/wp\/v2\/media?parent=1637"}],"curies":[{"name":"wp","href":"https:\/\/api.w.org\/{rel}","templated":true}]}}