{"id":1653,"date":"2015-04-03T10:22:51","date_gmt":"2015-04-03T10:22:51","guid":{"rendered":"http:\/\/www.nyalahotel.biz\/it\/offerte\/vacanze\/new-years-eve-in-san-remo\/"},"modified":"2021-01-21T16:19:22","modified_gmt":"2021-01-21T15:19:22","slug":"capodanno-sanremo","status":"publish","type":"page","link":"https:\/\/sanremoweekend.it\/it\/vacanze-e-festivita-a-sanremo\/capodanno-sanremo\/","title":{"rendered":"Capodanno a Sanremo"},"content":{"rendered":"<h2 style=\"text-align: center;\"><strong>Capodanno a Sanremo<\/strong><\/h2>\n<p style=\"text-align: center;\">L&#8217;eterno splendore della Riviera, per trascorrere in maniera memorabile <strong>San Silvestro e Capodanno a Sanremo.<\/strong><\/p>\n<p style=\"text-align: center;\"><a class=\"maxbutton-18 maxbutton maxbutton-prenota prenota-button-class\" target=\"_blank\" rel=\"noopener\" href=\"https:\/\/sanremoweekend.it\/it\/info\/\"><span class='mb-text'>Prenota<\/span><\/a><\/p>\n<div class=\"responsive-tabs\">\n<h2 class=\"tabtitle\">Pacchetto<\/h2>\n<div class=\"tabcontent\">\n\n<h2><strong>Prenota l&#8217;hotel per festeggiare la Notte di San Silvestro a Sanremo<br \/>\n<\/strong><\/h2>\n<p>L&#8217;arrivo del freddo accompagna il periodo pi\u00f9 festoso dell&#8217;anno, ma l&#8217;atmosfera natalizia rende tutto pi\u00f9 romantico e dolce. Ed \u00e8 l&#8217;atmosfera che si respira a Sanremo e nel nostro hotel, che si prepara proprio per ricevervi al meglio in occasione delle feste natalizie: con una selezione di vini, piatti della cucina tradizionale e buona musica ad intrattenere queste serate speciali. Prenotate il nostro hotel per festeggiare un indimenticabile Veglione di San Silvestro e Capodanno. Due serate in cui salutare il vecchio anno e dare il benvenuto al nuovo anno in compagnia di famiglia, in coppia o con gli amici.<\/p>\n<p><img loading=\"lazy\" decoding=\"async\" class=\"size-gallery-thumbnail wp-image-8523 aligncenter\" src=\"https:\/\/sanremoweekend.it\/wp-content\/uploads\/2019\/05\/champagne-1939795_1280-600x400.jpg\" alt=\"new-year-in-san-remo\" width=\"600\" height=\"400\" srcset=\"https:\/\/sanremoweekend.it\/wp-content\/uploads\/2019\/05\/champagne-1939795_1280-600x400.jpg 600w, https:\/\/sanremoweekend.it\/wp-content\/uploads\/2019\/05\/champagne-1939795_1280-1x1.jpg 1w\" sizes=\"(max-width: 600px) 100vw, 600px\" \/><\/p>\n<h3><strong>Venite a celebrare le feste e il Nuovo Anno a Sanremo.<\/strong><\/h3>\n<p>Per le vie del centro storico, decorato e illuminato, si respira ancora l&#8217;aria del Natale. Con questo pacchetto avrete l&#8217;opportunit\u00e0 di visitare Sanremo in uno dei periodi pi\u00f9 festosi dell&#8217;anno e godere delle serate organizzate per voi nel nostro hotel 4 stelle, dotato dei comfort pi\u00f9 moderni e vista mare. Un&#8217;esclusiva Cena di Gala e il Party vi aspettano!<\/p>\n<p>Il clima mite della Riviera accompagner\u00e0 le vostre passeggiate per le vie del centro storico, cos\u00ec da godere dell&#8217;atmosfera festiva della citt\u00e0 e rallegrare la vostra vacanza. Al rientro in hotel, potrete comodamente prepararvi alla festa che vi aspetta.<\/p>\n<p>Approfittate del programma riservato ai nostri ospiti per la fine d&#8217;anno, prenotate con largo anticipo per non perdervi lo spettacolare Veglione di San Silvestro.<\/p>\n<p><strong>Programma delle Festivit\u00e0:<\/strong><\/p>\n<ul>\n<li>\u00a031 dicembre &#8211; ore 20:30: il Veglione di San Silvestro con musica dal vivo.<\/li>\n<li>\u00a01\u00b0 gennaio &#8211; ore 21:00: il Pranzo del Nuovo Anno<\/li>\n<\/ul>\n<p>&nbsp;<\/p>\n\n<\/div><h2 class=\"tabtitle\">Quota partecipazione<\/h2>\n<div class=\"tabcontent\">\n\n<h3 style=\"text-align: center;\"><strong>PACCHETTO &#8220;NOTTE DI SAN SILVESTRO E CAPODANNO A SANREMO&#8221;<\/strong><\/h3>\n<p>&nbsp;<\/p>\n<table class=\"aligncenter\" style=\"border-color: #000000; width: 62.9135%; height: 280px;\" border=\"1\" cellpadding=\"5\">\n<tbody>\n<tr style=\"height: 96px;\">\n<td style=\"text-align: right; width: 12.6949%; height: 96px;\"><\/td>\n<td style=\"text-align: right; width: 6.62773%; height: 96px;\"><\/td>\n<td style=\"text-align: right; width: 6.0804%;\"><\/td>\n<td style=\"text-align: right; width: 5.27068%;\"><span style=\"color: #ff0000;\"><strong>Quota<\/strong><\/span><\/td>\n<\/tr>\n<tr style=\"height: 48px;\">\n<td style=\"text-align: right; width: 12.6949%; height: 48px;\">\n<h3><span style=\"color: #ff0000;\"><strong>Pacchetto Silver<br \/>\nin camera classic<\/strong><\/span><\/h3>\n<\/td>\n<td style=\"text-align: right; width: 6.62773%; height: 48px;\"><\/td>\n<td style=\"text-align: right; width: 6.0804%; height: 48px;\"><\/td>\n<td style=\"text-align: right; width: 5.27068%;\">\n<h3><span style=\"color: #ff0000;\"><strong>\u20ac 455,00<\/strong><\/span><\/h3>\n<\/td>\n<\/tr>\n<tr style=\"height: 48px;\">\n<td style=\"text-align: right; width: 12.6949%; height: 48px;\"><span style=\"color: #ff0000;\"><strong>Pacchetto Gold<br \/>\nin junior suite<\/strong><\/span><\/td>\n<td style=\"text-align: right; width: 6.62773%; height: 48px;\"><\/td>\n<td style=\"text-align: right; width: 6.0804%; height: 48px;\"><\/td>\n<td style=\"text-align: right; width: 5.27068%;\"><span style=\"color: #ff0000;\"><strong>\u20ac 549,00<\/strong><\/span><\/td>\n<\/tr>\n<\/tbody>\n<\/table>\n<p style=\"text-align: center;\">La quota si intende per persona<\/p>\n<p style=\"text-align: left;\">La quota comprende:<\/p>\n<ul style=\"text-align: left;\">\n<li>3 x pernottamenti<\/li>\n<li>3 x prime colazioni a buffet<\/li>\n<li>2 x cene in hotel<\/li>\n<li><strong>1 x Veglione di San Silvestro con menu di 6 portate e intrattenimento musicale dal vivo<\/strong><strong><br \/>\n<\/strong><\/li>\n<li><strong>1 x bottiglia di Spumante e un bouquet di fiori di Sanremo in camera<\/strong><\/li>\n<li>assistenza da parte della nostra agenzia<\/li>\n<li>il parcheggio privato, secondo disponibilit\u00e0.<\/li>\n<li>servizio navetta gratuito dall\u2019hotel verso il centro storico (dalle 9:00 alle 18:00)<\/li>\n<li>la Sanremo-On Card che offre sconti riservati in negozi di abbigliamento e accessori selezionati e presso ristoranti e bar eleganti<\/li>\n<\/ul>\n<p style=\"text-align: left;\">La quota non comprende:<\/p>\n<ul>\n<li>biglietti di viaggio<\/li>\n<li style=\"text-align: left;\">la tassa di soggiorno, che sar\u00e0 da corrispondersi in loco<\/li>\n<li style=\"text-align: left;\">le mance e gli extra di carattere personale<\/li>\n<li style=\"text-align: left;\">tutto ci\u00f2 che non \u00e8 indicato ne &#8220;la quota comprende&#8221;<\/li>\n<\/ul>\n<p style=\"text-align: left;\">Sistemazione<\/p>\n<ul>\n<li style=\"text-align: left;\">Il <strong>pacchetto Silver <\/strong>include la sistemazione in una <strong>camera doppia classica<\/strong> presso il NYALA Suite Hotel di Sanremo<\/li>\n<li style=\"text-align: left;\">Il <strong>pacchetto Gold <\/strong>include la sistemazione in una<strong> junior suite<\/strong> presso il NYALA Suite Hotel di Sanremo<\/li>\n<\/ul>\n<p>Opzioni<\/p>\n<ul>\n<li>Il Pranzo del Nuovo Anno: \u20ac 30,00 p.p.<\/li>\n<\/ul>\n\n<\/div><h2 class=\"tabtitle\">Politica di prenotazione<\/h2>\n<div class=\"tabcontent\">\n\n<p>La commercializzazione dei pacchetti &#8220;Sanremo Weekend&#8221; \u00e8 gestita dall&#8217;agenzia di viaggi Nyala Wonder Travel.<\/p>\n<ul>\n<li>Costi di segreteria e gestione pratica: 5% sull&#8217;ammontare del pacchetto confermato<\/li>\n<li>Pagamento: al momento della conferma della prenotazione con carta di credito o bonifico bancario<\/li>\n<li>Penali di cancellazione: intero rimborso dell&#8217;importo del pacchetto per cancellazioni effettuate 61 giorni prima della data di arrivo prevista, 50% di penale per cancellazioni effettuate entro i 31 giorni prima della data di arrivo prevista, 100% per cancellazioni effettuate nei 30 giorni precedenti la data di arrivo prevista.<\/li>\n<li>Costi di modifica della prenotazione: nessun costo fino a 31 giorni prima della data di arrivo prevista, 100% per modifiche effettuate nei 30 giorni precedenti la data di arrivo prevista.<\/li>\n<li>Costi di trasferimento del contratto a terzi (Art. 38 Codice Turismo): nessun costo fino a 31 giorni prima della data di arrivo prevista, 20% dell&#8217;importo del pacchetto per cessioni effettuate nei 30 giorni precedenti la data di arrivo prevista.<\/li>\n<li>I costi di segreteria e gestione pratica non sono mai rimborsabili in caso di modifica o cancellazione<\/li>\n<\/ul>\n\n<\/div><h2 class=\"tabtitle\">Bonus Vacanze<\/h2>\n<div class=\"tabcontent\">\n\n<h2>CAPODANNO BONUS VACANZE<br \/>\nA SANREMO<br \/>\n<strong>il tuo bonus scade il 31 dicembre&#8230; non perderlo !<\/strong><\/h2>\n<div class=\"col-md-4\">\n<p><img loading=\"lazy\" decoding=\"async\" class=\"size-medium wp-image-7723\" src=\"https:\/\/sanremoweekend.it\/wp-content\/uploads\/2019\/05\/Luca_Lombardi_Sanremo_Cattedrale-200x300.jpg\" sizes=\"(max-width: 300px) 100vw, 300px\" srcset=\"http:\/\/www.sanremoweekend.it\/wp-content\/uploads\/2019\/05\/Luca_Lombardi_Sanremo_Cattedrale-200x300.jpg 300w, https:\/\/www.nyalahotel.com\/wp-content\/uploads\/2020\/07\/bonus-vacanze-1024x612.jpg 1024w, https:\/\/www.nyalahotel.com\/wp-content\/uploads\/2020\/07\/bonus-vacanze-768x459.jpg 768w, https:\/\/www.nyalahotel.com\/wp-content\/uploads\/2020\/07\/bonus-vacanze-2x1.jpg 2w, https:\/\/www.nyalahotel.com\/wp-content\/uploads\/2020\/07\/bonus-vacanze.jpg 1215w\" alt=\"BONUS VACANZE SANREMO\" width=\"300\" height=\"179\" \/><\/p>\n<\/div>\n<p><strong>Prenota direttamente il nostro pacchetto per utilizzare il tuo bonus vacanze 2020 per trascorrere il Capodanno a Sanremo.<\/strong><\/p>\n<p>Il \u201cBonus vacanze\u201d fa parte delle iniziative previste dal \u201cDecreto Rilancio\u201d (art. 176 del DL n. 34 del 19 maggio 2020) e offre un contributo fino 500 euro da utilizzare per soggiorni in alberghi in Italia.<\/p>\n<p><strong>Pu\u00f2 essere richiesto e speso dal 1\u00b0 luglio al 31 dicembre 2020.<\/strong><\/p>\n<p>Per poter usufruire del bonus vacanze ti chiediamo di darcene comunicazione in fase di prenotazione, poich\u00e9 non ci sar\u00e0 possibile espletare la burocrazia richiesta in fase di check-in o check-out.<\/p>\n<p><strong>Prenota direttamente con noi!<\/strong><br \/>\nIl bonus vacanze non pu\u00f2 essere utilizzato per pagare prenotazioni effettuate con intermediari e portali di prenotazione.<\/p>\n<\/div><\/div>\n","protected":false},"excerpt":{"rendered":"<p>L&#8217;eterno splendore della Riviera, per trascorrere in maniera memorabile San Silvestro e Capodanno a Sanremo.<\/p>\n","protected":false},"author":3,"featured_media":1118,"parent":1637,"menu_order":101,"comment_status":"open","ping_status":"closed","template":"content-page-template.php","meta":{"_acf_changed":false,"_et_pb_use_builder":"","_et_pb_old_content":"","_et_gb_content_width":"","footnotes":""},"class_list":["post-1653","page","type-page","status-publish","has-post-thumbnail","hentry"],"acf":[],"yoast_head":"<!-- This site is optimized with the Yoast SEO plugin v27.4 - https:\/\/yoast.com\/product\/yoast-seo-wordpress\/ -->\n<title>Capodanno a Sanremo | Offerte speciali | Last Minute | Hotel<\/title>\n<meta name=\"description\" content=\"Capodanno a Sanremo - Prenota le tue vacanze di Capodanno in Liguria approfittando delle nostre offerte speciali hotel con il Veglione di San Silvestro.\" \/>\n<meta name=\"robots\" content=\"index, follow, max-snippet:-1, max-image-preview:large, max-video-preview:-1\" \/>\n<link rel=\"canonical\" href=\"https:\/\/sanremoweekend.it\/holidays-in-san-remo\/new-years-eve-in-san-remo\/\" \/>\n<meta property=\"og:locale\" content=\"it_IT\" \/>\n<meta property=\"og:type\" content=\"article\" \/>\n<meta property=\"og:title\" content=\"Capodanno a Sanremo | Offerte speciali | Last Minute | Hotel\" \/>\n<meta property=\"og:description\" content=\"Capodanno a Sanremo - Prenota le tue vacanze di Capodanno in Liguria approfittando delle nostre offerte speciali hotel con il Veglione di San Silvestro.\" \/>\n<meta property=\"og:url\" content=\"https:\/\/sanremoweekend.it\/holidays-in-san-remo\/new-years-eve-in-san-remo\/\" \/>\n<meta property=\"og:site_name\" content=\"SANREMO WEEKEND\" \/>\n<meta property=\"article:modified_time\" content=\"2021-01-21T15:19:22+00:00\" \/>\n<meta property=\"og:image\" content=\"https:\/\/sanremoweekend.it\/wp-content\/uploads\/2016\/08\/IMG_3622.jpg\" \/>\n\t<meta property=\"og:image:width\" content=\"1620\" \/>\n\t<meta property=\"og:image:height\" content=\"1080\" \/>\n\t<meta property=\"og:image:type\" content=\"image\/jpeg\" \/>\n<meta name=\"twitter:card\" content=\"summary_large_image\" \/>\n<meta name=\"twitter:label1\" content=\"Tempo di lettura stimato\" \/>\n\t<meta name=\"twitter:data1\" content=\"4 minuti\" \/>\n<script type=\"application\/ld+json\" class=\"yoast-schema-graph\">{\"@context\":\"https:\\\/\\\/schema.org\",\"@graph\":[{\"@type\":\"WebPage\",\"@id\":\"https:\\\/\\\/sanremoweekend.it\\\/holidays-in-san-remo\\\/new-years-eve-in-san-remo\\\/\",\"url\":\"https:\\\/\\\/sanremoweekend.it\\\/holidays-in-san-remo\\\/new-years-eve-in-san-remo\\\/\",\"name\":\"Capodanno a Sanremo | Offerte speciali | Last Minute | Hotel\",\"isPartOf\":{\"@id\":\"https:\\\/\\\/sanremoweekend.it\\\/#website\"},\"primaryImageOfPage\":{\"@id\":\"https:\\\/\\\/sanremoweekend.it\\\/holidays-in-san-remo\\\/new-years-eve-in-san-remo\\\/#primaryimage\"},\"image\":{\"@id\":\"https:\\\/\\\/sanremoweekend.it\\\/holidays-in-san-remo\\\/new-years-eve-in-san-remo\\\/#primaryimage\"},\"thumbnailUrl\":\"https:\\\/\\\/sanremoweekend.it\\\/wp-content\\\/uploads\\\/2016\\\/08\\\/IMG_3622.jpg\",\"datePublished\":\"2015-04-03T10:22:51+00:00\",\"dateModified\":\"2021-01-21T15:19:22+00:00\",\"description\":\"Capodanno a Sanremo - Prenota le tue vacanze di Capodanno in Liguria approfittando delle nostre offerte speciali hotel con il Veglione di San Silvestro.\",\"breadcrumb\":{\"@id\":\"https:\\\/\\\/sanremoweekend.it\\\/holidays-in-san-remo\\\/new-years-eve-in-san-remo\\\/#breadcrumb\"},\"inLanguage\":\"it-IT\",\"potentialAction\":[{\"@type\":\"ReadAction\",\"target\":[\"https:\\\/\\\/sanremoweekend.it\\\/holidays-in-san-remo\\\/new-years-eve-in-san-remo\\\/\"]}]},{\"@type\":\"ImageObject\",\"inLanguage\":\"it-IT\",\"@id\":\"https:\\\/\\\/sanremoweekend.it\\\/holidays-in-san-remo\\\/new-years-eve-in-san-remo\\\/#primaryimage\",\"url\":\"https:\\\/\\\/sanremoweekend.it\\\/wp-content\\\/uploads\\\/2016\\\/08\\\/IMG_3622.jpg\",\"contentUrl\":\"https:\\\/\\\/sanremoweekend.it\\\/wp-content\\\/uploads\\\/2016\\\/08\\\/IMG_3622.jpg\",\"width\":1620,\"height\":1080,\"caption\":\"capodanno a sanremo, silvester in sanremo, \u041d\u043e\u0432\u044b\u0439 \u0433\u043e\u0434 \u0432 \u0421\u0430\u043d-\u0420\u0435\u043c\u043e\"},{\"@type\":\"BreadcrumbList\",\"@id\":\"https:\\\/\\\/sanremoweekend.it\\\/holidays-in-san-remo\\\/new-years-eve-in-san-remo\\\/#breadcrumb\",\"itemListElement\":[{\"@type\":\"ListItem\",\"position\":1,\"name\":\"Home\",\"item\":\"https:\\\/\\\/sanremoweekend.it\\\/it\\\/\"},{\"@type\":\"ListItem\",\"position\":2,\"name\":\"Vacanze e Festivit\u00e0 a Sanremo\",\"item\":\"https:\\\/\\\/sanremoweekend.it\\\/holidays-in-san-remo\\\/\"},{\"@type\":\"ListItem\",\"position\":3,\"name\":\"Capodanno a Sanremo\"}]},{\"@type\":\"WebSite\",\"@id\":\"https:\\\/\\\/sanremoweekend.it\\\/#website\",\"url\":\"https:\\\/\\\/sanremoweekend.it\\\/\",\"name\":\"Sanremo Weekend\",\"description\":\"OFFERTE E PACCHETTI VACANZA\",\"potentialAction\":[{\"@type\":\"SearchAction\",\"target\":{\"@type\":\"EntryPoint\",\"urlTemplate\":\"https:\\\/\\\/sanremoweekend.it\\\/?s={search_term_string}\"},\"query-input\":{\"@type\":\"PropertyValueSpecification\",\"valueRequired\":true,\"valueName\":\"search_term_string\"}}],\"inLanguage\":\"it-IT\"}]}<\/script>\n<!-- \/ Yoast SEO plugin. -->","yoast_head_json":{"title":"Capodanno a Sanremo | Offerte speciali | Last Minute | Hotel","description":"Capodanno a Sanremo - Prenota le tue vacanze di Capodanno in Liguria approfittando delle nostre offerte speciali hotel con il Veglione di San Silvestro.","robots":{"index":"index","follow":"follow","max-snippet":"max-snippet:-1","max-image-preview":"max-image-preview:large","max-video-preview":"max-video-preview:-1"},"canonical":"https:\/\/sanremoweekend.it\/holidays-in-san-remo\/new-years-eve-in-san-remo\/","og_locale":"it_IT","og_type":"article","og_title":"Capodanno a Sanremo | Offerte speciali | Last Minute | Hotel","og_description":"Capodanno a Sanremo - Prenota le tue vacanze di Capodanno in Liguria approfittando delle nostre offerte speciali hotel con il Veglione di San Silvestro.","og_url":"https:\/\/sanremoweekend.it\/holidays-in-san-remo\/new-years-eve-in-san-remo\/","og_site_name":"SANREMO WEEKEND","article_modified_time":"2021-01-21T15:19:22+00:00","og_image":[{"width":1620,"height":1080,"url":"https:\/\/sanremoweekend.it\/wp-content\/uploads\/2016\/08\/IMG_3622.jpg","type":"image\/jpeg"}],"twitter_card":"summary_large_image","twitter_misc":{"Tempo di lettura stimato":"4 minuti"},"schema":{"@context":"https:\/\/schema.org","@graph":[{"@type":"WebPage","@id":"https:\/\/sanremoweekend.it\/holidays-in-san-remo\/new-years-eve-in-san-remo\/","url":"https:\/\/sanremoweekend.it\/holidays-in-san-remo\/new-years-eve-in-san-remo\/","name":"Capodanno a Sanremo | Offerte speciali | Last Minute | Hotel","isPartOf":{"@id":"https:\/\/sanremoweekend.it\/#website"},"primaryImageOfPage":{"@id":"https:\/\/sanremoweekend.it\/holidays-in-san-remo\/new-years-eve-in-san-remo\/#primaryimage"},"image":{"@id":"https:\/\/sanremoweekend.it\/holidays-in-san-remo\/new-years-eve-in-san-remo\/#primaryimage"},"thumbnailUrl":"https:\/\/sanremoweekend.it\/wp-content\/uploads\/2016\/08\/IMG_3622.jpg","datePublished":"2015-04-03T10:22:51+00:00","dateModified":"2021-01-21T15:19:22+00:00","description":"Capodanno a Sanremo - Prenota le tue vacanze di Capodanno in Liguria approfittando delle nostre offerte speciali hotel con il Veglione di San Silvestro.","breadcrumb":{"@id":"https:\/\/sanremoweekend.it\/holidays-in-san-remo\/new-years-eve-in-san-remo\/#breadcrumb"},"inLanguage":"it-IT","potentialAction":[{"@type":"ReadAction","target":["https:\/\/sanremoweekend.it\/holidays-in-san-remo\/new-years-eve-in-san-remo\/"]}]},{"@type":"ImageObject","inLanguage":"it-IT","@id":"https:\/\/sanremoweekend.it\/holidays-in-san-remo\/new-years-eve-in-san-remo\/#primaryimage","url":"https:\/\/sanremoweekend.it\/wp-content\/uploads\/2016\/08\/IMG_3622.jpg","contentUrl":"https:\/\/sanremoweekend.it\/wp-content\/uploads\/2016\/08\/IMG_3622.jpg","width":1620,"height":1080,"caption":"capodanno a sanremo, silvester in sanremo, \u041d\u043e\u0432\u044b\u0439 \u0433\u043e\u0434 \u0432 \u0421\u0430\u043d-\u0420\u0435\u043c\u043e"},{"@type":"BreadcrumbList","@id":"https:\/\/sanremoweekend.it\/holidays-in-san-remo\/new-years-eve-in-san-remo\/#breadcrumb","itemListElement":[{"@type":"ListItem","position":1,"name":"Home","item":"https:\/\/sanremoweekend.it\/it\/"},{"@type":"ListItem","position":2,"name":"Vacanze e Festivit\u00e0 a Sanremo","item":"https:\/\/sanremoweekend.it\/holidays-in-san-remo\/"},{"@type":"ListItem","position":3,"name":"Capodanno a Sanremo"}]},{"@type":"WebSite","@id":"https:\/\/sanremoweekend.it\/#website","url":"https:\/\/sanremoweekend.it\/","name":"Sanremo Weekend","description":"OFFERTE E PACCHETTI VACANZA","potentialAction":[{"@type":"SearchAction","target":{"@type":"EntryPoint","urlTemplate":"https:\/\/sanremoweekend.it\/?s={search_term_string}"},"query-input":{"@type":"PropertyValueSpecification","valueRequired":true,"valueName":"search_term_string"}}],"inLanguage":"it-IT"}]}},"_links":{"self":[{"href":"https:\/\/sanremoweekend.it\/it\/wp-json\/wp\/v2\/pages\/1653","targetHints":{"allow":["GET"]}}],"collection":[{"href":"https:\/\/sanremoweekend.it\/it\/wp-json\/wp\/v2\/pages"}],"about":[{"href":"https:\/\/sanremoweekend.it\/it\/wp-json\/wp\/v2\/types\/page"}],"author":[{"embeddable":true,"href":"https:\/\/sanremoweekend.it\/it\/wp-json\/wp\/v2\/users\/3"}],"replies":[{"embeddable":true,"href":"https:\/\/sanremoweekend.it\/it\/wp-json\/wp\/v2\/comments?post=1653"}],"version-history":[{"count":0,"href":"https:\/\/sanremoweekend.it\/it\/wp-json\/wp\/v2\/pages\/1653\/revisions"}],"up":[{"embeddable":true,"href":"https:\/\/sanremoweekend.it\/it\/wp-json\/wp\/v2\/pages\/1637"}],"wp:featuredmedia":[{"embeddable":true,"href":"https:\/\/sanremoweekend.it\/it\/wp-json\/wp\/v2\/media\/1118"}],"wp:attachment":[{"href":"https:\/\/sanremoweekend.it\/it\/wp-json\/wp\/v2\/media?parent=1653"}],"curies":[{"name":"wp","href":"https:\/\/api.w.org\/{rel}","templated":true}]}}