{"id":1749,"date":"2015-04-03T10:59:29","date_gmt":"2015-04-03T08:59:29","guid":{"rendered":"http:\/\/www.nyalahotel.biz\/it\/offerte\/grandi-eventi\/carnival-on-the-french-riviera\/"},"modified":"2026-02-03T15:49:48","modified_gmt":"2026-02-03T14:49:48","slug":"carnevale-costa-azzurra","status":"publish","type":"page","link":"https:\/\/sanremoweekend.it\/it\/grandi-eventi\/carnevale-costa-azzurra\/","title":{"rendered":"Carnevale di Nizza &#8211; Costa Azzurra"},"content":{"rendered":"<h2 style=\"text-align: center;\">Carnevale in Costa Azzurra [11 Febbraio &#8211; 1 Marzo 2026]<\/h2>\n<p style=\"text-align: center; font-size: 18px;\">Prenota subito il tuo soggiorno a Sanremo nel nostro hotel 4 stelle per assistere alle sfilate<br \/>\ndel Carnevale di Nizza, in <strong>Costa Azzurra.<br \/>\n<\/strong><\/p>\n<p style=\"text-align: center;\"><a class=\"maxbutton-18 maxbutton maxbutton-prenota prenota-button-class\" target=\"_blank\" rel=\"noopener\" href=\"https:\/\/sanremoweekend.it\/it\/info\/\"><span class='mb-text'>Prenota<\/span><\/a><\/p>\n<div class=\"responsive-tabs\">\n<h2 class=\"tabtitle\">Pacchetto<\/h2>\n<div class=\"tabcontent\">\n\n\n\t\t<style type=\"text\/css\">\n\t\t\t#gallery-1 {\n\t\t\t\tmargin: auto;\n\t\t\t}\n\t\t\t#gallery-1 .gallery-item {\n\t\t\t\tfloat: left;\n\t\t\t\tmargin-top: 10px;\n\t\t\t\ttext-align: center;\n\t\t\t\twidth: 33%;\n\t\t\t}\n\t\t\t#gallery-1 img {\n\t\t\t\tborder: 2px solid #cfcfcf;\n\t\t\t}\n\t\t\t#gallery-1 .gallery-caption {\n\t\t\t\tmargin-left: 0;\n\t\t\t}\n\t\t\t\/* see gallery_shortcode() in wp-includes\/media.php *\/\n\t\t<\/style>\n\t\t<div id='gallery-1' class='gallery galleryid-1749 gallery-columns-3 gallery-size-thumbnail'><dl class='gallery-item'>\n\t\t\t<dt class='gallery-icon landscape'>\n\t\t\t\t<a title=\"carnevale di nizza nice carnival carnaval de nice pictures (6)\" href='https:\/\/sanremoweekend.it\/wp-content\/uploads\/2020\/01\/carnevale-di-nizza-nice-carnival-carnaval-de-nice-pictures-6.jpg'><img loading=\"lazy\" decoding=\"async\" width=\"150\" height=\"150\" src=\"https:\/\/sanremoweekend.it\/wp-content\/uploads\/2020\/01\/carnevale-di-nizza-nice-carnival-carnaval-de-nice-pictures-6-150x150.jpg\" class=\"attachment-thumbnail size-thumbnail\" alt=\"\" srcset=\"https:\/\/sanremoweekend.it\/wp-content\/uploads\/2020\/01\/carnevale-di-nizza-nice-carnival-carnaval-de-nice-pictures-6-150x150.jpg 150w, https:\/\/sanremoweekend.it\/wp-content\/uploads\/2020\/01\/carnevale-di-nizza-nice-carnival-carnaval-de-nice-pictures-6-300x300.jpg 300w, https:\/\/sanremoweekend.it\/wp-content\/uploads\/2020\/01\/carnevale-di-nizza-nice-carnival-carnaval-de-nice-pictures-6-2x1.jpg 2w\" sizes=\"(max-width: 150px) 100vw, 150px\" \/><\/a>\n\t\t\t<\/dt><\/dl><dl class='gallery-item'>\n\t\t\t<dt class='gallery-icon landscape'>\n\t\t\t\t<a title=\"carnevale di nizza nice carnival carnaval de nice pictures (5)\" href='https:\/\/sanremoweekend.it\/wp-content\/uploads\/2020\/01\/carnevale-di-nizza-nice-carnival-carnaval-de-nice-pictures-5.jpg'><img loading=\"lazy\" decoding=\"async\" width=\"150\" height=\"150\" src=\"https:\/\/sanremoweekend.it\/wp-content\/uploads\/2020\/01\/carnevale-di-nizza-nice-carnival-carnaval-de-nice-pictures-5-150x150.jpg\" class=\"attachment-thumbnail size-thumbnail\" alt=\"\" srcset=\"https:\/\/sanremoweekend.it\/wp-content\/uploads\/2020\/01\/carnevale-di-nizza-nice-carnival-carnaval-de-nice-pictures-5-150x150.jpg 150w, https:\/\/sanremoweekend.it\/wp-content\/uploads\/2020\/01\/carnevale-di-nizza-nice-carnival-carnaval-de-nice-pictures-5-300x300.jpg 300w, https:\/\/sanremoweekend.it\/wp-content\/uploads\/2020\/01\/carnevale-di-nizza-nice-carnival-carnaval-de-nice-pictures-5-2x1.jpg 2w\" sizes=\"(max-width: 150px) 100vw, 150px\" \/><\/a>\n\t\t\t<\/dt><\/dl><dl class='gallery-item'>\n\t\t\t<dt class='gallery-icon landscape'>\n\t\t\t\t<a title=\"carnevale di nizza nice carnival carnaval de nice pictures (4)\" href='https:\/\/sanremoweekend.it\/wp-content\/uploads\/2020\/01\/carnevale-di-nizza-nice-carnival-carnaval-de-nice-pictures-4.jpg'><img loading=\"lazy\" decoding=\"async\" width=\"150\" height=\"150\" src=\"https:\/\/sanremoweekend.it\/wp-content\/uploads\/2020\/01\/carnevale-di-nizza-nice-carnival-carnaval-de-nice-pictures-4-150x150.jpg\" class=\"attachment-thumbnail size-thumbnail\" alt=\"\" srcset=\"https:\/\/sanremoweekend.it\/wp-content\/uploads\/2020\/01\/carnevale-di-nizza-nice-carnival-carnaval-de-nice-pictures-4-150x150.jpg 150w, https:\/\/sanremoweekend.it\/wp-content\/uploads\/2020\/01\/carnevale-di-nizza-nice-carnival-carnaval-de-nice-pictures-4-300x300.jpg 300w, https:\/\/sanremoweekend.it\/wp-content\/uploads\/2020\/01\/carnevale-di-nizza-nice-carnival-carnaval-de-nice-pictures-4-2x1.jpg 2w\" sizes=\"(max-width: 150px) 100vw, 150px\" \/><\/a>\n\t\t\t<\/dt><\/dl><br style=\"clear: both\" \/><dl class='gallery-item'>\n\t\t\t<dt class='gallery-icon landscape'>\n\t\t\t\t<a title=\"carnevale di nizza nice carnival carnaval de nice pictures (3)\" href='https:\/\/sanremoweekend.it\/wp-content\/uploads\/2020\/01\/carnevale-di-nizza-nice-carnival-carnaval-de-nice-pictures-3.jpg'><img loading=\"lazy\" decoding=\"async\" width=\"150\" height=\"150\" src=\"https:\/\/sanremoweekend.it\/wp-content\/uploads\/2020\/01\/carnevale-di-nizza-nice-carnival-carnaval-de-nice-pictures-3-150x150.jpg\" class=\"attachment-thumbnail size-thumbnail\" alt=\"\" srcset=\"https:\/\/sanremoweekend.it\/wp-content\/uploads\/2020\/01\/carnevale-di-nizza-nice-carnival-carnaval-de-nice-pictures-3-150x150.jpg 150w, https:\/\/sanremoweekend.it\/wp-content\/uploads\/2020\/01\/carnevale-di-nizza-nice-carnival-carnaval-de-nice-pictures-3-300x300.jpg 300w, https:\/\/sanremoweekend.it\/wp-content\/uploads\/2020\/01\/carnevale-di-nizza-nice-carnival-carnaval-de-nice-pictures-3-2x1.jpg 2w\" sizes=\"(max-width: 150px) 100vw, 150px\" \/><\/a>\n\t\t\t<\/dt><\/dl><dl class='gallery-item'>\n\t\t\t<dt class='gallery-icon landscape'>\n\t\t\t\t<a title=\"carnevale di nizza nice carnival carnaval de nice pictures (2)\" href='https:\/\/sanremoweekend.it\/wp-content\/uploads\/2020\/01\/carnevale-di-nizza-nice-carnival-carnaval-de-nice-pictures-2.jpg'><img loading=\"lazy\" decoding=\"async\" width=\"150\" height=\"150\" src=\"https:\/\/sanremoweekend.it\/wp-content\/uploads\/2020\/01\/carnevale-di-nizza-nice-carnival-carnaval-de-nice-pictures-2-150x150.jpg\" class=\"attachment-thumbnail size-thumbnail\" alt=\"\" srcset=\"https:\/\/sanremoweekend.it\/wp-content\/uploads\/2020\/01\/carnevale-di-nizza-nice-carnival-carnaval-de-nice-pictures-2-150x150.jpg 150w, https:\/\/sanremoweekend.it\/wp-content\/uploads\/2020\/01\/carnevale-di-nizza-nice-carnival-carnaval-de-nice-pictures-2-300x300.jpg 300w, https:\/\/sanremoweekend.it\/wp-content\/uploads\/2020\/01\/carnevale-di-nizza-nice-carnival-carnaval-de-nice-pictures-2-2x1.jpg 2w\" sizes=\"(max-width: 150px) 100vw, 150px\" \/><\/a>\n\t\t\t<\/dt><\/dl><dl class='gallery-item'>\n\t\t\t<dt class='gallery-icon landscape'>\n\t\t\t\t<a title=\"carnevale di nizza nice carnival carnaval de nice pictures (1)\" href='https:\/\/sanremoweekend.it\/wp-content\/uploads\/2020\/01\/carnevale-di-nizza-nice-carnival-carnaval-de-nice-pictures-1.jpg'><img loading=\"lazy\" decoding=\"async\" width=\"150\" height=\"150\" src=\"https:\/\/sanremoweekend.it\/wp-content\/uploads\/2020\/01\/carnevale-di-nizza-nice-carnival-carnaval-de-nice-pictures-1-150x150.jpg\" class=\"attachment-thumbnail size-thumbnail\" alt=\"\" srcset=\"https:\/\/sanremoweekend.it\/wp-content\/uploads\/2020\/01\/carnevale-di-nizza-nice-carnival-carnaval-de-nice-pictures-1-150x150.jpg 150w, https:\/\/sanremoweekend.it\/wp-content\/uploads\/2020\/01\/carnevale-di-nizza-nice-carnival-carnaval-de-nice-pictures-1-300x300.jpg 300w, https:\/\/sanremoweekend.it\/wp-content\/uploads\/2020\/01\/carnevale-di-nizza-nice-carnival-carnaval-de-nice-pictures-1-2x1.jpg 2w\" sizes=\"(max-width: 150px) 100vw, 150px\" \/><\/a>\n\t\t\t<\/dt><\/dl><br style=\"clear: both\" \/>\n\t\t<\/div>\n\n<p>Photo Credits: CRT C\u00f4te d&#8217;Azur France<\/p>\n<p>&nbsp;<\/p>\n<p>Il Carnevale di Nizza, o Carnevale della Costa Azzurra, \u00e8 uno dei pi\u00f9 importanti della Francia, e uno dei pi\u00f9 conosciuti in Europa. Si tiene ogni anno nel mese di febbraio, e i suoi visitatori provengono da ogni parte del mondo.<\/p>\n<p>Il programma \u00e8 ricco di eventi tutti i giorni. Il pi\u00f9 entusiasmante \u00e8 La Battaglia dei Fiori, in cui oltre 100.000 fiori freschi vengono lanciati su una folla festosa da circa 20 carri galleggianti.<\/p>\n<p style=\"text-align: justify;\">Il Carnevale di Nizza \u00e8 fra i migliori carnevali al mondo con le sue feste vivaci ed allegre! Scoprite questa meravigliosa regione in occasione del carnevale. Potrete apprezzare la tranquillit\u00e0 di Sanremo per il vostro soggiorno, rilassarvi al mare, scoprire le bellezze della Riviera e fare la vostra escursione giornaliera al Carnevale di Nizza per ammirare le coloratissime sfilate dei carri. Sar\u00e0 un weekend favoloso!<\/p>\n\n<\/div><h2 class=\"tabtitle\">Quota di partecipazione<\/h2>\n<div class=\"tabcontent\">\n\n<p style=\"text-align: center;\"><strong>Programma del Carnevale in Costa Azzurra<\/strong><\/p>\n<p style=\"text-align: center;\">Visita il sito <a href=\"https:\/\/carnevalenizza.it\/\" target=\"_blank\" rel=\"noopener noreferrer\">Carnevale di Nizza<\/a> per consultare il programma, prenotare i biglietti ed eventuali pacchetti<br \/>\nper assistere al carnevale<\/p>\n<p>&nbsp;<\/p>\n<h3 style=\"text-align: center;\">PACCHETTO &#8220;CARNEVALE DI NIZZA &#8211; COSTA AZZURRA&#8221;<\/h3>\n<table class=\"aligncenter\" style=\"border-color: #000000; width: 62.9135%; height: 227px;\" border=\"1\" cellpadding=\"5\">\n<tbody>\n<tr style=\"height: 96px;\">\n<td style=\"text-align: right; width: 12.6949%; height: 96px;\"><\/td>\n<td style=\"text-align: right; width: 6.62773%; height: 96px;\"><span style=\"color: #ff0000;\"><b>Bassa stagione<\/b><\/span><\/td>\n<td style=\"text-align: right; width: 6.0804%;\"><span style=\"color: #ff0000;\"><strong>Media stagione<\/strong><\/span><\/td>\n<td style=\"text-align: right; width: 5.27068%;\"><span style=\"color: #ff0000;\"><strong>Ponti e festivit\u00e0<\/strong><\/span><\/td>\n<\/tr>\n<tr>\n<td style=\"text-align: right; width: 12.6949%;\"><span style=\"color: #ff0000;\"><strong>Pacchetto Silver<\/strong> <\/span><\/td>\n<td style=\"text-align: right; width: 6.62773%;\"><\/td>\n<td style=\"text-align: right; width: 6.0804%;\"><\/td>\n<td style=\"text-align: right; width: 5.27068%;\"><span style=\"color: #ff0000;\"><strong>\u20ac 195,00<\/strong><\/span><\/td>\n<\/tr>\n<tr style=\"height: 48px;\">\n<td style=\"text-align: right; width: 12.6949%; height: 48px;\"><span style=\"color: #ff0000;\"><strong>Pacchetto Gold<\/strong> <\/span><\/td>\n<td style=\"text-align: right; width: 6.62773%; height: 48px;\"><\/td>\n<td style=\"text-align: right; width: 6.0804%; height: 48px;\"><\/td>\n<td style=\"text-align: right; width: 5.27068%;\"><span style=\"color: #ff0000;\"><strong>\u20ac239,00<\/strong><\/span><\/td>\n<\/tr>\n<\/tbody>\n<\/table>\n<p style=\"text-align: center;\">La quota si intende per persona<\/p>\n<p style=\"text-align: left;\">La quota comprende:<\/p>\n<ul style=\"text-align: left;\">\n<li>2 x <strong>pernottamenti<\/strong><\/li>\n<li>2 x <strong>prime colazioni a buffet<\/strong><\/li>\n<li>1 x cena in hotel, con un menu di 3 portate<\/li>\n<li><strong>1 x Biglietti per il Carnevale di Nizza<br \/>\n<\/strong><\/li>\n<li>assistenza da parte della nostra agenzia<\/li>\n<li>il parcheggio privato, secondo disponibilit\u00e0<\/li>\n<li>servizio navetta gratuito dall\u2019hotel verso il centro storico (dalle 9:00 alle 18:00)<\/li>\n<li><b>Carta Membro Sanremo-On <\/b>che offre sconti riservati in negozi di abbigliamnto e accessori selezionati e presso ristoranti e bar eleganti<\/li>\n<\/ul>\n<p style=\"text-align: left;\">La quota non comprende:<\/p>\n<ul>\n<li>biglietti di viaggio<\/li>\n<li style=\"text-align: left;\">la tassa di soggiorno, che sar\u00e0 da corrispondersi in loco<\/li>\n<li style=\"text-align: left;\">le mance e gli extra di carattere personale<\/li>\n<li style=\"text-align: left;\">tutto ci\u00f2 che non \u00e8 indicato ne &#8220;la quota comprende&#8221;<\/li>\n<\/ul>\n<p style=\"text-align: left;\">Sistemazione<\/p>\n<ul>\n<li style=\"text-align: left;\">Il <strong>pacchetto Silver <\/strong>include la sistemazione in una <strong>camera doppia<\/strong> classica presso il NYALA Suite Hotel di Sanremo<\/li>\n<li style=\"text-align: left;\">Il <strong>pacchetto Gold <\/strong>include la sistemazione in una<strong> junior suite<\/strong> presso il NYALA Suite Hotel di Sanremo<\/li>\n<\/ul>\n\n<\/div><h2 class=\"tabtitle\">Politica di prenotazione<\/h2>\n<div class=\"tabcontent\">\n\n<p>La commercializzazione dei pacchetti \u201cSanremo Weekend\u201d \u00e8 gestita dall\u2019agenzia di viaggi Nyala Wonder Travel.<\/p>\n<ul>\n<li>Costi di segreteria e gestione pratica: 5% sull\u2019ammontare del pacchetto confermato<\/li>\n<li>Pagamento: al momento della conferma della prenotazione con carta di credito o bonifico bancario<\/li>\n<li>Penali di cancellazione: intero rimborso dell\u2019importo del pacchetto per cancellazioni effettuate 61 giorni prima della data di arrivo prevista, 50% di penale per cancellazioni effettuate entro i 31 giorni prima della data di arrivo prevista, 100% per cancellazioni effettuate nei 30 giorni precedenti la data di arrivo prevista.<\/li>\n<li>Costi di modifica della prenotazione: nessun costo fino a 31 giorni prima della data di arrivo prevista, 100% per modifiche effettuate nei 30 giorni precedenti la data di arrivo prevista.<\/li>\n<li>Costi di trasferimento del contratto a terzi (Art. 38 Codice Turismo): nessun costo fino a 31 giorni prima della data di arrivo prevista, 20% dell\u2019importo del pacchetto per cessioni effettuate nei 30 giorni precedenti la data di arrivo prevista.<\/li>\n<li>I costi di segreteria e gestione pratica non sono mai rimborsabili in caso di modifica o cancellazione<\/li>\n<\/ul>\n<\/div><\/div>\n","protected":false},"excerpt":{"rendered":"<p>Prenota subito il tuo soggiorno a Sanremo nel nostro hotel 4 stelle per partecipare alle sfilatedel Carnevale in Costa Azzurra, con le sfilate del Carnevale di Nizza<\/p>\n","protected":false},"author":3,"featured_media":1084,"parent":1738,"menu_order":0,"comment_status":"open","ping_status":"closed","template":"content-page-template.php","meta":{"_acf_changed":false,"_et_pb_use_builder":"","_et_pb_old_content":"","_et_gb_content_width":"","footnotes":""},"class_list":["post-1749","page","type-page","status-publish","has-post-thumbnail","hentry"],"acf":[],"yoast_head":"<!-- This site is optimized with the Yoast SEO plugin v27.4 - https:\/\/yoast.com\/product\/yoast-seo-wordpress\/ -->\n<title>Carnevale di Nizza - Costa Azzurra | SANREMO WEEKEND<\/title>\n<meta name=\"description\" content=\"Prenota il nostro speciale pacchetto per il carnevale di Nizza, Costa Azzurra, il pi\u00f9 famoso della Francia, con pernottamento in hotel 4 stelle\" \/>\n<meta name=\"robots\" content=\"index, follow, max-snippet:-1, max-image-preview:large, max-video-preview:-1\" \/>\n<link rel=\"canonical\" href=\"https:\/\/sanremoweekend.it\/it\/grandi-eventi\/carnevale-costa-azzurra\/\" \/>\n<meta property=\"og:locale\" content=\"it_IT\" \/>\n<meta property=\"og:type\" content=\"article\" \/>\n<meta property=\"og:title\" content=\"Carnevale di Nizza - Costa Azzurra | SANREMO WEEKEND\" \/>\n<meta property=\"og:description\" content=\"Prenota il nostro speciale pacchetto per il carnevale di Nizza, Costa Azzurra, il pi\u00f9 famoso della Francia, con pernottamento in hotel 4 stelle\" \/>\n<meta property=\"og:url\" content=\"https:\/\/sanremoweekend.it\/it\/grandi-eventi\/carnevale-costa-azzurra\/\" \/>\n<meta property=\"og:site_name\" content=\"SANREMO WEEKEND\" \/>\n<meta property=\"article:modified_time\" content=\"2026-02-03T14:49:48+00:00\" \/>\n<meta property=\"og:image\" content=\"https:\/\/sanremoweekend.it\/wp-content\/uploads\/2015\/04\/carnevalefrench.jpg\" \/>\n\t<meta property=\"og:image:width\" content=\"1620\" \/>\n\t<meta property=\"og:image:height\" content=\"1080\" \/>\n\t<meta property=\"og:image:type\" content=\"image\/jpeg\" \/>\n<meta name=\"twitter:card\" content=\"summary_large_image\" \/>\n<meta name=\"twitter:label1\" content=\"Tempo di lettura stimato\" \/>\n\t<meta name=\"twitter:data1\" content=\"3 minuti\" \/>\n<script type=\"application\/ld+json\" class=\"yoast-schema-graph\">{\"@context\":\"https:\\\/\\\/schema.org\",\"@graph\":[{\"@type\":\"WebPage\",\"@id\":\"https:\\\/\\\/sanremoweekend.it\\\/it\\\/grandi-eventi\\\/carnevale-costa-azzurra\\\/\",\"url\":\"https:\\\/\\\/sanremoweekend.it\\\/it\\\/grandi-eventi\\\/carnevale-costa-azzurra\\\/\",\"name\":\"Carnevale di Nizza - Costa Azzurra | SANREMO WEEKEND\",\"isPartOf\":{\"@id\":\"https:\\\/\\\/sanremoweekend.it\\\/#website\"},\"primaryImageOfPage\":{\"@id\":\"https:\\\/\\\/sanremoweekend.it\\\/it\\\/grandi-eventi\\\/carnevale-costa-azzurra\\\/#primaryimage\"},\"image\":{\"@id\":\"https:\\\/\\\/sanremoweekend.it\\\/it\\\/grandi-eventi\\\/carnevale-costa-azzurra\\\/#primaryimage\"},\"thumbnailUrl\":\"https:\\\/\\\/sanremoweekend.it\\\/wp-content\\\/uploads\\\/2015\\\/04\\\/carnevalefrench.jpg\",\"datePublished\":\"2015-04-03T08:59:29+00:00\",\"dateModified\":\"2026-02-03T14:49:48+00:00\",\"description\":\"Prenota il nostro speciale pacchetto per il carnevale di Nizza, Costa Azzurra, il pi\u00f9 famoso della Francia, con pernottamento in hotel 4 stelle\",\"breadcrumb\":{\"@id\":\"https:\\\/\\\/sanremoweekend.it\\\/it\\\/grandi-eventi\\\/carnevale-costa-azzurra\\\/#breadcrumb\"},\"inLanguage\":\"it-IT\",\"potentialAction\":[{\"@type\":\"ReadAction\",\"target\":[\"https:\\\/\\\/sanremoweekend.it\\\/it\\\/grandi-eventi\\\/carnevale-costa-azzurra\\\/\"]}]},{\"@type\":\"ImageObject\",\"inLanguage\":\"it-IT\",\"@id\":\"https:\\\/\\\/sanremoweekend.it\\\/it\\\/grandi-eventi\\\/carnevale-costa-azzurra\\\/#primaryimage\",\"url\":\"https:\\\/\\\/sanremoweekend.it\\\/wp-content\\\/uploads\\\/2015\\\/04\\\/carnevalefrench.jpg\",\"contentUrl\":\"https:\\\/\\\/sanremoweekend.it\\\/wp-content\\\/uploads\\\/2015\\\/04\\\/carnevalefrench.jpg\",\"width\":1620,\"height\":1080,\"caption\":\"carnival nice, karneval, \u041a\u0430\u0440\u043d\u0430\u0432\u0430\u043b\"},{\"@type\":\"BreadcrumbList\",\"@id\":\"https:\\\/\\\/sanremoweekend.it\\\/it\\\/grandi-eventi\\\/carnevale-costa-azzurra\\\/#breadcrumb\",\"itemListElement\":[{\"@type\":\"ListItem\",\"position\":1,\"name\":\"Home\",\"item\":\"https:\\\/\\\/sanremoweekend.it\\\/it\\\/\"},{\"@type\":\"ListItem\",\"position\":2,\"name\":\"Grandi eventi\",\"item\":\"https:\\\/\\\/sanremoweekend.it\\\/events-in-san-remo\\\/\"},{\"@type\":\"ListItem\",\"position\":3,\"name\":\"Carnevale di Nizza &#8211; Costa Azzurra\"}]},{\"@type\":\"WebSite\",\"@id\":\"https:\\\/\\\/sanremoweekend.it\\\/#website\",\"url\":\"https:\\\/\\\/sanremoweekend.it\\\/\",\"name\":\"Sanremo Weekend\",\"description\":\"OFFERTE E PACCHETTI VACANZA\",\"potentialAction\":[{\"@type\":\"SearchAction\",\"target\":{\"@type\":\"EntryPoint\",\"urlTemplate\":\"https:\\\/\\\/sanremoweekend.it\\\/?s={search_term_string}\"},\"query-input\":{\"@type\":\"PropertyValueSpecification\",\"valueRequired\":true,\"valueName\":\"search_term_string\"}}],\"inLanguage\":\"it-IT\"}]}<\/script>\n<!-- \/ Yoast SEO plugin. -->","yoast_head_json":{"title":"Carnevale di Nizza - Costa Azzurra | SANREMO WEEKEND","description":"Prenota il nostro speciale pacchetto per il carnevale di Nizza, Costa Azzurra, il pi\u00f9 famoso della Francia, con pernottamento in hotel 4 stelle","robots":{"index":"index","follow":"follow","max-snippet":"max-snippet:-1","max-image-preview":"max-image-preview:large","max-video-preview":"max-video-preview:-1"},"canonical":"https:\/\/sanremoweekend.it\/it\/grandi-eventi\/carnevale-costa-azzurra\/","og_locale":"it_IT","og_type":"article","og_title":"Carnevale di Nizza - Costa Azzurra | SANREMO WEEKEND","og_description":"Prenota il nostro speciale pacchetto per il carnevale di Nizza, Costa Azzurra, il pi\u00f9 famoso della Francia, con pernottamento in hotel 4 stelle","og_url":"https:\/\/sanremoweekend.it\/it\/grandi-eventi\/carnevale-costa-azzurra\/","og_site_name":"SANREMO WEEKEND","article_modified_time":"2026-02-03T14:49:48+00:00","og_image":[{"width":1620,"height":1080,"url":"https:\/\/sanremoweekend.it\/wp-content\/uploads\/2015\/04\/carnevalefrench.jpg","type":"image\/jpeg"}],"twitter_card":"summary_large_image","twitter_misc":{"Tempo di lettura stimato":"3 minuti"},"schema":{"@context":"https:\/\/schema.org","@graph":[{"@type":"WebPage","@id":"https:\/\/sanremoweekend.it\/it\/grandi-eventi\/carnevale-costa-azzurra\/","url":"https:\/\/sanremoweekend.it\/it\/grandi-eventi\/carnevale-costa-azzurra\/","name":"Carnevale di Nizza - Costa Azzurra | SANREMO WEEKEND","isPartOf":{"@id":"https:\/\/sanremoweekend.it\/#website"},"primaryImageOfPage":{"@id":"https:\/\/sanremoweekend.it\/it\/grandi-eventi\/carnevale-costa-azzurra\/#primaryimage"},"image":{"@id":"https:\/\/sanremoweekend.it\/it\/grandi-eventi\/carnevale-costa-azzurra\/#primaryimage"},"thumbnailUrl":"https:\/\/sanremoweekend.it\/wp-content\/uploads\/2015\/04\/carnevalefrench.jpg","datePublished":"2015-04-03T08:59:29+00:00","dateModified":"2026-02-03T14:49:48+00:00","description":"Prenota il nostro speciale pacchetto per il carnevale di Nizza, Costa Azzurra, il pi\u00f9 famoso della Francia, con pernottamento in hotel 4 stelle","breadcrumb":{"@id":"https:\/\/sanremoweekend.it\/it\/grandi-eventi\/carnevale-costa-azzurra\/#breadcrumb"},"inLanguage":"it-IT","potentialAction":[{"@type":"ReadAction","target":["https:\/\/sanremoweekend.it\/it\/grandi-eventi\/carnevale-costa-azzurra\/"]}]},{"@type":"ImageObject","inLanguage":"it-IT","@id":"https:\/\/sanremoweekend.it\/it\/grandi-eventi\/carnevale-costa-azzurra\/#primaryimage","url":"https:\/\/sanremoweekend.it\/wp-content\/uploads\/2015\/04\/carnevalefrench.jpg","contentUrl":"https:\/\/sanremoweekend.it\/wp-content\/uploads\/2015\/04\/carnevalefrench.jpg","width":1620,"height":1080,"caption":"carnival nice, karneval, \u041a\u0430\u0440\u043d\u0430\u0432\u0430\u043b"},{"@type":"BreadcrumbList","@id":"https:\/\/sanremoweekend.it\/it\/grandi-eventi\/carnevale-costa-azzurra\/#breadcrumb","itemListElement":[{"@type":"ListItem","position":1,"name":"Home","item":"https:\/\/sanremoweekend.it\/it\/"},{"@type":"ListItem","position":2,"name":"Grandi eventi","item":"https:\/\/sanremoweekend.it\/events-in-san-remo\/"},{"@type":"ListItem","position":3,"name":"Carnevale di Nizza &#8211; Costa Azzurra"}]},{"@type":"WebSite","@id":"https:\/\/sanremoweekend.it\/#website","url":"https:\/\/sanremoweekend.it\/","name":"Sanremo Weekend","description":"OFFERTE E PACCHETTI VACANZA","potentialAction":[{"@type":"SearchAction","target":{"@type":"EntryPoint","urlTemplate":"https:\/\/sanremoweekend.it\/?s={search_term_string}"},"query-input":{"@type":"PropertyValueSpecification","valueRequired":true,"valueName":"search_term_string"}}],"inLanguage":"it-IT"}]}},"_links":{"self":[{"href":"https:\/\/sanremoweekend.it\/it\/wp-json\/wp\/v2\/pages\/1749","targetHints":{"allow":["GET"]}}],"collection":[{"href":"https:\/\/sanremoweekend.it\/it\/wp-json\/wp\/v2\/pages"}],"about":[{"href":"https:\/\/sanremoweekend.it\/it\/wp-json\/wp\/v2\/types\/page"}],"author":[{"embeddable":true,"href":"https:\/\/sanremoweekend.it\/it\/wp-json\/wp\/v2\/users\/3"}],"replies":[{"embeddable":true,"href":"https:\/\/sanremoweekend.it\/it\/wp-json\/wp\/v2\/comments?post=1749"}],"version-history":[{"count":0,"href":"https:\/\/sanremoweekend.it\/it\/wp-json\/wp\/v2\/pages\/1749\/revisions"}],"up":[{"embeddable":true,"href":"https:\/\/sanremoweekend.it\/it\/wp-json\/wp\/v2\/pages\/1738"}],"wp:featuredmedia":[{"embeddable":true,"href":"https:\/\/sanremoweekend.it\/it\/wp-json\/wp\/v2\/media\/1084"}],"wp:attachment":[{"href":"https:\/\/sanremoweekend.it\/it\/wp-json\/wp\/v2\/media?parent=1749"}],"curies":[{"name":"wp","href":"https:\/\/api.w.org\/{rel}","templated":true}]}}