{"id":1759,"date":"2015-04-03T10:56:56","date_gmt":"2015-04-03T08:56:56","guid":{"rendered":"http:\/\/www.nyalahotel.biz\/it\/offerte\/grandi-eventi\/san-remo-rally\/"},"modified":"2023-07-15T11:32:31","modified_gmt":"2023-07-15T09:32:31","slug":"san-remo-rally","status":"publish","type":"page","link":"https:\/\/sanremoweekend.it\/it\/grandi-eventi\/san-remo-rally\/","title":{"rendered":"Rally di Sanremo"},"content":{"rendered":"<h2 style=\"text-align: center;\">Rally di Sanremo<\/h2>\n<p style=\"text-align: center;\">Prenota il tuo soggiorno nel nostro hotel per assistere o partecipare al Rally di Sanremo. Il Rally di Sanremo \u00e8 una delle gare pi\u00f9 blasonate del circuito mondiale dei rally: un&#8217;occasione eccellente per un<strong> weekend in Riviera<\/strong>.<\/p>\n<p style=\"text-align: center;\"><a class=\"maxbutton-18 maxbutton maxbutton-prenota prenota-button-class\" target=\"_blank\" rel=\"noopener\" href=\"https:\/\/sanremoweekend.it\/it\/info\/\"><span class='mb-text'>Prenota<\/span><\/a><\/p>\n<div class=\"responsive-tabs\">\n<h2 class=\"tabtitle\">Pacchetto<\/h2>\n<div class=\"tabcontent\">\n\n<p><a href=\"http:\/\/www.sanremoweekend.it\/wp\/wp-content\/uploads\/2017\/05\/rallye-di-sanremo.jpg\"><img loading=\"lazy\" decoding=\"async\" class=\"size-gallery-thumbnail wp-image-4714 aligncenter\" src=\"https:\/\/sanremoweekend.it\/wp-content\/uploads\/2017\/05\/rallye-di-sanremo-600x400.jpg\" alt=\"\" width=\"600\" height=\"400\" srcset=\"https:\/\/sanremoweekend.it\/wp-content\/uploads\/2017\/05\/rallye-di-sanremo-600x400.jpg 600w, https:\/\/sanremoweekend.it\/wp-content\/uploads\/2017\/05\/rallye-di-sanremo-2x1.jpg 2w\" sizes=\"(max-width: 600px) 100vw, 600px\" \/><\/a><\/p>\n<h1><strong>Rally di Sanremo &#8211; Hotel<\/strong><\/h1>\n<p>Gli amanti del Rally, non possono perdersi questo speciale evento, il Rally di Sanremo che si tiene ogni anno nella nostra meravigliosa citt\u00e0 costiera. Organizzato per la prima volta nel 1928, il Rally di Sanremo \u00e8 diventato un evento sempre pi\u00f9 popolare. Senza dubbio fra gli eventi sportivi pi\u00f9 leggendari nella Citt\u00e0 dei Fiori, la competizione regala scene spettacolari nel percorso da Sanremo e Imperia.<\/p>\n<p>Trasforma la tua vacanza a Sanremo in un&#8217;esperienza indimenticabile, assistendo al Rally! Con l&#8217;occasione potrai scoprire scorci meravigliosi del centro storico, deliziarti nei ristoranti di cucina regionale e prenotare una delle tante escursioni a disposizione.<\/p>\n<p>Soggiorna nel nostro hotel dotato di ogni comfort, prenota questo pacchetto in occasione del Rally di Sanremo.<\/p>\n\n<\/div><h2 class=\"tabtitle\">Quota di partecipazione<\/h2>\n<div class=\"tabcontent\">\n\n<h3 style=\"text-align: center;\"><strong>PACCHETTO &#8220;RALLY DI SANREMO&#8221;<\/strong><\/h3>\n<table class=\"aligncenter\" style=\"border-color: #000000; width: 62.9135%; height: 227px;\" border=\"1\" cellpadding=\"5\">\n<tbody>\n<tr style=\"height: 96px;\">\n<td style=\"text-align: right; width: 12.6949%; height: 96px;\"><\/td>\n<td style=\"text-align: right; width: 6.62773%; height: 96px;\"><span style=\"color: #ff0000;\"><b>bassa stagione<\/b><\/span><\/td>\n<td style=\"text-align: right; width: 6.0804%;\"><span style=\"color: #ff0000;\"><strong>media stagione<\/strong><\/span><\/td>\n<td style=\"text-align: right; width: 5.27068%;\"><span style=\"color: #ff0000;\"><strong>ponti e festivit\u00e0<\/strong><\/span><\/td>\n<\/tr>\n<tr>\n<td style=\"text-align: right; width: 12.6949%;\"><span style=\"color: #ff0000;\"><strong>Pacchetto Silver<\/strong> <\/span><\/td>\n<td style=\"text-align: right; width: 6.62773%;\"><span style=\"color: #ff0000;\"><strong>\u20ac 00<\/strong><\/span><\/td>\n<td style=\"text-align: right; width: 6.0804%;\"><span style=\"color: #ff0000;\"><strong>\u20ac 00<\/strong><\/span><\/td>\n<td style=\"text-align: right; width: 5.27068%;\"><span style=\"color: #ff0000;\"><strong>\u20ac 139,00<\/strong><\/span><\/td>\n<\/tr>\n<tr style=\"height: 48px;\">\n<td style=\"text-align: right; width: 12.6949%; height: 48px;\"><span style=\"color: #ff0000;\"><strong>Pacchetto Gold<\/strong> <\/span><\/td>\n<td style=\"text-align: right; width: 6.62773%; height: 48px;\"><span style=\"color: #ff0000;\"><strong>\u20ac 00<\/strong><\/span><\/td>\n<td style=\"text-align: right; width: 6.0804%; height: 48px;\"><span style=\"color: #ff0000;\"><strong>\u20ac 00<\/strong><\/span><\/td>\n<td style=\"text-align: right; width: 5.27068%;\"><span style=\"color: #ff0000;\"><strong>\u20ac184,00<\/strong><\/span><\/td>\n<\/tr>\n<\/tbody>\n<\/table>\n<p style=\"text-align: center;\">La quota si intende per persona<\/p>\n<p style=\"text-align: left;\">La quota comprende:<\/p>\n<ul style=\"text-align: left;\">\n<li>2 x pernottamenti<\/li>\n<li>2 x prime colazioni a buffet<\/li>\n<li>1 x cena in hotel, con un menu di 3 portate<\/li>\n<li><strong>1 x bouquet di fiori di Sanremo<br \/>\n<\/strong><\/li>\n<li>assistenza da parte della nostra agenzia<\/li>\n<li>il parcheggio privato, secondo disponibilit\u00e0<\/li>\n<li>servizio navetta gratuito dall\u2019hotel verso il centro storico (dalle 9:00 alle 18:00)<\/li>\n<li><b>Carta Membro Sanremo-On <\/b>che offre sconti riservati in negozi di abbigliamnto e accessori selezionati e presso ristoranti e bar eleganti<\/li>\n<\/ul>\n<p style=\"text-align: left;\">La quota non comprende:<\/p>\n<ul>\n<li>biglietti di viaggio<\/li>\n<li style=\"text-align: left;\">la tassa di soggiorno, che sar\u00e0 da corrispondersi in loco<\/li>\n<li style=\"text-align: left;\">le mance e gli extra di carattere personale<\/li>\n<li style=\"text-align: left;\">tutto ci\u00f2 che non \u00e8 indicato ne &#8220;la quota comprende&#8221;<\/li>\n<\/ul>\n<p style=\"text-align: left;\">Sistemazione<\/p>\n<ul>\n<li style=\"text-align: left;\">Il <strong>pacchetto Silver <\/strong>include la sistemazione in una <strong>camera doppia<\/strong> classica presso il NYALA Suite Hotel di Sanremo<\/li>\n<li style=\"text-align: left;\">Il <strong>pacchetto Gold <\/strong>include la sistemazione in una<strong> junior suite<\/strong> presso il NYALA Suite Hotel di Sanremo<\/li>\n<\/ul>\n<p style=\"text-align: left;\">Validit\u00e0 dell&#8217;offerta<\/p>\n<ul>\n<li style=\"text-align: left;\">l&#8217;offerta \u00e8 valida tutto l&#8217;anno, con l&#8217;esclusione dei periodi di altissima affluenza<\/li>\n<\/ul>\n\n<\/div><h2 class=\"tabtitle\">Politica di prenotazione<\/h2>\n<div class=\"tabcontent\">\n\n<p>La commercializzazione dei pacchetti \u201cSanremo Weekend\u201d \u00e8 gestita dall\u2019agenzia di viaggi Nyala Wonder Travel.<\/p>\n<ul>\n<li>Costi di segreteria e gestione pratica: 5% sull\u2019ammontare del pacchetto confermato<\/li>\n<li>Pagamento: al momento della conferma della prenotazione con carta di credito o bonifico bancario<\/li>\n<li>Penali di cancellazione: intero rimborso dell\u2019importo del pacchetto per cancellazioni effettuate 61 giorni prima della data di arrivo prevista, 50% di penale per cancellazioni effettuate entro i 31 giorni prima della data di arrivo prevista, 100% per cancellazioni effettuate nei 30 giorni precedenti la data di arrivo prevista.<\/li>\n<li>Costi di modifica della prenotazione: nessun costo fino a 31 giorni prima della data di arrivo prevista, 100% per modifiche effettuate nei 30 giorni precedenti la data di arrivo prevista.<\/li>\n<li>Costi di trasferimento del contratto a terzi (Art. 38 Codice Turismo): nessun costo fino a 31 giorni prima della data di arrivo prevista, 20% dell\u2019importo del pacchetto per cessioni effettuate nei 30 giorni precedenti la data di arrivo prevista.<\/li>\n<li>I costi di segreteria e gestione pratica non sono mai rimborsabili in caso di modifica o cancellazione<\/li>\n<\/ul>\n<\/div><\/div>\n<p>&nbsp;<\/p>\n<p>&nbsp;<\/p>\n","protected":false},"excerpt":{"rendered":"<p>Prenota il tuo soggiorno nel nostro hotel per assistere o partecipare al Rally di Sanremo. Il Rally di Sanremo \u00e8 una delle gare pi\u00f9 blasonate del circuito mondiale dei rally: un&#8217;occasione eccellente per un weekend in Riviera.<\/p>\n","protected":false},"author":3,"featured_media":8715,"parent":1738,"menu_order":0,"comment_status":"open","ping_status":"closed","template":"content-page-template.php","meta":{"_acf_changed":false,"_et_pb_use_builder":"","_et_pb_old_content":"","_et_gb_content_width":"","footnotes":""},"class_list":["post-1759","page","type-page","status-publish","has-post-thumbnail","hentry"],"acf":[],"yoast_head":"<!-- This site is optimized with the Yoast SEO plugin v27.4 - https:\/\/yoast.com\/product\/yoast-seo-wordpress\/ -->\n<title>Rally di Sanremo | SANREMO WEEKEND<\/title>\n<meta name=\"description\" content=\"Il Rally di Sanremo \u00e8 uno degli eventi pi\u00f9 popolari della citt\u00e0 dei fiori. Prenota questo pacchetto con soggiorno in hotel\" \/>\n<meta name=\"robots\" content=\"index, follow, max-snippet:-1, max-image-preview:large, max-video-preview:-1\" \/>\n<link rel=\"canonical\" href=\"https:\/\/sanremoweekend.it\/events-in-san-remo\/san-remo-rally\/\" \/>\n<meta property=\"og:locale\" content=\"it_IT\" \/>\n<meta property=\"og:type\" content=\"article\" \/>\n<meta property=\"og:title\" content=\"Rally di Sanremo | SANREMO WEEKEND\" \/>\n<meta property=\"og:description\" content=\"Il Rally di Sanremo \u00e8 uno degli eventi pi\u00f9 popolari della citt\u00e0 dei fiori. Prenota questo pacchetto con soggiorno in hotel\" \/>\n<meta property=\"og:url\" content=\"https:\/\/sanremoweekend.it\/events-in-san-remo\/san-remo-rally\/\" \/>\n<meta property=\"og:site_name\" content=\"SANREMO WEEKEND\" \/>\n<meta property=\"article:modified_time\" content=\"2023-07-15T09:32:31+00:00\" \/>\n<meta property=\"og:image\" content=\"https:\/\/sanremoweekend.it\/wp-content\/uploads\/2017\/05\/rallye-di-sanremo.jpg\" \/>\n\t<meta property=\"og:image:width\" content=\"1280\" \/>\n\t<meta property=\"og:image:height\" content=\"800\" \/>\n\t<meta property=\"og:image:type\" content=\"image\/jpeg\" \/>\n<meta name=\"twitter:card\" content=\"summary_large_image\" \/>\n<meta name=\"twitter:label1\" content=\"Tempo di lettura stimato\" \/>\n\t<meta name=\"twitter:data1\" content=\"3 minuti\" \/>\n<script type=\"application\/ld+json\" class=\"yoast-schema-graph\">{\"@context\":\"https:\\\/\\\/schema.org\",\"@graph\":[{\"@type\":\"WebPage\",\"@id\":\"https:\\\/\\\/sanremoweekend.it\\\/events-in-san-remo\\\/san-remo-rally\\\/\",\"url\":\"https:\\\/\\\/sanremoweekend.it\\\/events-in-san-remo\\\/san-remo-rally\\\/\",\"name\":\"Rally di Sanremo | SANREMO WEEKEND\",\"isPartOf\":{\"@id\":\"https:\\\/\\\/sanremoweekend.it\\\/#website\"},\"primaryImageOfPage\":{\"@id\":\"https:\\\/\\\/sanremoweekend.it\\\/events-in-san-remo\\\/san-remo-rally\\\/#primaryimage\"},\"image\":{\"@id\":\"https:\\\/\\\/sanremoweekend.it\\\/events-in-san-remo\\\/san-remo-rally\\\/#primaryimage\"},\"thumbnailUrl\":\"https:\\\/\\\/sanremoweekend.it\\\/wp-content\\\/uploads\\\/2017\\\/05\\\/rallye-di-sanremo.jpg\",\"datePublished\":\"2015-04-03T08:56:56+00:00\",\"dateModified\":\"2023-07-15T09:32:31+00:00\",\"description\":\"Il Rally di Sanremo \u00e8 uno degli eventi pi\u00f9 popolari della citt\u00e0 dei fiori. Prenota questo pacchetto con soggiorno in hotel\",\"breadcrumb\":{\"@id\":\"https:\\\/\\\/sanremoweekend.it\\\/events-in-san-remo\\\/san-remo-rally\\\/#breadcrumb\"},\"inLanguage\":\"it-IT\",\"potentialAction\":[{\"@type\":\"ReadAction\",\"target\":[\"https:\\\/\\\/sanremoweekend.it\\\/events-in-san-remo\\\/san-remo-rally\\\/\"]}]},{\"@type\":\"ImageObject\",\"inLanguage\":\"it-IT\",\"@id\":\"https:\\\/\\\/sanremoweekend.it\\\/events-in-san-remo\\\/san-remo-rally\\\/#primaryimage\",\"url\":\"https:\\\/\\\/sanremoweekend.it\\\/wp-content\\\/uploads\\\/2017\\\/05\\\/rallye-di-sanremo.jpg\",\"contentUrl\":\"https:\\\/\\\/sanremoweekend.it\\\/wp-content\\\/uploads\\\/2017\\\/05\\\/rallye-di-sanremo.jpg\",\"width\":1280,\"height\":800,\"caption\":\"Rally di Sanremo\"},{\"@type\":\"BreadcrumbList\",\"@id\":\"https:\\\/\\\/sanremoweekend.it\\\/events-in-san-remo\\\/san-remo-rally\\\/#breadcrumb\",\"itemListElement\":[{\"@type\":\"ListItem\",\"position\":1,\"name\":\"Home\",\"item\":\"https:\\\/\\\/sanremoweekend.it\\\/it\\\/\"},{\"@type\":\"ListItem\",\"position\":2,\"name\":\"Grandi eventi\",\"item\":\"https:\\\/\\\/sanremoweekend.it\\\/events-in-san-remo\\\/\"},{\"@type\":\"ListItem\",\"position\":3,\"name\":\"Rally di Sanremo\"}]},{\"@type\":\"WebSite\",\"@id\":\"https:\\\/\\\/sanremoweekend.it\\\/#website\",\"url\":\"https:\\\/\\\/sanremoweekend.it\\\/\",\"name\":\"Sanremo Weekend\",\"description\":\"OFFERTE E PACCHETTI VACANZA\",\"potentialAction\":[{\"@type\":\"SearchAction\",\"target\":{\"@type\":\"EntryPoint\",\"urlTemplate\":\"https:\\\/\\\/sanremoweekend.it\\\/?s={search_term_string}\"},\"query-input\":{\"@type\":\"PropertyValueSpecification\",\"valueRequired\":true,\"valueName\":\"search_term_string\"}}],\"inLanguage\":\"it-IT\"}]}<\/script>\n<!-- \/ Yoast SEO plugin. -->","yoast_head_json":{"title":"Rally di Sanremo | SANREMO WEEKEND","description":"Il Rally di Sanremo \u00e8 uno degli eventi pi\u00f9 popolari della citt\u00e0 dei fiori. Prenota questo pacchetto con soggiorno in hotel","robots":{"index":"index","follow":"follow","max-snippet":"max-snippet:-1","max-image-preview":"max-image-preview:large","max-video-preview":"max-video-preview:-1"},"canonical":"https:\/\/sanremoweekend.it\/events-in-san-remo\/san-remo-rally\/","og_locale":"it_IT","og_type":"article","og_title":"Rally di Sanremo | SANREMO WEEKEND","og_description":"Il Rally di Sanremo \u00e8 uno degli eventi pi\u00f9 popolari della citt\u00e0 dei fiori. Prenota questo pacchetto con soggiorno in hotel","og_url":"https:\/\/sanremoweekend.it\/events-in-san-remo\/san-remo-rally\/","og_site_name":"SANREMO WEEKEND","article_modified_time":"2023-07-15T09:32:31+00:00","og_image":[{"width":1280,"height":800,"url":"https:\/\/sanremoweekend.it\/wp-content\/uploads\/2017\/05\/rallye-di-sanremo.jpg","type":"image\/jpeg"}],"twitter_card":"summary_large_image","twitter_misc":{"Tempo di lettura stimato":"3 minuti"},"schema":{"@context":"https:\/\/schema.org","@graph":[{"@type":"WebPage","@id":"https:\/\/sanremoweekend.it\/events-in-san-remo\/san-remo-rally\/","url":"https:\/\/sanremoweekend.it\/events-in-san-remo\/san-remo-rally\/","name":"Rally di Sanremo | SANREMO WEEKEND","isPartOf":{"@id":"https:\/\/sanremoweekend.it\/#website"},"primaryImageOfPage":{"@id":"https:\/\/sanremoweekend.it\/events-in-san-remo\/san-remo-rally\/#primaryimage"},"image":{"@id":"https:\/\/sanremoweekend.it\/events-in-san-remo\/san-remo-rally\/#primaryimage"},"thumbnailUrl":"https:\/\/sanremoweekend.it\/wp-content\/uploads\/2017\/05\/rallye-di-sanremo.jpg","datePublished":"2015-04-03T08:56:56+00:00","dateModified":"2023-07-15T09:32:31+00:00","description":"Il Rally di Sanremo \u00e8 uno degli eventi pi\u00f9 popolari della citt\u00e0 dei fiori. Prenota questo pacchetto con soggiorno in hotel","breadcrumb":{"@id":"https:\/\/sanremoweekend.it\/events-in-san-remo\/san-remo-rally\/#breadcrumb"},"inLanguage":"it-IT","potentialAction":[{"@type":"ReadAction","target":["https:\/\/sanremoweekend.it\/events-in-san-remo\/san-remo-rally\/"]}]},{"@type":"ImageObject","inLanguage":"it-IT","@id":"https:\/\/sanremoweekend.it\/events-in-san-remo\/san-remo-rally\/#primaryimage","url":"https:\/\/sanremoweekend.it\/wp-content\/uploads\/2017\/05\/rallye-di-sanremo.jpg","contentUrl":"https:\/\/sanremoweekend.it\/wp-content\/uploads\/2017\/05\/rallye-di-sanremo.jpg","width":1280,"height":800,"caption":"Rally di Sanremo"},{"@type":"BreadcrumbList","@id":"https:\/\/sanremoweekend.it\/events-in-san-remo\/san-remo-rally\/#breadcrumb","itemListElement":[{"@type":"ListItem","position":1,"name":"Home","item":"https:\/\/sanremoweekend.it\/it\/"},{"@type":"ListItem","position":2,"name":"Grandi eventi","item":"https:\/\/sanremoweekend.it\/events-in-san-remo\/"},{"@type":"ListItem","position":3,"name":"Rally di Sanremo"}]},{"@type":"WebSite","@id":"https:\/\/sanremoweekend.it\/#website","url":"https:\/\/sanremoweekend.it\/","name":"Sanremo Weekend","description":"OFFERTE E PACCHETTI VACANZA","potentialAction":[{"@type":"SearchAction","target":{"@type":"EntryPoint","urlTemplate":"https:\/\/sanremoweekend.it\/?s={search_term_string}"},"query-input":{"@type":"PropertyValueSpecification","valueRequired":true,"valueName":"search_term_string"}}],"inLanguage":"it-IT"}]}},"_links":{"self":[{"href":"https:\/\/sanremoweekend.it\/it\/wp-json\/wp\/v2\/pages\/1759","targetHints":{"allow":["GET"]}}],"collection":[{"href":"https:\/\/sanremoweekend.it\/it\/wp-json\/wp\/v2\/pages"}],"about":[{"href":"https:\/\/sanremoweekend.it\/it\/wp-json\/wp\/v2\/types\/page"}],"author":[{"embeddable":true,"href":"https:\/\/sanremoweekend.it\/it\/wp-json\/wp\/v2\/users\/3"}],"replies":[{"embeddable":true,"href":"https:\/\/sanremoweekend.it\/it\/wp-json\/wp\/v2\/comments?post=1759"}],"version-history":[{"count":0,"href":"https:\/\/sanremoweekend.it\/it\/wp-json\/wp\/v2\/pages\/1759\/revisions"}],"up":[{"embeddable":true,"href":"https:\/\/sanremoweekend.it\/it\/wp-json\/wp\/v2\/pages\/1738"}],"wp:featuredmedia":[{"embeddable":true,"href":"https:\/\/sanremoweekend.it\/it\/wp-json\/wp\/v2\/media\/8715"}],"wp:attachment":[{"href":"https:\/\/sanremoweekend.it\/it\/wp-json\/wp\/v2\/media?parent=1759"}],"curies":[{"name":"wp","href":"https:\/\/api.w.org\/{rel}","templated":true}]}}