{"id":9549,"date":"2019-06-25T17:49:49","date_gmt":"2019-06-25T15:49:49","guid":{"rendered":"http:\/\/www.sanremoweekend.it\/?page_id=9549"},"modified":"2023-06-23T09:39:03","modified_gmt":"2023-06-23T07:39:03","slug":"canyoning-a-sanremo","status":"publish","type":"page","link":"https:\/\/sanremoweekend.it\/it\/weekend-sportivo-a-sanremo\/canyoning-a-sanremo\/","title":{"rendered":"Canyoning a Sanremo"},"content":{"rendered":"<h2 style=\"text-align: center;\">Canyoning a Sanremo<\/h2>\n<p style=\"text-align: center;\"><strong>Questo pacchetto vi offre la possibilit\u00e0 di praticare canyoning a Sanremo approfittando delle splendide zone rurali e di pernottare in hotel 4 stelle.<br \/>\n<\/strong><\/p>\n<p style=\"text-align: center;\"><a class=\"maxbutton-18 maxbutton maxbutton-prenota prenota-button-class\" target=\"_blank\" rel=\"noopener\" href=\"https:\/\/sanremoweekend.it\/it\/info\/\"><span class='mb-text'>Prenota<\/span><\/a><\/p>\n<div class=\"responsive-tabs\">\n<h2 class=\"tabtitle\">Pacchetto<\/h2>\n<div class=\"tabcontent\">\n\n<p><a href=\"https:\/\/sanremoweekend.it\/wp\/wp-content\/uploads\/2019\/05\/canyoning-descent-1816416_1280-e1557831433504.jpg\"><img loading=\"lazy\" decoding=\"async\" class=\"size-gallery-thumbnail wp-image-8268 aligncenter\" src=\"https:\/\/sanremoweekend.it\/wp-content\/uploads\/2019\/05\/canyoning-descent-1816416_1280-600x400.jpg\" alt=\"canyoning-in-san-remo\" width=\"600\" height=\"400\" srcset=\"https:\/\/sanremoweekend.it\/wp-content\/uploads\/2019\/05\/canyoning-descent-1816416_1280-600x400.jpg 600w, https:\/\/sanremoweekend.it\/wp-content\/uploads\/2019\/05\/canyoning-descent-1816416_1280-1x1.jpg 1w\" sizes=\"(max-width: 600px) 100vw, 600px\" \/><\/a><\/p>\n<p>Se avete voglia di provare nuove sensazioni, questo \u00e8 il pacchetto che fa per voi! Vi proponiamo una delle pi\u00f9 entusiasmanti attivit\u00e0 all&#8217;aperto: il canyoning o torrentismo, un&#8217;avventura a contatto con la natura, potrete discendere gole impervie &#8211; accompagnati da guide.<\/p>\n<p style=\"text-align: justify;\"><span style=\"font-weight: 400;\">Gole scoscese, offrono meravigliosi scenari, fra laghetti di acqua cristallina e cascate che arricchiranno il tour di emozioni.<br \/>\n<\/span><\/p>\n<p>L&#8217;attivit\u00e0 di canyoning, di cui si pu\u00f2 scegliere il livello di difficolt\u00e0, \u00e8 consigliata sia per famiglie che per scalatori esperti. Non \u00e8 uno sport estremo ma poich\u00e8 il percorso \u00e8 ostacolato da cascate o da torrenti (da cui il nome Torrentismo) richiede una certa preparazione tecnica e dovr\u00e0 esser praticato sotto la guida di un esperto del territorio e di questo sport.<\/p>\n<p><strong>Aree in cui poter praticare Canyoning<\/strong><\/p>\n<ul>\n<li style=\"font-weight: 400;\"><span style=\"font-weight: 400;\">Torrente Fanchetto<\/span><\/li>\n<li style=\"font-weight: 400;\"><span style=\"font-weight: 400;\">Rio Grognardo <\/span><\/li>\n<li style=\"font-weight: 400;\"><span style=\"font-weight: 400;\">Torrente Argentina<\/span><\/li>\n<\/ul>\n\n<\/div><h2 class=\"tabtitle\">Quota di partecipazione<\/h2>\n<div class=\"tabcontent\">\n\n<h3 style=\"text-align: center;\"><strong>PACCHETTO &#8220;CANYONING A SANREMO&#8221;<br \/>\n<\/strong><\/h3>\n<table class=\"aligncenter\" style=\"border-color: #000000; width: 62.9861%; height: 162px;\" border=\"1\" cellpadding=\"5\">\n<tbody>\n<tr style=\"height: 96px;\">\n<td style=\"text-align: right; width: 12.6949%; height: 96px;\"><\/td>\n<td style=\"text-align: right; width: 6.62773%; height: 96px;\"><span style=\"color: #ff0000;\"><b>Bassa Stagione<\/b><\/span><\/td>\n<td style=\"text-align: right; width: 6.0804%;\"><span style=\"color: #ff0000;\"><strong>Media Stagione<\/strong><\/span><\/td>\n<td style=\"text-align: right; width: 5.27068%;\"><span style=\"color: #ff0000;\"><strong>Ponti e festivit\u00e0<br \/>\n<\/strong><\/span><\/td>\n<\/tr>\n<tr>\n<td style=\"text-align: right; width: 12.6949%;\"><span style=\"color: #ff0000;\"><strong>Pacchetto Silver<\/strong><\/span><\/td>\n<td style=\"text-align: right; width: 6.62773%;\"><span style=\"color: #ff0000;\"><strong>\u20ac169.00\u00a0<\/strong><\/span><\/td>\n<td style=\"text-align: right; width: 6.0804%;\"><span style=\"color: #ff0000;\"><strong>\u20ac189.00<\/strong><\/span><\/td>\n<td style=\"text-align: right; width: 5.27068%;\"><span style=\"color: #ff0000;\"><strong>\u20ac229.00\u00a0<\/strong><\/span><\/td>\n<\/tr>\n<\/tbody>\n<\/table>\n<p style=\"text-align: center;\">Quota per persona<\/p>\n<p>La quota comprende:<\/p>\n<ul>\n<li>2 x pernottamenti<\/li>\n<li>2 x colazioni a buffet<\/li>\n<li>1 x cena in hotel con menu di 3 portate<strong><br \/>\n<\/strong><\/li>\n<li><b>1 x Esperienza Canyoning, 1\/2 giornata<br \/>\n<\/b><\/li>\n<li>assistenza da parte della nostra agenzia<\/li>\n<li>il parcheggio privato, secondo disponibilit\u00e0<\/li>\n<li>servizio navetta gratuito dall\u2019hotel verso il centro storico (dalle 9:00 alle 18:00)<\/li>\n<li><b>Carta Membro Sanremo-On <\/b>che offre sconti riservati in negozi di abbigliamnto e accessori selezionati e presso ristoranti e bar eleganti<\/li>\n<\/ul>\n<p>La quota non comprende:<\/p>\n<ul>\n<li>biglietti di viaggio<\/li>\n<li>la tassa di soggiorno, che sar\u00e0 da corrispondersi in loco<\/li>\n<li>le mance e gli extra di carattere personale<\/li>\n<li>tutto ci\u00f2 che non \u00e8 indicato ne \u201cla quota comprende\u201d<\/li>\n<\/ul>\n<p>Sistemazione<\/p>\n<ul>\n<li>Il <strong>pacchetto Silver <\/strong>include la sistemazione in una <strong>camera doppia<\/strong> classica presso il NYALA Suite Hotel di Sanremo<\/li>\n<\/ul>\n<p>Validit\u00e0 dell\u2019offerta<\/p>\n<ul>\n<li>l\u2019offerta \u00e8 valida tutto l\u2019anno, con l\u2019esclusione dei periodi di altissima affluenza<\/li>\n<\/ul>\n<p>&nbsp;<\/p>\n\n<\/div><h2 class=\"tabtitle\">Politica di prenotazione<\/h2>\n<div class=\"tabcontent\">\n\n<p><strong>Politica di prenotazione<\/strong><\/p>\n<p>La commercializzazione dei pacchetti \u201cSanremo Weekend\u201d \u00e8 gestita dall\u2019agenzia di viaggi Nyala Wonder Travel.<\/p>\n<ul>\n<li>Costi di segreteria e gestione pratica: 5% sull\u2019ammontare del pacchetto confermato<\/li>\n<li>Pagamento: al momento della conferma della prenotazione con carta di credito o bonifico bancario<\/li>\n<li>Penali di cancellazione: intero rimborso dell\u2019importo del pacchetto per cancellazioni effettuate 61 giorni prima della data di arrivo prevista, 50% di penale per cancellazioni effettuate entro i 31 giorni prima della data di arrivo prevista, 100% per cancellazioni effettuate nei 30 giorni precedenti la data di arrivo prevista.<\/li>\n<li>Costi di modifica della prenotazione: nessun costo fino a 31 giorni prima della data di arrivo prevista, 100% per modifiche effettuate nei 30 giorni precedenti la data di arrivo prevista.<\/li>\n<li>Costi di trasferimento del contratto a terzi (Art. 38 Codice Turismo): nessun costo fino a 31 giorni prima della data di arrivo prevista, 20% dell\u2019importo del pacchetto per cessioni effettuate nei 30 giorni precedenti la data di arrivo prevista.<\/li>\n<li>I costi di segreteria e gestione pratica non sono mai rimborsabili in caso di modifica o cancellazione<\/li>\n<\/ul>\n<\/div><\/div>\n","protected":false},"excerpt":{"rendered":"<p>Questo pacchetto vi offre la possibilit\u00e0 di praticare canyoning nelle spendide zone rurali di Sanremo e di pernottare in hotel 4 stelle.<\/p>\n","protected":false},"author":3,"featured_media":9566,"parent":303,"menu_order":2,"comment_status":"closed","ping_status":"closed","template":"content-page-template.php","meta":{"_acf_changed":false,"_et_pb_use_builder":"","_et_pb_old_content":"","_et_gb_content_width":"","footnotes":""},"class_list":["post-9549","page","type-page","status-publish","has-post-thumbnail","hentry"],"acf":[],"yoast_head":"<!-- This site is optimized with the Yoast SEO plugin v27.4 - https:\/\/yoast.com\/product\/yoast-seo-wordpress\/ -->\n<title>Canyoning a Sanremo | OFFERTE E PACCHETTI VACANZA<\/title>\n<meta name=\"description\" content=\"Questo pacchetto vi offre la possibilit\u00e0 di praticare canyoning nelle spendide zone rurali di Sanremo e di pernottare in hotel 4 stelle.\" \/>\n<meta name=\"robots\" content=\"index, follow, max-snippet:-1, max-image-preview:large, max-video-preview:-1\" \/>\n<link rel=\"canonical\" href=\"https:\/\/sanremoweekend.it\/sports-weekend-in-san-remo\/canyoning-in-san-remo\/\" \/>\n<meta property=\"og:locale\" content=\"it_IT\" \/>\n<meta property=\"og:type\" content=\"article\" \/>\n<meta property=\"og:title\" content=\"Canyoning a Sanremo | OFFERTE E PACCHETTI VACANZA\" \/>\n<meta property=\"og:description\" content=\"Questo pacchetto vi offre la possibilit\u00e0 di praticare canyoning nelle spendide zone rurali di Sanremo e di pernottare in hotel 4 stelle.\" \/>\n<meta property=\"og:url\" content=\"https:\/\/sanremoweekend.it\/sports-weekend-in-san-remo\/canyoning-in-san-remo\/\" \/>\n<meta property=\"og:site_name\" content=\"SANREMO WEEKEND\" \/>\n<meta property=\"article:modified_time\" content=\"2023-06-23T07:39:03+00:00\" \/>\n<meta property=\"og:image\" content=\"https:\/\/sanremoweekend.it\/wp-content\/uploads\/2019\/06\/canyoning-descent-1816416_1280-e1557831433504.jpg\" \/>\n\t<meta property=\"og:image:width\" content=\"960\" \/>\n\t<meta property=\"og:image:height\" content=\"755\" \/>\n\t<meta property=\"og:image:type\" content=\"image\/jpeg\" \/>\n<meta name=\"twitter:card\" content=\"summary_large_image\" \/>\n<meta name=\"twitter:label1\" content=\"Tempo di lettura stimato\" \/>\n\t<meta name=\"twitter:data1\" content=\"3 minuti\" \/>\n<script type=\"application\/ld+json\" class=\"yoast-schema-graph\">{\"@context\":\"https:\\\/\\\/schema.org\",\"@graph\":[{\"@type\":\"WebPage\",\"@id\":\"https:\\\/\\\/sanremoweekend.it\\\/sports-weekend-in-san-remo\\\/canyoning-in-san-remo\\\/\",\"url\":\"https:\\\/\\\/sanremoweekend.it\\\/sports-weekend-in-san-remo\\\/canyoning-in-san-remo\\\/\",\"name\":\"Canyoning a Sanremo | OFFERTE E PACCHETTI VACANZA\",\"isPartOf\":{\"@id\":\"https:\\\/\\\/sanremoweekend.it\\\/#website\"},\"primaryImageOfPage\":{\"@id\":\"https:\\\/\\\/sanremoweekend.it\\\/sports-weekend-in-san-remo\\\/canyoning-in-san-remo\\\/#primaryimage\"},\"image\":{\"@id\":\"https:\\\/\\\/sanremoweekend.it\\\/sports-weekend-in-san-remo\\\/canyoning-in-san-remo\\\/#primaryimage\"},\"thumbnailUrl\":\"https:\\\/\\\/sanremoweekend.it\\\/wp-content\\\/uploads\\\/2019\\\/06\\\/canyoning-descent-1816416_1280-e1557831433504.jpg\",\"datePublished\":\"2019-06-25T15:49:49+00:00\",\"dateModified\":\"2023-06-23T07:39:03+00:00\",\"description\":\"Questo pacchetto vi offre la possibilit\u00e0 di praticare canyoning nelle spendide zone rurali di Sanremo e di pernottare in hotel 4 stelle.\",\"breadcrumb\":{\"@id\":\"https:\\\/\\\/sanremoweekend.it\\\/sports-weekend-in-san-remo\\\/canyoning-in-san-remo\\\/#breadcrumb\"},\"inLanguage\":\"it-IT\",\"potentialAction\":[{\"@type\":\"ReadAction\",\"target\":[\"https:\\\/\\\/sanremoweekend.it\\\/sports-weekend-in-san-remo\\\/canyoning-in-san-remo\\\/\"]}]},{\"@type\":\"ImageObject\",\"inLanguage\":\"it-IT\",\"@id\":\"https:\\\/\\\/sanremoweekend.it\\\/sports-weekend-in-san-remo\\\/canyoning-in-san-remo\\\/#primaryimage\",\"url\":\"https:\\\/\\\/sanremoweekend.it\\\/wp-content\\\/uploads\\\/2019\\\/06\\\/canyoning-descent-1816416_1280-e1557831433504.jpg\",\"contentUrl\":\"https:\\\/\\\/sanremoweekend.it\\\/wp-content\\\/uploads\\\/2019\\\/06\\\/canyoning-descent-1816416_1280-e1557831433504.jpg\",\"width\":960,\"height\":755},{\"@type\":\"BreadcrumbList\",\"@id\":\"https:\\\/\\\/sanremoweekend.it\\\/sports-weekend-in-san-remo\\\/canyoning-in-san-remo\\\/#breadcrumb\",\"itemListElement\":[{\"@type\":\"ListItem\",\"position\":1,\"name\":\"Home\",\"item\":\"https:\\\/\\\/sanremoweekend.it\\\/it\\\/\"},{\"@type\":\"ListItem\",\"position\":2,\"name\":\"Weekend sportivo a Sanremo\",\"item\":\"https:\\\/\\\/sanremoweekend.it\\\/sports-weekend-in-san-remo\\\/\"},{\"@type\":\"ListItem\",\"position\":3,\"name\":\"Canyoning a Sanremo\"}]},{\"@type\":\"WebSite\",\"@id\":\"https:\\\/\\\/sanremoweekend.it\\\/#website\",\"url\":\"https:\\\/\\\/sanremoweekend.it\\\/\",\"name\":\"Sanremo Weekend\",\"description\":\"OFFERTE E PACCHETTI VACANZA\",\"potentialAction\":[{\"@type\":\"SearchAction\",\"target\":{\"@type\":\"EntryPoint\",\"urlTemplate\":\"https:\\\/\\\/sanremoweekend.it\\\/?s={search_term_string}\"},\"query-input\":{\"@type\":\"PropertyValueSpecification\",\"valueRequired\":true,\"valueName\":\"search_term_string\"}}],\"inLanguage\":\"it-IT\"}]}<\/script>\n<!-- \/ Yoast SEO plugin. -->","yoast_head_json":{"title":"Canyoning a Sanremo | OFFERTE E PACCHETTI VACANZA","description":"Questo pacchetto vi offre la possibilit\u00e0 di praticare canyoning nelle spendide zone rurali di Sanremo e di pernottare in hotel 4 stelle.","robots":{"index":"index","follow":"follow","max-snippet":"max-snippet:-1","max-image-preview":"max-image-preview:large","max-video-preview":"max-video-preview:-1"},"canonical":"https:\/\/sanremoweekend.it\/sports-weekend-in-san-remo\/canyoning-in-san-remo\/","og_locale":"it_IT","og_type":"article","og_title":"Canyoning a Sanremo | OFFERTE E PACCHETTI VACANZA","og_description":"Questo pacchetto vi offre la possibilit\u00e0 di praticare canyoning nelle spendide zone rurali di Sanremo e di pernottare in hotel 4 stelle.","og_url":"https:\/\/sanremoweekend.it\/sports-weekend-in-san-remo\/canyoning-in-san-remo\/","og_site_name":"SANREMO WEEKEND","article_modified_time":"2023-06-23T07:39:03+00:00","og_image":[{"width":960,"height":755,"url":"https:\/\/sanremoweekend.it\/wp-content\/uploads\/2019\/06\/canyoning-descent-1816416_1280-e1557831433504.jpg","type":"image\/jpeg"}],"twitter_card":"summary_large_image","twitter_misc":{"Tempo di lettura stimato":"3 minuti"},"schema":{"@context":"https:\/\/schema.org","@graph":[{"@type":"WebPage","@id":"https:\/\/sanremoweekend.it\/sports-weekend-in-san-remo\/canyoning-in-san-remo\/","url":"https:\/\/sanremoweekend.it\/sports-weekend-in-san-remo\/canyoning-in-san-remo\/","name":"Canyoning a Sanremo | OFFERTE E PACCHETTI VACANZA","isPartOf":{"@id":"https:\/\/sanremoweekend.it\/#website"},"primaryImageOfPage":{"@id":"https:\/\/sanremoweekend.it\/sports-weekend-in-san-remo\/canyoning-in-san-remo\/#primaryimage"},"image":{"@id":"https:\/\/sanremoweekend.it\/sports-weekend-in-san-remo\/canyoning-in-san-remo\/#primaryimage"},"thumbnailUrl":"https:\/\/sanremoweekend.it\/wp-content\/uploads\/2019\/06\/canyoning-descent-1816416_1280-e1557831433504.jpg","datePublished":"2019-06-25T15:49:49+00:00","dateModified":"2023-06-23T07:39:03+00:00","description":"Questo pacchetto vi offre la possibilit\u00e0 di praticare canyoning nelle spendide zone rurali di Sanremo e di pernottare in hotel 4 stelle.","breadcrumb":{"@id":"https:\/\/sanremoweekend.it\/sports-weekend-in-san-remo\/canyoning-in-san-remo\/#breadcrumb"},"inLanguage":"it-IT","potentialAction":[{"@type":"ReadAction","target":["https:\/\/sanremoweekend.it\/sports-weekend-in-san-remo\/canyoning-in-san-remo\/"]}]},{"@type":"ImageObject","inLanguage":"it-IT","@id":"https:\/\/sanremoweekend.it\/sports-weekend-in-san-remo\/canyoning-in-san-remo\/#primaryimage","url":"https:\/\/sanremoweekend.it\/wp-content\/uploads\/2019\/06\/canyoning-descent-1816416_1280-e1557831433504.jpg","contentUrl":"https:\/\/sanremoweekend.it\/wp-content\/uploads\/2019\/06\/canyoning-descent-1816416_1280-e1557831433504.jpg","width":960,"height":755},{"@type":"BreadcrumbList","@id":"https:\/\/sanremoweekend.it\/sports-weekend-in-san-remo\/canyoning-in-san-remo\/#breadcrumb","itemListElement":[{"@type":"ListItem","position":1,"name":"Home","item":"https:\/\/sanremoweekend.it\/it\/"},{"@type":"ListItem","position":2,"name":"Weekend sportivo a Sanremo","item":"https:\/\/sanremoweekend.it\/sports-weekend-in-san-remo\/"},{"@type":"ListItem","position":3,"name":"Canyoning a Sanremo"}]},{"@type":"WebSite","@id":"https:\/\/sanremoweekend.it\/#website","url":"https:\/\/sanremoweekend.it\/","name":"Sanremo Weekend","description":"OFFERTE E PACCHETTI VACANZA","potentialAction":[{"@type":"SearchAction","target":{"@type":"EntryPoint","urlTemplate":"https:\/\/sanremoweekend.it\/?s={search_term_string}"},"query-input":{"@type":"PropertyValueSpecification","valueRequired":true,"valueName":"search_term_string"}}],"inLanguage":"it-IT"}]}},"_links":{"self":[{"href":"https:\/\/sanremoweekend.it\/it\/wp-json\/wp\/v2\/pages\/9549","targetHints":{"allow":["GET"]}}],"collection":[{"href":"https:\/\/sanremoweekend.it\/it\/wp-json\/wp\/v2\/pages"}],"about":[{"href":"https:\/\/sanremoweekend.it\/it\/wp-json\/wp\/v2\/types\/page"}],"author":[{"embeddable":true,"href":"https:\/\/sanremoweekend.it\/it\/wp-json\/wp\/v2\/users\/3"}],"replies":[{"embeddable":true,"href":"https:\/\/sanremoweekend.it\/it\/wp-json\/wp\/v2\/comments?post=9549"}],"version-history":[{"count":0,"href":"https:\/\/sanremoweekend.it\/it\/wp-json\/wp\/v2\/pages\/9549\/revisions"}],"up":[{"embeddable":true,"href":"https:\/\/sanremoweekend.it\/it\/wp-json\/wp\/v2\/pages\/303"}],"wp:featuredmedia":[{"embeddable":true,"href":"https:\/\/sanremoweekend.it\/it\/wp-json\/wp\/v2\/media\/9566"}],"wp:attachment":[{"href":"https:\/\/sanremoweekend.it\/it\/wp-json\/wp\/v2\/media?parent=9549"}],"curies":[{"name":"wp","href":"https:\/\/api.w.org\/{rel}","templated":true}]}}