{"id":9558,"date":"2019-06-25T19:00:40","date_gmt":"2019-06-25T17:00:40","guid":{"rendered":"http:\/\/www.sanremoweekend.it\/?page_id=9558"},"modified":"2021-02-12T19:24:28","modified_gmt":"2021-02-12T18:24:28","slug":"hiking-a-sanremo","status":"publish","type":"page","link":"https:\/\/sanremoweekend.it\/it\/weekend-sportivo-a-sanremo\/hiking-a-sanremo\/","title":{"rendered":"Hiking a Sanremo"},"content":{"rendered":"<h2 style=\"text-align: center;\">Hiking a Sanremo<\/h2>\n<p style=\"text-align: center;\"><strong>Questo pacchetto include un&#8217;escursione hiking a Sanremo e soggiorno in hotel 4 stelle.<\/strong><\/p>\n<p style=\"text-align: center;\"><a class=\"maxbutton-18 maxbutton maxbutton-prenota prenota-button-class\" target=\"_blank\" rel=\"noopener\" href=\"https:\/\/sanremoweekend.it\/it\/info\/\"><span class='mb-text'>Prenota<\/span><\/a><\/p>\n<div class=\"responsive-tabs\">\n<h2 class=\"tabtitle\">Pacchetto<\/h2>\n<div class=\"tabcontent\">\n\n<p><a href=\"http:\/\/www.sanremoweekend.it\/wp\/wp-content\/uploads\/2015\/04\/limonepiemonteestate.jpg\"><img loading=\"lazy\" decoding=\"async\" class=\"size-full wp-image-8644 aligncenter\" src=\"http:\/\/www.sanremoweekend.it\/wp\/wp-content\/uploads\/2015\/04\/limonepiemonteestate.jpg\" alt=\"hiking-in-san-remo\" width=\"525\" height=\"350\" srcset=\"https:\/\/sanremoweekend.it\/wp-content\/uploads\/2015\/04\/limonepiemonteestate.jpg 525w, https:\/\/sanremoweekend.it\/wp-content\/uploads\/2015\/04\/limonepiemonteestate-300x200.jpg 300w, https:\/\/sanremoweekend.it\/wp-content\/uploads\/2015\/04\/limonepiemonteestate-2x1.jpg 2w\" sizes=\"(max-width: 525px) 100vw, 525px\" \/><\/a><\/p>\n<p>Le spiagge di Sanremo e il centro citt\u00e0 sono le tappe pi\u00f9 frequentemente visitate dai turisti. Che per\u00f2 si perdono gran parte degli scenari naturali offerti dalle montagne e dall&#8217;entroterra.<\/p>\n<p>Grazie all&#8217;escursione guidata di Hiking inclusa nel pacchetto, potrete esplorare il meraviglioso paesaggio ligure. Vi aspettano meravigliose zone rurali ricche di sentieri ed itinerari che vi permetteranno di apprezzare le bellezze naturali di questa regione.<\/p>\n<p>Potrete stare in hotel 4 stelle situato in una posizione panoramica con meraviglioso panorama sul Mar Mediterraneo ed esplorare le zone rurali di Sanremo e della Liguria. Le escursioni di Hiking sono una fantastica occasione per stare a contatto con la natura!<\/p>\n<p>Le <strong>Alpi Marittime<\/strong> circonando la Citt\u00e0 dei Fiori con il loro meraviglioso scenario naturale, e possono essere facilmente raggiunte in auto o in bus.<\/p>\n<p>Nel raggio di 30 Km \u00e8 possibile praticare vari tipi di escursioni:<\/p>\n<ul>\n<li>Deltaplano e parapendio<\/li>\n<li>Trail e Enduro<\/li>\n<li>Mountain Bike<\/li>\n<li>Trekking \u2013 Hiking \u2013 Nordic Walking (camminata nordica)<\/li>\n<li>Orienteering (orientamento)<\/li>\n<\/ul>\n<p>Le valli e le montagne dell&#8217;entroterra offrono percorsi spettacolari adatti agli amanti del trekking, del ciclismo e delle passeggiate a cavallo.<\/p>\n<p>Ci sono itinerari di vari livelli di difficolt\u00e0: da sentieri tipicamente turistici, a percorsi pi\u00f9 avventurosi.<\/p>\n<p>Non esitate a consultare la nostra guida.<\/p>\n<p>&nbsp;<\/p>\n\n<\/div><h2 class=\"tabtitle\">Quota di partecipazione<\/h2>\n<div class=\"tabcontent\">\n\n<h3 style=\"text-align: center;\"><strong> PACCHETTO &#8220;HIKING A SANREMO&#8221;<\/strong><\/h3>\n<p>&nbsp;<\/p>\n<table class=\"aligncenter\" style=\"border-color: #000000; width: 62.9135%; height: 227px;\" border=\"1\" cellpadding=\"5\">\n<tbody>\n<tr style=\"height: 96px;\">\n<td style=\"text-align: right; width: 12.6949%; height: 96px;\"><\/td>\n<td style=\"text-align: right; width: 6.62773%; height: 96px;\"><span style=\"color: #ff0000;\"><b>Bassa Stagione<\/b><\/span><\/td>\n<td style=\"text-align: right; width: 6.0804%;\"><span style=\"color: #ff0000;\"><strong>Media Stagione<\/strong><\/span><\/td>\n<td style=\"text-align: right; width: 5.27068%;\"><span style=\"color: #ff0000;\"><strong>Ponti e festivit\u00e0<br \/>\n<\/strong><\/span><\/td>\n<\/tr>\n<tr style=\"height: 48px;\">\n<td style=\"text-align: right; width: 12.6949%; height: 48px;\"><span style=\"color: #ff0000;\"><strong>Pacchetto Silver: Hiking 1\/2 giornata<br \/>\n<\/strong><\/span><\/td>\n<td style=\"text-align: right; width: 6.62773%; height: 48px;\"><span style=\"color: #ff0000;\"><strong>\u20ac139.00<\/strong><\/span><\/td>\n<td style=\"text-align: right; width: 6.0804%; height: 48px;\"><span style=\"color: #ff0000;\"><strong>\u20ac159.00 <\/strong><\/span><\/td>\n<td style=\"text-align: right; width: 5.27068%;\"><span style=\"color: #ff0000;\"><strong>\u20ac199.00 <\/strong><\/span><\/td>\n<\/tr>\n<tr style=\"height: 48px;\">\n<td style=\"text-align: right; width: 12.6949%; height: 48px;\"><span style=\"color: #ff0000;\"><strong>Pacchetto Silver: Hiking intera giornata<br \/>\n<\/strong><\/span><\/td>\n<td style=\"text-align: right; width: 6.62773%; height: 48px;\"><span style=\"color: #ff0000;\"><strong>\u20ac149.00<\/strong><\/span><\/td>\n<td style=\"text-align: right; width: 6.0804%; height: 48px;\"><span style=\"color: #ff0000;\"><strong>\u20ac169.00 <\/strong><\/span><\/td>\n<td style=\"text-align: right; width: 5.27068%;\"><span style=\"color: #ff0000;\"><strong>\u20ac209.00 <\/strong><\/span><\/td>\n<\/tr>\n<tr style=\"height: 48px;\">\n<td style=\"text-align: right; width: 12.6949%; height: 48px;\"><span style=\"color: #ff0000;\"><strong>Pacchetto Silver: Hiking in notturna<br \/>\n<\/strong><\/span><\/td>\n<td style=\"text-align: right; width: 6.62773%; height: 48px;\"><span style=\"color: #ff0000;\"><strong>\u20ac159.00<\/strong><\/span><\/td>\n<td style=\"text-align: right; width: 6.0804%; height: 48px;\"><span style=\"color: #ff0000;\"><strong>\u20ac179.00 <\/strong><\/span><\/td>\n<td style=\"text-align: right; width: 5.27068%;\"><span style=\"color: #ff0000;\"><strong>\u20ac219.00 <\/strong><\/span><\/td>\n<\/tr>\n<\/tbody>\n<\/table>\n<p style=\"text-align: center;\">La quota si intende per persona<\/p>\n<p>La quota comprende:<\/p>\n<ul>\n<li>2 x <strong>pernottamenti<\/strong><\/li>\n<li>2 x<strong> colazioni a buffet<\/strong><\/li>\n<li>1 x cena in hotel con menu di 3 portate<\/li>\n<li><strong><strong>1 x &#8220;Escursione Hiking&#8221;<br \/>\n<\/strong><\/strong><\/li>\n<li>assistenza da parte della nostra agenzia<\/li>\n<li>il parcheggio privato, secondo disponibilit\u00e0<\/li>\n<li>servizio navetta gratuito dall\u2019hotel verso il centro storico (dalle 9:00 alle 18:00)<\/li>\n<li><b>Carta Membro Sanremo-On <\/b>che offre sconti riservati in negozi di abbigliamnto e accessori selezionati e presso ristoranti e bar eleganti<\/li>\n<\/ul>\n<p>La quota non comprende:<\/p>\n<ul>\n<li>biglietti di viaggio<\/li>\n<li>la tassa di soggiorno, che sar\u00e0 da corrispondersi in loco<\/li>\n<li>le mance e gli extra di carattere personale<\/li>\n<li>tutto ci\u00f2 che non \u00e8 indicato ne \u201cla quota comprende\u201d<\/li>\n<\/ul>\n<p>Sistemazione<\/p>\n<ul>\n<li>Il <strong>pacchetto Silver <\/strong>include la sistemazione in una <strong>camera doppia<\/strong> classica presso il NYALA Suite Hotel di Sanremo<\/li>\n<\/ul>\n<p>Validit\u00e0 dell\u2019offerta<\/p>\n<ul>\n<li>l\u2019offerta \u00e8 valida tutto l\u2019anno, con l\u2019esclusione dei periodi di altissima affluenza<\/li>\n<\/ul>\n\n<\/div><h2 class=\"tabtitle\">Politica di prenotazione<\/h2>\n<div class=\"tabcontent\">\n\n<p><strong>Politica di prenotazione<\/strong><\/p>\n<p>La commercializzazione dei pacchetti \u201cSanremo Weekend\u201d \u00e8 gestita dall\u2019agenzia di viaggi Nyala Wonder Travel.<\/p>\n<ul>\n<li>Costi di segreteria e gestione pratica: 5% sull\u2019ammontare del pacchetto confermato<\/li>\n<li>Pagamento: al momento della conferma della prenotazione con carta di credito o bonifico bancario<\/li>\n<li>Penali di cancellazione: intero rimborso dell\u2019importo del pacchetto per cancellazioni effettuate 61 giorni prima della data di arrivo prevista, 50% di penale per cancellazioni effettuate entro i 31 giorni prima della data di arrivo prevista, 100% per cancellazioni effettuate nei 30 giorni precedenti la data di arrivo prevista.<\/li>\n<li>Costi di modifica della prenotazione: nessun costo fino a 31 giorni prima della data di arrivo prevista, 100% per modifiche effettuate nei 30 giorni precedenti la data di arrivo prevista.<\/li>\n<li>Costi di trasferimento del contratto a terzi (Art. 38 Codice Turismo): nessun costo fino a 31 giorni prima della data di arrivo prevista, 20% dell\u2019importo del pacchetto per cessioni effettuate nei 30 giorni precedenti la data di arrivo prevista.<\/li>\n<li>I costi di segreteria e gestione pratica non sono mai rimborsabili in caso di modifica o cancellazione<\/li>\n<\/ul>\n<\/div><\/div>\n","protected":false},"excerpt":{"rendered":"<p>Le valli e le montagne dell&#8217;entroterra offrono percorsi spettacolari adatti agli amanti del trekking, del ciclismo e delle passeggiate a cavallo. Prenotate questo pacchetto, valutando varie escursioni come Hiking e molto altro<\/p>\n","protected":false},"author":3,"featured_media":8285,"parent":303,"menu_order":0,"comment_status":"closed","ping_status":"closed","template":"content-page-template.php","meta":{"_acf_changed":false,"_et_pb_use_builder":"","_et_pb_old_content":"","_et_gb_content_width":"","footnotes":""},"class_list":["post-9558","page","type-page","status-publish","has-post-thumbnail","hentry"],"acf":[],"yoast_head":"<!-- This site is optimized with the Yoast SEO plugin v27.4 - https:\/\/yoast.com\/product\/yoast-seo-wordpress\/ -->\n<title>Hiking a Sanremo | OFFERTE E PACCHETTI VACANZA<\/title>\n<meta name=\"description\" content=\"Hiking a Sanremo, una opportunit\u00e0 per esplorare le Alpi Marittime, itinerari e scenari naturali liguri. Il pacchetto include hotel 4 stelle\" \/>\n<meta name=\"robots\" content=\"index, follow, max-snippet:-1, max-image-preview:large, max-video-preview:-1\" \/>\n<link rel=\"canonical\" href=\"https:\/\/sanremoweekend.it\/sports-weekend-in-san-remo\/hiking-in-san-remo\/\" \/>\n<meta property=\"og:locale\" content=\"it_IT\" \/>\n<meta property=\"og:type\" content=\"article\" \/>\n<meta property=\"og:title\" content=\"Hiking a Sanremo | OFFERTE E PACCHETTI VACANZA\" \/>\n<meta property=\"og:description\" content=\"Hiking a Sanremo, una opportunit\u00e0 per esplorare le Alpi Marittime, itinerari e scenari naturali liguri. Il pacchetto include hotel 4 stelle\" \/>\n<meta property=\"og:url\" content=\"https:\/\/sanremoweekend.it\/sports-weekend-in-san-remo\/hiking-in-san-remo\/\" \/>\n<meta property=\"og:site_name\" content=\"SANREMO WEEKEND\" \/>\n<meta property=\"article:modified_time\" content=\"2021-02-12T18:24:28+00:00\" \/>\n<meta property=\"og:image\" content=\"https:\/\/sanremoweekend.it\/wp-content\/uploads\/2019\/05\/hiker-918473_1280.jpg\" \/>\n\t<meta property=\"og:image:width\" content=\"1280\" \/>\n\t<meta property=\"og:image:height\" content=\"891\" \/>\n\t<meta property=\"og:image:type\" content=\"image\/jpeg\" \/>\n<meta name=\"twitter:card\" content=\"summary_large_image\" \/>\n<meta name=\"twitter:label1\" content=\"Tempo di lettura stimato\" \/>\n\t<meta name=\"twitter:data1\" content=\"3 minuti\" \/>\n<script type=\"application\/ld+json\" class=\"yoast-schema-graph\">{\"@context\":\"https:\\\/\\\/schema.org\",\"@graph\":[{\"@type\":\"WebPage\",\"@id\":\"https:\\\/\\\/sanremoweekend.it\\\/sports-weekend-in-san-remo\\\/hiking-in-san-remo\\\/\",\"url\":\"https:\\\/\\\/sanremoweekend.it\\\/sports-weekend-in-san-remo\\\/hiking-in-san-remo\\\/\",\"name\":\"Hiking a Sanremo | OFFERTE E PACCHETTI VACANZA\",\"isPartOf\":{\"@id\":\"https:\\\/\\\/sanremoweekend.it\\\/#website\"},\"primaryImageOfPage\":{\"@id\":\"https:\\\/\\\/sanremoweekend.it\\\/sports-weekend-in-san-remo\\\/hiking-in-san-remo\\\/#primaryimage\"},\"image\":{\"@id\":\"https:\\\/\\\/sanremoweekend.it\\\/sports-weekend-in-san-remo\\\/hiking-in-san-remo\\\/#primaryimage\"},\"thumbnailUrl\":\"https:\\\/\\\/sanremoweekend.it\\\/wp-content\\\/uploads\\\/2019\\\/05\\\/hiker-918473_1280.jpg\",\"datePublished\":\"2019-06-25T17:00:40+00:00\",\"dateModified\":\"2021-02-12T18:24:28+00:00\",\"description\":\"Hiking a Sanremo, una opportunit\u00e0 per esplorare le Alpi Marittime, itinerari e scenari naturali liguri. Il pacchetto include hotel 4 stelle\",\"breadcrumb\":{\"@id\":\"https:\\\/\\\/sanremoweekend.it\\\/sports-weekend-in-san-remo\\\/hiking-in-san-remo\\\/#breadcrumb\"},\"inLanguage\":\"it-IT\",\"potentialAction\":[{\"@type\":\"ReadAction\",\"target\":[\"https:\\\/\\\/sanremoweekend.it\\\/sports-weekend-in-san-remo\\\/hiking-in-san-remo\\\/\"]}]},{\"@type\":\"ImageObject\",\"inLanguage\":\"it-IT\",\"@id\":\"https:\\\/\\\/sanremoweekend.it\\\/sports-weekend-in-san-remo\\\/hiking-in-san-remo\\\/#primaryimage\",\"url\":\"https:\\\/\\\/sanremoweekend.it\\\/wp-content\\\/uploads\\\/2019\\\/05\\\/hiker-918473_1280.jpg\",\"contentUrl\":\"https:\\\/\\\/sanremoweekend.it\\\/wp-content\\\/uploads\\\/2019\\\/05\\\/hiker-918473_1280.jpg\",\"width\":1280,\"height\":891,\"caption\":\"Trekking-in-san-remo\"},{\"@type\":\"BreadcrumbList\",\"@id\":\"https:\\\/\\\/sanremoweekend.it\\\/sports-weekend-in-san-remo\\\/hiking-in-san-remo\\\/#breadcrumb\",\"itemListElement\":[{\"@type\":\"ListItem\",\"position\":1,\"name\":\"Home\",\"item\":\"https:\\\/\\\/sanremoweekend.it\\\/it\\\/\"},{\"@type\":\"ListItem\",\"position\":2,\"name\":\"Weekend sportivo a Sanremo\",\"item\":\"https:\\\/\\\/sanremoweekend.it\\\/sports-weekend-in-san-remo\\\/\"},{\"@type\":\"ListItem\",\"position\":3,\"name\":\"Hiking a Sanremo\"}]},{\"@type\":\"WebSite\",\"@id\":\"https:\\\/\\\/sanremoweekend.it\\\/#website\",\"url\":\"https:\\\/\\\/sanremoweekend.it\\\/\",\"name\":\"Sanremo Weekend\",\"description\":\"OFFERTE E PACCHETTI VACANZA\",\"potentialAction\":[{\"@type\":\"SearchAction\",\"target\":{\"@type\":\"EntryPoint\",\"urlTemplate\":\"https:\\\/\\\/sanremoweekend.it\\\/?s={search_term_string}\"},\"query-input\":{\"@type\":\"PropertyValueSpecification\",\"valueRequired\":true,\"valueName\":\"search_term_string\"}}],\"inLanguage\":\"it-IT\"}]}<\/script>\n<!-- \/ Yoast SEO plugin. -->","yoast_head_json":{"title":"Hiking a Sanremo | OFFERTE E PACCHETTI VACANZA","description":"Hiking a Sanremo, una opportunit\u00e0 per esplorare le Alpi Marittime, itinerari e scenari naturali liguri. Il pacchetto include hotel 4 stelle","robots":{"index":"index","follow":"follow","max-snippet":"max-snippet:-1","max-image-preview":"max-image-preview:large","max-video-preview":"max-video-preview:-1"},"canonical":"https:\/\/sanremoweekend.it\/sports-weekend-in-san-remo\/hiking-in-san-remo\/","og_locale":"it_IT","og_type":"article","og_title":"Hiking a Sanremo | OFFERTE E PACCHETTI VACANZA","og_description":"Hiking a Sanremo, una opportunit\u00e0 per esplorare le Alpi Marittime, itinerari e scenari naturali liguri. Il pacchetto include hotel 4 stelle","og_url":"https:\/\/sanremoweekend.it\/sports-weekend-in-san-remo\/hiking-in-san-remo\/","og_site_name":"SANREMO WEEKEND","article_modified_time":"2021-02-12T18:24:28+00:00","og_image":[{"width":1280,"height":891,"url":"https:\/\/sanremoweekend.it\/wp-content\/uploads\/2019\/05\/hiker-918473_1280.jpg","type":"image\/jpeg"}],"twitter_card":"summary_large_image","twitter_misc":{"Tempo di lettura stimato":"3 minuti"},"schema":{"@context":"https:\/\/schema.org","@graph":[{"@type":"WebPage","@id":"https:\/\/sanremoweekend.it\/sports-weekend-in-san-remo\/hiking-in-san-remo\/","url":"https:\/\/sanremoweekend.it\/sports-weekend-in-san-remo\/hiking-in-san-remo\/","name":"Hiking a Sanremo | OFFERTE E PACCHETTI VACANZA","isPartOf":{"@id":"https:\/\/sanremoweekend.it\/#website"},"primaryImageOfPage":{"@id":"https:\/\/sanremoweekend.it\/sports-weekend-in-san-remo\/hiking-in-san-remo\/#primaryimage"},"image":{"@id":"https:\/\/sanremoweekend.it\/sports-weekend-in-san-remo\/hiking-in-san-remo\/#primaryimage"},"thumbnailUrl":"https:\/\/sanremoweekend.it\/wp-content\/uploads\/2019\/05\/hiker-918473_1280.jpg","datePublished":"2019-06-25T17:00:40+00:00","dateModified":"2021-02-12T18:24:28+00:00","description":"Hiking a Sanremo, una opportunit\u00e0 per esplorare le Alpi Marittime, itinerari e scenari naturali liguri. Il pacchetto include hotel 4 stelle","breadcrumb":{"@id":"https:\/\/sanremoweekend.it\/sports-weekend-in-san-remo\/hiking-in-san-remo\/#breadcrumb"},"inLanguage":"it-IT","potentialAction":[{"@type":"ReadAction","target":["https:\/\/sanremoweekend.it\/sports-weekend-in-san-remo\/hiking-in-san-remo\/"]}]},{"@type":"ImageObject","inLanguage":"it-IT","@id":"https:\/\/sanremoweekend.it\/sports-weekend-in-san-remo\/hiking-in-san-remo\/#primaryimage","url":"https:\/\/sanremoweekend.it\/wp-content\/uploads\/2019\/05\/hiker-918473_1280.jpg","contentUrl":"https:\/\/sanremoweekend.it\/wp-content\/uploads\/2019\/05\/hiker-918473_1280.jpg","width":1280,"height":891,"caption":"Trekking-in-san-remo"},{"@type":"BreadcrumbList","@id":"https:\/\/sanremoweekend.it\/sports-weekend-in-san-remo\/hiking-in-san-remo\/#breadcrumb","itemListElement":[{"@type":"ListItem","position":1,"name":"Home","item":"https:\/\/sanremoweekend.it\/it\/"},{"@type":"ListItem","position":2,"name":"Weekend sportivo a Sanremo","item":"https:\/\/sanremoweekend.it\/sports-weekend-in-san-remo\/"},{"@type":"ListItem","position":3,"name":"Hiking a Sanremo"}]},{"@type":"WebSite","@id":"https:\/\/sanremoweekend.it\/#website","url":"https:\/\/sanremoweekend.it\/","name":"Sanremo Weekend","description":"OFFERTE E PACCHETTI VACANZA","potentialAction":[{"@type":"SearchAction","target":{"@type":"EntryPoint","urlTemplate":"https:\/\/sanremoweekend.it\/?s={search_term_string}"},"query-input":{"@type":"PropertyValueSpecification","valueRequired":true,"valueName":"search_term_string"}}],"inLanguage":"it-IT"}]}},"_links":{"self":[{"href":"https:\/\/sanremoweekend.it\/it\/wp-json\/wp\/v2\/pages\/9558","targetHints":{"allow":["GET"]}}],"collection":[{"href":"https:\/\/sanremoweekend.it\/it\/wp-json\/wp\/v2\/pages"}],"about":[{"href":"https:\/\/sanremoweekend.it\/it\/wp-json\/wp\/v2\/types\/page"}],"author":[{"embeddable":true,"href":"https:\/\/sanremoweekend.it\/it\/wp-json\/wp\/v2\/users\/3"}],"replies":[{"embeddable":true,"href":"https:\/\/sanremoweekend.it\/it\/wp-json\/wp\/v2\/comments?post=9558"}],"version-history":[{"count":0,"href":"https:\/\/sanremoweekend.it\/it\/wp-json\/wp\/v2\/pages\/9558\/revisions"}],"up":[{"embeddable":true,"href":"https:\/\/sanremoweekend.it\/it\/wp-json\/wp\/v2\/pages\/303"}],"wp:featuredmedia":[{"embeddable":true,"href":"https:\/\/sanremoweekend.it\/it\/wp-json\/wp\/v2\/media\/8285"}],"wp:attachment":[{"href":"https:\/\/sanremoweekend.it\/it\/wp-json\/wp\/v2\/media?parent=9558"}],"curies":[{"name":"wp","href":"https:\/\/api.w.org\/{rel}","templated":true}]}}