{"id":9602,"date":"2019-06-27T18:53:10","date_gmt":"2019-06-27T16:53:10","guid":{"rendered":"http:\/\/www.sanremoweekend.it\/?page_id=9602"},"modified":"2026-02-03T15:57:17","modified_gmt":"2026-02-03T14:57:17","slug":"festa-dei-limoni-di-mentone-costa-azzurra","status":"publish","type":"page","link":"https:\/\/sanremoweekend.it\/it\/grandi-eventi\/festa-dei-limoni-di-mentone-costa-azzurra\/","title":{"rendered":"Festa dei Limoni di Mentone &#8211; Costa Azzurra"},"content":{"rendered":"<h2 style=\"text-align: center;\">Festa dei Limoni di Mentone [11 Febbraio \u2013 1 Marzo 2026]<\/h2>\n<p style=\"text-align: center; font-size: 18px;\">Prenota il tuo soggiorno a Sanremo in occasione della Festa dei Limoni di Mentone, uno degli eventi pi\u00f9 belli del Carnevale in Costa Azzurra.<\/p>\n<p style=\"text-align: center;\"><a class=\"maxbutton-18 maxbutton maxbutton-prenota prenota-button-class\" target=\"_blank\" rel=\"noopener\" href=\"https:\/\/sanremoweekend.it\/it\/info\/\"><span class='mb-text'>Prenota<\/span><\/a><\/p>\n<div class=\"responsive-tabs\">\n<h2 class=\"tabtitle\">Pacchetto<\/h2>\n<div class=\"tabcontent\">\n\n\n\t\t<style type=\"text\/css\">\n\t\t\t#gallery-1 {\n\t\t\t\tmargin: auto;\n\t\t\t}\n\t\t\t#gallery-1 .gallery-item {\n\t\t\t\tfloat: left;\n\t\t\t\tmargin-top: 10px;\n\t\t\t\ttext-align: center;\n\t\t\t\twidth: 33%;\n\t\t\t}\n\t\t\t#gallery-1 img {\n\t\t\t\tborder: 2px solid #cfcfcf;\n\t\t\t}\n\t\t\t#gallery-1 .gallery-caption {\n\t\t\t\tmargin-left: 0;\n\t\t\t}\n\t\t\t\/* see gallery_shortcode() in wp-includes\/media.php *\/\n\t\t<\/style>\n\t\t<div id='gallery-1' class='gallery galleryid-9602 gallery-columns-3 gallery-size-thumbnail'><dl class='gallery-item'>\n\t\t\t<dt class='gallery-icon landscape'>\n\t\t\t\t<a title=\"menton fete du citron france cote dazur carnaval carnival carnevale costa azzurra (1)\" href='https:\/\/sanremoweekend.it\/wp-content\/uploads\/2020\/01\/menton-fete-du-citron-france-cote-dazur-carnaval-carnival-carnevale-costa-azzurra-1.jpg'><img loading=\"lazy\" decoding=\"async\" width=\"150\" height=\"150\" src=\"https:\/\/sanremoweekend.it\/wp-content\/uploads\/2020\/01\/menton-fete-du-citron-france-cote-dazur-carnaval-carnival-carnevale-costa-azzurra-1-150x150.jpg\" class=\"attachment-thumbnail size-thumbnail\" alt=\"\" srcset=\"https:\/\/sanremoweekend.it\/wp-content\/uploads\/2020\/01\/menton-fete-du-citron-france-cote-dazur-carnaval-carnival-carnevale-costa-azzurra-1-150x150.jpg 150w, https:\/\/sanremoweekend.it\/wp-content\/uploads\/2020\/01\/menton-fete-du-citron-france-cote-dazur-carnaval-carnival-carnevale-costa-azzurra-1-300x300.jpg 300w, https:\/\/sanremoweekend.it\/wp-content\/uploads\/2020\/01\/menton-fete-du-citron-france-cote-dazur-carnaval-carnival-carnevale-costa-azzurra-1-2x1.jpg 2w\" sizes=\"(max-width: 150px) 100vw, 150px\" \/><\/a>\n\t\t\t<\/dt><\/dl><dl class='gallery-item'>\n\t\t\t<dt class='gallery-icon landscape'>\n\t\t\t\t<a title=\"menton fete du citron france cote dazur carnaval carnival carnevale costa azzurra (2)\" href='https:\/\/sanremoweekend.it\/wp-content\/uploads\/2020\/01\/menton-fete-du-citron-france-cote-dazur-carnaval-carnival-carnevale-costa-azzurra-2.jpg'><img loading=\"lazy\" decoding=\"async\" width=\"150\" height=\"150\" src=\"https:\/\/sanremoweekend.it\/wp-content\/uploads\/2020\/01\/menton-fete-du-citron-france-cote-dazur-carnaval-carnival-carnevale-costa-azzurra-2-150x150.jpg\" class=\"attachment-thumbnail size-thumbnail\" alt=\"\" srcset=\"https:\/\/sanremoweekend.it\/wp-content\/uploads\/2020\/01\/menton-fete-du-citron-france-cote-dazur-carnaval-carnival-carnevale-costa-azzurra-2-150x150.jpg 150w, https:\/\/sanremoweekend.it\/wp-content\/uploads\/2020\/01\/menton-fete-du-citron-france-cote-dazur-carnaval-carnival-carnevale-costa-azzurra-2-300x300.jpg 300w, https:\/\/sanremoweekend.it\/wp-content\/uploads\/2020\/01\/menton-fete-du-citron-france-cote-dazur-carnaval-carnival-carnevale-costa-azzurra-2-480x480.jpg 480w, https:\/\/sanremoweekend.it\/wp-content\/uploads\/2020\/01\/menton-fete-du-citron-france-cote-dazur-carnaval-carnival-carnevale-costa-azzurra-2-1x1.jpg 1w, https:\/\/sanremoweekend.it\/wp-content\/uploads\/2020\/01\/menton-fete-du-citron-france-cote-dazur-carnaval-carnival-carnevale-costa-azzurra-2.jpg 600w\" sizes=\"(max-width: 150px) 100vw, 150px\" \/><\/a>\n\t\t\t<\/dt><\/dl><dl class='gallery-item'>\n\t\t\t<dt class='gallery-icon landscape'>\n\t\t\t\t<a title=\"menton fete du citron france cote dazur carnaval carnival carnevale costa azzurra (3)\" href='https:\/\/sanremoweekend.it\/wp-content\/uploads\/2020\/01\/menton-fete-du-citron-france-cote-dazur-carnaval-carnival-carnevale-costa-azzurra-3.jpg'><img loading=\"lazy\" decoding=\"async\" width=\"150\" height=\"150\" src=\"https:\/\/sanremoweekend.it\/wp-content\/uploads\/2020\/01\/menton-fete-du-citron-france-cote-dazur-carnaval-carnival-carnevale-costa-azzurra-3-150x150.jpg\" class=\"attachment-thumbnail size-thumbnail\" alt=\"\" srcset=\"https:\/\/sanremoweekend.it\/wp-content\/uploads\/2020\/01\/menton-fete-du-citron-france-cote-dazur-carnaval-carnival-carnevale-costa-azzurra-3-150x150.jpg 150w, https:\/\/sanremoweekend.it\/wp-content\/uploads\/2020\/01\/menton-fete-du-citron-france-cote-dazur-carnaval-carnival-carnevale-costa-azzurra-3-300x300.jpg 300w, https:\/\/sanremoweekend.it\/wp-content\/uploads\/2020\/01\/menton-fete-du-citron-france-cote-dazur-carnaval-carnival-carnevale-costa-azzurra-3-480x480.jpg 480w, https:\/\/sanremoweekend.it\/wp-content\/uploads\/2020\/01\/menton-fete-du-citron-france-cote-dazur-carnaval-carnival-carnevale-costa-azzurra-3-1x1.jpg 1w, https:\/\/sanremoweekend.it\/wp-content\/uploads\/2020\/01\/menton-fete-du-citron-france-cote-dazur-carnaval-carnival-carnevale-costa-azzurra-3.jpg 600w\" sizes=\"(max-width: 150px) 100vw, 150px\" \/><\/a>\n\t\t\t<\/dt><\/dl><br style=\"clear: both\" \/><dl class='gallery-item'>\n\t\t\t<dt class='gallery-icon landscape'>\n\t\t\t\t<a title=\"menton fete du citron france cote dazur carnaval carnival carnevale costa azzurra (4)\" href='https:\/\/sanremoweekend.it\/wp-content\/uploads\/2020\/01\/menton-fete-du-citron-france-cote-dazur-carnaval-carnival-carnevale-costa-azzurra-4.jpg'><img loading=\"lazy\" decoding=\"async\" width=\"150\" height=\"150\" src=\"https:\/\/sanremoweekend.it\/wp-content\/uploads\/2020\/01\/menton-fete-du-citron-france-cote-dazur-carnaval-carnival-carnevale-costa-azzurra-4-150x150.jpg\" class=\"attachment-thumbnail size-thumbnail\" alt=\"\" srcset=\"https:\/\/sanremoweekend.it\/wp-content\/uploads\/2020\/01\/menton-fete-du-citron-france-cote-dazur-carnaval-carnival-carnevale-costa-azzurra-4-150x150.jpg 150w, https:\/\/sanremoweekend.it\/wp-content\/uploads\/2020\/01\/menton-fete-du-citron-france-cote-dazur-carnaval-carnival-carnevale-costa-azzurra-4-300x300.jpg 300w, https:\/\/sanremoweekend.it\/wp-content\/uploads\/2020\/01\/menton-fete-du-citron-france-cote-dazur-carnaval-carnival-carnevale-costa-azzurra-4-480x480.jpg 480w, https:\/\/sanremoweekend.it\/wp-content\/uploads\/2020\/01\/menton-fete-du-citron-france-cote-dazur-carnaval-carnival-carnevale-costa-azzurra-4-1x1.jpg 1w, https:\/\/sanremoweekend.it\/wp-content\/uploads\/2020\/01\/menton-fete-du-citron-france-cote-dazur-carnaval-carnival-carnevale-costa-azzurra-4.jpg 600w\" sizes=\"(max-width: 150px) 100vw, 150px\" \/><\/a>\n\t\t\t<\/dt><\/dl><dl class='gallery-item'>\n\t\t\t<dt class='gallery-icon landscape'>\n\t\t\t\t<a title=\"menton fete du citron france cote dazur carnaval carnival carnevale costa azzurra (5)\" href='https:\/\/sanremoweekend.it\/wp-content\/uploads\/2020\/01\/menton-fete-du-citron-france-cote-dazur-carnaval-carnival-carnevale-costa-azzurra-5.jpg'><img loading=\"lazy\" decoding=\"async\" width=\"150\" height=\"150\" src=\"https:\/\/sanremoweekend.it\/wp-content\/uploads\/2020\/01\/menton-fete-du-citron-france-cote-dazur-carnaval-carnival-carnevale-costa-azzurra-5-150x150.jpg\" class=\"attachment-thumbnail size-thumbnail\" alt=\"\" srcset=\"https:\/\/sanremoweekend.it\/wp-content\/uploads\/2020\/01\/menton-fete-du-citron-france-cote-dazur-carnaval-carnival-carnevale-costa-azzurra-5-150x150.jpg 150w, https:\/\/sanremoweekend.it\/wp-content\/uploads\/2020\/01\/menton-fete-du-citron-france-cote-dazur-carnaval-carnival-carnevale-costa-azzurra-5-300x300.jpg 300w, https:\/\/sanremoweekend.it\/wp-content\/uploads\/2020\/01\/menton-fete-du-citron-france-cote-dazur-carnaval-carnival-carnevale-costa-azzurra-5-480x480.jpg 480w, https:\/\/sanremoweekend.it\/wp-content\/uploads\/2020\/01\/menton-fete-du-citron-france-cote-dazur-carnaval-carnival-carnevale-costa-azzurra-5-1x1.jpg 1w, https:\/\/sanremoweekend.it\/wp-content\/uploads\/2020\/01\/menton-fete-du-citron-france-cote-dazur-carnaval-carnival-carnevale-costa-azzurra-5.jpg 600w\" sizes=\"(max-width: 150px) 100vw, 150px\" \/><\/a>\n\t\t\t<\/dt><\/dl><dl class='gallery-item'>\n\t\t\t<dt class='gallery-icon landscape'>\n\t\t\t\t<a title=\"menton fete du citron france cote dazur carnaval carnival carnevale costa azzurra (6)\" href='https:\/\/sanremoweekend.it\/wp-content\/uploads\/2020\/01\/menton-fete-du-citron-france-cote-dazur-carnaval-carnival-carnevale-costa-azzurra-6.jpg'><img loading=\"lazy\" decoding=\"async\" width=\"150\" height=\"150\" src=\"https:\/\/sanremoweekend.it\/wp-content\/uploads\/2020\/01\/menton-fete-du-citron-france-cote-dazur-carnaval-carnival-carnevale-costa-azzurra-6-150x150.jpg\" class=\"attachment-thumbnail size-thumbnail\" alt=\"\" srcset=\"https:\/\/sanremoweekend.it\/wp-content\/uploads\/2020\/01\/menton-fete-du-citron-france-cote-dazur-carnaval-carnival-carnevale-costa-azzurra-6-150x150.jpg 150w, https:\/\/sanremoweekend.it\/wp-content\/uploads\/2020\/01\/menton-fete-du-citron-france-cote-dazur-carnaval-carnival-carnevale-costa-azzurra-6-300x300.jpg 300w, https:\/\/sanremoweekend.it\/wp-content\/uploads\/2020\/01\/menton-fete-du-citron-france-cote-dazur-carnaval-carnival-carnevale-costa-azzurra-6-2x1.jpg 2w\" sizes=\"(max-width: 150px) 100vw, 150px\" \/><\/a>\n\t\t\t<\/dt><\/dl><br style=\"clear: both\" \/>\n\t\t<\/div>\n\n<p>Photo Credits: CRT C\u00f4te d&#8217;Azur France\/ Georges VERAN<\/p>\n<p align=\"justify\">Uno degli eventi pi\u00f9 coinvolgenti del Carnevale della Costa Azzurra \u00e8 la Festa dei Limoni, nella cittadina di Mentone, facilmente raggiungibile da Sanremo. L&#8217;intera citt\u00e0 \u00e8 in festa, la sera illuminata in modo spettacolare, e la sfilata dei carri decorati da tonnellate di agrumi attirano l&#8217;attenzione di tutti.<\/p>\n<p align=\"justify\">Il weekend ideale consiste proprio nel programmare la vostra gita a Mentone (Menton in francese), godere dei festeggiamenti del carnevale della Costa Azzurra, e tornare alla quiete del nostro albergo che offre tutti i comfort per trascorrere un soggiorno rilassante.<\/p>\n<p align=\"justify\">Sono venti i giorni di festa ogni anno a febbraio (talvolta a cavallo tra febbraio e marzo) che intrattengono oltre 200.000 visitatori.<\/p>\n\n<\/div><h2 class=\"tabtitle\">Quota di partecipazione<\/h2>\n<div class=\"tabcontent\">\n\n<h3 style=\"text-align: center;\"><strong>PACCHETTO\u00a0 &#8220;FESTA DEI LIMONI DI MENTONE&#8221;<br \/>\n<\/strong><\/h3>\n<table class=\"aligncenter\" style=\"border-color: #000000; width: 62.9135%; height: 227px;\" border=\"1\" cellpadding=\"5\">\n<tbody>\n<tr style=\"height: 96px;\">\n<td style=\"text-align: right; width: 12.6949%; height: 96px;\"><\/td>\n<td style=\"text-align: right; width: 6.62773%; height: 96px;\"><span style=\"color: #ff0000;\"><b>Bassa Stagione<\/b><\/span><\/td>\n<td style=\"text-align: right; width: 6.0804%;\"><span style=\"color: #ff0000;\"><strong>Media Stagione<\/strong><\/span><\/td>\n<td style=\"text-align: right; width: 5.27068%;\"><span style=\"color: #ff0000;\"><strong>Ponti e Festivit\u00e0<br \/>\n<\/strong><\/span><\/td>\n<\/tr>\n<tr>\n<td style=\"text-align: right; width: 12.6949%;\"><span style=\"color: #ff0000;\"><strong>Pacchetto Silver<br \/>\n<\/strong><\/span><\/td>\n<td style=\"text-align: right; width: 6.62773%;\"><span style=\"color: #ff0000;\"><strong>&#8212;<\/strong><\/span><\/td>\n<td style=\"text-align: right; width: 6.0804%;\"><span style=\"color: #ff0000;\"><strong>&#8212;\u00a0<\/strong><\/span><\/td>\n<td style=\"text-align: right; width: 5.27068%;\"><span style=\"color: #ff0000;\"><strong>\u20ac 195.00\u00a0<\/strong><\/span><\/td>\n<\/tr>\n<tr style=\"height: 48px;\">\n<td style=\"text-align: right; width: 12.6949%; height: 48px;\"><span style=\"color: #ff0000;\"><strong>Pacchetto Gold<br \/>\n<\/strong><\/span><\/td>\n<td style=\"text-align: right; width: 6.62773%; height: 48px;\"><span style=\"color: #ff0000;\"><strong>&#8212;<\/strong><\/span><\/td>\n<td style=\"text-align: right; width: 6.0804%; height: 48px;\"><span style=\"color: #ff0000;\"><strong>&#8212;<\/strong><\/span><\/td>\n<td style=\"text-align: right; width: 5.27068%;\"><span style=\"color: #ff0000;\"><strong>\u20ac 239.00<\/strong><\/span><\/td>\n<\/tr>\n<\/tbody>\n<\/table>\n<p style=\"text-align: center;\">Price per person<\/p>\n<p>La quota si intende per persona<\/p>\n<p>La quota comprende:<\/p>\n<ul>\n<li>2 x <strong>pernottamenti<\/strong><\/li>\n<li>2 x <strong>prime colazioni a buffet<\/strong><\/li>\n<li>1 x cena in hotel, con un menu di 3 portate<\/li>\n<li><strong>1 x biglietto per la Festa dei Limoni di Mentone.<\/strong><\/li>\n<li>assistenza da parte della nostra agenzia<\/li>\n<li>il parcheggio privato, secondo disponibilit\u00e0<\/li>\n<li>servizio navetta gratuito dall\u2019hotel verso il centro storico (dalle 9:00 alle 18:00)<\/li>\n<li><b>Carta Membro Sanremo-On <\/b>che offre sconti riservati in negozi di abbigliamnto e accessori selezionati e presso ristoranti e bar eleganti<\/li>\n<\/ul>\n<p>La quota non comprende:<\/p>\n<ul>\n<li>biglietti di viaggio<\/li>\n<li>la tassa di soggiorno, che sar\u00e0 da corrispondersi in loco<\/li>\n<li>le mance e gli extra di carattere personale<\/li>\n<li>tutto ci\u00f2 che non \u00e8 indicato ne &#8220;la quota comprende&#8221;<\/li>\n<\/ul>\n<p>Sistemazione<\/p>\n<ul>\n<li>Il <strong>pacchetto Silver <\/strong>include la sistemazione in una <strong>camera doppia<\/strong> classica presso il NYALA Suite Hotel di Sanremo<\/li>\n<li>Il <strong>pacchetto Gold <\/strong>include la sistemazione in una<strong> junior suite<\/strong> presso il NYALA Suite Hotel di Sanremo<\/li>\n<\/ul>\n<p>Validit\u00e0 dell&#8217;offerta<\/p>\n<ul>\n<li>l&#8217;offerta \u00e8 valida tutto l&#8217;anno, con l&#8217;esclusione dei periodi di altissima affluenza<\/li>\n<\/ul>\n\n<\/div><h2 class=\"tabtitle\">Politica di prenotazione<\/h2>\n<div class=\"tabcontent\">\n\n<p>La commercializzazione dei pacchetti \u201cSanremo Weekend\u201d \u00e8 gestita dall\u2019agenzia di viaggi Nyala Wonder Travel.<\/p>\n<ul>\n<li>Costi di segreteria e gestione pratica: 5% sull\u2019ammontare del pacchetto confermato<\/li>\n<li>Pagamento: al momento della conferma della prenotazione con carta di credito o bonifico bancario<\/li>\n<li>Penali di cancellazione: intero rimborso dell\u2019importo del pacchetto per cancellazioni effettuate 61 giorni prima della data di arrivo prevista, 50% di penale per cancellazioni effettuate entro i 31 giorni prima della data di arrivo prevista, 100% per cancellazioni effettuate nei 30 giorni precedenti la data di arrivo prevista.<\/li>\n<li>Costi di modifica della prenotazione: nessun costo fino a 31 giorni prima della data di arrivo prevista, 100% per modifiche effettuate nei 30 giorni precedenti la data di arrivo prevista.<\/li>\n<li>Costi di trasferimento del contratto a terzi (Art. 38 Codice Turismo): nessun costo fino a 31 giorni prima della data di arrivo prevista, 20% dell\u2019importo del pacchetto per cessioni effettuate nei 30 giorni precedenti la data di arrivo prevista.<\/li>\n<li>I costi di segreteria e gestione pratica non sono mai rimborsabili in caso di modifica o cancellazione<\/li>\n<\/ul>\n<\/div><\/div>\n<p>&nbsp;<\/p>\n","protected":false},"excerpt":{"rendered":"<p>Uno degli eventi pi\u00f9 coinvolgenti del Carnevale della Costa Azzurra \u00e8 la Festa dei Limoni, nella cittadina di Mentone, facilmente raggiungibile da Sanremo<\/p>\n","protected":false},"author":3,"featured_media":9616,"parent":1738,"menu_order":0,"comment_status":"closed","ping_status":"closed","template":"content-page-template.php","meta":{"_acf_changed":false,"_et_pb_use_builder":"","_et_pb_old_content":"","_et_gb_content_width":"","footnotes":""},"class_list":["post-9602","page","type-page","status-publish","has-post-thumbnail","hentry"],"acf":[],"yoast_head":"<!-- This site is optimized with the Yoast SEO plugin v27.4 - https:\/\/yoast.com\/product\/yoast-seo-wordpress\/ -->\n<title>Festa dei Limoni di Mentone - Costa Azzurra | SANREMO WEEKEND<\/title>\n<meta name=\"description\" content=\"Prenota un soggiorno a Sanremo, in occasione della vicina Festa dei Limoni a Mentone, uno degli eventi pi\u00f9 coinvolgenti del Carnevale in Costa Azzurra\" \/>\n<meta name=\"robots\" content=\"index, follow, max-snippet:-1, max-image-preview:large, max-video-preview:-1\" \/>\n<link rel=\"canonical\" href=\"https:\/\/sanremoweekend.it\/it\/grandi-eventi\/festa-dei-limoni-di-mentone-costa-azzurra\/\" \/>\n<meta property=\"og:locale\" content=\"it_IT\" \/>\n<meta property=\"og:type\" content=\"article\" \/>\n<meta property=\"og:title\" content=\"Festa dei Limoni di Mentone - Costa Azzurra | SANREMO WEEKEND\" \/>\n<meta property=\"og:description\" content=\"Prenota un soggiorno a Sanremo, in occasione della vicina Festa dei Limoni a Mentone, uno degli eventi pi\u00f9 coinvolgenti del Carnevale in Costa Azzurra\" \/>\n<meta property=\"og:url\" content=\"https:\/\/sanremoweekend.it\/it\/grandi-eventi\/festa-dei-limoni-di-mentone-costa-azzurra\/\" \/>\n<meta property=\"og:site_name\" content=\"SANREMO WEEKEND\" \/>\n<meta property=\"article:modified_time\" content=\"2026-02-03T14:57:17+00:00\" \/>\n<meta property=\"og:image\" content=\"https:\/\/sanremoweekend.it\/wp-content\/uploads\/2019\/06\/festa-dei-limoni-di-mentone-carnevale-costa-azzurra-1024x729.jpg\" \/>\n\t<meta property=\"og:image:width\" content=\"1024\" \/>\n\t<meta property=\"og:image:height\" content=\"729\" \/>\n\t<meta property=\"og:image:type\" content=\"image\/jpeg\" \/>\n<meta name=\"twitter:card\" content=\"summary_large_image\" \/>\n<meta name=\"twitter:label1\" content=\"Tempo di lettura stimato\" \/>\n\t<meta name=\"twitter:data1\" content=\"3 minuti\" \/>\n<script type=\"application\/ld+json\" class=\"yoast-schema-graph\">{\"@context\":\"https:\\\/\\\/schema.org\",\"@graph\":[{\"@type\":\"WebPage\",\"@id\":\"https:\\\/\\\/sanremoweekend.it\\\/it\\\/grandi-eventi\\\/festa-dei-limoni-di-mentone-costa-azzurra\\\/\",\"url\":\"https:\\\/\\\/sanremoweekend.it\\\/it\\\/grandi-eventi\\\/festa-dei-limoni-di-mentone-costa-azzurra\\\/\",\"name\":\"Festa dei Limoni di Mentone - Costa Azzurra | SANREMO WEEKEND\",\"isPartOf\":{\"@id\":\"https:\\\/\\\/sanremoweekend.it\\\/#website\"},\"primaryImageOfPage\":{\"@id\":\"https:\\\/\\\/sanremoweekend.it\\\/it\\\/grandi-eventi\\\/festa-dei-limoni-di-mentone-costa-azzurra\\\/#primaryimage\"},\"image\":{\"@id\":\"https:\\\/\\\/sanremoweekend.it\\\/it\\\/grandi-eventi\\\/festa-dei-limoni-di-mentone-costa-azzurra\\\/#primaryimage\"},\"thumbnailUrl\":\"https:\\\/\\\/sanremoweekend.it\\\/wp-content\\\/uploads\\\/2019\\\/06\\\/festa-dei-limoni-di-mentone-carnevale-costa-azzurra.jpg\",\"datePublished\":\"2019-06-27T16:53:10+00:00\",\"dateModified\":\"2026-02-03T14:57:17+00:00\",\"description\":\"Prenota un soggiorno a Sanremo, in occasione della vicina Festa dei Limoni a Mentone, uno degli eventi pi\u00f9 coinvolgenti del Carnevale in Costa Azzurra\",\"breadcrumb\":{\"@id\":\"https:\\\/\\\/sanremoweekend.it\\\/it\\\/grandi-eventi\\\/festa-dei-limoni-di-mentone-costa-azzurra\\\/#breadcrumb\"},\"inLanguage\":\"it-IT\",\"potentialAction\":[{\"@type\":\"ReadAction\",\"target\":[\"https:\\\/\\\/sanremoweekend.it\\\/it\\\/grandi-eventi\\\/festa-dei-limoni-di-mentone-costa-azzurra\\\/\"]}]},{\"@type\":\"ImageObject\",\"inLanguage\":\"it-IT\",\"@id\":\"https:\\\/\\\/sanremoweekend.it\\\/it\\\/grandi-eventi\\\/festa-dei-limoni-di-mentone-costa-azzurra\\\/#primaryimage\",\"url\":\"https:\\\/\\\/sanremoweekend.it\\\/wp-content\\\/uploads\\\/2019\\\/06\\\/festa-dei-limoni-di-mentone-carnevale-costa-azzurra.jpg\",\"contentUrl\":\"https:\\\/\\\/sanremoweekend.it\\\/wp-content\\\/uploads\\\/2019\\\/06\\\/festa-dei-limoni-di-mentone-carnevale-costa-azzurra.jpg\",\"width\":3476,\"height\":2474},{\"@type\":\"BreadcrumbList\",\"@id\":\"https:\\\/\\\/sanremoweekend.it\\\/it\\\/grandi-eventi\\\/festa-dei-limoni-di-mentone-costa-azzurra\\\/#breadcrumb\",\"itemListElement\":[{\"@type\":\"ListItem\",\"position\":1,\"name\":\"Home\",\"item\":\"https:\\\/\\\/sanremoweekend.it\\\/it\\\/\"},{\"@type\":\"ListItem\",\"position\":2,\"name\":\"Grandi eventi\",\"item\":\"https:\\\/\\\/sanremoweekend.it\\\/events-in-san-remo\\\/\"},{\"@type\":\"ListItem\",\"position\":3,\"name\":\"Festa dei Limoni di Mentone &#8211; Costa Azzurra\"}]},{\"@type\":\"WebSite\",\"@id\":\"https:\\\/\\\/sanremoweekend.it\\\/#website\",\"url\":\"https:\\\/\\\/sanremoweekend.it\\\/\",\"name\":\"Sanremo Weekend\",\"description\":\"OFFERTE E PACCHETTI VACANZA\",\"potentialAction\":[{\"@type\":\"SearchAction\",\"target\":{\"@type\":\"EntryPoint\",\"urlTemplate\":\"https:\\\/\\\/sanremoweekend.it\\\/?s={search_term_string}\"},\"query-input\":{\"@type\":\"PropertyValueSpecification\",\"valueRequired\":true,\"valueName\":\"search_term_string\"}}],\"inLanguage\":\"it-IT\"}]}<\/script>\n<!-- \/ Yoast SEO plugin. -->","yoast_head_json":{"title":"Festa dei Limoni di Mentone - Costa Azzurra | SANREMO WEEKEND","description":"Prenota un soggiorno a Sanremo, in occasione della vicina Festa dei Limoni a Mentone, uno degli eventi pi\u00f9 coinvolgenti del Carnevale in Costa Azzurra","robots":{"index":"index","follow":"follow","max-snippet":"max-snippet:-1","max-image-preview":"max-image-preview:large","max-video-preview":"max-video-preview:-1"},"canonical":"https:\/\/sanremoweekend.it\/it\/grandi-eventi\/festa-dei-limoni-di-mentone-costa-azzurra\/","og_locale":"it_IT","og_type":"article","og_title":"Festa dei Limoni di Mentone - Costa Azzurra | SANREMO WEEKEND","og_description":"Prenota un soggiorno a Sanremo, in occasione della vicina Festa dei Limoni a Mentone, uno degli eventi pi\u00f9 coinvolgenti del Carnevale in Costa Azzurra","og_url":"https:\/\/sanremoweekend.it\/it\/grandi-eventi\/festa-dei-limoni-di-mentone-costa-azzurra\/","og_site_name":"SANREMO WEEKEND","article_modified_time":"2026-02-03T14:57:17+00:00","og_image":[{"width":1024,"height":729,"url":"https:\/\/sanremoweekend.it\/wp-content\/uploads\/2019\/06\/festa-dei-limoni-di-mentone-carnevale-costa-azzurra-1024x729.jpg","type":"image\/jpeg"}],"twitter_card":"summary_large_image","twitter_misc":{"Tempo di lettura stimato":"3 minuti"},"schema":{"@context":"https:\/\/schema.org","@graph":[{"@type":"WebPage","@id":"https:\/\/sanremoweekend.it\/it\/grandi-eventi\/festa-dei-limoni-di-mentone-costa-azzurra\/","url":"https:\/\/sanremoweekend.it\/it\/grandi-eventi\/festa-dei-limoni-di-mentone-costa-azzurra\/","name":"Festa dei Limoni di Mentone - Costa Azzurra | SANREMO WEEKEND","isPartOf":{"@id":"https:\/\/sanremoweekend.it\/#website"},"primaryImageOfPage":{"@id":"https:\/\/sanremoweekend.it\/it\/grandi-eventi\/festa-dei-limoni-di-mentone-costa-azzurra\/#primaryimage"},"image":{"@id":"https:\/\/sanremoweekend.it\/it\/grandi-eventi\/festa-dei-limoni-di-mentone-costa-azzurra\/#primaryimage"},"thumbnailUrl":"https:\/\/sanremoweekend.it\/wp-content\/uploads\/2019\/06\/festa-dei-limoni-di-mentone-carnevale-costa-azzurra.jpg","datePublished":"2019-06-27T16:53:10+00:00","dateModified":"2026-02-03T14:57:17+00:00","description":"Prenota un soggiorno a Sanremo, in occasione della vicina Festa dei Limoni a Mentone, uno degli eventi pi\u00f9 coinvolgenti del Carnevale in Costa Azzurra","breadcrumb":{"@id":"https:\/\/sanremoweekend.it\/it\/grandi-eventi\/festa-dei-limoni-di-mentone-costa-azzurra\/#breadcrumb"},"inLanguage":"it-IT","potentialAction":[{"@type":"ReadAction","target":["https:\/\/sanremoweekend.it\/it\/grandi-eventi\/festa-dei-limoni-di-mentone-costa-azzurra\/"]}]},{"@type":"ImageObject","inLanguage":"it-IT","@id":"https:\/\/sanremoweekend.it\/it\/grandi-eventi\/festa-dei-limoni-di-mentone-costa-azzurra\/#primaryimage","url":"https:\/\/sanremoweekend.it\/wp-content\/uploads\/2019\/06\/festa-dei-limoni-di-mentone-carnevale-costa-azzurra.jpg","contentUrl":"https:\/\/sanremoweekend.it\/wp-content\/uploads\/2019\/06\/festa-dei-limoni-di-mentone-carnevale-costa-azzurra.jpg","width":3476,"height":2474},{"@type":"BreadcrumbList","@id":"https:\/\/sanremoweekend.it\/it\/grandi-eventi\/festa-dei-limoni-di-mentone-costa-azzurra\/#breadcrumb","itemListElement":[{"@type":"ListItem","position":1,"name":"Home","item":"https:\/\/sanremoweekend.it\/it\/"},{"@type":"ListItem","position":2,"name":"Grandi eventi","item":"https:\/\/sanremoweekend.it\/events-in-san-remo\/"},{"@type":"ListItem","position":3,"name":"Festa dei Limoni di Mentone &#8211; Costa Azzurra"}]},{"@type":"WebSite","@id":"https:\/\/sanremoweekend.it\/#website","url":"https:\/\/sanremoweekend.it\/","name":"Sanremo Weekend","description":"OFFERTE E PACCHETTI VACANZA","potentialAction":[{"@type":"SearchAction","target":{"@type":"EntryPoint","urlTemplate":"https:\/\/sanremoweekend.it\/?s={search_term_string}"},"query-input":{"@type":"PropertyValueSpecification","valueRequired":true,"valueName":"search_term_string"}}],"inLanguage":"it-IT"}]}},"_links":{"self":[{"href":"https:\/\/sanremoweekend.it\/it\/wp-json\/wp\/v2\/pages\/9602","targetHints":{"allow":["GET"]}}],"collection":[{"href":"https:\/\/sanremoweekend.it\/it\/wp-json\/wp\/v2\/pages"}],"about":[{"href":"https:\/\/sanremoweekend.it\/it\/wp-json\/wp\/v2\/types\/page"}],"author":[{"embeddable":true,"href":"https:\/\/sanremoweekend.it\/it\/wp-json\/wp\/v2\/users\/3"}],"replies":[{"embeddable":true,"href":"https:\/\/sanremoweekend.it\/it\/wp-json\/wp\/v2\/comments?post=9602"}],"version-history":[{"count":0,"href":"https:\/\/sanremoweekend.it\/it\/wp-json\/wp\/v2\/pages\/9602\/revisions"}],"up":[{"embeddable":true,"href":"https:\/\/sanremoweekend.it\/it\/wp-json\/wp\/v2\/pages\/1738"}],"wp:featuredmedia":[{"embeddable":true,"href":"https:\/\/sanremoweekend.it\/it\/wp-json\/wp\/v2\/media\/9616"}],"wp:attachment":[{"href":"https:\/\/sanremoweekend.it\/it\/wp-json\/wp\/v2\/media?parent=9602"}],"curies":[{"name":"wp","href":"https:\/\/api.w.org\/{rel}","templated":true}]}}